{"id":18163,"date":"2020-04-13T14:52:37","date_gmt":"2020-04-13T12:52:37","guid":{"rendered":"https:\/\/pequod.nesodd1.no\/?page_id=18163"},"modified":"2022-10-28T18:15:09","modified_gmt":"2022-10-28T16:15:09","slug":"drammen-jernbanebrygga","status":"publish","type":"page","link":"https:\/\/pequod.nesodd1.no\/?page_id=18163","title":{"rendered":"Drammen, jernbanebrygga"},"content":{"rendered":"<p><strong>Vurdering (5 anker er best):<\/strong> <a href=\"https:\/\/i0.wp.com\/pequod.nesodd1.no\/wp-content\/uploads\/2019\/10\/klistremerker-anker-og-tau-design.jpg.jpg?ssl=1\"><img data-recalc-dims=\"1\" loading=\"lazy\" decoding=\"async\" data-attachment-id=\"16489\" data-permalink=\"https:\/\/pequod.nesodd1.no\/?attachment_id=16489\" data-orig-file=\"https:\/\/i0.wp.com\/pequod.nesodd1.no\/wp-content\/uploads\/2019\/10\/klistremerker-anker-og-tau-design.jpg.jpg?fit=25%2C25&amp;ssl=1\" data-orig-size=\"25,25\" data-comments-opened=\"1\" data-image-meta=\"{&quot;aperture&quot;:&quot;0&quot;,&quot;credit&quot;:&quot;tribalium81&quot;,&quot;camera&quot;:&quot;&quot;,&quot;caption&quot;:&quot;&quot;,&quot;created_timestamp&quot;:&quot;0&quot;,&quot;copyright&quot;:&quot;tribalium81&quot;,&quot;focal_length&quot;:&quot;0&quot;,&quot;iso&quot;:&quot;0&quot;,&quot;shutter_speed&quot;:&quot;0&quot;,&quot;title&quot;:&quot;anchor and rope design&quot;,&quot;orientation&quot;:&quot;1&quot;}\" data-image-title=\"anchor and rope design\" data-image-description=\"\" data-image-caption=\"\" data-medium-file=\"https:\/\/i0.wp.com\/pequod.nesodd1.no\/wp-content\/uploads\/2019\/10\/klistremerker-anker-og-tau-design.jpg.jpg?fit=25%2C25&amp;ssl=1\" data-large-file=\"https:\/\/i0.wp.com\/pequod.nesodd1.no\/wp-content\/uploads\/2019\/10\/klistremerker-anker-og-tau-design.jpg.jpg?fit=25%2C25&amp;ssl=1\" class=\"alignnone size-full wp-image-16489\" src=\"https:\/\/i0.wp.com\/pequod.nesodd1.no\/wp-content\/uploads\/2019\/10\/klistremerker-anker-og-tau-design.jpg.jpg?resize=25%2C25&#038;ssl=1\" alt=\"\" width=\"25\" height=\"25\"><\/a><br \/>\n<strong>Posisjon:<\/strong> 59\u00b044&#8217;25.2&#8243;N 10\u00b012&#8217;20.8&#8243;E<br \/>\n<b>Antall bes\u00f8k:<\/b> 1 <b>Sist bes\u00f8kt:<\/b> Juni 2019<br \/>\n<b>Fasiliteter:<\/b> Ingen.<br \/>\n<strong>Fort\u00f8yning:<\/strong> Langsides<br \/>\n<b>Tilrettelagt for funksjonshemmede:<\/b> Nei.<br \/>\n<strong>Kommentar:&nbsp;<\/strong>Drammen har vel egentlig ikke noen ordentlig gjestehavn, men det er tilrettelagt for at man kan fort\u00f8ye med b\u00e5t p\u00e5 begge sider av elva. Det er veldig enkelt, ingen str\u00f8m eller vann tilgjengelig &#8211; men s\u00e5 er det gratis ogs\u00e5 da. Usikker p\u00e5 om overnatting egentlig var lov, det var ikke det da jeg var her for f\u00f8rste gang i 2014, men da la jeg meg til en gjestebrygge hos Drammen B\u00e5tforening lenger ut, og det var OK.<\/p>\n<p><img data-recalc-dims=\"1\" loading=\"lazy\" decoding=\"async\" data-attachment-id=\"18164\" data-permalink=\"https:\/\/pequod.nesodd1.no\/?attachment_id=18164\" data-orig-file=\"https:\/\/i0.wp.com\/pequod.nesodd1.no\/wp-content\/uploads\/2020\/04\/IMG-9768.jpg?fit=800%2C600&amp;ssl=1\" data-orig-size=\"800,600\" data-comments-opened=\"1\" data-image-meta=\"{&quot;aperture&quot;:&quot;2.8&quot;,&quot;credit&quot;:&quot;&quot;,&quot;camera&quot;:&quot;iPhone 8 Plus&quot;,&quot;caption&quot;:&quot;&quot;,&quot;created_timestamp&quot;:&quot;1561832058&quot;,&quot;copyright&quot;:&quot;&quot;,&quot;focal_length&quot;:&quot;6.6&quot;,&quot;iso&quot;:&quot;20&quot;,&quot;shutter_speed&quot;:&quot;0.002&quot;,&quot;title&quot;:&quot;&quot;,&quot;orientation&quot;:&quot;1&quot;}\" data-image-title=\"IMG-9768\" data-image-description=\"&lt;p&gt;Drammen, jernbanebrygga&lt;\/p&gt;\n\" data-image-caption=\"\" data-medium-file=\"https:\/\/i0.wp.com\/pequod.nesodd1.no\/wp-content\/uploads\/2020\/04\/IMG-9768.jpg?fit=300%2C225&amp;ssl=1\" data-large-file=\"https:\/\/i0.wp.com\/pequod.nesodd1.no\/wp-content\/uploads\/2020\/04\/IMG-9768.jpg?fit=800%2C600&amp;ssl=1\" class=\"alignleft size-medium wp-image-18164\" src=\"https:\/\/i0.wp.com\/pequod.nesodd1.no\/wp-content\/uploads\/2020\/04\/IMG-9768.jpg?resize=300%2C225&#038;ssl=1\" alt=\"\" width=\"300\" height=\"225\" srcset=\"https:\/\/i0.wp.com\/pequod.nesodd1.no\/wp-content\/uploads\/2020\/04\/IMG-9768.jpg?resize=300%2C225&amp;ssl=1 300w, https:\/\/i0.wp.com\/pequod.nesodd1.no\/wp-content\/uploads\/2020\/04\/IMG-9768.jpg?resize=100%2C75&amp;ssl=1 100w, https:\/\/i0.wp.com\/pequod.nesodd1.no\/wp-content\/uploads\/2020\/04\/IMG-9768.jpg?resize=768%2C576&amp;ssl=1 768w, https:\/\/i0.wp.com\/pequod.nesodd1.no\/wp-content\/uploads\/2020\/04\/IMG-9768.jpg?w=800&amp;ssl=1 800w\" sizes=\"auto, (max-width: 300px) 100vw, 300px\" \/><\/p>\n<p>Jernbanebrygga ligger, ikke overraskende, p\u00e5 den siden av elva der jernbanestasjonen ligger. Like ved togene. Du kommer deg inn til sentrum ved \u00e5 g\u00e5 opp trappa opp til brua som g\u00e5r over Bragernes. Mulig det er en enklere vei dit fra motsatt side, men jeg dro ikke i den retningen ettersom jeg bare la til for \u00e5 vente p\u00e5 noen passasjerer.<\/p>\n<p>Det er mulig \u00e5 legge seg til lenger innover ogs\u00e5, samt p\u00e5 Bragernes-siden.<\/p>\n<p>Helt greit sted \u00e5 ligge, men jeg ville v\u00e6rt forsiktig med \u00e5 la noen verdisaker ligge igjen i b\u00e5ten, eller i det hele tatt la den ligge der alene. Stedet jeg l\u00e5, like ved et slags overbygg, var nedtagget og ikke spesielt koselig og i buskene p\u00e5 den andre siden l\u00e5 et alkoholisert par og slappet av i sola. Kom ogs\u00e5 en gjeng med ungdommer og tok seg noen \u00f8l der jeg l\u00e5. Men de var hyggelige nok og hjalp til med fort\u00f8yningene da jeg skulle dra.<\/p>\n<p>Drammen er vel ikke det stedet man opps\u00f8ker oftest med b\u00e5t, den lange Drammensfjorden er ikke spesielt idyllisk heller, spesielt ikke etter Svelvik, s\u00e5 det er en liten omvei. Men eks-rederinnen har familie her, og det kan vel hende det blir noen turer her for \u00e5 hilse p\u00e5 avkommet.<\/p>\n<p><strong>OBS: Sommeren 2022<\/strong> startet rivingen av brua over fra Str\u00f8ms\u00f8 til Bragernes. Det skal bygges ny bru der, og da jeg var innom Drammen i h\u00f8st (p\u00e5 land), s\u00e5 var mesteparten av den kommunale brygge avstengt. Ettersom det kommer til \u00e5 ta tre-fire \u00e5r f\u00f8r de er ferdige (if\u00f8lge lokalkjente jeg har snakket med), s\u00e5 betyr det at kapasiteten er noe redusert (se bildet under).<\/p>\n<figure id=\"attachment_25579\" aria-describedby=\"caption-attachment-25579\" style=\"width: 960px\" class=\"wp-caption aligncenter\"><a href=\"https:\/\/i0.wp.com\/pequod.nesodd1.no\/wp-content\/uploads\/2022\/10\/IMG-5015.jpg?ssl=1\"><img data-recalc-dims=\"1\" loading=\"lazy\" decoding=\"async\" data-attachment-id=\"25579\" data-permalink=\"https:\/\/pequod.nesodd1.no\/?attachment_id=25579\" data-orig-file=\"https:\/\/i0.wp.com\/pequod.nesodd1.no\/wp-content\/uploads\/2022\/10\/IMG-5015.jpg?fit=960%2C720&amp;ssl=1\" data-orig-size=\"960,720\" data-comments-opened=\"1\" data-image-meta=\"{&quot;aperture&quot;:&quot;1.8&quot;,&quot;credit&quot;:&quot;&quot;,&quot;camera&quot;:&quot;iPhone 11 Pro Max&quot;,&quot;caption&quot;:&quot;&quot;,&quot;created_timestamp&quot;:&quot;1666956400&quot;,&quot;copyright&quot;:&quot;&quot;,&quot;focal_length&quot;:&quot;4.25&quot;,&quot;iso&quot;:&quot;32&quot;,&quot;shutter_speed&quot;:&quot;0.0013736263736264&quot;,&quot;title&quot;:&quot;&quot;,&quot;orientation&quot;:&quot;1&quot;}\" data-image-title=\"IMG-5015\" data-image-description=\"&lt;p&gt;Drammen, Jernbanebrygga, avstengt&lt;\/p&gt;\n\" data-image-caption=\"&lt;p&gt;Omtrent halvparten av jernbanebrygga er avstengt inntil videre&lt;\/p&gt;\n\" data-medium-file=\"https:\/\/i0.wp.com\/pequod.nesodd1.no\/wp-content\/uploads\/2022\/10\/IMG-5015.jpg?fit=300%2C225&amp;ssl=1\" data-large-file=\"https:\/\/i0.wp.com\/pequod.nesodd1.no\/wp-content\/uploads\/2022\/10\/IMG-5015.jpg?fit=940%2C705&amp;ssl=1\" class=\"size-full wp-image-25579\" src=\"https:\/\/i0.wp.com\/pequod.nesodd1.no\/wp-content\/uploads\/2022\/10\/IMG-5015.jpg?resize=940%2C705&#038;ssl=1\" alt=\"\" width=\"940\" height=\"705\" srcset=\"https:\/\/i0.wp.com\/pequod.nesodd1.no\/wp-content\/uploads\/2022\/10\/IMG-5015.jpg?w=960&amp;ssl=1 960w, https:\/\/i0.wp.com\/pequod.nesodd1.no\/wp-content\/uploads\/2022\/10\/IMG-5015.jpg?resize=300%2C225&amp;ssl=1 300w, https:\/\/i0.wp.com\/pequod.nesodd1.no\/wp-content\/uploads\/2022\/10\/IMG-5015.jpg?resize=100%2C75&amp;ssl=1 100w, https:\/\/i0.wp.com\/pequod.nesodd1.no\/wp-content\/uploads\/2022\/10\/IMG-5015.jpg?resize=768%2C576&amp;ssl=1 768w\" sizes=\"auto, (max-width: 940px) 100vw, 940px\" \/><\/a><figcaption id=\"caption-attachment-25579\" class=\"wp-caption-text\">Omtrent halvparten av jernbanebrygga er avstengt inntil videre<\/figcaption><\/figure>\n<h3>Related Images:<\/h3>","protected":false},"excerpt":{"rendered":"<p>Vurdering (5 anker er best): Posisjon: 59\u00b044&#8217;25.2&#8243;N 10\u00b012&#8217;20.8&#8243;E Antall bes\u00f8k: 1 Sist bes\u00f8kt: Juni 2019 Fasiliteter: Ingen. Fort\u00f8yning: Langsides Tilrettelagt for funksjonshemmede: Nei. Kommentar:&nbsp;Drammen har vel egentlig ikke noen ordentlig gjestehavn, men det er tilrettelagt for at man kan fort\u00f8ye med b\u00e5t p\u00e5 begge sider av elva. Det er veldig enkelt, ingen str\u00f8m eller vann &hellip;<br \/><a href=\"https:\/\/pequod.nesodd1.no\/?page_id=18163\" class=\"more-link pen_element_default pen_icon_arrow_double\">Les<\/a><\/p>\n","protected":false},"author":1,"featured_media":16326,"parent":5665,"menu_order":0,"comment_status":"closed","ping_status":"closed","template":"","meta":{"_crdt_document":"","ngg_post_thumbnail":0,"jetpack_post_was_ever_published":false,"footnotes":""},"class_list":["post-18163","page","type-page","status-publish","has-post-thumbnail","hentry"],"jetpack_shortlink":"https:\/\/wp.me\/P3Zd9b-4IX","jetpack_sharing_enabled":true,"jetpack_likes_enabled":true,"jetpack-related-posts":[],"_links":{"self":[{"href":"https:\/\/pequod.nesodd1.no\/index.php?rest_route=\/wp\/v2\/pages\/18163","targetHints":{"allow":["GET"]}}],"collection":[{"href":"https:\/\/pequod.nesodd1.no\/index.php?rest_route=\/wp\/v2\/pages"}],"about":[{"href":"https:\/\/pequod.nesodd1.no\/index.php?rest_route=\/wp\/v2\/types\/page"}],"author":[{"embeddable":true,"href":"https:\/\/pequod.nesodd1.no\/index.php?rest_route=\/wp\/v2\/users\/1"}],"replies":[{"embeddable":true,"href":"https:\/\/pequod.nesodd1.no\/index.php?rest_route=%2Fwp%2Fv2%2Fcomments&post=18163"}],"version-history":[{"count":4,"href":"https:\/\/pequod.nesodd1.no\/index.php?rest_route=\/wp\/v2\/pages\/18163\/revisions"}],"predecessor-version":[{"id":25580,"href":"https:\/\/pequod.nesodd1.no\/index.php?rest_route=\/wp\/v2\/pages\/18163\/revisions\/25580"}],"up":[{"embeddable":true,"href":"https:\/\/pequod.nesodd1.no\/index.php?rest_route=\/wp\/v2\/pages\/5665"}],"wp:featuredmedia":[{"embeddable":true,"href":"https:\/\/pequod.nesodd1.no\/index.php?rest_route=\/wp\/v2\/media\/16326"}],"wp:attachment":[{"href":"https:\/\/pequod.nesodd1.no\/index.php?rest_route=%2Fwp%2Fv2%2Fmedia&parent=18163"}],"curies":[{"name":"wp","href":"https:\/\/api.w.org\/{rel}","templated":true}]}}