{"id":18169,"date":"2020-04-13T22:05:54","date_gmt":"2020-04-13T20:05:54","guid":{"rendered":"https:\/\/pequod.nesodd1.no\/?page_id=18169"},"modified":"2020-10-27T14:33:53","modified_gmt":"2020-10-27T13:33:53","slug":"lillesand-marina","status":"publish","type":"page","link":"https:\/\/pequod.nesodd1.no\/?page_id=18169","title":{"rendered":"Lillesand Marina"},"content":{"rendered":"<p><strong>Hvor:<\/strong> Lillesand<br \/>\n<strong>Posisjon: <\/strong>58\u00b014&#8217;49.5&#8243;N 8\u00b023&#8217;6.1&#8243;E<br \/>\n<strong>Type drivstoff:<\/strong>&nbsp;Bensin og diesel<br \/>\nDrivstoffkvalitet:&nbsp;?<br \/>\nLeverand\u00f8r:&nbsp;\u2013<br \/>\n<strong>Pumpe:<\/strong> 24-timers automat<br \/>\n<strong>Pris (dato sist jeg fylte) :<\/strong> <span style=\"color: #ff0000;\"><strong>13.45<\/strong><\/span> (August 2018) &#8211; <strong>10,67<\/strong> (august 2020).&nbsp;&nbsp;<br \/>\n<strong>Kommentar:<\/strong> N\u00e5r du drar ut fra gjestehavna ligger Lillesand Marina p\u00e5 babord side, bak redningssk\u00f8ytene. Prisen p\u00e5 dieselen der var imidlertid den dyreste jeg har v\u00e6rt borti p\u00e5 flere \u00e5r \u2013 13,45 \u2013 p\u00e5 sensommeren! Drar ikke dit flere ganger! Brukes kun ved krise!<\/p>\n<p><a href=\"https:\/\/i0.wp.com\/pequod.nesodd1.no\/wp-content\/uploads\/2020\/04\/IMG-4054.jpg?ssl=1\"><img data-recalc-dims=\"1\" loading=\"lazy\" decoding=\"async\" data-attachment-id=\"18170\" data-permalink=\"https:\/\/pequod.nesodd1.no\/?attachment_id=18170\" data-orig-file=\"https:\/\/i0.wp.com\/pequod.nesodd1.no\/wp-content\/uploads\/2020\/04\/IMG-4054.jpg?fit=800%2C600&amp;ssl=1\" data-orig-size=\"800,600\" data-comments-opened=\"1\" data-image-meta=\"{&quot;aperture&quot;:&quot;1.8&quot;,&quot;credit&quot;:&quot;&quot;,&quot;camera&quot;:&quot;iPhone 8 Plus&quot;,&quot;caption&quot;:&quot;&quot;,&quot;created_timestamp&quot;:&quot;1535459547&quot;,&quot;copyright&quot;:&quot;&quot;,&quot;focal_length&quot;:&quot;3.99&quot;,&quot;iso&quot;:&quot;20&quot;,&quot;shutter_speed&quot;:&quot;0.0005&quot;,&quot;title&quot;:&quot;&quot;,&quot;orientation&quot;:&quot;1&quot;}\" data-image-title=\"IMG-4054\" data-image-description=\"&lt;p&gt;Lillesand Marina, Lillesand&lt;\/p&gt;\n\" data-image-caption=\"\" data-large-file=\"https:\/\/i0.wp.com\/pequod.nesodd1.no\/wp-content\/uploads\/2020\/04\/IMG-4054.jpg?fit=800%2C600&amp;ssl=1\" class=\"alignleft size-medium wp-image-18170\" src=\"https:\/\/i0.wp.com\/pequod.nesodd1.no\/wp-content\/uploads\/2020\/04\/IMG-4054.jpg?resize=300%2C225&#038;ssl=1\" alt=\"\" width=\"300\" height=\"225\" srcset=\"https:\/\/i0.wp.com\/pequod.nesodd1.no\/wp-content\/uploads\/2020\/04\/IMG-4054.jpg?resize=300%2C225&amp;ssl=1 300w, https:\/\/i0.wp.com\/pequod.nesodd1.no\/wp-content\/uploads\/2020\/04\/IMG-4054.jpg?resize=100%2C75&amp;ssl=1 100w, https:\/\/i0.wp.com\/pequod.nesodd1.no\/wp-content\/uploads\/2020\/04\/IMG-4054.jpg?resize=768%2C576&amp;ssl=1 768w, https:\/\/i0.wp.com\/pequod.nesodd1.no\/wp-content\/uploads\/2020\/04\/IMG-4054.jpg?w=800&amp;ssl=1 800w\" sizes=\"auto, (max-width: 300px) 100vw, 300px\" \/><\/a>Jeg blir alltid sur og grinete n\u00e5r jeg havner p\u00e5 steder som tar MYE mer betalt enn andre tilsvarende steder. Det gjelder dyre gjestehavner og det gjelder drivstoffstasjoner som ligger un\u00f8dvendig h\u00f8yt i pris. Det gjelder ikke minst her i Lillesand. Da jeg fylte her med snekka mi i 2018 var prisen rundt 1,50 mer per liter enn det jeg hadde fylt andre steder p\u00e5 S\u00f8rlandet under min f\u00f8rste ferietur hit, og det synes jeg er un\u00f8dvendig.<\/p>\n<p>N\u00e5r vi s\u00e5 legger til at opplevelsen min i Lillesand gjestehavn, med bare delvis fungerende serviceanlegg og sur betjening p\u00e5 utestedene, s\u00e5 kommer ikke Lillesand h\u00f8yt i kurs hos meg, og jeg har da ogs\u00e5 dratt forbi dette stedet de andre gangene jeg har v\u00e6rt i omr\u00e5det.<\/p>\n<p>Og \u00e5 tanke her igjen er jeg heller ikke lysten p\u00e5. Det var billigere p\u00e5 Hasseltangen, i Eydehavn, og i Stavern.&nbsp;<\/p>\n<p><strong>OPPDATERING 2020:&nbsp;<\/strong>Sommeren 2020 m\u00e5tte jeg bite i meg ordene om \u00e5 aldri dra hit igjen, men jeg tok ikke sjansen p\u00e5 fortsette i litt oppr\u00f8rt hav uten \u00e5 ha litt mer p\u00e5 tanken (og l\u00e5 p\u00e5 r\u00f8dt niv\u00e5), s\u00e5 jeg valgte \u00e5 fylle her igjen, og oppdaget da at de har moderert seg noe. Dog fortsatt ganske dyre &#8211; tredje dyreste jeg har fylt i 2020 &#8211; men ikke s\u00e5 vanvittig som to \u00e5r tidligere. Dieselpumpa br\u00e5kte imidlertid noe infernalsk, s\u00e5 jeg ventet nesten at den skulle stoppe opp, men jeg fikk n\u00e5 fylt det jeg skulle ha.<\/p>\n<p><a href=\"https:\/\/i0.wp.com\/pequod.nesodd1.no\/wp-content\/uploads\/2020\/04\/IMG-4052.jpg?ssl=1\"><img data-recalc-dims=\"1\" loading=\"lazy\" decoding=\"async\" data-attachment-id=\"18171\" data-permalink=\"https:\/\/pequod.nesodd1.no\/?attachment_id=18171\" data-orig-file=\"https:\/\/i0.wp.com\/pequod.nesodd1.no\/wp-content\/uploads\/2020\/04\/IMG-4052.jpg?fit=800%2C600&amp;ssl=1\" data-orig-size=\"800,600\" data-comments-opened=\"1\" data-image-meta=\"{&quot;aperture&quot;:&quot;1.8&quot;,&quot;credit&quot;:&quot;&quot;,&quot;camera&quot;:&quot;iPhone 8 Plus&quot;,&quot;caption&quot;:&quot;&quot;,&quot;created_timestamp&quot;:&quot;1535459539&quot;,&quot;copyright&quot;:&quot;&quot;,&quot;focal_length&quot;:&quot;3.99&quot;,&quot;iso&quot;:&quot;20&quot;,&quot;shutter_speed&quot;:&quot;0.0005&quot;,&quot;title&quot;:&quot;&quot;,&quot;orientation&quot;:&quot;1&quot;}\" data-image-title=\"IMG-4052\" data-image-description=\"&lt;p&gt;Lillesand Marina, Lillesand&lt;\/p&gt;\n\" data-image-caption=\"\" data-large-file=\"https:\/\/i0.wp.com\/pequod.nesodd1.no\/wp-content\/uploads\/2020\/04\/IMG-4052.jpg?fit=800%2C600&amp;ssl=1\" class=\"aligncenter size-full wp-image-18171\" src=\"https:\/\/i0.wp.com\/pequod.nesodd1.no\/wp-content\/uploads\/2020\/04\/IMG-4052.jpg?resize=800%2C600&#038;ssl=1\" alt=\"\" width=\"800\" height=\"600\" srcset=\"https:\/\/i0.wp.com\/pequod.nesodd1.no\/wp-content\/uploads\/2020\/04\/IMG-4052.jpg?w=800&amp;ssl=1 800w, https:\/\/i0.wp.com\/pequod.nesodd1.no\/wp-content\/uploads\/2020\/04\/IMG-4052.jpg?resize=300%2C225&amp;ssl=1 300w, https:\/\/i0.wp.com\/pequod.nesodd1.no\/wp-content\/uploads\/2020\/04\/IMG-4052.jpg?resize=100%2C75&amp;ssl=1 100w, https:\/\/i0.wp.com\/pequod.nesodd1.no\/wp-content\/uploads\/2020\/04\/IMG-4052.jpg?resize=768%2C576&amp;ssl=1 768w\" sizes=\"auto, (max-width: 800px) 100vw, 800px\" \/><\/a><\/p>\n<h3>Related Images:<\/h3>","protected":false},"excerpt":{"rendered":"<p>Hvor: Lillesand Posisjon: 58\u00b014&#8217;49.5&#8243;N 8\u00b023&#8217;6.1&#8243;E Type drivstoff:&nbsp;Bensin og diesel Drivstoffkvalitet:&nbsp;? Leverand\u00f8r:&nbsp;\u2013 Pumpe: 24-timers automat Pris (dato sist jeg fylte) : 13.45 (August 2018) &#8211; 10,67 (august 2020).&nbsp;&nbsp; Kommentar: N\u00e5r du drar ut fra gjestehavna ligger Lillesand Marina p\u00e5 babord side, bak redningssk\u00f8ytene. Prisen p\u00e5 dieselen der var imidlertid den dyreste jeg har v\u00e6rt borti p\u00e5 &hellip;<br \/><a href=\"https:\/\/pequod.nesodd1.no\/?page_id=18169\" class=\"more-link pen_element_default pen_icon_arrow_double\">Les<\/a><\/p>\n","protected":false},"author":1,"featured_media":20526,"parent":10056,"menu_order":0,"comment_status":"closed","ping_status":"closed","template":"","meta":{"_crdt_document":"","ngg_post_thumbnail":0,"jetpack_post_was_ever_published":false,"footnotes":""},"class_list":["post-18169","page","type-page","status-publish","has-post-thumbnail","hentry"],"jetpack_shortlink":"https:\/\/wp.me\/P3Zd9b-4J3","jetpack_sharing_enabled":true,"jetpack_likes_enabled":true,"jetpack-related-posts":[],"_links":{"self":[{"href":"https:\/\/pequod.nesodd1.no\/index.php?rest_route=\/wp\/v2\/pages\/18169","targetHints":{"allow":["GET"]}}],"collection":[{"href":"https:\/\/pequod.nesodd1.no\/index.php?rest_route=\/wp\/v2\/pages"}],"about":[{"href":"https:\/\/pequod.nesodd1.no\/index.php?rest_route=\/wp\/v2\/types\/page"}],"author":[{"embeddable":true,"href":"https:\/\/pequod.nesodd1.no\/index.php?rest_route=\/wp\/v2\/users\/1"}],"replies":[{"embeddable":true,"href":"https:\/\/pequod.nesodd1.no\/index.php?rest_route=%2Fwp%2Fv2%2Fcomments&post=18169"}],"version-history":[{"count":6,"href":"https:\/\/pequod.nesodd1.no\/index.php?rest_route=\/wp\/v2\/pages\/18169\/revisions"}],"predecessor-version":[{"id":20528,"href":"https:\/\/pequod.nesodd1.no\/index.php?rest_route=\/wp\/v2\/pages\/18169\/revisions\/20528"}],"up":[{"embeddable":true,"href":"https:\/\/pequod.nesodd1.no\/index.php?rest_route=\/wp\/v2\/pages\/10056"}],"wp:featuredmedia":[{"embeddable":true,"href":"https:\/\/pequod.nesodd1.no\/index.php?rest_route=\/wp\/v2\/media\/20526"}],"wp:attachment":[{"href":"https:\/\/pequod.nesodd1.no\/index.php?rest_route=%2Fwp%2Fv2%2Fmedia&parent=18169"}],"curies":[{"name":"wp","href":"https:\/\/api.w.org\/{rel}","templated":true}]}}