{"id":18192,"date":"2020-04-14T16:07:36","date_gmt":"2020-04-14T14:07:36","guid":{"rendered":"https:\/\/pequod.nesodd1.no\/?page_id=18192"},"modified":"2020-11-17T19:34:05","modified_gmt":"2020-11-17T18:34:05","slug":"kragero","status":"publish","type":"page","link":"https:\/\/pequod.nesodd1.no\/?page_id=18192","title":{"rendered":"Krager\u00f8"},"content":{"rendered":"<p><strong>Hvor:<\/strong> Krager\u00f8 (Marina Service)<br \/>\n<strong>Posisjon: <\/strong>58\u00b052&#8217;0.9&#8243;N 9\u00b024&#8217;58.4&#8243;E<br \/>\n<strong>Type drivstoff:<\/strong>\u00a0Bensin og diesel<br \/>\nDrivstoffkvalitet:\u00a0?<br \/>\nLeverand\u00f8r: Esso<br \/>\n<strong>Pumpe:<\/strong> 24-timers automat<br \/>\n<strong>Pris (dato sist jeg fylte) :<\/strong>\u00a0<strong>12.56<\/strong> (September 2017) P\u00e5 den tiden var dette veldig dyrt &#8211; flere kroner dyrere enn hva jeg var vant til.<br \/>\n<strong>Kommentar:<\/strong> Har ikke fylt her siden 2017 da jeg rett og slett unng\u00e5r stedet. Men en b\u00e5tkollega som l\u00e5 sammen med meg p\u00e5 Gunnarsholmen i august \u00e5ret etter var heller ikke imponert over prisen, da var det godt over 13 kroner, s\u00e5 jeg tror ikke dette stedet tradisjonelt har noe ry p\u00e5 seg for \u00e5 v\u00e6re spesielt billig.<\/p>\n<p><a href=\"https:\/\/i0.wp.com\/pequod.nesodd1.no\/wp-content\/uploads\/2020\/04\/IMG-4815.jpg?ssl=1\"><img data-recalc-dims=\"1\" loading=\"lazy\" decoding=\"async\" data-attachment-id=\"18195\" data-permalink=\"https:\/\/pequod.nesodd1.no\/?attachment_id=18195\" data-orig-file=\"https:\/\/i0.wp.com\/pequod.nesodd1.no\/wp-content\/uploads\/2020\/04\/IMG-4815.jpg?fit=800%2C600&amp;ssl=1\" data-orig-size=\"800,600\" data-comments-opened=\"1\" data-image-meta=\"{&quot;aperture&quot;:&quot;1.8&quot;,&quot;credit&quot;:&quot;&quot;,&quot;camera&quot;:&quot;iPhone 8 Plus&quot;,&quot;caption&quot;:&quot;&quot;,&quot;created_timestamp&quot;:&quot;1535730719&quot;,&quot;copyright&quot;:&quot;&quot;,&quot;focal_length&quot;:&quot;3.99&quot;,&quot;iso&quot;:&quot;20&quot;,&quot;shutter_speed&quot;:&quot;0.00029103608847497&quot;,&quot;title&quot;:&quot;&quot;,&quot;orientation&quot;:&quot;1&quot;}\" data-image-title=\"IMG-4815\" data-image-description=\"&lt;p&gt;Krager\u00f8, drivstoff&lt;\/p&gt;\n\" data-image-caption=\"\" data-large-file=\"https:\/\/i0.wp.com\/pequod.nesodd1.no\/wp-content\/uploads\/2020\/04\/IMG-4815.jpg?fit=800%2C600&amp;ssl=1\" class=\"aligncenter size-full wp-image-18195\" src=\"https:\/\/i0.wp.com\/pequod.nesodd1.no\/wp-content\/uploads\/2020\/04\/IMG-4815.jpg?resize=800%2C600&#038;ssl=1\" alt=\"\" width=\"800\" height=\"600\" srcset=\"https:\/\/i0.wp.com\/pequod.nesodd1.no\/wp-content\/uploads\/2020\/04\/IMG-4815.jpg?w=800&amp;ssl=1 800w, https:\/\/i0.wp.com\/pequod.nesodd1.no\/wp-content\/uploads\/2020\/04\/IMG-4815.jpg?resize=300%2C225&amp;ssl=1 300w, https:\/\/i0.wp.com\/pequod.nesodd1.no\/wp-content\/uploads\/2020\/04\/IMG-4815.jpg?resize=100%2C75&amp;ssl=1 100w, https:\/\/i0.wp.com\/pequod.nesodd1.no\/wp-content\/uploads\/2020\/04\/IMG-4815.jpg?resize=768%2C576&amp;ssl=1 768w\" sizes=\"auto, (max-width: 800px) 100vw, 800px\" \/><\/a><\/p>\n<p>&nbsp;<\/p>\n<p>&nbsp;<\/p>\n<p>&nbsp;<\/p>\n<p>&nbsp;<\/p>\n<p>&nbsp;<\/p>\n<h3>Related Images:<\/h3>","protected":false},"excerpt":{"rendered":"<p>Hvor: Krager\u00f8 (Marina Service) Posisjon: 58\u00b052&#8217;0.9&#8243;N 9\u00b024&#8217;58.4&#8243;E Type drivstoff:\u00a0Bensin og diesel Drivstoffkvalitet:\u00a0? Leverand\u00f8r: Esso Pumpe: 24-timers automat Pris (dato sist jeg fylte) :\u00a012.56 (September 2017) P\u00e5 den tiden var dette veldig dyrt &#8211; flere kroner dyrere enn hva jeg var vant til. Kommentar: Har ikke fylt her siden 2017 da jeg rett og slett unng\u00e5r &hellip;<br \/><a href=\"https:\/\/pequod.nesodd1.no\/?page_id=18192\" class=\"more-link pen_element_default pen_icon_arrow_double\">Les<\/a><\/p>\n","protected":false},"author":1,"featured_media":18194,"parent":10056,"menu_order":0,"comment_status":"closed","ping_status":"closed","template":"","meta":{"_crdt_document":"","ngg_post_thumbnail":0,"jetpack_post_was_ever_published":false,"footnotes":""},"class_list":["post-18192","page","type-page","status-publish","has-post-thumbnail","hentry"],"jetpack_shortlink":"https:\/\/wp.me\/P3Zd9b-4Jq","jetpack_sharing_enabled":true,"jetpack_likes_enabled":true,"jetpack-related-posts":[],"_links":{"self":[{"href":"https:\/\/pequod.nesodd1.no\/index.php?rest_route=\/wp\/v2\/pages\/18192","targetHints":{"allow":["GET"]}}],"collection":[{"href":"https:\/\/pequod.nesodd1.no\/index.php?rest_route=\/wp\/v2\/pages"}],"about":[{"href":"https:\/\/pequod.nesodd1.no\/index.php?rest_route=\/wp\/v2\/types\/page"}],"author":[{"embeddable":true,"href":"https:\/\/pequod.nesodd1.no\/index.php?rest_route=\/wp\/v2\/users\/1"}],"replies":[{"embeddable":true,"href":"https:\/\/pequod.nesodd1.no\/index.php?rest_route=%2Fwp%2Fv2%2Fcomments&post=18192"}],"version-history":[{"count":4,"href":"https:\/\/pequod.nesodd1.no\/index.php?rest_route=\/wp\/v2\/pages\/18192\/revisions"}],"predecessor-version":[{"id":20674,"href":"https:\/\/pequod.nesodd1.no\/index.php?rest_route=\/wp\/v2\/pages\/18192\/revisions\/20674"}],"up":[{"embeddable":true,"href":"https:\/\/pequod.nesodd1.no\/index.php?rest_route=\/wp\/v2\/pages\/10056"}],"wp:featuredmedia":[{"embeddable":true,"href":"https:\/\/pequod.nesodd1.no\/index.php?rest_route=\/wp\/v2\/media\/18194"}],"wp:attachment":[{"href":"https:\/\/pequod.nesodd1.no\/index.php?rest_route=%2Fwp%2Fv2%2Fmedia&parent=18192"}],"curies":[{"name":"wp","href":"https:\/\/api.w.org\/{rel}","templated":true}]}}