{"id":1857,"date":"2014-01-25T04:34:24","date_gmt":"2014-01-25T03:34:24","guid":{"rendered":"https:\/\/pequod.nesodd1.no\/?page_id=1857"},"modified":"2014-11-30T00:31:22","modified_gmt":"2014-11-29T23:31:22","slug":"noen-som-bader-24-01","status":"publish","type":"page","link":"https:\/\/pequod.nesodd1.no\/?page_id=1857","title":{"rendered":"Noen som bader? 24.01."},"content":{"rendered":"<p>Tok meg en liten tur p\u00e5 sparket p\u00e5 fredag ettermiddag. Det var jo blitt litt sent, og jeg skulle egentlig bare ned i b\u00e5ten for \u00e5 fylle i litt frostv\u00e6ske og skuffe unna litt sn\u00f8. Men da jeg var nede i b\u00e5ten var fristelsen for stor, og jeg tok en liten tur ut i retning Huk og deretter rundet jeg Dyna fyr og kj\u00f8rte mellom Nakholmen og Lind\u00f8ya i retning b\u00e5thavna p\u00e5 Oksval. Det var jo allerede begynt \u00e5 m\u00f8rkne litt da jeg dro, s\u00e5 forholdene for fotografering var ikke de beste, derfor er disse bildene ikke s\u00e5 veldig mye \u00e5 skryte av.<\/p>\n<p>&nbsp;<\/p>\n\n            <!-- Blueimp gallery -->\n            <div id=\"blueimp-gallery-6321\" class=\"blueimp-gallery blueimp-gallery-controls\">\n                <div class=\"slides\"><\/div>\n                <h3 class=\"title\"><\/h3>\n                <a class=\"prev\">\u2039<\/a>\n                <a class=\"next\">\u203a<\/a>\n                <a class=\"close\">\u00d7<\/a>\n                <a class=\"play-pause\"><\/a>\n                <ol class=\"indicator\"><\/ol>\n                <div class=\"modal fade\">\n                    <div class=\"modal-dialog\">\n                        <div class=\"modal-content\">\n                            <div class=\"modal-header\">\n                                <button type=\"button\" class=\"close\" aria-hidden=\"true\">\u00d7<\/button>\n                                <h4 class=\"modal-title\"><\/h4>\n                            <\/div>\n                            <div class=\"modal-body next\"><\/div>\n                            <div class=\"modal-footer\">\n                                <button type=\"button\" class=\"btn btn-default pull-left prev\">\n                                    <i class=\"glyphicon glyphicon-chevron-left\"><\/i>\n                                    Previous                                <\/button>\n                                <button type=\"button\" class=\"btn btn-primary next\">\n                                    Next                                    <i class=\"glyphicon glyphicon-chevron-right\"><\/i>\n                                <\/button>\n                            <\/div>\n                        <\/div>\n                    <\/div>\n                <\/div>\n            <\/div>\n\n            <script data-jetpack-boost=\"ignore\" type=\"text\/javascript\">\n            jQuery(function() {\n                jQuery.extend(blueimp.Gallery.prototype.options, {\n                    useBootstrapModal: false,\n                    hidePageScrollbars: false,\n                    container: \"#blueimp-gallery-6321\",\n                });\n            });\n            <\/script>\n\n            \n<h3>Related Images:<\/h3>","protected":false},"excerpt":{"rendered":"<p>Tok meg en liten tur p\u00e5 sparket p\u00e5 fredag ettermiddag. Det var jo blitt litt sent, og jeg skulle egentlig bare ned i b\u00e5ten for \u00e5 fylle i litt frostv\u00e6ske og skuffe unna litt sn\u00f8. Men da jeg var nede i b\u00e5ten var fristelsen for stor, og jeg tok en liten tur ut i retning &hellip;<br \/><a href=\"https:\/\/pequod.nesodd1.no\/?p=6321\" class=\"more-link pen_element_default pen_icon_arrow_double\">Les<\/a><\/p>\n","protected":false},"author":1,"featured_media":0,"parent":1708,"menu_order":0,"comment_status":"open","ping_status":"open","template":"","meta":{"_crdt_document":"","ngg_post_thumbnail":0,"jetpack_post_was_ever_published":false,"footnotes":""},"class_list":["post-1857","page","type-page","status-publish","hentry"],"jetpack_shortlink":"https:\/\/wp.me\/P3Zd9b-tX","jetpack_sharing_enabled":true,"jetpack_likes_enabled":true,"jetpack-related-posts":[],"_links":{"self":[{"href":"https:\/\/pequod.nesodd1.no\/index.php?rest_route=\/wp\/v2\/pages\/1857","targetHints":{"allow":["GET"]}}],"collection":[{"href":"https:\/\/pequod.nesodd1.no\/index.php?rest_route=\/wp\/v2\/pages"}],"about":[{"href":"https:\/\/pequod.nesodd1.no\/index.php?rest_route=\/wp\/v2\/types\/page"}],"author":[{"embeddable":true,"href":"https:\/\/pequod.nesodd1.no\/index.php?rest_route=\/wp\/v2\/users\/1"}],"replies":[{"embeddable":true,"href":"https:\/\/pequod.nesodd1.no\/index.php?rest_route=%2Fwp%2Fv2%2Fcomments&post=1857"}],"version-history":[{"count":2,"href":"https:\/\/pequod.nesodd1.no\/index.php?rest_route=\/wp\/v2\/pages\/1857\/revisions"}],"predecessor-version":[{"id":6322,"href":"https:\/\/pequod.nesodd1.no\/index.php?rest_route=\/wp\/v2\/pages\/1857\/revisions\/6322"}],"up":[{"embeddable":true,"href":"https:\/\/pequod.nesodd1.no\/index.php?rest_route=\/wp\/v2\/pages\/1708"}],"wp:attachment":[{"href":"https:\/\/pequod.nesodd1.no\/index.php?rest_route=%2Fwp%2Fv2%2Fmedia&parent=1857"}],"curies":[{"name":"wp","href":"https:\/\/api.w.org\/{rel}","templated":true}]}}