{"id":18688,"date":"2020-05-24T13:18:10","date_gmt":"2020-05-24T11:18:10","guid":{"rendered":"https:\/\/pequod.nesodd1.no\/?page_id=18688"},"modified":"2024-05-20T22:05:59","modified_gmt":"2024-05-20T20:05:59","slug":"distansetabell","status":"publish","type":"page","link":"https:\/\/pequod.nesodd1.no\/?page_id=18688","title":{"rendered":"Distansetabell"},"content":{"rendered":"<p><strong>I denne tabellen har jeg f\u00f8rt opp omtrentlige distanser til noe av de stedene jeg har bes\u00f8kt. Utgangspunktet er hjemmehavna p\u00e5 Oksval p\u00e5 Nesodden.<\/strong><!--more--><\/p>\n<p><span style=\"color: #ff0000;\"><strong>Sist oppdatert: 16. april 2023- <\/strong>nye havner\/ruter siden forrige oppdatering merket med *<\/span><\/p>\n<p>Distansene er m\u00e5lt slik som jeg har kj\u00f8rt, alts\u00e5 etter rutene jeg har valgt, og kan derfor v\u00e6re noe forskjellige enn andre m\u00e5linger basert p\u00e5 rutevalg, s\u00e5 de er kun ment som en pekepinn. Jeg har stort sett kj\u00f8rt innaskj\u00e6rs, s\u00e5 det er ikke n\u00f8dvendigvis de raskeste rutene jeg har tatt. Og utgangspunktet er alts\u00e5 fra hjemmehavna p\u00e5 Nesodden.<\/p>\n<p>Men for noen steder har jeg lagt inn alternativer, som for eksempel til Arendal, der et rutevalg g\u00e5r via Tvedestrand, og et annet via Havefjorden p\u00e5 utsiden, mens et tredje g\u00e5r via Flosta, men ikke inn til Tvedestrand. Jeg har dratt alle disse rutene.<\/p>\n<p>Skal du fra Oslo til Kristiansand og kj\u00f8rer utaskj\u00e6rs tar det kortere tid enn \u00e5 kj\u00f8re innaskj\u00e6rs og gjennom Blindleia, slik jeg har gjort. Men samtidig er det kanskje like greit \u00e5 ha noe \u00e5 g\u00e5 p\u00e5? Og mine ruter er stort sett valgt ogs\u00e5 for \u00e5 gi naturopplevelser og f\u00e5 med seg mange fine steder p\u00e5 veien!<\/p>\n<p>For \u00e5 beregne hvor lang tid det tar \u00e5 komme deg til disse stedene kan du bruke formlene under.&nbsp; Fart m\u00e5les i knop, det vil si antall nautiske mil b\u00e5ten din tilbakelegger i l\u00f8pet av \u00e9n time. Fart p\u00e5 10 knop vil alts\u00e5 si at du tilbakelegger 10 nautiske mil p\u00e5 \u00e9n time. Hver nautisk mil er som kjent 1852 meter.<\/p>\n<p><strong><em>Jeg har ogs\u00e5 en tabell <a href=\"https:\/\/pequod.nesodd1.no\/?page_id=26767\">p\u00e5 denne siden<\/a>, som viser distanser mellom noen popul\u00e6re steder &#8211; b\u00e5de i Norge og Sverige &#8211; og andre favoritter. Denne oppdateres med ujevne mellomrom.<\/em><\/strong><\/p>\n<p><strong>Formlene blir da:<\/strong><\/p>\n<blockquote><p><span style=\"color: #000080;\">Fart i knop = Distanse i nautiske mil \u00f7 Tid i timer&nbsp;<\/span><\/p>\n<p><span style=\"color: #000080;\">Tid i timer = Distanse i nautiske mil \u00f7 Fart i knop<\/span><\/p>\n<p><span style=\"color: #000080;\">Distanse i nautiske mil = Fart i knop x Tid i timer<\/span><\/p><\/blockquote>\n<hr>\n<p>Havnene er satt opp i alfabetisk rekkef\u00f8lge, nederst kommer noen svenske havner, ogs\u00e5 de sortert alfabetisk.<\/p>\n\n<table id=\"tablepress-1\" class=\"tablepress tablepress-id-1\">\n<thead>\n<tr class=\"row-1\">\n\t<th class=\"column-1\"><b>STED<\/b><\/th><th class=\"column-2\"><b>NM<\/b><\/th><th class=\"column-3\"><b>BEMERKNINGER<\/b><\/th>\n<\/tr>\n<\/thead>\n<tbody class=\"row-striping row-hover\">\n<tr class=\"row-2\">\n\t<td class=\"column-1\">Arendal<\/td><td class=\"column-2\">139,2<\/td><td class=\"column-3\">Via Tvedestrand\/ Flosta<\/td>\n<\/tr>\n<tr class=\"row-3\">\n\t<td class=\"column-1\">Arendal<\/td><td class=\"column-2\">124,7<\/td><td class=\"column-3\">Via Havefjorden<\/td>\n<\/tr>\n<tr class=\"row-4\">\n\t<td class=\"column-1\">Arendal<\/td><td class=\"column-2\">133,9<\/td><td class=\"column-3\">Via Flosta<\/td>\n<\/tr>\n<tr class=\"row-5\">\n\t<td class=\"column-1\">Bergen*<\/td><td class=\"column-2\">390<\/td><td class=\"column-3\">Via Bekkjarvik<\/td>\n<\/tr>\n<tr class=\"row-6\">\n\t<td class=\"column-1\">Brattholmen<\/td><td class=\"column-2\">59,9<\/td><td class=\"column-3\">Hvaler<\/td>\n<\/tr>\n<tr class=\"row-7\">\n\t<td class=\"column-1\">Bud*<\/td><td class=\"column-2\">687,6<\/td><td class=\"column-3\">Via Vestnes<\/td>\n<\/tr>\n<tr class=\"row-8\">\n\t<td class=\"column-1\">Dingja*<\/td><td class=\"column-2\">443,1<\/td><td class=\"column-3\">Via Kilstraumen<\/td>\n<\/tr>\n<tr class=\"row-9\">\n\t<td class=\"column-1\">Dragsund<\/td><td class=\"column-2\">11,8<\/td><td class=\"column-3\">H\u00e5\u00f8ya<\/td>\n<\/tr>\n<tr class=\"row-10\">\n\t<td class=\"column-1\">Dr\u00f8bak<\/td><td class=\"column-2\">14,7<\/td><td class=\"column-3\">Gjestehavna<\/td>\n<\/tr>\n<tr class=\"row-11\">\n\t<td class=\"column-1\">Edholmen<\/td><td class=\"column-2\">106,4<\/td><td class=\"column-3\">Hvaler<\/td>\n<\/tr>\n<tr class=\"row-12\">\n\t<td class=\"column-1\">Elnesv\u00e5gen*<\/td><td class=\"column-2\">659<\/td><td class=\"column-3\">Via Molde<\/td>\n<\/tr>\n<tr class=\"row-13\">\n\t<td class=\"column-1\">Engelsviken<\/td><td class=\"column-2\">40<\/td><td class=\"column-3\"><\/td>\n<\/tr>\n<tr class=\"row-14\">\n\t<td class=\"column-1\">Egersund<\/td><td class=\"column-2\">272,2<\/td><td class=\"column-3\">Via Farsund<\/td>\n<\/tr>\n<tr class=\"row-15\">\n\t<td class=\"column-1\">Farsund<\/td><td class=\"column-2\">229,6<\/td><td class=\"column-3\">Via Spangereidkanalen<\/td>\n<\/tr>\n<tr class=\"row-16\">\n\t<td class=\"column-1\">Farsund<\/td><td class=\"column-2\">231,5<\/td><td class=\"column-3\">Via Lindesnes (utsiden)<\/td>\n<\/tr>\n<tr class=\"row-17\">\n\t<td class=\"column-1\">Flekkefjord<\/td><td class=\"column-2\">252,8<\/td><td class=\"column-3\">Via Farsund f\u00f8r Lista<\/td>\n<\/tr>\n<tr class=\"row-18\">\n\t<td class=\"column-1\">Flor\u00f8*<\/td><td class=\"column-2\">483,3<\/td><td class=\"column-3\">Via Askrova<\/td>\n<\/tr>\n<tr class=\"row-19\">\n\t<td class=\"column-1\">Fredrikstad<\/td><td class=\"column-2\">53,9<\/td><td class=\"column-3\">V\u00e6rste (Via Str\u00f8mtangen)<\/td>\n<\/tr>\n<tr class=\"row-20\">\n\t<td class=\"column-1\">Geiranger*<\/td><td class=\"column-2\">655<\/td><td class=\"column-3\">Via \u00c5lesund<\/td>\n<\/tr>\n<tr class=\"row-21\">\n\t<td class=\"column-1\">Grimstad<\/td><td class=\"column-2\">142,5<\/td><td class=\"column-3\">Via Flosta, Arendal<\/td>\n<\/tr>\n<tr class=\"row-22\">\n\t<td class=\"column-1\">Halden<\/td><td class=\"column-2\">66,7<\/td><td class=\"column-3\"><\/td>\n<\/tr>\n<tr class=\"row-23\">\n\t<td class=\"column-1\">Hank\u00f8<\/td><td class=\"column-2\">44,9<\/td><td class=\"column-3\">Vestre Vikene<\/td>\n<\/tr>\n<tr class=\"row-24\">\n\t<td class=\"column-1\">Haugesund<\/td><td class=\"column-2\">314,3<\/td><td class=\"column-3\">Via Farsund\/Egersund<\/td>\n<\/tr>\n<tr class=\"row-25\">\n\t<td class=\"column-1\">Holmestrand<\/td><td class=\"column-2\">31,2<\/td><td class=\"column-3\"><\/td>\n<\/tr>\n<tr class=\"row-26\">\n\t<td class=\"column-1\">Holmsbu<\/td><td class=\"column-2\">30,2<\/td><td class=\"column-3\"><\/td>\n<\/tr>\n<tr class=\"row-27\">\n\t<td class=\"column-1\">Horten<\/td><td class=\"column-2\">28,3<\/td><td class=\"column-3\">Sykehusbrygga<\/td>\n<\/tr>\n<tr class=\"row-28\">\n\t<td class=\"column-1\">Horten<\/td><td class=\"column-2\">30,1<\/td><td class=\"column-3\">Gjestehavna<\/td>\n<\/tr>\n<tr class=\"row-29\">\n\t<td class=\"column-1\">Krager\u00f8<\/td><td class=\"column-2\">87,6<\/td><td class=\"column-3\">Via Kreppa<\/td>\n<\/tr>\n<tr class=\"row-30\">\n\t<td class=\"column-1\">Kristiansand<\/td><td class=\"column-2\">177,1<\/td><td class=\"column-3\">Via Blindleia<\/td>\n<\/tr>\n<tr class=\"row-31\">\n\t<td class=\"column-1\">Lillesand<\/td><td class=\"column-2\">169<\/td><td class=\"column-3\">Via Reddalskanalen<\/td>\n<\/tr>\n<tr class=\"row-32\">\n\t<td class=\"column-1\">Mandal<\/td><td class=\"column-2\">202,4<\/td><td class=\"column-3\">Via Svin\u00f8r<\/td>\n<\/tr>\n<tr class=\"row-33\">\n\t<td class=\"column-1\">Molde*<\/td><td class=\"column-2\">636<\/td><td class=\"column-3\"><\/td>\n<\/tr>\n<tr class=\"row-34\">\n\t<td class=\"column-1\">Moss<\/td><td class=\"column-2\">28,5<\/td><td class=\"column-3\"><\/td>\n<\/tr>\n<tr class=\"row-35\">\n\t<td class=\"column-1\">M\u00e5l\u00f8y*<\/td><td class=\"column-2\">520,9<\/td><td class=\"column-3\">Via Rugsund<\/td>\n<\/tr>\n<tr class=\"row-36\">\n\t<td class=\"column-1\">Oscarsborg<\/td><td class=\"column-2\">12<\/td><td class=\"column-3\"><\/td>\n<\/tr>\n<tr class=\"row-37\">\n\t<td class=\"column-1\">Ris\u00f8r<\/td><td class=\"column-2\">100,8<\/td><td class=\"column-3\">Via Kreppa<\/td>\n<\/tr>\n<tr class=\"row-38\">\n\t<td class=\"column-1\">Silda*<\/td><td class=\"column-2\">522,4<\/td><td class=\"column-3\">Via Rugsund\/M\u00e5l\u00f8y<\/td>\n<\/tr>\n<tr class=\"row-39\">\n\t<td class=\"column-1\">Skj\u00e6rhalden<\/td><td class=\"column-2\">61,6<\/td><td class=\"column-3\">Via L\u00f8peren<\/td>\n<\/tr>\n<tr class=\"row-40\">\n\t<td class=\"column-1\">Skudeneshavn<\/td><td class=\"column-2\">295,4<\/td><td class=\"column-3\">Via Farsund\/Egersund<\/td>\n<\/tr>\n<tr class=\"row-41\">\n\t<td class=\"column-1\">Son<\/td><td class=\"column-2\">23,6<\/td><td class=\"column-3\"><\/td>\n<\/tr>\n<tr class=\"row-42\">\n\t<td class=\"column-1\">Stavanger<\/td><td class=\"column-2\">326,6<\/td><td class=\"column-3\">Via Farsund<\/td>\n<\/tr>\n<tr class=\"row-43\">\n\t<td class=\"column-1\">Stavern<\/td><td class=\"column-2\">64,7<\/td><td class=\"column-3\">Via \u00d8stre Bol\u00e6rne<\/td>\n<\/tr>\n<tr class=\"row-44\">\n\t<td class=\"column-1\">Str\u00f8mtangen<\/td><td class=\"column-2\">47,8<\/td><td class=\"column-3\">Fyrbrygga<\/td>\n<\/tr>\n<tr class=\"row-45\">\n\t<td class=\"column-1\">S\u00e6tre<\/td><td class=\"column-2\">12,5<\/td><td class=\"column-3\"><\/td>\n<\/tr>\n<tr class=\"row-46\">\n\t<td class=\"column-1\">Tvedestrand<\/td><td class=\"column-2\">115,3<\/td><td class=\"column-3\">Via Krager\u00f8\/Ris\u00f8r<\/td>\n<\/tr>\n<tr class=\"row-47\">\n\t<td class=\"column-1\">T\u00f8nsberg<\/td><td class=\"column-2\">46,4<\/td><td class=\"column-3\">Gjestehavna (under broene)<\/td>\n<\/tr>\n<tr class=\"row-48\">\n\t<td class=\"column-1\">T\u00e5jebukta <\/td><td class=\"column-2\">12,5<\/td><td class=\"column-3\">H\u00e5\u00f8ya<\/td>\n<\/tr>\n<tr class=\"row-49\">\n\t<td class=\"column-1\">Valle<\/td><td class=\"column-2\">81,1<\/td><td class=\"column-3\">Via Stavern<\/td>\n<\/tr>\n<tr class=\"row-50\">\n\t<td class=\"column-1\">Vollen<\/td><td class=\"column-2\">8,3<\/td><td class=\"column-3\">Via Middagsbukta<\/td>\n<\/tr>\n<tr class=\"row-51\">\n\t<td class=\"column-1\">\u00d8stre Bol\u00e6rne<\/td><td class=\"column-2\">44,1<\/td><td class=\"column-3\">Via innsiden av Bast\u00f8y<\/td>\n<\/tr>\n<tr class=\"row-52\">\n\t<td class=\"column-1\">\u00c5lesund*<\/td><td class=\"column-2\">601,6<\/td><td class=\"column-3\">Via Stad\/Fosnav\u00e5g\/Ulsteinvik\/Eidsund<\/td>\n<\/tr>\n<tr class=\"row-53\">\n\t<td class=\"column-1\">\u00c5ndalsnes*<\/td><td class=\"column-2\">660,8<\/td><td class=\"column-3\">Via Molde<\/td>\n<\/tr>\n<tr class=\"row-54\">\n\t<td class=\"column-1\">\u00c5sg\u00e5rdstrand<\/td><td class=\"column-2\">34<\/td><td class=\"column-3\"><\/td>\n<\/tr>\n<tr class=\"row-55\">\n\t<td class=\"column-1\"><b>Sverige<\/b><\/td><td class=\"column-2\"><\/td><td class=\"column-3\"><\/td>\n<\/tr>\n<tr class=\"row-56\">\n\t<td class=\"column-1\">Bohus-Malm\u00f6n<\/td><td class=\"column-2\">111<\/td><td class=\"column-3\">Via Tullboden<\/td>\n<\/tr>\n<tr class=\"row-57\">\n\t<td class=\"column-1\">Dons\u00f6*<\/td><td class=\"column-2\">172,6<\/td><td class=\"column-3\">Via Marstrand<\/td>\n<\/tr>\n<tr class=\"row-58\">\n\t<td class=\"column-1\">Fj\u00e4llbacka<\/td><td class=\"column-2\">94,5<\/td><td class=\"column-3\">Via Fredrikstad<\/td>\n<\/tr>\n<tr class=\"row-59\">\n\t<td class=\"column-1\">Gullholmen*<\/td><td class=\"column-2\">121,8<\/td><td class=\"column-3\">Via Hank\u00f8\/Brattholmen<\/td>\n<\/tr>\n<tr class=\"row-60\">\n\t<td class=\"column-1\">G\u00f6teborg*<\/td><td class=\"column-2\">180,9<\/td><td class=\"column-3\">Via Fredrikstad<\/td>\n<\/tr>\n<tr class=\"row-61\">\n\t<td class=\"column-1\">Hamburgsund<\/td><td class=\"column-2\">92,8<\/td><td class=\"column-3\">Over Gula Humpen<\/td>\n<\/tr>\n<tr class=\"row-62\">\n\t<td class=\"column-1\">Havstenssund<\/td><td class=\"column-2\">79<\/td><td class=\"column-3\"><\/td>\n<\/tr>\n<tr class=\"row-63\">\n\t<td class=\"column-1\">Hunnebostrand<\/td><td class=\"column-2\">100,2<\/td><td class=\"column-3\"><\/td>\n<\/tr>\n<tr class=\"row-64\">\n\t<td class=\"column-1\">H\u00e5ll\u00f6<\/td><td class=\"column-2\">107,7<\/td><td class=\"column-3\"><\/td>\n<\/tr>\n<tr class=\"row-65\">\n\t<td class=\"column-1\">Hyppeln*<\/td><td class=\"column-2\">159<\/td><td class=\"column-3\">Via Marstrand<\/td>\n<\/tr>\n<tr class=\"row-66\">\n\t<td class=\"column-1\">Kalv\u00f6n<\/td><td class=\"column-2\">82,2<\/td><td class=\"column-3\"><\/td>\n<\/tr>\n<tr class=\"row-67\">\n\t<td class=\"column-1\">Kl\u00e4desholmen*<\/td><td class=\"column-2\">140,1<\/td><td class=\"column-3\">Via K\u00e4ring\u00f6n\/Moll\u00f6sund<\/td>\n<\/tr>\n<tr class=\"row-68\">\n\t<td class=\"column-1\">K\u00e4ll\u00f6-Knippla*<\/td><td class=\"column-2\">157,2<\/td><td class=\"column-3\">Via Marstrand<\/td>\n<\/tr>\n<tr class=\"row-69\">\n\t<td class=\"column-1\">Kungshamn<\/td><td class=\"column-2\">105,7<\/td><td class=\"column-3\">Via Sotekanalen\/ Pinan<\/td>\n<\/tr>\n<tr class=\"row-70\">\n\t<td class=\"column-1\">K\u00e4ring\u00f6n*<\/td><td class=\"column-2\">126,3<\/td><td class=\"column-3\">Via Gullholmen<\/td>\n<\/tr>\n<tr class=\"row-71\">\n\t<td class=\"column-1\">Lysekil<\/td><td class=\"column-2\">118,9<\/td><td class=\"column-3\">Via Bohus-Malm\u00f6n<\/td>\n<\/tr>\n<tr class=\"row-72\">\n\t<td class=\"column-1\">Marstrand*<\/td><td class=\"column-2\">150<\/td><td class=\"column-3\">Via Hank\u00f8\/\u00c5stol<\/td>\n<\/tr>\n<tr class=\"row-73\">\n\t<td class=\"column-1\">Moll\u00f6sund*<\/td><td class=\"column-2\">130,8<\/td><td class=\"column-3\">Via K\u00e4ring\u00f6n<\/td>\n<\/tr>\n<tr class=\"row-74\">\n\t<td class=\"column-1\">Res\u00f6<\/td><td class=\"column-2\">76,2<\/td><td class=\"column-3\">Via Kosterfjorden<\/td>\n<\/tr>\n<tr class=\"row-75\">\n\t<td class=\"column-1\">Sm\u00f6gen<\/td><td class=\"column-2\">106,7<\/td><td class=\"column-3\">Via Pinan<\/td>\n<\/tr>\n<tr class=\"row-76\">\n\t<td class=\"column-1\">Str\u00f6mstad*<\/td><td class=\"column-2\">76,0<\/td><td class=\"column-3\">Via Fredrikstad<\/td>\n<\/tr>\n<tr class=\"row-77\">\n\t<td class=\"column-1\">Str\u00f6mstad<\/td><td class=\"column-2\">64,3<\/td><td class=\"column-3\">Via Hank\u00f8\/Puttesund<\/td>\n<\/tr>\n<tr class=\"row-78\">\n\t<td class=\"column-1\">Tanumsstrand<\/td><td class=\"column-2\">97,5<\/td><td class=\"column-3\">Indre lei over Gula Humpen<\/td>\n<\/tr>\n<tr class=\"row-79\">\n\t<td class=\"column-1\">Vettnet (Nord-Koster)<\/td><td class=\"column-2\">69,6<\/td><td class=\"column-3\">Via Brattholmen<\/td>\n<\/tr>\n<tr class=\"row-80\">\n\t<td class=\"column-1\">Vr\u00e5ng\u00f6*<\/td><td class=\"column-2\">174,9<\/td><td class=\"column-3\">Via Dons\u00f6<\/td>\n<\/tr>\n<tr class=\"row-81\">\n\t<td class=\"column-1\">\u00c5stol*<\/td><td class=\"column-2\">143,5<\/td><td class=\"column-3\">Via Kl\u00e4desholmen<\/td>\n<\/tr>\n<\/tbody>\n<\/table>\n<!-- #tablepress-1 from cache -->\n<h3>Related Images:<\/h3>","protected":false},"excerpt":{"rendered":"<p>I denne tabellen har jeg f\u00f8rt opp omtrentlige distanser til noe av de stedene jeg har bes\u00f8kt. Utgangspunktet er hjemmehavna p\u00e5 Oksval p\u00e5 Nesodden. Related Images:<\/p>\n","protected":false},"author":1,"featured_media":23152,"parent":0,"menu_order":0,"comment_status":"closed","ping_status":"closed","template":"","meta":{"_crdt_document":"","ngg_post_thumbnail":0,"jetpack_post_was_ever_published":false,"footnotes":""},"class_list":["post-18688","page","type-page","status-publish","has-post-thumbnail","hentry"],"jetpack_shortlink":"https:\/\/wp.me\/P3Zd9b-4Rq","jetpack_sharing_enabled":true,"jetpack_likes_enabled":true,"jetpack-related-posts":[],"_links":{"self":[{"href":"https:\/\/pequod.nesodd1.no\/index.php?rest_route=\/wp\/v2\/pages\/18688","targetHints":{"allow":["GET"]}}],"collection":[{"href":"https:\/\/pequod.nesodd1.no\/index.php?rest_route=\/wp\/v2\/pages"}],"about":[{"href":"https:\/\/pequod.nesodd1.no\/index.php?rest_route=\/wp\/v2\/types\/page"}],"author":[{"embeddable":true,"href":"https:\/\/pequod.nesodd1.no\/index.php?rest_route=\/wp\/v2\/users\/1"}],"replies":[{"embeddable":true,"href":"https:\/\/pequod.nesodd1.no\/index.php?rest_route=%2Fwp%2Fv2%2Fcomments&post=18688"}],"version-history":[{"count":32,"href":"https:\/\/pequod.nesodd1.no\/index.php?rest_route=\/wp\/v2\/pages\/18688\/revisions"}],"predecessor-version":[{"id":28513,"href":"https:\/\/pequod.nesodd1.no\/index.php?rest_route=\/wp\/v2\/pages\/18688\/revisions\/28513"}],"wp:featuredmedia":[{"embeddable":true,"href":"https:\/\/pequod.nesodd1.no\/index.php?rest_route=\/wp\/v2\/media\/23152"}],"wp:attachment":[{"href":"https:\/\/pequod.nesodd1.no\/index.php?rest_route=%2Fwp%2Fv2%2Fmedia&parent=18688"}],"curies":[{"name":"wp","href":"https:\/\/api.w.org\/{rel}","templated":true}]}}