{"id":18988,"date":"2020-06-24T09:00:53","date_gmt":"2020-06-24T07:00:53","guid":{"rendered":"https:\/\/pequod.nesodd1.no\/?page_id=18988"},"modified":"2024-07-31T20:47:15","modified_gmt":"2024-07-31T18:47:15","slug":"skien-gjestehavn","status":"publish","type":"page","link":"https:\/\/pequod.nesodd1.no\/?page_id=18988","title":{"rendered":"Skien gjestehavn"},"content":{"rendered":"<p><strong>Vurdering (5 anker er best):&nbsp;<a href=\"https:\/\/i0.wp.com\/pequod.nesodd1.no\/wp-content\/uploads\/2019\/10\/klistremerker-anker-og-tau-design.jpg.jpg?ssl=1\"><img loading=\"lazy\" decoding=\"async\" data-attachment-id=\"16489\" data-permalink=\"https:\/\/pequod.nesodd1.no\/?attachment_id=16489\" data-orig-file=\"https:\/\/i0.wp.com\/pequod.nesodd1.no\/wp-content\/uploads\/2019\/10\/klistremerker-anker-og-tau-design.jpg.jpg?fit=25%2C25&amp;ssl=1\" data-orig-size=\"25,25\" data-comments-opened=\"1\" data-image-meta=\"{&quot;aperture&quot;:&quot;0&quot;,&quot;credit&quot;:&quot;tribalium81&quot;,&quot;camera&quot;:&quot;&quot;,&quot;caption&quot;:&quot;&quot;,&quot;created_timestamp&quot;:&quot;0&quot;,&quot;copyright&quot;:&quot;tribalium81&quot;,&quot;focal_length&quot;:&quot;0&quot;,&quot;iso&quot;:&quot;0&quot;,&quot;shutter_speed&quot;:&quot;0&quot;,&quot;title&quot;:&quot;anchor and rope design&quot;,&quot;orientation&quot;:&quot;1&quot;}\" data-image-title=\"anchor and rope design\" data-image-description=\"\" data-image-caption=\"\" data-large-file=\"https:\/\/i0.wp.com\/pequod.nesodd1.no\/wp-content\/uploads\/2019\/10\/klistremerker-anker-og-tau-design.jpg.jpg?fit=25%2C25&amp;ssl=1\" class=\"alignnone size-full wp-image-16489 jetpack-lazy-image jetpack-lazy-image--handled\" src=\"https:\/\/i0.wp.com\/pequod.nesodd1.no\/wp-content\/uploads\/2019\/10\/klistremerker-anker-og-tau-design.jpg.jpg?resize=25%2C25&amp;ssl=1\" alt=\"\" width=\"25\" height=\"25\" data-attachment-id=\"16489\" data-permalink=\"https:\/\/pequod.nesodd1.no\/?attachment_id=16489\" data-orig-file=\"https:\/\/i0.wp.com\/pequod.nesodd1.no\/wp-content\/uploads\/2019\/10\/klistremerker-anker-og-tau-design.jpg.jpg?fit=25%2C25&amp;ssl=1\" data-orig-size=\"25,25\" data-comments-opened=\"1\" data-image-meta=\"{&quot;aperture&quot;:&quot;0&quot;,&quot;credit&quot;:&quot;tribalium81&quot;,&quot;camera&quot;:&quot;&quot;,&quot;caption&quot;:&quot;&quot;,&quot;created_timestamp&quot;:&quot;0&quot;,&quot;copyright&quot;:&quot;tribalium81&quot;,&quot;focal_length&quot;:&quot;0&quot;,&quot;iso&quot;:&quot;0&quot;,&quot;shutter_speed&quot;:&quot;0&quot;,&quot;title&quot;:&quot;anchor and rope design&quot;,&quot;orientation&quot;:&quot;1&quot;}\" data-image-title=\"anchor and rope design\" data-image-description=\"\" data-medium-file=\"https:\/\/i0.wp.com\/pequod.nesodd1.no\/wp-content\/uploads\/2019\/10\/klistremerker-anker-og-tau-design.jpg.jpg?fit=25%2C25&amp;ssl=1\" data-large-file=\"https:\/\/i0.wp.com\/pequod.nesodd1.no\/wp-content\/uploads\/2019\/10\/klistremerker-anker-og-tau-design.jpg.jpg?fit=25%2C25&amp;ssl=1\" data-recalc-dims=\"1\" data-lazy-loaded=\"1\"><\/a><\/strong><br \/>\n<b>Bes\u00f8kt antall ganger:<\/b> 2&nbsp;<b>Sist bes\u00f8kt:<\/b> August 2023 <strong>Webkamera:<\/strong> Nei. <a href=\"https:\/\/www.visittelemark.no\/skien\/overnatting\/gjestehavn\" target=\"_blank\" rel=\"noopener\">Hjemmeside.<\/a><br \/>\n<b>Fasiliteter:<\/b> Offentlig toalett. Str\u00f8m og vann. Butikker i gangavstand. Servicebygg med dusj skal if\u00f8lge kommunen finnes i tilknytning til Hjellebrygga p\u00e5 andre siden av slusen. Men noen sier det kun er toalett der ogs\u00e5&#8230;<br \/>\n<b>Havneavgift (for 29-foter): <\/b>&#8211; Ikke sikker. Automat\/GoMarina-app.&nbsp;<br \/>\n<b>Tilrettelagt for funksjonshemmede:&nbsp;<\/b>Delvis. Rampen opp fra jernbanebrygga er bratt og uegnet for handikappede, jeg hadde problemer med den selv. Innerst i havna er det vanlig rampe opp mot land.<\/p>\n<figure id=\"attachment_18992\" aria-describedby=\"caption-attachment-18992\" style=\"width: 300px\" class=\"wp-caption alignleft\"><a href=\"https:\/\/i0.wp.com\/pequod.nesodd1.no\/wp-content\/uploads\/2020\/06\/IMG-6337.jpg?ssl=1\"><img data-recalc-dims=\"1\" loading=\"lazy\" decoding=\"async\" data-attachment-id=\"18992\" data-permalink=\"https:\/\/pequod.nesodd1.no\/?attachment_id=18992\" data-orig-file=\"https:\/\/i0.wp.com\/pequod.nesodd1.no\/wp-content\/uploads\/2020\/06\/IMG-6337.jpg?fit=800%2C600&amp;ssl=1\" data-orig-size=\"800,600\" data-comments-opened=\"1\" data-image-meta=\"{&quot;aperture&quot;:&quot;1.8&quot;,&quot;credit&quot;:&quot;&quot;,&quot;camera&quot;:&quot;iPhone 8 Plus&quot;,&quot;caption&quot;:&quot;&quot;,&quot;created_timestamp&quot;:&quot;1592932131&quot;,&quot;copyright&quot;:&quot;&quot;,&quot;focal_length&quot;:&quot;3.99&quot;,&quot;iso&quot;:&quot;20&quot;,&quot;shutter_speed&quot;:&quot;0.00045808520384792&quot;,&quot;title&quot;:&quot;&quot;,&quot;orientation&quot;:&quot;1&quot;}\" data-image-title=\"IMG-6337\" data-image-description=\"&lt;p&gt;Skien&lt;\/p&gt;\n\" data-image-caption=\"&lt;p&gt;Innerst i gjestehavna. Windyen i bakgrunnen hadde str\u00f8m, men str\u00f8ml\u00f8st ved kaia jeg l\u00e5.&lt;\/p&gt;\n\" data-large-file=\"https:\/\/i0.wp.com\/pequod.nesodd1.no\/wp-content\/uploads\/2020\/06\/IMG-6337.jpg?fit=800%2C600&amp;ssl=1\" class=\"size-medium wp-image-18992\" src=\"https:\/\/i0.wp.com\/pequod.nesodd1.no\/wp-content\/uploads\/2020\/06\/IMG-6337.jpg?resize=300%2C225&#038;ssl=1\" alt=\"\" width=\"300\" height=\"225\" srcset=\"https:\/\/i0.wp.com\/pequod.nesodd1.no\/wp-content\/uploads\/2020\/06\/IMG-6337.jpg?resize=300%2C225&amp;ssl=1 300w, https:\/\/i0.wp.com\/pequod.nesodd1.no\/wp-content\/uploads\/2020\/06\/IMG-6337.jpg?resize=100%2C75&amp;ssl=1 100w, https:\/\/i0.wp.com\/pequod.nesodd1.no\/wp-content\/uploads\/2020\/06\/IMG-6337.jpg?resize=768%2C576&amp;ssl=1 768w, https:\/\/i0.wp.com\/pequod.nesodd1.no\/wp-content\/uploads\/2020\/06\/IMG-6337.jpg?w=800&amp;ssl=1 800w\" sizes=\"auto, (max-width: 300px) 100vw, 300px\" \/><\/a><figcaption id=\"caption-attachment-18992\" class=\"wp-caption-text\">Innerst i gjestehavna. Windyen i bakgrunnen hadde str\u00f8m, men str\u00f8ml\u00f8st ved kaia jeg l\u00e5.<\/figcaption><\/figure>\n<p>Om jeg noen gang kommer tilbake til Skien, s\u00e5 blir det kun fordi jeg skal videre opp Telemarkskanalen, for b\u00e5de Skien og gjestehavna ga et guffent inntrykk. Her var det rett og slett ikke s\u00e6rlig koselig.<\/p>\n<p>Jeg la meg f\u00f8rst til ved gjestebrygga helt innerst, omtrent foran r\u00e5dhuset og bak fontenene. Det hele s\u00e5 jo f\u00f8rst ganske koselig ut.<\/p>\n<p>Men omr\u00e5det var tydeligvis ogs\u00e5 tilhold for et belastet milj\u00f8. Det gikk ikke lenge f\u00f8r b\u00e5de politi og ambulanse kom kj\u00f8rende til en gjeng som oppholdt seg lenger bort p\u00e5 brygga.<\/p>\n<p>Selve brygga var sliten og stygg, med \u00f8delagte planker her og der. Og str\u00f8mmen virket ikke. Heller ingen informasjon om hvor servicebygget befant seg. Det skulle nemlig v\u00e6re et. I ettertid har jeg funnet ut at dette bygget skal ligge i tilknytning til Hjellebrygga, alts\u00e5 etter at du har sluset p\u00e5 vei oppover. Ikke veldig langt \u00e5 g\u00e5 tror jeg, men har ikke v\u00e6rt der.<\/p>\n<figure id=\"attachment_18993\" aria-describedby=\"caption-attachment-18993\" style=\"width: 300px\" class=\"wp-caption alignright\"><a href=\"https:\/\/i0.wp.com\/pequod.nesodd1.no\/wp-content\/uploads\/2020\/06\/IMG-6360.jpg?ssl=1\"><img data-recalc-dims=\"1\" loading=\"lazy\" decoding=\"async\" data-attachment-id=\"18993\" data-permalink=\"https:\/\/pequod.nesodd1.no\/?attachment_id=18993\" data-orig-file=\"https:\/\/i0.wp.com\/pequod.nesodd1.no\/wp-content\/uploads\/2020\/06\/IMG-6360.jpg?fit=800%2C600&amp;ssl=1\" data-orig-size=\"800,600\" data-comments-opened=\"1\" data-image-meta=\"{&quot;aperture&quot;:&quot;1.8&quot;,&quot;credit&quot;:&quot;&quot;,&quot;camera&quot;:&quot;iPhone 8 Plus&quot;,&quot;caption&quot;:&quot;&quot;,&quot;created_timestamp&quot;:&quot;1592949518&quot;,&quot;copyright&quot;:&quot;&quot;,&quot;focal_length&quot;:&quot;3.99&quot;,&quot;iso&quot;:&quot;20&quot;,&quot;shutter_speed&quot;:&quot;0.0076923076923077&quot;,&quot;title&quot;:&quot;&quot;,&quot;orientation&quot;:&quot;1&quot;}\" data-image-title=\"IMG-6360\" data-image-description=\"&lt;p&gt;Skien&lt;\/p&gt;\n\" data-image-caption=\"&lt;p&gt;Endte opp p\u00e5 jernbanebrygga.&lt;\/p&gt;\n\" data-large-file=\"https:\/\/i0.wp.com\/pequod.nesodd1.no\/wp-content\/uploads\/2020\/06\/IMG-6360.jpg?fit=800%2C600&amp;ssl=1\" class=\"size-medium wp-image-18993\" src=\"https:\/\/i0.wp.com\/pequod.nesodd1.no\/wp-content\/uploads\/2020\/06\/IMG-6360.jpg?resize=300%2C225&#038;ssl=1\" alt=\"\" width=\"300\" height=\"225\" srcset=\"https:\/\/i0.wp.com\/pequod.nesodd1.no\/wp-content\/uploads\/2020\/06\/IMG-6360.jpg?resize=300%2C225&amp;ssl=1 300w, https:\/\/i0.wp.com\/pequod.nesodd1.no\/wp-content\/uploads\/2020\/06\/IMG-6360.jpg?resize=100%2C75&amp;ssl=1 100w, https:\/\/i0.wp.com\/pequod.nesodd1.no\/wp-content\/uploads\/2020\/06\/IMG-6360.jpg?resize=768%2C576&amp;ssl=1 768w, https:\/\/i0.wp.com\/pequod.nesodd1.no\/wp-content\/uploads\/2020\/06\/IMG-6360.jpg?w=800&amp;ssl=1 800w\" sizes=\"auto, (max-width: 300px) 100vw, 300px\" \/><\/a><figcaption id=\"caption-attachment-18993\" class=\"wp-caption-text\">Endte opp p\u00e5 jernbanebrygga.<\/figcaption><\/figure>\n<p>Siden du ogs\u00e5 ligger rett ved en del utsteder kan det nok bli ganske livat om kvelden&#8230; S\u00e5 jeg flyttet meg etter hvert. Tanken var \u00e5 dra tilbake langs elva og legge til i Brevik, men jeg bestemte meg for \u00e5 se om det var str\u00f8m p\u00e5 den f\u00f8rste flytebrygga jeg passerte p\u00e5 vei inn, kalt for jernbanebrygga. Det var det, og siden jeg allerede hadde betalt havneavgiften uten \u00e5 f\u00e5 str\u00f8m, s\u00e5 la jeg meg der.<\/p>\n<p>Ogs\u00e5 denne brygga var sv\u00e6rt sliten og d\u00e5rlig vedlikeholdt, og flere steder manglet det fort\u00f8yningsringer.<\/p>\n<p>Det er ikke det mest ideelle stedet \u00e5 ligge, for elva er skikkelig urolig der ettersom det er kraftig str\u00f8m der den ligger like ved slusa som er starten p\u00e5 Telemarkskanalen. Ville ikke klart \u00e5 legge meg til der om ikke de to i seilb\u00e5ten som l\u00e5 der hadde kommet for \u00e5 hjelpe til&#8230;<\/p>\n<p>Skepsisen ble st\u00f8rre hos meg da en lokal beboer litt senere kom kj\u00f8rende og la til med en liten b\u00e5t p\u00e5 samme brygge. Denne gangen var det jeg som m\u00e5tte tr\u00e5 st\u00f8ttende til. Han fortalte at han var blitt frastj\u00e5let to b\u00e5ter her, og at omr\u00e5det tydeligvis var et sted hvor mange narkomane befant seg. B\u00e5de innbrudd i b\u00e5ter og tyveri av b\u00e5ter var visst vanlig der. Han virket lettet da jeg fortalte at jeg skulle sove der og ba meg holde et lite \u00f8ye med b\u00e5ten hans om jeg kunne.<\/p>\n<p>Med andre ord, Skien ga meg ikke noe godt inntrykk og hit kommer jeg nok ikke tilbake hvis jeg kan kj\u00f8re forbi&#8230; Det m\u00e5tte som sagt v\u00e6re p\u00e5 vei inn og ut av Telemarkskanalen &#8211; som jo st\u00e5r p\u00e5 lista over steder jeg har tenkt \u00e5 pr\u00f8ve meg p\u00e5.<\/p>\n<p><strong>OPPDATERING 2023:&nbsp;<\/strong>Var en kort tur innom Skien i august 2023 for \u00e5 plukke opp en passasjer. L\u00e5 der bare en halvtimes tid. Hvis jeg forstod skiltingen riktig, s\u00e5 er det ikke noe serviceanlegg for b\u00e5tfolket, kun noen offentlige toaletter. Ellers ikke mye \u00e5 fortelle.<\/p>\n<p><a href=\"https:\/\/i0.wp.com\/pequod.nesodd1.no\/wp-content\/uploads\/2020\/06\/IMG-6336.jpg?ssl=1\"><img data-recalc-dims=\"1\" loading=\"lazy\" decoding=\"async\" data-attachment-id=\"18991\" data-permalink=\"https:\/\/pequod.nesodd1.no\/?attachment_id=18991\" data-orig-file=\"https:\/\/i0.wp.com\/pequod.nesodd1.no\/wp-content\/uploads\/2020\/06\/IMG-6336.jpg?fit=800%2C600&amp;ssl=1\" data-orig-size=\"800,600\" data-comments-opened=\"1\" data-image-meta=\"{&quot;aperture&quot;:&quot;1.8&quot;,&quot;credit&quot;:&quot;&quot;,&quot;camera&quot;:&quot;iPhone 8 Plus&quot;,&quot;caption&quot;:&quot;&quot;,&quot;created_timestamp&quot;:&quot;1592932031&quot;,&quot;copyright&quot;:&quot;&quot;,&quot;focal_length&quot;:&quot;3.99&quot;,&quot;iso&quot;:&quot;20&quot;,&quot;shutter_speed&quot;:&quot;0.00047892720306513&quot;,&quot;title&quot;:&quot;&quot;,&quot;orientation&quot;:&quot;1&quot;}\" data-image-title=\"IMG-6336\" data-image-description=\"&lt;p&gt;Skien&lt;\/p&gt;\n\" data-image-caption=\"\" data-large-file=\"https:\/\/i0.wp.com\/pequod.nesodd1.no\/wp-content\/uploads\/2020\/06\/IMG-6336.jpg?fit=800%2C600&amp;ssl=1\" class=\"aligncenter size-full wp-image-18991\" src=\"https:\/\/i0.wp.com\/pequod.nesodd1.no\/wp-content\/uploads\/2020\/06\/IMG-6336.jpg?resize=800%2C600&#038;ssl=1\" alt=\"\" width=\"800\" height=\"600\" srcset=\"https:\/\/i0.wp.com\/pequod.nesodd1.no\/wp-content\/uploads\/2020\/06\/IMG-6336.jpg?w=800&amp;ssl=1 800w, https:\/\/i0.wp.com\/pequod.nesodd1.no\/wp-content\/uploads\/2020\/06\/IMG-6336.jpg?resize=300%2C225&amp;ssl=1 300w, https:\/\/i0.wp.com\/pequod.nesodd1.no\/wp-content\/uploads\/2020\/06\/IMG-6336.jpg?resize=100%2C75&amp;ssl=1 100w, https:\/\/i0.wp.com\/pequod.nesodd1.no\/wp-content\/uploads\/2020\/06\/IMG-6336.jpg?resize=768%2C576&amp;ssl=1 768w\" sizes=\"auto, (max-width: 800px) 100vw, 800px\" \/><\/a><\/p>\n<h3>Related Images:<\/h3>","protected":false},"excerpt":{"rendered":"<p>Vurdering (5 anker er best):&nbsp; Bes\u00f8kt antall ganger: 2&nbsp;Sist bes\u00f8kt: August 2023 Webkamera: Nei. Hjemmeside. Fasiliteter: Offentlig toalett. Str\u00f8m og vann. Butikker i gangavstand. Servicebygg med dusj skal if\u00f8lge kommunen finnes i tilknytning til Hjellebrygga p\u00e5 andre siden av slusen. Men noen sier det kun er toalett der ogs\u00e5&#8230; Havneavgift (for 29-foter): &#8211; Ikke sikker. &hellip;<br \/><a href=\"https:\/\/pequod.nesodd1.no\/?page_id=18988\" class=\"more-link pen_element_default pen_icon_arrow_double\">Les<\/a><\/p>\n","protected":false},"author":1,"featured_media":19096,"parent":5493,"menu_order":0,"comment_status":"closed","ping_status":"closed","template":"","meta":{"_crdt_document":"","ngg_post_thumbnail":0,"jetpack_post_was_ever_published":false,"footnotes":""},"class_list":["post-18988","page","type-page","status-publish","has-post-thumbnail","hentry"],"jetpack_shortlink":"https:\/\/wp.me\/P3Zd9b-4Wg","jetpack_sharing_enabled":true,"jetpack_likes_enabled":true,"jetpack-related-posts":[],"_links":{"self":[{"href":"https:\/\/pequod.nesodd1.no\/index.php?rest_route=\/wp\/v2\/pages\/18988","targetHints":{"allow":["GET"]}}],"collection":[{"href":"https:\/\/pequod.nesodd1.no\/index.php?rest_route=\/wp\/v2\/pages"}],"about":[{"href":"https:\/\/pequod.nesodd1.no\/index.php?rest_route=\/wp\/v2\/types\/page"}],"author":[{"embeddable":true,"href":"https:\/\/pequod.nesodd1.no\/index.php?rest_route=\/wp\/v2\/users\/1"}],"replies":[{"embeddable":true,"href":"https:\/\/pequod.nesodd1.no\/index.php?rest_route=%2Fwp%2Fv2%2Fcomments&post=18988"}],"version-history":[{"count":11,"href":"https:\/\/pequod.nesodd1.no\/index.php?rest_route=\/wp\/v2\/pages\/18988\/revisions"}],"predecessor-version":[{"id":28978,"href":"https:\/\/pequod.nesodd1.no\/index.php?rest_route=\/wp\/v2\/pages\/18988\/revisions\/28978"}],"up":[{"embeddable":true,"href":"https:\/\/pequod.nesodd1.no\/index.php?rest_route=\/wp\/v2\/pages\/5493"}],"wp:featuredmedia":[{"embeddable":true,"href":"https:\/\/pequod.nesodd1.no\/index.php?rest_route=\/wp\/v2\/media\/19096"}],"wp:attachment":[{"href":"https:\/\/pequod.nesodd1.no\/index.php?rest_route=%2Fwp%2Fv2%2Fmedia&parent=18988"}],"curies":[{"name":"wp","href":"https:\/\/api.w.org\/{rel}","templated":true}]}}