{"id":19168,"date":"2020-07-13T17:15:46","date_gmt":"2020-07-13T15:15:46","guid":{"rendered":"https:\/\/pequod.nesodd1.no\/?page_id=19168"},"modified":"2023-08-25T18:00:40","modified_gmt":"2023-08-25T16:00:40","slug":"langesund-gjestehavn-dampskipsbrygga","status":"publish","type":"page","link":"https:\/\/pequod.nesodd1.no\/?page_id=19168","title":{"rendered":"Langesund gjestehavn (Dampskipsbrygga)"},"content":{"rendered":"<div class=\"postmeta-primary\"><strong>Vurdering (5 anker er best): <a href=\"https:\/\/i0.wp.com\/pequod.nesodd1.no\/wp-content\/uploads\/2019\/10\/klistremerker-anker-og-tau-design.jpg.jpg?ssl=1\"><img loading=\"lazy\" decoding=\"async\" data-attachment-id=\"16489\" data-permalink=\"https:\/\/pequod.nesodd1.no\/?attachment_id=16489\" data-orig-file=\"https:\/\/i0.wp.com\/pequod.nesodd1.no\/wp-content\/uploads\/2019\/10\/klistremerker-anker-og-tau-design.jpg.jpg?fit=25%2C25&amp;ssl=1\" data-orig-size=\"25,25\" data-comments-opened=\"1\" data-image-meta=\"{&quot;aperture&quot;:&quot;0&quot;,&quot;credit&quot;:&quot;tribalium81&quot;,&quot;camera&quot;:&quot;&quot;,&quot;caption&quot;:&quot;&quot;,&quot;created_timestamp&quot;:&quot;0&quot;,&quot;copyright&quot;:&quot;tribalium81&quot;,&quot;focal_length&quot;:&quot;0&quot;,&quot;iso&quot;:&quot;0&quot;,&quot;shutter_speed&quot;:&quot;0&quot;,&quot;title&quot;:&quot;anchor and rope design&quot;,&quot;orientation&quot;:&quot;1&quot;}\" data-image-title=\"anchor and rope design\" data-image-description=\"\" data-image-caption=\"\" data-large-file=\"https:\/\/i0.wp.com\/pequod.nesodd1.no\/wp-content\/uploads\/2019\/10\/klistremerker-anker-og-tau-design.jpg.jpg?fit=25%2C25&amp;ssl=1\" class=\"alignnone size-full wp-image-16489 jetpack-lazy-image jetpack-lazy-image--handled\" src=\"https:\/\/i0.wp.com\/pequod.nesodd1.no\/wp-content\/uploads\/2019\/10\/klistremerker-anker-og-tau-design.jpg.jpg?resize=25%2C25&amp;ssl=1\" alt=\"\" width=\"25\" height=\"25\" data-attachment-id=\"16489\" data-permalink=\"https:\/\/pequod.nesodd1.no\/?attachment_id=16489\" data-orig-file=\"https:\/\/i0.wp.com\/pequod.nesodd1.no\/wp-content\/uploads\/2019\/10\/klistremerker-anker-og-tau-design.jpg.jpg?fit=25%2C25&amp;ssl=1\" data-orig-size=\"25,25\" data-comments-opened=\"1\" data-image-meta=\"{&quot;aperture&quot;:&quot;0&quot;,&quot;credit&quot;:&quot;tribalium81&quot;,&quot;camera&quot;:&quot;&quot;,&quot;caption&quot;:&quot;&quot;,&quot;created_timestamp&quot;:&quot;0&quot;,&quot;copyright&quot;:&quot;tribalium81&quot;,&quot;focal_length&quot;:&quot;0&quot;,&quot;iso&quot;:&quot;0&quot;,&quot;shutter_speed&quot;:&quot;0&quot;,&quot;title&quot;:&quot;anchor and rope design&quot;,&quot;orientation&quot;:&quot;1&quot;}\" data-image-title=\"anchor and rope design\" data-image-description=\"\" data-medium-file=\"https:\/\/i0.wp.com\/pequod.nesodd1.no\/wp-content\/uploads\/2019\/10\/klistremerker-anker-og-tau-design.jpg.jpg?fit=25%2C25&amp;ssl=1\" data-large-file=\"https:\/\/i0.wp.com\/pequod.nesodd1.no\/wp-content\/uploads\/2019\/10\/klistremerker-anker-og-tau-design.jpg.jpg?fit=25%2C25&amp;ssl=1\" data-recalc-dims=\"1\" data-lazy-loaded=\"1\"><\/a><a href=\"https:\/\/i0.wp.com\/pequod.nesodd1.no\/wp-content\/uploads\/2019\/10\/klistremerker-anker-og-tau-design.jpg.jpg?ssl=1\"><img loading=\"lazy\" decoding=\"async\" data-attachment-id=\"16489\" data-permalink=\"https:\/\/pequod.nesodd1.no\/?attachment_id=16489\" data-orig-file=\"https:\/\/i0.wp.com\/pequod.nesodd1.no\/wp-content\/uploads\/2019\/10\/klistremerker-anker-og-tau-design.jpg.jpg?fit=25%2C25&amp;ssl=1\" data-orig-size=\"25,25\" data-comments-opened=\"1\" data-image-meta=\"{&quot;aperture&quot;:&quot;0&quot;,&quot;credit&quot;:&quot;tribalium81&quot;,&quot;camera&quot;:&quot;&quot;,&quot;caption&quot;:&quot;&quot;,&quot;created_timestamp&quot;:&quot;0&quot;,&quot;copyright&quot;:&quot;tribalium81&quot;,&quot;focal_length&quot;:&quot;0&quot;,&quot;iso&quot;:&quot;0&quot;,&quot;shutter_speed&quot;:&quot;0&quot;,&quot;title&quot;:&quot;anchor and rope design&quot;,&quot;orientation&quot;:&quot;1&quot;}\" data-image-title=\"anchor and rope design\" data-image-description=\"\" data-image-caption=\"\" data-large-file=\"https:\/\/i0.wp.com\/pequod.nesodd1.no\/wp-content\/uploads\/2019\/10\/klistremerker-anker-og-tau-design.jpg.jpg?fit=25%2C25&amp;ssl=1\" class=\"alignnone size-full wp-image-16489 jetpack-lazy-image jetpack-lazy-image--handled\" src=\"https:\/\/i0.wp.com\/pequod.nesodd1.no\/wp-content\/uploads\/2019\/10\/klistremerker-anker-og-tau-design.jpg.jpg?resize=25%2C25&amp;ssl=1\" alt=\"\" width=\"25\" height=\"25\" data-attachment-id=\"16489\" data-permalink=\"https:\/\/pequod.nesodd1.no\/?attachment_id=16489\" data-orig-file=\"https:\/\/i0.wp.com\/pequod.nesodd1.no\/wp-content\/uploads\/2019\/10\/klistremerker-anker-og-tau-design.jpg.jpg?fit=25%2C25&amp;ssl=1\" data-orig-size=\"25,25\" data-comments-opened=\"1\" data-image-meta=\"{&quot;aperture&quot;:&quot;0&quot;,&quot;credit&quot;:&quot;tribalium81&quot;,&quot;camera&quot;:&quot;&quot;,&quot;caption&quot;:&quot;&quot;,&quot;created_timestamp&quot;:&quot;0&quot;,&quot;copyright&quot;:&quot;tribalium81&quot;,&quot;focal_length&quot;:&quot;0&quot;,&quot;iso&quot;:&quot;0&quot;,&quot;shutter_speed&quot;:&quot;0&quot;,&quot;title&quot;:&quot;anchor and rope design&quot;,&quot;orientation&quot;:&quot;1&quot;}\" data-image-title=\"anchor and rope design\" data-image-description=\"\" data-medium-file=\"https:\/\/i0.wp.com\/pequod.nesodd1.no\/wp-content\/uploads\/2019\/10\/klistremerker-anker-og-tau-design.jpg.jpg?fit=25%2C25&amp;ssl=1\" data-large-file=\"https:\/\/i0.wp.com\/pequod.nesodd1.no\/wp-content\/uploads\/2019\/10\/klistremerker-anker-og-tau-design.jpg.jpg?fit=25%2C25&amp;ssl=1\" data-recalc-dims=\"1\" data-lazy-loaded=\"1\"><\/a><a href=\"https:\/\/i0.wp.com\/pequod.nesodd1.no\/wp-content\/uploads\/2019\/10\/klistremerker-anker-og-tau-design.jpg.jpg?ssl=1\"><img loading=\"lazy\" decoding=\"async\" data-attachment-id=\"16489\" data-permalink=\"https:\/\/pequod.nesodd1.no\/?attachment_id=16489\" data-orig-file=\"https:\/\/i0.wp.com\/pequod.nesodd1.no\/wp-content\/uploads\/2019\/10\/klistremerker-anker-og-tau-design.jpg.jpg?fit=25%2C25&amp;ssl=1\" data-orig-size=\"25,25\" data-comments-opened=\"1\" data-image-meta=\"{&quot;aperture&quot;:&quot;0&quot;,&quot;credit&quot;:&quot;tribalium81&quot;,&quot;camera&quot;:&quot;&quot;,&quot;caption&quot;:&quot;&quot;,&quot;created_timestamp&quot;:&quot;0&quot;,&quot;copyright&quot;:&quot;tribalium81&quot;,&quot;focal_length&quot;:&quot;0&quot;,&quot;iso&quot;:&quot;0&quot;,&quot;shutter_speed&quot;:&quot;0&quot;,&quot;title&quot;:&quot;anchor and rope design&quot;,&quot;orientation&quot;:&quot;1&quot;}\" data-image-title=\"anchor and rope design\" data-image-description=\"\" data-image-caption=\"\" data-large-file=\"https:\/\/i0.wp.com\/pequod.nesodd1.no\/wp-content\/uploads\/2019\/10\/klistremerker-anker-og-tau-design.jpg.jpg?fit=25%2C25&amp;ssl=1\" class=\"alignnone size-full wp-image-16489 jetpack-lazy-image jetpack-lazy-image--handled\" src=\"https:\/\/i0.wp.com\/pequod.nesodd1.no\/wp-content\/uploads\/2019\/10\/klistremerker-anker-og-tau-design.jpg.jpg?resize=25%2C25&amp;ssl=1\" alt=\"\" width=\"25\" height=\"25\" data-attachment-id=\"16489\" data-permalink=\"https:\/\/pequod.nesodd1.no\/?attachment_id=16489\" data-orig-file=\"https:\/\/i0.wp.com\/pequod.nesodd1.no\/wp-content\/uploads\/2019\/10\/klistremerker-anker-og-tau-design.jpg.jpg?fit=25%2C25&amp;ssl=1\" data-orig-size=\"25,25\" data-comments-opened=\"1\" data-image-meta=\"{&quot;aperture&quot;:&quot;0&quot;,&quot;credit&quot;:&quot;tribalium81&quot;,&quot;camera&quot;:&quot;&quot;,&quot;caption&quot;:&quot;&quot;,&quot;created_timestamp&quot;:&quot;0&quot;,&quot;copyright&quot;:&quot;tribalium81&quot;,&quot;focal_length&quot;:&quot;0&quot;,&quot;iso&quot;:&quot;0&quot;,&quot;shutter_speed&quot;:&quot;0&quot;,&quot;title&quot;:&quot;anchor and rope design&quot;,&quot;orientation&quot;:&quot;1&quot;}\" data-image-title=\"anchor and rope design\" data-image-description=\"\" data-medium-file=\"https:\/\/i0.wp.com\/pequod.nesodd1.no\/wp-content\/uploads\/2019\/10\/klistremerker-anker-og-tau-design.jpg.jpg?fit=25%2C25&amp;ssl=1\" data-large-file=\"https:\/\/i0.wp.com\/pequod.nesodd1.no\/wp-content\/uploads\/2019\/10\/klistremerker-anker-og-tau-design.jpg.jpg?fit=25%2C25&amp;ssl=1\" data-recalc-dims=\"1\" data-lazy-loaded=\"1\"><\/a><\/strong><\/div>\n<div class=\"entry clearfix\"><strong>Posisjon:<\/strong> 59\u00b00&#8217;4.7&#8243;N 9\u00b045&#8217;1.2&#8243;E<br \/>\n<strong>Bes\u00f8kt antall ganger:<\/strong> 2 <strong>Sist bes\u00f8kt:<\/strong> August 2023&nbsp; <a title=\"Son\" href=\"https:\/\/www.visittelemark.no\/bamble\/overnatting\/dampskipsbrygga-gjestehavn-langesund-p543543\" target=\"_blank\" rel=\"noopener noreferrer\">Hjemmeside<\/a><br \/>\n<strong>Fasiliteter:<\/strong> Str\u00f8m, vann, toalett, dusj, vaskemaskiner og t\u00f8rketromler, s\u00f8ppel. Butikker, kafeer og restauranter i umiddelbar n\u00e6rhet. Drivstoff litt lenger nord i sundet.<br \/>\n<strong>Fort\u00f8yning: <\/strong>Langsides<br \/>\n<strong>Havneavgift (for 29-foter):<\/strong> 50 NOK kortautomat\/Go Marina-appen. <em><strong>OBS:<\/strong> Koronapris med stengt serviceanlegg. Vanlig pris er 250,-<\/em><br \/>\n<b>Tilrettelagt for funksjonshemmede:<\/b> Delvis. Ved Dampskipsbrygga er det kun longsideplasser og vanlig rampe opp til land. Siden serviceanlegget (som ligger lenger inn ved Kongshavn der det ogs\u00e5 er noen f\u00e5 plasser), var stengt s\u00e5 vet jeg ikke om det var noen handicapdo der.<\/div>\n<div>&nbsp;<\/div>\n<div><a href=\"https:\/\/i0.wp.com\/pequod.nesodd1.no\/wp-content\/uploads\/2020\/07\/IMG-6276.jpg?ssl=1\"><img data-recalc-dims=\"1\" loading=\"lazy\" decoding=\"async\" data-attachment-id=\"19085\" data-permalink=\"https:\/\/pequod.nesodd1.no\/?attachment_id=19085\" data-orig-file=\"https:\/\/i0.wp.com\/pequod.nesodd1.no\/wp-content\/uploads\/2020\/07\/IMG-6276.jpg?fit=800%2C600&amp;ssl=1\" data-orig-size=\"800,600\" data-comments-opened=\"1\" data-image-meta=\"{&quot;aperture&quot;:&quot;1.8&quot;,&quot;credit&quot;:&quot;&quot;,&quot;camera&quot;:&quot;iPhone 8 Plus&quot;,&quot;caption&quot;:&quot;&quot;,&quot;created_timestamp&quot;:&quot;1592863354&quot;,&quot;copyright&quot;:&quot;&quot;,&quot;focal_length&quot;:&quot;3.99&quot;,&quot;iso&quot;:&quot;20&quot;,&quot;shutter_speed&quot;:&quot;0.0062893081761006&quot;,&quot;title&quot;:&quot;&quot;,&quot;orientation&quot;:&quot;1&quot;}\" data-image-title=\"IMG-6276\" data-image-description=\"&lt;p&gt;Langesund&lt;\/p&gt;\n\" data-image-caption=\"\" data-large-file=\"https:\/\/i0.wp.com\/pequod.nesodd1.no\/wp-content\/uploads\/2020\/07\/IMG-6276.jpg?fit=800%2C600&amp;ssl=1\" class=\"alignleft size-medium wp-image-19085\" src=\"https:\/\/i0.wp.com\/pequod.nesodd1.no\/wp-content\/uploads\/2020\/07\/IMG-6276.jpg?resize=300%2C225&#038;ssl=1\" alt=\"\" width=\"300\" height=\"225\" srcset=\"https:\/\/i0.wp.com\/pequod.nesodd1.no\/wp-content\/uploads\/2020\/07\/IMG-6276.jpg?resize=300%2C225&amp;ssl=1 300w, https:\/\/i0.wp.com\/pequod.nesodd1.no\/wp-content\/uploads\/2020\/07\/IMG-6276.jpg?resize=100%2C75&amp;ssl=1 100w, https:\/\/i0.wp.com\/pequod.nesodd1.no\/wp-content\/uploads\/2020\/07\/IMG-6276.jpg?resize=768%2C576&amp;ssl=1 768w, https:\/\/i0.wp.com\/pequod.nesodd1.no\/wp-content\/uploads\/2020\/07\/IMG-6276.jpg?w=800&amp;ssl=1 800w\" sizes=\"auto, (max-width: 300px) 100vw, 300px\" \/><\/a>Det er ikke overvettes mange gjesteplasser i Langesund, men ligger du p\u00e5 innsiden p\u00e5 de to flytebryggene ved Dampskipskaia, s\u00e5 ligger du vel relativt greit. Endel trafikk i sundet dog, ikke minst fra Fjord Lines danskeferge som legger til rett nord for gjestehavna.&nbsp;<\/div>\n<div>&nbsp;<\/div>\n<div>Lenger inn, ved Kongshavn, er det ogs\u00e5 noen f\u00e5 gjesteplasser (baug-anker eller langsides) og p\u00e5 andre siden av sundet, p\u00e5 selve Lang\u00f8ya, er det ogs\u00e5 flytebrygger, noen av dem tror jeg er b\u00e5ser. Usikker p\u00e5 fasilitetene der, men skal du til fastlandet m\u00e5 du ha jolle.<\/div>\n<div>&nbsp;<\/div>\n<div>Vi var i Langesund fra mandag kveld til tirsdag ettermiddag, og mandag var det i alle fall d\u00f8rgende stille&#8230; Ber\u00f8mte Wrightegaarden var stengt. Selve Langesund var fors\u00e5vidt ganske koselig med sine s\u00f8rlandske trehus. Kebaben p\u00e5 gatekj\u00f8kkenet like ved gjestebrygga var helt OK.<\/div>\n<div>&nbsp;<\/div>\n<div>Helt greit sted, men ikke noe mer. Tar seg vel bedre ut n\u00e5r det er pent v\u00e6r og toppsesong&#8230;<\/div>\n<div>&nbsp;<\/div>\n<div><strong>OPPDATERING 2023:&nbsp;<\/strong>Var en kort tur innom i august, bare en liten stopp. Ikke mye som hadde forandret seg, men n\u00e5 var serviceanlegget \u00e5pent.<\/div>\n<div>&nbsp;<\/div>\n<div><a href=\"https:\/\/i0.wp.com\/pequod.nesodd1.no\/wp-content\/uploads\/2020\/07\/IMG-6314.jpg?ssl=1\"><img data-recalc-dims=\"1\" loading=\"lazy\" decoding=\"async\" data-attachment-id=\"19171\" data-permalink=\"https:\/\/pequod.nesodd1.no\/?attachment_id=19171\" data-orig-file=\"https:\/\/i0.wp.com\/pequod.nesodd1.no\/wp-content\/uploads\/2020\/07\/IMG-6314.jpg?fit=800%2C600&amp;ssl=1\" data-orig-size=\"800,600\" data-comments-opened=\"1\" data-image-meta=\"{&quot;aperture&quot;:&quot;1.8&quot;,&quot;credit&quot;:&quot;&quot;,&quot;camera&quot;:&quot;iPhone 8 Plus&quot;,&quot;caption&quot;:&quot;&quot;,&quot;created_timestamp&quot;:&quot;1592866575&quot;,&quot;copyright&quot;:&quot;&quot;,&quot;focal_length&quot;:&quot;3.99&quot;,&quot;iso&quot;:&quot;40&quot;,&quot;shutter_speed&quot;:&quot;0.066666666666667&quot;,&quot;title&quot;:&quot;&quot;,&quot;orientation&quot;:&quot;1&quot;}\" data-image-title=\"IMG-6314\" data-image-description=\"&lt;p&gt;Langesund, Tresfjord 29&lt;\/p&gt;\n\" data-image-caption=\"\" data-large-file=\"https:\/\/i0.wp.com\/pequod.nesodd1.no\/wp-content\/uploads\/2020\/07\/IMG-6314.jpg?fit=800%2C600&amp;ssl=1\" class=\"aligncenter size-full wp-image-19171\" src=\"https:\/\/i0.wp.com\/pequod.nesodd1.no\/wp-content\/uploads\/2020\/07\/IMG-6314.jpg?resize=800%2C600&#038;ssl=1\" alt=\"\" width=\"800\" height=\"600\" srcset=\"https:\/\/i0.wp.com\/pequod.nesodd1.no\/wp-content\/uploads\/2020\/07\/IMG-6314.jpg?w=800&amp;ssl=1 800w, https:\/\/i0.wp.com\/pequod.nesodd1.no\/wp-content\/uploads\/2020\/07\/IMG-6314.jpg?resize=300%2C225&amp;ssl=1 300w, https:\/\/i0.wp.com\/pequod.nesodd1.no\/wp-content\/uploads\/2020\/07\/IMG-6314.jpg?resize=100%2C75&amp;ssl=1 100w, https:\/\/i0.wp.com\/pequod.nesodd1.no\/wp-content\/uploads\/2020\/07\/IMG-6314.jpg?resize=768%2C576&amp;ssl=1 768w\" sizes=\"auto, (max-width: 800px) 100vw, 800px\" \/><\/a><\/div>\n<h3>Related Images:<\/h3>","protected":false},"excerpt":{"rendered":"<p>Vurdering (5 anker er best): Posisjon: 59\u00b00&#8217;4.7&#8243;N 9\u00b045&#8217;1.2&#8243;E Bes\u00f8kt antall ganger: 2 Sist bes\u00f8kt: August 2023&nbsp; Hjemmeside Fasiliteter: Str\u00f8m, vann, toalett, dusj, vaskemaskiner og t\u00f8rketromler, s\u00f8ppel. Butikker, kafeer og restauranter i umiddelbar n\u00e6rhet. Drivstoff litt lenger nord i sundet. Fort\u00f8yning: Langsides Havneavgift (for 29-foter): 50 NOK kortautomat\/Go Marina-appen. OBS: Koronapris med stengt serviceanlegg. Vanlig pris &hellip;<br \/><a href=\"https:\/\/pequod.nesodd1.no\/?page_id=19168\" class=\"more-link pen_element_default pen_icon_arrow_double\">Les<\/a><\/p>\n","protected":false},"author":1,"featured_media":19090,"parent":5493,"menu_order":0,"comment_status":"closed","ping_status":"closed","template":"","meta":{"_crdt_document":"","ngg_post_thumbnail":0,"jetpack_post_was_ever_published":false,"footnotes":""},"class_list":["post-19168","page","type-page","status-publish","has-post-thumbnail","hentry"],"jetpack_shortlink":"https:\/\/wp.me\/P3Zd9b-4Za","jetpack_sharing_enabled":true,"jetpack_likes_enabled":true,"jetpack-related-posts":[],"_links":{"self":[{"href":"https:\/\/pequod.nesodd1.no\/index.php?rest_route=\/wp\/v2\/pages\/19168","targetHints":{"allow":["GET"]}}],"collection":[{"href":"https:\/\/pequod.nesodd1.no\/index.php?rest_route=\/wp\/v2\/pages"}],"about":[{"href":"https:\/\/pequod.nesodd1.no\/index.php?rest_route=\/wp\/v2\/types\/page"}],"author":[{"embeddable":true,"href":"https:\/\/pequod.nesodd1.no\/index.php?rest_route=\/wp\/v2\/users\/1"}],"replies":[{"embeddable":true,"href":"https:\/\/pequod.nesodd1.no\/index.php?rest_route=%2Fwp%2Fv2%2Fcomments&post=19168"}],"version-history":[{"count":6,"href":"https:\/\/pequod.nesodd1.no\/index.php?rest_route=\/wp\/v2\/pages\/19168\/revisions"}],"predecessor-version":[{"id":27490,"href":"https:\/\/pequod.nesodd1.no\/index.php?rest_route=\/wp\/v2\/pages\/19168\/revisions\/27490"}],"up":[{"embeddable":true,"href":"https:\/\/pequod.nesodd1.no\/index.php?rest_route=\/wp\/v2\/pages\/5493"}],"wp:featuredmedia":[{"embeddable":true,"href":"https:\/\/pequod.nesodd1.no\/index.php?rest_route=\/wp\/v2\/media\/19090"}],"wp:attachment":[{"href":"https:\/\/pequod.nesodd1.no\/index.php?rest_route=%2Fwp%2Fv2%2Fmedia&parent=19168"}],"curies":[{"name":"wp","href":"https:\/\/api.w.org\/{rel}","templated":true}]}}