{"id":19522,"date":"2020-09-25T21:33:23","date_gmt":"2020-09-25T19:33:23","guid":{"rendered":"https:\/\/pequod.nesodd1.no\/?page_id=19522"},"modified":"2023-09-10T17:03:52","modified_gmt":"2023-09-10T15:03:52","slug":"kirkehamn-hidra","status":"publish","type":"page","link":"https:\/\/pequod.nesodd1.no\/?page_id=19522","title":{"rendered":"Kirkehamn (Hidra)"},"content":{"rendered":"<div class=\"postmeta-primary\"><strong>Vurdering (5 anker er best):&nbsp;<a href=\"https:\/\/i0.wp.com\/pequod.nesodd1.no\/wp-content\/uploads\/2019\/10\/klistremerker-anker-og-tau-design.jpg.jpg?ssl=1\"><img loading=\"lazy\" decoding=\"async\" data-attachment-id=\"16489\" data-permalink=\"https:\/\/pequod.nesodd1.no\/?attachment_id=16489\" data-orig-file=\"https:\/\/i0.wp.com\/pequod.nesodd1.no\/wp-content\/uploads\/2019\/10\/klistremerker-anker-og-tau-design.jpg.jpg?fit=25%2C25&amp;ssl=1\" data-orig-size=\"25,25\" data-comments-opened=\"1\" data-image-meta=\"{&quot;aperture&quot;:&quot;0&quot;,&quot;credit&quot;:&quot;tribalium81&quot;,&quot;camera&quot;:&quot;&quot;,&quot;caption&quot;:&quot;&quot;,&quot;created_timestamp&quot;:&quot;0&quot;,&quot;copyright&quot;:&quot;tribalium81&quot;,&quot;focal_length&quot;:&quot;0&quot;,&quot;iso&quot;:&quot;0&quot;,&quot;shutter_speed&quot;:&quot;0&quot;,&quot;title&quot;:&quot;anchor and rope design&quot;,&quot;orientation&quot;:&quot;1&quot;}\" data-image-title=\"anchor and rope design\" data-image-description=\"\" data-image-caption=\"\" data-large-file=\"https:\/\/i0.wp.com\/pequod.nesodd1.no\/wp-content\/uploads\/2019\/10\/klistremerker-anker-og-tau-design.jpg.jpg?fit=25%2C25&amp;ssl=1\" class=\"alignnone size-full wp-image-16489 jetpack-lazy-image jetpack-lazy-image--handled\" src=\"https:\/\/i0.wp.com\/pequod.nesodd1.no\/wp-content\/uploads\/2019\/10\/klistremerker-anker-og-tau-design.jpg.jpg?resize=25%2C25&amp;ssl=1\" alt=\"\" width=\"25\" height=\"25\" data-attachment-id=\"16489\" data-permalink=\"https:\/\/pequod.nesodd1.no\/?attachment_id=16489\" data-orig-file=\"https:\/\/i0.wp.com\/pequod.nesodd1.no\/wp-content\/uploads\/2019\/10\/klistremerker-anker-og-tau-design.jpg.jpg?fit=25%2C25&amp;ssl=1\" data-orig-size=\"25,25\" data-comments-opened=\"1\" data-image-meta=\"{&quot;aperture&quot;:&quot;0&quot;,&quot;credit&quot;:&quot;tribalium81&quot;,&quot;camera&quot;:&quot;&quot;,&quot;caption&quot;:&quot;&quot;,&quot;created_timestamp&quot;:&quot;0&quot;,&quot;copyright&quot;:&quot;tribalium81&quot;,&quot;focal_length&quot;:&quot;0&quot;,&quot;iso&quot;:&quot;0&quot;,&quot;shutter_speed&quot;:&quot;0&quot;,&quot;title&quot;:&quot;anchor and rope design&quot;,&quot;orientation&quot;:&quot;1&quot;}\" data-image-title=\"anchor and rope design\" data-image-description=\"\" data-medium-file=\"https:\/\/i0.wp.com\/pequod.nesodd1.no\/wp-content\/uploads\/2019\/10\/klistremerker-anker-og-tau-design.jpg.jpg?fit=25%2C25&amp;ssl=1\" data-large-file=\"https:\/\/i0.wp.com\/pequod.nesodd1.no\/wp-content\/uploads\/2019\/10\/klistremerker-anker-og-tau-design.jpg.jpg?fit=25%2C25&amp;ssl=1\" data-lazy-loaded=\"1\"><\/a><a href=\"https:\/\/i0.wp.com\/pequod.nesodd1.no\/wp-content\/uploads\/2019\/10\/klistremerker-anker-og-tau-design.jpg.jpg?ssl=1\"><img loading=\"lazy\" decoding=\"async\" data-attachment-id=\"16489\" data-permalink=\"https:\/\/pequod.nesodd1.no\/?attachment_id=16489\" data-orig-file=\"https:\/\/i0.wp.com\/pequod.nesodd1.no\/wp-content\/uploads\/2019\/10\/klistremerker-anker-og-tau-design.jpg.jpg?fit=25%2C25&amp;ssl=1\" data-orig-size=\"25,25\" data-comments-opened=\"1\" data-image-meta=\"{&quot;aperture&quot;:&quot;0&quot;,&quot;credit&quot;:&quot;tribalium81&quot;,&quot;camera&quot;:&quot;&quot;,&quot;caption&quot;:&quot;&quot;,&quot;created_timestamp&quot;:&quot;0&quot;,&quot;copyright&quot;:&quot;tribalium81&quot;,&quot;focal_length&quot;:&quot;0&quot;,&quot;iso&quot;:&quot;0&quot;,&quot;shutter_speed&quot;:&quot;0&quot;,&quot;title&quot;:&quot;anchor and rope design&quot;,&quot;orientation&quot;:&quot;1&quot;}\" data-image-title=\"anchor and rope design\" data-image-description=\"\" data-image-caption=\"\" data-large-file=\"https:\/\/i0.wp.com\/pequod.nesodd1.no\/wp-content\/uploads\/2019\/10\/klistremerker-anker-og-tau-design.jpg.jpg?fit=25%2C25&amp;ssl=1\" class=\"alignnone size-full wp-image-16489 jetpack-lazy-image jetpack-lazy-image--handled\" src=\"https:\/\/i0.wp.com\/pequod.nesodd1.no\/wp-content\/uploads\/2019\/10\/klistremerker-anker-og-tau-design.jpg.jpg?resize=25%2C25&amp;ssl=1\" alt=\"\" width=\"25\" height=\"25\" data-attachment-id=\"16489\" data-permalink=\"https:\/\/pequod.nesodd1.no\/?attachment_id=16489\" data-orig-file=\"https:\/\/i0.wp.com\/pequod.nesodd1.no\/wp-content\/uploads\/2019\/10\/klistremerker-anker-og-tau-design.jpg.jpg?fit=25%2C25&amp;ssl=1\" data-orig-size=\"25,25\" data-comments-opened=\"1\" data-image-meta=\"{&quot;aperture&quot;:&quot;0&quot;,&quot;credit&quot;:&quot;tribalium81&quot;,&quot;camera&quot;:&quot;&quot;,&quot;caption&quot;:&quot;&quot;,&quot;created_timestamp&quot;:&quot;0&quot;,&quot;copyright&quot;:&quot;tribalium81&quot;,&quot;focal_length&quot;:&quot;0&quot;,&quot;iso&quot;:&quot;0&quot;,&quot;shutter_speed&quot;:&quot;0&quot;,&quot;title&quot;:&quot;anchor and rope design&quot;,&quot;orientation&quot;:&quot;1&quot;}\" data-image-title=\"anchor and rope design\" data-image-description=\"\" data-medium-file=\"https:\/\/i0.wp.com\/pequod.nesodd1.no\/wp-content\/uploads\/2019\/10\/klistremerker-anker-og-tau-design.jpg.jpg?fit=25%2C25&amp;ssl=1\" data-large-file=\"https:\/\/i0.wp.com\/pequod.nesodd1.no\/wp-content\/uploads\/2019\/10\/klistremerker-anker-og-tau-design.jpg.jpg?fit=25%2C25&amp;ssl=1\" data-lazy-loaded=\"1\"><\/a><a href=\"https:\/\/i0.wp.com\/pequod.nesodd1.no\/wp-content\/uploads\/2019\/10\/klistremerker-anker-og-tau-design.jpg.jpg?ssl=1\"><img loading=\"lazy\" decoding=\"async\" data-attachment-id=\"16489\" data-permalink=\"https:\/\/pequod.nesodd1.no\/?attachment_id=16489\" data-orig-file=\"https:\/\/i0.wp.com\/pequod.nesodd1.no\/wp-content\/uploads\/2019\/10\/klistremerker-anker-og-tau-design.jpg.jpg?fit=25%2C25&amp;ssl=1\" data-orig-size=\"25,25\" data-comments-opened=\"1\" data-image-meta=\"{&quot;aperture&quot;:&quot;0&quot;,&quot;credit&quot;:&quot;tribalium81&quot;,&quot;camera&quot;:&quot;&quot;,&quot;caption&quot;:&quot;&quot;,&quot;created_timestamp&quot;:&quot;0&quot;,&quot;copyright&quot;:&quot;tribalium81&quot;,&quot;focal_length&quot;:&quot;0&quot;,&quot;iso&quot;:&quot;0&quot;,&quot;shutter_speed&quot;:&quot;0&quot;,&quot;title&quot;:&quot;anchor and rope design&quot;,&quot;orientation&quot;:&quot;1&quot;}\" data-image-title=\"anchor and rope design\" data-image-description=\"\" data-image-caption=\"\" data-large-file=\"https:\/\/i0.wp.com\/pequod.nesodd1.no\/wp-content\/uploads\/2019\/10\/klistremerker-anker-og-tau-design.jpg.jpg?fit=25%2C25&amp;ssl=1\" class=\"alignnone size-full wp-image-16489 jetpack-lazy-image jetpack-lazy-image--handled\" src=\"https:\/\/i0.wp.com\/pequod.nesodd1.no\/wp-content\/uploads\/2019\/10\/klistremerker-anker-og-tau-design.jpg.jpg?resize=25%2C25&amp;ssl=1\" alt=\"\" width=\"25\" height=\"25\" data-attachment-id=\"16489\" data-permalink=\"https:\/\/pequod.nesodd1.no\/?attachment_id=16489\" data-orig-file=\"https:\/\/i0.wp.com\/pequod.nesodd1.no\/wp-content\/uploads\/2019\/10\/klistremerker-anker-og-tau-design.jpg.jpg?fit=25%2C25&amp;ssl=1\" data-orig-size=\"25,25\" data-comments-opened=\"1\" data-image-meta=\"{&quot;aperture&quot;:&quot;0&quot;,&quot;credit&quot;:&quot;tribalium81&quot;,&quot;camera&quot;:&quot;&quot;,&quot;caption&quot;:&quot;&quot;,&quot;created_timestamp&quot;:&quot;0&quot;,&quot;copyright&quot;:&quot;tribalium81&quot;,&quot;focal_length&quot;:&quot;0&quot;,&quot;iso&quot;:&quot;0&quot;,&quot;shutter_speed&quot;:&quot;0&quot;,&quot;title&quot;:&quot;anchor and rope design&quot;,&quot;orientation&quot;:&quot;1&quot;}\" data-image-title=\"anchor and rope design\" data-image-description=\"\" data-medium-file=\"https:\/\/i0.wp.com\/pequod.nesodd1.no\/wp-content\/uploads\/2019\/10\/klistremerker-anker-og-tau-design.jpg.jpg?fit=25%2C25&amp;ssl=1\" data-large-file=\"https:\/\/i0.wp.com\/pequod.nesodd1.no\/wp-content\/uploads\/2019\/10\/klistremerker-anker-og-tau-design.jpg.jpg?fit=25%2C25&amp;ssl=1\" data-lazy-loaded=\"1\"><\/a><\/strong><\/div>\n<div class=\"entry clearfix\"><b>Posisjon:<\/b> 58\u00b014&#8217;2.9&#8243;N 6\u00b031&#8217;55.1&#8243;E<br \/>\n<b>Bes\u00f8kt antall ganger:<\/b> 2<b>&nbsp;Sist bes\u00f8kt:<\/b> September 2023&nbsp; <strong>Webkamera:<\/strong>&nbsp;Nei&nbsp;&nbsp;<br \/>\n<b>Fasiliteter:<\/b> Toaletter og vaskemaskinrom. Kaf\u00e9. Mulighet for str\u00f8m. Drivstoff-fylling i havna. Butikk.<br \/>\n<strong>Havneavgift (for 29-foter):<\/strong> 150 kroner som vippses. 50 kroner for str\u00f8m. Dette gjelder anlegget ved fiskehavnen, vet ikke hva det koster p\u00e5 motsatt side.<br \/>\n<strong>Fort\u00f8yning:<\/strong> Langsides eller i b\u00e5s.<br \/>\n<b>Tilrettelagt for funksjonshemmede:&nbsp;&nbsp;<\/b>Nei. Trapp for \u00e5 komme opp p\u00e5 gateniv\u00e5. Men man kommer seg greit fra b\u00e5ten p\u00e5 longsideplass og til kafeen&#8230;I fiskerihavna er det vanlig rampe fra brygga og opp til land.<\/div>\n<div>Kirkehamn er et koselig lite tettsted p\u00e5 \u00f8ya Hidra. Det er ikke snakk om noen gjestehavn, men noen gjesteplasser som ligger i tilknytning til stedets kaf\u00e9. OBS: Har i ettertid f\u00e5tt vite at det ogs\u00e5 er gjesteplasser p\u00e5 andre siden av der jeg la meg.<\/div>\n<div>&nbsp;<\/div>\n<div>Jeg ankom dagen etter at kafeen var stengt for sesongen og jeg kunne ikke se at det var noen betaling for \u00e5 ligge der. <a href=\"https:\/\/i0.wp.com\/pequod.nesodd1.no\/wp-content\/uploads\/2020\/08\/117999085_10157227432272032_1292871215777479174_n.jpg?ssl=1\"><img data-recalc-dims=\"1\" loading=\"lazy\" decoding=\"async\" data-attachment-id=\"19557\" data-permalink=\"https:\/\/pequod.nesodd1.no\/?attachment_id=19557\" data-orig-file=\"https:\/\/i0.wp.com\/pequod.nesodd1.no\/wp-content\/uploads\/2020\/08\/117999085_10157227432272032_1292871215777479174_n.jpg?fit=960%2C720&amp;ssl=1\" data-orig-size=\"960,720\" data-comments-opened=\"1\" data-image-meta=\"{&quot;aperture&quot;:&quot;0&quot;,&quot;credit&quot;:&quot;&quot;,&quot;camera&quot;:&quot;&quot;,&quot;caption&quot;:&quot;&quot;,&quot;created_timestamp&quot;:&quot;0&quot;,&quot;copyright&quot;:&quot;&quot;,&quot;focal_length&quot;:&quot;0&quot;,&quot;iso&quot;:&quot;0&quot;,&quot;shutter_speed&quot;:&quot;0&quot;,&quot;title&quot;:&quot;&quot;,&quot;orientation&quot;:&quot;0&quot;}\" data-image-title=\"117999085_10157227432272032_1292871215777479174_n\" data-image-description=\"&lt;p&gt;Hidra, Kirkehamn&lt;\/p&gt;\n\" data-image-caption=\"\" data-large-file=\"https:\/\/i0.wp.com\/pequod.nesodd1.no\/wp-content\/uploads\/2020\/08\/117999085_10157227432272032_1292871215777479174_n.jpg?fit=940%2C705&amp;ssl=1\" class=\"alignleft size-medium wp-image-19557\" src=\"https:\/\/i0.wp.com\/pequod.nesodd1.no\/wp-content\/uploads\/2020\/08\/117999085_10157227432272032_1292871215777479174_n.jpg?resize=300%2C225&#038;ssl=1\" alt=\"\" width=\"300\" height=\"225\" srcset=\"https:\/\/i0.wp.com\/pequod.nesodd1.no\/wp-content\/uploads\/2020\/08\/117999085_10157227432272032_1292871215777479174_n.jpg?resize=300%2C225&amp;ssl=1 300w, https:\/\/i0.wp.com\/pequod.nesodd1.no\/wp-content\/uploads\/2020\/08\/117999085_10157227432272032_1292871215777479174_n.jpg?resize=100%2C75&amp;ssl=1 100w, https:\/\/i0.wp.com\/pequod.nesodd1.no\/wp-content\/uploads\/2020\/08\/117999085_10157227432272032_1292871215777479174_n.jpg?resize=768%2C576&amp;ssl=1 768w, https:\/\/i0.wp.com\/pequod.nesodd1.no\/wp-content\/uploads\/2020\/08\/117999085_10157227432272032_1292871215777479174_n.jpg?w=960&amp;ssl=1 960w\" sizes=\"auto, (max-width: 300px) 100vw, 300px\" \/><\/a>Mulig det m\u00e5 betales noe i kafeen hvis man ankommer i sommersesongen? Det var s\u00e5 stille og \u00f8de da jeg kom der at jeg egentlig ikke fikk noe spesielt inntrykk av stedet ellers.<\/div>\n<div>&nbsp;<\/div>\n<div>Gjesteplassene er p\u00e5 utsiden av en litt sliten brygge, samt i noen dobbeltb\u00e5ser p\u00e5 nordsiden. B\u00e5sene p\u00e5 motsatt side er private plasser.<\/div>\n<div>&nbsp;<\/div>\n<div>Like ved gjestebrygga er det ogs\u00e5 et gjestgiveri som tilbyr overnatting, slik jeg har forst\u00e5tt det. Ogs\u00e5 det i sommersesongen.&nbsp;<\/div>\n<div>Hvis du har en lang landstr\u00f8mskabel og det ikke er fullt av b\u00e5ter p\u00e5 brygga, s\u00e5 er det noen f\u00e5 uttak til str\u00f8m p\u00e5 kafebygningen.<\/div>\n<div>&nbsp;<\/div>\n<div><strong>OPPDATERT 2023:<\/strong><\/div>\n<div>Etter at jeg var her for tre \u00e5r siden fikk jeg vite at det var andre steder \u00e5 legge seg til ogs\u00e5. S\u00e5 p\u00e5 mitt andre bes\u00f8k la jeg meg til i fiskehavna som ligger tvers over sundet fra den kafeen (n\u00e5 isbar) jeg l\u00e5 ved i 2020.<\/div>\n<div><a href=\"https:\/\/i0.wp.com\/pequod.nesodd1.no\/wp-content\/uploads\/2023\/09\/IMG_3053.jpeg.5f9f5184f7342b98f15943dd5d404807.jpeg?ssl=1\"><img data-recalc-dims=\"1\" loading=\"lazy\" decoding=\"async\" data-attachment-id=\"27615\" data-permalink=\"https:\/\/pequod.nesodd1.no\/?attachment_id=27615\" data-orig-file=\"https:\/\/i0.wp.com\/pequod.nesodd1.no\/wp-content\/uploads\/2023\/09\/IMG_3053.jpeg.5f9f5184f7342b98f15943dd5d404807.jpeg?fit=1000%2C750&amp;ssl=1\" data-orig-size=\"1000,750\" data-comments-opened=\"1\" data-image-meta=\"{&quot;aperture&quot;:&quot;0&quot;,&quot;credit&quot;:&quot;&quot;,&quot;camera&quot;:&quot;&quot;,&quot;caption&quot;:&quot;&quot;,&quot;created_timestamp&quot;:&quot;0&quot;,&quot;copyright&quot;:&quot;&quot;,&quot;focal_length&quot;:&quot;0&quot;,&quot;iso&quot;:&quot;0&quot;,&quot;shutter_speed&quot;:&quot;0&quot;,&quot;title&quot;:&quot;&quot;,&quot;orientation&quot;:&quot;0&quot;}\" data-image-title=\"IMG_3053.jpeg.5f9f5184f7342b98f15943dd5d404807\" data-image-description=\"&lt;p&gt;Kirkehamn, Hidra&lt;\/p&gt;\n\" data-image-caption=\"\" data-large-file=\"https:\/\/i0.wp.com\/pequod.nesodd1.no\/wp-content\/uploads\/2023\/09\/IMG_3053.jpeg.5f9f5184f7342b98f15943dd5d404807.jpeg?fit=940%2C705&amp;ssl=1\" class=\"alignleft size-medium wp-image-27615\" src=\"https:\/\/i0.wp.com\/pequod.nesodd1.no\/wp-content\/uploads\/2023\/09\/IMG_3053.jpeg.5f9f5184f7342b98f15943dd5d404807.jpeg?resize=300%2C225&#038;ssl=1\" alt=\"\" width=\"300\" height=\"225\" srcset=\"https:\/\/i0.wp.com\/pequod.nesodd1.no\/wp-content\/uploads\/2023\/09\/IMG_3053.jpeg.5f9f5184f7342b98f15943dd5d404807.jpeg?resize=300%2C225&amp;ssl=1 300w, https:\/\/i0.wp.com\/pequod.nesodd1.no\/wp-content\/uploads\/2023\/09\/IMG_3053.jpeg.5f9f5184f7342b98f15943dd5d404807.jpeg?resize=100%2C75&amp;ssl=1 100w, https:\/\/i0.wp.com\/pequod.nesodd1.no\/wp-content\/uploads\/2023\/09\/IMG_3053.jpeg.5f9f5184f7342b98f15943dd5d404807.jpeg?resize=768%2C576&amp;ssl=1 768w, https:\/\/i0.wp.com\/pequod.nesodd1.no\/wp-content\/uploads\/2023\/09\/IMG_3053.jpeg.5f9f5184f7342b98f15943dd5d404807.jpeg?w=1000&amp;ssl=1 1000w\" sizes=\"auto, (max-width: 300px) 100vw, 300px\" \/><\/a><\/div>\n<div>&nbsp;<\/div>\n<div>Her fant jeg en brygge p\u00e5 s\u00f8rsiden som var merket gjestebrygge, og la meg til der etter f\u00f8rst \u00e5 ha lagt meg til en av bryggene med store gummidekk for \u00e5 orientere meg litt. De bryggene er nok for fiskeb\u00e5tene. Der er det ogs\u00e5 drivstoffmuligheter. P\u00e5 styrbord side n\u00e5r du kommer inn havna.<\/div>\n<div>&nbsp;<\/div>\n<div>Ved gjestebrygga er det str\u00f8mmuligheter hvis du har en lang landstr\u00f8mkabel\/skj\u00f8teledning. Stolpen st\u00e5r nemlig p\u00e5 land og er den eneste som er der. Den har ogs\u00e5 kun vanlig &laquo;kj\u00f8kkenkontakt&raquo; som jeg kaller det, alts\u00e5 vanlig jordet to-pins. Der er ogs\u00e5 den eneste slangen med vann plassert. Ingenting p\u00e5 selve brygga.<\/div>\n<div>&nbsp;<\/div>\n<div>Luka til str\u00f8mstolpen skal if\u00f8lge oppslaget v\u00e6re l\u00e5st og n\u00f8kkelen ligge i en postkasse ved servicebygget. Men lokket var \u00e5pent da jeg l\u00e5 der. Serviceanlegget er standard, ikke noe voldsomt standard, men ikke det verste jeg har sett heller. Skal visst v\u00e6re vaskemaskin ogs\u00e5, men ikke der jeg var. Kan hende det var den andre d\u00f8ra, som var l\u00e5st.<\/div>\n<div>&nbsp;<\/div>\n<div>Dette servicebygget deler du for \u00f8vrig med bobilgjestene.<\/div>\n<div>&nbsp;<\/div>\n<div>If\u00f8lge diverse havneguider og havneb\u00f8ker kan man ogs\u00e5 legge seg ved den kommunale kaia lenger inn i sundet. Jeg var innom der fra landsiden og der jobbes det med et kystkultursenter, men det var ledige plasser der. S\u00e5 ut til \u00e5 v\u00e6re str\u00f8muttak p\u00e5 veggen.<\/div>\n<div>&nbsp;<\/div>\n<div>Er du f\u00f8rst i Kirkehamn anbefaler jeg \u00e5 ta en tur opp til H\u00e5g\u00e5sen og restene av det tyske kystfortet der. Der f\u00e5r du en fantastisk utsikt b\u00e5de utover Nordsj\u00f8en nordover og over store deler av Kirkehamn. Du g\u00e5r opp bilveien til h\u00f8yre for butikken. P\u00e5 toppen g\u00e5r du over til h\u00f8yre side av veien, der er det en grusvei som g\u00e5r oppover. Det er en infotavle helt i begynnelsen.&nbsp; Det tok meg cirka en time og femten minutter fra gjestebrygga og opp til toppen. Stort sett grusvei helt fram til du kommer opp. Verdt turen!<\/div>\n<div>&nbsp;<\/div>\n<div><a href=\"https:\/\/i0.wp.com\/pequod.nesodd1.no\/wp-content\/uploads\/2023\/09\/IMG_3187.jpeg.01f00ffa99fbfaf083f2ec3781caef19.jpeg?ssl=1\"><img data-recalc-dims=\"1\" loading=\"lazy\" decoding=\"async\" data-attachment-id=\"27616\" data-permalink=\"https:\/\/pequod.nesodd1.no\/?attachment_id=27616\" data-orig-file=\"https:\/\/i0.wp.com\/pequod.nesodd1.no\/wp-content\/uploads\/2023\/09\/IMG_3187.jpeg.01f00ffa99fbfaf083f2ec3781caef19.jpeg?fit=1000%2C750&amp;ssl=1\" data-orig-size=\"1000,750\" data-comments-opened=\"1\" data-image-meta=\"{&quot;aperture&quot;:&quot;0&quot;,&quot;credit&quot;:&quot;&quot;,&quot;camera&quot;:&quot;&quot;,&quot;caption&quot;:&quot;&quot;,&quot;created_timestamp&quot;:&quot;0&quot;,&quot;copyright&quot;:&quot;&quot;,&quot;focal_length&quot;:&quot;0&quot;,&quot;iso&quot;:&quot;0&quot;,&quot;shutter_speed&quot;:&quot;0&quot;,&quot;title&quot;:&quot;&quot;,&quot;orientation&quot;:&quot;0&quot;}\" data-image-title=\"IMG_3187.jpeg.01f00ffa99fbfaf083f2ec3781caef19\" data-image-description=\"&lt;p&gt;H\u00e5g\u00e5sen, Hidra, Kirkehamn&lt;\/p&gt;\n\" data-image-caption=\"\" data-large-file=\"https:\/\/i0.wp.com\/pequod.nesodd1.no\/wp-content\/uploads\/2023\/09\/IMG_3187.jpeg.01f00ffa99fbfaf083f2ec3781caef19.jpeg?fit=940%2C705&amp;ssl=1\" class=\"aligncenter size-full wp-image-27616\" src=\"https:\/\/i0.wp.com\/pequod.nesodd1.no\/wp-content\/uploads\/2023\/09\/IMG_3187.jpeg.01f00ffa99fbfaf083f2ec3781caef19.jpeg?resize=940%2C705&#038;ssl=1\" alt=\"\" width=\"940\" height=\"705\" srcset=\"https:\/\/i0.wp.com\/pequod.nesodd1.no\/wp-content\/uploads\/2023\/09\/IMG_3187.jpeg.01f00ffa99fbfaf083f2ec3781caef19.jpeg?w=1000&amp;ssl=1 1000w, https:\/\/i0.wp.com\/pequod.nesodd1.no\/wp-content\/uploads\/2023\/09\/IMG_3187.jpeg.01f00ffa99fbfaf083f2ec3781caef19.jpeg?resize=300%2C225&amp;ssl=1 300w, https:\/\/i0.wp.com\/pequod.nesodd1.no\/wp-content\/uploads\/2023\/09\/IMG_3187.jpeg.01f00ffa99fbfaf083f2ec3781caef19.jpeg?resize=100%2C75&amp;ssl=1 100w, https:\/\/i0.wp.com\/pequod.nesodd1.no\/wp-content\/uploads\/2023\/09\/IMG_3187.jpeg.01f00ffa99fbfaf083f2ec3781caef19.jpeg?resize=768%2C576&amp;ssl=1 768w\" sizes=\"auto, (max-width: 940px) 100vw, 940px\" \/><\/a><\/div>\n<div>&nbsp;<\/div>\n<div>&nbsp;<\/div>\n<h3>Related Images:<\/h3>","protected":false},"excerpt":{"rendered":"<p>Vurdering (5 anker er best):&nbsp; Posisjon: 58\u00b014&#8217;2.9&#8243;N 6\u00b031&#8217;55.1&#8243;E Bes\u00f8kt antall ganger: 2&nbsp;Sist bes\u00f8kt: September 2023&nbsp; Webkamera:&nbsp;Nei&nbsp;&nbsp; Fasiliteter: Toaletter og vaskemaskinrom. Kaf\u00e9. Mulighet for str\u00f8m. Drivstoff-fylling i havna. Butikk. Havneavgift (for 29-foter): 150 kroner som vippses. 50 kroner for str\u00f8m. Dette gjelder anlegget ved fiskehavnen, vet ikke hva det koster p\u00e5 motsatt side. Fort\u00f8yning: Langsides eller &hellip;<br \/><a href=\"https:\/\/pequod.nesodd1.no\/?page_id=19522\" class=\"more-link pen_element_default pen_icon_arrow_double\">Les<\/a><\/p>\n","protected":false},"author":1,"featured_media":19558,"parent":5665,"menu_order":0,"comment_status":"closed","ping_status":"closed","template":"","meta":{"_crdt_document":"","ngg_post_thumbnail":0,"jetpack_post_was_ever_published":false,"footnotes":""},"class_list":["post-19522","page","type-page","status-publish","has-post-thumbnail","hentry"],"jetpack_shortlink":"https:\/\/wp.me\/P3Zd9b-54S","jetpack_sharing_enabled":true,"jetpack_likes_enabled":true,"jetpack-related-posts":[],"_links":{"self":[{"href":"https:\/\/pequod.nesodd1.no\/index.php?rest_route=\/wp\/v2\/pages\/19522","targetHints":{"allow":["GET"]}}],"collection":[{"href":"https:\/\/pequod.nesodd1.no\/index.php?rest_route=\/wp\/v2\/pages"}],"about":[{"href":"https:\/\/pequod.nesodd1.no\/index.php?rest_route=\/wp\/v2\/types\/page"}],"author":[{"embeddable":true,"href":"https:\/\/pequod.nesodd1.no\/index.php?rest_route=\/wp\/v2\/users\/1"}],"replies":[{"embeddable":true,"href":"https:\/\/pequod.nesodd1.no\/index.php?rest_route=%2Fwp%2Fv2%2Fcomments&post=19522"}],"version-history":[{"count":16,"href":"https:\/\/pequod.nesodd1.no\/index.php?rest_route=\/wp\/v2\/pages\/19522\/revisions"}],"predecessor-version":[{"id":27621,"href":"https:\/\/pequod.nesodd1.no\/index.php?rest_route=\/wp\/v2\/pages\/19522\/revisions\/27621"}],"up":[{"embeddable":true,"href":"https:\/\/pequod.nesodd1.no\/index.php?rest_route=\/wp\/v2\/pages\/5665"}],"wp:featuredmedia":[{"embeddable":true,"href":"https:\/\/pequod.nesodd1.no\/index.php?rest_route=\/wp\/v2\/media\/19558"}],"wp:attachment":[{"href":"https:\/\/pequod.nesodd1.no\/index.php?rest_route=%2Fwp%2Fv2%2Fmedia&parent=19522"}],"curies":[{"name":"wp","href":"https:\/\/api.w.org\/{rel}","templated":true}]}}