{"id":19524,"date":"2020-09-25T23:23:10","date_gmt":"2020-09-25T21:23:10","guid":{"rendered":"https:\/\/pequod.nesodd1.no\/?page_id=19524"},"modified":"2024-03-13T16:48:19","modified_gmt":"2024-03-13T15:48:19","slug":"rasvag-hidra","status":"publish","type":"page","link":"https:\/\/pequod.nesodd1.no\/?page_id=19524","title":{"rendered":"Rasv\u00e5g (Hidra)"},"content":{"rendered":"<p><strong>Vurdering (5 anker er best): <a href=\"https:\/\/i0.wp.com\/pequod.nesodd1.no\/wp-content\/uploads\/2019\/10\/klistremerker-anker-og-tau-design.jpg.jpg?ssl=1\"><img data-recalc-dims=\"1\" loading=\"lazy\" decoding=\"async\" data-attachment-id=\"16489\" data-permalink=\"https:\/\/pequod.nesodd1.no\/?attachment_id=16489\" data-orig-file=\"https:\/\/i0.wp.com\/pequod.nesodd1.no\/wp-content\/uploads\/2019\/10\/klistremerker-anker-og-tau-design.jpg.jpg?fit=25%2C25&amp;ssl=1\" data-orig-size=\"25,25\" data-comments-opened=\"1\" data-image-meta=\"{&quot;aperture&quot;:&quot;0&quot;,&quot;credit&quot;:&quot;tribalium81&quot;,&quot;camera&quot;:&quot;&quot;,&quot;caption&quot;:&quot;&quot;,&quot;created_timestamp&quot;:&quot;0&quot;,&quot;copyright&quot;:&quot;tribalium81&quot;,&quot;focal_length&quot;:&quot;0&quot;,&quot;iso&quot;:&quot;0&quot;,&quot;shutter_speed&quot;:&quot;0&quot;,&quot;title&quot;:&quot;anchor and rope design&quot;,&quot;orientation&quot;:&quot;1&quot;}\" data-image-title=\"anchor and rope design\" data-image-description=\"\" data-image-caption=\"\" data-large-file=\"https:\/\/i0.wp.com\/pequod.nesodd1.no\/wp-content\/uploads\/2019\/10\/klistremerker-anker-og-tau-design.jpg.jpg?fit=25%2C25&amp;ssl=1\" class=\"alignnone size-full wp-image-16489\" src=\"https:\/\/i0.wp.com\/pequod.nesodd1.no\/wp-content\/uploads\/2019\/10\/klistremerker-anker-og-tau-design.jpg.jpg?resize=25%2C25&#038;ssl=1\" alt=\"\" width=\"25\" height=\"25\"><\/a><a href=\"https:\/\/i0.wp.com\/pequod.nesodd1.no\/wp-content\/uploads\/2019\/10\/klistremerker-anker-og-tau-design.jpg.jpg?ssl=1\"><img data-recalc-dims=\"1\" loading=\"lazy\" decoding=\"async\" data-attachment-id=\"16489\" data-permalink=\"https:\/\/pequod.nesodd1.no\/?attachment_id=16489\" data-orig-file=\"https:\/\/i0.wp.com\/pequod.nesodd1.no\/wp-content\/uploads\/2019\/10\/klistremerker-anker-og-tau-design.jpg.jpg?fit=25%2C25&amp;ssl=1\" data-orig-size=\"25,25\" data-comments-opened=\"1\" data-image-meta=\"{&quot;aperture&quot;:&quot;0&quot;,&quot;credit&quot;:&quot;tribalium81&quot;,&quot;camera&quot;:&quot;&quot;,&quot;caption&quot;:&quot;&quot;,&quot;created_timestamp&quot;:&quot;0&quot;,&quot;copyright&quot;:&quot;tribalium81&quot;,&quot;focal_length&quot;:&quot;0&quot;,&quot;iso&quot;:&quot;0&quot;,&quot;shutter_speed&quot;:&quot;0&quot;,&quot;title&quot;:&quot;anchor and rope design&quot;,&quot;orientation&quot;:&quot;1&quot;}\" data-image-title=\"anchor and rope design\" data-image-description=\"\" data-image-caption=\"\" data-large-file=\"https:\/\/i0.wp.com\/pequod.nesodd1.no\/wp-content\/uploads\/2019\/10\/klistremerker-anker-og-tau-design.jpg.jpg?fit=25%2C25&amp;ssl=1\" class=\"alignnone size-full wp-image-16489\" src=\"https:\/\/i0.wp.com\/pequod.nesodd1.no\/wp-content\/uploads\/2019\/10\/klistremerker-anker-og-tau-design.jpg.jpg?resize=25%2C25&#038;ssl=1\" alt=\"\" width=\"25\" height=\"25\"><\/a><a href=\"https:\/\/i0.wp.com\/pequod.nesodd1.no\/wp-content\/uploads\/2019\/10\/klistremerker-anker-og-tau-design.jpg.jpg?ssl=1\"><img data-recalc-dims=\"1\" loading=\"lazy\" decoding=\"async\" data-attachment-id=\"16489\" data-permalink=\"https:\/\/pequod.nesodd1.no\/?attachment_id=16489\" data-orig-file=\"https:\/\/i0.wp.com\/pequod.nesodd1.no\/wp-content\/uploads\/2019\/10\/klistremerker-anker-og-tau-design.jpg.jpg?fit=25%2C25&amp;ssl=1\" data-orig-size=\"25,25\" data-comments-opened=\"1\" data-image-meta=\"{&quot;aperture&quot;:&quot;0&quot;,&quot;credit&quot;:&quot;tribalium81&quot;,&quot;camera&quot;:&quot;&quot;,&quot;caption&quot;:&quot;&quot;,&quot;created_timestamp&quot;:&quot;0&quot;,&quot;copyright&quot;:&quot;tribalium81&quot;,&quot;focal_length&quot;:&quot;0&quot;,&quot;iso&quot;:&quot;0&quot;,&quot;shutter_speed&quot;:&quot;0&quot;,&quot;title&quot;:&quot;anchor and rope design&quot;,&quot;orientation&quot;:&quot;1&quot;}\" data-image-title=\"anchor and rope design\" data-image-description=\"\" data-image-caption=\"\" data-large-file=\"https:\/\/i0.wp.com\/pequod.nesodd1.no\/wp-content\/uploads\/2019\/10\/klistremerker-anker-og-tau-design.jpg.jpg?fit=25%2C25&amp;ssl=1\" class=\"alignnone size-full wp-image-16489\" src=\"https:\/\/i0.wp.com\/pequod.nesodd1.no\/wp-content\/uploads\/2019\/10\/klistremerker-anker-og-tau-design.jpg.jpg?resize=25%2C25&#038;ssl=1\" alt=\"\" width=\"25\" height=\"25\"><\/a><\/strong><br \/>\n<strong>Posisjon:<\/strong> 58\u00b012&#8217;49.9&#8243;N 6\u00b034&#8217;51.5&#8243;E<br \/>\n<strong>Bes\u00f8kt antall ganger:<\/strong> 3 <strong>Sist bes\u00f8kt<\/strong>: September 2023&nbsp;&nbsp;<br \/>\n<strong>Fasiliteter:<\/strong> Toaletter og dusj. Vaskemaskin og t\u00f8rketrommel. Str\u00f8m og vann. Grillplass og sitteplasser p\u00e5 land. Dagligvarebutikk, kaf\u00e9 og museum.<br \/>\n<strong>Havneavgift (for 29-foter):<\/strong> 100 NOK pluss 50 NOK str\u00f8m. 50 NOK for \u00e5 bruke dusj\/vaskemaskin\/t\u00f8rketrommel. Vippses. Plakat med nummer p\u00e5 brygga helt innerst ved land.<br \/>\n<strong>Fort\u00f8yning:<\/strong> Langsides ytterst og innerst.<br \/>\n<strong>Tilrettelagt for funksjonshemmede:<\/strong> &nbsp;Ja, greit \u00e5 komme seg p\u00e5 land fra flytebryggene. Grei standard p\u00e5 servicebygget, platting til rullestol.<\/p>\n<div>&nbsp;<\/div>\n<div><a href=\"https:\/\/i0.wp.com\/pequod.nesodd1.no\/wp-content\/uploads\/2020\/08\/118139957_10157227430212032_2809278972812338136_n.jpg?ssl=1\"><img data-recalc-dims=\"1\" loading=\"lazy\" decoding=\"async\" data-attachment-id=\"19550\" data-permalink=\"https:\/\/pequod.nesodd1.no\/?attachment_id=19550\" data-orig-file=\"https:\/\/i0.wp.com\/pequod.nesodd1.no\/wp-content\/uploads\/2020\/08\/118139957_10157227430212032_2809278972812338136_n.jpg?fit=960%2C720&amp;ssl=1\" data-orig-size=\"960,720\" data-comments-opened=\"1\" data-image-meta=\"{&quot;aperture&quot;:&quot;0&quot;,&quot;credit&quot;:&quot;&quot;,&quot;camera&quot;:&quot;&quot;,&quot;caption&quot;:&quot;&quot;,&quot;created_timestamp&quot;:&quot;0&quot;,&quot;copyright&quot;:&quot;&quot;,&quot;focal_length&quot;:&quot;0&quot;,&quot;iso&quot;:&quot;0&quot;,&quot;shutter_speed&quot;:&quot;0&quot;,&quot;title&quot;:&quot;&quot;,&quot;orientation&quot;:&quot;0&quot;}\" data-image-title=\"118139957_10157227430212032_2809278972812338136_n\" data-image-description=\"&lt;p&gt;Hidra, Rasv\u00e5g&lt;\/p&gt;\n\" data-image-caption=\"\" data-large-file=\"https:\/\/i0.wp.com\/pequod.nesodd1.no\/wp-content\/uploads\/2020\/08\/118139957_10157227430212032_2809278972812338136_n.jpg?fit=940%2C705&amp;ssl=1\" class=\"size-medium wp-image-19550 alignleft\" src=\"https:\/\/i0.wp.com\/pequod.nesodd1.no\/wp-content\/uploads\/2020\/08\/118139957_10157227430212032_2809278972812338136_n.jpg?resize=300%2C225&#038;ssl=1\" alt=\"\" width=\"300\" height=\"225\" srcset=\"https:\/\/i0.wp.com\/pequod.nesodd1.no\/wp-content\/uploads\/2020\/08\/118139957_10157227430212032_2809278972812338136_n.jpg?resize=300%2C225&amp;ssl=1 300w, https:\/\/i0.wp.com\/pequod.nesodd1.no\/wp-content\/uploads\/2020\/08\/118139957_10157227430212032_2809278972812338136_n.jpg?resize=100%2C75&amp;ssl=1 100w, https:\/\/i0.wp.com\/pequod.nesodd1.no\/wp-content\/uploads\/2020\/08\/118139957_10157227430212032_2809278972812338136_n.jpg?resize=768%2C576&amp;ssl=1 768w, https:\/\/i0.wp.com\/pequod.nesodd1.no\/wp-content\/uploads\/2020\/08\/118139957_10157227430212032_2809278972812338136_n.jpg?w=960&amp;ssl=1 960w\" sizes=\"auto, (max-width: 300px) 100vw, 300px\" \/><\/a>Rasv\u00e5g er litt st\u00f8rre enn Kirkehamn (virket i alle fall slik) og ogs\u00e5 veldig koselig. Her fikk jeg sett meg litt mer rundt p\u00e5 land enn i Kirkehamn.<\/div>\n<div>&nbsp;<\/div>\n<div>Typisk s\u00f8rlandsidyll med mange hvite trehus og en liten dagligvarebutikk. Men jeg var her p\u00e5 en s\u00f8ndag p\u00e5 slutten av hovedsesongen, s\u00e5 her var det d\u00f8rgende stille.<\/div>\n<div>&nbsp;<\/div>\n<div>Men jeg s\u00e5 nok av stedet til \u00e5 ha lyst til \u00e5 komme tilbake hit neste gang jeg er p\u00e5 disse kanter.<\/div>\n<div>&nbsp;<\/div>\n<div><a href=\"https:\/\/i0.wp.com\/pequod.nesodd1.no\/wp-content\/uploads\/2023\/09\/IMG_2905.jpeg.1488ce3f1945c4b363c3e660d90ccbe4.jpeg?ssl=1\"><img data-recalc-dims=\"1\" loading=\"lazy\" decoding=\"async\" data-attachment-id=\"27612\" data-permalink=\"https:\/\/pequod.nesodd1.no\/?attachment_id=27612\" data-orig-file=\"https:\/\/i0.wp.com\/pequod.nesodd1.no\/wp-content\/uploads\/2023\/09\/IMG_2905.jpeg.1488ce3f1945c4b363c3e660d90ccbe4.jpeg?fit=1000%2C750&amp;ssl=1\" data-orig-size=\"1000,750\" data-comments-opened=\"1\" data-image-meta=\"{&quot;aperture&quot;:&quot;0&quot;,&quot;credit&quot;:&quot;&quot;,&quot;camera&quot;:&quot;&quot;,&quot;caption&quot;:&quot;&quot;,&quot;created_timestamp&quot;:&quot;0&quot;,&quot;copyright&quot;:&quot;&quot;,&quot;focal_length&quot;:&quot;0&quot;,&quot;iso&quot;:&quot;0&quot;,&quot;shutter_speed&quot;:&quot;0&quot;,&quot;title&quot;:&quot;&quot;,&quot;orientation&quot;:&quot;0&quot;}\" data-image-title=\"IMG_2905.jpeg.1488ce3f1945c4b363c3e660d90ccbe4\" data-image-description=\"&lt;p&gt;Rasv\u00e5g, Hidra, butikk&lt;\/p&gt;\n\" data-image-caption=\"\" data-large-file=\"https:\/\/i0.wp.com\/pequod.nesodd1.no\/wp-content\/uploads\/2023\/09\/IMG_2905.jpeg.1488ce3f1945c4b363c3e660d90ccbe4.jpeg?fit=940%2C705&amp;ssl=1\" class=\"size-medium wp-image-27612 alignright\" src=\"https:\/\/i0.wp.com\/pequod.nesodd1.no\/wp-content\/uploads\/2023\/09\/IMG_2905.jpeg.1488ce3f1945c4b363c3e660d90ccbe4.jpeg?resize=300%2C225&#038;ssl=1\" alt=\"\" width=\"300\" height=\"225\" srcset=\"https:\/\/i0.wp.com\/pequod.nesodd1.no\/wp-content\/uploads\/2023\/09\/IMG_2905.jpeg.1488ce3f1945c4b363c3e660d90ccbe4.jpeg?resize=300%2C225&amp;ssl=1 300w, https:\/\/i0.wp.com\/pequod.nesodd1.no\/wp-content\/uploads\/2023\/09\/IMG_2905.jpeg.1488ce3f1945c4b363c3e660d90ccbe4.jpeg?resize=100%2C75&amp;ssl=1 100w, https:\/\/i0.wp.com\/pequod.nesodd1.no\/wp-content\/uploads\/2023\/09\/IMG_2905.jpeg.1488ce3f1945c4b363c3e660d90ccbe4.jpeg?resize=768%2C576&amp;ssl=1 768w, https:\/\/i0.wp.com\/pequod.nesodd1.no\/wp-content\/uploads\/2023\/09\/IMG_2905.jpeg.1488ce3f1945c4b363c3e660d90ccbe4.jpeg?w=1000&amp;ssl=1 1000w\" sizes=\"auto, (max-width: 300px) 100vw, 300px\" \/><\/a>I og med at det er et litt bedre servicetilbud i denne havna, s\u00e5 har jeg lagt til Rasv\u00e5g under fanen &laquo;Gjestehavner&raquo; &#8211; Kirkehamn har jeg lagt inn under &laquo;Andre havner&raquo; da tilbudet der var en del d\u00e5rligere.<\/div>\n<div>&nbsp;<\/div>\n<div>V\u00e6r OBS p\u00e5 at str\u00f8m er kun vanlig jordet &laquo;kj\u00f8kkenkontakt&raquo;. P\u00e5 den ytterste brygga hvor jeg l\u00e5 er det kun str\u00f8mstolper i hver ende.<\/div>\n<div>&nbsp;<\/div>\n<div><strong>OPPDATERT 2023:&nbsp;&nbsp;<\/strong>Fortsatt like koselig her under mitt andre og tredje bes\u00f8k tre \u00e5r senere. Har oppdatert med priser siden jeg overnattet denne gang. Rimelig og greit. Butikken var \u00e5pen denne gangen.&nbsp; Stenger 17.00. Hyggelig betjening. Har visst v\u00e6rt butikk i de samme lokalene siden 1947.<\/div>\n<div>&nbsp;<\/div>\n<div><a href=\"https:\/\/i0.wp.com\/pequod.nesodd1.no\/wp-content\/uploads\/2020\/09\/6CE13FFF-9DB1-4ADB-BBD9-C64364A04114.jpeg.fc9ab4ddbf2c1a6da2d0f8176352047c.jpeg?ssl=1\"><img data-recalc-dims=\"1\" loading=\"lazy\" decoding=\"async\" data-attachment-id=\"19835\" data-permalink=\"https:\/\/pequod.nesodd1.no\/?attachment_id=19835\" data-orig-file=\"https:\/\/i0.wp.com\/pequod.nesodd1.no\/wp-content\/uploads\/2020\/09\/6CE13FFF-9DB1-4ADB-BBD9-C64364A04114.jpeg.fc9ab4ddbf2c1a6da2d0f8176352047c.jpeg?fit=640%2C480&amp;ssl=1\" data-orig-size=\"640,480\" data-comments-opened=\"1\" data-image-meta=\"{&quot;aperture&quot;:&quot;0&quot;,&quot;credit&quot;:&quot;&quot;,&quot;camera&quot;:&quot;&quot;,&quot;caption&quot;:&quot;&quot;,&quot;created_timestamp&quot;:&quot;0&quot;,&quot;copyright&quot;:&quot;&quot;,&quot;focal_length&quot;:&quot;0&quot;,&quot;iso&quot;:&quot;0&quot;,&quot;shutter_speed&quot;:&quot;0&quot;,&quot;title&quot;:&quot;&quot;,&quot;orientation&quot;:&quot;0&quot;}\" data-image-title=\"6CE13FFF-9DB1-4ADB-BBD9-C64364A04114.jpeg.fc9ab4ddbf2c1a6da2d0f8176352047c\" data-image-description=\"&lt;p&gt;Hidra, Rasv\u00e5g&lt;\/p&gt;\n\" data-image-caption=\"\" data-large-file=\"https:\/\/i0.wp.com\/pequod.nesodd1.no\/wp-content\/uploads\/2020\/09\/6CE13FFF-9DB1-4ADB-BBD9-C64364A04114.jpeg.fc9ab4ddbf2c1a6da2d0f8176352047c.jpeg?fit=640%2C480&amp;ssl=1\" class=\"aligncenter size-full wp-image-19835\" src=\"https:\/\/i0.wp.com\/pequod.nesodd1.no\/wp-content\/uploads\/2020\/09\/6CE13FFF-9DB1-4ADB-BBD9-C64364A04114.jpeg.fc9ab4ddbf2c1a6da2d0f8176352047c.jpeg?resize=640%2C480&#038;ssl=1\" alt=\"\" width=\"640\" height=\"480\" srcset=\"https:\/\/i0.wp.com\/pequod.nesodd1.no\/wp-content\/uploads\/2020\/09\/6CE13FFF-9DB1-4ADB-BBD9-C64364A04114.jpeg.fc9ab4ddbf2c1a6da2d0f8176352047c.jpeg?w=640&amp;ssl=1 640w, https:\/\/i0.wp.com\/pequod.nesodd1.no\/wp-content\/uploads\/2020\/09\/6CE13FFF-9DB1-4ADB-BBD9-C64364A04114.jpeg.fc9ab4ddbf2c1a6da2d0f8176352047c.jpeg?resize=300%2C225&amp;ssl=1 300w, https:\/\/i0.wp.com\/pequod.nesodd1.no\/wp-content\/uploads\/2020\/09\/6CE13FFF-9DB1-4ADB-BBD9-C64364A04114.jpeg.fc9ab4ddbf2c1a6da2d0f8176352047c.jpeg?resize=100%2C75&amp;ssl=1 100w\" sizes=\"auto, (max-width: 640px) 100vw, 640px\" \/><\/a><\/div>\n<h3>Related Images:<\/h3>","protected":false},"excerpt":{"rendered":"<p>Vurdering (5 anker er best): Posisjon: 58\u00b012&#8217;49.9&#8243;N 6\u00b034&#8217;51.5&#8243;E Bes\u00f8kt antall ganger: 3 Sist bes\u00f8kt: September 2023&nbsp;&nbsp; Fasiliteter: Toaletter og dusj. Vaskemaskin og t\u00f8rketrommel. Str\u00f8m og vann. Grillplass og sitteplasser p\u00e5 land. Dagligvarebutikk, kaf\u00e9 og museum. Havneavgift (for 29-foter): 100 NOK pluss 50 NOK str\u00f8m. 50 NOK for \u00e5 bruke dusj\/vaskemaskin\/t\u00f8rketrommel. Vippses. Plakat med nummer p\u00e5 &hellip;<br \/><a href=\"https:\/\/pequod.nesodd1.no\/?page_id=19524\" class=\"more-link pen_element_default pen_icon_arrow_double\">Les<\/a><\/p>\n","protected":false},"author":1,"featured_media":19548,"parent":5493,"menu_order":0,"comment_status":"closed","ping_status":"closed","template":"","meta":{"_crdt_document":"","ngg_post_thumbnail":0,"jetpack_post_was_ever_published":false,"footnotes":""},"class_list":["post-19524","page","type-page","status-publish","has-post-thumbnail","hentry"],"jetpack_shortlink":"https:\/\/wp.me\/P3Zd9b-54U","jetpack_sharing_enabled":true,"jetpack_likes_enabled":true,"jetpack-related-posts":[],"_links":{"self":[{"href":"https:\/\/pequod.nesodd1.no\/index.php?rest_route=\/wp\/v2\/pages\/19524","targetHints":{"allow":["GET"]}}],"collection":[{"href":"https:\/\/pequod.nesodd1.no\/index.php?rest_route=\/wp\/v2\/pages"}],"about":[{"href":"https:\/\/pequod.nesodd1.no\/index.php?rest_route=\/wp\/v2\/types\/page"}],"author":[{"embeddable":true,"href":"https:\/\/pequod.nesodd1.no\/index.php?rest_route=\/wp\/v2\/users\/1"}],"replies":[{"embeddable":true,"href":"https:\/\/pequod.nesodd1.no\/index.php?rest_route=%2Fwp%2Fv2%2Fcomments&post=19524"}],"version-history":[{"count":13,"href":"https:\/\/pequod.nesodd1.no\/index.php?rest_route=\/wp\/v2\/pages\/19524\/revisions"}],"predecessor-version":[{"id":28144,"href":"https:\/\/pequod.nesodd1.no\/index.php?rest_route=\/wp\/v2\/pages\/19524\/revisions\/28144"}],"up":[{"embeddable":true,"href":"https:\/\/pequod.nesodd1.no\/index.php?rest_route=\/wp\/v2\/pages\/5493"}],"wp:featuredmedia":[{"embeddable":true,"href":"https:\/\/pequod.nesodd1.no\/index.php?rest_route=\/wp\/v2\/media\/19548"}],"wp:attachment":[{"href":"https:\/\/pequod.nesodd1.no\/index.php?rest_route=%2Fwp%2Fv2%2Fmedia&parent=19524"}],"curies":[{"name":"wp","href":"https:\/\/api.w.org\/{rel}","templated":true}]}}