{"id":1968,"date":"2014-02-24T14:43:04","date_gmt":"2014-02-24T13:43:04","guid":{"rendered":"https:\/\/pequod.nesodd1.no\/?page_id=1968"},"modified":"2021-04-30T08:24:48","modified_gmt":"2021-04-30T06:24:48","slug":"logg-2013","status":"publish","type":"page","link":"https:\/\/pequod.nesodd1.no\/?page_id=1968","title":{"rendered":"Logg 2013"},"content":{"rendered":"<h3><strong>&nbsp;Turoversikt 2013:<\/strong><\/h3>\n<p>(Se rubrikkforklaring under tabellen.)<\/p>\n<table border=\"2\">\n<tbody>\n<tr>\n<td><b>Dato<\/b><\/td>\n<td><b>Tidspunkt<\/b><\/td>\n<td><b>Rute<\/b><\/td>\n<td><b>V\u00e6r<\/b><\/td>\n<\/tr>\n<tr>\n<td>4.10*<\/td>\n<td>16.00-17.00<\/td>\n<td>Rundt Ulv\u00f8ya<\/td>\n<td>Overskyet, lett regn, lite b\u00f8lger<\/td>\n<\/tr>\n<tr>\n<td>5.10**<\/td>\n<td>15.00-17.00<\/td>\n<td>Rundt Ulv\u00f8ya og Malm\u00f8ya<\/td>\n<td>Sol, speilblankt<\/td>\n<\/tr>\n<tr>\n<td>9.10<\/td>\n<td>16.00-19.30<\/td>\n<td>Padda &#8211; Lind\u00f8ya &#8211; Oksval<\/td>\n<td>Overskyet, litt vind og b\u00f8lger<\/td>\n<\/tr>\n<tr>\n<td>14.10<\/td>\n<td>16.00-19.00<\/td>\n<td>Oksval &#8211; Hellvik &#8211; Oksval<\/td>\n<td>Overskyet, speilblankt<\/td>\n<\/tr>\n<tr>\n<td>15.10<\/td>\n<td>17.00-18.30<\/td>\n<td>Oksval &#8211; Hellviktangen &#8211; Oksval<\/td>\n<td>Bl\u00e5 himmel, krusninger<\/td>\n<\/tr>\n<tr>\n<td>16.10<\/td>\n<td>16.30-19.30<\/td>\n<td>Oksval &#8211; Lind\u00f8ya &#8211; R\u00e5dhusplassen &#8211; Oksval<\/td>\n<td>Overskyet, litt b\u00f8lger<\/td>\n<\/tr>\n<tr>\n<td>18.10<\/td>\n<td>08.25-09.20<\/td>\n<td>Oksval &#8211; Oksvalflua &#8211; Oksval<\/td>\n<td>Soloppgang, speilblankt<\/td>\n<\/tr>\n<tr>\n<td>19.10<\/td>\n<td>10.30-19.00<\/td>\n<td>Oksval &#8211; Kavringen &#8211; Oscarsborg &#8211; Oksval<\/td>\n<td>Overskyet, speilblankt<\/td>\n<\/tr>\n<tr>\n<td>23.10<\/td>\n<td>15.30-18.00<\/td>\n<td>Oksval &#8211; Lind\u00f8ya &#8211; Padda &#8211; Oksval<\/td>\n<td>Overskyet, litt b\u00f8lger<\/td>\n<\/tr>\n<tr>\n<td>24.10<\/td>\n<td>16.30-18.00<\/td>\n<td>Oksval &#8211; Nesoddtangen &#8211; Hellvik &#8211; Oksval<\/td>\n<td>Delvis overskyet, litt b\u00f8lger<\/td>\n<\/tr>\n<tr>\n<td>30.10<\/td>\n<td>16.45-19.00<\/td>\n<td>Oksval &#8211; R\u00e5dhusplassen &#8211; Lind\u00f8ya &#8211; Nesoddtangen &#8211; Oksval<\/td>\n<td>Skyfri himmel, speilblank sj\u00f8<\/td>\n<\/tr>\n<tr>\n<td>31.10<\/td>\n<td>21.15-22.35<\/td>\n<td>Oksval &#8211; Bj\u00f8rvika<\/td>\n<td>Skyfri himmel, speilblankt<\/td>\n<\/tr>\n<tr>\n<td>1.11<\/td>\n<td>07.30-08.45<\/td>\n<td>Bj\u00f8rvika &#8211; Oksval<\/td>\n<td>Overskyet, sm\u00e5 b\u00f8lger<\/td>\n<\/tr>\n<tr>\n<td>5.11<\/td>\n<td>15.20-16.35<\/td>\n<td>Oksval &#8211; Vassholmene &#8211; Oksval<\/td>\n<td>Delvis overskyet, sm\u00e5 b\u00f8lger<\/td>\n<\/tr>\n<tr>\n<td>7.11<\/td>\n<td>15.20-17.15<\/td>\n<td>Oksval &#8211; Lind\u00f8ya &#8211; Oksval<\/td>\n<td>Overskyet, speilblankt<\/td>\n<\/tr>\n<tr>\n<td>8.11<\/td>\n<td>12.25-14.50<\/td>\n<td>Oksval-Vassholmene-Snar\u00f8ysundet-Ost\u00f8ya-G\u00e5s\u00f8ya-Oksval<\/td>\n<td>Sol\/speilblankt, Overskyet\/litt b\u00f8lger<\/td>\n<\/tr>\n<tr>\n<td>10.11<\/td>\n<td>13.30-16.00<\/td>\n<td>Oksval-Fiskvollbukta-Hvervenbukta-Ingierstrand-Presteskj\u00e6r-Oksval<\/td>\n<td>Sol, bl\u00e5 himmel, overskyet,litt b\u00f8lger<\/td>\n<\/tr>\n<tr>\n<td>12.11<\/td>\n<td>11.15-13.40<\/td>\n<td>Oksval-G\u00e5s\u00f8ya-Nordre Lang\u00e5ra-Lang\u00e5rsundet-Ost\u00f8ya-Oksval<\/td>\n<td>Sol,bl\u00e5 himmel, mindre b\u00f8lger<\/td>\n<\/tr>\n<tr>\n<td>14.11<\/td>\n<td>16.15-17.15<\/td>\n<td>Oksval-Oksvalflua-Bomannsflua-Oksval<\/td>\n<td>Sm\u00e5regn, stille sj\u00f8<\/td>\n<\/tr>\n<tr>\n<td>16.11<\/td>\n<td>12.30-16.40<\/td>\n<td>Oksval-Lind\u00f8ya-Dyna fyr-Lang\u00f8yene-Malm\u00f8ya-Bj\u00f8rvika-Oksval<\/td>\n<td>Sol, middels\/kraftig vind<\/td>\n<\/tr>\n<tr>\n<td>17.11<\/td>\n<td>12.10-16.20<\/td>\n<td>Oksval-Bj\u00f8rvika-Vippetangen-Hoved\u00f8ya-Nakholmen-Oksval<\/td>\n<td>Sol, litt b\u00f8lger<\/td>\n<\/tr>\n<tr>\n<td>22.11<\/td>\n<td>10.30-11.45<\/td>\n<td>Oksval-Hellviktangen-Skj\u00e6lholmene-Husberg\u00f8ya-Oksval<\/td>\n<td>Bl\u00e5 himmel, stille sj\u00f8<\/td>\n<\/tr>\n<tr>\n<td>29.11<\/td>\n<td>14.30-17.00<\/td>\n<td>Oksval-Skj\u00e6lholmene-Oksval<\/td>\n<td>Overskyet, stille sj\u00f8<\/td>\n<\/tr>\n<tr>\n<td>3.12<\/td>\n<td>12.20-16.50<\/td>\n<td>Oksval-Lind\u00f8ya-Kavringen-Oksval<\/td>\n<td>Sol, bl\u00e5 himmel, stille sj\u00f8<\/td>\n<\/tr>\n<tr>\n<td>4.12<\/td>\n<td>11.25-13.55<\/td>\n<td>Oksval-Geitholmen-Lysaker-Bestumkilen-Killingen-Oksval<\/td>\n<td>Sol, bl\u00e5 himmel, litt sj\u00f8<\/td>\n<\/tr>\n<tr>\n<td>15.12<\/td>\n<td>12.20-16.20<\/td>\n<td>Oksval-Lind\u00f8ya-Kongen-Vassholmene-Snar\u00f8ysundet-Oksval<\/td>\n<td>Sol\/speilblankt, t\u00e5ke,is, litt b\u00f8lger<\/td>\n<\/tr>\n<tr>\n<td>20.12<\/td>\n<td>12.15-16.35<\/td>\n<td>Oksval-Nesoddtangen-Ildjernet-Steilene-Kavringen-Oksval<\/td>\n<td>Sol, vind, kraftig\/middels sj\u00f8<\/td>\n<\/tr>\n<tr>\n<td>21.12<\/td>\n<td>13.20-17.50<\/td>\n<td>Oksval-Husberg\u00f8ya-Lind\u00f8ya-Oksval<\/td>\n<td>Sol, mye sj\u00f8.<\/td>\n<\/tr>\n<tr>\n<td>30.12<\/td>\n<td>13.20-14.40<\/td>\n<td>Oksval-Nakholmen-Oksval.<\/td>\n<td>Overskyet, speilblankt, iss\u00f8rpe.<\/td>\n<\/tr>\n<\/tbody>\n<\/table>\n<p><em>*=Pr\u00f8vetur med b\u00e5teier &nbsp;<\/em><em>**=L\u00e5netur med meg og ungene. I tillegg kommer ogs\u00e5 en pr\u00f8vetur i september med Steinar, som ikke skulle selge b\u00e5ten, men som inviterte meg med p\u00e5 en tur bare for at jeg skulle oppleve hvordan det var!<\/em><\/p>\n<p><strong>Definisjon av turer:<\/strong>&nbsp;Her regner jeg i utgangspunktet tur\/retur hjemmehavna som \u00e9n tur, selv om jeg g\u00e5r i land en eller flere steder i l\u00f8pet av turen. Unntaket er langturer med overnatting, da regner jeg hver etappe fram til det stedet hvor jeg overnatter som \u00e9n tur. Jeg loggf\u00f8rer hver tur jeg tar med b\u00e5ten, men det kommer n\u00f8dvendigvis ikke turrapporter eller bilder fra alle turene!<\/p>\n<p><a title=\"Logg 2014\" href=\"https:\/\/pequod.nesodd1.no\/?page_id=1972\">Logg 2014.<\/a><\/p>\n<h3>Related Images:<\/h3>","protected":false},"excerpt":{"rendered":"<p>&nbsp;Turoversikt 2013: (Se rubrikkforklaring under tabellen.) Dato Tidspunkt Rute V\u00e6r 4.10* 16.00-17.00 Rundt Ulv\u00f8ya Overskyet, lett regn, lite b\u00f8lger 5.10** 15.00-17.00 Rundt Ulv\u00f8ya og Malm\u00f8ya Sol, speilblankt 9.10 16.00-19.30 Padda &#8211; Lind\u00f8ya &#8211; Oksval Overskyet, litt vind og b\u00f8lger 14.10 16.00-19.00 Oksval &#8211; Hellvik &#8211; Oksval Overskyet, speilblankt 15.10 17.00-18.30 Oksval &#8211; Hellviktangen &#8211; Oksval &hellip;<br \/><a href=\"https:\/\/pequod.nesodd1.no\/?page_id=1968\" class=\"more-link pen_element_default pen_icon_arrow_double\">Les<\/a><\/p>\n","protected":false},"author":1,"featured_media":0,"parent":1966,"menu_order":0,"comment_status":"open","ping_status":"open","template":"","meta":{"_crdt_document":"","ngg_post_thumbnail":0,"jetpack_post_was_ever_published":false,"footnotes":""},"class_list":["post-1968","page","type-page","status-publish","hentry"],"jetpack_shortlink":"https:\/\/wp.me\/P3Zd9b-vK","jetpack_sharing_enabled":true,"jetpack_likes_enabled":true,"jetpack-related-posts":[],"_links":{"self":[{"href":"https:\/\/pequod.nesodd1.no\/index.php?rest_route=\/wp\/v2\/pages\/1968","targetHints":{"allow":["GET"]}}],"collection":[{"href":"https:\/\/pequod.nesodd1.no\/index.php?rest_route=\/wp\/v2\/pages"}],"about":[{"href":"https:\/\/pequod.nesodd1.no\/index.php?rest_route=\/wp\/v2\/types\/page"}],"author":[{"embeddable":true,"href":"https:\/\/pequod.nesodd1.no\/index.php?rest_route=\/wp\/v2\/users\/1"}],"replies":[{"embeddable":true,"href":"https:\/\/pequod.nesodd1.no\/index.php?rest_route=%2Fwp%2Fv2%2Fcomments&post=1968"}],"version-history":[{"count":6,"href":"https:\/\/pequod.nesodd1.no\/index.php?rest_route=\/wp\/v2\/pages\/1968\/revisions"}],"predecessor-version":[{"id":21766,"href":"https:\/\/pequod.nesodd1.no\/index.php?rest_route=\/wp\/v2\/pages\/1968\/revisions\/21766"}],"up":[{"embeddable":true,"href":"https:\/\/pequod.nesodd1.no\/index.php?rest_route=\/wp\/v2\/pages\/1966"}],"wp:attachment":[{"href":"https:\/\/pequod.nesodd1.no\/index.php?rest_route=%2Fwp%2Fv2%2Fmedia&parent=1968"}],"curies":[{"name":"wp","href":"https:\/\/api.w.org\/{rel}","templated":true}]}}