{"id":19843,"date":"2020-09-30T10:33:25","date_gmt":"2020-09-30T08:33:25","guid":{"rendered":"https:\/\/pequod.nesodd1.no\/?page_id=19843"},"modified":"2020-10-26T10:19:21","modified_gmt":"2020-10-26T09:19:21","slug":"sondre-aroy","status":"publish","type":"page","link":"https:\/\/pequod.nesodd1.no\/?page_id=19843","title":{"rendered":"S\u00f8ndre \u00c5r\u00f8y"},"content":{"rendered":"<p><strong>Vurdering (5 anker er best): <a href=\"https:\/\/i0.wp.com\/pequod.nesodd1.no\/wp-content\/uploads\/2019\/10\/klistremerker-anker-og-tau-design.jpg.jpg?ssl=1\"><img loading=\"lazy\" decoding=\"async\" data-attachment-id=\"16489\" data-permalink=\"https:\/\/pequod.nesodd1.no\/?attachment_id=16489\" data-orig-file=\"https:\/\/i0.wp.com\/pequod.nesodd1.no\/wp-content\/uploads\/2019\/10\/klistremerker-anker-og-tau-design.jpg.jpg?fit=25%2C25&amp;ssl=1\" data-orig-size=\"25,25\" data-comments-opened=\"1\" data-image-meta=\"{&quot;aperture&quot;:&quot;0&quot;,&quot;credit&quot;:&quot;tribalium81&quot;,&quot;camera&quot;:&quot;&quot;,&quot;caption&quot;:&quot;&quot;,&quot;created_timestamp&quot;:&quot;0&quot;,&quot;copyright&quot;:&quot;tribalium81&quot;,&quot;focal_length&quot;:&quot;0&quot;,&quot;iso&quot;:&quot;0&quot;,&quot;shutter_speed&quot;:&quot;0&quot;,&quot;title&quot;:&quot;anchor and rope design&quot;,&quot;orientation&quot;:&quot;1&quot;}\" data-image-title=\"anchor and rope design\" data-image-description=\"\" data-image-caption=\"\" data-large-file=\"https:\/\/i0.wp.com\/pequod.nesodd1.no\/wp-content\/uploads\/2019\/10\/klistremerker-anker-og-tau-design.jpg.jpg?fit=25%2C25&amp;ssl=1\" class=\"alignnone size-full wp-image-16489 jetpack-lazy-image jetpack-lazy-image--handled\" src=\"https:\/\/i0.wp.com\/pequod.nesodd1.no\/wp-content\/uploads\/2019\/10\/klistremerker-anker-og-tau-design.jpg.jpg?resize=25%2C25&amp;ssl=1\" alt=\"\" width=\"25\" height=\"25\" data-attachment-id=\"16489\" data-permalink=\"https:\/\/pequod.nesodd1.no\/?attachment_id=16489\" data-orig-file=\"https:\/\/i0.wp.com\/pequod.nesodd1.no\/wp-content\/uploads\/2019\/10\/klistremerker-anker-og-tau-design.jpg.jpg?fit=25%2C25&amp;ssl=1\" data-orig-size=\"25,25\" data-comments-opened=\"1\" data-image-meta=\"{&quot;aperture&quot;:&quot;0&quot;,&quot;credit&quot;:&quot;tribalium81&quot;,&quot;camera&quot;:&quot;&quot;,&quot;caption&quot;:&quot;&quot;,&quot;created_timestamp&quot;:&quot;0&quot;,&quot;copyright&quot;:&quot;tribalium81&quot;,&quot;focal_length&quot;:&quot;0&quot;,&quot;iso&quot;:&quot;0&quot;,&quot;shutter_speed&quot;:&quot;0&quot;,&quot;title&quot;:&quot;anchor and rope design&quot;,&quot;orientation&quot;:&quot;1&quot;}\" data-image-title=\"anchor and rope design\" data-image-description=\"\" data-medium-file=\"https:\/\/i0.wp.com\/pequod.nesodd1.no\/wp-content\/uploads\/2019\/10\/klistremerker-anker-og-tau-design.jpg.jpg?fit=25%2C25&amp;ssl=1\" data-large-file=\"https:\/\/i0.wp.com\/pequod.nesodd1.no\/wp-content\/uploads\/2019\/10\/klistremerker-anker-og-tau-design.jpg.jpg?fit=25%2C25&amp;ssl=1\" data-lazy-loaded=\"1\"><\/a><a href=\"https:\/\/i0.wp.com\/pequod.nesodd1.no\/wp-content\/uploads\/2019\/10\/klistremerker-anker-og-tau-design.jpg.jpg?ssl=1\"><img loading=\"lazy\" decoding=\"async\" data-attachment-id=\"16489\" data-permalink=\"https:\/\/pequod.nesodd1.no\/?attachment_id=16489\" data-orig-file=\"https:\/\/i0.wp.com\/pequod.nesodd1.no\/wp-content\/uploads\/2019\/10\/klistremerker-anker-og-tau-design.jpg.jpg?fit=25%2C25&amp;ssl=1\" data-orig-size=\"25,25\" data-comments-opened=\"1\" data-image-meta=\"{&quot;aperture&quot;:&quot;0&quot;,&quot;credit&quot;:&quot;tribalium81&quot;,&quot;camera&quot;:&quot;&quot;,&quot;caption&quot;:&quot;&quot;,&quot;created_timestamp&quot;:&quot;0&quot;,&quot;copyright&quot;:&quot;tribalium81&quot;,&quot;focal_length&quot;:&quot;0&quot;,&quot;iso&quot;:&quot;0&quot;,&quot;shutter_speed&quot;:&quot;0&quot;,&quot;title&quot;:&quot;anchor and rope design&quot;,&quot;orientation&quot;:&quot;1&quot;}\" data-image-title=\"anchor and rope design\" data-image-description=\"\" data-image-caption=\"\" data-large-file=\"https:\/\/i0.wp.com\/pequod.nesodd1.no\/wp-content\/uploads\/2019\/10\/klistremerker-anker-og-tau-design.jpg.jpg?fit=25%2C25&amp;ssl=1\" class=\"alignnone size-full wp-image-16489 jetpack-lazy-image jetpack-lazy-image--handled\" src=\"https:\/\/i0.wp.com\/pequod.nesodd1.no\/wp-content\/uploads\/2019\/10\/klistremerker-anker-og-tau-design.jpg.jpg?resize=25%2C25&amp;ssl=1\" alt=\"\" width=\"25\" height=\"25\" data-attachment-id=\"16489\" data-permalink=\"https:\/\/pequod.nesodd1.no\/?attachment_id=16489\" data-orig-file=\"https:\/\/i0.wp.com\/pequod.nesodd1.no\/wp-content\/uploads\/2019\/10\/klistremerker-anker-og-tau-design.jpg.jpg?fit=25%2C25&amp;ssl=1\" data-orig-size=\"25,25\" data-comments-opened=\"1\" data-image-meta=\"{&quot;aperture&quot;:&quot;0&quot;,&quot;credit&quot;:&quot;tribalium81&quot;,&quot;camera&quot;:&quot;&quot;,&quot;caption&quot;:&quot;&quot;,&quot;created_timestamp&quot;:&quot;0&quot;,&quot;copyright&quot;:&quot;tribalium81&quot;,&quot;focal_length&quot;:&quot;0&quot;,&quot;iso&quot;:&quot;0&quot;,&quot;shutter_speed&quot;:&quot;0&quot;,&quot;title&quot;:&quot;anchor and rope design&quot;,&quot;orientation&quot;:&quot;1&quot;}\" data-image-title=\"anchor and rope design\" data-image-description=\"\" data-medium-file=\"https:\/\/i0.wp.com\/pequod.nesodd1.no\/wp-content\/uploads\/2019\/10\/klistremerker-anker-og-tau-design.jpg.jpg?fit=25%2C25&amp;ssl=1\" data-large-file=\"https:\/\/i0.wp.com\/pequod.nesodd1.no\/wp-content\/uploads\/2019\/10\/klistremerker-anker-og-tau-design.jpg.jpg?fit=25%2C25&amp;ssl=1\" data-lazy-loaded=\"1\"><\/a><\/strong><br \/>\n<strong>Posisjon:<\/strong> 59\u00b09&#8217;48.7&#8243;N 10\u00b027&#8217;5.2&#8243;E<br \/>\n<strong>Antall bes\u00f8k<\/strong>: 1&nbsp;<strong>Sist bes\u00f8kt: <\/strong>10-11.09.2020<br \/>\n<strong>Fasiliteter:<\/strong>&nbsp; Vet ikke.<br \/>\n<b>Fort\u00f8yning:&nbsp;<\/b>Svaib\u00f8ye fra Oslofjorden Friluftsr\u00e5d. Liten flytebrygge.<br \/>\n<b>Tilrettelagt for funksjonshemmede:<\/b> Vet ikke.<\/p>\n<p><a href=\"https:\/\/i0.wp.com\/pequod.nesodd1.no\/wp-content\/uploads\/2020\/09\/0D443DF8-4326-446C-BD21-3BAE3379699E.jpeg.d16e8b59d5164f87e2c967e1e1ae323d.jpeg?ssl=1\"><img data-recalc-dims=\"1\" loading=\"lazy\" decoding=\"async\" data-attachment-id=\"19712\" data-permalink=\"https:\/\/pequod.nesodd1.no\/?attachment_id=19712\" data-orig-file=\"https:\/\/i0.wp.com\/pequod.nesodd1.no\/wp-content\/uploads\/2020\/09\/0D443DF8-4326-446C-BD21-3BAE3379699E.jpeg.d16e8b59d5164f87e2c967e1e1ae323d.jpeg?fit=1000%2C750&amp;ssl=1\" data-orig-size=\"1000,750\" data-comments-opened=\"1\" data-image-meta=\"{&quot;aperture&quot;:&quot;0&quot;,&quot;credit&quot;:&quot;&quot;,&quot;camera&quot;:&quot;&quot;,&quot;caption&quot;:&quot;&quot;,&quot;created_timestamp&quot;:&quot;0&quot;,&quot;copyright&quot;:&quot;&quot;,&quot;focal_length&quot;:&quot;0&quot;,&quot;iso&quot;:&quot;0&quot;,&quot;shutter_speed&quot;:&quot;0&quot;,&quot;title&quot;:&quot;&quot;,&quot;orientation&quot;:&quot;0&quot;}\" data-image-title=\"0D443DF8-4326-446C-BD21-3BAE3379699E.jpeg.d16e8b59d5164f87e2c967e1e1ae323d\" data-image-description=\"&lt;p&gt;B\u00f8ye, bl\u00e5b\u00f8ye, Oslofjordens Friluftsr\u00e5d, S\u00f8ndre \u00c5r\u00f8y&lt;\/p&gt;\n\" data-image-caption=\"\" data-large-file=\"https:\/\/i0.wp.com\/pequod.nesodd1.no\/wp-content\/uploads\/2020\/09\/0D443DF8-4326-446C-BD21-3BAE3379699E.jpeg.d16e8b59d5164f87e2c967e1e1ae323d.jpeg?fit=940%2C705&amp;ssl=1\" class=\"alignleft size-medium wp-image-19712\" src=\"https:\/\/i0.wp.com\/pequod.nesodd1.no\/wp-content\/uploads\/2020\/09\/0D443DF8-4326-446C-BD21-3BAE3379699E.jpeg.d16e8b59d5164f87e2c967e1e1ae323d.jpeg?resize=300%2C225&#038;ssl=1\" alt=\"\" width=\"300\" height=\"225\" srcset=\"https:\/\/i0.wp.com\/pequod.nesodd1.no\/wp-content\/uploads\/2020\/09\/0D443DF8-4326-446C-BD21-3BAE3379699E.jpeg.d16e8b59d5164f87e2c967e1e1ae323d.jpeg?resize=300%2C225&amp;ssl=1 300w, https:\/\/i0.wp.com\/pequod.nesodd1.no\/wp-content\/uploads\/2020\/09\/0D443DF8-4326-446C-BD21-3BAE3379699E.jpeg.d16e8b59d5164f87e2c967e1e1ae323d.jpeg?resize=100%2C75&amp;ssl=1 100w, https:\/\/i0.wp.com\/pequod.nesodd1.no\/wp-content\/uploads\/2020\/09\/0D443DF8-4326-446C-BD21-3BAE3379699E.jpeg.d16e8b59d5164f87e2c967e1e1ae323d.jpeg?resize=768%2C576&amp;ssl=1 768w, https:\/\/i0.wp.com\/pequod.nesodd1.no\/wp-content\/uploads\/2020\/09\/0D443DF8-4326-446C-BD21-3BAE3379699E.jpeg.d16e8b59d5164f87e2c967e1e1ae323d.jpeg?w=1000&amp;ssl=1 1000w\" sizes=\"auto, (max-width: 300px) 100vw, 300px\" \/><\/a>S\u00f8ndre \u00c5r\u00f8y ligger like ved Vrengensundet og Kj\u00f8pmannsk\u00e6r. Det er en liten flytebrygge p\u00e5 selve \u00f8ya, men jeg la meg p\u00e5 den bl\u00e5 svaib\u00f8ya til Oslofjorden Friluftsr\u00e5d og ikke til brygga, s\u00e5 om det er noen slags form for fasiliteter p\u00e5 land, vet jeg ikke. Kanskje en utedo og en s\u00f8ppelkasse? Det f\u00e5r jeg sjekke ut en annen gang.<\/p>\n<p>Dette var min f\u00f8rste natt p\u00e5 svai, og det ga absolutt mersmak. Det er garantert en helt annen f\u00f8lelse \u00e5 ligge slik istedenfor \u00e5 ligge fort\u00f8yd til en kai, om det er en i en gjestehavn eller i en uthavn.<\/p>\n<p>Dette skal jeg garantert pr\u00f8ve flere ganger!<\/p>\n<p>Den lille bukta ligger noe utsatt til fra vind fra s\u00f8r og fra b\u00e5ttrafikk inn og ut Vrengensundet, men det ble en ganske rolig natt for meg uansett.<\/p>\n<p>Er b\u00f8ya ledig kan hvem som helst legge seg til der, men de som har vimpelabonnement fra OF har f\u00f8rstrerett.<\/p>\n<p><a href=\"https:\/\/i0.wp.com\/pequod.nesodd1.no\/wp-content\/uploads\/2020\/09\/55799D03-5CD7-4446-AE35-FA0B49108473.jpeg.1bbfe5caa484a04cefc05a5346acdd68.jpeg?ssl=1\"><br \/>\n<img data-recalc-dims=\"1\" loading=\"lazy\" decoding=\"async\" data-attachment-id=\"19969\" data-permalink=\"https:\/\/pequod.nesodd1.no\/?attachment_id=19969\" data-orig-file=\"https:\/\/i0.wp.com\/pequod.nesodd1.no\/wp-content\/uploads\/2020\/09\/55799D03-5CD7-4446-AE35-FA0B49108473.jpeg.1bbfe5caa484a04cefc05a5346acdd68.jpeg?fit=1000%2C750&amp;ssl=1\" data-orig-size=\"1000,750\" data-comments-opened=\"1\" data-image-meta=\"{&quot;aperture&quot;:&quot;0&quot;,&quot;credit&quot;:&quot;&quot;,&quot;camera&quot;:&quot;&quot;,&quot;caption&quot;:&quot;&quot;,&quot;created_timestamp&quot;:&quot;0&quot;,&quot;copyright&quot;:&quot;&quot;,&quot;focal_length&quot;:&quot;0&quot;,&quot;iso&quot;:&quot;0&quot;,&quot;shutter_speed&quot;:&quot;0&quot;,&quot;title&quot;:&quot;&quot;,&quot;orientation&quot;:&quot;0&quot;}\" data-image-title=\"55799D03-5CD7-4446-AE35-FA0B49108473.jpeg.1bbfe5caa484a04cefc05a5346acdd68\" data-image-description=\"&lt;p&gt;S\u00f8ndre \u00c5r\u00f8y&lt;\/p&gt;\n\" data-image-caption=\"\" data-large-file=\"https:\/\/i0.wp.com\/pequod.nesodd1.no\/wp-content\/uploads\/2020\/09\/55799D03-5CD7-4446-AE35-FA0B49108473.jpeg.1bbfe5caa484a04cefc05a5346acdd68.jpeg?fit=940%2C705&amp;ssl=1\" class=\"aligncenter size-full wp-image-19969\" src=\"https:\/\/i0.wp.com\/pequod.nesodd1.no\/wp-content\/uploads\/2020\/09\/55799D03-5CD7-4446-AE35-FA0B49108473.jpeg.1bbfe5caa484a04cefc05a5346acdd68.jpeg?resize=940%2C705&#038;ssl=1\" alt=\"\" width=\"940\" height=\"705\" srcset=\"https:\/\/i0.wp.com\/pequod.nesodd1.no\/wp-content\/uploads\/2020\/09\/55799D03-5CD7-4446-AE35-FA0B49108473.jpeg.1bbfe5caa484a04cefc05a5346acdd68.jpeg?w=1000&amp;ssl=1 1000w, https:\/\/i0.wp.com\/pequod.nesodd1.no\/wp-content\/uploads\/2020\/09\/55799D03-5CD7-4446-AE35-FA0B49108473.jpeg.1bbfe5caa484a04cefc05a5346acdd68.jpeg?resize=300%2C225&amp;ssl=1 300w, https:\/\/i0.wp.com\/pequod.nesodd1.no\/wp-content\/uploads\/2020\/09\/55799D03-5CD7-4446-AE35-FA0B49108473.jpeg.1bbfe5caa484a04cefc05a5346acdd68.jpeg?resize=100%2C75&amp;ssl=1 100w, https:\/\/i0.wp.com\/pequod.nesodd1.no\/wp-content\/uploads\/2020\/09\/55799D03-5CD7-4446-AE35-FA0B49108473.jpeg.1bbfe5caa484a04cefc05a5346acdd68.jpeg?resize=768%2C576&amp;ssl=1 768w\" sizes=\"auto, (max-width: 940px) 100vw, 940px\" \/><\/a><\/p>\n<h3>Related Images:<\/h3>","protected":false},"excerpt":{"rendered":"<p>Vurdering (5 anker er best): Posisjon: 59\u00b09&#8217;48.7&#8243;N 10\u00b027&#8217;5.2&#8243;E Antall bes\u00f8k: 1&nbsp;Sist bes\u00f8kt: 10-11.09.2020 Fasiliteter:&nbsp; Vet ikke. Fort\u00f8yning:&nbsp;Svaib\u00f8ye fra Oslofjorden Friluftsr\u00e5d. Liten flytebrygge. Tilrettelagt for funksjonshemmede: Vet ikke. S\u00f8ndre \u00c5r\u00f8y ligger like ved Vrengensundet og Kj\u00f8pmannsk\u00e6r. Det er en liten flytebrygge p\u00e5 selve \u00f8ya, men jeg la meg p\u00e5 den bl\u00e5 svaib\u00f8ya til Oslofjorden Friluftsr\u00e5d og &hellip;<br \/><a href=\"https:\/\/pequod.nesodd1.no\/?page_id=19843\" class=\"more-link pen_element_default pen_icon_arrow_double\">Les<\/a><\/p>\n","protected":false},"author":1,"featured_media":19724,"parent":5495,"menu_order":0,"comment_status":"closed","ping_status":"closed","template":"","meta":{"_crdt_document":"","ngg_post_thumbnail":0,"jetpack_post_was_ever_published":false,"footnotes":""},"class_list":["post-19843","page","type-page","status-publish","has-post-thumbnail","hentry"],"jetpack_shortlink":"https:\/\/wp.me\/P3Zd9b-5a3","jetpack_sharing_enabled":true,"jetpack_likes_enabled":true,"jetpack-related-posts":[],"_links":{"self":[{"href":"https:\/\/pequod.nesodd1.no\/index.php?rest_route=\/wp\/v2\/pages\/19843","targetHints":{"allow":["GET"]}}],"collection":[{"href":"https:\/\/pequod.nesodd1.no\/index.php?rest_route=\/wp\/v2\/pages"}],"about":[{"href":"https:\/\/pequod.nesodd1.no\/index.php?rest_route=\/wp\/v2\/types\/page"}],"author":[{"embeddable":true,"href":"https:\/\/pequod.nesodd1.no\/index.php?rest_route=\/wp\/v2\/users\/1"}],"replies":[{"embeddable":true,"href":"https:\/\/pequod.nesodd1.no\/index.php?rest_route=%2Fwp%2Fv2%2Fcomments&post=19843"}],"version-history":[{"count":4,"href":"https:\/\/pequod.nesodd1.no\/index.php?rest_route=\/wp\/v2\/pages\/19843\/revisions"}],"predecessor-version":[{"id":20484,"href":"https:\/\/pequod.nesodd1.no\/index.php?rest_route=\/wp\/v2\/pages\/19843\/revisions\/20484"}],"up":[{"embeddable":true,"href":"https:\/\/pequod.nesodd1.no\/index.php?rest_route=\/wp\/v2\/pages\/5495"}],"wp:featuredmedia":[{"embeddable":true,"href":"https:\/\/pequod.nesodd1.no\/index.php?rest_route=\/wp\/v2\/media\/19724"}],"wp:attachment":[{"href":"https:\/\/pequod.nesodd1.no\/index.php?rest_route=%2Fwp%2Fv2%2Fmedia&parent=19843"}],"curies":[{"name":"wp","href":"https:\/\/api.w.org\/{rel}","templated":true}]}}