{"id":19849,"date":"2020-09-29T17:12:50","date_gmt":"2020-09-29T15:12:50","guid":{"rendered":"https:\/\/pequod.nesodd1.no\/?page_id=19849"},"modified":"2020-10-22T16:01:18","modified_gmt":"2020-10-22T14:01:18","slug":"jomfruland","status":"publish","type":"page","link":"https:\/\/pequod.nesodd1.no\/?page_id=19849","title":{"rendered":"Jomfruland"},"content":{"rendered":"<p><strong>Vurdering (5 anker er best):&nbsp;<a href=\"https:\/\/i0.wp.com\/pequod.nesodd1.no\/wp-content\/uploads\/2019\/10\/klistremerker-anker-og-tau-design.jpg.jpg?ssl=1\"><img loading=\"lazy\" decoding=\"async\" data-attachment-id=\"16489\" data-permalink=\"https:\/\/pequod.nesodd1.no\/?attachment_id=16489\" data-orig-file=\"https:\/\/i0.wp.com\/pequod.nesodd1.no\/wp-content\/uploads\/2019\/10\/klistremerker-anker-og-tau-design.jpg.jpg?fit=25%2C25&amp;ssl=1\" data-orig-size=\"25,25\" data-comments-opened=\"1\" data-image-meta=\"{&quot;aperture&quot;:&quot;0&quot;,&quot;credit&quot;:&quot;tribalium81&quot;,&quot;camera&quot;:&quot;&quot;,&quot;caption&quot;:&quot;&quot;,&quot;created_timestamp&quot;:&quot;0&quot;,&quot;copyright&quot;:&quot;tribalium81&quot;,&quot;focal_length&quot;:&quot;0&quot;,&quot;iso&quot;:&quot;0&quot;,&quot;shutter_speed&quot;:&quot;0&quot;,&quot;title&quot;:&quot;anchor and rope design&quot;,&quot;orientation&quot;:&quot;1&quot;}\" data-image-title=\"anchor and rope design\" data-image-description=\"\" data-image-caption=\"\" data-large-file=\"https:\/\/i0.wp.com\/pequod.nesodd1.no\/wp-content\/uploads\/2019\/10\/klistremerker-anker-og-tau-design.jpg.jpg?fit=25%2C25&amp;ssl=1\" class=\"alignnone size-full wp-image-16489 jetpack-lazy-image jetpack-lazy-image--handled\" src=\"https:\/\/i0.wp.com\/pequod.nesodd1.no\/wp-content\/uploads\/2019\/10\/klistremerker-anker-og-tau-design.jpg.jpg?resize=25%2C25&amp;ssl=1\" alt=\"\" width=\"25\" height=\"25\" data-attachment-id=\"16489\" data-permalink=\"https:\/\/pequod.nesodd1.no\/?attachment_id=16489\" data-orig-file=\"https:\/\/i0.wp.com\/pequod.nesodd1.no\/wp-content\/uploads\/2019\/10\/klistremerker-anker-og-tau-design.jpg.jpg?fit=25%2C25&amp;ssl=1\" data-orig-size=\"25,25\" data-comments-opened=\"1\" data-image-meta=\"{&quot;aperture&quot;:&quot;0&quot;,&quot;credit&quot;:&quot;tribalium81&quot;,&quot;camera&quot;:&quot;&quot;,&quot;caption&quot;:&quot;&quot;,&quot;created_timestamp&quot;:&quot;0&quot;,&quot;copyright&quot;:&quot;tribalium81&quot;,&quot;focal_length&quot;:&quot;0&quot;,&quot;iso&quot;:&quot;0&quot;,&quot;shutter_speed&quot;:&quot;0&quot;,&quot;title&quot;:&quot;anchor and rope design&quot;,&quot;orientation&quot;:&quot;1&quot;}\" data-image-title=\"anchor and rope design\" data-image-description=\"\" data-medium-file=\"https:\/\/i0.wp.com\/pequod.nesodd1.no\/wp-content\/uploads\/2019\/10\/klistremerker-anker-og-tau-design.jpg.jpg?fit=25%2C25&amp;ssl=1\" data-large-file=\"https:\/\/i0.wp.com\/pequod.nesodd1.no\/wp-content\/uploads\/2019\/10\/klistremerker-anker-og-tau-design.jpg.jpg?fit=25%2C25&amp;ssl=1\" data-recalc-dims=\"1\" data-lazy-loaded=\"1\"><\/a><a href=\"https:\/\/i0.wp.com\/pequod.nesodd1.no\/wp-content\/uploads\/2019\/10\/klistremerker-anker-og-tau-design.jpg.jpg?ssl=1\"><img loading=\"lazy\" decoding=\"async\" data-attachment-id=\"16489\" data-permalink=\"https:\/\/pequod.nesodd1.no\/?attachment_id=16489\" data-orig-file=\"https:\/\/i0.wp.com\/pequod.nesodd1.no\/wp-content\/uploads\/2019\/10\/klistremerker-anker-og-tau-design.jpg.jpg?fit=25%2C25&amp;ssl=1\" data-orig-size=\"25,25\" data-comments-opened=\"1\" data-image-meta=\"{&quot;aperture&quot;:&quot;0&quot;,&quot;credit&quot;:&quot;tribalium81&quot;,&quot;camera&quot;:&quot;&quot;,&quot;caption&quot;:&quot;&quot;,&quot;created_timestamp&quot;:&quot;0&quot;,&quot;copyright&quot;:&quot;tribalium81&quot;,&quot;focal_length&quot;:&quot;0&quot;,&quot;iso&quot;:&quot;0&quot;,&quot;shutter_speed&quot;:&quot;0&quot;,&quot;title&quot;:&quot;anchor and rope design&quot;,&quot;orientation&quot;:&quot;1&quot;}\" data-image-title=\"anchor and rope design\" data-image-description=\"\" data-image-caption=\"\" data-large-file=\"https:\/\/i0.wp.com\/pequod.nesodd1.no\/wp-content\/uploads\/2019\/10\/klistremerker-anker-og-tau-design.jpg.jpg?fit=25%2C25&amp;ssl=1\" class=\"alignnone size-full wp-image-16489 jetpack-lazy-image jetpack-lazy-image--handled\" src=\"https:\/\/i0.wp.com\/pequod.nesodd1.no\/wp-content\/uploads\/2019\/10\/klistremerker-anker-og-tau-design.jpg.jpg?resize=25%2C25&amp;ssl=1\" alt=\"\" width=\"25\" height=\"25\" data-attachment-id=\"16489\" data-permalink=\"https:\/\/pequod.nesodd1.no\/?attachment_id=16489\" data-orig-file=\"https:\/\/i0.wp.com\/pequod.nesodd1.no\/wp-content\/uploads\/2019\/10\/klistremerker-anker-og-tau-design.jpg.jpg?fit=25%2C25&amp;ssl=1\" data-orig-size=\"25,25\" data-comments-opened=\"1\" data-image-meta=\"{&quot;aperture&quot;:&quot;0&quot;,&quot;credit&quot;:&quot;tribalium81&quot;,&quot;camera&quot;:&quot;&quot;,&quot;caption&quot;:&quot;&quot;,&quot;created_timestamp&quot;:&quot;0&quot;,&quot;copyright&quot;:&quot;tribalium81&quot;,&quot;focal_length&quot;:&quot;0&quot;,&quot;iso&quot;:&quot;0&quot;,&quot;shutter_speed&quot;:&quot;0&quot;,&quot;title&quot;:&quot;anchor and rope design&quot;,&quot;orientation&quot;:&quot;1&quot;}\" data-image-title=\"anchor and rope design\" data-image-description=\"\" data-medium-file=\"https:\/\/i0.wp.com\/pequod.nesodd1.no\/wp-content\/uploads\/2019\/10\/klistremerker-anker-og-tau-design.jpg.jpg?fit=25%2C25&amp;ssl=1\" data-large-file=\"https:\/\/i0.wp.com\/pequod.nesodd1.no\/wp-content\/uploads\/2019\/10\/klistremerker-anker-og-tau-design.jpg.jpg?fit=25%2C25&amp;ssl=1\" data-recalc-dims=\"1\" data-lazy-loaded=\"1\"><\/a><\/strong><br \/>\n<b>Posisjon:<\/b>58\u00b051&#8217;58.6&#8243;N 9\u00b035&#8217;22.3&#8243;E<br \/>\n<b>Bes\u00f8kt antall ganger:<\/b>&nbsp;1<b>&nbsp;Sist bes\u00f8kt:<\/b> 03.05-0906 2020&nbsp; <strong>Webkamera:<\/strong> Nei&nbsp;&nbsp;<br \/>\n<b>Fasiliteter:<\/b> Servicebygg med dusj og toalett. Str\u00f8m og vann. S\u00f8ppel. Kiosk, kaf\u00e9 og sykkelutleie<br \/>\n<b>Havneavgift (for 29-foter): <\/b>275 NOK. Automat.<br \/>\n<strong>Fort\u00f8yning:<\/strong> B\u00e5s p\u00e5 innsiden og utsiden av molo.<br \/>\n<b>Tilrettelagt for funksjonshemmede:&nbsp;&nbsp;<\/b>Delvis. Standard flytebrygger p\u00e5 utsiden sv moloen, med vanlig rampe til landside. B\u00e5ser innenfor moloen har ikke gangbar utrigger og gj\u00f8r det vanskeligere \u00e5 komme i land. Et stykke \u00e5 g\u00e5 til servicebygget, men ganske flatt.<\/p>\n<p>Jomfruland ligger ytterst i havgapet i Krager\u00f8 kommune. Det er ferge som g\u00e5r dit ganske hyppig til og fra Krager\u00f8.<\/p>\n<p><a href=\"https:\/\/i0.wp.com\/pequod.nesodd1.no\/wp-content\/uploads\/2020\/09\/118767151_10157268444622032_726783948326895354_n.jpg?ssl=1\"><img data-recalc-dims=\"1\" loading=\"lazy\" decoding=\"async\" data-attachment-id=\"19935\" data-permalink=\"https:\/\/pequod.nesodd1.no\/?attachment_id=19935\" data-orig-file=\"https:\/\/i0.wp.com\/pequod.nesodd1.no\/wp-content\/uploads\/2020\/09\/118767151_10157268444622032_726783948326895354_n.jpg?fit=960%2C720&amp;ssl=1\" data-orig-size=\"960,720\" data-comments-opened=\"1\" data-image-meta=\"{&quot;aperture&quot;:&quot;0&quot;,&quot;credit&quot;:&quot;&quot;,&quot;camera&quot;:&quot;&quot;,&quot;caption&quot;:&quot;&quot;,&quot;created_timestamp&quot;:&quot;0&quot;,&quot;copyright&quot;:&quot;&quot;,&quot;focal_length&quot;:&quot;0&quot;,&quot;iso&quot;:&quot;0&quot;,&quot;shutter_speed&quot;:&quot;0&quot;,&quot;title&quot;:&quot;&quot;,&quot;orientation&quot;:&quot;0&quot;}\" data-image-title=\"118767151_10157268444622032_726783948326895354_n\" data-image-description=\"&lt;p&gt;Jomfruland&lt;\/p&gt;\n\" data-image-caption=\"\" data-large-file=\"https:\/\/i0.wp.com\/pequod.nesodd1.no\/wp-content\/uploads\/2020\/09\/118767151_10157268444622032_726783948326895354_n.jpg?fit=940%2C705&amp;ssl=1\" class=\"alignleft size-medium wp-image-19935\" src=\"https:\/\/i0.wp.com\/pequod.nesodd1.no\/wp-content\/uploads\/2020\/09\/118767151_10157268444622032_726783948326895354_n.jpg?resize=300%2C225&#038;ssl=1\" alt=\"\" width=\"300\" height=\"225\" srcset=\"https:\/\/i0.wp.com\/pequod.nesodd1.no\/wp-content\/uploads\/2020\/09\/118767151_10157268444622032_726783948326895354_n.jpg?resize=300%2C225&amp;ssl=1 300w, https:\/\/i0.wp.com\/pequod.nesodd1.no\/wp-content\/uploads\/2020\/09\/118767151_10157268444622032_726783948326895354_n.jpg?resize=100%2C75&amp;ssl=1 100w, https:\/\/i0.wp.com\/pequod.nesodd1.no\/wp-content\/uploads\/2020\/09\/118767151_10157268444622032_726783948326895354_n.jpg?resize=768%2C576&amp;ssl=1 768w, https:\/\/i0.wp.com\/pequod.nesodd1.no\/wp-content\/uploads\/2020\/09\/118767151_10157268444622032_726783948326895354_n.jpg?w=960&amp;ssl=1 960w\" sizes=\"auto, (max-width: 300px) 100vw, 300px\" \/><\/a>Selve \u00f8ya er ganske flat og har fyrmuseum og en stor rullesteinstrand \u00e5 by p\u00e5. Sykkelutleien &laquo;Knutepunktet&raquo; er n\u00e6rmest litt Reodor Felgen-aktig med et stort utvalg av sykler og rimelige priser. Det g\u00e5r stier til stranda, der du blant annet g\u00e5r forbi et tjern som visstnok inspirerte Theodor Kittelsens bilde av N\u00f8kken. Kittelsen var jo f\u00f8dt i Krager\u00f8 og laget en serie med bilder fra Jomfruland, ogs\u00e5 fra rullesteinsstranda. Disse kan du for\u00f8vrig se p\u00e5 Nationalmuseet.<\/p>\n<p>Selve gjestehavna er helt OK, men er det vindfullt er det et must \u00e5 legge til p\u00e5 innsiden av moloen. Ved mitt bes\u00f8k valgte jeg \u00e5 ligge p\u00e5 utsiden, hovedsaklig fordi jeg ikke egentlig hadde tenkt \u00e5 bli der i to d\u00f8gn, men ogs\u00e5 fordi det ville blitt veldig tungvint for meg \u00e5 komme ut og inn av b\u00e5ten ettersom jeg da m\u00e5tte ha g\u00e5tt i land fra baugen ettersom det ikke er gangbare utriggeren p\u00e5 innsiden av moloen..&nbsp;<\/p>\n<p>Ligger du p\u00e5 utsiden er du som sagt veldig utsatt for vind, spesielt om den kommer s\u00f8rfra og nordfra. Ved mitt neste bes\u00f8k vil jeg nok legge til p\u00e5 innsiden hvis jeg skal overnatte&#8230; Hvis den ytterste plassen p\u00e5 innsiden er ledig, mener jeg \u00e5 huske at jeg kan g\u00e5 i land fra siden der.<\/p>\n<p><a href=\"https:\/\/i0.wp.com\/pequod.nesodd1.no\/wp-content\/uploads\/2020\/09\/118801028_10157270538827032_4795230180160574964_n.jpg?ssl=1\"><img data-recalc-dims=\"1\" loading=\"lazy\" decoding=\"async\" data-attachment-id=\"19936\" data-permalink=\"https:\/\/pequod.nesodd1.no\/?attachment_id=19936\" data-orig-file=\"https:\/\/i0.wp.com\/pequod.nesodd1.no\/wp-content\/uploads\/2020\/09\/118801028_10157270538827032_4795230180160574964_n.jpg?fit=960%2C720&amp;ssl=1\" data-orig-size=\"960,720\" data-comments-opened=\"1\" data-image-meta=\"{&quot;aperture&quot;:&quot;0&quot;,&quot;credit&quot;:&quot;&quot;,&quot;camera&quot;:&quot;&quot;,&quot;caption&quot;:&quot;&quot;,&quot;created_timestamp&quot;:&quot;0&quot;,&quot;copyright&quot;:&quot;&quot;,&quot;focal_length&quot;:&quot;0&quot;,&quot;iso&quot;:&quot;0&quot;,&quot;shutter_speed&quot;:&quot;0&quot;,&quot;title&quot;:&quot;&quot;,&quot;orientation&quot;:&quot;0&quot;}\" data-image-title=\"118801028_10157270538827032_4795230180160574964_n\" data-image-description=\"&lt;p&gt;Jomfruland&lt;\/p&gt;\n\" data-image-caption=\"\" data-large-file=\"https:\/\/i0.wp.com\/pequod.nesodd1.no\/wp-content\/uploads\/2020\/09\/118801028_10157270538827032_4795230180160574964_n.jpg?fit=940%2C705&amp;ssl=1\" class=\"alignleft size-medium wp-image-19936\" src=\"https:\/\/i0.wp.com\/pequod.nesodd1.no\/wp-content\/uploads\/2020\/09\/118801028_10157270538827032_4795230180160574964_n.jpg?resize=300%2C225&#038;ssl=1\" alt=\"\" width=\"300\" height=\"225\" srcset=\"https:\/\/i0.wp.com\/pequod.nesodd1.no\/wp-content\/uploads\/2020\/09\/118801028_10157270538827032_4795230180160574964_n.jpg?resize=300%2C225&amp;ssl=1 300w, https:\/\/i0.wp.com\/pequod.nesodd1.no\/wp-content\/uploads\/2020\/09\/118801028_10157270538827032_4795230180160574964_n.jpg?resize=100%2C75&amp;ssl=1 100w, https:\/\/i0.wp.com\/pequod.nesodd1.no\/wp-content\/uploads\/2020\/09\/118801028_10157270538827032_4795230180160574964_n.jpg?resize=768%2C576&amp;ssl=1 768w, https:\/\/i0.wp.com\/pequod.nesodd1.no\/wp-content\/uploads\/2020\/09\/118801028_10157270538827032_4795230180160574964_n.jpg?w=960&amp;ssl=1 960w\" sizes=\"auto, (max-width: 300px) 100vw, 300px\" \/><\/a>P\u00e5 selve T\u00e5rnbrygga rett ved siden av gjestehavna anl\u00f8per ferga, der er det ogs\u00e5 en kiosk, tror jeg (var stengt for sesongen da jeg var der) og litt lenger inn, ved serviceanlegget, er det en st\u00f8rre kaf\u00e9\/restaurant. B\u00e5de serviceanlegget og restauranten var stengt for sesongen.<\/p>\n<p>Det er lett \u00e5 komme seg fram p\u00e5 \u00f8ya, og det anbefales virkelig \u00e5 ta seg en tur rundt. Kommer nok tilbake hit!<\/p>\n<p>For\u00f8vrig en stiv pris for \u00e5 ligge der med tanke p\u00e5 at servicebygget var stengt. Og Krager\u00f8 kommune vet \u00e5 utnytte b\u00e5tfolket ettersom de n\u00e5 opererer med en hovedsesong (med full pris) som strekker seg fra 1. mai til 1. november! ALLE andre gjestehavner i Norges land har en hovedsesong fra rundt begynnelsen av juni til midten\/slutten av august, men ikke Krager\u00f8, nei!&nbsp;<\/p>\n<p><a href=\"https:\/\/i0.wp.com\/pequod.nesodd1.no\/wp-content\/uploads\/2020\/09\/IMG-9605.jpg.a2fa21d8957c19dc82b1d1a92c5bcff3.jpg?ssl=1\"><img data-recalc-dims=\"1\" loading=\"lazy\" decoding=\"async\" data-attachment-id=\"19937\" data-permalink=\"https:\/\/pequod.nesodd1.no\/?attachment_id=19937\" data-orig-file=\"https:\/\/i0.wp.com\/pequod.nesodd1.no\/wp-content\/uploads\/2020\/09\/IMG-9605.jpg.a2fa21d8957c19dc82b1d1a92c5bcff3.jpg?fit=800%2C600&amp;ssl=1\" data-orig-size=\"800,600\" data-comments-opened=\"1\" data-image-meta=\"{&quot;aperture&quot;:&quot;0&quot;,&quot;credit&quot;:&quot;&quot;,&quot;camera&quot;:&quot;&quot;,&quot;caption&quot;:&quot;&quot;,&quot;created_timestamp&quot;:&quot;0&quot;,&quot;copyright&quot;:&quot;&quot;,&quot;focal_length&quot;:&quot;0&quot;,&quot;iso&quot;:&quot;0&quot;,&quot;shutter_speed&quot;:&quot;0&quot;,&quot;title&quot;:&quot;&quot;,&quot;orientation&quot;:&quot;0&quot;}\" data-image-title=\"IMG-9605.jpg.a2fa21d8957c19dc82b1d1a92c5bcff3\" data-image-description=\"&lt;p&gt;Jomfruland&lt;\/p&gt;\n\" data-image-caption=\"\" data-large-file=\"https:\/\/i0.wp.com\/pequod.nesodd1.no\/wp-content\/uploads\/2020\/09\/IMG-9605.jpg.a2fa21d8957c19dc82b1d1a92c5bcff3.jpg?fit=800%2C600&amp;ssl=1\" class=\"aligncenter size-full wp-image-19937\" src=\"https:\/\/i0.wp.com\/pequod.nesodd1.no\/wp-content\/uploads\/2020\/09\/IMG-9605.jpg.a2fa21d8957c19dc82b1d1a92c5bcff3.jpg?resize=800%2C600&#038;ssl=1\" alt=\"\" width=\"800\" height=\"600\" srcset=\"https:\/\/i0.wp.com\/pequod.nesodd1.no\/wp-content\/uploads\/2020\/09\/IMG-9605.jpg.a2fa21d8957c19dc82b1d1a92c5bcff3.jpg?w=800&amp;ssl=1 800w, https:\/\/i0.wp.com\/pequod.nesodd1.no\/wp-content\/uploads\/2020\/09\/IMG-9605.jpg.a2fa21d8957c19dc82b1d1a92c5bcff3.jpg?resize=300%2C225&amp;ssl=1 300w, https:\/\/i0.wp.com\/pequod.nesodd1.no\/wp-content\/uploads\/2020\/09\/IMG-9605.jpg.a2fa21d8957c19dc82b1d1a92c5bcff3.jpg?resize=100%2C75&amp;ssl=1 100w, https:\/\/i0.wp.com\/pequod.nesodd1.no\/wp-content\/uploads\/2020\/09\/IMG-9605.jpg.a2fa21d8957c19dc82b1d1a92c5bcff3.jpg?resize=768%2C576&amp;ssl=1 768w\" sizes=\"auto, (max-width: 800px) 100vw, 800px\" \/><\/a><\/p>\n<h3>Related Images:<\/h3>","protected":false},"excerpt":{"rendered":"<p>Vurdering (5 anker er best):&nbsp; Posisjon:58\u00b051&#8217;58.6&#8243;N 9\u00b035&#8217;22.3&#8243;E Bes\u00f8kt antall ganger:&nbsp;1&nbsp;Sist bes\u00f8kt: 03.05-0906 2020&nbsp; Webkamera: Nei&nbsp;&nbsp; Fasiliteter: Servicebygg med dusj og toalett. Str\u00f8m og vann. S\u00f8ppel. Kiosk, kaf\u00e9 og sykkelutleie Havneavgift (for 29-foter): 275 NOK. Automat. Fort\u00f8yning: B\u00e5s p\u00e5 innsiden og utsiden av molo. Tilrettelagt for funksjonshemmede:&nbsp;&nbsp;Delvis. Standard flytebrygger p\u00e5 utsiden sv moloen, med vanlig rampe &hellip;<br \/><a href=\"https:\/\/pequod.nesodd1.no\/?page_id=19849\" class=\"more-link pen_element_default pen_icon_arrow_double\">Les<\/a><\/p>\n","protected":false},"author":1,"featured_media":19934,"parent":5493,"menu_order":0,"comment_status":"closed","ping_status":"closed","template":"","meta":{"_crdt_document":"","ngg_post_thumbnail":0,"jetpack_post_was_ever_published":false,"footnotes":""},"class_list":["post-19849","page","type-page","status-publish","has-post-thumbnail","hentry"],"jetpack_shortlink":"https:\/\/wp.me\/P3Zd9b-5a9","jetpack_sharing_enabled":true,"jetpack_likes_enabled":true,"jetpack-related-posts":[],"_links":{"self":[{"href":"https:\/\/pequod.nesodd1.no\/index.php?rest_route=\/wp\/v2\/pages\/19849","targetHints":{"allow":["GET"]}}],"collection":[{"href":"https:\/\/pequod.nesodd1.no\/index.php?rest_route=\/wp\/v2\/pages"}],"about":[{"href":"https:\/\/pequod.nesodd1.no\/index.php?rest_route=\/wp\/v2\/types\/page"}],"author":[{"embeddable":true,"href":"https:\/\/pequod.nesodd1.no\/index.php?rest_route=\/wp\/v2\/users\/1"}],"replies":[{"embeddable":true,"href":"https:\/\/pequod.nesodd1.no\/index.php?rest_route=%2Fwp%2Fv2%2Fcomments&post=19849"}],"version-history":[{"count":8,"href":"https:\/\/pequod.nesodd1.no\/index.php?rest_route=\/wp\/v2\/pages\/19849\/revisions"}],"predecessor-version":[{"id":20379,"href":"https:\/\/pequod.nesodd1.no\/index.php?rest_route=\/wp\/v2\/pages\/19849\/revisions\/20379"}],"up":[{"embeddable":true,"href":"https:\/\/pequod.nesodd1.no\/index.php?rest_route=\/wp\/v2\/pages\/5493"}],"wp:featuredmedia":[{"embeddable":true,"href":"https:\/\/pequod.nesodd1.no\/index.php?rest_route=\/wp\/v2\/media\/19934"}],"wp:attachment":[{"href":"https:\/\/pequod.nesodd1.no\/index.php?rest_route=%2Fwp%2Fv2%2Fmedia&parent=19849"}],"curies":[{"name":"wp","href":"https:\/\/api.w.org\/{rel}","templated":true}]}}