{"id":19857,"date":"2020-09-29T20:18:18","date_gmt":"2020-09-29T18:18:18","guid":{"rendered":"https:\/\/pequod.nesodd1.no\/?page_id=19857"},"modified":"2021-11-26T20:36:14","modified_gmt":"2021-11-26T19:36:14","slug":"skudeviga-langoy-agder","status":"publish","type":"page","link":"https:\/\/pequod.nesodd1.no\/?page_id=19857","title":{"rendered":"Skudeviga\/Lang\u00f8y (Farsund)"},"content":{"rendered":"<p><strong>Vurdering (5 anker er best):&nbsp;<a href=\"https:\/\/i0.wp.com\/pequod.nesodd1.no\/wp-content\/uploads\/2019\/10\/klistremerker-anker-og-tau-design.jpg.jpg?ssl=1\"><img loading=\"lazy\" decoding=\"async\" data-attachment-id=\"16489\" data-permalink=\"https:\/\/pequod.nesodd1.no\/?attachment_id=16489\" data-orig-file=\"https:\/\/i0.wp.com\/pequod.nesodd1.no\/wp-content\/uploads\/2019\/10\/klistremerker-anker-og-tau-design.jpg.jpg?fit=25%2C25&amp;ssl=1\" data-orig-size=\"25,25\" data-comments-opened=\"1\" data-image-meta=\"{&quot;aperture&quot;:&quot;0&quot;,&quot;credit&quot;:&quot;tribalium81&quot;,&quot;camera&quot;:&quot;&quot;,&quot;caption&quot;:&quot;&quot;,&quot;created_timestamp&quot;:&quot;0&quot;,&quot;copyright&quot;:&quot;tribalium81&quot;,&quot;focal_length&quot;:&quot;0&quot;,&quot;iso&quot;:&quot;0&quot;,&quot;shutter_speed&quot;:&quot;0&quot;,&quot;title&quot;:&quot;anchor and rope design&quot;,&quot;orientation&quot;:&quot;1&quot;}\" data-image-title=\"anchor and rope design\" data-image-description=\"\" data-image-caption=\"\" data-large-file=\"https:\/\/i0.wp.com\/pequod.nesodd1.no\/wp-content\/uploads\/2019\/10\/klistremerker-anker-og-tau-design.jpg.jpg?fit=25%2C25&amp;ssl=1\" class=\"alignnone size-full wp-image-16489 jetpack-lazy-image jetpack-lazy-image--handled\" src=\"https:\/\/i0.wp.com\/pequod.nesodd1.no\/wp-content\/uploads\/2019\/10\/klistremerker-anker-og-tau-design.jpg.jpg?resize=25%2C25&amp;ssl=1\" alt=\"\" width=\"25\" height=\"25\" data-attachment-id=\"16489\" data-permalink=\"https:\/\/pequod.nesodd1.no\/?attachment_id=16489\" data-orig-file=\"https:\/\/i0.wp.com\/pequod.nesodd1.no\/wp-content\/uploads\/2019\/10\/klistremerker-anker-og-tau-design.jpg.jpg?fit=25%2C25&amp;ssl=1\" data-orig-size=\"25,25\" data-comments-opened=\"1\" data-image-meta=\"{&quot;aperture&quot;:&quot;0&quot;,&quot;credit&quot;:&quot;tribalium81&quot;,&quot;camera&quot;:&quot;&quot;,&quot;caption&quot;:&quot;&quot;,&quot;created_timestamp&quot;:&quot;0&quot;,&quot;copyright&quot;:&quot;tribalium81&quot;,&quot;focal_length&quot;:&quot;0&quot;,&quot;iso&quot;:&quot;0&quot;,&quot;shutter_speed&quot;:&quot;0&quot;,&quot;title&quot;:&quot;anchor and rope design&quot;,&quot;orientation&quot;:&quot;1&quot;}\" data-image-title=\"anchor and rope design\" data-image-description=\"\" data-medium-file=\"https:\/\/i0.wp.com\/pequod.nesodd1.no\/wp-content\/uploads\/2019\/10\/klistremerker-anker-og-tau-design.jpg.jpg?fit=25%2C25&amp;ssl=1\" data-large-file=\"https:\/\/i0.wp.com\/pequod.nesodd1.no\/wp-content\/uploads\/2019\/10\/klistremerker-anker-og-tau-design.jpg.jpg?fit=25%2C25&amp;ssl=1\" data-lazy-loaded=\"1\"><\/a><a href=\"https:\/\/i0.wp.com\/pequod.nesodd1.no\/wp-content\/uploads\/2019\/10\/klistremerker-anker-og-tau-design.jpg.jpg?ssl=1\"><img loading=\"lazy\" decoding=\"async\" data-attachment-id=\"16489\" data-permalink=\"https:\/\/pequod.nesodd1.no\/?attachment_id=16489\" data-orig-file=\"https:\/\/i0.wp.com\/pequod.nesodd1.no\/wp-content\/uploads\/2019\/10\/klistremerker-anker-og-tau-design.jpg.jpg?fit=25%2C25&amp;ssl=1\" data-orig-size=\"25,25\" data-comments-opened=\"1\" data-image-meta=\"{&quot;aperture&quot;:&quot;0&quot;,&quot;credit&quot;:&quot;tribalium81&quot;,&quot;camera&quot;:&quot;&quot;,&quot;caption&quot;:&quot;&quot;,&quot;created_timestamp&quot;:&quot;0&quot;,&quot;copyright&quot;:&quot;tribalium81&quot;,&quot;focal_length&quot;:&quot;0&quot;,&quot;iso&quot;:&quot;0&quot;,&quot;shutter_speed&quot;:&quot;0&quot;,&quot;title&quot;:&quot;anchor and rope design&quot;,&quot;orientation&quot;:&quot;1&quot;}\" data-image-title=\"anchor and rope design\" data-image-description=\"\" data-image-caption=\"\" data-large-file=\"https:\/\/i0.wp.com\/pequod.nesodd1.no\/wp-content\/uploads\/2019\/10\/klistremerker-anker-og-tau-design.jpg.jpg?fit=25%2C25&amp;ssl=1\" class=\"alignnone size-full wp-image-16489 jetpack-lazy-image jetpack-lazy-image--handled\" src=\"https:\/\/i0.wp.com\/pequod.nesodd1.no\/wp-content\/uploads\/2019\/10\/klistremerker-anker-og-tau-design.jpg.jpg?resize=25%2C25&amp;ssl=1\" alt=\"\" width=\"25\" height=\"25\" data-attachment-id=\"16489\" data-permalink=\"https:\/\/pequod.nesodd1.no\/?attachment_id=16489\" data-orig-file=\"https:\/\/i0.wp.com\/pequod.nesodd1.no\/wp-content\/uploads\/2019\/10\/klistremerker-anker-og-tau-design.jpg.jpg?fit=25%2C25&amp;ssl=1\" data-orig-size=\"25,25\" data-comments-opened=\"1\" data-image-meta=\"{&quot;aperture&quot;:&quot;0&quot;,&quot;credit&quot;:&quot;tribalium81&quot;,&quot;camera&quot;:&quot;&quot;,&quot;caption&quot;:&quot;&quot;,&quot;created_timestamp&quot;:&quot;0&quot;,&quot;copyright&quot;:&quot;tribalium81&quot;,&quot;focal_length&quot;:&quot;0&quot;,&quot;iso&quot;:&quot;0&quot;,&quot;shutter_speed&quot;:&quot;0&quot;,&quot;title&quot;:&quot;anchor and rope design&quot;,&quot;orientation&quot;:&quot;1&quot;}\" data-image-title=\"anchor and rope design\" data-image-description=\"\" data-medium-file=\"https:\/\/i0.wp.com\/pequod.nesodd1.no\/wp-content\/uploads\/2019\/10\/klistremerker-anker-og-tau-design.jpg.jpg?fit=25%2C25&amp;ssl=1\" data-large-file=\"https:\/\/i0.wp.com\/pequod.nesodd1.no\/wp-content\/uploads\/2019\/10\/klistremerker-anker-og-tau-design.jpg.jpg?fit=25%2C25&amp;ssl=1\" data-lazy-loaded=\"1\"><\/a><\/strong><br \/>\n<strong>Posisjon:<\/strong> 58\u00b04&#8217;25.9&#8243;N 6\u00b053&#8217;13.6&#8243;E<br \/>\n<strong>Antall bes\u00f8k<\/strong>: 1&nbsp;<strong>Sist bes\u00f8kt:&nbsp;<\/strong>19.08.2020.<br \/>\n<strong>Fasiliteter:<\/strong>&nbsp; Sittebenker. Grillplass. Grillhytte. Utedo.<br \/>\n<b>Fort\u00f8yning: <\/b>Langsides og baug mot brygge og anker akter.<br \/>\n<b>Tilrettelagt for funksjonshemmede:<\/b> Delvis. Det g\u00e5r greit \u00e5 komme seg p\u00e5 bryggene og litt rundt i omr\u00e5det, men begrenset p\u00e5 grunn av terrenget.<\/p>\n<p><a href=\"https:\/\/i0.wp.com\/pequod.nesodd1.no\/wp-content\/uploads\/2020\/09\/6A51F4A3-AF7E-457D-8D71-AE060BB0F340.jpeg.2f42757e0087ba16f1df19f96a22f35f.jpeg?ssl=1\"><img data-recalc-dims=\"1\" loading=\"lazy\" decoding=\"async\" data-attachment-id=\"19912\" data-permalink=\"https:\/\/pequod.nesodd1.no\/?attachment_id=19912\" data-orig-file=\"https:\/\/i0.wp.com\/pequod.nesodd1.no\/wp-content\/uploads\/2020\/09\/6A51F4A3-AF7E-457D-8D71-AE060BB0F340.jpeg.2f42757e0087ba16f1df19f96a22f35f.jpeg?fit=640%2C480&amp;ssl=1\" data-orig-size=\"640,480\" data-comments-opened=\"1\" data-image-meta=\"{&quot;aperture&quot;:&quot;0&quot;,&quot;credit&quot;:&quot;&quot;,&quot;camera&quot;:&quot;&quot;,&quot;caption&quot;:&quot;&quot;,&quot;created_timestamp&quot;:&quot;0&quot;,&quot;copyright&quot;:&quot;&quot;,&quot;focal_length&quot;:&quot;0&quot;,&quot;iso&quot;:&quot;0&quot;,&quot;shutter_speed&quot;:&quot;0&quot;,&quot;title&quot;:&quot;&quot;,&quot;orientation&quot;:&quot;0&quot;}\" data-image-title=\"6A51F4A3-AF7E-457D-8D71-AE060BB0F340.jpeg.2f42757e0087ba16f1df19f96a22f35f\" data-image-description=\"&lt;p&gt;Skudeviga, Lang\u00f8y, Farsund&lt;\/p&gt;\n\" data-image-caption=\"\" data-large-file=\"https:\/\/i0.wp.com\/pequod.nesodd1.no\/wp-content\/uploads\/2020\/09\/6A51F4A3-AF7E-457D-8D71-AE060BB0F340.jpeg.2f42757e0087ba16f1df19f96a22f35f.jpeg?fit=640%2C480&amp;ssl=1\" class=\"alignleft size-medium wp-image-19912\" src=\"https:\/\/i0.wp.com\/pequod.nesodd1.no\/wp-content\/uploads\/2020\/09\/6A51F4A3-AF7E-457D-8D71-AE060BB0F340.jpeg.2f42757e0087ba16f1df19f96a22f35f.jpeg?resize=300%2C225&#038;ssl=1\" alt=\"\" width=\"300\" height=\"225\" srcset=\"https:\/\/i0.wp.com\/pequod.nesodd1.no\/wp-content\/uploads\/2020\/09\/6A51F4A3-AF7E-457D-8D71-AE060BB0F340.jpeg.2f42757e0087ba16f1df19f96a22f35f.jpeg?resize=300%2C225&amp;ssl=1 300w, https:\/\/i0.wp.com\/pequod.nesodd1.no\/wp-content\/uploads\/2020\/09\/6A51F4A3-AF7E-457D-8D71-AE060BB0F340.jpeg.2f42757e0087ba16f1df19f96a22f35f.jpeg?resize=100%2C75&amp;ssl=1 100w, https:\/\/i0.wp.com\/pequod.nesodd1.no\/wp-content\/uploads\/2020\/09\/6A51F4A3-AF7E-457D-8D71-AE060BB0F340.jpeg.2f42757e0087ba16f1df19f96a22f35f.jpeg?w=640&amp;ssl=1 640w\" sizes=\"auto, (max-width: 300px) 100vw, 300px\" \/><\/a>Skudeviga ligger p\u00e5 Lang\u00f8y utenfor Farsund, like ved Kveldsund. Det ogs\u00e5 en brygge p\u00e5 den andre siden av bukta, men den la jeg meg ikke p\u00e5.<\/p>\n<p>Skudeviga er et pent opparbeidet sted, bortsett fra at d\u00f8ra p\u00e5 utedoen bare hang s\u00e5nn halvveis p\u00e5 &#8211; det gjorde meg ikke noe, for jeg skulle ikke bruke den uansett. Og det var ogs\u00e5 en utfordring \u00e5 komme seg opp til den hvis man har d\u00e5rlig balanse.<\/p>\n<p>Ellers p\u00e5 dette lille stedet er det opparbeidet en ganske lang trebrygge og en pen steinbrygge i tillegg. Innerst i bukta er det en liten flytebrygge, men der syntes jeg det var veldig grunt, selv om jeg stikker bare 95 centimeter, s\u00e5 jeg tok ikke sjansen.<\/p>\n<p><a href=\"https:\/\/i0.wp.com\/pequod.nesodd1.no\/wp-content\/uploads\/2020\/09\/3F6C7018-585E-4C75-AC56-CA3F6CF95CAD.jpeg.f5ba7f14538c3b14fa22725dab265e88.jpeg?ssl=1\"><img data-recalc-dims=\"1\" loading=\"lazy\" decoding=\"async\" data-attachment-id=\"19911\" data-permalink=\"https:\/\/pequod.nesodd1.no\/?attachment_id=19911\" data-orig-file=\"https:\/\/i0.wp.com\/pequod.nesodd1.no\/wp-content\/uploads\/2020\/09\/3F6C7018-585E-4C75-AC56-CA3F6CF95CAD.jpeg.f5ba7f14538c3b14fa22725dab265e88.jpeg?fit=640%2C480&amp;ssl=1\" data-orig-size=\"640,480\" data-comments-opened=\"1\" data-image-meta=\"{&quot;aperture&quot;:&quot;0&quot;,&quot;credit&quot;:&quot;&quot;,&quot;camera&quot;:&quot;&quot;,&quot;caption&quot;:&quot;&quot;,&quot;created_timestamp&quot;:&quot;0&quot;,&quot;copyright&quot;:&quot;&quot;,&quot;focal_length&quot;:&quot;0&quot;,&quot;iso&quot;:&quot;0&quot;,&quot;shutter_speed&quot;:&quot;0&quot;,&quot;title&quot;:&quot;&quot;,&quot;orientation&quot;:&quot;0&quot;}\" data-image-title=\"3F6C7018-585E-4C75-AC56-CA3F6CF95CAD.jpeg.f5ba7f14538c3b14fa22725dab265e88\" data-image-description=\"&lt;p&gt;Skudeviga, Lang\u00f8y, Farsund&lt;\/p&gt;\n\" data-image-caption=\"\" data-large-file=\"https:\/\/i0.wp.com\/pequod.nesodd1.no\/wp-content\/uploads\/2020\/09\/3F6C7018-585E-4C75-AC56-CA3F6CF95CAD.jpeg.f5ba7f14538c3b14fa22725dab265e88.jpeg?fit=640%2C480&amp;ssl=1\" class=\"size-medium wp-image-19911 alignright\" src=\"https:\/\/i0.wp.com\/pequod.nesodd1.no\/wp-content\/uploads\/2020\/09\/3F6C7018-585E-4C75-AC56-CA3F6CF95CAD.jpeg.f5ba7f14538c3b14fa22725dab265e88.jpeg?resize=300%2C225&#038;ssl=1\" alt=\"\" width=\"300\" height=\"225\" srcset=\"https:\/\/i0.wp.com\/pequod.nesodd1.no\/wp-content\/uploads\/2020\/09\/3F6C7018-585E-4C75-AC56-CA3F6CF95CAD.jpeg.f5ba7f14538c3b14fa22725dab265e88.jpeg?resize=300%2C225&amp;ssl=1 300w, https:\/\/i0.wp.com\/pequod.nesodd1.no\/wp-content\/uploads\/2020\/09\/3F6C7018-585E-4C75-AC56-CA3F6CF95CAD.jpeg.f5ba7f14538c3b14fa22725dab265e88.jpeg?resize=100%2C75&amp;ssl=1 100w, https:\/\/i0.wp.com\/pequod.nesodd1.no\/wp-content\/uploads\/2020\/09\/3F6C7018-585E-4C75-AC56-CA3F6CF95CAD.jpeg.f5ba7f14538c3b14fa22725dab265e88.jpeg?w=640&amp;ssl=1 640w\" sizes=\"auto, (max-width: 300px) 100vw, 300px\" \/><\/a>P\u00e5 trebrygga jeg la meg p\u00e5 var det ogs\u00e5 grunt et par steder, samt noen steiner som stakk fram her og der, s\u00e5 dette er en brygge som nok f\u00f8rst og fremst er tenkt p\u00e5 b\u00e5ter som ligger med baugen inn og anker akter.<\/p>\n<p>S\u00e5 stille som det var n\u00e5r jeg bes\u00f8kte den s\u00e5 tok jeg sjansen p\u00e5 \u00e5 legge til langsides uansett.<\/p>\n<p>Det er masse sitteplass og fine grillmuligheter p\u00e5 stedet, b\u00e5de ute og inne i stor grillhytte\/varmestue. Det er ogs\u00e5 mulig \u00e5 ta med seg en s\u00f8ppelsekk fra Kystlotteriet hvis man vil rydde litt opp for s\u00f8ppel man finner p\u00e5 b\u00e5tturen. S\u00e5 kan man levere den inn p\u00e5 returpunkter og delta i loddtrekning.<\/p>\n<p>Et veldig koselig sted, utsatt for s\u00f8r\u00f8stlige vinder, men helt sikkert ganske s\u00e5 popul\u00e6rt blant lokalbefolkningen.<\/p>\n<p>&nbsp;<\/p>\n<p><a href=\"https:\/\/i0.wp.com\/pequod.nesodd1.no\/wp-content\/uploads\/2020\/09\/64256965-DFF2-4106-8173-18D3C8127E9D.jpeg.eedd21170c73093d887e94546051e4cb.jpeg?ssl=1\"><img data-recalc-dims=\"1\" loading=\"lazy\" decoding=\"async\" data-attachment-id=\"19910\" data-permalink=\"https:\/\/pequod.nesodd1.no\/?attachment_id=19910\" data-orig-file=\"https:\/\/i0.wp.com\/pequod.nesodd1.no\/wp-content\/uploads\/2020\/09\/64256965-DFF2-4106-8173-18D3C8127E9D.jpeg.eedd21170c73093d887e94546051e4cb.jpeg?fit=640%2C480&amp;ssl=1\" data-orig-size=\"640,480\" data-comments-opened=\"1\" data-image-meta=\"{&quot;aperture&quot;:&quot;0&quot;,&quot;credit&quot;:&quot;&quot;,&quot;camera&quot;:&quot;&quot;,&quot;caption&quot;:&quot;&quot;,&quot;created_timestamp&quot;:&quot;0&quot;,&quot;copyright&quot;:&quot;&quot;,&quot;focal_length&quot;:&quot;0&quot;,&quot;iso&quot;:&quot;0&quot;,&quot;shutter_speed&quot;:&quot;0&quot;,&quot;title&quot;:&quot;&quot;,&quot;orientation&quot;:&quot;0&quot;}\" data-image-title=\"64256965-DFF2-4106-8173-18D3C8127E9D.jpeg.eedd21170c73093d887e94546051e4cb\" data-image-description=\"&lt;p&gt;Skudeviga, Lang\u00f8y, Farsund&lt;\/p&gt;\n\" data-image-caption=\"\" data-large-file=\"https:\/\/i0.wp.com\/pequod.nesodd1.no\/wp-content\/uploads\/2020\/09\/64256965-DFF2-4106-8173-18D3C8127E9D.jpeg.eedd21170c73093d887e94546051e4cb.jpeg?fit=640%2C480&amp;ssl=1\" class=\"aligncenter size-full wp-image-19910\" src=\"https:\/\/i0.wp.com\/pequod.nesodd1.no\/wp-content\/uploads\/2020\/09\/64256965-DFF2-4106-8173-18D3C8127E9D.jpeg.eedd21170c73093d887e94546051e4cb.jpeg?resize=640%2C480&#038;ssl=1\" alt=\"\" width=\"640\" height=\"480\" srcset=\"https:\/\/i0.wp.com\/pequod.nesodd1.no\/wp-content\/uploads\/2020\/09\/64256965-DFF2-4106-8173-18D3C8127E9D.jpeg.eedd21170c73093d887e94546051e4cb.jpeg?w=640&amp;ssl=1 640w, https:\/\/i0.wp.com\/pequod.nesodd1.no\/wp-content\/uploads\/2020\/09\/64256965-DFF2-4106-8173-18D3C8127E9D.jpeg.eedd21170c73093d887e94546051e4cb.jpeg?resize=300%2C225&amp;ssl=1 300w, https:\/\/i0.wp.com\/pequod.nesodd1.no\/wp-content\/uploads\/2020\/09\/64256965-DFF2-4106-8173-18D3C8127E9D.jpeg.eedd21170c73093d887e94546051e4cb.jpeg?resize=100%2C75&amp;ssl=1 100w\" sizes=\"auto, (max-width: 640px) 100vw, 640px\" \/><\/a><\/p>\n<h3>Related Images:<\/h3>","protected":false},"excerpt":{"rendered":"<p>Vurdering (5 anker er best):&nbsp; Posisjon: 58\u00b04&#8217;25.9&#8243;N 6\u00b053&#8217;13.6&#8243;E Antall bes\u00f8k: 1&nbsp;Sist bes\u00f8kt:&nbsp;19.08.2020. Fasiliteter:&nbsp; Sittebenker. Grillplass. Grillhytte. Utedo. Fort\u00f8yning: Langsides og baug mot brygge og anker akter. Tilrettelagt for funksjonshemmede: Delvis. Det g\u00e5r greit \u00e5 komme seg p\u00e5 bryggene og litt rundt i omr\u00e5det, men begrenset p\u00e5 grunn av terrenget. Skudeviga ligger p\u00e5 Lang\u00f8y utenfor Farsund, &hellip;<br \/><a href=\"https:\/\/pequod.nesodd1.no\/?page_id=19857\" class=\"more-link pen_element_default pen_icon_arrow_double\">Les<\/a><\/p>\n","protected":false},"author":1,"featured_media":19585,"parent":5495,"menu_order":0,"comment_status":"closed","ping_status":"closed","template":"","meta":{"_crdt_document":"","ngg_post_thumbnail":0,"jetpack_post_was_ever_published":false,"footnotes":""},"class_list":["post-19857","page","type-page","status-publish","has-post-thumbnail","hentry"],"jetpack_shortlink":"https:\/\/wp.me\/P3Zd9b-5ah","jetpack_sharing_enabled":true,"jetpack_likes_enabled":true,"jetpack-related-posts":[],"_links":{"self":[{"href":"https:\/\/pequod.nesodd1.no\/index.php?rest_route=\/wp\/v2\/pages\/19857","targetHints":{"allow":["GET"]}}],"collection":[{"href":"https:\/\/pequod.nesodd1.no\/index.php?rest_route=\/wp\/v2\/pages"}],"about":[{"href":"https:\/\/pequod.nesodd1.no\/index.php?rest_route=\/wp\/v2\/types\/page"}],"author":[{"embeddable":true,"href":"https:\/\/pequod.nesodd1.no\/index.php?rest_route=\/wp\/v2\/users\/1"}],"replies":[{"embeddable":true,"href":"https:\/\/pequod.nesodd1.no\/index.php?rest_route=%2Fwp%2Fv2%2Fcomments&post=19857"}],"version-history":[{"count":9,"href":"https:\/\/pequod.nesodd1.no\/index.php?rest_route=\/wp\/v2\/pages\/19857\/revisions"}],"predecessor-version":[{"id":23455,"href":"https:\/\/pequod.nesodd1.no\/index.php?rest_route=\/wp\/v2\/pages\/19857\/revisions\/23455"}],"up":[{"embeddable":true,"href":"https:\/\/pequod.nesodd1.no\/index.php?rest_route=\/wp\/v2\/pages\/5495"}],"wp:featuredmedia":[{"embeddable":true,"href":"https:\/\/pequod.nesodd1.no\/index.php?rest_route=\/wp\/v2\/media\/19585"}],"wp:attachment":[{"href":"https:\/\/pequod.nesodd1.no\/index.php?rest_route=%2Fwp%2Fv2%2Fmedia&parent=19857"}],"curies":[{"name":"wp","href":"https:\/\/api.w.org\/{rel}","templated":true}]}}