{"id":19859,"date":"2020-09-26T23:44:02","date_gmt":"2020-09-26T21:44:02","guid":{"rendered":"https:\/\/pequod.nesodd1.no\/?page_id=19859"},"modified":"2021-11-26T20:24:48","modified_gmt":"2021-11-26T19:24:48","slug":"dalibukta-skarvoy-agder","status":"publish","type":"page","link":"https:\/\/pequod.nesodd1.no\/?page_id=19859","title":{"rendered":"D\u00e5libukta\/Skarv\u00f8y (Farsund)"},"content":{"rendered":"<p><strong>Vurdering (5 anker er best):&nbsp;<a href=\"https:\/\/i0.wp.com\/pequod.nesodd1.no\/wp-content\/uploads\/2019\/10\/klistremerker-anker-og-tau-design.jpg.jpg?ssl=1\"><img loading=\"lazy\" decoding=\"async\" data-attachment-id=\"16489\" data-permalink=\"https:\/\/pequod.nesodd1.no\/?attachment_id=16489\" data-orig-file=\"https:\/\/i0.wp.com\/pequod.nesodd1.no\/wp-content\/uploads\/2019\/10\/klistremerker-anker-og-tau-design.jpg.jpg?fit=25%2C25&amp;ssl=1\" data-orig-size=\"25,25\" data-comments-opened=\"1\" data-image-meta=\"{&quot;aperture&quot;:&quot;0&quot;,&quot;credit&quot;:&quot;tribalium81&quot;,&quot;camera&quot;:&quot;&quot;,&quot;caption&quot;:&quot;&quot;,&quot;created_timestamp&quot;:&quot;0&quot;,&quot;copyright&quot;:&quot;tribalium81&quot;,&quot;focal_length&quot;:&quot;0&quot;,&quot;iso&quot;:&quot;0&quot;,&quot;shutter_speed&quot;:&quot;0&quot;,&quot;title&quot;:&quot;anchor and rope design&quot;,&quot;orientation&quot;:&quot;1&quot;}\" data-image-title=\"anchor and rope design\" data-image-description=\"\" data-image-caption=\"\" data-large-file=\"https:\/\/i0.wp.com\/pequod.nesodd1.no\/wp-content\/uploads\/2019\/10\/klistremerker-anker-og-tau-design.jpg.jpg?fit=25%2C25&amp;ssl=1\" class=\"alignnone size-full wp-image-16489 jetpack-lazy-image jetpack-lazy-image--handled\" src=\"https:\/\/i0.wp.com\/pequod.nesodd1.no\/wp-content\/uploads\/2019\/10\/klistremerker-anker-og-tau-design.jpg.jpg?resize=25%2C25&amp;ssl=1\" alt=\"\" width=\"25\" height=\"25\" data-attachment-id=\"16489\" data-permalink=\"https:\/\/pequod.nesodd1.no\/?attachment_id=16489\" data-orig-file=\"https:\/\/i0.wp.com\/pequod.nesodd1.no\/wp-content\/uploads\/2019\/10\/klistremerker-anker-og-tau-design.jpg.jpg?fit=25%2C25&amp;ssl=1\" data-orig-size=\"25,25\" data-comments-opened=\"1\" data-image-meta=\"{&quot;aperture&quot;:&quot;0&quot;,&quot;credit&quot;:&quot;tribalium81&quot;,&quot;camera&quot;:&quot;&quot;,&quot;caption&quot;:&quot;&quot;,&quot;created_timestamp&quot;:&quot;0&quot;,&quot;copyright&quot;:&quot;tribalium81&quot;,&quot;focal_length&quot;:&quot;0&quot;,&quot;iso&quot;:&quot;0&quot;,&quot;shutter_speed&quot;:&quot;0&quot;,&quot;title&quot;:&quot;anchor and rope design&quot;,&quot;orientation&quot;:&quot;1&quot;}\" data-image-title=\"anchor and rope design\" data-image-description=\"\" data-medium-file=\"https:\/\/i0.wp.com\/pequod.nesodd1.no\/wp-content\/uploads\/2019\/10\/klistremerker-anker-og-tau-design.jpg.jpg?fit=25%2C25&amp;ssl=1\" data-large-file=\"https:\/\/i0.wp.com\/pequod.nesodd1.no\/wp-content\/uploads\/2019\/10\/klistremerker-anker-og-tau-design.jpg.jpg?fit=25%2C25&amp;ssl=1\" data-lazy-loaded=\"1\"><\/a><a href=\"https:\/\/i0.wp.com\/pequod.nesodd1.no\/wp-content\/uploads\/2019\/10\/klistremerker-anker-og-tau-design.jpg.jpg?ssl=1\"><img loading=\"lazy\" decoding=\"async\" data-attachment-id=\"16489\" data-permalink=\"https:\/\/pequod.nesodd1.no\/?attachment_id=16489\" data-orig-file=\"https:\/\/i0.wp.com\/pequod.nesodd1.no\/wp-content\/uploads\/2019\/10\/klistremerker-anker-og-tau-design.jpg.jpg?fit=25%2C25&amp;ssl=1\" data-orig-size=\"25,25\" data-comments-opened=\"1\" data-image-meta=\"{&quot;aperture&quot;:&quot;0&quot;,&quot;credit&quot;:&quot;tribalium81&quot;,&quot;camera&quot;:&quot;&quot;,&quot;caption&quot;:&quot;&quot;,&quot;created_timestamp&quot;:&quot;0&quot;,&quot;copyright&quot;:&quot;tribalium81&quot;,&quot;focal_length&quot;:&quot;0&quot;,&quot;iso&quot;:&quot;0&quot;,&quot;shutter_speed&quot;:&quot;0&quot;,&quot;title&quot;:&quot;anchor and rope design&quot;,&quot;orientation&quot;:&quot;1&quot;}\" data-image-title=\"anchor and rope design\" data-image-description=\"\" data-image-caption=\"\" data-large-file=\"https:\/\/i0.wp.com\/pequod.nesodd1.no\/wp-content\/uploads\/2019\/10\/klistremerker-anker-og-tau-design.jpg.jpg?fit=25%2C25&amp;ssl=1\" class=\"alignnone size-full wp-image-16489 jetpack-lazy-image jetpack-lazy-image--handled\" src=\"https:\/\/i0.wp.com\/pequod.nesodd1.no\/wp-content\/uploads\/2019\/10\/klistremerker-anker-og-tau-design.jpg.jpg?resize=25%2C25&amp;ssl=1\" alt=\"\" width=\"25\" height=\"25\" data-attachment-id=\"16489\" data-permalink=\"https:\/\/pequod.nesodd1.no\/?attachment_id=16489\" data-orig-file=\"https:\/\/i0.wp.com\/pequod.nesodd1.no\/wp-content\/uploads\/2019\/10\/klistremerker-anker-og-tau-design.jpg.jpg?fit=25%2C25&amp;ssl=1\" data-orig-size=\"25,25\" data-comments-opened=\"1\" data-image-meta=\"{&quot;aperture&quot;:&quot;0&quot;,&quot;credit&quot;:&quot;tribalium81&quot;,&quot;camera&quot;:&quot;&quot;,&quot;caption&quot;:&quot;&quot;,&quot;created_timestamp&quot;:&quot;0&quot;,&quot;copyright&quot;:&quot;tribalium81&quot;,&quot;focal_length&quot;:&quot;0&quot;,&quot;iso&quot;:&quot;0&quot;,&quot;shutter_speed&quot;:&quot;0&quot;,&quot;title&quot;:&quot;anchor and rope design&quot;,&quot;orientation&quot;:&quot;1&quot;}\" data-image-title=\"anchor and rope design\" data-image-description=\"\" data-medium-file=\"https:\/\/i0.wp.com\/pequod.nesodd1.no\/wp-content\/uploads\/2019\/10\/klistremerker-anker-og-tau-design.jpg.jpg?fit=25%2C25&amp;ssl=1\" data-large-file=\"https:\/\/i0.wp.com\/pequod.nesodd1.no\/wp-content\/uploads\/2019\/10\/klistremerker-anker-og-tau-design.jpg.jpg?fit=25%2C25&amp;ssl=1\" data-lazy-loaded=\"1\"><\/a><\/strong><br \/>\n<strong>Posisjon:<\/strong> 58\u00b03&#8217;55.7&#8243;N 6\u00b054&#8217;24.2&#8243;E<br \/>\n<strong>Antall bes\u00f8k<\/strong>: 1&nbsp;<strong>Sist bes\u00f8kt:&nbsp;<\/strong>19.08.2020.<br \/>\n<strong>Fasiliteter:<\/strong>&nbsp; Sittebenker. S\u00f8ppelkasser. Grillplass.<br \/>\n<b>Fort\u00f8yning: <\/b>Langsides eller baug mot brygge og anker akter.<br \/>\n<b>Tilrettelagt for funksjonshemmede:<\/b> Delvis. Det er greit \u00e5 ta seg opp p\u00e5 brygga hvis man har en litt h\u00f8y b\u00e5t. men kupert terreng ellers.<\/p>\n<p><a href=\"https:\/\/i0.wp.com\/pequod.nesodd1.no\/wp-content\/uploads\/2020\/09\/3F05861E-6A74-4B7B-88B7-B38B6B3CC267.jpeg.33d8616a2908bcc8e98b8e98c6b209a0.jpeg?ssl=1\"><img data-recalc-dims=\"1\" loading=\"lazy\" decoding=\"async\" data-attachment-id=\"19904\" data-permalink=\"https:\/\/pequod.nesodd1.no\/?attachment_id=19904\" data-orig-file=\"https:\/\/i0.wp.com\/pequod.nesodd1.no\/wp-content\/uploads\/2020\/09\/3F05861E-6A74-4B7B-88B7-B38B6B3CC267.jpeg.33d8616a2908bcc8e98b8e98c6b209a0.jpeg?fit=640%2C480&amp;ssl=1\" data-orig-size=\"640,480\" data-comments-opened=\"1\" data-image-meta=\"{&quot;aperture&quot;:&quot;0&quot;,&quot;credit&quot;:&quot;&quot;,&quot;camera&quot;:&quot;&quot;,&quot;caption&quot;:&quot;&quot;,&quot;created_timestamp&quot;:&quot;0&quot;,&quot;copyright&quot;:&quot;&quot;,&quot;focal_length&quot;:&quot;0&quot;,&quot;iso&quot;:&quot;0&quot;,&quot;shutter_speed&quot;:&quot;0&quot;,&quot;title&quot;:&quot;&quot;,&quot;orientation&quot;:&quot;0&quot;}\" data-image-title=\"3F05861E-6A74-4B7B-88B7-B38B6B3CC267.jpeg.33d8616a2908bcc8e98b8e98c6b209a0\" data-image-description=\"&lt;p&gt;D\u00e5libukta&lt;\/p&gt;\n\" data-image-caption=\"\" data-large-file=\"https:\/\/i0.wp.com\/pequod.nesodd1.no\/wp-content\/uploads\/2020\/09\/3F05861E-6A74-4B7B-88B7-B38B6B3CC267.jpeg.33d8616a2908bcc8e98b8e98c6b209a0.jpeg?fit=640%2C480&amp;ssl=1\" class=\"alignleft size-medium wp-image-19904\" src=\"https:\/\/i0.wp.com\/pequod.nesodd1.no\/wp-content\/uploads\/2020\/09\/3F05861E-6A74-4B7B-88B7-B38B6B3CC267.jpeg.33d8616a2908bcc8e98b8e98c6b209a0.jpeg?resize=300%2C225&#038;ssl=1\" alt=\"\" width=\"300\" height=\"225\" srcset=\"https:\/\/i0.wp.com\/pequod.nesodd1.no\/wp-content\/uploads\/2020\/09\/3F05861E-6A74-4B7B-88B7-B38B6B3CC267.jpeg.33d8616a2908bcc8e98b8e98c6b209a0.jpeg?resize=300%2C225&amp;ssl=1 300w, https:\/\/i0.wp.com\/pequod.nesodd1.no\/wp-content\/uploads\/2020\/09\/3F05861E-6A74-4B7B-88B7-B38B6B3CC267.jpeg.33d8616a2908bcc8e98b8e98c6b209a0.jpeg?resize=100%2C75&amp;ssl=1 100w, https:\/\/i0.wp.com\/pequod.nesodd1.no\/wp-content\/uploads\/2020\/09\/3F05861E-6A74-4B7B-88B7-B38B6B3CC267.jpeg.33d8616a2908bcc8e98b8e98c6b209a0.jpeg?w=640&amp;ssl=1 640w\" sizes=\"auto, (max-width: 300px) 100vw, 300px\" \/><\/a>Denne uthavna ligger p\u00e5 Skarv\u00f8y som er en del av Farsund kommune.<\/p>\n<p>Det er to brygger i bukta, den andre er noe mindre og s\u00e5 ut til \u00e5 ligge i noe grunnere farvann enn denne. I tillegg hadde denne brygga solide bildekk som fendere, s\u00e5 jeg la til her. S\u00e5 for\u00f8vrig et par bildekk liggende p\u00e5 bunnen ogs\u00e5, s\u00e5 noen har nok falt av i \u00e5renes l\u00f8p&#8230;<\/p>\n<p>Stille og koselig plass med to s\u00f8ppelkasser som t\u00f8mmes av Skj\u00e6rg\u00e5rdstjenesten. Den ene var for glassflasker og den andre for vanlig s\u00f8ppel.<\/p>\n<p>Ikke s\u00e5 mye annet \u00e5 gj\u00f8re her enn \u00e5 slappe av!<\/p>\n<p>Bukta ligger ganske godt skjermet for vind ogs\u00e5, men nordvesten vil st\u00e5 rett inn.<\/p>\n<p>&nbsp;<\/p>\n<p>&nbsp;<\/p>\n<p><a href=\"https:\/\/i0.wp.com\/pequod.nesodd1.no\/wp-content\/uploads\/2020\/09\/C05E7923-6D52-4943-8BE8-6134B038F91F.jpeg.6e3834578040f3a410db0783d77298e2.jpeg?ssl=1\"><img data-recalc-dims=\"1\" loading=\"lazy\" decoding=\"async\" data-attachment-id=\"19905\" data-permalink=\"https:\/\/pequod.nesodd1.no\/?attachment_id=19905\" data-orig-file=\"https:\/\/i0.wp.com\/pequod.nesodd1.no\/wp-content\/uploads\/2020\/09\/C05E7923-6D52-4943-8BE8-6134B038F91F.jpeg.6e3834578040f3a410db0783d77298e2.jpeg?fit=640%2C480&amp;ssl=1\" data-orig-size=\"640,480\" data-comments-opened=\"1\" data-image-meta=\"{&quot;aperture&quot;:&quot;0&quot;,&quot;credit&quot;:&quot;&quot;,&quot;camera&quot;:&quot;&quot;,&quot;caption&quot;:&quot;&quot;,&quot;created_timestamp&quot;:&quot;0&quot;,&quot;copyright&quot;:&quot;&quot;,&quot;focal_length&quot;:&quot;0&quot;,&quot;iso&quot;:&quot;0&quot;,&quot;shutter_speed&quot;:&quot;0&quot;,&quot;title&quot;:&quot;&quot;,&quot;orientation&quot;:&quot;0&quot;}\" data-image-title=\"C05E7923-6D52-4943-8BE8-6134B038F91F.jpeg.6e3834578040f3a410db0783d77298e2\" data-image-description=\"&lt;p&gt;D\u00e5libukta&lt;\/p&gt;\n\" data-image-caption=\"\" data-large-file=\"https:\/\/i0.wp.com\/pequod.nesodd1.no\/wp-content\/uploads\/2020\/09\/C05E7923-6D52-4943-8BE8-6134B038F91F.jpeg.6e3834578040f3a410db0783d77298e2.jpeg?fit=640%2C480&amp;ssl=1\" class=\"aligncenter size-full wp-image-19905\" src=\"https:\/\/i0.wp.com\/pequod.nesodd1.no\/wp-content\/uploads\/2020\/09\/C05E7923-6D52-4943-8BE8-6134B038F91F.jpeg.6e3834578040f3a410db0783d77298e2.jpeg?resize=640%2C480&#038;ssl=1\" alt=\"\" width=\"640\" height=\"480\" srcset=\"https:\/\/i0.wp.com\/pequod.nesodd1.no\/wp-content\/uploads\/2020\/09\/C05E7923-6D52-4943-8BE8-6134B038F91F.jpeg.6e3834578040f3a410db0783d77298e2.jpeg?w=640&amp;ssl=1 640w, https:\/\/i0.wp.com\/pequod.nesodd1.no\/wp-content\/uploads\/2020\/09\/C05E7923-6D52-4943-8BE8-6134B038F91F.jpeg.6e3834578040f3a410db0783d77298e2.jpeg?resize=300%2C225&amp;ssl=1 300w, https:\/\/i0.wp.com\/pequod.nesodd1.no\/wp-content\/uploads\/2020\/09\/C05E7923-6D52-4943-8BE8-6134B038F91F.jpeg.6e3834578040f3a410db0783d77298e2.jpeg?resize=100%2C75&amp;ssl=1 100w\" sizes=\"auto, (max-width: 640px) 100vw, 640px\" \/><\/a><\/p>\n<p>&nbsp;<\/p>\n<h3>Related Images:<\/h3>","protected":false},"excerpt":{"rendered":"<p>Vurdering (5 anker er best):&nbsp; Posisjon: 58\u00b03&#8217;55.7&#8243;N 6\u00b054&#8217;24.2&#8243;E Antall bes\u00f8k: 1&nbsp;Sist bes\u00f8kt:&nbsp;19.08.2020. Fasiliteter:&nbsp; Sittebenker. S\u00f8ppelkasser. Grillplass. Fort\u00f8yning: Langsides eller baug mot brygge og anker akter. Tilrettelagt for funksjonshemmede: Delvis. Det er greit \u00e5 ta seg opp p\u00e5 brygga hvis man har en litt h\u00f8y b\u00e5t. men kupert terreng ellers. Denne uthavna ligger p\u00e5 Skarv\u00f8y som &hellip;<br \/><a href=\"https:\/\/pequod.nesodd1.no\/?page_id=19859\" class=\"more-link pen_element_default pen_icon_arrow_double\">Les<\/a><\/p>\n","protected":false},"author":1,"featured_media":19582,"parent":5495,"menu_order":0,"comment_status":"closed","ping_status":"closed","template":"","meta":{"_crdt_document":"","ngg_post_thumbnail":0,"jetpack_post_was_ever_published":false,"footnotes":""},"class_list":["post-19859","page","type-page","status-publish","has-post-thumbnail","hentry"],"jetpack_shortlink":"https:\/\/wp.me\/P3Zd9b-5aj","jetpack_sharing_enabled":true,"jetpack_likes_enabled":true,"jetpack-related-posts":[],"_links":{"self":[{"href":"https:\/\/pequod.nesodd1.no\/index.php?rest_route=\/wp\/v2\/pages\/19859","targetHints":{"allow":["GET"]}}],"collection":[{"href":"https:\/\/pequod.nesodd1.no\/index.php?rest_route=\/wp\/v2\/pages"}],"about":[{"href":"https:\/\/pequod.nesodd1.no\/index.php?rest_route=\/wp\/v2\/types\/page"}],"author":[{"embeddable":true,"href":"https:\/\/pequod.nesodd1.no\/index.php?rest_route=\/wp\/v2\/users\/1"}],"replies":[{"embeddable":true,"href":"https:\/\/pequod.nesodd1.no\/index.php?rest_route=%2Fwp%2Fv2%2Fcomments&post=19859"}],"version-history":[{"count":8,"href":"https:\/\/pequod.nesodd1.no\/index.php?rest_route=\/wp\/v2\/pages\/19859\/revisions"}],"predecessor-version":[{"id":23449,"href":"https:\/\/pequod.nesodd1.no\/index.php?rest_route=\/wp\/v2\/pages\/19859\/revisions\/23449"}],"up":[{"embeddable":true,"href":"https:\/\/pequod.nesodd1.no\/index.php?rest_route=\/wp\/v2\/pages\/5495"}],"wp:featuredmedia":[{"embeddable":true,"href":"https:\/\/pequod.nesodd1.no\/index.php?rest_route=\/wp\/v2\/media\/19582"}],"wp:attachment":[{"href":"https:\/\/pequod.nesodd1.no\/index.php?rest_route=%2Fwp%2Fv2%2Fmedia&parent=19859"}],"curies":[{"name":"wp","href":"https:\/\/api.w.org\/{rel}","templated":true}]}}