{"id":19863,"date":"2020-09-26T12:29:46","date_gmt":"2020-09-26T10:29:46","guid":{"rendered":"https:\/\/pequod.nesodd1.no\/?page_id=19863"},"modified":"2024-08-14T20:12:18","modified_gmt":"2024-08-14T18:12:18","slug":"tofte-batforening-viken","status":"publish","type":"page","link":"https:\/\/pequod.nesodd1.no\/?page_id=19863","title":{"rendered":"Tofte B\u00e5tforening (Viken)"},"content":{"rendered":"<p><strong>Vurdering (5 anker er best):&nbsp;<a href=\"https:\/\/i0.wp.com\/pequod.nesodd1.no\/wp-content\/uploads\/2019\/10\/klistremerker-anker-og-tau-design.jpg.jpg?ssl=1\"><img loading=\"lazy\" decoding=\"async\" data-attachment-id=\"16489\" data-permalink=\"https:\/\/pequod.nesodd1.no\/?attachment_id=16489\" data-orig-file=\"https:\/\/i0.wp.com\/pequod.nesodd1.no\/wp-content\/uploads\/2019\/10\/klistremerker-anker-og-tau-design.jpg.jpg?fit=25%2C25&amp;ssl=1\" data-orig-size=\"25,25\" data-comments-opened=\"1\" data-image-meta=\"{&quot;aperture&quot;:&quot;0&quot;,&quot;credit&quot;:&quot;tribalium81&quot;,&quot;camera&quot;:&quot;&quot;,&quot;caption&quot;:&quot;&quot;,&quot;created_timestamp&quot;:&quot;0&quot;,&quot;copyright&quot;:&quot;tribalium81&quot;,&quot;focal_length&quot;:&quot;0&quot;,&quot;iso&quot;:&quot;0&quot;,&quot;shutter_speed&quot;:&quot;0&quot;,&quot;title&quot;:&quot;anchor and rope design&quot;,&quot;orientation&quot;:&quot;1&quot;}\" data-image-title=\"anchor and rope design\" data-image-description=\"\" data-image-caption=\"\" data-large-file=\"https:\/\/i0.wp.com\/pequod.nesodd1.no\/wp-content\/uploads\/2019\/10\/klistremerker-anker-og-tau-design.jpg.jpg?fit=25%2C25&amp;ssl=1\" class=\"alignnone size-full wp-image-16489 jetpack-lazy-image jetpack-lazy-image--handled\" src=\"https:\/\/i0.wp.com\/pequod.nesodd1.no\/wp-content\/uploads\/2019\/10\/klistremerker-anker-og-tau-design.jpg.jpg?resize=25%2C25&amp;ssl=1\" alt=\"\" width=\"25\" height=\"25\" data-attachment-id=\"16489\" data-permalink=\"https:\/\/pequod.nesodd1.no\/?attachment_id=16489\" data-orig-file=\"https:\/\/i0.wp.com\/pequod.nesodd1.no\/wp-content\/uploads\/2019\/10\/klistremerker-anker-og-tau-design.jpg.jpg?fit=25%2C25&amp;ssl=1\" data-orig-size=\"25,25\" data-comments-opened=\"1\" data-image-meta=\"{&quot;aperture&quot;:&quot;0&quot;,&quot;credit&quot;:&quot;tribalium81&quot;,&quot;camera&quot;:&quot;&quot;,&quot;caption&quot;:&quot;&quot;,&quot;created_timestamp&quot;:&quot;0&quot;,&quot;copyright&quot;:&quot;tribalium81&quot;,&quot;focal_length&quot;:&quot;0&quot;,&quot;iso&quot;:&quot;0&quot;,&quot;shutter_speed&quot;:&quot;0&quot;,&quot;title&quot;:&quot;anchor and rope design&quot;,&quot;orientation&quot;:&quot;1&quot;}\" data-image-title=\"anchor and rope design\" data-image-description=\"\" data-medium-file=\"https:\/\/i0.wp.com\/pequod.nesodd1.no\/wp-content\/uploads\/2019\/10\/klistremerker-anker-og-tau-design.jpg.jpg?fit=25%2C25&amp;ssl=1\" data-large-file=\"https:\/\/i0.wp.com\/pequod.nesodd1.no\/wp-content\/uploads\/2019\/10\/klistremerker-anker-og-tau-design.jpg.jpg?fit=25%2C25&amp;ssl=1\" data-lazy-loaded=\"1\"><\/a><a href=\"https:\/\/i0.wp.com\/pequod.nesodd1.no\/wp-content\/uploads\/2019\/10\/klistremerker-anker-og-tau-design.jpg.jpg?ssl=1\"><img loading=\"lazy\" decoding=\"async\" data-attachment-id=\"16489\" data-permalink=\"https:\/\/pequod.nesodd1.no\/?attachment_id=16489\" data-orig-file=\"https:\/\/i0.wp.com\/pequod.nesodd1.no\/wp-content\/uploads\/2019\/10\/klistremerker-anker-og-tau-design.jpg.jpg?fit=25%2C25&amp;ssl=1\" data-orig-size=\"25,25\" data-comments-opened=\"1\" data-image-meta=\"{&quot;aperture&quot;:&quot;0&quot;,&quot;credit&quot;:&quot;tribalium81&quot;,&quot;camera&quot;:&quot;&quot;,&quot;caption&quot;:&quot;&quot;,&quot;created_timestamp&quot;:&quot;0&quot;,&quot;copyright&quot;:&quot;tribalium81&quot;,&quot;focal_length&quot;:&quot;0&quot;,&quot;iso&quot;:&quot;0&quot;,&quot;shutter_speed&quot;:&quot;0&quot;,&quot;title&quot;:&quot;anchor and rope design&quot;,&quot;orientation&quot;:&quot;1&quot;}\" data-image-title=\"anchor and rope design\" data-image-description=\"\" data-image-caption=\"\" data-large-file=\"https:\/\/i0.wp.com\/pequod.nesodd1.no\/wp-content\/uploads\/2019\/10\/klistremerker-anker-og-tau-design.jpg.jpg?fit=25%2C25&amp;ssl=1\" class=\"alignnone size-full wp-image-16489 jetpack-lazy-image jetpack-lazy-image--handled\" src=\"https:\/\/i0.wp.com\/pequod.nesodd1.no\/wp-content\/uploads\/2019\/10\/klistremerker-anker-og-tau-design.jpg.jpg?resize=25%2C25&amp;ssl=1\" alt=\"\" width=\"25\" height=\"25\" data-attachment-id=\"16489\" data-permalink=\"https:\/\/pequod.nesodd1.no\/?attachment_id=16489\" data-orig-file=\"https:\/\/i0.wp.com\/pequod.nesodd1.no\/wp-content\/uploads\/2019\/10\/klistremerker-anker-og-tau-design.jpg.jpg?fit=25%2C25&amp;ssl=1\" data-orig-size=\"25,25\" data-comments-opened=\"1\" data-image-meta=\"{&quot;aperture&quot;:&quot;0&quot;,&quot;credit&quot;:&quot;tribalium81&quot;,&quot;camera&quot;:&quot;&quot;,&quot;caption&quot;:&quot;&quot;,&quot;created_timestamp&quot;:&quot;0&quot;,&quot;copyright&quot;:&quot;tribalium81&quot;,&quot;focal_length&quot;:&quot;0&quot;,&quot;iso&quot;:&quot;0&quot;,&quot;shutter_speed&quot;:&quot;0&quot;,&quot;title&quot;:&quot;anchor and rope design&quot;,&quot;orientation&quot;:&quot;1&quot;}\" data-image-title=\"anchor and rope design\" data-image-description=\"\" data-medium-file=\"https:\/\/i0.wp.com\/pequod.nesodd1.no\/wp-content\/uploads\/2019\/10\/klistremerker-anker-og-tau-design.jpg.jpg?fit=25%2C25&amp;ssl=1\" data-large-file=\"https:\/\/i0.wp.com\/pequod.nesodd1.no\/wp-content\/uploads\/2019\/10\/klistremerker-anker-og-tau-design.jpg.jpg?fit=25%2C25&amp;ssl=1\" data-lazy-loaded=\"1\"><\/a><a href=\"https:\/\/i0.wp.com\/pequod.nesodd1.no\/wp-content\/uploads\/2019\/10\/klistremerker-anker-og-tau-design.jpg.jpg?ssl=1\"><img loading=\"lazy\" decoding=\"async\" data-attachment-id=\"16489\" data-permalink=\"https:\/\/pequod.nesodd1.no\/?attachment_id=16489\" data-orig-file=\"https:\/\/i0.wp.com\/pequod.nesodd1.no\/wp-content\/uploads\/2019\/10\/klistremerker-anker-og-tau-design.jpg.jpg?fit=25%2C25&amp;ssl=1\" data-orig-size=\"25,25\" data-comments-opened=\"1\" data-image-meta=\"{&quot;aperture&quot;:&quot;0&quot;,&quot;credit&quot;:&quot;tribalium81&quot;,&quot;camera&quot;:&quot;&quot;,&quot;caption&quot;:&quot;&quot;,&quot;created_timestamp&quot;:&quot;0&quot;,&quot;copyright&quot;:&quot;tribalium81&quot;,&quot;focal_length&quot;:&quot;0&quot;,&quot;iso&quot;:&quot;0&quot;,&quot;shutter_speed&quot;:&quot;0&quot;,&quot;title&quot;:&quot;anchor and rope design&quot;,&quot;orientation&quot;:&quot;1&quot;}\" data-image-title=\"anchor and rope design\" data-image-description=\"\" data-image-caption=\"\" data-large-file=\"https:\/\/i0.wp.com\/pequod.nesodd1.no\/wp-content\/uploads\/2019\/10\/klistremerker-anker-og-tau-design.jpg.jpg?fit=25%2C25&amp;ssl=1\" class=\"alignnone size-full wp-image-16489 jetpack-lazy-image jetpack-lazy-image--handled\" src=\"https:\/\/i0.wp.com\/pequod.nesodd1.no\/wp-content\/uploads\/2019\/10\/klistremerker-anker-og-tau-design.jpg.jpg?resize=25%2C25&amp;ssl=1\" alt=\"\" width=\"25\" height=\"25\" data-attachment-id=\"16489\" data-permalink=\"https:\/\/pequod.nesodd1.no\/?attachment_id=16489\" data-orig-file=\"https:\/\/i0.wp.com\/pequod.nesodd1.no\/wp-content\/uploads\/2019\/10\/klistremerker-anker-og-tau-design.jpg.jpg?fit=25%2C25&amp;ssl=1\" data-orig-size=\"25,25\" data-comments-opened=\"1\" data-image-meta=\"{&quot;aperture&quot;:&quot;0&quot;,&quot;credit&quot;:&quot;tribalium81&quot;,&quot;camera&quot;:&quot;&quot;,&quot;caption&quot;:&quot;&quot;,&quot;created_timestamp&quot;:&quot;0&quot;,&quot;copyright&quot;:&quot;tribalium81&quot;,&quot;focal_length&quot;:&quot;0&quot;,&quot;iso&quot;:&quot;0&quot;,&quot;shutter_speed&quot;:&quot;0&quot;,&quot;title&quot;:&quot;anchor and rope design&quot;,&quot;orientation&quot;:&quot;1&quot;}\" data-image-title=\"anchor and rope design\" data-image-description=\"\" data-medium-file=\"https:\/\/i0.wp.com\/pequod.nesodd1.no\/wp-content\/uploads\/2019\/10\/klistremerker-anker-og-tau-design.jpg.jpg?fit=25%2C25&amp;ssl=1\" data-large-file=\"https:\/\/i0.wp.com\/pequod.nesodd1.no\/wp-content\/uploads\/2019\/10\/klistremerker-anker-og-tau-design.jpg.jpg?fit=25%2C25&amp;ssl=1\" data-lazy-loaded=\"1\"><\/a><\/strong><br \/>\n<strong>Posisjon:<\/strong> 59\u00b032&#8217;34.7&#8243;N 10\u00b033&#8217;51.3&#8243;E<br \/>\n<strong>Antall bes\u00f8k<\/strong>: 2 <strong>Sist bes\u00f8kt: <\/strong>August 2024.<br \/>\n<strong>Fasiliteter:<\/strong>&nbsp; Str\u00f8m og vann. Sittebenker med bord. Visstnok toaletter og dusj. B\u00e5de Kiwi og Extra rett ved havna.<br \/>\n<strong>Havneavgift: <\/strong>200 NOK. Betales med Vipps.<br \/>\n<b>Fort\u00f8yning:&nbsp;<\/b>Langsides p\u00e5 innsiden av moloen. V\u00e6r OBS p\u00e5 grunner ved innseilingen.<br \/>\n<b>Tilrettelagt for funksjonshemmede:<\/b> Tja. Ganske h\u00f8y brygge og i tillegg m\u00e5 man opp en slags steintrapp for \u00e5 komme p\u00e5 landjorda.<\/p>\n<p>Jeg tror dette kanskje er et sted man stort sett kj\u00f8rer forbi n\u00e5r man er p\u00e5 vei inn eller ut av Dr\u00f8bakssundet, men denne lille b\u00e5thavna, som er sentralt plassert i Tofte med b\u00e5de dagligvarebutikker, kiosker og andre butikker av forskjellige slag i umiddelbar n\u00e6rhet, er en lun og fin havn.<\/p>\n<p>Jeg l\u00e5 der to d\u00f8gn mens det bl\u00e5ste kraftig p\u00e5 utsiden, men la ikke merke til vinden fra s\u00f8r utover at jeg h\u00f8rte ulingen. Havna er godt beskyttet!<\/p>\n<p><a href=\"https:\/\/i0.wp.com\/pequod.nesodd1.no\/wp-content\/uploads\/2020\/09\/9E7C97DC-1251-4E54-B348-A696144753BC.jpeg.6572d24d38ed38a33854cb11e89f1c85.jpeg?ssl=1\"><img data-recalc-dims=\"1\" loading=\"lazy\" decoding=\"async\" data-attachment-id=\"19884\" data-permalink=\"https:\/\/pequod.nesodd1.no\/?attachment_id=19884\" data-orig-file=\"https:\/\/i0.wp.com\/pequod.nesodd1.no\/wp-content\/uploads\/2020\/09\/9E7C97DC-1251-4E54-B348-A696144753BC.jpeg.6572d24d38ed38a33854cb11e89f1c85.jpeg?fit=640%2C480&amp;ssl=1\" data-orig-size=\"640,480\" data-comments-opened=\"1\" data-image-meta=\"{&quot;aperture&quot;:&quot;0&quot;,&quot;credit&quot;:&quot;&quot;,&quot;camera&quot;:&quot;&quot;,&quot;caption&quot;:&quot;&quot;,&quot;created_timestamp&quot;:&quot;0&quot;,&quot;copyright&quot;:&quot;&quot;,&quot;focal_length&quot;:&quot;0&quot;,&quot;iso&quot;:&quot;0&quot;,&quot;shutter_speed&quot;:&quot;0&quot;,&quot;title&quot;:&quot;&quot;,&quot;orientation&quot;:&quot;0&quot;}\" data-image-title=\"9E7C97DC-1251-4E54-B348-A696144753BC.jpeg.6572d24d38ed38a33854cb11e89f1c85\" data-image-description=\"&lt;p&gt;Tofte&lt;\/p&gt;\n\" data-image-caption=\"\" data-large-file=\"https:\/\/i0.wp.com\/pequod.nesodd1.no\/wp-content\/uploads\/2020\/09\/9E7C97DC-1251-4E54-B348-A696144753BC.jpeg.6572d24d38ed38a33854cb11e89f1c85.jpeg?fit=640%2C480&amp;ssl=1\" class=\"alignleft size-medium wp-image-19884\" src=\"https:\/\/i0.wp.com\/pequod.nesodd1.no\/wp-content\/uploads\/2020\/09\/9E7C97DC-1251-4E54-B348-A696144753BC.jpeg.6572d24d38ed38a33854cb11e89f1c85.jpeg?resize=300%2C225&#038;ssl=1\" alt=\"\" width=\"300\" height=\"225\" srcset=\"https:\/\/i0.wp.com\/pequod.nesodd1.no\/wp-content\/uploads\/2020\/09\/9E7C97DC-1251-4E54-B348-A696144753BC.jpeg.6572d24d38ed38a33854cb11e89f1c85.jpeg?resize=300%2C225&amp;ssl=1 300w, https:\/\/i0.wp.com\/pequod.nesodd1.no\/wp-content\/uploads\/2020\/09\/9E7C97DC-1251-4E54-B348-A696144753BC.jpeg.6572d24d38ed38a33854cb11e89f1c85.jpeg?resize=100%2C75&amp;ssl=1 100w, https:\/\/i0.wp.com\/pequod.nesodd1.no\/wp-content\/uploads\/2020\/09\/9E7C97DC-1251-4E54-B348-A696144753BC.jpeg.6572d24d38ed38a33854cb11e89f1c85.jpeg?w=640&amp;ssl=1 640w\" sizes=\"auto, (max-width: 300px) 100vw, 300px\" \/><\/a>Gjestebrygga ligger p\u00e5 innsiden av den h\u00f8ye steinmoloen og er ganske h\u00f8y. Det er noe urent og grunt farvann ved innseilingen, men det er godt merket b\u00e5de i kart og rent fysisk, s\u00e5 det var ikke noe problem. Der jeg l\u00e5 var det 1,5 meters dybde.<\/p>\n<p>Det er noe trangt der, s\u00e5 da jeg skulle ut m\u00e5tte jeg f\u00f8rst kj\u00f8re litt lenger inn for deretter \u00e5 f\u00e5 snudd baugen. M\u00e5tte b\u00e5de bakke litt og bruke baugpropellen, men det gikk fint det ogs\u00e5. Kanskje ikke helt ideelt for de st\u00f8rste b\u00e5tene.<\/p>\n<p>Jeg brukte ikke toalett- og dusjanlegget, men tror kanskje det var stengt. Ingen vakter \u00e5 se den helga jeg l\u00e5 der, s\u00e5 vaktordningen som slike b\u00e5thavner gjerne har var nok over for sesongen.<\/p>\n<p>Ingen utesteder i umiddelbar n\u00e6rhet heller s\u00e5 vidt jeg vet, det ble i alle fall en veldig stille l\u00f8rdag der!<\/p>\n<p>Et fint sted \u00e5 legge seg til, noe jeg gjorde etter at det var fullt b\u00e5de i Holmestrand og Holmsbu, og jeg ikke var riktig klar for \u00e5 dra lenger inn i fjorden enn\u00e5, jeg hadde enda noen dager f\u00f8r b\u00e5tferien skulle avsluttes!<\/p>\n<p><a href=\"https:\/\/i0.wp.com\/pequod.nesodd1.no\/wp-content\/uploads\/2020\/09\/6306F586-EC9B-4AE9-95DD-576BF52ED232.jpeg.e54de1c5dc61e4495df8ba1d2cd3f445.jpeg?ssl=1\"><img data-recalc-dims=\"1\" loading=\"lazy\" decoding=\"async\" data-attachment-id=\"19755\" data-permalink=\"https:\/\/pequod.nesodd1.no\/?attachment_id=19755\" data-orig-file=\"https:\/\/i0.wp.com\/pequod.nesodd1.no\/wp-content\/uploads\/2020\/09\/6306F586-EC9B-4AE9-95DD-576BF52ED232.jpeg.e54de1c5dc61e4495df8ba1d2cd3f445.jpeg?fit=640%2C480&amp;ssl=1\" data-orig-size=\"640,480\" data-comments-opened=\"1\" data-image-meta=\"{&quot;aperture&quot;:&quot;0&quot;,&quot;credit&quot;:&quot;&quot;,&quot;camera&quot;:&quot;&quot;,&quot;caption&quot;:&quot;&quot;,&quot;created_timestamp&quot;:&quot;0&quot;,&quot;copyright&quot;:&quot;&quot;,&quot;focal_length&quot;:&quot;0&quot;,&quot;iso&quot;:&quot;0&quot;,&quot;shutter_speed&quot;:&quot;0&quot;,&quot;title&quot;:&quot;&quot;,&quot;orientation&quot;:&quot;0&quot;}\" data-image-title=\"6306F586-EC9B-4AE9-95DD-576BF52ED232.jpeg.e54de1c5dc61e4495df8ba1d2cd3f445\" data-image-description=\"&lt;p&gt;Tofte&lt;\/p&gt;\n\" data-image-caption=\"\" data-large-file=\"https:\/\/i0.wp.com\/pequod.nesodd1.no\/wp-content\/uploads\/2020\/09\/6306F586-EC9B-4AE9-95DD-576BF52ED232.jpeg.e54de1c5dc61e4495df8ba1d2cd3f445.jpeg?fit=640%2C480&amp;ssl=1\" class=\"aligncenter size-full wp-image-19755\" src=\"https:\/\/i0.wp.com\/pequod.nesodd1.no\/wp-content\/uploads\/2020\/09\/6306F586-EC9B-4AE9-95DD-576BF52ED232.jpeg.e54de1c5dc61e4495df8ba1d2cd3f445.jpeg?resize=640%2C480&#038;ssl=1\" alt=\"\" width=\"640\" height=\"480\" srcset=\"https:\/\/i0.wp.com\/pequod.nesodd1.no\/wp-content\/uploads\/2020\/09\/6306F586-EC9B-4AE9-95DD-576BF52ED232.jpeg.e54de1c5dc61e4495df8ba1d2cd3f445.jpeg?w=640&amp;ssl=1 640w, https:\/\/i0.wp.com\/pequod.nesodd1.no\/wp-content\/uploads\/2020\/09\/6306F586-EC9B-4AE9-95DD-576BF52ED232.jpeg.e54de1c5dc61e4495df8ba1d2cd3f445.jpeg?resize=300%2C225&amp;ssl=1 300w, https:\/\/i0.wp.com\/pequod.nesodd1.no\/wp-content\/uploads\/2020\/09\/6306F586-EC9B-4AE9-95DD-576BF52ED232.jpeg.e54de1c5dc61e4495df8ba1d2cd3f445.jpeg?resize=100%2C75&amp;ssl=1 100w\" sizes=\"auto, (max-width: 640px) 100vw, 640px\" \/><\/a><\/p>\n<h3>Related Images:<\/h3>","protected":false},"excerpt":{"rendered":"<p>Vurdering (5 anker er best):&nbsp; Posisjon: 59\u00b032&#8217;34.7&#8243;N 10\u00b033&#8217;51.3&#8243;E Antall bes\u00f8k: 2 Sist bes\u00f8kt: August 2024. Fasiliteter:&nbsp; Str\u00f8m og vann. Sittebenker med bord. Visstnok toaletter og dusj. B\u00e5de Kiwi og Extra rett ved havna. Havneavgift: 200 NOK. Betales med Vipps. Fort\u00f8yning:&nbsp;Langsides p\u00e5 innsiden av moloen. V\u00e6r OBS p\u00e5 grunner ved innseilingen. Tilrettelagt for funksjonshemmede: Tja. Ganske &hellip;<br \/><a href=\"https:\/\/pequod.nesodd1.no\/?page_id=19863\" class=\"more-link pen_element_default pen_icon_arrow_double\">Les<\/a><\/p>\n","protected":false},"author":1,"featured_media":19758,"parent":5665,"menu_order":0,"comment_status":"closed","ping_status":"closed","template":"","meta":{"_crdt_document":"","ngg_post_thumbnail":0,"jetpack_post_was_ever_published":false,"footnotes":""},"class_list":["post-19863","page","type-page","status-publish","has-post-thumbnail","hentry"],"jetpack_shortlink":"https:\/\/wp.me\/P3Zd9b-5an","jetpack_sharing_enabled":true,"jetpack_likes_enabled":true,"jetpack-related-posts":[],"_links":{"self":[{"href":"https:\/\/pequod.nesodd1.no\/index.php?rest_route=\/wp\/v2\/pages\/19863","targetHints":{"allow":["GET"]}}],"collection":[{"href":"https:\/\/pequod.nesodd1.no\/index.php?rest_route=\/wp\/v2\/pages"}],"about":[{"href":"https:\/\/pequod.nesodd1.no\/index.php?rest_route=\/wp\/v2\/types\/page"}],"author":[{"embeddable":true,"href":"https:\/\/pequod.nesodd1.no\/index.php?rest_route=\/wp\/v2\/users\/1"}],"replies":[{"embeddable":true,"href":"https:\/\/pequod.nesodd1.no\/index.php?rest_route=%2Fwp%2Fv2%2Fcomments&post=19863"}],"version-history":[{"count":7,"href":"https:\/\/pequod.nesodd1.no\/index.php?rest_route=\/wp\/v2\/pages\/19863\/revisions"}],"predecessor-version":[{"id":29090,"href":"https:\/\/pequod.nesodd1.no\/index.php?rest_route=\/wp\/v2\/pages\/19863\/revisions\/29090"}],"up":[{"embeddable":true,"href":"https:\/\/pequod.nesodd1.no\/index.php?rest_route=\/wp\/v2\/pages\/5665"}],"wp:featuredmedia":[{"embeddable":true,"href":"https:\/\/pequod.nesodd1.no\/index.php?rest_route=\/wp\/v2\/media\/19758"}],"wp:attachment":[{"href":"https:\/\/pequod.nesodd1.no\/index.php?rest_route=%2Fwp%2Fv2%2Fmedia&parent=19863"}],"curies":[{"name":"wp","href":"https:\/\/api.w.org\/{rel}","templated":true}]}}