{"id":20177,"date":"2020-10-16T09:12:25","date_gmt":"2020-10-16T07:12:25","guid":{"rendered":"https:\/\/pequod.nesodd1.no\/?page_id=20177"},"modified":"2020-10-25T22:10:21","modified_gmt":"2020-10-25T21:10:21","slug":"asgardstrand-seilforening","status":"publish","type":"page","link":"https:\/\/pequod.nesodd1.no\/?page_id=20177","title":{"rendered":"\u00c5sg\u00e5rdstrand Seilforening"},"content":{"rendered":"<p><strong>Vurdering (5 anker er best):&nbsp;<a href=\"https:\/\/i0.wp.com\/pequod.nesodd1.no\/wp-content\/uploads\/2019\/10\/klistremerker-anker-og-tau-design.jpg.jpg?ssl=1\"><img loading=\"lazy\" decoding=\"async\" data-attachment-id=\"16489\" data-permalink=\"https:\/\/pequod.nesodd1.no\/?attachment_id=16489\" data-orig-file=\"https:\/\/i0.wp.com\/pequod.nesodd1.no\/wp-content\/uploads\/2019\/10\/klistremerker-anker-og-tau-design.jpg.jpg?fit=25%2C25&amp;ssl=1\" data-orig-size=\"25,25\" data-comments-opened=\"1\" data-image-meta=\"{&quot;aperture&quot;:&quot;0&quot;,&quot;credit&quot;:&quot;tribalium81&quot;,&quot;camera&quot;:&quot;&quot;,&quot;caption&quot;:&quot;&quot;,&quot;created_timestamp&quot;:&quot;0&quot;,&quot;copyright&quot;:&quot;tribalium81&quot;,&quot;focal_length&quot;:&quot;0&quot;,&quot;iso&quot;:&quot;0&quot;,&quot;shutter_speed&quot;:&quot;0&quot;,&quot;title&quot;:&quot;anchor and rope design&quot;,&quot;orientation&quot;:&quot;1&quot;}\" data-image-title=\"anchor and rope design\" data-image-description=\"\" data-image-caption=\"\" data-large-file=\"https:\/\/i0.wp.com\/pequod.nesodd1.no\/wp-content\/uploads\/2019\/10\/klistremerker-anker-og-tau-design.jpg.jpg?fit=25%2C25&amp;ssl=1\" class=\"alignnone size-full wp-image-16489 jetpack-lazy-image jetpack-lazy-image--handled\" src=\"https:\/\/i0.wp.com\/pequod.nesodd1.no\/wp-content\/uploads\/2019\/10\/klistremerker-anker-og-tau-design.jpg.jpg?resize=25%2C25&amp;ssl=1\" alt=\"\" width=\"25\" height=\"25\" data-attachment-id=\"16489\" data-permalink=\"https:\/\/pequod.nesodd1.no\/?attachment_id=16489\" data-orig-file=\"https:\/\/i0.wp.com\/pequod.nesodd1.no\/wp-content\/uploads\/2019\/10\/klistremerker-anker-og-tau-design.jpg.jpg?fit=25%2C25&amp;ssl=1\" data-orig-size=\"25,25\" data-comments-opened=\"1\" data-image-meta=\"{&quot;aperture&quot;:&quot;0&quot;,&quot;credit&quot;:&quot;tribalium81&quot;,&quot;camera&quot;:&quot;&quot;,&quot;caption&quot;:&quot;&quot;,&quot;created_timestamp&quot;:&quot;0&quot;,&quot;copyright&quot;:&quot;tribalium81&quot;,&quot;focal_length&quot;:&quot;0&quot;,&quot;iso&quot;:&quot;0&quot;,&quot;shutter_speed&quot;:&quot;0&quot;,&quot;title&quot;:&quot;anchor and rope design&quot;,&quot;orientation&quot;:&quot;1&quot;}\" data-image-title=\"anchor and rope design\" data-image-description=\"\" data-medium-file=\"https:\/\/i0.wp.com\/pequod.nesodd1.no\/wp-content\/uploads\/2019\/10\/klistremerker-anker-og-tau-design.jpg.jpg?fit=25%2C25&amp;ssl=1\" data-large-file=\"https:\/\/i0.wp.com\/pequod.nesodd1.no\/wp-content\/uploads\/2019\/10\/klistremerker-anker-og-tau-design.jpg.jpg?fit=25%2C25&amp;ssl=1\" data-lazy-loaded=\"1\"><\/a><a href=\"https:\/\/i0.wp.com\/pequod.nesodd1.no\/wp-content\/uploads\/2019\/10\/klistremerker-anker-og-tau-design.jpg.jpg?ssl=1\"><img loading=\"lazy\" decoding=\"async\" data-attachment-id=\"16489\" data-permalink=\"https:\/\/pequod.nesodd1.no\/?attachment_id=16489\" data-orig-file=\"https:\/\/i0.wp.com\/pequod.nesodd1.no\/wp-content\/uploads\/2019\/10\/klistremerker-anker-og-tau-design.jpg.jpg?fit=25%2C25&amp;ssl=1\" data-orig-size=\"25,25\" data-comments-opened=\"1\" data-image-meta=\"{&quot;aperture&quot;:&quot;0&quot;,&quot;credit&quot;:&quot;tribalium81&quot;,&quot;camera&quot;:&quot;&quot;,&quot;caption&quot;:&quot;&quot;,&quot;created_timestamp&quot;:&quot;0&quot;,&quot;copyright&quot;:&quot;tribalium81&quot;,&quot;focal_length&quot;:&quot;0&quot;,&quot;iso&quot;:&quot;0&quot;,&quot;shutter_speed&quot;:&quot;0&quot;,&quot;title&quot;:&quot;anchor and rope design&quot;,&quot;orientation&quot;:&quot;1&quot;}\" data-image-title=\"anchor and rope design\" data-image-description=\"\" data-image-caption=\"\" data-large-file=\"https:\/\/i0.wp.com\/pequod.nesodd1.no\/wp-content\/uploads\/2019\/10\/klistremerker-anker-og-tau-design.jpg.jpg?fit=25%2C25&amp;ssl=1\" class=\"alignnone size-full wp-image-16489 jetpack-lazy-image jetpack-lazy-image--handled\" src=\"https:\/\/i0.wp.com\/pequod.nesodd1.no\/wp-content\/uploads\/2019\/10\/klistremerker-anker-og-tau-design.jpg.jpg?resize=25%2C25&amp;ssl=1\" alt=\"\" width=\"25\" height=\"25\" data-attachment-id=\"16489\" data-permalink=\"https:\/\/pequod.nesodd1.no\/?attachment_id=16489\" data-orig-file=\"https:\/\/i0.wp.com\/pequod.nesodd1.no\/wp-content\/uploads\/2019\/10\/klistremerker-anker-og-tau-design.jpg.jpg?fit=25%2C25&amp;ssl=1\" data-orig-size=\"25,25\" data-comments-opened=\"1\" data-image-meta=\"{&quot;aperture&quot;:&quot;0&quot;,&quot;credit&quot;:&quot;tribalium81&quot;,&quot;camera&quot;:&quot;&quot;,&quot;caption&quot;:&quot;&quot;,&quot;created_timestamp&quot;:&quot;0&quot;,&quot;copyright&quot;:&quot;tribalium81&quot;,&quot;focal_length&quot;:&quot;0&quot;,&quot;iso&quot;:&quot;0&quot;,&quot;shutter_speed&quot;:&quot;0&quot;,&quot;title&quot;:&quot;anchor and rope design&quot;,&quot;orientation&quot;:&quot;1&quot;}\" data-image-title=\"anchor and rope design\" data-image-description=\"\" data-medium-file=\"https:\/\/i0.wp.com\/pequod.nesodd1.no\/wp-content\/uploads\/2019\/10\/klistremerker-anker-og-tau-design.jpg.jpg?fit=25%2C25&amp;ssl=1\" data-large-file=\"https:\/\/i0.wp.com\/pequod.nesodd1.no\/wp-content\/uploads\/2019\/10\/klistremerker-anker-og-tau-design.jpg.jpg?fit=25%2C25&amp;ssl=1\" data-lazy-loaded=\"1\"><\/a><\/strong><br \/>\n<b>Posisjon:<\/b> 59\u00b021&#8217;4.4&#8243;N 10\u00b028&#8217;13.5&#8243;E<br \/>\n<b>Bes\u00f8kt antall ganger:<\/b>&nbsp;1&nbsp;<b>Sist bes\u00f8kt:<\/b> 5.8 2020&nbsp; <a href=\"http:\/\/www.seilforeningen.no\/\" target=\"_blank\" rel=\"noopener noreferrer\">Hjemmeside<\/a><br \/>\n<b>Fasiliteter:<\/b> Servicebygg med dusj og toaletter (men jeg brukte det ikke).&nbsp; Str\u00f8m og vann. S\u00f8ppel. Dagligvarebutikker, kafeer og restauranter i n\u00e6rheten.<br \/>\n<b>Havneavgift (for 29-foter):&nbsp;<\/b>253 NOK. Inkludert str\u00f8m (delvis) og vann.&nbsp; Betaling via appen Mooringo.<br \/>\n<strong>Fort\u00f8yning:<\/strong> Langsides, b\u00e5s<br \/>\n<b>Tilrettelagt for funksjonshemmede:&nbsp;&nbsp;<\/b>Vet ikke helt sikkert. Greit \u00e5 komme seg opp fra brygga for en med protese. Vet ikke hvordan servicebygget var tilrettelagt.<\/p>\n<p>B\u00e5thavna til \u00c5sg\u00e5rdstrand Seilforening ligger rett nord for den kommunale gjestehavna. Grei innseiling, kanskje noe trang.<\/p>\n<p>Det er en langsides gjestebrygge p\u00e5 styrbord side rett etter at du har kommet inn gjennom innseilingen p\u00e5 moloen, mens resten av plassene er plasser som er merket gr\u00f8nne p\u00e5 appen Mooringo.&nbsp;<\/p>\n<figure id=\"attachment_19380\" aria-describedby=\"caption-attachment-19380\" style=\"width: 214px\" class=\"wp-caption alignleft\"><a href=\"https:\/\/i0.wp.com\/pequod.nesodd1.no\/wp-content\/uploads\/2020\/08\/IMG-7612.jpg?ssl=1\"><img data-recalc-dims=\"1\" loading=\"lazy\" decoding=\"async\" data-attachment-id=\"19380\" data-permalink=\"https:\/\/pequod.nesodd1.no\/?attachment_id=19380\" data-orig-file=\"https:\/\/i0.wp.com\/pequod.nesodd1.no\/wp-content\/uploads\/2020\/08\/IMG-7612.jpg?fit=600%2C588&amp;ssl=1\" data-orig-size=\"600,588\" data-comments-opened=\"1\" data-image-meta=\"{&quot;aperture&quot;:&quot;0&quot;,&quot;credit&quot;:&quot;&quot;,&quot;camera&quot;:&quot;&quot;,&quot;caption&quot;:&quot;&quot;,&quot;created_timestamp&quot;:&quot;0&quot;,&quot;copyright&quot;:&quot;&quot;,&quot;focal_length&quot;:&quot;0&quot;,&quot;iso&quot;:&quot;0&quot;,&quot;shutter_speed&quot;:&quot;0&quot;,&quot;title&quot;:&quot;&quot;,&quot;orientation&quot;:&quot;1&quot;}\" data-image-title=\"IMG-7612\" data-image-description=\"&lt;p&gt;Mooringo, app, kart, \u00c5sg\u00e5rdstrand Seilforening&lt;\/p&gt;\n\" data-image-caption=\"&lt;p&gt;Slik ser det ut i Mooringo. Gr\u00f8nt er ledige b\u00e5ser. Den r\u00f8de med litt bl\u00e5tt rundt er der jeg l\u00e5.&lt;\/p&gt;\n\" data-large-file=\"https:\/\/i0.wp.com\/pequod.nesodd1.no\/wp-content\/uploads\/2020\/08\/IMG-7612.jpg?fit=600%2C588&amp;ssl=1\" class=\" wp-image-19380\" src=\"https:\/\/i0.wp.com\/pequod.nesodd1.no\/wp-content\/uploads\/2020\/08\/IMG-7612.jpg?resize=214%2C210&#038;ssl=1\" alt=\"\" width=\"214\" height=\"210\" srcset=\"https:\/\/i0.wp.com\/pequod.nesodd1.no\/wp-content\/uploads\/2020\/08\/IMG-7612.jpg?resize=300%2C294&amp;ssl=1 300w, https:\/\/i0.wp.com\/pequod.nesodd1.no\/wp-content\/uploads\/2020\/08\/IMG-7612.jpg?resize=82%2C80&amp;ssl=1 82w, https:\/\/i0.wp.com\/pequod.nesodd1.no\/wp-content\/uploads\/2020\/08\/IMG-7612.jpg?w=600&amp;ssl=1 600w\" sizes=\"auto, (max-width: 214px) 100vw, 214px\" \/><\/a><figcaption id=\"caption-attachment-19380\" class=\"wp-caption-text\">Slik ser det ut i Mooringo. Gr\u00f8nt er ledige b\u00e5ser. Den r\u00f8de med litt bl\u00e5tt rundt er der jeg l\u00e5.<\/figcaption><\/figure>\n<p>I denne appen er det mulighet til \u00e5 velge de plassene som til enhver tid er ledige fordi eierne av plassene er ute p\u00e5 tur selv, eller har tatt opp b\u00e5ten, eller kanskje leier den ut i en periode de ikke har b\u00e5t selv.<\/p>\n<p>Slikt sett er den et greit alternativ hvis den kommunale gjestehavna er full, noe den var da jeg var p\u00e5 tur. I tillegg, i alle fall hvis du ligger i en b\u00e5s n\u00e6rmest land, slik som jeg gjorde, s\u00e5 ligger du ganske s\u00e5 rolig i forhold til \u00e5 ligge i b\u00e5sene p\u00e5 den ytterste moloen i den kommunale gjestehavna.<\/p>\n<p>Spesielt billiger er det dog ikke, og Mooringo skal ha sin avgift i tillegg til det seilforeningen skal ha, s\u00e5 jeg endte opp med \u00e5 betale hele tre kroner mer enn i den kommunale gjestehavna&#8230; \ud83d\ude42 Men i toppsesongen er det enda dyrere.<\/p>\n<p>I tillegg fikk jeg ikke tilgang til str\u00f8m, og da ble prisen ganske dr\u00f8y, synes jeg. Bryggene er nemlig sparsomt utstyrt med str\u00f8muttak, s\u00e5 det var rett og slett ikke noe ledig uttak til meg, alt var tatt av de faste b\u00e5tene. Jeg gikk langt ut p\u00e5 brygga for \u00e5 se om jeg kunne ha valgt en annen b\u00e5s med ledig str\u00f8muttak, men det s\u00e5 ikke s\u00e5nn ut, s\u00e5 akkurat det var d\u00e5rlig.<\/p>\n<p>S\u00e5 akkurat det gj\u00f8r at det ikke blir noen h\u00f8y scorer p\u00e5 antall anker&#8230;<\/p>\n<p><a href=\"https:\/\/i0.wp.com\/pequod.nesodd1.no\/wp-content\/uploads\/2020\/10\/117316735_10157201050782032_8396915143363346416_n.jpg?ssl=1\"><img data-recalc-dims=\"1\" loading=\"lazy\" decoding=\"async\" data-attachment-id=\"20217\" data-permalink=\"https:\/\/pequod.nesodd1.no\/?attachment_id=20217\" data-orig-file=\"https:\/\/i0.wp.com\/pequod.nesodd1.no\/wp-content\/uploads\/2020\/10\/117316735_10157201050782032_8396915143363346416_n.jpg?fit=960%2C720&amp;ssl=1\" data-orig-size=\"960,720\" data-comments-opened=\"1\" data-image-meta=\"{&quot;aperture&quot;:&quot;0&quot;,&quot;credit&quot;:&quot;&quot;,&quot;camera&quot;:&quot;&quot;,&quot;caption&quot;:&quot;&quot;,&quot;created_timestamp&quot;:&quot;0&quot;,&quot;copyright&quot;:&quot;&quot;,&quot;focal_length&quot;:&quot;0&quot;,&quot;iso&quot;:&quot;0&quot;,&quot;shutter_speed&quot;:&quot;0&quot;,&quot;title&quot;:&quot;&quot;,&quot;orientation&quot;:&quot;0&quot;}\" data-image-title=\"117316735_10157201050782032_8396915143363346416_n\" data-image-description=\"&lt;p&gt;\u00c5sg\u00e5rdstrand seilforening&lt;\/p&gt;\n\" data-image-caption=\"\" data-large-file=\"https:\/\/i0.wp.com\/pequod.nesodd1.no\/wp-content\/uploads\/2020\/10\/117316735_10157201050782032_8396915143363346416_n.jpg?fit=940%2C705&amp;ssl=1\" class=\"aligncenter size-full wp-image-20217\" src=\"https:\/\/i0.wp.com\/pequod.nesodd1.no\/wp-content\/uploads\/2020\/10\/117316735_10157201050782032_8396915143363346416_n.jpg?resize=940%2C705&#038;ssl=1\" alt=\"\" width=\"940\" height=\"705\" srcset=\"https:\/\/i0.wp.com\/pequod.nesodd1.no\/wp-content\/uploads\/2020\/10\/117316735_10157201050782032_8396915143363346416_n.jpg?w=960&amp;ssl=1 960w, https:\/\/i0.wp.com\/pequod.nesodd1.no\/wp-content\/uploads\/2020\/10\/117316735_10157201050782032_8396915143363346416_n.jpg?resize=300%2C225&amp;ssl=1 300w, https:\/\/i0.wp.com\/pequod.nesodd1.no\/wp-content\/uploads\/2020\/10\/117316735_10157201050782032_8396915143363346416_n.jpg?resize=100%2C75&amp;ssl=1 100w, https:\/\/i0.wp.com\/pequod.nesodd1.no\/wp-content\/uploads\/2020\/10\/117316735_10157201050782032_8396915143363346416_n.jpg?resize=768%2C576&amp;ssl=1 768w\" sizes=\"auto, (max-width: 940px) 100vw, 940px\" \/><\/a><\/p>\n<p>&nbsp;<\/p>\n<h3>Related Images:<\/h3>","protected":false},"excerpt":{"rendered":"<p>Vurdering (5 anker er best):&nbsp; Posisjon: 59\u00b021&#8217;4.4&#8243;N 10\u00b028&#8217;13.5&#8243;E Bes\u00f8kt antall ganger:&nbsp;1&nbsp;Sist bes\u00f8kt: 5.8 2020&nbsp; Hjemmeside Fasiliteter: Servicebygg med dusj og toaletter (men jeg brukte det ikke).&nbsp; Str\u00f8m og vann. S\u00f8ppel. Dagligvarebutikker, kafeer og restauranter i n\u00e6rheten. Havneavgift (for 29-foter):&nbsp;253 NOK. Inkludert str\u00f8m (delvis) og vann.&nbsp; Betaling via appen Mooringo. Fort\u00f8yning: Langsides, b\u00e5s Tilrettelagt for funksjonshemmede:&nbsp;&nbsp;Vet &hellip;<br \/><a href=\"https:\/\/pequod.nesodd1.no\/?page_id=20177\" class=\"more-link pen_element_default pen_icon_arrow_double\">Les<\/a><\/p>\n","protected":false},"author":1,"featured_media":19381,"parent":5665,"menu_order":0,"comment_status":"closed","ping_status":"closed","template":"","meta":{"_crdt_document":"","ngg_post_thumbnail":0,"jetpack_post_was_ever_published":false,"footnotes":""},"class_list":["post-20177","page","type-page","status-publish","has-post-thumbnail","hentry"],"jetpack_shortlink":"https:\/\/wp.me\/P3Zd9b-5fr","jetpack_sharing_enabled":true,"jetpack_likes_enabled":true,"jetpack-related-posts":[],"_links":{"self":[{"href":"https:\/\/pequod.nesodd1.no\/index.php?rest_route=\/wp\/v2\/pages\/20177","targetHints":{"allow":["GET"]}}],"collection":[{"href":"https:\/\/pequod.nesodd1.no\/index.php?rest_route=\/wp\/v2\/pages"}],"about":[{"href":"https:\/\/pequod.nesodd1.no\/index.php?rest_route=\/wp\/v2\/types\/page"}],"author":[{"embeddable":true,"href":"https:\/\/pequod.nesodd1.no\/index.php?rest_route=\/wp\/v2\/users\/1"}],"replies":[{"embeddable":true,"href":"https:\/\/pequod.nesodd1.no\/index.php?rest_route=%2Fwp%2Fv2%2Fcomments&post=20177"}],"version-history":[{"count":4,"href":"https:\/\/pequod.nesodd1.no\/index.php?rest_route=\/wp\/v2\/pages\/20177\/revisions"}],"predecessor-version":[{"id":20462,"href":"https:\/\/pequod.nesodd1.no\/index.php?rest_route=\/wp\/v2\/pages\/20177\/revisions\/20462"}],"up":[{"embeddable":true,"href":"https:\/\/pequod.nesodd1.no\/index.php?rest_route=\/wp\/v2\/pages\/5665"}],"wp:featuredmedia":[{"embeddable":true,"href":"https:\/\/pequod.nesodd1.no\/index.php?rest_route=\/wp\/v2\/media\/19381"}],"wp:attachment":[{"href":"https:\/\/pequod.nesodd1.no\/index.php?rest_route=%2Fwp%2Fv2%2Fmedia&parent=20177"}],"curies":[{"name":"wp","href":"https:\/\/api.w.org\/{rel}","templated":true}]}}