{"id":20415,"date":"2020-10-23T23:58:58","date_gmt":"2020-10-23T21:58:58","guid":{"rendered":"https:\/\/pequod.nesodd1.no\/?page_id=20415"},"modified":"2021-04-08T08:36:01","modified_gmt":"2021-04-08T06:36:01","slug":"spesialartikler","status":"publish","type":"page","link":"https:\/\/pequod.nesodd1.no\/?page_id=20415","title":{"rendered":"Spesialartikler"},"content":{"rendered":"<p>P\u00e5 denne siden samler jeg linker til spesielle saker, artikler og innlegg jeg har skrevet, som jeg selv kanskje synes er litt utenfor det b\u00e5tbloggingen min vanligvis handler om, eller som jeg synes kanskje fortjener \u00e5 f\u00e5 en egen liten side slik at de ikke bare forsvinner i arkivet.<\/p>\n<p>Til glede for nye lesere, som det heter.<\/p>\n<p>Noen av disse er samtidig noen av de mest leste innleggene jeg har skrevet.<\/p>\n<p>De er lagt ut etter n\u00e5r de ble publisert, ikke i noen prioritert rekkef\u00f8lge.<\/p>\n<p>&nbsp;<\/p>\n<ul>\n<li><a href=\"https:\/\/pequod.nesodd1.no\/?p=20544\">Endelig p\u00e5 Steilene igjen (mange historiske bilder)<\/a><\/li>\n<li><a href=\"https:\/\/pequod.nesodd1.no\/?p=20115\">Rotl\u00f8s og einst\u00f8ing &#8211; en perfekt kombinasjon for en b\u00e5tloffer<\/a><\/li>\n<li><a href=\"https:\/\/pequod.nesodd1.no\/?p=14303\">Mange frodige stedsnavn i norske sj\u00f8kart<\/a><\/li>\n<li><a href=\"https:\/\/pequod.nesodd1.no\/?p=13613\">I bulkfart som guttunge<\/a><\/li>\n<li><a href=\"https:\/\/pequod.nesodd1.no\/?p=13588\">Zuzanna og jeg<\/a><\/li>\n<li class=\"entry-title pen_content_title pen_animate_on_scroll pen_custom_animation_fadeIn animate__animated animate__fadeIn\"><a href=\"https:\/\/pequod.nesodd1.no\/?p=12689\">Slutt p\u00e5 Johannas ferd i Oslofjorden<\/a><\/li>\n<li><a href=\"https:\/\/pequod.nesodd1.no\/?p=11714\">Langs sj\u00f8siden i gamle dager<\/a><\/li>\n<li><a href=\"https:\/\/pequod.nesodd1.no\/?p=9821\">Morsomme b\u00e5tnavn<\/a><\/li>\n<li><a href=\"https:\/\/pequod.nesodd1.no\/?p=4490\">Minnestein til besv\u00e6r &#8211; del 1<\/a><br \/>\n<a href=\"https:\/\/pequod.nesodd1.no\/?p=5408\">Minnestein til besv\u00e6r &#8211; del 2<\/a><br \/>\n<a href=\"https:\/\/pequod.nesodd1.no\/?p=5419\">Minnestein til besv\u00e6r &#8211; del 3<\/a><\/li>\n<li><a href=\"https:\/\/pequod.nesodd1.no\/?p=130\">Aker Brygge i gamle dager<\/a><\/li>\n<\/ul>\n<p>&nbsp;<\/p>\n<h3>Related Images:<\/h3>","protected":false},"excerpt":{"rendered":"<p>P\u00e5 denne siden samler jeg linker til spesielle saker, artikler og innlegg jeg har skrevet, som jeg selv kanskje synes er litt utenfor det b\u00e5tbloggingen min vanligvis handler om, eller som jeg synes kanskje fortjener \u00e5 f\u00e5 en egen liten side slik at de ikke bare forsvinner i arkivet. Til glede for nye lesere, som &hellip;<br \/><a href=\"https:\/\/pequod.nesodd1.no\/?page_id=20415\" class=\"more-link pen_element_default pen_icon_arrow_double\">Les<\/a><\/p>\n","protected":false},"author":1,"featured_media":19023,"parent":0,"menu_order":0,"comment_status":"closed","ping_status":"closed","template":"","meta":{"_crdt_document":"","ngg_post_thumbnail":0,"jetpack_post_was_ever_published":false,"footnotes":""},"class_list":["post-20415","page","type-page","status-publish","has-post-thumbnail","hentry"],"jetpack_shortlink":"https:\/\/wp.me\/P3Zd9b-5jh","jetpack_sharing_enabled":true,"jetpack_likes_enabled":true,"jetpack-related-posts":[],"_links":{"self":[{"href":"https:\/\/pequod.nesodd1.no\/index.php?rest_route=\/wp\/v2\/pages\/20415","targetHints":{"allow":["GET"]}}],"collection":[{"href":"https:\/\/pequod.nesodd1.no\/index.php?rest_route=\/wp\/v2\/pages"}],"about":[{"href":"https:\/\/pequod.nesodd1.no\/index.php?rest_route=\/wp\/v2\/types\/page"}],"author":[{"embeddable":true,"href":"https:\/\/pequod.nesodd1.no\/index.php?rest_route=\/wp\/v2\/users\/1"}],"replies":[{"embeddable":true,"href":"https:\/\/pequod.nesodd1.no\/index.php?rest_route=%2Fwp%2Fv2%2Fcomments&post=20415"}],"version-history":[{"count":7,"href":"https:\/\/pequod.nesodd1.no\/index.php?rest_route=\/wp\/v2\/pages\/20415\/revisions"}],"predecessor-version":[{"id":21540,"href":"https:\/\/pequod.nesodd1.no\/index.php?rest_route=\/wp\/v2\/pages\/20415\/revisions\/21540"}],"wp:featuredmedia":[{"embeddable":true,"href":"https:\/\/pequod.nesodd1.no\/index.php?rest_route=\/wp\/v2\/media\/19023"}],"wp:attachment":[{"href":"https:\/\/pequod.nesodd1.no\/index.php?rest_route=%2Fwp%2Fv2%2Fmedia&parent=20415"}],"curies":[{"name":"wp","href":"https:\/\/api.w.org\/{rel}","templated":true}]}}