{"id":20718,"date":"2020-11-18T02:25:31","date_gmt":"2020-11-18T01:25:31","guid":{"rendered":"https:\/\/pequod.nesodd1.no\/?page_id=20718"},"modified":"2020-11-18T02:25:31","modified_gmt":"2020-11-18T01:25:31","slug":"bilder-fra-flickr","status":"publish","type":"page","link":"https:\/\/pequod.nesodd1.no\/?page_id=20718","title":{"rendered":"Bilder fra Flickr"},"content":{"rendered":"<p>Jeg jobber med \u00e5 omorganisere bildegalleriet. Her en en link til bilder jeg har lagt ut fra 2013 til 2017 &#8211; ikke bare b\u00e5trelatert. Det f\u00e5r funke inntil videre! S\u00e5 kommer jeg etter hvert til \u00e5 legge inn bilder fra 2018, 2019 og 2020 ogs\u00e5!<\/p>\n<p><a href=\"https:\/\/www.flickr.com\/photos\/128046772@N03\/albums\" target=\"_blank\" rel=\"noopener noreferrer\">Gallerier p\u00e5 Flickr<\/a><\/p>\n<p>&nbsp;<\/p>\n<h3>Related Images:<\/h3>","protected":false},"excerpt":{"rendered":"<p>Jeg jobber med \u00e5 omorganisere bildegalleriet. Her en en link til bilder jeg har lagt ut fra 2013 til 2017 &#8211; ikke bare b\u00e5trelatert. Det f\u00e5r funke inntil videre! S\u00e5 kommer jeg etter hvert til \u00e5 legge inn bilder fra 2018, 2019 og 2020 ogs\u00e5! Gallerier p\u00e5 Flickr &nbsp; Related Images:<\/p>\n","protected":false},"author":1,"featured_media":3337,"parent":0,"menu_order":0,"comment_status":"closed","ping_status":"closed","template":"","meta":{"_crdt_document":"","ngg_post_thumbnail":0,"jetpack_post_was_ever_published":false,"footnotes":""},"class_list":["post-20718","page","type-page","status-publish","has-post-thumbnail","hentry"],"jetpack_shortlink":"https:\/\/wp.me\/P3Zd9b-5oa","jetpack_sharing_enabled":true,"jetpack_likes_enabled":true,"jetpack-related-posts":[],"_links":{"self":[{"href":"https:\/\/pequod.nesodd1.no\/index.php?rest_route=\/wp\/v2\/pages\/20718","targetHints":{"allow":["GET"]}}],"collection":[{"href":"https:\/\/pequod.nesodd1.no\/index.php?rest_route=\/wp\/v2\/pages"}],"about":[{"href":"https:\/\/pequod.nesodd1.no\/index.php?rest_route=\/wp\/v2\/types\/page"}],"author":[{"embeddable":true,"href":"https:\/\/pequod.nesodd1.no\/index.php?rest_route=\/wp\/v2\/users\/1"}],"replies":[{"embeddable":true,"href":"https:\/\/pequod.nesodd1.no\/index.php?rest_route=%2Fwp%2Fv2%2Fcomments&post=20718"}],"version-history":[{"count":2,"href":"https:\/\/pequod.nesodd1.no\/index.php?rest_route=\/wp\/v2\/pages\/20718\/revisions"}],"predecessor-version":[{"id":20720,"href":"https:\/\/pequod.nesodd1.no\/index.php?rest_route=\/wp\/v2\/pages\/20718\/revisions\/20720"}],"wp:featuredmedia":[{"embeddable":true,"href":"https:\/\/pequod.nesodd1.no\/index.php?rest_route=\/wp\/v2\/media\/3337"}],"wp:attachment":[{"href":"https:\/\/pequod.nesodd1.no\/index.php?rest_route=%2Fwp%2Fv2%2Fmedia&parent=20718"}],"curies":[{"name":"wp","href":"https:\/\/api.w.org\/{rel}","templated":true}]}}