{"id":20759,"date":"2020-11-20T10:15:30","date_gmt":"2020-11-20T09:15:30","guid":{"rendered":"https:\/\/pequod.nesodd1.no\/?page_id=20759"},"modified":"2020-11-20T10:18:30","modified_gmt":"2020-11-20T09:18:30","slug":"langesund-nor-bunkring","status":"publish","type":"page","link":"https:\/\/pequod.nesodd1.no\/?page_id=20759","title":{"rendered":"Langesund (Nor Bunkring)"},"content":{"rendered":"<p><strong>Hvor:<\/strong> Langesund<br \/>\n<strong>Posisjon: <\/strong>59\u00b00&#8217;32.6&#8243;N 9\u00b044&#8217;51.2&#8243;E<br \/>\n<strong>Type drivstoff:<\/strong>&nbsp;Bensin og diesel<br \/>\n<strong>Drivstoffkvalitet:<\/strong>&nbsp;?<br \/>\n<strong>Leverand\u00f8r:<\/strong>&nbsp;\u2013<br \/>\n<strong>Pumpe:<\/strong> Fylte manuelt da jeg var der, men tror det var automat.<br \/>\n<strong>Pris (dato sist jeg fylte) :<\/strong>&nbsp;9.95 24.06.2020<br \/>\n<strong>Kommentar:<\/strong> Da jeg bes\u00f8kte denne i juni klarte jeg \u00e5 glemme \u00e5 ta bilder av stedet, s\u00e5 jeg har tillatt meg \u00e5 l\u00e5ne et fra oslofjorden.com. Brygga er ganske h\u00f8y for en enbeint skipper, og jeg hadde litt strev med \u00e5 komme meg opp av og ned i b\u00e5ten. Jeg fikk dog hjelp av en ung fyr som sikkert hadde sommerjobb der, men han var b\u00e5de sur og sm\u00e5frekk og tok bare den ene tampen forut. Resten m\u00e5tte jeg klare selv. Ingen positiv opplevelse. M\u00e5tte betale manuelt inne i en slags kiosk med mini-utvalg, men dama der var i alle fall hyggelig. Grei pris, men fant ut en times tid senere at Helgeroa var 50 \u00f8re billigere&#8230;<\/p>\n<p>Av prinsipp skygger jeg unna steder hvor jeg f\u00e5r d\u00e5rlig service, og det blir nok en god stund til f\u00f8r jeg gidder \u00e5 tanke her.<\/p>\n<h3>Related Images:<\/h3>","protected":false},"excerpt":{"rendered":"<p>Hvor: Langesund Posisjon: 59\u00b00&#8217;32.6&#8243;N 9\u00b044&#8217;51.2&#8243;E Type drivstoff:&nbsp;Bensin og diesel Drivstoffkvalitet:&nbsp;? Leverand\u00f8r:&nbsp;\u2013 Pumpe: Fylte manuelt da jeg var der, men tror det var automat. Pris (dato sist jeg fylte) :&nbsp;9.95 24.06.2020 Kommentar: Da jeg bes\u00f8kte denne i juni klarte jeg \u00e5 glemme \u00e5 ta bilder av stedet, s\u00e5 jeg har tillatt meg \u00e5 l\u00e5ne et fra &hellip;<br \/><a href=\"https:\/\/pequod.nesodd1.no\/?page_id=20759\" class=\"more-link pen_element_default pen_icon_arrow_double\">Les<\/a><\/p>\n","protected":false},"author":1,"featured_media":20760,"parent":10056,"menu_order":0,"comment_status":"closed","ping_status":"closed","template":"","meta":{"_crdt_document":"","ngg_post_thumbnail":0,"jetpack_post_was_ever_published":false,"footnotes":""},"class_list":["post-20759","page","type-page","status-publish","has-post-thumbnail","hentry"],"jetpack_shortlink":"https:\/\/wp.me\/P3Zd9b-5oP","jetpack_sharing_enabled":true,"jetpack_likes_enabled":true,"jetpack-related-posts":[],"_links":{"self":[{"href":"https:\/\/pequod.nesodd1.no\/index.php?rest_route=\/wp\/v2\/pages\/20759","targetHints":{"allow":["GET"]}}],"collection":[{"href":"https:\/\/pequod.nesodd1.no\/index.php?rest_route=\/wp\/v2\/pages"}],"about":[{"href":"https:\/\/pequod.nesodd1.no\/index.php?rest_route=\/wp\/v2\/types\/page"}],"author":[{"embeddable":true,"href":"https:\/\/pequod.nesodd1.no\/index.php?rest_route=\/wp\/v2\/users\/1"}],"replies":[{"embeddable":true,"href":"https:\/\/pequod.nesodd1.no\/index.php?rest_route=%2Fwp%2Fv2%2Fcomments&post=20759"}],"version-history":[{"count":4,"href":"https:\/\/pequod.nesodd1.no\/index.php?rest_route=\/wp\/v2\/pages\/20759\/revisions"}],"predecessor-version":[{"id":20765,"href":"https:\/\/pequod.nesodd1.no\/index.php?rest_route=\/wp\/v2\/pages\/20759\/revisions\/20765"}],"up":[{"embeddable":true,"href":"https:\/\/pequod.nesodd1.no\/index.php?rest_route=\/wp\/v2\/pages\/10056"}],"wp:featuredmedia":[{"embeddable":true,"href":"https:\/\/pequod.nesodd1.no\/index.php?rest_route=\/wp\/v2\/media\/20760"}],"wp:attachment":[{"href":"https:\/\/pequod.nesodd1.no\/index.php?rest_route=%2Fwp%2Fv2%2Fmedia&parent=20759"}],"curies":[{"name":"wp","href":"https:\/\/api.w.org\/{rel}","templated":true}]}}