{"id":21527,"date":"2021-04-07T14:32:55","date_gmt":"2021-04-07T12:32:55","guid":{"rendered":"https:\/\/pequod.nesodd1.no\/?page_id=21527"},"modified":"2024-05-31T13:48:27","modified_gmt":"2024-05-31T11:48:27","slug":"septiktomming","status":"publish","type":"page","link":"https:\/\/pequod.nesodd1.no\/?page_id=21527","title":{"rendered":"Septikt\u00f8mming"},"content":{"rendered":"<p>Dette er en liten oversikt over hvor du kan finne steder med t\u00f8mmeanlegg for septik. Selv har jeg ikke slik t\u00f8mming installert i b\u00e5ten enn\u00e5, men det er p\u00e5 to-do-lista. I min gjestehavnsoversikt f\u00f8rer jeg ogs\u00e5 opp om havna har t\u00f8mmeanlegg.<\/p>\n<p><strong>OPPDATERING MAI 2024 :<\/strong> En tidligere oversikt jeg har hatt p\u00e5 denne siden viser seg n\u00e5 \u00e5 v\u00e6re tatt vekk av eier, s\u00e5 jeg har laget en liten oversikt selv, men jeg garanterer ikke at den er 100 prosent korrekt!<\/p>\n<p>I Oslo har kommunen fire t\u00f8mmestasjoner, alle p\u00e5 fl\u00e5te:&nbsp;Bestumkilen, Kongen Marina, Hoved\u00f8ya, Paddehavet (like ved broen over til Ulv\u00f8ya).<\/p>\n<p>Min egen hjemmehavn p\u00e5 Oksval (Nesodden) har ogs\u00e5 t\u00f8mmestasjon ved innseilingen.<\/p>\n<p><strong>\u00d8vrige t\u00f8mmeanlegg i Oslofjorden (i alfabetisk rekkef\u00f8lge etter kommune):<\/strong><\/p>\n<p>&nbsp;<\/p>\n<table>\n<tbody>\n<tr>\n<td><b>Kommune<\/b><\/td>\n<td><b>Havn<\/b><\/td>\n<\/tr>\n<tr>\n<td>Asker<\/td>\n<td>Leangbukten b\u00e5tforening<\/td>\n<\/tr>\n<tr>\n<td>Asker<\/td>\n<td>Vollen Marina<\/td>\n<\/tr>\n<tr>\n<td>Asker<\/td>\n<td>Grundvik Marina (Tofte)<\/td>\n<\/tr>\n<tr>\n<td>Asker<\/td>\n<td>Holmsbu<\/td>\n<\/tr>\n<tr>\n<td>&nbsp;<\/td>\n<td>&nbsp;<\/td>\n<\/tr>\n<tr>\n<td>Bamble<\/td>\n<td>Lang\u00f8ya\/Langesund gjestehavn<\/td>\n<\/tr>\n<tr>\n<td>&nbsp;<\/td>\n<td>&nbsp;<\/td>\n<\/tr>\n<tr>\n<td>B\u00e6rum<\/td>\n<td>Lakseberget b\u00e5tforening<\/td>\n<\/tr>\n<tr>\n<td>B\u00e6rum<\/td>\n<td>Oksen\u00f8yen Marina<\/td>\n<\/tr>\n<tr>\n<td>B\u00e6rum<\/td>\n<td>Sandvika<\/td>\n<\/tr>\n<tr>\n<td>&nbsp;<\/td>\n<td>&nbsp;<\/td>\n<\/tr>\n<tr>\n<td>Fredrikstad<\/td>\n<td>V\u00e6rste (gjestehavna)<\/td>\n<\/tr>\n<tr>\n<td>Fredrikstad<\/td>\n<td>Skj\u00e6l\u00f8y slipp<\/td>\n<\/tr>\n<tr>\n<td>&nbsp;<\/td>\n<td>&nbsp;<\/td>\n<\/tr>\n<tr>\n<td>Frogn<\/td>\n<td>Dr\u00f8bak b\u00e5thavn<\/td>\n<\/tr>\n<tr>\n<td>Frogn<\/td>\n<td>Dr\u00f8bak, kommunebrygga<\/td>\n<\/tr>\n<tr>\n<td>Frogn<\/td>\n<td>Vindfangerbukta<\/td>\n<\/tr>\n<tr>\n<td>&nbsp;<\/td>\n<td>&nbsp;<\/td>\n<\/tr>\n<tr>\n<td>F\u00e6rder<\/td>\n<td>\u00d8stre Bol\u00e6rne<\/td>\n<\/tr>\n<tr>\n<td>F\u00e6rder<\/td>\n<td>Tenvik<\/td>\n<\/tr>\n<tr>\n<td>F\u00e6rder<\/td>\n<td>Kj\u00f8pmannskj\u00e6r<\/td>\n<\/tr>\n<tr>\n<td>F\u00e6rder<\/td>\n<td>Tj\u00f8me &#8211; Verdens Ende<\/td>\n<\/tr>\n<tr>\n<td>&nbsp;<\/td>\n<td>&nbsp;<\/td>\n<\/tr>\n<tr>\n<td>Halden<\/td>\n<td>Halden gjestehavn<\/td>\n<\/tr>\n<tr>\n<td>Halden<\/td>\n<td>Tista<\/td>\n<\/tr>\n<tr>\n<td>&nbsp;<\/td>\n<td>&nbsp;<\/td>\n<\/tr>\n<tr>\n<td>Horten<\/td>\n<td>Bankl\u00f8kka b\u00e5thavn<\/td>\n<\/tr>\n<tr>\n<td>Horten<\/td>\n<td>Horten havn<\/td>\n<\/tr>\n<tr>\n<td>Horten<\/td>\n<td>\u00c5sg\u00e5rdstrand b\u00e5thavn<\/td>\n<\/tr>\n<tr>\n<td>&nbsp;<\/td>\n<td>&nbsp;<\/td>\n<\/tr>\n<tr>\n<td>Hvaler<\/td>\n<td>Hvaler marinesenter<\/td>\n<\/tr>\n<tr>\n<td>Hvaler<\/td>\n<td>Skj\u00e6rhalden gjestehavn<\/td>\n<\/tr>\n<tr>\n<td>Hvaler<\/td>\n<td>Tordenskjoldbukta<\/td>\n<\/tr>\n<tr>\n<td>&nbsp;<\/td>\n<td>&nbsp;<\/td>\n<\/tr>\n<tr>\n<td>Larvik<\/td>\n<td>Stavern gjestehavn<\/td>\n<\/tr>\n<tr>\n<td>Larvik<\/td>\n<td>Nevlunghavn<\/td>\n<\/tr>\n<tr>\n<td>&nbsp;<\/td>\n<td>&nbsp;<\/td>\n<\/tr>\n<tr>\n<td>Moss<\/td>\n<td>Fuglevik B\u00e5thavn<\/td>\n<\/tr>\n<tr>\n<td>&nbsp;<\/td>\n<td>&nbsp;<\/td>\n<\/tr>\n<tr>\n<td>Nesodden<\/td>\n<td>Oksval b\u00e5tforening<\/td>\n<\/tr>\n<tr>\n<td>Nesodden<\/td>\n<td>Steilene<\/td>\n<\/tr>\n<tr>\n<td>Nesodden<\/td>\n<td>Fagerstrand b\u00e5tforening<\/td>\n<\/tr>\n<tr>\n<td>&nbsp;<\/td>\n<td>&nbsp;<\/td>\n<\/tr>\n<tr>\n<td>Porsgrunn<\/td>\n<td>Sentrum<\/td>\n<\/tr>\n<tr>\n<td>Porsgrunn<\/td>\n<td>Brevik<\/td>\n<\/tr>\n<tr>\n<td>&nbsp;<\/td>\n<td>&nbsp;<\/td>\n<\/tr>\n<tr>\n<td>Sarpsborg<\/td>\n<td>Skjebergkilen marina<\/td>\n<\/tr>\n<tr>\n<td>&nbsp;<\/td>\n<td>&nbsp;<\/td>\n<\/tr>\n<tr>\n<td>Sandefjord<\/td>\n<td>Sandefjord gjestehavn<\/td>\n<\/tr>\n<tr>\n<td>&nbsp;<\/td>\n<td>&nbsp;<\/td>\n<\/tr>\n<tr>\n<td>T\u00f8nsberg<\/td>\n<td>T\u00f8nsberg gjestehavn<\/td>\n<\/tr>\n<tr>\n<td>T\u00f8nsberg<\/td>\n<td>Vall\u00f8 Marina<\/td>\n<\/tr>\n<tr>\n<td>&nbsp;<\/td>\n<td>&nbsp;<\/td>\n<\/tr>\n<tr>\n<td>Vestby<\/td>\n<td>Son gjestehavn<\/td>\n<\/tr>\n<tr>\n<td>&nbsp;<\/td>\n<td>&nbsp;<\/td>\n<\/tr>\n<tr>\n<td>\u00c5s<\/td>\n<td>Nesset<\/td>\n<\/tr>\n<tr>\n<td>&nbsp;<\/td>\n<td>&nbsp;<\/td>\n<\/tr>\n<tr>\n<td>&nbsp;<\/td>\n<td>&nbsp;<\/td>\n<\/tr>\n<tr>\n<td>&nbsp;<\/td>\n<td>&nbsp;<\/td>\n<\/tr>\n<\/tbody>\n<\/table>\n<p><a href=\"https:\/\/i0.wp.com\/pequod.nesodd1.no\/wp-content\/uploads\/2021\/04\/621142.jpg?ssl=1\"><img data-recalc-dims=\"1\" loading=\"lazy\" decoding=\"async\" data-attachment-id=\"21530\" data-permalink=\"https:\/\/pequod.nesodd1.no\/?attachment_id=21530\" data-orig-file=\"https:\/\/i0.wp.com\/pequod.nesodd1.no\/wp-content\/uploads\/2021\/04\/621142.jpg?fit=480%2C720&amp;ssl=1\" data-orig-size=\"480,720\" data-comments-opened=\"1\" data-image-meta=\"{&quot;aperture&quot;:&quot;0&quot;,&quot;credit&quot;:&quot;&quot;,&quot;camera&quot;:&quot;&quot;,&quot;caption&quot;:&quot;&quot;,&quot;created_timestamp&quot;:&quot;0&quot;,&quot;copyright&quot;:&quot;&quot;,&quot;focal_length&quot;:&quot;0&quot;,&quot;iso&quot;:&quot;0&quot;,&quot;shutter_speed&quot;:&quot;0&quot;,&quot;title&quot;:&quot;&quot;,&quot;orientation&quot;:&quot;0&quot;}\" data-image-title=\"621142\" data-image-description=\"&lt;p&gt;septik, t\u00f8mmestasjon&lt;\/p&gt;\n\" data-image-caption=\"\" data-medium-file=\"https:\/\/i0.wp.com\/pequod.nesodd1.no\/wp-content\/uploads\/2021\/04\/621142.jpg?fit=200%2C300&amp;ssl=1\" data-large-file=\"https:\/\/i0.wp.com\/pequod.nesodd1.no\/wp-content\/uploads\/2021\/04\/621142.jpg?fit=480%2C720&amp;ssl=1\" class=\"size-medium wp-image-21530 alignleft\" src=\"https:\/\/i0.wp.com\/pequod.nesodd1.no\/wp-content\/uploads\/2021\/04\/621142.jpg?resize=200%2C300&#038;ssl=1\" alt=\"\" width=\"200\" height=\"300\" srcset=\"https:\/\/i0.wp.com\/pequod.nesodd1.no\/wp-content\/uploads\/2021\/04\/621142.jpg?resize=200%2C300&amp;ssl=1 200w, https:\/\/i0.wp.com\/pequod.nesodd1.no\/wp-content\/uploads\/2021\/04\/621142.jpg?resize=53%2C80&amp;ssl=1 53w, https:\/\/i0.wp.com\/pequod.nesodd1.no\/wp-content\/uploads\/2021\/04\/621142.jpg?w=480&amp;ssl=1 480w\" sizes=\"auto, (max-width: 200px) 100vw, 200px\" \/><\/a>F\u00f8lgende norske gjestehavner\/b\u00e5thavner jeg har bes\u00f8kt utenom de allerede nevnte har septikt\u00f8mming (<em>OBS: Denne listen inkluderer alts\u00e5 KUN havner jeg selv har bes\u00f8kt!<\/em>):<\/p>\n<ul>\n<li><strong>Agder:&nbsp;&nbsp;<\/strong>Mandal, Grimstad, Lillesand.<\/li>\n<li><strong>Rogaland: <\/strong>Stavanger (B\u00f8revig\u00e5).<\/li>\n<\/ul>\n<p>Her er en <a href=\"https:\/\/hamnkartan.azurewebsites.net\/\" target=\"_blank\" rel=\"noopener\">oversikt over svenske havner med septikt\u00f8mming<\/a> (I Sverige har det siden 2015 v\u00e6rt totalforbud mot septikt\u00f8mming i sj\u00f8en).<\/p>\n<p><a href=\"https:\/\/b-v.no\/bateier\/nyttig-pa-batturen\/septiktomming-stepp-for-stepp\/\" target=\"_blank\" rel=\"noopener\">Les her<\/a> for framgangsm\u00e5ten n\u00e5r du skal t\u00f8mme septik!<\/p>\n<p><strong>Noen innlegg om \u00e5 montere septikt\u00f8mming:<\/strong><\/p>\n<p>*Dette innlegget fra <a href=\"https:\/\/www.seilbaaten.com\/2015\/04\/sugestuss-for-septik-8099-2000.html\" target=\"_blank\" rel=\"noopener\">seilbaaten.com<\/a> kan v\u00e6re frustrerende lesning, men ogs\u00e5 morsom. Og det gikk bra til slutt!<\/p>\n<p>*En del gode r\u00e5d og tips i dette innlegget p\u00e5 <a href=\"https:\/\/baatplassen.no\/i\/topic\/133299-montering-av-suget%C3%B8mming-for-septik\/\" target=\"_blank\" rel=\"noopener\">baatplassen.no.&nbsp;<\/a><\/p>\n<p>&nbsp;<\/p>\n<h3>Related Images:<\/h3>","protected":false},"excerpt":{"rendered":"<p>Dette er en liten oversikt over hvor du kan finne steder med t\u00f8mmeanlegg for septik. Selv har jeg ikke slik t\u00f8mming installert i b\u00e5ten enn\u00e5, men det er p\u00e5 to-do-lista. I min gjestehavnsoversikt f\u00f8rer jeg ogs\u00e5 opp om havna har t\u00f8mmeanlegg. OPPDATERING MAI 2024 : En tidligere oversikt jeg har hatt p\u00e5 denne siden viser &hellip;<br \/><a href=\"https:\/\/pequod.nesodd1.no\/?page_id=21527\" class=\"more-link pen_element_default pen_icon_arrow_double\">Les<\/a><\/p>\n","protected":false},"author":1,"featured_media":21531,"parent":0,"menu_order":0,"comment_status":"closed","ping_status":"closed","template":"","meta":{"_crdt_document":"","ngg_post_thumbnail":0,"jetpack_post_was_ever_published":false,"footnotes":""},"class_list":["post-21527","page","type-page","status-publish","has-post-thumbnail","hentry"],"jetpack_shortlink":"https:\/\/wp.me\/P3Zd9b-5Bd","jetpack_sharing_enabled":true,"jetpack_likes_enabled":true,"jetpack-related-posts":[],"_links":{"self":[{"href":"https:\/\/pequod.nesodd1.no\/index.php?rest_route=\/wp\/v2\/pages\/21527","targetHints":{"allow":["GET"]}}],"collection":[{"href":"https:\/\/pequod.nesodd1.no\/index.php?rest_route=\/wp\/v2\/pages"}],"about":[{"href":"https:\/\/pequod.nesodd1.no\/index.php?rest_route=\/wp\/v2\/types\/page"}],"author":[{"embeddable":true,"href":"https:\/\/pequod.nesodd1.no\/index.php?rest_route=\/wp\/v2\/users\/1"}],"replies":[{"embeddable":true,"href":"https:\/\/pequod.nesodd1.no\/index.php?rest_route=%2Fwp%2Fv2%2Fcomments&post=21527"}],"version-history":[{"count":19,"href":"https:\/\/pequod.nesodd1.no\/index.php?rest_route=\/wp\/v2\/pages\/21527\/revisions"}],"predecessor-version":[{"id":28609,"href":"https:\/\/pequod.nesodd1.no\/index.php?rest_route=\/wp\/v2\/pages\/21527\/revisions\/28609"}],"wp:featuredmedia":[{"embeddable":true,"href":"https:\/\/pequod.nesodd1.no\/index.php?rest_route=\/wp\/v2\/media\/21531"}],"wp:attachment":[{"href":"https:\/\/pequod.nesodd1.no\/index.php?rest_route=%2Fwp%2Fv2%2Fmedia&parent=21527"}],"curies":[{"name":"wp","href":"https:\/\/api.w.org\/{rel}","templated":true}]}}