{"id":22402,"date":"2021-07-03T22:21:35","date_gmt":"2021-07-03T20:21:35","guid":{"rendered":"https:\/\/pequod.nesodd1.no\/?page_id=22402"},"modified":"2022-09-29T14:57:54","modified_gmt":"2022-09-29T12:57:54","slug":"haugesund-gjestehavn","status":"publish","type":"page","link":"https:\/\/pequod.nesodd1.no\/?page_id=22402","title":{"rendered":"Haugesund gjestehavn"},"content":{"rendered":"<p><strong>Vurdering (5 anker er best):&nbsp;<a href=\"https:\/\/i0.wp.com\/pequod.nesodd1.no\/wp-content\/uploads\/2019\/10\/klistremerker-anker-og-tau-design.jpg.jpg?ssl=1\"><img loading=\"lazy\" decoding=\"async\" data-attachment-id=\"16489\" data-permalink=\"https:\/\/pequod.nesodd1.no\/?attachment_id=16489\" data-orig-file=\"https:\/\/i0.wp.com\/pequod.nesodd1.no\/wp-content\/uploads\/2019\/10\/klistremerker-anker-og-tau-design.jpg.jpg?fit=25%2C25&amp;ssl=1\" data-orig-size=\"25,25\" data-comments-opened=\"1\" data-image-meta=\"{&quot;aperture&quot;:&quot;0&quot;,&quot;credit&quot;:&quot;tribalium81&quot;,&quot;camera&quot;:&quot;&quot;,&quot;caption&quot;:&quot;&quot;,&quot;created_timestamp&quot;:&quot;0&quot;,&quot;copyright&quot;:&quot;tribalium81&quot;,&quot;focal_length&quot;:&quot;0&quot;,&quot;iso&quot;:&quot;0&quot;,&quot;shutter_speed&quot;:&quot;0&quot;,&quot;title&quot;:&quot;anchor and rope design&quot;,&quot;orientation&quot;:&quot;1&quot;}\" data-image-title=\"anchor and rope design\" data-image-description=\"\" data-image-caption=\"\" data-large-file=\"https:\/\/i0.wp.com\/pequod.nesodd1.no\/wp-content\/uploads\/2019\/10\/klistremerker-anker-og-tau-design.jpg.jpg?fit=25%2C25&amp;ssl=1\" class=\"alignnone size-full wp-image-16489\" src=\"https:\/\/i0.wp.com\/pequod.nesodd1.no\/wp-content\/uploads\/2019\/10\/klistremerker-anker-og-tau-design.jpg.jpg?resize=25%2C25&amp;ssl=1\" alt=\"\" width=\"25\" height=\"25\" data-attachment-id=\"16489\" data-permalink=\"https:\/\/pequod.nesodd1.no\/?attachment_id=16489\" data-orig-file=\"https:\/\/i0.wp.com\/pequod.nesodd1.no\/wp-content\/uploads\/2019\/10\/klistremerker-anker-og-tau-design.jpg.jpg?fit=25%2C25&amp;ssl=1\" data-orig-size=\"25,25\" data-comments-opened=\"1\" data-image-meta=\"{&quot;aperture&quot;:&quot;0&quot;,&quot;credit&quot;:&quot;tribalium81&quot;,&quot;camera&quot;:&quot;&quot;,&quot;caption&quot;:&quot;&quot;,&quot;created_timestamp&quot;:&quot;0&quot;,&quot;copyright&quot;:&quot;tribalium81&quot;,&quot;focal_length&quot;:&quot;0&quot;,&quot;iso&quot;:&quot;0&quot;,&quot;shutter_speed&quot;:&quot;0&quot;,&quot;title&quot;:&quot;anchor and rope design&quot;,&quot;orientation&quot;:&quot;1&quot;}\" data-image-title=\"anchor and rope design\" data-image-description=\"\" data-medium-file=\"https:\/\/i0.wp.com\/pequod.nesodd1.no\/wp-content\/uploads\/2019\/10\/klistremerker-anker-og-tau-design.jpg.jpg?fit=25%2C25&amp;ssl=1\" data-large-file=\"https:\/\/i0.wp.com\/pequod.nesodd1.no\/wp-content\/uploads\/2019\/10\/klistremerker-anker-og-tau-design.jpg.jpg?fit=25%2C25&amp;ssl=1\"><\/a><a href=\"https:\/\/i0.wp.com\/pequod.nesodd1.no\/wp-content\/uploads\/2019\/10\/klistremerker-anker-og-tau-design.jpg.jpg?ssl=1\"><img loading=\"lazy\" decoding=\"async\" data-attachment-id=\"16489\" data-permalink=\"https:\/\/pequod.nesodd1.no\/?attachment_id=16489\" data-orig-file=\"https:\/\/i0.wp.com\/pequod.nesodd1.no\/wp-content\/uploads\/2019\/10\/klistremerker-anker-og-tau-design.jpg.jpg?fit=25%2C25&amp;ssl=1\" data-orig-size=\"25,25\" data-comments-opened=\"1\" data-image-meta=\"{&quot;aperture&quot;:&quot;0&quot;,&quot;credit&quot;:&quot;tribalium81&quot;,&quot;camera&quot;:&quot;&quot;,&quot;caption&quot;:&quot;&quot;,&quot;created_timestamp&quot;:&quot;0&quot;,&quot;copyright&quot;:&quot;tribalium81&quot;,&quot;focal_length&quot;:&quot;0&quot;,&quot;iso&quot;:&quot;0&quot;,&quot;shutter_speed&quot;:&quot;0&quot;,&quot;title&quot;:&quot;anchor and rope design&quot;,&quot;orientation&quot;:&quot;1&quot;}\" data-image-title=\"anchor and rope design\" data-image-description=\"\" data-image-caption=\"\" data-large-file=\"https:\/\/i0.wp.com\/pequod.nesodd1.no\/wp-content\/uploads\/2019\/10\/klistremerker-anker-og-tau-design.jpg.jpg?fit=25%2C25&amp;ssl=1\" class=\"alignnone size-full wp-image-16489\" src=\"https:\/\/i0.wp.com\/pequod.nesodd1.no\/wp-content\/uploads\/2019\/10\/klistremerker-anker-og-tau-design.jpg.jpg?resize=25%2C25&amp;ssl=1\" alt=\"\" width=\"25\" height=\"25\" data-attachment-id=\"16489\" data-permalink=\"https:\/\/pequod.nesodd1.no\/?attachment_id=16489\" data-orig-file=\"https:\/\/i0.wp.com\/pequod.nesodd1.no\/wp-content\/uploads\/2019\/10\/klistremerker-anker-og-tau-design.jpg.jpg?fit=25%2C25&amp;ssl=1\" data-orig-size=\"25,25\" data-comments-opened=\"1\" data-image-meta=\"{&quot;aperture&quot;:&quot;0&quot;,&quot;credit&quot;:&quot;tribalium81&quot;,&quot;camera&quot;:&quot;&quot;,&quot;caption&quot;:&quot;&quot;,&quot;created_timestamp&quot;:&quot;0&quot;,&quot;copyright&quot;:&quot;tribalium81&quot;,&quot;focal_length&quot;:&quot;0&quot;,&quot;iso&quot;:&quot;0&quot;,&quot;shutter_speed&quot;:&quot;0&quot;,&quot;title&quot;:&quot;anchor and rope design&quot;,&quot;orientation&quot;:&quot;1&quot;}\" data-image-title=\"anchor and rope design\" data-image-description=\"\" data-medium-file=\"https:\/\/i0.wp.com\/pequod.nesodd1.no\/wp-content\/uploads\/2019\/10\/klistremerker-anker-og-tau-design.jpg.jpg?fit=25%2C25&amp;ssl=1\" data-large-file=\"https:\/\/i0.wp.com\/pequod.nesodd1.no\/wp-content\/uploads\/2019\/10\/klistremerker-anker-og-tau-design.jpg.jpg?fit=25%2C25&amp;ssl=1\"><\/a><\/strong><br \/>\n<strong>Posisjon:<\/strong> 59\u00b024&#8217;38.8&#8243;N 5\u00b016&#8217;9.3&#8243;E<br \/>\n<strong>Bes\u00f8kt antall ganger:<\/strong> 2&nbsp;<strong>Sist bes\u00f8kt:<\/strong> Oktober 2021 <strong>Webkamera:<\/strong> Nei. <a href=\"https:\/\/www.visithaugesund.no\/planlegg-reisen\/overnatting\/smedasundet-gjestehavn-p2912573\" target=\"_blank\" rel=\"noopener\">Hjemmeside<\/a><br \/>\n<strong>Fasiliteter:<\/strong> Vann, str\u00f8m. Toalett, dusj, vaskemaskin og t\u00f8rketrommel tilgjengelig hos Scandic Maritim (hotell). Butikker, kafeer og restauranter i umiddelbar n\u00e6rhet.&nbsp;<br \/>\n<strong>Havneavgift (for 29-foter):<\/strong> 270 NOK inkl. str\u00f8m og vann. Betaling i Go Marina-appen.<br \/>\n<strong>Fort\u00f8yning:<\/strong> Langsides ved kaiene fra ca. hotellet og hele indre kai, samt p\u00e5 utsiden og i b\u00e5ser p\u00e5 den L-formede flytebryggen lagt ut sommeren 2021 rett ved Ris\u00f8y bru.&nbsp;<br \/>\n<b>Tilrettelagt for funksjonshemmede:<\/b> Nei, ikke spesielt. Legger du til langsides ved flytebryggen kan du alltids komme deg opp p\u00e5 land, men rampen opp til kaia kan v\u00e6re bratt.<\/p>\n<p><a href=\"https:\/\/i0.wp.com\/pequod.nesodd1.no\/wp-content\/uploads\/2021\/07\/BE235AF2-A336-493B-9C5D-589E033AFD96.jpeg.c3b96df6e525d5a282b4e2f12ec56c64.jpeg?ssl=1\"><img data-recalc-dims=\"1\" loading=\"lazy\" decoding=\"async\" data-attachment-id=\"22404\" data-permalink=\"https:\/\/pequod.nesodd1.no\/?attachment_id=22404\" data-orig-file=\"https:\/\/i0.wp.com\/pequod.nesodd1.no\/wp-content\/uploads\/2021\/07\/BE235AF2-A336-493B-9C5D-589E033AFD96.jpeg.c3b96df6e525d5a282b4e2f12ec56c64.jpeg?fit=1000%2C750&amp;ssl=1\" data-orig-size=\"1000,750\" data-comments-opened=\"1\" data-image-meta=\"{&quot;aperture&quot;:&quot;0&quot;,&quot;credit&quot;:&quot;&quot;,&quot;camera&quot;:&quot;&quot;,&quot;caption&quot;:&quot;&quot;,&quot;created_timestamp&quot;:&quot;0&quot;,&quot;copyright&quot;:&quot;&quot;,&quot;focal_length&quot;:&quot;0&quot;,&quot;iso&quot;:&quot;0&quot;,&quot;shutter_speed&quot;:&quot;0&quot;,&quot;title&quot;:&quot;&quot;,&quot;orientation&quot;:&quot;0&quot;}\" data-image-title=\"BE235AF2-A336-493B-9C5D-589E033AFD96.jpeg.c3b96df6e525d5a282b4e2f12ec56c64\" data-image-description=\"&lt;p&gt;Haugesund, Smedasundet, flytebrygge&lt;\/p&gt;\n\" data-image-caption=\"\" data-large-file=\"https:\/\/i0.wp.com\/pequod.nesodd1.no\/wp-content\/uploads\/2021\/07\/BE235AF2-A336-493B-9C5D-589E033AFD96.jpeg.c3b96df6e525d5a282b4e2f12ec56c64.jpeg?fit=940%2C705&amp;ssl=1\" class=\"alignleft wp-image-22404 size-medium\" src=\"https:\/\/i0.wp.com\/pequod.nesodd1.no\/wp-content\/uploads\/2021\/07\/BE235AF2-A336-493B-9C5D-589E033AFD96.jpeg.c3b96df6e525d5a282b4e2f12ec56c64.jpeg?resize=300%2C225&#038;ssl=1\" alt=\"\" width=\"300\" height=\"225\" srcset=\"https:\/\/i0.wp.com\/pequod.nesodd1.no\/wp-content\/uploads\/2021\/07\/BE235AF2-A336-493B-9C5D-589E033AFD96.jpeg.c3b96df6e525d5a282b4e2f12ec56c64.jpeg?resize=300%2C225&amp;ssl=1 300w, https:\/\/i0.wp.com\/pequod.nesodd1.no\/wp-content\/uploads\/2021\/07\/BE235AF2-A336-493B-9C5D-589E033AFD96.jpeg.c3b96df6e525d5a282b4e2f12ec56c64.jpeg?resize=100%2C75&amp;ssl=1 100w, https:\/\/i0.wp.com\/pequod.nesodd1.no\/wp-content\/uploads\/2021\/07\/BE235AF2-A336-493B-9C5D-589E033AFD96.jpeg.c3b96df6e525d5a282b4e2f12ec56c64.jpeg?resize=768%2C576&amp;ssl=1 768w, https:\/\/i0.wp.com\/pequod.nesodd1.no\/wp-content\/uploads\/2021\/07\/BE235AF2-A336-493B-9C5D-589E033AFD96.jpeg.c3b96df6e525d5a282b4e2f12ec56c64.jpeg?w=1000&amp;ssl=1 1000w\" sizes=\"auto, (max-width: 300px) 100vw, 300px\" \/><\/a>Jeg ville antakelig ha t\u00f8ffet rett forbi Haugesund hvis ikke den nye flytebryggen hadde blitt lagt ut bare et par uker f\u00f8r jeg ankom. Gjestehavna ellers best\u00e5r av vanlige og til dels h\u00f8ye kaier, slik at jeg med protese ville f\u00e5 problemer med \u00e5 komme meg ut og inn av b\u00e5ten, spesielt ved fj\u00e6re.<\/p>\n<p>\u00c5 legge til ved en flytebrygge er derfor langt \u00e5 foretrekke for meg. Den nye flytebrygga er da ogs\u00e5 veldig fin, med sittebenker i tre og planter.<\/p>\n<p>Gjestehavna ligger sentralt til, noe som er &#8211; som vanlig &#8211; b\u00e5de en ulempe og en fordel. Kort vei til butikker, restauranter og puber, men ogs\u00e5 da veldig br\u00e5kete, s\u00e6rlig i helgene og om sommeren.<\/p>\n<p>Og siden gjesteplassene ligger midt i Smedasundet, s\u00e5 ligger du urolig, b\u00e5de for vind og for trafikken i sundet fra en rekke sm\u00e5b\u00e5ter og ferger.<\/p>\n<p><a href=\"https:\/\/i0.wp.com\/pequod.nesodd1.no\/wp-content\/uploads\/2021\/07\/455B0DE1-BA2D-4C5B-9806-82BC9B9CAFE1.jpeg.7f7449e02201d47f09caab2c3d303135.jpeg?ssl=1\"><img data-recalc-dims=\"1\" loading=\"lazy\" decoding=\"async\" data-attachment-id=\"22375\" data-permalink=\"https:\/\/pequod.nesodd1.no\/?attachment_id=22375\" data-orig-file=\"https:\/\/i0.wp.com\/pequod.nesodd1.no\/wp-content\/uploads\/2021\/07\/455B0DE1-BA2D-4C5B-9806-82BC9B9CAFE1.jpeg.7f7449e02201d47f09caab2c3d303135.jpeg?fit=1000%2C750&amp;ssl=1\" data-orig-size=\"1000,750\" data-comments-opened=\"1\" data-image-meta=\"{&quot;aperture&quot;:&quot;0&quot;,&quot;credit&quot;:&quot;&quot;,&quot;camera&quot;:&quot;&quot;,&quot;caption&quot;:&quot;&quot;,&quot;created_timestamp&quot;:&quot;0&quot;,&quot;copyright&quot;:&quot;&quot;,&quot;focal_length&quot;:&quot;0&quot;,&quot;iso&quot;:&quot;0&quot;,&quot;shutter_speed&quot;:&quot;0&quot;,&quot;title&quot;:&quot;&quot;,&quot;orientation&quot;:&quot;0&quot;}\" data-image-title=\"455B0DE1-BA2D-4C5B-9806-82BC9B9CAFE1.jpeg.7f7449e02201d47f09caab2c3d303135\" data-image-description=\"&lt;p&gt;Haugesund, Smedasundet, Rogaland&lt;\/p&gt;\n\" data-image-caption=\"\" data-large-file=\"https:\/\/i0.wp.com\/pequod.nesodd1.no\/wp-content\/uploads\/2021\/07\/455B0DE1-BA2D-4C5B-9806-82BC9B9CAFE1.jpeg.7f7449e02201d47f09caab2c3d303135.jpeg?fit=940%2C705&amp;ssl=1\" class=\"size-medium wp-image-22375 alignright\" src=\"https:\/\/i0.wp.com\/pequod.nesodd1.no\/wp-content\/uploads\/2021\/07\/455B0DE1-BA2D-4C5B-9806-82BC9B9CAFE1.jpeg.7f7449e02201d47f09caab2c3d303135.jpeg?resize=300%2C225&#038;ssl=1\" alt=\"\" width=\"300\" height=\"225\" srcset=\"https:\/\/i0.wp.com\/pequod.nesodd1.no\/wp-content\/uploads\/2021\/07\/455B0DE1-BA2D-4C5B-9806-82BC9B9CAFE1.jpeg.7f7449e02201d47f09caab2c3d303135.jpeg?resize=300%2C225&amp;ssl=1 300w, https:\/\/i0.wp.com\/pequod.nesodd1.no\/wp-content\/uploads\/2021\/07\/455B0DE1-BA2D-4C5B-9806-82BC9B9CAFE1.jpeg.7f7449e02201d47f09caab2c3d303135.jpeg?resize=100%2C75&amp;ssl=1 100w, https:\/\/i0.wp.com\/pequod.nesodd1.no\/wp-content\/uploads\/2021\/07\/455B0DE1-BA2D-4C5B-9806-82BC9B9CAFE1.jpeg.7f7449e02201d47f09caab2c3d303135.jpeg?resize=768%2C576&amp;ssl=1 768w, https:\/\/i0.wp.com\/pequod.nesodd1.no\/wp-content\/uploads\/2021\/07\/455B0DE1-BA2D-4C5B-9806-82BC9B9CAFE1.jpeg.7f7449e02201d47f09caab2c3d303135.jpeg?w=1000&amp;ssl=1 1000w\" sizes=\"auto, (max-width: 300px) 100vw, 300px\" \/><\/a>Jeg synes ogs\u00e5 at prisen for oppholdet er ganske stiv n\u00e5r det ikke finnes et servicebygg i n\u00e6rheten. Tilbudet fra gjestehavna er hotellet 300 meter unna, og det er for d\u00e5rlig til en pris man vanligvis betaler i en gjestehavn med alle fasiliteter p\u00e5 plass. Jeg fikk imidlertid vite av andre b\u00e5tgjester at personalet p\u00e5 hotellet ikke visste hva de snakket om, s\u00e5 om det tilbudet er reelt vet jeg ikke! Litt d\u00e5rlig av en s\u00e5pass stor by som Haugesund \u00e5 ikke ha et skikkelig tilbud til b\u00e5tgjester.<\/p>\n<p>Gjestehavna ligger ogs\u00e5 rett ved Ris\u00f8y bru, der det er en friplass for byens mer belastede innbyggere. Om det gj\u00f8r b\u00e5ter i havna mer utsatte for tyveri og slike ting, skal jeg ikke si noe om. Fra lokale har jeg h\u00f8rt at de oppf\u00f8rer seg bra, men andre kvelden jeg var der var det i alle fall noe h\u00f8ylytt krangling og kjefting derfra.<\/p>\n<p>P\u00e5 oversiden av Ris\u00f8y bru ligger for\u00f8vrig en sm\u00e5tt legendarisk platebutikk, Shabby Records, som selger b\u00e5de nye og brukte LP-er og CD-er, samt DVD-er, t-skjorter og annen merch. Fikk med meg litt av hvert derfra&#8230;<\/p>\n<h3>Related Images:<\/h3>","protected":false},"excerpt":{"rendered":"<p>Vurdering (5 anker er best):&nbsp; Posisjon: 59\u00b024&#8217;38.8&#8243;N 5\u00b016&#8217;9.3&#8243;E Bes\u00f8kt antall ganger: 2&nbsp;Sist bes\u00f8kt: Oktober 2021 Webkamera: Nei. Hjemmeside Fasiliteter: Vann, str\u00f8m. Toalett, dusj, vaskemaskin og t\u00f8rketrommel tilgjengelig hos Scandic Maritim (hotell). Butikker, kafeer og restauranter i umiddelbar n\u00e6rhet.&nbsp; Havneavgift (for 29-foter): 270 NOK inkl. str\u00f8m og vann. Betaling i Go Marina-appen. Fort\u00f8yning: Langsides ved kaiene &hellip;<br \/><a href=\"https:\/\/pequod.nesodd1.no\/?page_id=22402\" class=\"more-link pen_element_default pen_icon_arrow_double\">Les<\/a><\/p>\n","protected":false},"author":1,"featured_media":22394,"parent":5493,"menu_order":0,"comment_status":"closed","ping_status":"closed","template":"","meta":{"_crdt_document":"","ngg_post_thumbnail":0,"jetpack_post_was_ever_published":false,"footnotes":""},"class_list":["post-22402","page","type-page","status-publish","has-post-thumbnail","hentry"],"jetpack_shortlink":"https:\/\/wp.me\/P3Zd9b-5Pk","jetpack_sharing_enabled":true,"jetpack_likes_enabled":true,"jetpack-related-posts":[],"_links":{"self":[{"href":"https:\/\/pequod.nesodd1.no\/index.php?rest_route=\/wp\/v2\/pages\/22402","targetHints":{"allow":["GET"]}}],"collection":[{"href":"https:\/\/pequod.nesodd1.no\/index.php?rest_route=\/wp\/v2\/pages"}],"about":[{"href":"https:\/\/pequod.nesodd1.no\/index.php?rest_route=\/wp\/v2\/types\/page"}],"author":[{"embeddable":true,"href":"https:\/\/pequod.nesodd1.no\/index.php?rest_route=\/wp\/v2\/users\/1"}],"replies":[{"embeddable":true,"href":"https:\/\/pequod.nesodd1.no\/index.php?rest_route=%2Fwp%2Fv2%2Fcomments&post=22402"}],"version-history":[{"count":10,"href":"https:\/\/pequod.nesodd1.no\/index.php?rest_route=\/wp\/v2\/pages\/22402\/revisions"}],"predecessor-version":[{"id":25418,"href":"https:\/\/pequod.nesodd1.no\/index.php?rest_route=\/wp\/v2\/pages\/22402\/revisions\/25418"}],"up":[{"embeddable":true,"href":"https:\/\/pequod.nesodd1.no\/index.php?rest_route=\/wp\/v2\/pages\/5493"}],"wp:featuredmedia":[{"embeddable":true,"href":"https:\/\/pequod.nesodd1.no\/index.php?rest_route=\/wp\/v2\/media\/22394"}],"wp:attachment":[{"href":"https:\/\/pequod.nesodd1.no\/index.php?rest_route=%2Fwp%2Fv2%2Fmedia&parent=22402"}],"curies":[{"name":"wp","href":"https:\/\/api.w.org\/{rel}","templated":true}]}}