{"id":23510,"date":"2021-11-29T20:50:22","date_gmt":"2021-11-29T19:50:22","guid":{"rendered":"https:\/\/pequod.nesodd1.no\/?page_id=23510"},"modified":"2021-11-29T20:50:59","modified_gmt":"2021-11-29T19:50:59","slug":"andalsnes-gjestehavn","status":"publish","type":"page","link":"https:\/\/pequod.nesodd1.no\/?page_id=23510","title":{"rendered":"\u00c5ndalsnes gjestehavn"},"content":{"rendered":"<p><strong>Vurdering (5 anker er best):&nbsp;<\/strong><strong><a href=\"https:\/\/i0.wp.com\/pequod.nesodd1.no\/wp-content\/uploads\/2019\/10\/klistremerker-anker-og-tau-design.jpg.jpg?ssl=1\">&nbsp;<img loading=\"lazy\" decoding=\"async\" data-attachment-id=\"16489\" data-permalink=\"https:\/\/pequod.nesodd1.no\/?attachment_id=16489\" data-orig-file=\"https:\/\/i0.wp.com\/pequod.nesodd1.no\/wp-content\/uploads\/2019\/10\/klistremerker-anker-og-tau-design.jpg.jpg?fit=25%2C25&amp;ssl=1\" data-orig-size=\"25,25\" data-comments-opened=\"1\" data-image-meta=\"{&quot;aperture&quot;:&quot;0&quot;,&quot;credit&quot;:&quot;tribalium81&quot;,&quot;camera&quot;:&quot;&quot;,&quot;caption&quot;:&quot;&quot;,&quot;created_timestamp&quot;:&quot;0&quot;,&quot;copyright&quot;:&quot;tribalium81&quot;,&quot;focal_length&quot;:&quot;0&quot;,&quot;iso&quot;:&quot;0&quot;,&quot;shutter_speed&quot;:&quot;0&quot;,&quot;title&quot;:&quot;anchor and rope design&quot;,&quot;orientation&quot;:&quot;1&quot;}\" data-image-title=\"anchor and rope design\" data-image-description=\"\" data-image-caption=\"\" data-large-file=\"https:\/\/i0.wp.com\/pequod.nesodd1.no\/wp-content\/uploads\/2019\/10\/klistremerker-anker-og-tau-design.jpg.jpg?fit=25%2C25&amp;ssl=1\" class=\"alignnone size-full wp-image-16489\" src=\"https:\/\/i0.wp.com\/pequod.nesodd1.no\/wp-content\/uploads\/2019\/10\/klistremerker-anker-og-tau-design.jpg.jpg?resize=25%2C25&amp;ssl=1\" alt=\"\" width=\"25\" height=\"25\" data-attachment-id=\"16489\" data-permalink=\"https:\/\/pequod.nesodd1.no\/?attachment_id=16489\" data-orig-file=\"https:\/\/i0.wp.com\/pequod.nesodd1.no\/wp-content\/uploads\/2019\/10\/klistremerker-anker-og-tau-design.jpg.jpg?fit=25%2C25&amp;ssl=1\" data-orig-size=\"25,25\" data-comments-opened=\"1\" data-image-meta=\"{&quot;aperture&quot;:&quot;0&quot;,&quot;credit&quot;:&quot;tribalium81&quot;,&quot;camera&quot;:&quot;&quot;,&quot;caption&quot;:&quot;&quot;,&quot;created_timestamp&quot;:&quot;0&quot;,&quot;copyright&quot;:&quot;tribalium81&quot;,&quot;focal_length&quot;:&quot;0&quot;,&quot;iso&quot;:&quot;0&quot;,&quot;shutter_speed&quot;:&quot;0&quot;,&quot;title&quot;:&quot;anchor and rope design&quot;,&quot;orientation&quot;:&quot;1&quot;}\" data-image-title=\"anchor and rope design\" data-image-description=\"\" data-image-caption=\"\" data-medium-file=\"https:\/\/i0.wp.com\/pequod.nesodd1.no\/wp-content\/uploads\/2019\/10\/klistremerker-anker-og-tau-design.jpg.jpg?fit=25%2C25&amp;ssl=1\" data-large-file=\"https:\/\/i0.wp.com\/pequod.nesodd1.no\/wp-content\/uploads\/2019\/10\/klistremerker-anker-og-tau-design.jpg.jpg?fit=25%2C25&amp;ssl=1\"><\/a><a href=\"https:\/\/i0.wp.com\/pequod.nesodd1.no\/wp-content\/uploads\/2019\/10\/klistremerker-anker-og-tau-design.jpg.jpg?ssl=1\"><img loading=\"lazy\" decoding=\"async\" data-attachment-id=\"16489\" data-permalink=\"https:\/\/pequod.nesodd1.no\/?attachment_id=16489\" data-orig-file=\"https:\/\/i0.wp.com\/pequod.nesodd1.no\/wp-content\/uploads\/2019\/10\/klistremerker-anker-og-tau-design.jpg.jpg?fit=25%2C25&amp;ssl=1\" data-orig-size=\"25,25\" data-comments-opened=\"1\" data-image-meta=\"{&quot;aperture&quot;:&quot;0&quot;,&quot;credit&quot;:&quot;tribalium81&quot;,&quot;camera&quot;:&quot;&quot;,&quot;caption&quot;:&quot;&quot;,&quot;created_timestamp&quot;:&quot;0&quot;,&quot;copyright&quot;:&quot;tribalium81&quot;,&quot;focal_length&quot;:&quot;0&quot;,&quot;iso&quot;:&quot;0&quot;,&quot;shutter_speed&quot;:&quot;0&quot;,&quot;title&quot;:&quot;anchor and rope design&quot;,&quot;orientation&quot;:&quot;1&quot;}\" data-image-title=\"anchor and rope design\" data-image-description=\"\" data-image-caption=\"\" data-large-file=\"https:\/\/i0.wp.com\/pequod.nesodd1.no\/wp-content\/uploads\/2019\/10\/klistremerker-anker-og-tau-design.jpg.jpg?fit=25%2C25&amp;ssl=1\" class=\"alignnone size-full wp-image-16489\" src=\"https:\/\/i0.wp.com\/pequod.nesodd1.no\/wp-content\/uploads\/2019\/10\/klistremerker-anker-og-tau-design.jpg.jpg?resize=25%2C25&amp;ssl=1\" alt=\"\" width=\"25\" height=\"25\" data-attachment-id=\"16489\" data-permalink=\"https:\/\/pequod.nesodd1.no\/?attachment_id=16489\" data-orig-file=\"https:\/\/i0.wp.com\/pequod.nesodd1.no\/wp-content\/uploads\/2019\/10\/klistremerker-anker-og-tau-design.jpg.jpg?fit=25%2C25&amp;ssl=1\" data-orig-size=\"25,25\" data-comments-opened=\"1\" data-image-meta=\"{&quot;aperture&quot;:&quot;0&quot;,&quot;credit&quot;:&quot;tribalium81&quot;,&quot;camera&quot;:&quot;&quot;,&quot;caption&quot;:&quot;&quot;,&quot;created_timestamp&quot;:&quot;0&quot;,&quot;copyright&quot;:&quot;tribalium81&quot;,&quot;focal_length&quot;:&quot;0&quot;,&quot;iso&quot;:&quot;0&quot;,&quot;shutter_speed&quot;:&quot;0&quot;,&quot;title&quot;:&quot;anchor and rope design&quot;,&quot;orientation&quot;:&quot;1&quot;}\" data-image-title=\"anchor and rope design\" data-image-description=\"\" data-image-caption=\"\" data-medium-file=\"https:\/\/i0.wp.com\/pequod.nesodd1.no\/wp-content\/uploads\/2019\/10\/klistremerker-anker-og-tau-design.jpg.jpg?fit=25%2C25&amp;ssl=1\" data-large-file=\"https:\/\/i0.wp.com\/pequod.nesodd1.no\/wp-content\/uploads\/2019\/10\/klistremerker-anker-og-tau-design.jpg.jpg?fit=25%2C25&amp;ssl=1\"><\/a><\/strong><br \/>\n<strong>Posisjon: <\/strong>62\u00b034&#8217;7.0&#8243;N 7\u00b041&#8217;19.9&#8243;E<br \/>\n<strong>Bes\u00f8kt antall ganger:<\/strong> 1&nbsp;<strong>Sist bes\u00f8kt:<\/strong> 17.08 2021 <strong>Webkamera:<\/strong> Nei <a href=\"https:\/\/www.molde-romsdalhavn.no\/gjestehavner\/andalsnes\" target=\"_blank\" rel=\"noopener\">Hjemmeside.<\/a><br \/>\n<strong>Fasiliteter:<\/strong> Str\u00f8m og vann.&nbsp; Sentralt plassert med kort gangavstand til det meste.<br \/>\n<strong>Havneavgift (for 29-foter):<\/strong> NOK 125 inkl. str\u00f8m. Betales med appen GoMarina.&nbsp;<br \/>\n<strong>Fort\u00f8yning:<\/strong> Langsides kaikant og ved tenderbrygge\/flytebrygge n\u00e5r det ikke er cruiseanl\u00f8p.<br \/>\n<strong>Tilrettelagt for funksjonshemmede: <\/strong>Ikke spesielt. Vanlig landgang opp fra tenderbrygga.<\/p>\n<figure id=\"attachment_22775\" aria-describedby=\"caption-attachment-22775\" style=\"width: 300px\" class=\"wp-caption alignleft\"><a href=\"https:\/\/i0.wp.com\/pequod.nesodd1.no\/wp-content\/uploads\/2021\/08\/7699FE95-8D82-4531-AC0D-EE7C781C0ED6.jpeg.7f19961381cc9e4c44ca407e6152fc93.jpeg?ssl=1\"><img data-recalc-dims=\"1\" loading=\"lazy\" decoding=\"async\" data-attachment-id=\"22775\" data-permalink=\"https:\/\/pequod.nesodd1.no\/?attachment_id=22775\" data-orig-file=\"https:\/\/i0.wp.com\/pequod.nesodd1.no\/wp-content\/uploads\/2021\/08\/7699FE95-8D82-4531-AC0D-EE7C781C0ED6.jpeg.7f19961381cc9e4c44ca407e6152fc93.jpeg?fit=1000%2C750&amp;ssl=1\" data-orig-size=\"1000,750\" data-comments-opened=\"1\" data-image-meta=\"{&quot;aperture&quot;:&quot;0&quot;,&quot;credit&quot;:&quot;&quot;,&quot;camera&quot;:&quot;&quot;,&quot;caption&quot;:&quot;&quot;,&quot;created_timestamp&quot;:&quot;0&quot;,&quot;copyright&quot;:&quot;&quot;,&quot;focal_length&quot;:&quot;0&quot;,&quot;iso&quot;:&quot;0&quot;,&quot;shutter_speed&quot;:&quot;0&quot;,&quot;title&quot;:&quot;&quot;,&quot;orientation&quot;:&quot;0&quot;}\" data-image-title=\"7699FE95-8D82-4531-AC0D-EE7C781C0ED6.jpeg.7f19961381cc9e4c44ca407e6152fc93\" data-image-description=\"&lt;p&gt;\u00c5ndalsnes, gondolbane, Romsdalsfjorden, M\u00f8re og Romsdal&lt;\/p&gt;\n\" data-image-caption=\"&lt;p&gt;Bare \u00e9n gjesteb\u00e5t i tillegg til meg!&lt;\/p&gt;\n\" data-large-file=\"https:\/\/i0.wp.com\/pequod.nesodd1.no\/wp-content\/uploads\/2021\/08\/7699FE95-8D82-4531-AC0D-EE7C781C0ED6.jpeg.7f19961381cc9e4c44ca407e6152fc93.jpeg?fit=940%2C705&amp;ssl=1\" class=\"size-medium wp-image-22775\" src=\"https:\/\/i0.wp.com\/pequod.nesodd1.no\/wp-content\/uploads\/2021\/08\/7699FE95-8D82-4531-AC0D-EE7C781C0ED6.jpeg.7f19961381cc9e4c44ca407e6152fc93.jpeg?resize=300%2C225&#038;ssl=1\" alt=\"\" width=\"300\" height=\"225\" srcset=\"https:\/\/i0.wp.com\/pequod.nesodd1.no\/wp-content\/uploads\/2021\/08\/7699FE95-8D82-4531-AC0D-EE7C781C0ED6.jpeg.7f19961381cc9e4c44ca407e6152fc93.jpeg?resize=300%2C225&amp;ssl=1 300w, https:\/\/i0.wp.com\/pequod.nesodd1.no\/wp-content\/uploads\/2021\/08\/7699FE95-8D82-4531-AC0D-EE7C781C0ED6.jpeg.7f19961381cc9e4c44ca407e6152fc93.jpeg?resize=100%2C75&amp;ssl=1 100w, https:\/\/i0.wp.com\/pequod.nesodd1.no\/wp-content\/uploads\/2021\/08\/7699FE95-8D82-4531-AC0D-EE7C781C0ED6.jpeg.7f19961381cc9e4c44ca407e6152fc93.jpeg?resize=768%2C576&amp;ssl=1 768w, https:\/\/i0.wp.com\/pequod.nesodd1.no\/wp-content\/uploads\/2021\/08\/7699FE95-8D82-4531-AC0D-EE7C781C0ED6.jpeg.7f19961381cc9e4c44ca407e6152fc93.jpeg?w=1000&amp;ssl=1 1000w\" sizes=\"auto, (max-width: 300px) 100vw, 300px\" \/><\/a><figcaption id=\"caption-attachment-22775\" class=\"wp-caption-text\">Bare \u00e9n gjesteb\u00e5t i tillegg til meg!<\/figcaption><\/figure>\n<p>\u00c5ndalsnes ligger innerst i Romsdalsfjorden (eller helt spesifikt i selve Isfjorden, en sidefjord av Romsdalsfjorden) og her er det f\u00e5 og enkle bryggeplasser. S\u00e5 vidt jeg forst\u00e5r ikke noe servicebygg.&nbsp;<\/p>\n<p>Prisen p\u00e5 overnatting reflekterer vel det manglende servicetilbudet. Selv l\u00e5 jeg bare der noen f\u00e5 timer, og l\u00e5 gratis siden de ikke har noe system for dagplasser, slik som i Molde.<\/p>\n<p>Man legger enten til langsides ved kaianlegget eller bruker den s\u00e5kalte tenderbrygga. Ved cruiseanl\u00f8p er denne brygga forbeholdt anl\u00f8p nettopp med tendere fra cruisekipene (som vel stort sett bare ankrer opp og sender passasjerer som \u00f8nsker det i land med lettb\u00e5ter\/tendere).<\/p>\n<p>Men n\u00e5r jeg var der koronasommeren 2021 var det fritt fram p\u00e5 tenderbrygga.<\/p>\n<p>Det er gangavstand til butikker og byens sentrum, og b\u00e5de Tindesenteret og bakkestasjonen for Romsdalsgondolen ligger rett ved brygga. Og ikke minst togstasjonen.<\/p>\n<p>Selv dro jeg utelukkende hit for \u00e5 bevilge meg en tur opp med Romsdalsgondolen, som bare hadde v\u00e6rt i drift i noen f\u00e5 m\u00e5neder n\u00e5r jeg bes\u00f8kte \u00c5ndalsnes.<\/p>\n<figure id=\"attachment_22767\" aria-describedby=\"caption-attachment-22767\" style=\"width: 300px\" class=\"wp-caption alignleft\"><a href=\"https:\/\/i0.wp.com\/pequod.nesodd1.no\/wp-content\/uploads\/2021\/08\/235810592_10157989382732032_78237607349733325_n.jpg?ssl=1\"><img data-recalc-dims=\"1\" loading=\"lazy\" decoding=\"async\" data-attachment-id=\"22767\" data-permalink=\"https:\/\/pequod.nesodd1.no\/?attachment_id=22767\" data-orig-file=\"https:\/\/i0.wp.com\/pequod.nesodd1.no\/wp-content\/uploads\/2021\/08\/235810592_10157989382732032_78237607349733325_n.jpg?fit=960%2C720&amp;ssl=1\" data-orig-size=\"960,720\" data-comments-opened=\"1\" data-image-meta=\"{&quot;aperture&quot;:&quot;0&quot;,&quot;credit&quot;:&quot;&quot;,&quot;camera&quot;:&quot;&quot;,&quot;caption&quot;:&quot;&quot;,&quot;created_timestamp&quot;:&quot;0&quot;,&quot;copyright&quot;:&quot;&quot;,&quot;focal_length&quot;:&quot;0&quot;,&quot;iso&quot;:&quot;0&quot;,&quot;shutter_speed&quot;:&quot;0&quot;,&quot;title&quot;:&quot;&quot;,&quot;orientation&quot;:&quot;0&quot;}\" data-image-title=\"235810592_10157989382732032_78237607349733325_n\" data-image-description=\"&lt;p&gt;\u00c5ndalsnes, gondolbane, Romsdalsfjorden, M\u00f8re og Romsdal&lt;\/p&gt;\n\" data-image-caption=\"&lt;p&gt;Opp dit dro jeg!&lt;\/p&gt;\n\" data-large-file=\"https:\/\/i0.wp.com\/pequod.nesodd1.no\/wp-content\/uploads\/2021\/08\/235810592_10157989382732032_78237607349733325_n.jpg?fit=940%2C705&amp;ssl=1\" class=\"size-medium wp-image-22767\" src=\"https:\/\/i0.wp.com\/pequod.nesodd1.no\/wp-content\/uploads\/2021\/08\/235810592_10157989382732032_78237607349733325_n.jpg?resize=300%2C225&#038;ssl=1\" alt=\"\" width=\"300\" height=\"225\" srcset=\"https:\/\/i0.wp.com\/pequod.nesodd1.no\/wp-content\/uploads\/2021\/08\/235810592_10157989382732032_78237607349733325_n.jpg?resize=300%2C225&amp;ssl=1 300w, https:\/\/i0.wp.com\/pequod.nesodd1.no\/wp-content\/uploads\/2021\/08\/235810592_10157989382732032_78237607349733325_n.jpg?resize=100%2C75&amp;ssl=1 100w, https:\/\/i0.wp.com\/pequod.nesodd1.no\/wp-content\/uploads\/2021\/08\/235810592_10157989382732032_78237607349733325_n.jpg?resize=768%2C576&amp;ssl=1 768w, https:\/\/i0.wp.com\/pequod.nesodd1.no\/wp-content\/uploads\/2021\/08\/235810592_10157989382732032_78237607349733325_n.jpg?w=960&amp;ssl=1 960w\" sizes=\"auto, (max-width: 300px) 100vw, 300px\" \/><\/a><figcaption id=\"caption-attachment-22767\" class=\"wp-caption-text\">Opp dit dro jeg!<\/figcaption><\/figure>\n<p>Siden jeg er amputert er det ikke noe fristende \u00e5 g\u00e5 opp og ned for \u00e5 komme meg til utsiktspunktet Rampestreken, s\u00e5 dermed ble det gondolbanen opp og ned istedenfor.<\/p>\n<p>Stiv pris dog, hele 450 kroner tur\/retur. Men man kan ogs\u00e5 velge \u00e5 bare betale for turen opp, og g\u00e5 ned selv. Eller g\u00e5 opp og ta gondolen ned.<\/p>\n<p>B\u00e5de kaf\u00e9 og restaurant p\u00e5 toppen av banen hvis endestasjon ligger litt ovenfor den ber\u00f8mte Rampestreken.&nbsp;Men fine utsiktsbilder samt kaffe og vaffel ble det n\u00e5 uansett p\u00e5 skipperen.&nbsp;<\/p>\n<p>Resten av \u00c5ndalsnes s\u00e5 jeg bare litt flyktig gjennom ettersom jeg skulle videre etter returen fra gondolen.<\/p>\n<figure id=\"attachment_22770\" aria-describedby=\"caption-attachment-22770\" style=\"width: 1000px\" class=\"wp-caption aligncenter\"><a href=\"https:\/\/i0.wp.com\/pequod.nesodd1.no\/wp-content\/uploads\/2021\/08\/5AE88BEC-0C20-4314-9E53-4A3BA05DE72C.jpeg.8fedbd19c1a540eab61eb378f965a3b1.jpeg?ssl=1\"><img data-recalc-dims=\"1\" loading=\"lazy\" decoding=\"async\" data-attachment-id=\"22770\" data-permalink=\"https:\/\/pequod.nesodd1.no\/?attachment_id=22770\" data-orig-file=\"https:\/\/i0.wp.com\/pequod.nesodd1.no\/wp-content\/uploads\/2021\/08\/5AE88BEC-0C20-4314-9E53-4A3BA05DE72C.jpeg.8fedbd19c1a540eab61eb378f965a3b1.jpeg?fit=1000%2C562&amp;ssl=1\" data-orig-size=\"1000,562\" data-comments-opened=\"1\" data-image-meta=\"{&quot;aperture&quot;:&quot;0&quot;,&quot;credit&quot;:&quot;&quot;,&quot;camera&quot;:&quot;&quot;,&quot;caption&quot;:&quot;&quot;,&quot;created_timestamp&quot;:&quot;0&quot;,&quot;copyright&quot;:&quot;&quot;,&quot;focal_length&quot;:&quot;0&quot;,&quot;iso&quot;:&quot;0&quot;,&quot;shutter_speed&quot;:&quot;0&quot;,&quot;title&quot;:&quot;&quot;,&quot;orientation&quot;:&quot;0&quot;}\" data-image-title=\"5AE88BEC-0C20-4314-9E53-4A3BA05DE72C.jpeg.8fedbd19c1a540eab61eb378f965a3b1\" data-image-description=\"&lt;p&gt;\u00c5ndalsnes, gondolbane, Romsdalsfjorden, M\u00f8re og Romsdal&lt;\/p&gt;\n\" data-image-caption=\"&lt;p&gt;P\u00e5 toppen!&lt;\/p&gt;\n\" data-large-file=\"https:\/\/i0.wp.com\/pequod.nesodd1.no\/wp-content\/uploads\/2021\/08\/5AE88BEC-0C20-4314-9E53-4A3BA05DE72C.jpeg.8fedbd19c1a540eab61eb378f965a3b1.jpeg?fit=940%2C528&amp;ssl=1\" class=\"size-full wp-image-22770\" src=\"https:\/\/i0.wp.com\/pequod.nesodd1.no\/wp-content\/uploads\/2021\/08\/5AE88BEC-0C20-4314-9E53-4A3BA05DE72C.jpeg.8fedbd19c1a540eab61eb378f965a3b1.jpeg?resize=940%2C528&#038;ssl=1\" alt=\"\" width=\"940\" height=\"528\" srcset=\"https:\/\/i0.wp.com\/pequod.nesodd1.no\/wp-content\/uploads\/2021\/08\/5AE88BEC-0C20-4314-9E53-4A3BA05DE72C.jpeg.8fedbd19c1a540eab61eb378f965a3b1.jpeg?w=1000&amp;ssl=1 1000w, https:\/\/i0.wp.com\/pequod.nesodd1.no\/wp-content\/uploads\/2021\/08\/5AE88BEC-0C20-4314-9E53-4A3BA05DE72C.jpeg.8fedbd19c1a540eab61eb378f965a3b1.jpeg?resize=300%2C169&amp;ssl=1 300w, https:\/\/i0.wp.com\/pequod.nesodd1.no\/wp-content\/uploads\/2021\/08\/5AE88BEC-0C20-4314-9E53-4A3BA05DE72C.jpeg.8fedbd19c1a540eab61eb378f965a3b1.jpeg?resize=100%2C56&amp;ssl=1 100w, https:\/\/i0.wp.com\/pequod.nesodd1.no\/wp-content\/uploads\/2021\/08\/5AE88BEC-0C20-4314-9E53-4A3BA05DE72C.jpeg.8fedbd19c1a540eab61eb378f965a3b1.jpeg?resize=768%2C432&amp;ssl=1 768w\" sizes=\"auto, (max-width: 940px) 100vw, 940px\" \/><\/a><figcaption id=\"caption-attachment-22770\" class=\"wp-caption-text\">P\u00e5 toppen!<\/figcaption><\/figure>\n<h3>Related Images:<\/h3>","protected":false},"excerpt":{"rendered":"<p>Vurdering (5 anker er best):&nbsp;&nbsp; Posisjon: 62\u00b034&#8217;7.0&#8243;N 7\u00b041&#8217;19.9&#8243;E Bes\u00f8kt antall ganger: 1&nbsp;Sist bes\u00f8kt: 17.08 2021 Webkamera: Nei Hjemmeside. Fasiliteter: Str\u00f8m og vann.&nbsp; Sentralt plassert med kort gangavstand til det meste. Havneavgift (for 29-foter): NOK 125 inkl. str\u00f8m. Betales med appen GoMarina.&nbsp; Fort\u00f8yning: Langsides kaikant og ved tenderbrygge\/flytebrygge n\u00e5r det ikke er cruiseanl\u00f8p. Tilrettelagt for funksjonshemmede: &hellip;<br \/><a href=\"https:\/\/pequod.nesodd1.no\/?page_id=23510\" class=\"more-link pen_element_default pen_icon_arrow_double\">Les<\/a><\/p>\n","protected":false},"author":1,"featured_media":22771,"parent":5493,"menu_order":0,"comment_status":"closed","ping_status":"closed","template":"","meta":{"_crdt_document":"","ngg_post_thumbnail":0,"jetpack_post_was_ever_published":false,"footnotes":""},"class_list":["post-23510","page","type-page","status-publish","has-post-thumbnail","hentry"],"jetpack_shortlink":"https:\/\/wp.me\/P3Zd9b-67c","jetpack_sharing_enabled":true,"jetpack_likes_enabled":true,"jetpack-related-posts":[],"_links":{"self":[{"href":"https:\/\/pequod.nesodd1.no\/index.php?rest_route=\/wp\/v2\/pages\/23510","targetHints":{"allow":["GET"]}}],"collection":[{"href":"https:\/\/pequod.nesodd1.no\/index.php?rest_route=\/wp\/v2\/pages"}],"about":[{"href":"https:\/\/pequod.nesodd1.no\/index.php?rest_route=\/wp\/v2\/types\/page"}],"author":[{"embeddable":true,"href":"https:\/\/pequod.nesodd1.no\/index.php?rest_route=\/wp\/v2\/users\/1"}],"replies":[{"embeddable":true,"href":"https:\/\/pequod.nesodd1.no\/index.php?rest_route=%2Fwp%2Fv2%2Fcomments&post=23510"}],"version-history":[{"count":5,"href":"https:\/\/pequod.nesodd1.no\/index.php?rest_route=\/wp\/v2\/pages\/23510\/revisions"}],"predecessor-version":[{"id":23515,"href":"https:\/\/pequod.nesodd1.no\/index.php?rest_route=\/wp\/v2\/pages\/23510\/revisions\/23515"}],"up":[{"embeddable":true,"href":"https:\/\/pequod.nesodd1.no\/index.php?rest_route=\/wp\/v2\/pages\/5493"}],"wp:featuredmedia":[{"embeddable":true,"href":"https:\/\/pequod.nesodd1.no\/index.php?rest_route=\/wp\/v2\/media\/22771"}],"wp:attachment":[{"href":"https:\/\/pequod.nesodd1.no\/index.php?rest_route=%2Fwp%2Fv2%2Fmedia&parent=23510"}],"curies":[{"name":"wp","href":"https:\/\/api.w.org\/{rel}","templated":true}]}}