{"id":23862,"date":"2022-04-03T11:55:18","date_gmt":"2022-04-03T09:55:18","guid":{"rendered":"https:\/\/pequod.nesodd1.no\/?page_id=23862"},"modified":"2022-04-03T11:55:18","modified_gmt":"2022-04-03T09:55:18","slug":"urke-gjestebrygge-more-og-romsdal","status":"publish","type":"page","link":"https:\/\/pequod.nesodd1.no\/?page_id=23862","title":{"rendered":"Urke gjestebrygge (M\u00f8re og Romsdal)"},"content":{"rendered":"<p><strong>Vurdering (5 anker er best):&nbsp;<a href=\"https:\/\/i0.wp.com\/pequod.nesodd1.no\/wp-content\/uploads\/2019\/10\/klistremerker-anker-og-tau-design.jpg.jpg?ssl=1\"><img loading=\"lazy\" decoding=\"async\" data-attachment-id=\"16489\" data-permalink=\"https:\/\/pequod.nesodd1.no\/?attachment_id=16489\" data-orig-file=\"https:\/\/i0.wp.com\/pequod.nesodd1.no\/wp-content\/uploads\/2019\/10\/klistremerker-anker-og-tau-design.jpg.jpg?fit=25%2C25&amp;ssl=1\" data-orig-size=\"25,25\" data-comments-opened=\"1\" data-image-meta=\"{&quot;aperture&quot;:&quot;0&quot;,&quot;credit&quot;:&quot;tribalium81&quot;,&quot;camera&quot;:&quot;&quot;,&quot;caption&quot;:&quot;&quot;,&quot;created_timestamp&quot;:&quot;0&quot;,&quot;copyright&quot;:&quot;tribalium81&quot;,&quot;focal_length&quot;:&quot;0&quot;,&quot;iso&quot;:&quot;0&quot;,&quot;shutter_speed&quot;:&quot;0&quot;,&quot;title&quot;:&quot;anchor and rope design&quot;,&quot;orientation&quot;:&quot;1&quot;}\" data-image-title=\"anchor and rope design\" data-image-description=\"\" data-image-caption=\"\" data-large-file=\"https:\/\/i0.wp.com\/pequod.nesodd1.no\/wp-content\/uploads\/2019\/10\/klistremerker-anker-og-tau-design.jpg.jpg?fit=25%2C25&amp;ssl=1\" class=\"alignnone size-full wp-image-16489\" src=\"https:\/\/i0.wp.com\/pequod.nesodd1.no\/wp-content\/uploads\/2019\/10\/klistremerker-anker-og-tau-design.jpg.jpg?resize=25%2C25&amp;ssl=1\" alt=\"\" width=\"25\" height=\"25\" data-attachment-id=\"16489\" data-permalink=\"https:\/\/pequod.nesodd1.no\/?attachment_id=16489\" data-orig-file=\"https:\/\/i0.wp.com\/pequod.nesodd1.no\/wp-content\/uploads\/2019\/10\/klistremerker-anker-og-tau-design.jpg.jpg?fit=25%2C25&amp;ssl=1\" data-orig-size=\"25,25\" data-comments-opened=\"1\" data-image-meta=\"{&quot;aperture&quot;:&quot;0&quot;,&quot;credit&quot;:&quot;tribalium81&quot;,&quot;camera&quot;:&quot;&quot;,&quot;caption&quot;:&quot;&quot;,&quot;created_timestamp&quot;:&quot;0&quot;,&quot;copyright&quot;:&quot;tribalium81&quot;,&quot;focal_length&quot;:&quot;0&quot;,&quot;iso&quot;:&quot;0&quot;,&quot;shutter_speed&quot;:&quot;0&quot;,&quot;title&quot;:&quot;anchor and rope design&quot;,&quot;orientation&quot;:&quot;1&quot;}\" data-image-title=\"anchor and rope design\" data-image-description=\"\" data-image-caption=\"\" data-medium-file=\"https:\/\/i0.wp.com\/pequod.nesodd1.no\/wp-content\/uploads\/2019\/10\/klistremerker-anker-og-tau-design.jpg.jpg?fit=25%2C25&amp;ssl=1\" data-large-file=\"https:\/\/i0.wp.com\/pequod.nesodd1.no\/wp-content\/uploads\/2019\/10\/klistremerker-anker-og-tau-design.jpg.jpg?fit=25%2C25&amp;ssl=1\"><\/a><\/strong><br \/>\n<strong>Posisjon:<\/strong> 62\u00b012&#8217;32.1&#8243;N 6\u00b034&#8217;26.5&#8243;E<br \/>\n<strong>Bes\u00f8kt antall ganger:<\/strong>&nbsp;1&nbsp;<strong>Sist bes\u00f8kt:&nbsp;<\/strong>29-30.08.2021&nbsp; <strong>Webkamera:<\/strong> Nei. <strong>Hjemmeside:<\/strong> Nei.<br \/>\n<strong>Fasiliteter:<\/strong> Vann, str\u00f8m, mulig toalett i kaf\u00e9bygget, kafe. Flytende sauna ytterst p\u00e5 brygga.<br \/>\n<strong>Havneavgift (for 29-foter):<\/strong> 200 NOK inkl. str\u00f8m. Betales med Vipps til Urke Sm\u00e5b\u00e5tlag.<br \/>\n<strong>Fort\u00f8yning:<\/strong> For det meste langsides langs en veldig langt flytebrygge. Innsiden er b\u00e5splasser til medlemmer i b\u00e5tforeningen.<br \/>\n<b>Tilrettelagt for funksjonshemmede:<\/b> Nei, ikke spesielt.&nbsp;<\/p>\n<figure id=\"attachment_22886\" aria-describedby=\"caption-attachment-22886\" style=\"width: 300px\" class=\"wp-caption alignleft\"><a href=\"https:\/\/i0.wp.com\/pequod.nesodd1.no\/wp-content\/uploads\/2021\/09\/7A6ECD75-5CCB-4651-A221-5A9DB8C6A3C2.jpeg.2f861fa0708acf696ec35419cc634e54.jpeg?ssl=1\"><img data-recalc-dims=\"1\" loading=\"lazy\" decoding=\"async\" data-attachment-id=\"22886\" data-permalink=\"https:\/\/pequod.nesodd1.no\/?attachment_id=22886\" data-orig-file=\"https:\/\/i0.wp.com\/pequod.nesodd1.no\/wp-content\/uploads\/2021\/09\/7A6ECD75-5CCB-4651-A221-5A9DB8C6A3C2.jpeg.2f861fa0708acf696ec35419cc634e54.jpeg?fit=1000%2C750&amp;ssl=1\" data-orig-size=\"1000,750\" data-comments-opened=\"1\" data-image-meta=\"{&quot;aperture&quot;:&quot;0&quot;,&quot;credit&quot;:&quot;&quot;,&quot;camera&quot;:&quot;&quot;,&quot;caption&quot;:&quot;&quot;,&quot;created_timestamp&quot;:&quot;0&quot;,&quot;copyright&quot;:&quot;&quot;,&quot;focal_length&quot;:&quot;0&quot;,&quot;iso&quot;:&quot;0&quot;,&quot;shutter_speed&quot;:&quot;0&quot;,&quot;title&quot;:&quot;&quot;,&quot;orientation&quot;:&quot;0&quot;}\" data-image-title=\"7A6ECD75-5CCB-4651-A221-5A9DB8C6A3C2.jpeg.2f861fa0708acf696ec35419cc634e54\" data-image-description=\"&lt;p&gt;Urke, Hj\u00f8rundfjorden, Norangsfjorden&lt;\/p&gt;\n\" data-image-caption=\"&lt;p&gt;Det ble Urke til slutt&lt;\/p&gt;\n\" data-large-file=\"https:\/\/i0.wp.com\/pequod.nesodd1.no\/wp-content\/uploads\/2021\/09\/7A6ECD75-5CCB-4651-A221-5A9DB8C6A3C2.jpeg.2f861fa0708acf696ec35419cc634e54.jpeg?fit=940%2C705&amp;ssl=1\" class=\"size-medium wp-image-22886\" src=\"https:\/\/i0.wp.com\/pequod.nesodd1.no\/wp-content\/uploads\/2021\/09\/7A6ECD75-5CCB-4651-A221-5A9DB8C6A3C2.jpeg.2f861fa0708acf696ec35419cc634e54.jpeg?resize=300%2C225&#038;ssl=1\" alt=\"\" width=\"300\" height=\"225\" srcset=\"https:\/\/i0.wp.com\/pequod.nesodd1.no\/wp-content\/uploads\/2021\/09\/7A6ECD75-5CCB-4651-A221-5A9DB8C6A3C2.jpeg.2f861fa0708acf696ec35419cc634e54.jpeg?resize=300%2C225&amp;ssl=1 300w, https:\/\/i0.wp.com\/pequod.nesodd1.no\/wp-content\/uploads\/2021\/09\/7A6ECD75-5CCB-4651-A221-5A9DB8C6A3C2.jpeg.2f861fa0708acf696ec35419cc634e54.jpeg?resize=100%2C75&amp;ssl=1 100w, https:\/\/i0.wp.com\/pequod.nesodd1.no\/wp-content\/uploads\/2021\/09\/7A6ECD75-5CCB-4651-A221-5A9DB8C6A3C2.jpeg.2f861fa0708acf696ec35419cc634e54.jpeg?resize=768%2C576&amp;ssl=1 768w, https:\/\/i0.wp.com\/pequod.nesodd1.no\/wp-content\/uploads\/2021\/09\/7A6ECD75-5CCB-4651-A221-5A9DB8C6A3C2.jpeg.2f861fa0708acf696ec35419cc634e54.jpeg?w=1000&amp;ssl=1 1000w\" sizes=\"auto, (max-width: 300px) 100vw, 300px\" \/><\/a><figcaption id=\"caption-attachment-22886\" class=\"wp-caption-text\">Det ble Urke til slutt<\/figcaption><\/figure>\n<p>Ganske dr\u00f8y pris til \u00e5 v\u00e6re et sted ut i ingenmannsland, betaler kun for str\u00f8m og vann. La meg her da det var fullt p\u00e5 den lille brygga p\u00e5 \u00d8ye.<\/p>\n<p>Fant ikke noe toalett, men mulig det ligger i kaf\u00e9bygget og kanskje ikke er \u00e5pent n\u00e5r kafeen er stengt?&nbsp;<\/p>\n<p>Den restauranten som l\u00e5 der f\u00f8r opparbeidet seg et solid rykte, men s\u00e5 ble driverne visstnok kastet ut av de som eide bygget fordi de ville drive det selv. Var en stor greie rundt dette med mange beskyldninger fram og tilbake i lokalavisene.<\/p>\n<p>Jeg kom jo litt utenom sesongen, s\u00e5 alt var stengt og hele stedet virket egentlig ganske s\u00e5 \u00f8de. Riktignok var m\u00f8bler og slikt ute, s\u00e5 de hadde kanskje \u00e5pent i helgene p\u00e5 den tiden jeg var der. Kom i s\u00e5 fall etter at det var stengt for dagen.<\/p>\n<p>Det skal v\u00e6re en butikk i omr\u00e5det ogs\u00e5, men jeg gikk ikke lenger enn til kafeen og tilbake til b\u00e5ten. Dessuten var det s\u00f8ndag og da var den nok uansett stengt.<\/p>\n<p>M\u00e5 innr\u00f8mme at jeg ikke fikk det beste inntrykket og til en pris som det en vanlig gjestehavn med alle fasiliteter tar, s\u00e5 synes jeg det var litt dr\u00f8yt.<\/p>\n<p>Man ligger litt utsatt til hvis det er mye trafikk inn Hj\u00f8rundfjorden inn til \u00d8ye, men det var ikke noe problem den natta jeg l\u00e5 der.<\/p>\n<p>Men dropper nok Urke neste gang jeg er i omr\u00e5det, da er b\u00e5de \u00d8ye, S\u00e6b\u00f8 og Trandal mer forlokkende.<\/p>\n<p><a href=\"https:\/\/i0.wp.com\/pequod.nesodd1.no\/wp-content\/uploads\/2021\/09\/1F3A3A54-E937-4D5C-84AE-A2C2D687D789.jpeg.ece96dc940259508582f38d7aee0c17a.jpeg?ssl=1\"><img data-recalc-dims=\"1\" loading=\"lazy\" decoding=\"async\" data-attachment-id=\"22888\" data-permalink=\"https:\/\/pequod.nesodd1.no\/?attachment_id=22888\" data-orig-file=\"https:\/\/i0.wp.com\/pequod.nesodd1.no\/wp-content\/uploads\/2021\/09\/1F3A3A54-E937-4D5C-84AE-A2C2D687D789.jpeg.ece96dc940259508582f38d7aee0c17a.jpeg?fit=1000%2C750&amp;ssl=1\" data-orig-size=\"1000,750\" data-comments-opened=\"1\" data-image-meta=\"{&quot;aperture&quot;:&quot;0&quot;,&quot;credit&quot;:&quot;&quot;,&quot;camera&quot;:&quot;&quot;,&quot;caption&quot;:&quot;&quot;,&quot;created_timestamp&quot;:&quot;0&quot;,&quot;copyright&quot;:&quot;&quot;,&quot;focal_length&quot;:&quot;0&quot;,&quot;iso&quot;:&quot;0&quot;,&quot;shutter_speed&quot;:&quot;0&quot;,&quot;title&quot;:&quot;&quot;,&quot;orientation&quot;:&quot;0&quot;}\" data-image-title=\"1F3A3A54-E937-4D5C-84AE-A2C2D687D789.jpeg.ece96dc940259508582f38d7aee0c17a\" data-image-description=\"&lt;p&gt;Urke, Hj\u00f8rundfjorden, Norangsfjorden&lt;\/p&gt;\n\" data-image-caption=\"\" data-large-file=\"https:\/\/i0.wp.com\/pequod.nesodd1.no\/wp-content\/uploads\/2021\/09\/1F3A3A54-E937-4D5C-84AE-A2C2D687D789.jpeg.ece96dc940259508582f38d7aee0c17a.jpeg?fit=940%2C705&amp;ssl=1\" class=\"aligncenter size-full wp-image-22888\" src=\"https:\/\/i0.wp.com\/pequod.nesodd1.no\/wp-content\/uploads\/2021\/09\/1F3A3A54-E937-4D5C-84AE-A2C2D687D789.jpeg.ece96dc940259508582f38d7aee0c17a.jpeg?resize=940%2C705&#038;ssl=1\" alt=\"\" width=\"940\" height=\"705\" srcset=\"https:\/\/i0.wp.com\/pequod.nesodd1.no\/wp-content\/uploads\/2021\/09\/1F3A3A54-E937-4D5C-84AE-A2C2D687D789.jpeg.ece96dc940259508582f38d7aee0c17a.jpeg?w=1000&amp;ssl=1 1000w, https:\/\/i0.wp.com\/pequod.nesodd1.no\/wp-content\/uploads\/2021\/09\/1F3A3A54-E937-4D5C-84AE-A2C2D687D789.jpeg.ece96dc940259508582f38d7aee0c17a.jpeg?resize=300%2C225&amp;ssl=1 300w, https:\/\/i0.wp.com\/pequod.nesodd1.no\/wp-content\/uploads\/2021\/09\/1F3A3A54-E937-4D5C-84AE-A2C2D687D789.jpeg.ece96dc940259508582f38d7aee0c17a.jpeg?resize=100%2C75&amp;ssl=1 100w, https:\/\/i0.wp.com\/pequod.nesodd1.no\/wp-content\/uploads\/2021\/09\/1F3A3A54-E937-4D5C-84AE-A2C2D687D789.jpeg.ece96dc940259508582f38d7aee0c17a.jpeg?resize=768%2C576&amp;ssl=1 768w\" sizes=\"auto, (max-width: 940px) 100vw, 940px\" \/><\/a><\/p>\n<h3>Related Images:<\/h3>","protected":false},"excerpt":{"rendered":"<p>Vurdering (5 anker er best):&nbsp; Posisjon: 62\u00b012&#8217;32.1&#8243;N 6\u00b034&#8217;26.5&#8243;E Bes\u00f8kt antall ganger:&nbsp;1&nbsp;Sist bes\u00f8kt:&nbsp;29-30.08.2021&nbsp; Webkamera: Nei. Hjemmeside: Nei. Fasiliteter: Vann, str\u00f8m, mulig toalett i kaf\u00e9bygget, kafe. Flytende sauna ytterst p\u00e5 brygga. Havneavgift (for 29-foter): 200 NOK inkl. str\u00f8m. Betales med Vipps til Urke Sm\u00e5b\u00e5tlag. Fort\u00f8yning: For det meste langsides langs en veldig langt flytebrygge. Innsiden er b\u00e5splasser &hellip;<br \/><a href=\"https:\/\/pequod.nesodd1.no\/?page_id=23862\" class=\"more-link pen_element_default pen_icon_arrow_double\">Les<\/a><\/p>\n","protected":false},"author":1,"featured_media":22887,"parent":5493,"menu_order":0,"comment_status":"closed","ping_status":"closed","template":"","meta":{"_crdt_document":"","ngg_post_thumbnail":0,"jetpack_post_was_ever_published":false,"footnotes":""},"class_list":["post-23862","page","type-page","status-publish","has-post-thumbnail","hentry"],"jetpack_shortlink":"https:\/\/wp.me\/P3Zd9b-6cS","jetpack_sharing_enabled":true,"jetpack_likes_enabled":true,"jetpack-related-posts":[],"_links":{"self":[{"href":"https:\/\/pequod.nesodd1.no\/index.php?rest_route=\/wp\/v2\/pages\/23862","targetHints":{"allow":["GET"]}}],"collection":[{"href":"https:\/\/pequod.nesodd1.no\/index.php?rest_route=\/wp\/v2\/pages"}],"about":[{"href":"https:\/\/pequod.nesodd1.no\/index.php?rest_route=\/wp\/v2\/types\/page"}],"author":[{"embeddable":true,"href":"https:\/\/pequod.nesodd1.no\/index.php?rest_route=\/wp\/v2\/users\/1"}],"replies":[{"embeddable":true,"href":"https:\/\/pequod.nesodd1.no\/index.php?rest_route=%2Fwp%2Fv2%2Fcomments&post=23862"}],"version-history":[{"count":5,"href":"https:\/\/pequod.nesodd1.no\/index.php?rest_route=\/wp\/v2\/pages\/23862\/revisions"}],"predecessor-version":[{"id":23867,"href":"https:\/\/pequod.nesodd1.no\/index.php?rest_route=\/wp\/v2\/pages\/23862\/revisions\/23867"}],"up":[{"embeddable":true,"href":"https:\/\/pequod.nesodd1.no\/index.php?rest_route=\/wp\/v2\/pages\/5493"}],"wp:featuredmedia":[{"embeddable":true,"href":"https:\/\/pequod.nesodd1.no\/index.php?rest_route=\/wp\/v2\/media\/22887"}],"wp:attachment":[{"href":"https:\/\/pequod.nesodd1.no\/index.php?rest_route=%2Fwp%2Fv2%2Fmedia&parent=23862"}],"curies":[{"name":"wp","href":"https:\/\/api.w.org\/{rel}","templated":true}]}}