{"id":23882,"date":"2022-04-04T00:26:56","date_gmt":"2022-04-03T22:26:56","guid":{"rendered":"https:\/\/pequod.nesodd1.no\/?page_id=23882"},"modified":"2023-07-10T23:23:22","modified_gmt":"2023-07-10T21:23:22","slug":"saebo-gjestehavn","status":"publish","type":"page","link":"https:\/\/pequod.nesodd1.no\/?page_id=23882","title":{"rendered":"S\u00e6b\u00f8 gjestehavn"},"content":{"rendered":"<p><strong>Vurdering (5 anker er best):<\/strong>&nbsp;<a href=\"https:\/\/i0.wp.com\/pequod.nesodd1.no\/wp-content\/uploads\/2019\/10\/klistremerker-anker-og-tau-design.jpg.jpg?ssl=1\"><img loading=\"lazy\" decoding=\"async\" data-attachment-id=\"16489\" data-permalink=\"https:\/\/pequod.nesodd1.no\/?attachment_id=16489\" data-orig-file=\"https:\/\/i0.wp.com\/pequod.nesodd1.no\/wp-content\/uploads\/2019\/10\/klistremerker-anker-og-tau-design.jpg.jpg?fit=25%2C25&amp;ssl=1\" data-orig-size=\"25,25\" data-comments-opened=\"1\" data-image-meta=\"{&quot;aperture&quot;:&quot;0&quot;,&quot;credit&quot;:&quot;tribalium81&quot;,&quot;camera&quot;:&quot;&quot;,&quot;caption&quot;:&quot;&quot;,&quot;created_timestamp&quot;:&quot;0&quot;,&quot;copyright&quot;:&quot;tribalium81&quot;,&quot;focal_length&quot;:&quot;0&quot;,&quot;iso&quot;:&quot;0&quot;,&quot;shutter_speed&quot;:&quot;0&quot;,&quot;title&quot;:&quot;anchor and rope design&quot;,&quot;orientation&quot;:&quot;1&quot;}\" data-image-title=\"anchor and rope design\" data-image-description=\"\" data-image-caption=\"\" data-medium-file=\"https:\/\/i0.wp.com\/pequod.nesodd1.no\/wp-content\/uploads\/2019\/10\/klistremerker-anker-og-tau-design.jpg.jpg?fit=25%2C25&amp;ssl=1\" data-large-file=\"https:\/\/i0.wp.com\/pequod.nesodd1.no\/wp-content\/uploads\/2019\/10\/klistremerker-anker-og-tau-design.jpg.jpg?fit=25%2C25&amp;ssl=1\" class=\"alignnone size-full wp-image-16489 jetpack-lazy-image jetpack-lazy-image--handled\" src=\"https:\/\/i0.wp.com\/pequod.nesodd1.no\/wp-content\/uploads\/2019\/10\/klistremerker-anker-og-tau-design.jpg.jpg?resize=25%2C25&amp;ssl=1\" alt=\"\" width=\"25\" height=\"25\" data-attachment-id=\"16489\" data-permalink=\"https:\/\/pequod.nesodd1.no\/?attachment_id=16489\" data-orig-file=\"https:\/\/i0.wp.com\/pequod.nesodd1.no\/wp-content\/uploads\/2019\/10\/klistremerker-anker-og-tau-design.jpg.jpg?fit=25%2C25&amp;ssl=1\" data-orig-size=\"25,25\" data-comments-opened=\"1\" data-image-meta=\"{&quot;aperture&quot;:&quot;0&quot;,&quot;credit&quot;:&quot;tribalium81&quot;,&quot;camera&quot;:&quot;&quot;,&quot;caption&quot;:&quot;&quot;,&quot;created_timestamp&quot;:&quot;0&quot;,&quot;copyright&quot;:&quot;tribalium81&quot;,&quot;focal_length&quot;:&quot;0&quot;,&quot;iso&quot;:&quot;0&quot;,&quot;shutter_speed&quot;:&quot;0&quot;,&quot;title&quot;:&quot;anchor and rope design&quot;,&quot;orientation&quot;:&quot;1&quot;}\" data-image-title=\"anchor and rope design\" data-image-description=\"\" data-medium-file=\"https:\/\/i0.wp.com\/pequod.nesodd1.no\/wp-content\/uploads\/2019\/10\/klistremerker-anker-og-tau-design.jpg.jpg?fit=25%2C25&amp;ssl=1\" data-large-file=\"https:\/\/i0.wp.com\/pequod.nesodd1.no\/wp-content\/uploads\/2019\/10\/klistremerker-anker-og-tau-design.jpg.jpg?fit=25%2C25&amp;ssl=1\" data-recalc-dims=\"1\" data-lazy-loaded=\"1\"><\/a><a href=\"https:\/\/i0.wp.com\/pequod.nesodd1.no\/wp-content\/uploads\/2019\/10\/klistremerker-anker-og-tau-design.jpg.jpg?ssl=1\"><img loading=\"lazy\" decoding=\"async\" data-attachment-id=\"16489\" data-permalink=\"https:\/\/pequod.nesodd1.no\/?attachment_id=16489\" data-orig-file=\"https:\/\/i0.wp.com\/pequod.nesodd1.no\/wp-content\/uploads\/2019\/10\/klistremerker-anker-og-tau-design.jpg.jpg?fit=25%2C25&amp;ssl=1\" data-orig-size=\"25,25\" data-comments-opened=\"1\" data-image-meta=\"{&quot;aperture&quot;:&quot;0&quot;,&quot;credit&quot;:&quot;tribalium81&quot;,&quot;camera&quot;:&quot;&quot;,&quot;caption&quot;:&quot;&quot;,&quot;created_timestamp&quot;:&quot;0&quot;,&quot;copyright&quot;:&quot;tribalium81&quot;,&quot;focal_length&quot;:&quot;0&quot;,&quot;iso&quot;:&quot;0&quot;,&quot;shutter_speed&quot;:&quot;0&quot;,&quot;title&quot;:&quot;anchor and rope design&quot;,&quot;orientation&quot;:&quot;1&quot;}\" data-image-title=\"anchor and rope design\" data-image-description=\"\" data-image-caption=\"\" data-medium-file=\"https:\/\/i0.wp.com\/pequod.nesodd1.no\/wp-content\/uploads\/2019\/10\/klistremerker-anker-og-tau-design.jpg.jpg?fit=25%2C25&amp;ssl=1\" data-large-file=\"https:\/\/i0.wp.com\/pequod.nesodd1.no\/wp-content\/uploads\/2019\/10\/klistremerker-anker-og-tau-design.jpg.jpg?fit=25%2C25&amp;ssl=1\" class=\"alignnone size-full wp-image-16489 jetpack-lazy-image jetpack-lazy-image--handled\" src=\"https:\/\/i0.wp.com\/pequod.nesodd1.no\/wp-content\/uploads\/2019\/10\/klistremerker-anker-og-tau-design.jpg.jpg?resize=25%2C25&amp;ssl=1\" alt=\"\" width=\"25\" height=\"25\" data-attachment-id=\"16489\" data-permalink=\"https:\/\/pequod.nesodd1.no\/?attachment_id=16489\" data-orig-file=\"https:\/\/i0.wp.com\/pequod.nesodd1.no\/wp-content\/uploads\/2019\/10\/klistremerker-anker-og-tau-design.jpg.jpg?fit=25%2C25&amp;ssl=1\" data-orig-size=\"25,25\" data-comments-opened=\"1\" data-image-meta=\"{&quot;aperture&quot;:&quot;0&quot;,&quot;credit&quot;:&quot;tribalium81&quot;,&quot;camera&quot;:&quot;&quot;,&quot;caption&quot;:&quot;&quot;,&quot;created_timestamp&quot;:&quot;0&quot;,&quot;copyright&quot;:&quot;tribalium81&quot;,&quot;focal_length&quot;:&quot;0&quot;,&quot;iso&quot;:&quot;0&quot;,&quot;shutter_speed&quot;:&quot;0&quot;,&quot;title&quot;:&quot;anchor and rope design&quot;,&quot;orientation&quot;:&quot;1&quot;}\" data-image-title=\"anchor and rope design\" data-image-description=\"\" data-medium-file=\"https:\/\/i0.wp.com\/pequod.nesodd1.no\/wp-content\/uploads\/2019\/10\/klistremerker-anker-og-tau-design.jpg.jpg?fit=25%2C25&amp;ssl=1\" data-large-file=\"https:\/\/i0.wp.com\/pequod.nesodd1.no\/wp-content\/uploads\/2019\/10\/klistremerker-anker-og-tau-design.jpg.jpg?fit=25%2C25&amp;ssl=1\" data-recalc-dims=\"1\" data-lazy-loaded=\"1\"><\/a><a href=\"https:\/\/i0.wp.com\/pequod.nesodd1.no\/wp-content\/uploads\/2019\/10\/klistremerker-anker-og-tau-design.jpg.jpg?ssl=1\"><img loading=\"lazy\" decoding=\"async\" data-attachment-id=\"16489\" data-permalink=\"https:\/\/pequod.nesodd1.no\/?attachment_id=16489\" data-orig-file=\"https:\/\/i0.wp.com\/pequod.nesodd1.no\/wp-content\/uploads\/2019\/10\/klistremerker-anker-og-tau-design.jpg.jpg?fit=25%2C25&amp;ssl=1\" data-orig-size=\"25,25\" data-comments-opened=\"1\" data-image-meta=\"{&quot;aperture&quot;:&quot;0&quot;,&quot;credit&quot;:&quot;tribalium81&quot;,&quot;camera&quot;:&quot;&quot;,&quot;caption&quot;:&quot;&quot;,&quot;created_timestamp&quot;:&quot;0&quot;,&quot;copyright&quot;:&quot;tribalium81&quot;,&quot;focal_length&quot;:&quot;0&quot;,&quot;iso&quot;:&quot;0&quot;,&quot;shutter_speed&quot;:&quot;0&quot;,&quot;title&quot;:&quot;anchor and rope design&quot;,&quot;orientation&quot;:&quot;1&quot;}\" data-image-title=\"anchor and rope design\" data-image-description=\"\" data-image-caption=\"\" data-medium-file=\"https:\/\/i0.wp.com\/pequod.nesodd1.no\/wp-content\/uploads\/2019\/10\/klistremerker-anker-og-tau-design.jpg.jpg?fit=25%2C25&amp;ssl=1\" data-large-file=\"https:\/\/i0.wp.com\/pequod.nesodd1.no\/wp-content\/uploads\/2019\/10\/klistremerker-anker-og-tau-design.jpg.jpg?fit=25%2C25&amp;ssl=1\" class=\"alignnone size-full wp-image-16489 jetpack-lazy-image jetpack-lazy-image--handled\" src=\"https:\/\/i0.wp.com\/pequod.nesodd1.no\/wp-content\/uploads\/2019\/10\/klistremerker-anker-og-tau-design.jpg.jpg?resize=25%2C25&amp;ssl=1\" alt=\"\" width=\"25\" height=\"25\" data-attachment-id=\"16489\" data-permalink=\"https:\/\/pequod.nesodd1.no\/?attachment_id=16489\" data-orig-file=\"https:\/\/i0.wp.com\/pequod.nesodd1.no\/wp-content\/uploads\/2019\/10\/klistremerker-anker-og-tau-design.jpg.jpg?fit=25%2C25&amp;ssl=1\" data-orig-size=\"25,25\" data-comments-opened=\"1\" data-image-meta=\"{&quot;aperture&quot;:&quot;0&quot;,&quot;credit&quot;:&quot;tribalium81&quot;,&quot;camera&quot;:&quot;&quot;,&quot;caption&quot;:&quot;&quot;,&quot;created_timestamp&quot;:&quot;0&quot;,&quot;copyright&quot;:&quot;tribalium81&quot;,&quot;focal_length&quot;:&quot;0&quot;,&quot;iso&quot;:&quot;0&quot;,&quot;shutter_speed&quot;:&quot;0&quot;,&quot;title&quot;:&quot;anchor and rope design&quot;,&quot;orientation&quot;:&quot;1&quot;}\" data-image-title=\"anchor and rope design\" data-image-description=\"\" data-medium-file=\"https:\/\/i0.wp.com\/pequod.nesodd1.no\/wp-content\/uploads\/2019\/10\/klistremerker-anker-og-tau-design.jpg.jpg?fit=25%2C25&amp;ssl=1\" data-large-file=\"https:\/\/i0.wp.com\/pequod.nesodd1.no\/wp-content\/uploads\/2019\/10\/klistremerker-anker-og-tau-design.jpg.jpg?fit=25%2C25&amp;ssl=1\" data-recalc-dims=\"1\" data-lazy-loaded=\"1\"><\/a><br \/>\n<strong>Posisjon:<\/strong> 62\u00b012&#8217;26.3&#8243;N 6\u00b028&#8217;42.1&#8243;E<br \/>\n<b>Antall bes\u00f8k:<\/b> 1 <b>Sist bes\u00f8kt:<\/b> 30.-31.08 2021. Webkamera: Nei.&nbsp; <a href=\"https:\/\/sagafjordhotel.no\/gjestehavn\/\" target=\"_blank\" rel=\"noopener\">Hjemmeside.<\/a><br \/>\n<b>Fasiliteter:<\/b> Str\u00f8m og vann. Restaurant i tilknytning til hotellet. Toaletter og dusj. Drivstoff. S\u00f8ppel. \u00d8vrige butikker (2 x Joker) og restauranter i kort avstand fra gjestehavna.<br \/>\n<strong>Havneavgift (for 29-foter): <\/strong>175 NOK. Betales i hotellresepsjonen.<br \/>\n<strong>Fort\u00f8yning:<\/strong> Baug\/akter mot brygge og anker. Langsides.<br \/>\n<b>Tilrettelagt for funksjonshemmede:<\/b> Ikke spesielt. Til dels bratte ramper.<\/p>\n<p><a href=\"https:\/\/i0.wp.com\/pequod.nesodd1.no\/wp-content\/uploads\/2021\/09\/241103035_10158010804812032_4708415512410879232_n.jpg?ssl=1\"><img data-recalc-dims=\"1\" loading=\"lazy\" decoding=\"async\" data-attachment-id=\"22897\" data-permalink=\"https:\/\/pequod.nesodd1.no\/?attachment_id=22897\" data-orig-file=\"https:\/\/i0.wp.com\/pequod.nesodd1.no\/wp-content\/uploads\/2021\/09\/241103035_10158010804812032_4708415512410879232_n.jpg?fit=960%2C720&amp;ssl=1\" data-orig-size=\"960,720\" data-comments-opened=\"1\" data-image-meta=\"{&quot;aperture&quot;:&quot;0&quot;,&quot;credit&quot;:&quot;&quot;,&quot;camera&quot;:&quot;&quot;,&quot;caption&quot;:&quot;&quot;,&quot;created_timestamp&quot;:&quot;0&quot;,&quot;copyright&quot;:&quot;&quot;,&quot;focal_length&quot;:&quot;0&quot;,&quot;iso&quot;:&quot;0&quot;,&quot;shutter_speed&quot;:&quot;0&quot;,&quot;title&quot;:&quot;&quot;,&quot;orientation&quot;:&quot;0&quot;}\" data-image-title=\"241103035_10158010804812032_4708415512410879232_n\" data-image-description=\"&lt;p&gt;S\u00e6b\u00f8, Hj\u00f8rundfjorden,  Sagafjord hotell&lt;\/p&gt;\n\" data-image-caption=\"\" data-medium-file=\"https:\/\/i0.wp.com\/pequod.nesodd1.no\/wp-content\/uploads\/2021\/09\/241103035_10158010804812032_4708415512410879232_n.jpg?fit=300%2C225&amp;ssl=1\" data-large-file=\"https:\/\/i0.wp.com\/pequod.nesodd1.no\/wp-content\/uploads\/2021\/09\/241103035_10158010804812032_4708415512410879232_n.jpg?fit=940%2C705&amp;ssl=1\" class=\"alignleft size-medium wp-image-22897\" src=\"https:\/\/i0.wp.com\/pequod.nesodd1.no\/wp-content\/uploads\/2021\/09\/241103035_10158010804812032_4708415512410879232_n.jpg?resize=300%2C225&#038;ssl=1\" alt=\"\" width=\"300\" height=\"225\" srcset=\"https:\/\/i0.wp.com\/pequod.nesodd1.no\/wp-content\/uploads\/2021\/09\/241103035_10158010804812032_4708415512410879232_n.jpg?resize=300%2C225&amp;ssl=1 300w, https:\/\/i0.wp.com\/pequod.nesodd1.no\/wp-content\/uploads\/2021\/09\/241103035_10158010804812032_4708415512410879232_n.jpg?resize=100%2C75&amp;ssl=1 100w, https:\/\/i0.wp.com\/pequod.nesodd1.no\/wp-content\/uploads\/2021\/09\/241103035_10158010804812032_4708415512410879232_n.jpg?resize=768%2C576&amp;ssl=1 768w, https:\/\/i0.wp.com\/pequod.nesodd1.no\/wp-content\/uploads\/2021\/09\/241103035_10158010804812032_4708415512410879232_n.jpg?w=960&amp;ssl=1 960w\" sizes=\"auto, (max-width: 300px) 100vw, 300px\" \/><\/a>Denne gjestehavna drives av hotellet &#8211; Sagafjord &#8211; som er et meget spesielt hotell med idyllisk beliggenhet. Jeg hverken spiste eller overnattet p\u00e5 hotellet, men har en mistanke om at det ikke befinner seg i nederste del av prisskalaen, for \u00e5 si det slik.<\/p>\n<p>Gjestehavnsavgiften er hyggelig, 175 kroner er absolutt godkjent og det er et eget servicebygg med dusj og toaletter. Str\u00f8ml\u00f8sningen er noe uortodoks ettersom det ikke er str\u00f8mstolper p\u00e5 selve bryggene, men p\u00e5 land. Er du alene om bord er det greit med litt lassokunnskaper&#8230;<\/p>\n<p>Dieselen var den dyreste jeg fylte p\u00e5 Vestlandet &#8211; 13 kroner m\u00e5tte jeg ut med! Surt \u00e5 oppdage dagen etter at rett over fjorden, ved gamle Trandal brygge, l\u00e5 det et nytt drivstoffanlegg der prisen p\u00e5 diesel l\u00e5 p\u00e5 11,50&#8230;.<\/p>\n<p>\u00c5 fylle diesel i S\u00e6b\u00f8 var for \u00f8vrig en liten opplevelse i seg selv. Her foreg\u00e5r fylling helmanuelt! Det betyr at du m\u00e5 legge til ved dieselbrygga og deretter rusle bort til hotellresepsjonen der resepsjonisten s\u00e5 blir med deg over til dieselbrygga, l\u00e5ser opp en d\u00f8r og starter pumpa&#8230; S\u00e5 fyller du opp og resepsjonisten tar fram kalkulatoren og regner ut hvor mye du skal betale&#8230; Ingen automat eller noe slikt alts\u00e5. Og dyrt&#8230;<\/p>\n<figure id=\"attachment_23883\" aria-describedby=\"caption-attachment-23883\" style=\"width: 300px\" class=\"wp-caption alignleft\"><a href=\"https:\/\/i0.wp.com\/pequod.nesodd1.no\/wp-content\/uploads\/2022\/04\/028CC544-7E63-4C5F-816D-86B6CEF29D01.jpeg.4f6384fe4d272f2b90674bef7745cf99.jpeg?ssl=1\"><img data-recalc-dims=\"1\" loading=\"lazy\" decoding=\"async\" data-attachment-id=\"23883\" data-permalink=\"https:\/\/pequod.nesodd1.no\/?attachment_id=23883\" data-orig-file=\"https:\/\/i0.wp.com\/pequod.nesodd1.no\/wp-content\/uploads\/2022\/04\/028CC544-7E63-4C5F-816D-86B6CEF29D01.jpeg.4f6384fe4d272f2b90674bef7745cf99.jpeg?fit=1000%2C750&amp;ssl=1\" data-orig-size=\"1000,750\" data-comments-opened=\"1\" data-image-meta=\"{&quot;aperture&quot;:&quot;0&quot;,&quot;credit&quot;:&quot;&quot;,&quot;camera&quot;:&quot;&quot;,&quot;caption&quot;:&quot;&quot;,&quot;created_timestamp&quot;:&quot;0&quot;,&quot;copyright&quot;:&quot;&quot;,&quot;focal_length&quot;:&quot;0&quot;,&quot;iso&quot;:&quot;0&quot;,&quot;shutter_speed&quot;:&quot;0&quot;,&quot;title&quot;:&quot;&quot;,&quot;orientation&quot;:&quot;0&quot;}\" data-image-title=\"028CC544-7E63-4C5F-816D-86B6CEF29D01.jpeg.4f6384fe4d272f2b90674bef7745cf99\" data-image-description=\"&lt;p&gt;S\u00e6b\u00f8, str\u00f8m&lt;\/p&gt;\n\" data-image-caption=\"&lt;p&gt;Tungvint \u00e5 koble seg til str\u00f8m her&lt;\/p&gt;\n\" data-medium-file=\"https:\/\/i0.wp.com\/pequod.nesodd1.no\/wp-content\/uploads\/2022\/04\/028CC544-7E63-4C5F-816D-86B6CEF29D01.jpeg.4f6384fe4d272f2b90674bef7745cf99.jpeg?fit=300%2C225&amp;ssl=1\" data-large-file=\"https:\/\/i0.wp.com\/pequod.nesodd1.no\/wp-content\/uploads\/2022\/04\/028CC544-7E63-4C5F-816D-86B6CEF29D01.jpeg.4f6384fe4d272f2b90674bef7745cf99.jpeg?fit=940%2C705&amp;ssl=1\" class=\"size-medium wp-image-23883\" src=\"https:\/\/i0.wp.com\/pequod.nesodd1.no\/wp-content\/uploads\/2022\/04\/028CC544-7E63-4C5F-816D-86B6CEF29D01.jpeg.4f6384fe4d272f2b90674bef7745cf99.jpeg?resize=300%2C225&#038;ssl=1\" alt=\"\" width=\"300\" height=\"225\" srcset=\"https:\/\/i0.wp.com\/pequod.nesodd1.no\/wp-content\/uploads\/2022\/04\/028CC544-7E63-4C5F-816D-86B6CEF29D01.jpeg.4f6384fe4d272f2b90674bef7745cf99.jpeg?resize=300%2C225&amp;ssl=1 300w, https:\/\/i0.wp.com\/pequod.nesodd1.no\/wp-content\/uploads\/2022\/04\/028CC544-7E63-4C5F-816D-86B6CEF29D01.jpeg.4f6384fe4d272f2b90674bef7745cf99.jpeg?resize=100%2C75&amp;ssl=1 100w, https:\/\/i0.wp.com\/pequod.nesodd1.no\/wp-content\/uploads\/2022\/04\/028CC544-7E63-4C5F-816D-86B6CEF29D01.jpeg.4f6384fe4d272f2b90674bef7745cf99.jpeg?resize=768%2C576&amp;ssl=1 768w, https:\/\/i0.wp.com\/pequod.nesodd1.no\/wp-content\/uploads\/2022\/04\/028CC544-7E63-4C5F-816D-86B6CEF29D01.jpeg.4f6384fe4d272f2b90674bef7745cf99.jpeg?w=1000&amp;ssl=1 1000w\" sizes=\"auto, (max-width: 300px) 100vw, 300px\" \/><\/a><figcaption id=\"caption-attachment-23883\" class=\"wp-caption-text\">Tungvint \u00e5 koble seg til str\u00f8m her<\/figcaption><\/figure>\n<p>Men god og hyggelig service i det minste!<\/p>\n<p>Selve S\u00e6b\u00f8 er et lite og koselig sted med flere butikker og restauranter og fergekai. Var ganske \u00f8de i slutten av august, men er nok adskillig mer livat om sommeren. Det er ogs\u00e5 campingplass her, og jeg vil tro at hotellet, som er ganske unikt, ogs\u00e5 er fullbooket om sommeren. Og gjestehavna tilsvarende popul\u00e6r.<\/p>\n<p>S\u00e6b\u00f8 ble for alvor satt p\u00e5 kartet da det var filminnspilling i n\u00e6rheten og selveste Scarlett Johansson var innom butikken&#8230;<\/p>\n<p>Det er faktisk to Joker-butikker omtrent rett ved siden av hverandre, og det er de eneste to dagligvarebutikkene i S\u00e6b\u00f8&#8230; Det b\u00e5de h\u00f8res og ser litt merkelig ut, men da jeg spurte innehaveren av denne ene butikken (veldig hyggelig fyr for \u00f8vrig) fortalte han at det egentlig hadde v\u00e6rt tre dagligvarebutikker f\u00f8r, s\u00e5 la den ene ned og den andre kjeden som var igjen trakk seg ogs\u00e5 ut. Men innehaveren av den butikken \u00f8nsket \u00e5 fortsette \u00e5 drive butikk, og de eneste som var villige til \u00e5 satse var Norgesgruppen.<\/p>\n<figure id=\"attachment_22898\" aria-describedby=\"caption-attachment-22898\" style=\"width: 300px\" class=\"wp-caption alignright\"><a href=\"https:\/\/i0.wp.com\/pequod.nesodd1.no\/wp-content\/uploads\/2021\/09\/IMG-7202.jpg?ssl=1\"><img data-recalc-dims=\"1\" loading=\"lazy\" decoding=\"async\" data-attachment-id=\"22898\" data-permalink=\"https:\/\/pequod.nesodd1.no\/?attachment_id=22898\" data-orig-file=\"https:\/\/i0.wp.com\/pequod.nesodd1.no\/wp-content\/uploads\/2021\/09\/IMG-7202.jpg?fit=960%2C720&amp;ssl=1\" data-orig-size=\"960,720\" data-comments-opened=\"1\" data-image-meta=\"{&quot;aperture&quot;:&quot;0&quot;,&quot;credit&quot;:&quot;&quot;,&quot;camera&quot;:&quot;&quot;,&quot;caption&quot;:&quot;&quot;,&quot;created_timestamp&quot;:&quot;0&quot;,&quot;copyright&quot;:&quot;&quot;,&quot;focal_length&quot;:&quot;0&quot;,&quot;iso&quot;:&quot;0&quot;,&quot;shutter_speed&quot;:&quot;0&quot;,&quot;title&quot;:&quot;&quot;,&quot;orientation&quot;:&quot;0&quot;}\" data-image-title=\"IMG-7202\" data-image-description=\"&lt;p&gt;S\u00e6b\u00f8, Hj\u00f8rundfjorden,  butikker, Joker&lt;\/p&gt;\n\" data-image-caption=\"&lt;p&gt;Et sted med noen f\u00e5 hundre innbyggere, men to butikker i samme kjede &amp;#8211; ved siden av hverandre&amp;#8230;&lt;\/p&gt;\n\" data-medium-file=\"https:\/\/i0.wp.com\/pequod.nesodd1.no\/wp-content\/uploads\/2021\/09\/IMG-7202.jpg?fit=300%2C225&amp;ssl=1\" data-large-file=\"https:\/\/i0.wp.com\/pequod.nesodd1.no\/wp-content\/uploads\/2021\/09\/IMG-7202.jpg?fit=940%2C705&amp;ssl=1\" class=\"size-medium wp-image-22898\" src=\"https:\/\/i0.wp.com\/pequod.nesodd1.no\/wp-content\/uploads\/2021\/09\/IMG-7202.jpg?resize=300%2C225&#038;ssl=1\" alt=\"\" width=\"300\" height=\"225\" srcset=\"https:\/\/i0.wp.com\/pequod.nesodd1.no\/wp-content\/uploads\/2021\/09\/IMG-7202.jpg?resize=300%2C225&amp;ssl=1 300w, https:\/\/i0.wp.com\/pequod.nesodd1.no\/wp-content\/uploads\/2021\/09\/IMG-7202.jpg?resize=100%2C75&amp;ssl=1 100w, https:\/\/i0.wp.com\/pequod.nesodd1.no\/wp-content\/uploads\/2021\/09\/IMG-7202.jpg?resize=768%2C576&amp;ssl=1 768w, https:\/\/i0.wp.com\/pequod.nesodd1.no\/wp-content\/uploads\/2021\/09\/IMG-7202.jpg?w=960&amp;ssl=1 960w\" sizes=\"auto, (max-width: 300px) 100vw, 300px\" \/><\/a><figcaption id=\"caption-attachment-22898\" class=\"wp-caption-text\">Et sted med noen f\u00e5 hundre innbyggere, men to butikker i samme kjede &#8211; ved siden av hverandre&#8230;<\/figcaption><\/figure>\n<p>S\u00e5 er det slik at de forskjellige butikkjedene Norgesgruppene har er tilpasset ut ifra beliggenhet, st\u00f8rrelse og slikt, og det eneste butikkonseptet som da passet p\u00e5 S\u00e6b\u00f8 var Joker-konseptet. S\u00e5 dermed endte det opp med to Joker-butikker nesten vegg-i-vegg med hverandre som drives av to forskjellige drivere.<\/p>\n<p>Det ville ikke sett s\u00e5 rart ut hvis de hadde ligget to forskjellige steder i S\u00e6b\u00f8, men det blir litt rart n\u00e5r de ligger knappe 50 meter fra hverandre&#8230; Innehaveren av butikken til venstre (som jeg og Scarlett var inne i&#8230;) fortalte at det g\u00e5r greit med begge, men at de nok f\u00f8rst og fremst lever av turistsesongen da folketallet i S\u00e6b\u00f8 blir mangedoblet.<\/p>\n<p>Det kan hende jeg innbilte meg det, men jeg synes det s\u00e5 ut som om han i Joker-butikken til h\u00f8yre p\u00e5 bildet s\u00e5 litt surt p\u00e5 meg da jeg gikk forbi med en Joker-pose etter \u00e5 ha handlet i butikken til venstre&#8230;<\/p>\n<p>&nbsp;<\/p>\n<h3>Related Images:<\/h3>","protected":false},"excerpt":{"rendered":"<p>Vurdering (5 anker er best):&nbsp; Posisjon: 62\u00b012&#8217;26.3&#8243;N 6\u00b028&#8217;42.1&#8243;E Antall bes\u00f8k: 1 Sist bes\u00f8kt: 30.-31.08 2021. Webkamera: Nei.&nbsp; Hjemmeside. Fasiliteter: Str\u00f8m og vann. Restaurant i tilknytning til hotellet. Toaletter og dusj. Drivstoff. S\u00f8ppel. \u00d8vrige butikker (2 x Joker) og restauranter i kort avstand fra gjestehavna. Havneavgift (for 29-foter): 175 NOK. Betales i hotellresepsjonen. Fort\u00f8yning: Baug\/akter mot &hellip;<br \/><a href=\"https:\/\/pequod.nesodd1.no\/?page_id=23882\" class=\"more-link pen_element_default pen_icon_arrow_double\">Les<\/a><\/p>\n","protected":false},"author":1,"featured_media":22896,"parent":5493,"menu_order":0,"comment_status":"closed","ping_status":"closed","template":"","meta":{"_crdt_document":"","ngg_post_thumbnail":0,"jetpack_post_was_ever_published":false,"footnotes":""},"class_list":["post-23882","page","type-page","status-publish","has-post-thumbnail","hentry"],"jetpack_shortlink":"https:\/\/wp.me\/P3Zd9b-6dc","jetpack_sharing_enabled":true,"jetpack_likes_enabled":true,"jetpack-related-posts":[],"_links":{"self":[{"href":"https:\/\/pequod.nesodd1.no\/index.php?rest_route=\/wp\/v2\/pages\/23882","targetHints":{"allow":["GET"]}}],"collection":[{"href":"https:\/\/pequod.nesodd1.no\/index.php?rest_route=\/wp\/v2\/pages"}],"about":[{"href":"https:\/\/pequod.nesodd1.no\/index.php?rest_route=\/wp\/v2\/types\/page"}],"author":[{"embeddable":true,"href":"https:\/\/pequod.nesodd1.no\/index.php?rest_route=\/wp\/v2\/users\/1"}],"replies":[{"embeddable":true,"href":"https:\/\/pequod.nesodd1.no\/index.php?rest_route=%2Fwp%2Fv2%2Fcomments&post=23882"}],"version-history":[{"count":4,"href":"https:\/\/pequod.nesodd1.no\/index.php?rest_route=\/wp\/v2\/pages\/23882\/revisions"}],"predecessor-version":[{"id":27236,"href":"https:\/\/pequod.nesodd1.no\/index.php?rest_route=\/wp\/v2\/pages\/23882\/revisions\/27236"}],"up":[{"embeddable":true,"href":"https:\/\/pequod.nesodd1.no\/index.php?rest_route=\/wp\/v2\/pages\/5493"}],"wp:featuredmedia":[{"embeddable":true,"href":"https:\/\/pequod.nesodd1.no\/index.php?rest_route=\/wp\/v2\/media\/22896"}],"wp:attachment":[{"href":"https:\/\/pequod.nesodd1.no\/index.php?rest_route=%2Fwp%2Fv2%2Fmedia&parent=23882"}],"curies":[{"name":"wp","href":"https:\/\/api.w.org\/{rel}","templated":true}]}}