{"id":23942,"date":"2022-04-05T08:37:05","date_gmt":"2022-04-05T06:37:05","guid":{"rendered":"https:\/\/pequod.nesodd1.no\/?page_id=23942"},"modified":"2022-04-05T08:37:05","modified_gmt":"2022-04-05T06:37:05","slug":"amfi-gjestebrygge-floro","status":"publish","type":"page","link":"https:\/\/pequod.nesodd1.no\/?page_id=23942","title":{"rendered":"Amfi gjestebrygge (Flor\u00f8)"},"content":{"rendered":"<p><strong>Vurdering (5 anker er best):<\/strong> <a href=\"https:\/\/i0.wp.com\/pequod.nesodd1.no\/wp-content\/uploads\/2019\/10\/klistremerker-anker-og-tau-design.jpg.jpg?ssl=1\"><img loading=\"lazy\" decoding=\"async\" data-attachment-id=\"16489\" data-permalink=\"https:\/\/pequod.nesodd1.no\/?attachment_id=16489\" data-orig-file=\"https:\/\/i0.wp.com\/pequod.nesodd1.no\/wp-content\/uploads\/2019\/10\/klistremerker-anker-og-tau-design.jpg.jpg?fit=25%2C25&amp;ssl=1\" data-orig-size=\"25,25\" data-comments-opened=\"1\" data-image-meta=\"{&quot;aperture&quot;:&quot;0&quot;,&quot;credit&quot;:&quot;tribalium81&quot;,&quot;camera&quot;:&quot;&quot;,&quot;caption&quot;:&quot;&quot;,&quot;created_timestamp&quot;:&quot;0&quot;,&quot;copyright&quot;:&quot;tribalium81&quot;,&quot;focal_length&quot;:&quot;0&quot;,&quot;iso&quot;:&quot;0&quot;,&quot;shutter_speed&quot;:&quot;0&quot;,&quot;title&quot;:&quot;anchor and rope design&quot;,&quot;orientation&quot;:&quot;1&quot;}\" data-image-title=\"anchor and rope design\" data-image-description=\"\" data-image-caption=\"\" data-large-file=\"https:\/\/i0.wp.com\/pequod.nesodd1.no\/wp-content\/uploads\/2019\/10\/klistremerker-anker-og-tau-design.jpg.jpg?fit=25%2C25&amp;ssl=1\" class=\"alignnone size-full wp-image-16489 jetpack-lazy-image jetpack-lazy-image--handled\" src=\"https:\/\/i0.wp.com\/pequod.nesodd1.no\/wp-content\/uploads\/2019\/10\/klistremerker-anker-og-tau-design.jpg.jpg?resize=25%2C25&amp;ssl=1\" alt=\"\" width=\"25\" height=\"25\" data-attachment-id=\"16489\" data-permalink=\"https:\/\/pequod.nesodd1.no\/?attachment_id=16489\" data-orig-file=\"https:\/\/i0.wp.com\/pequod.nesodd1.no\/wp-content\/uploads\/2019\/10\/klistremerker-anker-og-tau-design.jpg.jpg?fit=25%2C25&amp;ssl=1\" data-orig-size=\"25,25\" data-comments-opened=\"1\" data-image-meta=\"{&quot;aperture&quot;:&quot;0&quot;,&quot;credit&quot;:&quot;tribalium81&quot;,&quot;camera&quot;:&quot;&quot;,&quot;caption&quot;:&quot;&quot;,&quot;created_timestamp&quot;:&quot;0&quot;,&quot;copyright&quot;:&quot;tribalium81&quot;,&quot;focal_length&quot;:&quot;0&quot;,&quot;iso&quot;:&quot;0&quot;,&quot;shutter_speed&quot;:&quot;0&quot;,&quot;title&quot;:&quot;anchor and rope design&quot;,&quot;orientation&quot;:&quot;1&quot;}\" data-image-title=\"anchor and rope design\" data-image-description=\"\" data-image-caption=\"\" data-medium-file=\"https:\/\/i0.wp.com\/pequod.nesodd1.no\/wp-content\/uploads\/2019\/10\/klistremerker-anker-og-tau-design.jpg.jpg?fit=25%2C25&amp;ssl=1\" data-large-file=\"https:\/\/i0.wp.com\/pequod.nesodd1.no\/wp-content\/uploads\/2019\/10\/klistremerker-anker-og-tau-design.jpg.jpg?fit=25%2C25&amp;ssl=1\" data-lazy-loaded=\"1\"><\/a><br \/>\n<strong>Posisjon:<\/strong> 61\u00b036&#8217;4.2&#8243;N 5\u00b02&#8217;8.9&#8243;E<br \/>\n<b>Antall bes\u00f8k:<\/b>&nbsp;1&nbsp;<b>Sist bes\u00f8kt:<\/b> 10.9 2021<br \/>\n<b>Fasiliteter:<\/b> Str\u00f8m og vann.<br \/>\n<strong>Havneavgift (for 29-foter):&nbsp;<\/strong>130 NOK inkl. str\u00f8m. 30 NOK per time. Automat eller Go Marina-appen.<br \/>\n<strong>Fort\u00f8yning:<\/strong> Langsides\/b\u00e5ser.<br \/>\n<b>Tilrettelagt for funksjonshemmede:<\/b> Som vanlig, ved fj\u00e6re sj\u00f8 ganske bratt rampe opp til land.&nbsp;<\/p>\n<p><a href=\"https:\/\/i0.wp.com\/pequod.nesodd1.no\/wp-content\/uploads\/2022\/04\/IMG-7886.jpg?ssl=1\"><img data-recalc-dims=\"1\" loading=\"lazy\" decoding=\"async\" data-attachment-id=\"23945\" data-permalink=\"https:\/\/pequod.nesodd1.no\/?attachment_id=23945\" data-orig-file=\"https:\/\/i0.wp.com\/pequod.nesodd1.no\/wp-content\/uploads\/2022\/04\/IMG-7886.jpg?fit=960%2C720&amp;ssl=1\" data-orig-size=\"960,720\" data-comments-opened=\"1\" data-image-meta=\"{&quot;aperture&quot;:&quot;1.8&quot;,&quot;credit&quot;:&quot;&quot;,&quot;camera&quot;:&quot;iPhone 11 Pro Max&quot;,&quot;caption&quot;:&quot;&quot;,&quot;created_timestamp&quot;:&quot;1631111051&quot;,&quot;copyright&quot;:&quot;&quot;,&quot;focal_length&quot;:&quot;4.25&quot;,&quot;iso&quot;:&quot;32&quot;,&quot;shutter_speed&quot;:&quot;0.00095877277085331&quot;,&quot;title&quot;:&quot;&quot;,&quot;orientation&quot;:&quot;1&quot;}\" data-image-title=\"IMG-7886\" data-image-description=\"&lt;p&gt;Flor\u00f8, Amfi gjestebrygger&lt;\/p&gt;\n\" data-image-caption=\"\" data-large-file=\"https:\/\/i0.wp.com\/pequod.nesodd1.no\/wp-content\/uploads\/2022\/04\/IMG-7886.jpg?fit=940%2C705&amp;ssl=1\" class=\"alignleft size-medium wp-image-23945\" src=\"https:\/\/i0.wp.com\/pequod.nesodd1.no\/wp-content\/uploads\/2022\/04\/IMG-7886.jpg?resize=300%2C225&#038;ssl=1\" alt=\"\" width=\"300\" height=\"225\" srcset=\"https:\/\/i0.wp.com\/pequod.nesodd1.no\/wp-content\/uploads\/2022\/04\/IMG-7886.jpg?resize=300%2C225&amp;ssl=1 300w, https:\/\/i0.wp.com\/pequod.nesodd1.no\/wp-content\/uploads\/2022\/04\/IMG-7886.jpg?resize=100%2C75&amp;ssl=1 100w, https:\/\/i0.wp.com\/pequod.nesodd1.no\/wp-content\/uploads\/2022\/04\/IMG-7886.jpg?resize=768%2C576&amp;ssl=1 768w, https:\/\/i0.wp.com\/pequod.nesodd1.no\/wp-content\/uploads\/2022\/04\/IMG-7886.jpg?w=960&amp;ssl=1 960w\" sizes=\"auto, (max-width: 300px) 100vw, 300px\" \/><\/a>Dette er tre flytebrygger som ligger rett utenfor Amfi-senteret i Flor\u00f8, bare noen f\u00e5 meter fra selve Flor\u00f8 gjestehavn. (De ligger p\u00e5 innsiden av det som er en langt st\u00f8rre brygge (som du ser til h\u00f8yre p\u00e5 bildet til venstre), men den er offentlig kai og der er det kun fort\u00f8yning etter avtale).<\/p>\n<p>La meg til her mens jeg egentlig l\u00e5 i den andre gjestehavna, fordi jeg skulle bunkre opp med litt Pepsi-Max og annen proviant f\u00f8r jeg skulle dra videre dagen etter. Kort vei til butikksenteret og Rema-butikken der, og siden jeg er litt d\u00e5rlig til bens tenkte jeg det var en lur id\u00e9.<\/p>\n<p>Rent vindmessig ligger bryggene utsatt til b\u00e5de for vind og for b\u00e5ttrafikk som ikke f\u00f8lger 5 knops-grensen, men jeg var et \u00f8yeblikk fristet til \u00e5 ligge her det siste d\u00f8gnet ettersom det var mye billigere enn den andre gjestehavna, og jeg ikke hadde planer om \u00e5 bruke servicebygget i den andre havna f\u00f8r jeg skulle dra p\u00e5 formiddagen dagen etter.<\/p>\n<p>Men det endte med at jeg dro tilbake til den andre havna ettersom det hverken var str\u00f8m p\u00e5 betalingsautomaten eller p\u00e5 str\u00f8mstolpene p\u00e5 brygga, og en v\u00e5t septemberdag\/kveld\/natt \u00f8nsket jeg \u00e5 ha p\u00e5 litt varme i b\u00e5ten. Vet ikke om str\u00f8mmen var tatt fordi det var i september og de ans\u00e5 sesongen som over, eller om det var andre \u00e5rsaker.<\/p>\n<p>Men greit \u00e5 ha i bakhodet som et alternativ hvis det skulle v\u00e6re trangt om plassen i den andre gjestehavna.<\/p>\n<h3>Related Images:<\/h3>","protected":false},"excerpt":{"rendered":"<p>Vurdering (5 anker er best): Posisjon: 61\u00b036&#8217;4.2&#8243;N 5\u00b02&#8217;8.9&#8243;E Antall bes\u00f8k:&nbsp;1&nbsp;Sist bes\u00f8kt: 10.9 2021 Fasiliteter: Str\u00f8m og vann. Havneavgift (for 29-foter):&nbsp;130 NOK inkl. str\u00f8m. 30 NOK per time. Automat eller Go Marina-appen. Fort\u00f8yning: Langsides\/b\u00e5ser. Tilrettelagt for funksjonshemmede: Som vanlig, ved fj\u00e6re sj\u00f8 ganske bratt rampe opp til land.&nbsp; Dette er tre flytebrygger som ligger rett utenfor &hellip;<br \/><a href=\"https:\/\/pequod.nesodd1.no\/?page_id=23942\" class=\"more-link pen_element_default pen_icon_arrow_double\">Les<\/a><\/p>\n","protected":false},"author":1,"featured_media":22975,"parent":5493,"menu_order":0,"comment_status":"closed","ping_status":"closed","template":"","meta":{"_crdt_document":"","ngg_post_thumbnail":0,"jetpack_post_was_ever_published":false,"footnotes":""},"class_list":["post-23942","page","type-page","status-publish","has-post-thumbnail","hentry"],"jetpack_shortlink":"https:\/\/wp.me\/P3Zd9b-6ea","jetpack_sharing_enabled":true,"jetpack_likes_enabled":true,"jetpack-related-posts":[],"_links":{"self":[{"href":"https:\/\/pequod.nesodd1.no\/index.php?rest_route=\/wp\/v2\/pages\/23942","targetHints":{"allow":["GET"]}}],"collection":[{"href":"https:\/\/pequod.nesodd1.no\/index.php?rest_route=\/wp\/v2\/pages"}],"about":[{"href":"https:\/\/pequod.nesodd1.no\/index.php?rest_route=\/wp\/v2\/types\/page"}],"author":[{"embeddable":true,"href":"https:\/\/pequod.nesodd1.no\/index.php?rest_route=\/wp\/v2\/users\/1"}],"replies":[{"embeddable":true,"href":"https:\/\/pequod.nesodd1.no\/index.php?rest_route=%2Fwp%2Fv2%2Fcomments&post=23942"}],"version-history":[{"count":4,"href":"https:\/\/pequod.nesodd1.no\/index.php?rest_route=\/wp\/v2\/pages\/23942\/revisions"}],"predecessor-version":[{"id":23947,"href":"https:\/\/pequod.nesodd1.no\/index.php?rest_route=\/wp\/v2\/pages\/23942\/revisions\/23947"}],"up":[{"embeddable":true,"href":"https:\/\/pequod.nesodd1.no\/index.php?rest_route=\/wp\/v2\/pages\/5493"}],"wp:featuredmedia":[{"embeddable":true,"href":"https:\/\/pequod.nesodd1.no\/index.php?rest_route=\/wp\/v2\/media\/22975"}],"wp:attachment":[{"href":"https:\/\/pequod.nesodd1.no\/index.php?rest_route=%2Fwp%2Fv2%2Fmedia&parent=23942"}],"curies":[{"name":"wp","href":"https:\/\/api.w.org\/{rel}","templated":true}]}}