{"id":23951,"date":"2022-04-05T09:07:13","date_gmt":"2022-04-05T07:07:13","guid":{"rendered":"https:\/\/pequod.nesodd1.no\/?page_id=23951"},"modified":"2022-04-05T09:10:17","modified_gmt":"2022-04-05T07:10:17","slug":"askvoll","status":"publish","type":"page","link":"https:\/\/pequod.nesodd1.no\/?page_id=23951","title":{"rendered":"Askvoll gjestehavn"},"content":{"rendered":"<p><strong>Vurdering (5 anker er best):<\/strong> <a href=\"https:\/\/i0.wp.com\/pequod.nesodd1.no\/wp-content\/uploads\/2019\/10\/klistremerker-anker-og-tau-design.jpg.jpg?ssl=1\"><img loading=\"lazy\" decoding=\"async\" data-attachment-id=\"16489\" data-permalink=\"https:\/\/pequod.nesodd1.no\/?attachment_id=16489\" data-orig-file=\"https:\/\/i0.wp.com\/pequod.nesodd1.no\/wp-content\/uploads\/2019\/10\/klistremerker-anker-og-tau-design.jpg.jpg?fit=25%2C25&amp;ssl=1\" data-orig-size=\"25,25\" data-comments-opened=\"1\" data-image-meta=\"{&quot;aperture&quot;:&quot;0&quot;,&quot;credit&quot;:&quot;tribalium81&quot;,&quot;camera&quot;:&quot;&quot;,&quot;caption&quot;:&quot;&quot;,&quot;created_timestamp&quot;:&quot;0&quot;,&quot;copyright&quot;:&quot;tribalium81&quot;,&quot;focal_length&quot;:&quot;0&quot;,&quot;iso&quot;:&quot;0&quot;,&quot;shutter_speed&quot;:&quot;0&quot;,&quot;title&quot;:&quot;anchor and rope design&quot;,&quot;orientation&quot;:&quot;1&quot;}\" data-image-title=\"anchor and rope design\" data-image-description=\"\" data-image-caption=\"\" data-large-file=\"https:\/\/i0.wp.com\/pequod.nesodd1.no\/wp-content\/uploads\/2019\/10\/klistremerker-anker-og-tau-design.jpg.jpg?fit=25%2C25&amp;ssl=1\" class=\"alignnone size-full wp-image-16489 jetpack-lazy-image jetpack-lazy-image--handled\" src=\"https:\/\/i0.wp.com\/pequod.nesodd1.no\/wp-content\/uploads\/2019\/10\/klistremerker-anker-og-tau-design.jpg.jpg?resize=25%2C25&amp;ssl=1\" alt=\"\" width=\"25\" height=\"25\" data-attachment-id=\"16489\" data-permalink=\"https:\/\/pequod.nesodd1.no\/?attachment_id=16489\" data-orig-file=\"https:\/\/i0.wp.com\/pequod.nesodd1.no\/wp-content\/uploads\/2019\/10\/klistremerker-anker-og-tau-design.jpg.jpg?fit=25%2C25&amp;ssl=1\" data-orig-size=\"25,25\" data-comments-opened=\"1\" data-image-meta=\"{&quot;aperture&quot;:&quot;0&quot;,&quot;credit&quot;:&quot;tribalium81&quot;,&quot;camera&quot;:&quot;&quot;,&quot;caption&quot;:&quot;&quot;,&quot;created_timestamp&quot;:&quot;0&quot;,&quot;copyright&quot;:&quot;tribalium81&quot;,&quot;focal_length&quot;:&quot;0&quot;,&quot;iso&quot;:&quot;0&quot;,&quot;shutter_speed&quot;:&quot;0&quot;,&quot;title&quot;:&quot;anchor and rope design&quot;,&quot;orientation&quot;:&quot;1&quot;}\" data-image-title=\"anchor and rope design\" data-image-description=\"\" data-image-caption=\"\" data-medium-file=\"https:\/\/i0.wp.com\/pequod.nesodd1.no\/wp-content\/uploads\/2019\/10\/klistremerker-anker-og-tau-design.jpg.jpg?fit=25%2C25&amp;ssl=1\" data-large-file=\"https:\/\/i0.wp.com\/pequod.nesodd1.no\/wp-content\/uploads\/2019\/10\/klistremerker-anker-og-tau-design.jpg.jpg?fit=25%2C25&amp;ssl=1\" data-lazy-loaded=\"1\"><\/a><a href=\"https:\/\/i0.wp.com\/pequod.nesodd1.no\/wp-content\/uploads\/2019\/10\/klistremerker-anker-og-tau-design.jpg.jpg?ssl=1\"><img loading=\"lazy\" decoding=\"async\" data-attachment-id=\"16489\" data-permalink=\"https:\/\/pequod.nesodd1.no\/?attachment_id=16489\" data-orig-file=\"https:\/\/i0.wp.com\/pequod.nesodd1.no\/wp-content\/uploads\/2019\/10\/klistremerker-anker-og-tau-design.jpg.jpg?fit=25%2C25&amp;ssl=1\" data-orig-size=\"25,25\" data-comments-opened=\"1\" data-image-meta=\"{&quot;aperture&quot;:&quot;0&quot;,&quot;credit&quot;:&quot;tribalium81&quot;,&quot;camera&quot;:&quot;&quot;,&quot;caption&quot;:&quot;&quot;,&quot;created_timestamp&quot;:&quot;0&quot;,&quot;copyright&quot;:&quot;tribalium81&quot;,&quot;focal_length&quot;:&quot;0&quot;,&quot;iso&quot;:&quot;0&quot;,&quot;shutter_speed&quot;:&quot;0&quot;,&quot;title&quot;:&quot;anchor and rope design&quot;,&quot;orientation&quot;:&quot;1&quot;}\" data-image-title=\"anchor and rope design\" data-image-description=\"\" data-image-caption=\"\" data-large-file=\"https:\/\/i0.wp.com\/pequod.nesodd1.no\/wp-content\/uploads\/2019\/10\/klistremerker-anker-og-tau-design.jpg.jpg?fit=25%2C25&amp;ssl=1\" class=\"alignnone size-full wp-image-16489 jetpack-lazy-image jetpack-lazy-image--handled\" src=\"https:\/\/i0.wp.com\/pequod.nesodd1.no\/wp-content\/uploads\/2019\/10\/klistremerker-anker-og-tau-design.jpg.jpg?resize=25%2C25&amp;ssl=1\" alt=\"\" width=\"25\" height=\"25\" data-attachment-id=\"16489\" data-permalink=\"https:\/\/pequod.nesodd1.no\/?attachment_id=16489\" data-orig-file=\"https:\/\/i0.wp.com\/pequod.nesodd1.no\/wp-content\/uploads\/2019\/10\/klistremerker-anker-og-tau-design.jpg.jpg?fit=25%2C25&amp;ssl=1\" data-orig-size=\"25,25\" data-comments-opened=\"1\" data-image-meta=\"{&quot;aperture&quot;:&quot;0&quot;,&quot;credit&quot;:&quot;tribalium81&quot;,&quot;camera&quot;:&quot;&quot;,&quot;caption&quot;:&quot;&quot;,&quot;created_timestamp&quot;:&quot;0&quot;,&quot;copyright&quot;:&quot;tribalium81&quot;,&quot;focal_length&quot;:&quot;0&quot;,&quot;iso&quot;:&quot;0&quot;,&quot;shutter_speed&quot;:&quot;0&quot;,&quot;title&quot;:&quot;anchor and rope design&quot;,&quot;orientation&quot;:&quot;1&quot;}\" data-image-title=\"anchor and rope design\" data-image-description=\"\" data-image-caption=\"\" data-medium-file=\"https:\/\/i0.wp.com\/pequod.nesodd1.no\/wp-content\/uploads\/2019\/10\/klistremerker-anker-og-tau-design.jpg.jpg?fit=25%2C25&amp;ssl=1\" data-large-file=\"https:\/\/i0.wp.com\/pequod.nesodd1.no\/wp-content\/uploads\/2019\/10\/klistremerker-anker-og-tau-design.jpg.jpg?fit=25%2C25&amp;ssl=1\" data-lazy-loaded=\"1\"><\/a><a href=\"https:\/\/i0.wp.com\/pequod.nesodd1.no\/wp-content\/uploads\/2019\/10\/klistremerker-anker-og-tau-design.jpg.jpg?ssl=1\"><img loading=\"lazy\" decoding=\"async\" data-attachment-id=\"16489\" data-permalink=\"https:\/\/pequod.nesodd1.no\/?attachment_id=16489\" data-orig-file=\"https:\/\/i0.wp.com\/pequod.nesodd1.no\/wp-content\/uploads\/2019\/10\/klistremerker-anker-og-tau-design.jpg.jpg?fit=25%2C25&amp;ssl=1\" data-orig-size=\"25,25\" data-comments-opened=\"1\" data-image-meta=\"{&quot;aperture&quot;:&quot;0&quot;,&quot;credit&quot;:&quot;tribalium81&quot;,&quot;camera&quot;:&quot;&quot;,&quot;caption&quot;:&quot;&quot;,&quot;created_timestamp&quot;:&quot;0&quot;,&quot;copyright&quot;:&quot;tribalium81&quot;,&quot;focal_length&quot;:&quot;0&quot;,&quot;iso&quot;:&quot;0&quot;,&quot;shutter_speed&quot;:&quot;0&quot;,&quot;title&quot;:&quot;anchor and rope design&quot;,&quot;orientation&quot;:&quot;1&quot;}\" data-image-title=\"anchor and rope design\" data-image-description=\"\" data-image-caption=\"\" data-large-file=\"https:\/\/i0.wp.com\/pequod.nesodd1.no\/wp-content\/uploads\/2019\/10\/klistremerker-anker-og-tau-design.jpg.jpg?fit=25%2C25&amp;ssl=1\" class=\"alignnone size-full wp-image-16489 jetpack-lazy-image jetpack-lazy-image--handled\" src=\"https:\/\/i0.wp.com\/pequod.nesodd1.no\/wp-content\/uploads\/2019\/10\/klistremerker-anker-og-tau-design.jpg.jpg?resize=25%2C25&amp;ssl=1\" alt=\"\" width=\"25\" height=\"25\" data-attachment-id=\"16489\" data-permalink=\"https:\/\/pequod.nesodd1.no\/?attachment_id=16489\" data-orig-file=\"https:\/\/i0.wp.com\/pequod.nesodd1.no\/wp-content\/uploads\/2019\/10\/klistremerker-anker-og-tau-design.jpg.jpg?fit=25%2C25&amp;ssl=1\" data-orig-size=\"25,25\" data-comments-opened=\"1\" data-image-meta=\"{&quot;aperture&quot;:&quot;0&quot;,&quot;credit&quot;:&quot;tribalium81&quot;,&quot;camera&quot;:&quot;&quot;,&quot;caption&quot;:&quot;&quot;,&quot;created_timestamp&quot;:&quot;0&quot;,&quot;copyright&quot;:&quot;tribalium81&quot;,&quot;focal_length&quot;:&quot;0&quot;,&quot;iso&quot;:&quot;0&quot;,&quot;shutter_speed&quot;:&quot;0&quot;,&quot;title&quot;:&quot;anchor and rope design&quot;,&quot;orientation&quot;:&quot;1&quot;}\" data-image-title=\"anchor and rope design\" data-image-description=\"\" data-image-caption=\"\" data-medium-file=\"https:\/\/i0.wp.com\/pequod.nesodd1.no\/wp-content\/uploads\/2019\/10\/klistremerker-anker-og-tau-design.jpg.jpg?fit=25%2C25&amp;ssl=1\" data-large-file=\"https:\/\/i0.wp.com\/pequod.nesodd1.no\/wp-content\/uploads\/2019\/10\/klistremerker-anker-og-tau-design.jpg.jpg?fit=25%2C25&amp;ssl=1\" data-lazy-loaded=\"1\"><\/a><br \/>\n<strong>Posisjon:<\/strong> 61\u00b020&#8217;46.2&#8243;N 5\u00b03&#8217;53.4&#8243;E<br \/>\n<b>Antall bes\u00f8k:<\/b>&nbsp;1&nbsp;<b>Sist bes\u00f8kt:<\/b> 11.-13.9 2021<br \/>\n<b>Fasiliteter:<\/b> Str\u00f8m, vann, toalett, dusj, vaskemaskin\/t\u00f8rketrommel, s\u00f8ppel, drivstoff. Restaurant og butikker rett ved havna.<br \/>\n<strong>Havneavgift (for 29-foter):&nbsp;<\/strong>200 NOK inkl. str\u00f8m. Betales med Vipps eller p\u00e5 bensinstasjonen (YX).&nbsp;<br \/>\n<strong>Fort\u00f8yning:<\/strong> Langsides\/b\u00e5ser.<br \/>\n<b>Tilrettelagt for funksjonshemmede:<\/b> Som vanlig, ved fj\u00e6re sj\u00f8 ganske bratt rampe opp til land.&nbsp;<\/p>\n<p><a href=\"https:\/\/i0.wp.com\/pequod.nesodd1.no\/wp-content\/uploads\/2021\/09\/806EB8B1-96F3-40B8-8E5C-9304E87A65E1.jpeg.3709a648febe5e982a29d307458d5f09.jpeg?ssl=1\"><img data-recalc-dims=\"1\" loading=\"lazy\" decoding=\"async\" data-attachment-id=\"22992\" data-permalink=\"https:\/\/pequod.nesodd1.no\/?attachment_id=22992\" data-orig-file=\"https:\/\/i0.wp.com\/pequod.nesodd1.no\/wp-content\/uploads\/2021\/09\/806EB8B1-96F3-40B8-8E5C-9304E87A65E1.jpeg.3709a648febe5e982a29d307458d5f09.jpeg?fit=1000%2C750&amp;ssl=1\" data-orig-size=\"1000,750\" data-comments-opened=\"1\" data-image-meta=\"{&quot;aperture&quot;:&quot;0&quot;,&quot;credit&quot;:&quot;&quot;,&quot;camera&quot;:&quot;&quot;,&quot;caption&quot;:&quot;&quot;,&quot;created_timestamp&quot;:&quot;0&quot;,&quot;copyright&quot;:&quot;&quot;,&quot;focal_length&quot;:&quot;0&quot;,&quot;iso&quot;:&quot;0&quot;,&quot;shutter_speed&quot;:&quot;0&quot;,&quot;title&quot;:&quot;&quot;,&quot;orientation&quot;:&quot;0&quot;}\" data-image-title=\"806EB8B1-96F3-40B8-8E5C-9304E87A65E1.jpeg.3709a648febe5e982a29d307458d5f09\" data-image-description=\"&lt;p&gt;Askvoll, Vestland&lt;\/p&gt;\n\" data-image-caption=\"\" data-large-file=\"https:\/\/i0.wp.com\/pequod.nesodd1.no\/wp-content\/uploads\/2021\/09\/806EB8B1-96F3-40B8-8E5C-9304E87A65E1.jpeg.3709a648febe5e982a29d307458d5f09.jpeg?fit=940%2C705&amp;ssl=1\" class=\"alignleft size-medium wp-image-22992\" src=\"https:\/\/i0.wp.com\/pequod.nesodd1.no\/wp-content\/uploads\/2021\/09\/806EB8B1-96F3-40B8-8E5C-9304E87A65E1.jpeg.3709a648febe5e982a29d307458d5f09.jpeg?resize=300%2C225&#038;ssl=1\" alt=\"\" width=\"300\" height=\"225\" srcset=\"https:\/\/i0.wp.com\/pequod.nesodd1.no\/wp-content\/uploads\/2021\/09\/806EB8B1-96F3-40B8-8E5C-9304E87A65E1.jpeg.3709a648febe5e982a29d307458d5f09.jpeg?resize=300%2C225&amp;ssl=1 300w, https:\/\/i0.wp.com\/pequod.nesodd1.no\/wp-content\/uploads\/2021\/09\/806EB8B1-96F3-40B8-8E5C-9304E87A65E1.jpeg.3709a648febe5e982a29d307458d5f09.jpeg?resize=100%2C75&amp;ssl=1 100w, https:\/\/i0.wp.com\/pequod.nesodd1.no\/wp-content\/uploads\/2021\/09\/806EB8B1-96F3-40B8-8E5C-9304E87A65E1.jpeg.3709a648febe5e982a29d307458d5f09.jpeg?resize=768%2C576&amp;ssl=1 768w, https:\/\/i0.wp.com\/pequod.nesodd1.no\/wp-content\/uploads\/2021\/09\/806EB8B1-96F3-40B8-8E5C-9304E87A65E1.jpeg.3709a648febe5e982a29d307458d5f09.jpeg?w=1000&amp;ssl=1 1000w\" sizes=\"auto, (max-width: 300px) 100vw, 300px\" \/><\/a>Gjestehavna p\u00e5 Askvoll drives av b\u00e5tforeningen, men jeg plasserer den likevel her og ikke under fanen &laquo;B\u00e5tforeninger&raquo; fordi det er en blanding av dedikerte gjesteplasser og gr\u00f8nnmerkede b\u00e5splasser. De faste gjesteplassene ligger p\u00e5 utsiden av restauranten og p\u00e5 den ytterste b\u00f8lgebryteren til selve b\u00e5tforeningen, hvis jeg har oppfattet det riktig.<\/p>\n<p>Jeg la meg til i en ledig b\u00e5s i selve b\u00e5tforeningens brygge. Ledige b\u00e5ser er merket med gr\u00f8nt. Havna l\u00e5 relativt lunt til, men noe st\u00f8y i forbindelse med fergeleiet like ved siden av. L\u00e5 ogs\u00e5 ambulanseb\u00e5t stasjonert her. Solid molo\/kai gjorde at b\u00e5ten l\u00e5&nbsp; ganskerolig selv n\u00e5r ferga kom og gikk.<\/p>\n<p>Havneavgiften betales enten med Vipps eller p\u00e5 bensinstasjonen. Siden du uansett m\u00e5 til bensinstasjonen for \u00e5 framvise Vipps-kvitteringen for \u00e5 f\u00e5 kode til serviceanlegget, s\u00e5 betalte jeg p\u00e5 stasjonen det f\u00f8rste d\u00f8gnet, og vippset for det andre da jeg bestemte meg for \u00e5 bli ei natt til.<\/p>\n<p>Serviceanlegget er lite, men rent og pent og ligger p\u00e5 kortsiden av bygget til restauranten. Kiwi (stor butikk) ligger rett over veien. Det er ogs\u00e5 hotell her, en liten strandpromenade med en statue av den lokale multikunstneren Oddvar Torsheim, og et fergeleie der det blant annet er mulig \u00e5 ta ferge til V\u00e6rlandet.<\/p>\n<p>Drivstoffpumpene ligger innerst n\u00e5r man kj\u00f8rer forbi flytebrygga til b\u00e5tforeningen og er knyttet til YX. N\u00e5 fylte jeg ikke her denne gangen, men jeg mener \u00e5 huske at jeg ikke ble direkte imponert over prisen&#8230;<\/p>\n<p>Ellers var det stille og rolig her de to nettene jeg jeg ble liggende. Det var jo d\u00e5rlig v\u00e6r med \u00f8sp\u00f8s regnv\u00e6r mens jeg var her, s\u00e5 det var ikke akkurat livat p\u00e5 kroa\/restauranten heller. men den var i alle fall \u00e5pen, og jeg holdt p\u00e5 \u00e5 stikke innom der siste dagen, men var for sent ute&#8230;<\/p>\n<p><a href=\"https:\/\/i0.wp.com\/pequod.nesodd1.no\/wp-content\/uploads\/2021\/09\/1285BE77-A81B-46CA-AB0C-1E032A71EBF2.jpeg.87a9af77f5a2b392af324aa25349c5ef.jpeg?ssl=1\"><img data-recalc-dims=\"1\" loading=\"lazy\" decoding=\"async\" data-attachment-id=\"22993\" data-permalink=\"https:\/\/pequod.nesodd1.no\/?attachment_id=22993\" data-orig-file=\"https:\/\/i0.wp.com\/pequod.nesodd1.no\/wp-content\/uploads\/2021\/09\/1285BE77-A81B-46CA-AB0C-1E032A71EBF2.jpeg.87a9af77f5a2b392af324aa25349c5ef.jpeg?fit=1000%2C750&amp;ssl=1\" data-orig-size=\"1000,750\" data-comments-opened=\"1\" data-image-meta=\"{&quot;aperture&quot;:&quot;0&quot;,&quot;credit&quot;:&quot;&quot;,&quot;camera&quot;:&quot;&quot;,&quot;caption&quot;:&quot;&quot;,&quot;created_timestamp&quot;:&quot;0&quot;,&quot;copyright&quot;:&quot;&quot;,&quot;focal_length&quot;:&quot;0&quot;,&quot;iso&quot;:&quot;0&quot;,&quot;shutter_speed&quot;:&quot;0&quot;,&quot;title&quot;:&quot;&quot;,&quot;orientation&quot;:&quot;0&quot;}\" data-image-title=\"1285BE77-A81B-46CA-AB0C-1E032A71EBF2.jpeg.87a9af77f5a2b392af324aa25349c5ef\" data-image-description=\"&lt;p&gt;Askvoll, Vestland&lt;\/p&gt;\n\" data-image-caption=\"\" data-large-file=\"https:\/\/i0.wp.com\/pequod.nesodd1.no\/wp-content\/uploads\/2021\/09\/1285BE77-A81B-46CA-AB0C-1E032A71EBF2.jpeg.87a9af77f5a2b392af324aa25349c5ef.jpeg?fit=940%2C705&amp;ssl=1\" class=\"aligncenter size-full wp-image-22993\" src=\"https:\/\/i0.wp.com\/pequod.nesodd1.no\/wp-content\/uploads\/2021\/09\/1285BE77-A81B-46CA-AB0C-1E032A71EBF2.jpeg.87a9af77f5a2b392af324aa25349c5ef.jpeg?resize=940%2C705&#038;ssl=1\" alt=\"\" width=\"940\" height=\"705\" srcset=\"https:\/\/i0.wp.com\/pequod.nesodd1.no\/wp-content\/uploads\/2021\/09\/1285BE77-A81B-46CA-AB0C-1E032A71EBF2.jpeg.87a9af77f5a2b392af324aa25349c5ef.jpeg?w=1000&amp;ssl=1 1000w, https:\/\/i0.wp.com\/pequod.nesodd1.no\/wp-content\/uploads\/2021\/09\/1285BE77-A81B-46CA-AB0C-1E032A71EBF2.jpeg.87a9af77f5a2b392af324aa25349c5ef.jpeg?resize=300%2C225&amp;ssl=1 300w, https:\/\/i0.wp.com\/pequod.nesodd1.no\/wp-content\/uploads\/2021\/09\/1285BE77-A81B-46CA-AB0C-1E032A71EBF2.jpeg.87a9af77f5a2b392af324aa25349c5ef.jpeg?resize=100%2C75&amp;ssl=1 100w, https:\/\/i0.wp.com\/pequod.nesodd1.no\/wp-content\/uploads\/2021\/09\/1285BE77-A81B-46CA-AB0C-1E032A71EBF2.jpeg.87a9af77f5a2b392af324aa25349c5ef.jpeg?resize=768%2C576&amp;ssl=1 768w\" sizes=\"auto, (max-width: 940px) 100vw, 940px\" \/><\/a><\/p>\n<h3>Related Images:<\/h3>","protected":false},"excerpt":{"rendered":"<p>Vurdering (5 anker er best): Posisjon: 61\u00b020&#8217;46.2&#8243;N 5\u00b03&#8217;53.4&#8243;E Antall bes\u00f8k:&nbsp;1&nbsp;Sist bes\u00f8kt: 11.-13.9 2021 Fasiliteter: Str\u00f8m, vann, toalett, dusj, vaskemaskin\/t\u00f8rketrommel, s\u00f8ppel, drivstoff. Restaurant og butikker rett ved havna. Havneavgift (for 29-foter):&nbsp;200 NOK inkl. str\u00f8m. Betales med Vipps eller p\u00e5 bensinstasjonen (YX).&nbsp; Fort\u00f8yning: Langsides\/b\u00e5ser. Tilrettelagt for funksjonshemmede: Som vanlig, ved fj\u00e6re sj\u00f8 ganske bratt rampe opp til &hellip;<br \/><a href=\"https:\/\/pequod.nesodd1.no\/?page_id=23951\" class=\"more-link pen_element_default pen_icon_arrow_double\">Les<\/a><\/p>\n","protected":false},"author":1,"featured_media":22995,"parent":5493,"menu_order":0,"comment_status":"closed","ping_status":"closed","template":"","meta":{"_crdt_document":"","ngg_post_thumbnail":0,"jetpack_post_was_ever_published":false,"footnotes":""},"class_list":["post-23951","page","type-page","status-publish","has-post-thumbnail","hentry"],"jetpack_shortlink":"https:\/\/wp.me\/P3Zd9b-6ej","jetpack_sharing_enabled":true,"jetpack_likes_enabled":true,"jetpack-related-posts":[],"_links":{"self":[{"href":"https:\/\/pequod.nesodd1.no\/index.php?rest_route=\/wp\/v2\/pages\/23951","targetHints":{"allow":["GET"]}}],"collection":[{"href":"https:\/\/pequod.nesodd1.no\/index.php?rest_route=\/wp\/v2\/pages"}],"about":[{"href":"https:\/\/pequod.nesodd1.no\/index.php?rest_route=\/wp\/v2\/types\/page"}],"author":[{"embeddable":true,"href":"https:\/\/pequod.nesodd1.no\/index.php?rest_route=\/wp\/v2\/users\/1"}],"replies":[{"embeddable":true,"href":"https:\/\/pequod.nesodd1.no\/index.php?rest_route=%2Fwp%2Fv2%2Fcomments&post=23951"}],"version-history":[{"count":6,"href":"https:\/\/pequod.nesodd1.no\/index.php?rest_route=\/wp\/v2\/pages\/23951\/revisions"}],"predecessor-version":[{"id":23958,"href":"https:\/\/pequod.nesodd1.no\/index.php?rest_route=\/wp\/v2\/pages\/23951\/revisions\/23958"}],"up":[{"embeddable":true,"href":"https:\/\/pequod.nesodd1.no\/index.php?rest_route=\/wp\/v2\/pages\/5493"}],"wp:featuredmedia":[{"embeddable":true,"href":"https:\/\/pequod.nesodd1.no\/index.php?rest_route=\/wp\/v2\/media\/22995"}],"wp:attachment":[{"href":"https:\/\/pequod.nesodd1.no\/index.php?rest_route=%2Fwp%2Fv2%2Fmedia&parent=23951"}],"curies":[{"name":"wp","href":"https:\/\/api.w.org\/{rel}","templated":true}]}}