{"id":23985,"date":"2022-04-05T19:16:34","date_gmt":"2022-04-05T17:16:34","guid":{"rendered":"https:\/\/pequod.nesodd1.no\/?page_id=23985"},"modified":"2022-04-05T19:16:34","modified_gmt":"2022-04-05T17:16:34","slug":"skjerjehamn-gjestehavn","status":"publish","type":"page","link":"https:\/\/pequod.nesodd1.no\/?page_id=23985","title":{"rendered":"Skjerjehamn gjestehavn"},"content":{"rendered":"<p><strong>Vurdering (5 anker er best):<\/strong>&nbsp;<a href=\"https:\/\/i0.wp.com\/pequod.nesodd1.no\/wp-content\/uploads\/2019\/10\/klistremerker-anker-og-tau-design.jpg.jpg?ssl=1\"><img loading=\"lazy\" decoding=\"async\" data-attachment-id=\"16489\" data-permalink=\"https:\/\/pequod.nesodd1.no\/?attachment_id=16489\" data-orig-file=\"https:\/\/i0.wp.com\/pequod.nesodd1.no\/wp-content\/uploads\/2019\/10\/klistremerker-anker-og-tau-design.jpg.jpg?fit=25%2C25&amp;ssl=1\" data-orig-size=\"25,25\" data-comments-opened=\"1\" data-image-meta=\"{&quot;aperture&quot;:&quot;0&quot;,&quot;credit&quot;:&quot;tribalium81&quot;,&quot;camera&quot;:&quot;&quot;,&quot;caption&quot;:&quot;&quot;,&quot;created_timestamp&quot;:&quot;0&quot;,&quot;copyright&quot;:&quot;tribalium81&quot;,&quot;focal_length&quot;:&quot;0&quot;,&quot;iso&quot;:&quot;0&quot;,&quot;shutter_speed&quot;:&quot;0&quot;,&quot;title&quot;:&quot;anchor and rope design&quot;,&quot;orientation&quot;:&quot;1&quot;}\" data-image-title=\"anchor and rope design\" data-image-description=\"\" data-image-caption=\"\" data-large-file=\"https:\/\/i0.wp.com\/pequod.nesodd1.no\/wp-content\/uploads\/2019\/10\/klistremerker-anker-og-tau-design.jpg.jpg?fit=25%2C25&amp;ssl=1\" class=\"alignnone size-full wp-image-16489 jetpack-lazy-image jetpack-lazy-image--handled\" src=\"https:\/\/i0.wp.com\/pequod.nesodd1.no\/wp-content\/uploads\/2019\/10\/klistremerker-anker-og-tau-design.jpg.jpg?resize=25%2C25&amp;ssl=1\" alt=\"\" width=\"25\" height=\"25\" data-attachment-id=\"16489\" data-permalink=\"https:\/\/pequod.nesodd1.no\/?attachment_id=16489\" data-orig-file=\"https:\/\/i0.wp.com\/pequod.nesodd1.no\/wp-content\/uploads\/2019\/10\/klistremerker-anker-og-tau-design.jpg.jpg?fit=25%2C25&amp;ssl=1\" data-orig-size=\"25,25\" data-comments-opened=\"1\" data-image-meta=\"{&quot;aperture&quot;:&quot;0&quot;,&quot;credit&quot;:&quot;tribalium81&quot;,&quot;camera&quot;:&quot;&quot;,&quot;caption&quot;:&quot;&quot;,&quot;created_timestamp&quot;:&quot;0&quot;,&quot;copyright&quot;:&quot;tribalium81&quot;,&quot;focal_length&quot;:&quot;0&quot;,&quot;iso&quot;:&quot;0&quot;,&quot;shutter_speed&quot;:&quot;0&quot;,&quot;title&quot;:&quot;anchor and rope design&quot;,&quot;orientation&quot;:&quot;1&quot;}\" data-image-title=\"anchor and rope design\" data-image-description=\"\" data-image-caption=\"\" data-medium-file=\"https:\/\/i0.wp.com\/pequod.nesodd1.no\/wp-content\/uploads\/2019\/10\/klistremerker-anker-og-tau-design.jpg.jpg?fit=25%2C25&amp;ssl=1\" data-large-file=\"https:\/\/i0.wp.com\/pequod.nesodd1.no\/wp-content\/uploads\/2019\/10\/klistremerker-anker-og-tau-design.jpg.jpg?fit=25%2C25&amp;ssl=1\" data-lazy-loaded=\"1\"><\/a><a href=\"https:\/\/i0.wp.com\/pequod.nesodd1.no\/wp-content\/uploads\/2019\/10\/klistremerker-anker-og-tau-design.jpg.jpg?ssl=1\"><img loading=\"lazy\" decoding=\"async\" data-attachment-id=\"16489\" data-permalink=\"https:\/\/pequod.nesodd1.no\/?attachment_id=16489\" data-orig-file=\"https:\/\/i0.wp.com\/pequod.nesodd1.no\/wp-content\/uploads\/2019\/10\/klistremerker-anker-og-tau-design.jpg.jpg?fit=25%2C25&amp;ssl=1\" data-orig-size=\"25,25\" data-comments-opened=\"1\" data-image-meta=\"{&quot;aperture&quot;:&quot;0&quot;,&quot;credit&quot;:&quot;tribalium81&quot;,&quot;camera&quot;:&quot;&quot;,&quot;caption&quot;:&quot;&quot;,&quot;created_timestamp&quot;:&quot;0&quot;,&quot;copyright&quot;:&quot;tribalium81&quot;,&quot;focal_length&quot;:&quot;0&quot;,&quot;iso&quot;:&quot;0&quot;,&quot;shutter_speed&quot;:&quot;0&quot;,&quot;title&quot;:&quot;anchor and rope design&quot;,&quot;orientation&quot;:&quot;1&quot;}\" data-image-title=\"anchor and rope design\" data-image-description=\"\" data-image-caption=\"\" data-large-file=\"https:\/\/i0.wp.com\/pequod.nesodd1.no\/wp-content\/uploads\/2019\/10\/klistremerker-anker-og-tau-design.jpg.jpg?fit=25%2C25&amp;ssl=1\" class=\"alignnone size-full wp-image-16489 jetpack-lazy-image jetpack-lazy-image--handled\" src=\"https:\/\/i0.wp.com\/pequod.nesodd1.no\/wp-content\/uploads\/2019\/10\/klistremerker-anker-og-tau-design.jpg.jpg?resize=25%2C25&amp;ssl=1\" alt=\"\" width=\"25\" height=\"25\" data-attachment-id=\"16489\" data-permalink=\"https:\/\/pequod.nesodd1.no\/?attachment_id=16489\" data-orig-file=\"https:\/\/i0.wp.com\/pequod.nesodd1.no\/wp-content\/uploads\/2019\/10\/klistremerker-anker-og-tau-design.jpg.jpg?fit=25%2C25&amp;ssl=1\" data-orig-size=\"25,25\" data-comments-opened=\"1\" data-image-meta=\"{&quot;aperture&quot;:&quot;0&quot;,&quot;credit&quot;:&quot;tribalium81&quot;,&quot;camera&quot;:&quot;&quot;,&quot;caption&quot;:&quot;&quot;,&quot;created_timestamp&quot;:&quot;0&quot;,&quot;copyright&quot;:&quot;tribalium81&quot;,&quot;focal_length&quot;:&quot;0&quot;,&quot;iso&quot;:&quot;0&quot;,&quot;shutter_speed&quot;:&quot;0&quot;,&quot;title&quot;:&quot;anchor and rope design&quot;,&quot;orientation&quot;:&quot;1&quot;}\" data-image-title=\"anchor and rope design\" data-image-description=\"\" data-image-caption=\"\" data-medium-file=\"https:\/\/i0.wp.com\/pequod.nesodd1.no\/wp-content\/uploads\/2019\/10\/klistremerker-anker-og-tau-design.jpg.jpg?fit=25%2C25&amp;ssl=1\" data-large-file=\"https:\/\/i0.wp.com\/pequod.nesodd1.no\/wp-content\/uploads\/2019\/10\/klistremerker-anker-og-tau-design.jpg.jpg?fit=25%2C25&amp;ssl=1\" data-lazy-loaded=\"1\"><\/a><a href=\"https:\/\/i0.wp.com\/pequod.nesodd1.no\/wp-content\/uploads\/2019\/10\/klistremerker-anker-og-tau-design.jpg.jpg?ssl=1\"><img loading=\"lazy\" decoding=\"async\" data-attachment-id=\"16489\" data-permalink=\"https:\/\/pequod.nesodd1.no\/?attachment_id=16489\" data-orig-file=\"https:\/\/i0.wp.com\/pequod.nesodd1.no\/wp-content\/uploads\/2019\/10\/klistremerker-anker-og-tau-design.jpg.jpg?fit=25%2C25&amp;ssl=1\" data-orig-size=\"25,25\" data-comments-opened=\"1\" data-image-meta=\"{&quot;aperture&quot;:&quot;0&quot;,&quot;credit&quot;:&quot;tribalium81&quot;,&quot;camera&quot;:&quot;&quot;,&quot;caption&quot;:&quot;&quot;,&quot;created_timestamp&quot;:&quot;0&quot;,&quot;copyright&quot;:&quot;tribalium81&quot;,&quot;focal_length&quot;:&quot;0&quot;,&quot;iso&quot;:&quot;0&quot;,&quot;shutter_speed&quot;:&quot;0&quot;,&quot;title&quot;:&quot;anchor and rope design&quot;,&quot;orientation&quot;:&quot;1&quot;}\" data-image-title=\"anchor and rope design\" data-image-description=\"\" data-image-caption=\"\" data-large-file=\"https:\/\/i0.wp.com\/pequod.nesodd1.no\/wp-content\/uploads\/2019\/10\/klistremerker-anker-og-tau-design.jpg.jpg?fit=25%2C25&amp;ssl=1\" class=\"alignnone size-full wp-image-16489 jetpack-lazy-image jetpack-lazy-image--handled\" src=\"https:\/\/i0.wp.com\/pequod.nesodd1.no\/wp-content\/uploads\/2019\/10\/klistremerker-anker-og-tau-design.jpg.jpg?resize=25%2C25&amp;ssl=1\" alt=\"\" width=\"25\" height=\"25\" data-attachment-id=\"16489\" data-permalink=\"https:\/\/pequod.nesodd1.no\/?attachment_id=16489\" data-orig-file=\"https:\/\/i0.wp.com\/pequod.nesodd1.no\/wp-content\/uploads\/2019\/10\/klistremerker-anker-og-tau-design.jpg.jpg?fit=25%2C25&amp;ssl=1\" data-orig-size=\"25,25\" data-comments-opened=\"1\" data-image-meta=\"{&quot;aperture&quot;:&quot;0&quot;,&quot;credit&quot;:&quot;tribalium81&quot;,&quot;camera&quot;:&quot;&quot;,&quot;caption&quot;:&quot;&quot;,&quot;created_timestamp&quot;:&quot;0&quot;,&quot;copyright&quot;:&quot;tribalium81&quot;,&quot;focal_length&quot;:&quot;0&quot;,&quot;iso&quot;:&quot;0&quot;,&quot;shutter_speed&quot;:&quot;0&quot;,&quot;title&quot;:&quot;anchor and rope design&quot;,&quot;orientation&quot;:&quot;1&quot;}\" data-image-title=\"anchor and rope design\" data-image-description=\"\" data-image-caption=\"\" data-medium-file=\"https:\/\/i0.wp.com\/pequod.nesodd1.no\/wp-content\/uploads\/2019\/10\/klistremerker-anker-og-tau-design.jpg.jpg?fit=25%2C25&amp;ssl=1\" data-large-file=\"https:\/\/i0.wp.com\/pequod.nesodd1.no\/wp-content\/uploads\/2019\/10\/klistremerker-anker-og-tau-design.jpg.jpg?fit=25%2C25&amp;ssl=1\" data-lazy-loaded=\"1\"><\/a><br \/>\n<strong>Posisjon:<\/strong> 60\u00b056&#8217;37.9&#8243;N 4\u00b057&#8217;14.6&#8243;E<br \/>\n<b>Antall bes\u00f8k:<\/b>&nbsp;1&nbsp;<b>Sist bes\u00f8kt:<\/b> 15.9 2021&nbsp;<br \/>\n<b>Fasiliteter:<\/b> Str\u00f8m, vann, toalett, dusj, s\u00f8ppel, drivstoff. Restaurant ved havna og en liten landhandel\/kiosk. Skulpturpark, gallerier, kongestatuen, overnatting.<br \/>\n<strong>Havneavgift (for 29-foter):&nbsp;<\/strong>Usikker. Ingen automat, muligens det betales i restaurant\/landhandel, men jeg l\u00e5 der bare et par timer.<br \/>\n<strong>Fort\u00f8yning:<\/strong>&nbsp;Langsides flytebrygge, b\u00e5ser og kai.<br \/>\n<b>Tilrettelagt for funksjonshemmede:<\/b> Som vanlig, ved fj\u00e6re sj\u00f8 ganske bratt rampe opp til land fra flytebrygge. Noe kupert hvis man legger seg p\u00e5 den ytterste brygga.<\/p>\n<figure id=\"attachment_23052\" aria-describedby=\"caption-attachment-23052\" style=\"width: 300px\" class=\"wp-caption alignleft\"><a href=\"https:\/\/i0.wp.com\/pequod.nesodd1.no\/wp-content\/uploads\/2021\/09\/6AB56569-8CF7-4B63-96F4-0D420E54D03D.jpeg.b5be57a53ad1c726f0bb0c5da1eb7255.jpeg?ssl=1\"><img data-recalc-dims=\"1\" loading=\"lazy\" decoding=\"async\" data-attachment-id=\"23052\" data-permalink=\"https:\/\/pequod.nesodd1.no\/?attachment_id=23052\" data-orig-file=\"https:\/\/i0.wp.com\/pequod.nesodd1.no\/wp-content\/uploads\/2021\/09\/6AB56569-8CF7-4B63-96F4-0D420E54D03D.jpeg.b5be57a53ad1c726f0bb0c5da1eb7255.jpeg?fit=1000%2C750&amp;ssl=1\" data-orig-size=\"1000,750\" data-comments-opened=\"1\" data-image-meta=\"{&quot;aperture&quot;:&quot;0&quot;,&quot;credit&quot;:&quot;&quot;,&quot;camera&quot;:&quot;&quot;,&quot;caption&quot;:&quot;&quot;,&quot;created_timestamp&quot;:&quot;0&quot;,&quot;copyright&quot;:&quot;&quot;,&quot;focal_length&quot;:&quot;0&quot;,&quot;iso&quot;:&quot;0&quot;,&quot;shutter_speed&quot;:&quot;0&quot;,&quot;title&quot;:&quot;&quot;,&quot;orientation&quot;:&quot;0&quot;}\" data-image-title=\"6AB56569-8CF7-4B63-96F4-0D420E54D03D.jpeg.b5be57a53ad1c726f0bb0c5da1eb7255\" data-image-description=\"&lt;p&gt;Skjerjehamn, Vestland&lt;\/p&gt;\n\" data-image-caption=\"&lt;p&gt;Eneste gjesteb\u00e5t i Skjerjehamn&lt;\/p&gt;\n\" data-large-file=\"https:\/\/i0.wp.com\/pequod.nesodd1.no\/wp-content\/uploads\/2021\/09\/6AB56569-8CF7-4B63-96F4-0D420E54D03D.jpeg.b5be57a53ad1c726f0bb0c5da1eb7255.jpeg?fit=940%2C705&amp;ssl=1\" class=\"size-medium wp-image-23052\" src=\"https:\/\/i0.wp.com\/pequod.nesodd1.no\/wp-content\/uploads\/2021\/09\/6AB56569-8CF7-4B63-96F4-0D420E54D03D.jpeg.b5be57a53ad1c726f0bb0c5da1eb7255.jpeg?resize=300%2C225&#038;ssl=1\" alt=\"\" width=\"300\" height=\"225\" srcset=\"https:\/\/i0.wp.com\/pequod.nesodd1.no\/wp-content\/uploads\/2021\/09\/6AB56569-8CF7-4B63-96F4-0D420E54D03D.jpeg.b5be57a53ad1c726f0bb0c5da1eb7255.jpeg?resize=300%2C225&amp;ssl=1 300w, https:\/\/i0.wp.com\/pequod.nesodd1.no\/wp-content\/uploads\/2021\/09\/6AB56569-8CF7-4B63-96F4-0D420E54D03D.jpeg.b5be57a53ad1c726f0bb0c5da1eb7255.jpeg?resize=100%2C75&amp;ssl=1 100w, https:\/\/i0.wp.com\/pequod.nesodd1.no\/wp-content\/uploads\/2021\/09\/6AB56569-8CF7-4B63-96F4-0D420E54D03D.jpeg.b5be57a53ad1c726f0bb0c5da1eb7255.jpeg?resize=768%2C576&amp;ssl=1 768w, https:\/\/i0.wp.com\/pequod.nesodd1.no\/wp-content\/uploads\/2021\/09\/6AB56569-8CF7-4B63-96F4-0D420E54D03D.jpeg.b5be57a53ad1c726f0bb0c5da1eb7255.jpeg?w=1000&amp;ssl=1 1000w\" sizes=\"auto, (max-width: 300px) 100vw, 300px\" \/><\/a><figcaption id=\"caption-attachment-23052\" class=\"wp-caption-text\">Eneste gjesteb\u00e5t i Skjerjehamn<\/figcaption><\/figure>\n<p>For en gangs skyld kom jeg til et sted som faktisk var \u00e5pent fortsatt! Og det p\u00e5 en onsdag i september!<\/p>\n<p>Jeg var eneste b\u00e5t i gjestehavna og tok bare en liten stopp for \u00e5 ta en titt og for \u00e5 biv\u00e5ne den ber\u00f8mte statuen av Kong Olav &#8211; som Oslo kommune ikke ville ha&#8230;<\/p>\n<p>Her er det et serviceanlegg p\u00e5 brygga &#8211; som jeg ikke sjekket om var \u00e5pent ettersom jeg ikke hadde behov for det &#8211; og en stor restaurant med scene. Det virket som om restauranten var i ferd med \u00e5 \u00e5pnes, det var i alle fall folk der. P\u00e5 utsiden av den l\u00e5 det en bygning som hadde et stort skilt som forkynte at her var det &laquo;Landhandel&raquo;. Bygningen var opprinnelig akkurat det, men n\u00e5 var det en slags kafe. S\u00e5 jeg kj\u00f8pte en kaffe og en vaffel og slappet litt av etter at jeg hadde tatt en rundtur og sett meg rundt.<\/p>\n<p>Det skal v\u00e6re drivstoffanlegg lenger inn i bukta, men det sjekket jeg ikke.&nbsp;<\/p>\n<p>Like ved den ganske s\u00e5 imponerende kongestatuen er det ogs\u00e5 en liten utstilling som viser arbeidet med skulpturen. Og like ved er det ogs\u00e5 en bobilparkering med fjordutsikt.<\/p>\n<figure id=\"attachment_23054\" aria-describedby=\"caption-attachment-23054\" style=\"width: 300px\" class=\"wp-caption alignleft\"><a href=\"https:\/\/i0.wp.com\/pequod.nesodd1.no\/wp-content\/uploads\/2021\/09\/6CD51010-C76E-409D-A920-06693F3ABB66.jpeg.8db56ef7fe8f7c75443d629360b5179b.jpeg?ssl=1\"><img data-recalc-dims=\"1\" loading=\"lazy\" decoding=\"async\" data-attachment-id=\"23054\" data-permalink=\"https:\/\/pequod.nesodd1.no\/?attachment_id=23054\" data-orig-file=\"https:\/\/i0.wp.com\/pequod.nesodd1.no\/wp-content\/uploads\/2021\/09\/6CD51010-C76E-409D-A920-06693F3ABB66.jpeg.8db56ef7fe8f7c75443d629360b5179b.jpeg?fit=1000%2C750&amp;ssl=1\" data-orig-size=\"1000,750\" data-comments-opened=\"1\" data-image-meta=\"{&quot;aperture&quot;:&quot;0&quot;,&quot;credit&quot;:&quot;&quot;,&quot;camera&quot;:&quot;&quot;,&quot;caption&quot;:&quot;&quot;,&quot;created_timestamp&quot;:&quot;0&quot;,&quot;copyright&quot;:&quot;&quot;,&quot;focal_length&quot;:&quot;0&quot;,&quot;iso&quot;:&quot;0&quot;,&quot;shutter_speed&quot;:&quot;0&quot;,&quot;title&quot;:&quot;&quot;,&quot;orientation&quot;:&quot;0&quot;}\" data-image-title=\"6CD51010-C76E-409D-A920-06693F3ABB66.jpeg.8db56ef7fe8f7c75443d629360b5179b\" data-image-description=\"&lt;p&gt;Landhandleri, Skjerjehamn, Vestland&lt;\/p&gt;\n\" data-image-caption=\"&lt;p&gt;Her kj\u00f8pte jeg kaffe og vaffel&lt;\/p&gt;\n\" data-large-file=\"https:\/\/i0.wp.com\/pequod.nesodd1.no\/wp-content\/uploads\/2021\/09\/6CD51010-C76E-409D-A920-06693F3ABB66.jpeg.8db56ef7fe8f7c75443d629360b5179b.jpeg?fit=940%2C705&amp;ssl=1\" class=\"size-medium wp-image-23054\" src=\"https:\/\/i0.wp.com\/pequod.nesodd1.no\/wp-content\/uploads\/2021\/09\/6CD51010-C76E-409D-A920-06693F3ABB66.jpeg.8db56ef7fe8f7c75443d629360b5179b.jpeg?resize=300%2C225&#038;ssl=1\" alt=\"\" width=\"300\" height=\"225\" srcset=\"https:\/\/i0.wp.com\/pequod.nesodd1.no\/wp-content\/uploads\/2021\/09\/6CD51010-C76E-409D-A920-06693F3ABB66.jpeg.8db56ef7fe8f7c75443d629360b5179b.jpeg?resize=300%2C225&amp;ssl=1 300w, https:\/\/i0.wp.com\/pequod.nesodd1.no\/wp-content\/uploads\/2021\/09\/6CD51010-C76E-409D-A920-06693F3ABB66.jpeg.8db56ef7fe8f7c75443d629360b5179b.jpeg?resize=100%2C75&amp;ssl=1 100w, https:\/\/i0.wp.com\/pequod.nesodd1.no\/wp-content\/uploads\/2021\/09\/6CD51010-C76E-409D-A920-06693F3ABB66.jpeg.8db56ef7fe8f7c75443d629360b5179b.jpeg?resize=768%2C576&amp;ssl=1 768w, https:\/\/i0.wp.com\/pequod.nesodd1.no\/wp-content\/uploads\/2021\/09\/6CD51010-C76E-409D-A920-06693F3ABB66.jpeg.8db56ef7fe8f7c75443d629360b5179b.jpeg?w=1000&amp;ssl=1 1000w\" sizes=\"auto, (max-width: 300px) 100vw, 300px\" \/><\/a><figcaption id=\"caption-attachment-23054\" class=\"wp-caption-text\">Her kj\u00f8pte jeg kaffe og vaffel<\/figcaption><\/figure>\n<p>Det er ogs\u00e5 mulig \u00e5 overnatte her, i flere av bygningene, og om sommeren er det ogs\u00e5 en egen Utkant-festival. Dog ikke de to siste koronasomrene.<\/p>\n<p>Snakket med et par av de som jobbet der og de var hyggelige og im\u00f8tekommende. Forstod det slik at dette var den siste uka de hadde \u00e5pent ogs\u00e5 p\u00e5 ukedagene og at de gikk over til kun helge\u00e5pent.<\/p>\n<p>Siden jeg kun l\u00e5 der et par timer s\u00e5 ble det ikke betaling av noen havneavgift, og jeg kan ikke huske at jeg s\u00e5 noe oppslag heller. De ligger ikke inne p\u00e5 Go Marina-appen og det er omtrent null informasjon om gjestehavna \u00e5 finne p\u00e5 nett &#8211; den er s\u00e5 vidt nevnt p\u00e5 stedets<a href=\"https:\/\/www.skjerjehamn.no\/\" target=\"_blank\" rel=\"noopener\"> nettsider<\/a> ogs\u00e5&#8230;<\/p>\n<p>S\u00e5 jeg aner ikke hvor mye det koster \u00e5 ligge der. Det er vel enten snakk om Vipps eller betaling i landhandelen eller restauranten. Tenkte ikke \u00e5 sp\u00f8rre om det siden jeg ikke skulle ligge over.<\/p>\n<p>Er fristet til \u00e5 komme tilbake og smake p\u00e5 maten der, menyen ser ganske fristende ut&#8230;<\/p>\n<figure id=\"attachment_23055\" aria-describedby=\"caption-attachment-23055\" style=\"width: 960px\" class=\"wp-caption aligncenter\"><a href=\"https:\/\/i0.wp.com\/pequod.nesodd1.no\/wp-content\/uploads\/2021\/09\/241999894_10158034139322032_6805116702234680236_n.jpg?ssl=1\"><img data-recalc-dims=\"1\" loading=\"lazy\" decoding=\"async\" data-attachment-id=\"23055\" data-permalink=\"https:\/\/pequod.nesodd1.no\/?attachment_id=23055\" data-orig-file=\"https:\/\/i0.wp.com\/pequod.nesodd1.no\/wp-content\/uploads\/2021\/09\/241999894_10158034139322032_6805116702234680236_n.jpg?fit=960%2C720&amp;ssl=1\" data-orig-size=\"960,720\" data-comments-opened=\"1\" data-image-meta=\"{&quot;aperture&quot;:&quot;0&quot;,&quot;credit&quot;:&quot;&quot;,&quot;camera&quot;:&quot;&quot;,&quot;caption&quot;:&quot;&quot;,&quot;created_timestamp&quot;:&quot;0&quot;,&quot;copyright&quot;:&quot;&quot;,&quot;focal_length&quot;:&quot;0&quot;,&quot;iso&quot;:&quot;0&quot;,&quot;shutter_speed&quot;:&quot;0&quot;,&quot;title&quot;:&quot;&quot;,&quot;orientation&quot;:&quot;0&quot;}\" data-image-title=\"241999894_10158034139322032_6805116702234680236_n\" data-image-description=\"&lt;p&gt;Skjerjehamn, Vestland&lt;\/p&gt;\n\" data-image-caption=\"&lt;p&gt;Landhandleriet til venstre, restauranten til h\u00f8yre&lt;\/p&gt;\n\" data-large-file=\"https:\/\/i0.wp.com\/pequod.nesodd1.no\/wp-content\/uploads\/2021\/09\/241999894_10158034139322032_6805116702234680236_n.jpg?fit=940%2C705&amp;ssl=1\" class=\"size-full wp-image-23055\" src=\"https:\/\/i0.wp.com\/pequod.nesodd1.no\/wp-content\/uploads\/2021\/09\/241999894_10158034139322032_6805116702234680236_n.jpg?resize=940%2C705&#038;ssl=1\" alt=\"\" width=\"940\" height=\"705\" srcset=\"https:\/\/i0.wp.com\/pequod.nesodd1.no\/wp-content\/uploads\/2021\/09\/241999894_10158034139322032_6805116702234680236_n.jpg?w=960&amp;ssl=1 960w, https:\/\/i0.wp.com\/pequod.nesodd1.no\/wp-content\/uploads\/2021\/09\/241999894_10158034139322032_6805116702234680236_n.jpg?resize=300%2C225&amp;ssl=1 300w, https:\/\/i0.wp.com\/pequod.nesodd1.no\/wp-content\/uploads\/2021\/09\/241999894_10158034139322032_6805116702234680236_n.jpg?resize=100%2C75&amp;ssl=1 100w, https:\/\/i0.wp.com\/pequod.nesodd1.no\/wp-content\/uploads\/2021\/09\/241999894_10158034139322032_6805116702234680236_n.jpg?resize=768%2C576&amp;ssl=1 768w\" sizes=\"auto, (max-width: 940px) 100vw, 940px\" \/><\/a><figcaption id=\"caption-attachment-23055\" class=\"wp-caption-text\">Landhandleriet til venstre, restauranten til h\u00f8yre<\/figcaption><\/figure>\n<h3>Related Images:<\/h3>","protected":false},"excerpt":{"rendered":"<p>Vurdering (5 anker er best):&nbsp; Posisjon: 60\u00b056&#8217;37.9&#8243;N 4\u00b057&#8217;14.6&#8243;E Antall bes\u00f8k:&nbsp;1&nbsp;Sist bes\u00f8kt: 15.9 2021&nbsp; Fasiliteter: Str\u00f8m, vann, toalett, dusj, s\u00f8ppel, drivstoff. Restaurant ved havna og en liten landhandel\/kiosk. Skulpturpark, gallerier, kongestatuen, overnatting. Havneavgift (for 29-foter):&nbsp;Usikker. Ingen automat, muligens det betales i restaurant\/landhandel, men jeg l\u00e5 der bare et par timer. Fort\u00f8yning:&nbsp;Langsides flytebrygge, b\u00e5ser og kai. Tilrettelagt &hellip;<br \/><a href=\"https:\/\/pequod.nesodd1.no\/?page_id=23985\" class=\"more-link pen_element_default pen_icon_arrow_double\">Les<\/a><\/p>\n","protected":false},"author":1,"featured_media":23053,"parent":5493,"menu_order":0,"comment_status":"closed","ping_status":"closed","template":"","meta":{"_crdt_document":"","ngg_post_thumbnail":0,"jetpack_post_was_ever_published":false,"footnotes":""},"class_list":["post-23985","page","type-page","status-publish","has-post-thumbnail","hentry"],"jetpack_shortlink":"https:\/\/wp.me\/P3Zd9b-6eR","jetpack_sharing_enabled":true,"jetpack_likes_enabled":true,"jetpack-related-posts":[],"_links":{"self":[{"href":"https:\/\/pequod.nesodd1.no\/index.php?rest_route=\/wp\/v2\/pages\/23985","targetHints":{"allow":["GET"]}}],"collection":[{"href":"https:\/\/pequod.nesodd1.no\/index.php?rest_route=\/wp\/v2\/pages"}],"about":[{"href":"https:\/\/pequod.nesodd1.no\/index.php?rest_route=\/wp\/v2\/types\/page"}],"author":[{"embeddable":true,"href":"https:\/\/pequod.nesodd1.no\/index.php?rest_route=\/wp\/v2\/users\/1"}],"replies":[{"embeddable":true,"href":"https:\/\/pequod.nesodd1.no\/index.php?rest_route=%2Fwp%2Fv2%2Fcomments&post=23985"}],"version-history":[{"count":6,"href":"https:\/\/pequod.nesodd1.no\/index.php?rest_route=\/wp\/v2\/pages\/23985\/revisions"}],"predecessor-version":[{"id":23991,"href":"https:\/\/pequod.nesodd1.no\/index.php?rest_route=\/wp\/v2\/pages\/23985\/revisions\/23991"}],"up":[{"embeddable":true,"href":"https:\/\/pequod.nesodd1.no\/index.php?rest_route=\/wp\/v2\/pages\/5493"}],"wp:featuredmedia":[{"embeddable":true,"href":"https:\/\/pequod.nesodd1.no\/index.php?rest_route=\/wp\/v2\/media\/23053"}],"wp:attachment":[{"href":"https:\/\/pequod.nesodd1.no\/index.php?rest_route=%2Fwp%2Fv2%2Fmedia&parent=23985"}],"curies":[{"name":"wp","href":"https:\/\/api.w.org\/{rel}","templated":true}]}}