{"id":24028,"date":"2022-04-07T17:52:37","date_gmt":"2022-04-07T15:52:37","guid":{"rendered":"https:\/\/pequod.nesodd1.no\/?page_id=24028"},"modified":"2022-04-07T17:52:37","modified_gmt":"2022-04-07T15:52:37","slug":"bekkjarvik-gjestehavn","status":"publish","type":"page","link":"https:\/\/pequod.nesodd1.no\/?page_id=24028","title":{"rendered":"Bekkjarvik gjestehavn"},"content":{"rendered":"<p><strong>Vurdering (5 anker er best):&nbsp;<a href=\"https:\/\/i0.wp.com\/pequod.nesodd1.no\/wp-content\/uploads\/2019\/10\/klistremerker-anker-og-tau-design.jpg.jpg?ssl=1\"><img loading=\"lazy\" decoding=\"async\" data-attachment-id=\"16489\" data-permalink=\"https:\/\/pequod.nesodd1.no\/?attachment_id=16489\" data-orig-file=\"https:\/\/i0.wp.com\/pequod.nesodd1.no\/wp-content\/uploads\/2019\/10\/klistremerker-anker-og-tau-design.jpg.jpg?fit=25%2C25&amp;ssl=1\" data-orig-size=\"25,25\" data-comments-opened=\"1\" data-image-meta=\"{&quot;aperture&quot;:&quot;0&quot;,&quot;credit&quot;:&quot;tribalium81&quot;,&quot;camera&quot;:&quot;&quot;,&quot;caption&quot;:&quot;&quot;,&quot;created_timestamp&quot;:&quot;0&quot;,&quot;copyright&quot;:&quot;tribalium81&quot;,&quot;focal_length&quot;:&quot;0&quot;,&quot;iso&quot;:&quot;0&quot;,&quot;shutter_speed&quot;:&quot;0&quot;,&quot;title&quot;:&quot;anchor and rope design&quot;,&quot;orientation&quot;:&quot;1&quot;}\" data-image-title=\"anchor and rope design\" data-image-description=\"\" data-image-caption=\"\" data-large-file=\"https:\/\/i0.wp.com\/pequod.nesodd1.no\/wp-content\/uploads\/2019\/10\/klistremerker-anker-og-tau-design.jpg.jpg?fit=25%2C25&amp;ssl=1\" class=\"alignnone size-full wp-image-16489\" src=\"https:\/\/i0.wp.com\/pequod.nesodd1.no\/wp-content\/uploads\/2019\/10\/klistremerker-anker-og-tau-design.jpg.jpg?resize=25%2C25&amp;ssl=1\" alt=\"\" width=\"25\" height=\"25\" data-attachment-id=\"16489\" data-permalink=\"https:\/\/pequod.nesodd1.no\/?attachment_id=16489\" data-orig-file=\"https:\/\/i0.wp.com\/pequod.nesodd1.no\/wp-content\/uploads\/2019\/10\/klistremerker-anker-og-tau-design.jpg.jpg?fit=25%2C25&amp;ssl=1\" data-orig-size=\"25,25\" data-comments-opened=\"1\" data-image-meta=\"{&quot;aperture&quot;:&quot;0&quot;,&quot;credit&quot;:&quot;tribalium81&quot;,&quot;camera&quot;:&quot;&quot;,&quot;caption&quot;:&quot;&quot;,&quot;created_timestamp&quot;:&quot;0&quot;,&quot;copyright&quot;:&quot;tribalium81&quot;,&quot;focal_length&quot;:&quot;0&quot;,&quot;iso&quot;:&quot;0&quot;,&quot;shutter_speed&quot;:&quot;0&quot;,&quot;title&quot;:&quot;anchor and rope design&quot;,&quot;orientation&quot;:&quot;1&quot;}\" data-image-title=\"anchor and rope design\" data-image-description=\"\" data-image-caption=\"\" data-medium-file=\"https:\/\/i0.wp.com\/pequod.nesodd1.no\/wp-content\/uploads\/2019\/10\/klistremerker-anker-og-tau-design.jpg.jpg?fit=25%2C25&amp;ssl=1\" data-large-file=\"https:\/\/i0.wp.com\/pequod.nesodd1.no\/wp-content\/uploads\/2019\/10\/klistremerker-anker-og-tau-design.jpg.jpg?fit=25%2C25&amp;ssl=1\" data-recalc-dims=\"1\"><\/a><a href=\"https:\/\/i0.wp.com\/pequod.nesodd1.no\/wp-content\/uploads\/2019\/10\/klistremerker-anker-og-tau-design.jpg.jpg?ssl=1\"><img loading=\"lazy\" decoding=\"async\" data-attachment-id=\"16489\" data-permalink=\"https:\/\/pequod.nesodd1.no\/?attachment_id=16489\" data-orig-file=\"https:\/\/i0.wp.com\/pequod.nesodd1.no\/wp-content\/uploads\/2019\/10\/klistremerker-anker-og-tau-design.jpg.jpg?fit=25%2C25&amp;ssl=1\" data-orig-size=\"25,25\" data-comments-opened=\"1\" data-image-meta=\"{&quot;aperture&quot;:&quot;0&quot;,&quot;credit&quot;:&quot;tribalium81&quot;,&quot;camera&quot;:&quot;&quot;,&quot;caption&quot;:&quot;&quot;,&quot;created_timestamp&quot;:&quot;0&quot;,&quot;copyright&quot;:&quot;tribalium81&quot;,&quot;focal_length&quot;:&quot;0&quot;,&quot;iso&quot;:&quot;0&quot;,&quot;shutter_speed&quot;:&quot;0&quot;,&quot;title&quot;:&quot;anchor and rope design&quot;,&quot;orientation&quot;:&quot;1&quot;}\" data-image-title=\"anchor and rope design\" data-image-description=\"\" data-image-caption=\"\" data-large-file=\"https:\/\/i0.wp.com\/pequod.nesodd1.no\/wp-content\/uploads\/2019\/10\/klistremerker-anker-og-tau-design.jpg.jpg?fit=25%2C25&amp;ssl=1\" class=\"alignnone size-full wp-image-16489\" src=\"https:\/\/i0.wp.com\/pequod.nesodd1.no\/wp-content\/uploads\/2019\/10\/klistremerker-anker-og-tau-design.jpg.jpg?resize=25%2C25&amp;ssl=1\" alt=\"\" width=\"25\" height=\"25\" data-attachment-id=\"16489\" data-permalink=\"https:\/\/pequod.nesodd1.no\/?attachment_id=16489\" data-orig-file=\"https:\/\/i0.wp.com\/pequod.nesodd1.no\/wp-content\/uploads\/2019\/10\/klistremerker-anker-og-tau-design.jpg.jpg?fit=25%2C25&amp;ssl=1\" data-orig-size=\"25,25\" data-comments-opened=\"1\" data-image-meta=\"{&quot;aperture&quot;:&quot;0&quot;,&quot;credit&quot;:&quot;tribalium81&quot;,&quot;camera&quot;:&quot;&quot;,&quot;caption&quot;:&quot;&quot;,&quot;created_timestamp&quot;:&quot;0&quot;,&quot;copyright&quot;:&quot;tribalium81&quot;,&quot;focal_length&quot;:&quot;0&quot;,&quot;iso&quot;:&quot;0&quot;,&quot;shutter_speed&quot;:&quot;0&quot;,&quot;title&quot;:&quot;anchor and rope design&quot;,&quot;orientation&quot;:&quot;1&quot;}\" data-image-title=\"anchor and rope design\" data-image-description=\"\" data-image-caption=\"\" data-medium-file=\"https:\/\/i0.wp.com\/pequod.nesodd1.no\/wp-content\/uploads\/2019\/10\/klistremerker-anker-og-tau-design.jpg.jpg?fit=25%2C25&amp;ssl=1\" data-large-file=\"https:\/\/i0.wp.com\/pequod.nesodd1.no\/wp-content\/uploads\/2019\/10\/klistremerker-anker-og-tau-design.jpg.jpg?fit=25%2C25&amp;ssl=1\" data-recalc-dims=\"1\"><\/a><a href=\"https:\/\/i0.wp.com\/pequod.nesodd1.no\/wp-content\/uploads\/2019\/10\/klistremerker-anker-og-tau-design.jpg.jpg?ssl=1\"><img loading=\"lazy\" decoding=\"async\" data-attachment-id=\"16489\" data-permalink=\"https:\/\/pequod.nesodd1.no\/?attachment_id=16489\" data-orig-file=\"https:\/\/i0.wp.com\/pequod.nesodd1.no\/wp-content\/uploads\/2019\/10\/klistremerker-anker-og-tau-design.jpg.jpg?fit=25%2C25&amp;ssl=1\" data-orig-size=\"25,25\" data-comments-opened=\"1\" data-image-meta=\"{&quot;aperture&quot;:&quot;0&quot;,&quot;credit&quot;:&quot;tribalium81&quot;,&quot;camera&quot;:&quot;&quot;,&quot;caption&quot;:&quot;&quot;,&quot;created_timestamp&quot;:&quot;0&quot;,&quot;copyright&quot;:&quot;tribalium81&quot;,&quot;focal_length&quot;:&quot;0&quot;,&quot;iso&quot;:&quot;0&quot;,&quot;shutter_speed&quot;:&quot;0&quot;,&quot;title&quot;:&quot;anchor and rope design&quot;,&quot;orientation&quot;:&quot;1&quot;}\" data-image-title=\"anchor and rope design\" data-image-description=\"\" data-image-caption=\"\" data-large-file=\"https:\/\/i0.wp.com\/pequod.nesodd1.no\/wp-content\/uploads\/2019\/10\/klistremerker-anker-og-tau-design.jpg.jpg?fit=25%2C25&amp;ssl=1\" class=\"alignnone size-full wp-image-16489\" src=\"https:\/\/i0.wp.com\/pequod.nesodd1.no\/wp-content\/uploads\/2019\/10\/klistremerker-anker-og-tau-design.jpg.jpg?resize=25%2C25&amp;ssl=1\" alt=\"\" width=\"25\" height=\"25\" data-attachment-id=\"16489\" data-permalink=\"https:\/\/pequod.nesodd1.no\/?attachment_id=16489\" data-orig-file=\"https:\/\/i0.wp.com\/pequod.nesodd1.no\/wp-content\/uploads\/2019\/10\/klistremerker-anker-og-tau-design.jpg.jpg?fit=25%2C25&amp;ssl=1\" data-orig-size=\"25,25\" data-comments-opened=\"1\" data-image-meta=\"{&quot;aperture&quot;:&quot;0&quot;,&quot;credit&quot;:&quot;tribalium81&quot;,&quot;camera&quot;:&quot;&quot;,&quot;caption&quot;:&quot;&quot;,&quot;created_timestamp&quot;:&quot;0&quot;,&quot;copyright&quot;:&quot;tribalium81&quot;,&quot;focal_length&quot;:&quot;0&quot;,&quot;iso&quot;:&quot;0&quot;,&quot;shutter_speed&quot;:&quot;0&quot;,&quot;title&quot;:&quot;anchor and rope design&quot;,&quot;orientation&quot;:&quot;1&quot;}\" data-image-title=\"anchor and rope design\" data-image-description=\"\" data-image-caption=\"\" data-medium-file=\"https:\/\/i0.wp.com\/pequod.nesodd1.no\/wp-content\/uploads\/2019\/10\/klistremerker-anker-og-tau-design.jpg.jpg?fit=25%2C25&amp;ssl=1\" data-large-file=\"https:\/\/i0.wp.com\/pequod.nesodd1.no\/wp-content\/uploads\/2019\/10\/klistremerker-anker-og-tau-design.jpg.jpg?fit=25%2C25&amp;ssl=1\" data-recalc-dims=\"1\"><\/a><\/strong><br \/>\n<strong>Posisjon:<\/strong> 60\u00b00&#8217;27.9&#8243;N 5\u00b012&#8217;13.1&#8243;E<br \/>\n<strong>Bes\u00f8kt antall ganger:<\/strong>&nbsp;1&nbsp;<strong>Sist bes\u00f8kt:<\/strong> 20.9 2021&nbsp; <strong>Webkamera:<\/strong>&nbsp;Nei&nbsp;<a title=\"Son\" href=\"https:\/\/www.bekkjarvikgjestgiveri.no\/portfolio-item\/bekkjarvik-gjestehavn\/\" target=\"_blank\" rel=\"noopener noreferrer\">Hjemmeside<\/a><br \/>\n<strong>Fasiliteter:<\/strong> Vann, str\u00f8m, toalett, dusj, vaskemaskin og t\u00f8rketrommel, drivstoff. WiFi. Kafeer og restauranter og butikksenter rett ved gjestehavna.&nbsp;<br \/>\n<strong>Havneavgift (for 29-foter):<\/strong> Fra 200 NOK if\u00f8lge hjemmesiden. L\u00e5 der bare et par timer, s\u00e5 betalte ikke noen avgift. Betales med Vipps.<br \/>\n<strong>Fort\u00f8yning:<\/strong> For det meste langsides p\u00e5 flytebrygger. Noen plasser langs kai.<br \/>\n<b>Tilrettelagt for funksjonshemmede:<\/b> Nei, ikke spesielt. Vanlig rampe opp til land som nok kan bli bratt ved fj\u00e6re sj\u00f8, som vanlig. Bes\u00f8kte ingen av servicebyggene, men regner med at de har handicaptoalett.<\/p>\n<figure id=\"attachment_23068\" aria-describedby=\"caption-attachment-23068\" style=\"width: 300px\" class=\"wp-caption alignleft\"><a href=\"https:\/\/i0.wp.com\/pequod.nesodd1.no\/wp-content\/uploads\/2021\/09\/AFF2BF49-D403-486B-A23D-C1463F77DA10.jpeg.2bbe4da4c57f061d86df54af39e3da12.jpeg?ssl=1\"><img data-recalc-dims=\"1\" loading=\"lazy\" decoding=\"async\" data-attachment-id=\"23068\" data-permalink=\"https:\/\/pequod.nesodd1.no\/?attachment_id=23068\" data-orig-file=\"https:\/\/i0.wp.com\/pequod.nesodd1.no\/wp-content\/uploads\/2021\/09\/AFF2BF49-D403-486B-A23D-C1463F77DA10.jpeg.2bbe4da4c57f061d86df54af39e3da12.jpeg?fit=1000%2C750&amp;ssl=1\" data-orig-size=\"1000,750\" data-comments-opened=\"1\" data-image-meta=\"{&quot;aperture&quot;:&quot;0&quot;,&quot;credit&quot;:&quot;&quot;,&quot;camera&quot;:&quot;&quot;,&quot;caption&quot;:&quot;&quot;,&quot;created_timestamp&quot;:&quot;0&quot;,&quot;copyright&quot;:&quot;&quot;,&quot;focal_length&quot;:&quot;0&quot;,&quot;iso&quot;:&quot;0&quot;,&quot;shutter_speed&quot;:&quot;0&quot;,&quot;title&quot;:&quot;&quot;,&quot;orientation&quot;:&quot;0&quot;}\" data-image-title=\"AFF2BF49-D403-486B-A23D-C1463F77DA10.jpeg.2bbe4da4c57f061d86df54af39e3da12\" data-image-description=\"&lt;p&gt;Bekkjarvik, gjestehavn, Vestland&lt;\/p&gt;\n\" data-image-caption=\"&lt;p&gt;Eneste gjesteb\u00e5t ved flytebrygga i indre havn&lt;\/p&gt;\n\" data-large-file=\"https:\/\/i0.wp.com\/pequod.nesodd1.no\/wp-content\/uploads\/2021\/09\/AFF2BF49-D403-486B-A23D-C1463F77DA10.jpeg.2bbe4da4c57f061d86df54af39e3da12.jpeg?fit=940%2C705&amp;ssl=1\" class=\"size-medium wp-image-23068\" src=\"https:\/\/i0.wp.com\/pequod.nesodd1.no\/wp-content\/uploads\/2021\/09\/AFF2BF49-D403-486B-A23D-C1463F77DA10.jpeg.2bbe4da4c57f061d86df54af39e3da12.jpeg?resize=300%2C225&#038;ssl=1\" alt=\"\" width=\"300\" height=\"225\" srcset=\"https:\/\/i0.wp.com\/pequod.nesodd1.no\/wp-content\/uploads\/2021\/09\/AFF2BF49-D403-486B-A23D-C1463F77DA10.jpeg.2bbe4da4c57f061d86df54af39e3da12.jpeg?resize=300%2C225&amp;ssl=1 300w, https:\/\/i0.wp.com\/pequod.nesodd1.no\/wp-content\/uploads\/2021\/09\/AFF2BF49-D403-486B-A23D-C1463F77DA10.jpeg.2bbe4da4c57f061d86df54af39e3da12.jpeg?resize=100%2C75&amp;ssl=1 100w, https:\/\/i0.wp.com\/pequod.nesodd1.no\/wp-content\/uploads\/2021\/09\/AFF2BF49-D403-486B-A23D-C1463F77DA10.jpeg.2bbe4da4c57f061d86df54af39e3da12.jpeg?resize=768%2C576&amp;ssl=1 768w, https:\/\/i0.wp.com\/pequod.nesodd1.no\/wp-content\/uploads\/2021\/09\/AFF2BF49-D403-486B-A23D-C1463F77DA10.jpeg.2bbe4da4c57f061d86df54af39e3da12.jpeg?w=1000&amp;ssl=1 1000w\" sizes=\"auto, (max-width: 300px) 100vw, 300px\" \/><\/a><figcaption id=\"caption-attachment-23068\" class=\"wp-caption-text\">Eneste gjesteb\u00e5t ved flytebrygga i indre havn<\/figcaption><\/figure>\n<p>Gjestehavna i Bekkjarvik har v\u00e6rt p\u00e5 lista mi over steder jeg vil bes\u00f8ke, men da jeg dro nordover var det stappfullt, s\u00e5 da dro jeg bare videre og endte opp i Bergen. Men en tur innom p\u00e5 returen ville jeg pr\u00f8ve \u00e5 f\u00e5 til. I slutten av september regnet jeg med at det var plass, og jeg var da eneste b\u00e5t i den innerste delen av gjestehavna.<\/p>\n<p>Den l\u00e5 noen andre b\u00e5ter ved landsiden, men er usikker p\u00e5 om det var gjesteb\u00e5ter eller fastboende.<\/p>\n<p>Det jeg ikke var klar over da jeg dro nordover, var at det har kommet en ganske ny gjestehavn innenfor en molo p\u00e5 utsiden, s\u00e5 jeg sjekket ikke om det var ledig der f\u00f8rste gang. Denne gangen tok jeg en titt p\u00e5 den fra landsiden. Og der l\u00e5 den ene andre gjesteb\u00e5ten!<\/p>\n<p>Det finnes to serviceanlegg i Bekkjarvik, et til hver av de to havnene, men siden jeg bare l\u00e5 her et par timer s\u00e5 fikk jeg ikke sjekket hvor de l\u00e5 eller kvaliteten p\u00e5 dem, men gjestehavna har jp blitt k\u00e5ret til &laquo;\u00c5rets gjestehavn&raquo; flere ganger, s\u00e5 jeg regner vel med at ting er p\u00e5 stell.<\/p>\n<figure id=\"attachment_23069\" aria-describedby=\"caption-attachment-23069\" style=\"width: 300px\" class=\"wp-caption alignright\"><a href=\"https:\/\/i0.wp.com\/pequod.nesodd1.no\/wp-content\/uploads\/2021\/09\/IMG-8688.jpg.f40394f7a30304e3f5b553521002cee3.jpg?ssl=1\"><img data-recalc-dims=\"1\" loading=\"lazy\" decoding=\"async\" data-attachment-id=\"23069\" data-permalink=\"https:\/\/pequod.nesodd1.no\/?attachment_id=23069\" data-orig-file=\"https:\/\/i0.wp.com\/pequod.nesodd1.no\/wp-content\/uploads\/2021\/09\/IMG-8688.jpg.f40394f7a30304e3f5b553521002cee3.jpg?fit=1000%2C750&amp;ssl=1\" data-orig-size=\"1000,750\" data-comments-opened=\"1\" data-image-meta=\"{&quot;aperture&quot;:&quot;0&quot;,&quot;credit&quot;:&quot;&quot;,&quot;camera&quot;:&quot;&quot;,&quot;caption&quot;:&quot;&quot;,&quot;created_timestamp&quot;:&quot;0&quot;,&quot;copyright&quot;:&quot;&quot;,&quot;focal_length&quot;:&quot;0&quot;,&quot;iso&quot;:&quot;0&quot;,&quot;shutter_speed&quot;:&quot;0&quot;,&quot;title&quot;:&quot;&quot;,&quot;orientation&quot;:&quot;0&quot;}\" data-image-title=\"IMG-8688.jpg.f40394f7a30304e3f5b553521002cee3\" data-image-description=\"&lt;p&gt;Bekkjarvik, gjestehavn, Vestland&lt;\/p&gt;\n\" data-image-caption=\"&lt;p&gt;Plass nok ogs\u00e5 i ytre gjestehavn&lt;\/p&gt;\n\" data-large-file=\"https:\/\/i0.wp.com\/pequod.nesodd1.no\/wp-content\/uploads\/2021\/09\/IMG-8688.jpg.f40394f7a30304e3f5b553521002cee3.jpg?fit=940%2C705&amp;ssl=1\" class=\"size-medium wp-image-23069\" src=\"https:\/\/i0.wp.com\/pequod.nesodd1.no\/wp-content\/uploads\/2021\/09\/IMG-8688.jpg.f40394f7a30304e3f5b553521002cee3.jpg?resize=300%2C225&#038;ssl=1\" alt=\"\" width=\"300\" height=\"225\" srcset=\"https:\/\/i0.wp.com\/pequod.nesodd1.no\/wp-content\/uploads\/2021\/09\/IMG-8688.jpg.f40394f7a30304e3f5b553521002cee3.jpg?resize=300%2C225&amp;ssl=1 300w, https:\/\/i0.wp.com\/pequod.nesodd1.no\/wp-content\/uploads\/2021\/09\/IMG-8688.jpg.f40394f7a30304e3f5b553521002cee3.jpg?resize=100%2C75&amp;ssl=1 100w, https:\/\/i0.wp.com\/pequod.nesodd1.no\/wp-content\/uploads\/2021\/09\/IMG-8688.jpg.f40394f7a30304e3f5b553521002cee3.jpg?resize=768%2C576&amp;ssl=1 768w, https:\/\/i0.wp.com\/pequod.nesodd1.no\/wp-content\/uploads\/2021\/09\/IMG-8688.jpg.f40394f7a30304e3f5b553521002cee3.jpg?w=1000&amp;ssl=1 1000w\" sizes=\"auto, (max-width: 300px) 100vw, 300px\" \/><\/a><figcaption id=\"caption-attachment-23069\" class=\"wp-caption-text\">Plass nok ogs\u00e5 i ytre gjestehavn<\/figcaption><\/figure>\n<p>Bekkjarvik m\u00e5 vel ha det koseligste butikksenteret jeg noen gang har v\u00e6rt i! Og langs havna er det mange restauranter og utesteder, s\u00e5 jeg kan s\u00e5 levende forestille meg at det er liv her om sommeren!<\/p>\n<p>Jeg tror nok at jeg personlig ville ha pr\u00f8vd \u00e5 f\u00e5 en plass i den ytterste neste gang jeg er p\u00e5 disse kanter, kan tenke meg at det er noe stillere der, da det ikke er fullt av utesteder rett ved bryggene.<\/p>\n<p>Synes at plassen i den ytterste er noe d\u00e5rlig utnyttet, her m\u00e5 det da v\u00e6re plass til i alle fall en flytebrygge til?<\/p>\n<p>Bekkjarvik har ogs\u00e5 drivstoffpumpe, som er plassert p\u00e5 babord side n\u00e5r du er p\u00e5 vei inn i den indre havna.<\/p>\n<p>Formen min var ikke den beste da jeg var innom, hadde jeg hatt litt mindre vondt i bena ville jeg tatt meg en ekstra tur rundt i sentrum, men det s\u00e5 ut til \u00e5 v\u00e6re et veldig koselig sted ogs\u00e5 utenom butikksenteret!<\/p>\n<figure id=\"attachment_23070\" aria-describedby=\"caption-attachment-23070\" style=\"width: 1000px\" class=\"wp-caption aligncenter\"><a href=\"https:\/\/i0.wp.com\/pequod.nesodd1.no\/wp-content\/uploads\/2021\/09\/E741CF9C-1E65-41F5-A00A-D09B532C86E3.jpeg.a7e13d481f3ead1cd603aecfca4fad90.jpeg?ssl=1\"><img data-recalc-dims=\"1\" loading=\"lazy\" decoding=\"async\" data-attachment-id=\"23070\" data-permalink=\"https:\/\/pequod.nesodd1.no\/?attachment_id=23070\" data-orig-file=\"https:\/\/i0.wp.com\/pequod.nesodd1.no\/wp-content\/uploads\/2021\/09\/E741CF9C-1E65-41F5-A00A-D09B532C86E3.jpeg.a7e13d481f3ead1cd603aecfca4fad90.jpeg?fit=1000%2C750&amp;ssl=1\" data-orig-size=\"1000,750\" data-comments-opened=\"1\" data-image-meta=\"{&quot;aperture&quot;:&quot;0&quot;,&quot;credit&quot;:&quot;&quot;,&quot;camera&quot;:&quot;&quot;,&quot;caption&quot;:&quot;&quot;,&quot;created_timestamp&quot;:&quot;0&quot;,&quot;copyright&quot;:&quot;&quot;,&quot;focal_length&quot;:&quot;0&quot;,&quot;iso&quot;:&quot;0&quot;,&quot;shutter_speed&quot;:&quot;0&quot;,&quot;title&quot;:&quot;&quot;,&quot;orientation&quot;:&quot;0&quot;}\" data-image-title=\"E741CF9C-1E65-41F5-A00A-D09B532C86E3.jpeg.a7e13d481f3ead1cd603aecfca4fad90\" data-image-description=\"&lt;p&gt;Bekkjarvik, handleenter, retro&lt;\/p&gt;\n\" data-image-caption=\"&lt;p&gt;Fra butikksenteret ved havna&lt;\/p&gt;\n\" data-large-file=\"https:\/\/i0.wp.com\/pequod.nesodd1.no\/wp-content\/uploads\/2021\/09\/E741CF9C-1E65-41F5-A00A-D09B532C86E3.jpeg.a7e13d481f3ead1cd603aecfca4fad90.jpeg?fit=940%2C705&amp;ssl=1\" class=\"size-full wp-image-23070\" src=\"https:\/\/i0.wp.com\/pequod.nesodd1.no\/wp-content\/uploads\/2021\/09\/E741CF9C-1E65-41F5-A00A-D09B532C86E3.jpeg.a7e13d481f3ead1cd603aecfca4fad90.jpeg?resize=940%2C705&#038;ssl=1\" alt=\"\" width=\"940\" height=\"705\" srcset=\"https:\/\/i0.wp.com\/pequod.nesodd1.no\/wp-content\/uploads\/2021\/09\/E741CF9C-1E65-41F5-A00A-D09B532C86E3.jpeg.a7e13d481f3ead1cd603aecfca4fad90.jpeg?w=1000&amp;ssl=1 1000w, https:\/\/i0.wp.com\/pequod.nesodd1.no\/wp-content\/uploads\/2021\/09\/E741CF9C-1E65-41F5-A00A-D09B532C86E3.jpeg.a7e13d481f3ead1cd603aecfca4fad90.jpeg?resize=300%2C225&amp;ssl=1 300w, https:\/\/i0.wp.com\/pequod.nesodd1.no\/wp-content\/uploads\/2021\/09\/E741CF9C-1E65-41F5-A00A-D09B532C86E3.jpeg.a7e13d481f3ead1cd603aecfca4fad90.jpeg?resize=100%2C75&amp;ssl=1 100w, https:\/\/i0.wp.com\/pequod.nesodd1.no\/wp-content\/uploads\/2021\/09\/E741CF9C-1E65-41F5-A00A-D09B532C86E3.jpeg.a7e13d481f3ead1cd603aecfca4fad90.jpeg?resize=768%2C576&amp;ssl=1 768w\" sizes=\"auto, (max-width: 940px) 100vw, 940px\" \/><\/a><figcaption id=\"caption-attachment-23070\" class=\"wp-caption-text\">Fra butikksenteret ved havna<\/figcaption><\/figure>\n<h3>Related Images:<\/h3>","protected":false},"excerpt":{"rendered":"<p>Vurdering (5 anker er best):&nbsp; Posisjon: 60\u00b00&#8217;27.9&#8243;N 5\u00b012&#8217;13.1&#8243;E Bes\u00f8kt antall ganger:&nbsp;1&nbsp;Sist bes\u00f8kt: 20.9 2021&nbsp; Webkamera:&nbsp;Nei&nbsp;Hjemmeside Fasiliteter: Vann, str\u00f8m, toalett, dusj, vaskemaskin og t\u00f8rketrommel, drivstoff. WiFi. Kafeer og restauranter og butikksenter rett ved gjestehavna.&nbsp; Havneavgift (for 29-foter): Fra 200 NOK if\u00f8lge hjemmesiden. L\u00e5 der bare et par timer, s\u00e5 betalte ikke noen avgift. Betales med Vipps. &hellip;<br \/><a href=\"https:\/\/pequod.nesodd1.no\/?page_id=24028\" class=\"more-link pen_element_default pen_icon_arrow_double\">Les<\/a><\/p>\n","protected":false},"author":1,"featured_media":22380,"parent":5493,"menu_order":0,"comment_status":"closed","ping_status":"closed","template":"","meta":{"_crdt_document":"","ngg_post_thumbnail":0,"jetpack_post_was_ever_published":false,"footnotes":""},"class_list":["post-24028","page","type-page","status-publish","has-post-thumbnail","hentry"],"jetpack_shortlink":"https:\/\/wp.me\/P3Zd9b-6fy","jetpack_sharing_enabled":true,"jetpack_likes_enabled":true,"jetpack-related-posts":[],"_links":{"self":[{"href":"https:\/\/pequod.nesodd1.no\/index.php?rest_route=\/wp\/v2\/pages\/24028","targetHints":{"allow":["GET"]}}],"collection":[{"href":"https:\/\/pequod.nesodd1.no\/index.php?rest_route=\/wp\/v2\/pages"}],"about":[{"href":"https:\/\/pequod.nesodd1.no\/index.php?rest_route=\/wp\/v2\/types\/page"}],"author":[{"embeddable":true,"href":"https:\/\/pequod.nesodd1.no\/index.php?rest_route=\/wp\/v2\/users\/1"}],"replies":[{"embeddable":true,"href":"https:\/\/pequod.nesodd1.no\/index.php?rest_route=%2Fwp%2Fv2%2Fcomments&post=24028"}],"version-history":[{"count":4,"href":"https:\/\/pequod.nesodd1.no\/index.php?rest_route=\/wp\/v2\/pages\/24028\/revisions"}],"predecessor-version":[{"id":24034,"href":"https:\/\/pequod.nesodd1.no\/index.php?rest_route=\/wp\/v2\/pages\/24028\/revisions\/24034"}],"up":[{"embeddable":true,"href":"https:\/\/pequod.nesodd1.no\/index.php?rest_route=\/wp\/v2\/pages\/5493"}],"wp:featuredmedia":[{"embeddable":true,"href":"https:\/\/pequod.nesodd1.no\/index.php?rest_route=\/wp\/v2\/media\/22380"}],"wp:attachment":[{"href":"https:\/\/pequod.nesodd1.no\/index.php?rest_route=%2Fwp%2Fv2%2Fmedia&parent=24028"}],"curies":[{"name":"wp","href":"https:\/\/api.w.org\/{rel}","templated":true}]}}