{"id":24080,"date":"2022-04-08T23:36:08","date_gmt":"2022-04-08T21:36:08","guid":{"rendered":"https:\/\/pequod.nesodd1.no\/?page_id=24080"},"modified":"2022-04-08T23:38:10","modified_gmt":"2022-04-08T21:38:10","slug":"stavanger-solyst","status":"publish","type":"page","link":"https:\/\/pequod.nesodd1.no\/?page_id=24080","title":{"rendered":"S\u00f8lyst &#8211; Stavanger seilforening"},"content":{"rendered":"<p><strong>Vurdering (5 anker er best):&nbsp;<a href=\"https:\/\/i0.wp.com\/pequod.nesodd1.no\/wp-content\/uploads\/2019\/10\/klistremerker-anker-og-tau-design.jpg.jpg?ssl=1\"><img loading=\"lazy\" decoding=\"async\" data-attachment-id=\"16489\" data-permalink=\"https:\/\/pequod.nesodd1.no\/?attachment_id=16489\" data-orig-file=\"https:\/\/i0.wp.com\/pequod.nesodd1.no\/wp-content\/uploads\/2019\/10\/klistremerker-anker-og-tau-design.jpg.jpg?fit=25%2C25&amp;ssl=1\" data-orig-size=\"25,25\" data-comments-opened=\"1\" data-image-meta=\"{&quot;aperture&quot;:&quot;0&quot;,&quot;credit&quot;:&quot;tribalium81&quot;,&quot;camera&quot;:&quot;&quot;,&quot;caption&quot;:&quot;&quot;,&quot;created_timestamp&quot;:&quot;0&quot;,&quot;copyright&quot;:&quot;tribalium81&quot;,&quot;focal_length&quot;:&quot;0&quot;,&quot;iso&quot;:&quot;0&quot;,&quot;shutter_speed&quot;:&quot;0&quot;,&quot;title&quot;:&quot;anchor and rope design&quot;,&quot;orientation&quot;:&quot;1&quot;}\" data-image-title=\"anchor and rope design\" data-image-description=\"\" data-image-caption=\"\" data-large-file=\"https:\/\/i0.wp.com\/pequod.nesodd1.no\/wp-content\/uploads\/2019\/10\/klistremerker-anker-og-tau-design.jpg.jpg?fit=25%2C25&amp;ssl=1\" class=\"alignnone size-full wp-image-16489\" src=\"https:\/\/i0.wp.com\/pequod.nesodd1.no\/wp-content\/uploads\/2019\/10\/klistremerker-anker-og-tau-design.jpg.jpg?resize=25%2C25&amp;ssl=1\" alt=\"\" width=\"25\" height=\"25\" data-attachment-id=\"16489\" data-permalink=\"https:\/\/pequod.nesodd1.no\/?attachment_id=16489\" data-orig-file=\"https:\/\/i0.wp.com\/pequod.nesodd1.no\/wp-content\/uploads\/2019\/10\/klistremerker-anker-og-tau-design.jpg.jpg?fit=25%2C25&amp;ssl=1\" data-orig-size=\"25,25\" data-comments-opened=\"1\" data-image-meta=\"{&quot;aperture&quot;:&quot;0&quot;,&quot;credit&quot;:&quot;tribalium81&quot;,&quot;camera&quot;:&quot;&quot;,&quot;caption&quot;:&quot;&quot;,&quot;created_timestamp&quot;:&quot;0&quot;,&quot;copyright&quot;:&quot;tribalium81&quot;,&quot;focal_length&quot;:&quot;0&quot;,&quot;iso&quot;:&quot;0&quot;,&quot;shutter_speed&quot;:&quot;0&quot;,&quot;title&quot;:&quot;anchor and rope design&quot;,&quot;orientation&quot;:&quot;1&quot;}\" data-image-title=\"anchor and rope design\" data-image-description=\"\" data-image-caption=\"\" data-medium-file=\"https:\/\/i0.wp.com\/pequod.nesodd1.no\/wp-content\/uploads\/2019\/10\/klistremerker-anker-og-tau-design.jpg.jpg?fit=25%2C25&amp;ssl=1\" data-large-file=\"https:\/\/i0.wp.com\/pequod.nesodd1.no\/wp-content\/uploads\/2019\/10\/klistremerker-anker-og-tau-design.jpg.jpg?fit=25%2C25&amp;ssl=1\"><\/a><\/strong><br \/>\n<strong>Posisjon: <\/strong>58\u00b058&#8217;31.3&#8243;N 5\u00b044&#8217;28.7&#8243;E<br \/>\n<strong>Bes\u00f8kt antall ganger:<\/strong>&nbsp;1&nbsp;<strong>Sist bes\u00f8kt:<\/strong> September 2021. <a href=\"https:\/\/www.stavangerseilforening.no\/gjester-guest\/\" target=\"_blank\" rel=\"noopener\">Hjemmeside<\/a><br \/>\n<strong>Fasiliteter:<\/strong> Vann, str\u00f8m. Toalett i klubbhus, men det var stengt.<br \/>\n<strong>Havneavgift (for 29-foter):<\/strong> 110 NOK pluss 110,- for str\u00f8m, totalt 220. Tungvint betalingssystem via nettside.<br \/>\n<strong>Fort\u00f8yning:<\/strong> I ledige b\u00e5ser merket med gr\u00f8nt<br \/>\n<b>Tilrettelagt for funksjonshemmede:<\/b> Nei, vanlig rampe ved flytebryggene som kan bli bratt ved fj\u00e6re sj\u00f8.<\/p>\n<p><a href=\"https:\/\/i0.wp.com\/pequod.nesodd1.no\/wp-content\/uploads\/2022\/04\/IMG-9110.jpg.a6ec89fcb9a4552ee04563d99d422fcf.jpg?ssl=1\"><img data-recalc-dims=\"1\" loading=\"lazy\" decoding=\"async\" data-attachment-id=\"24083\" data-permalink=\"https:\/\/pequod.nesodd1.no\/?attachment_id=24083\" data-orig-file=\"https:\/\/i0.wp.com\/pequod.nesodd1.no\/wp-content\/uploads\/2022\/04\/IMG-9110.jpg.a6ec89fcb9a4552ee04563d99d422fcf.jpg?fit=1000%2C750&amp;ssl=1\" data-orig-size=\"1000,750\" data-comments-opened=\"1\" data-image-meta=\"{&quot;aperture&quot;:&quot;0&quot;,&quot;credit&quot;:&quot;&quot;,&quot;camera&quot;:&quot;&quot;,&quot;caption&quot;:&quot;&quot;,&quot;created_timestamp&quot;:&quot;0&quot;,&quot;copyright&quot;:&quot;&quot;,&quot;focal_length&quot;:&quot;0&quot;,&quot;iso&quot;:&quot;0&quot;,&quot;shutter_speed&quot;:&quot;0&quot;,&quot;title&quot;:&quot;&quot;,&quot;orientation&quot;:&quot;0&quot;}\" data-image-title=\"IMG-9110.jpg.a6ec89fcb9a4552ee04563d99d422fcf\" data-image-description=\"&lt;p&gt;Stavanger, S\u00f8lyst&lt;\/p&gt;\n\" data-image-caption=\"\" data-large-file=\"https:\/\/i0.wp.com\/pequod.nesodd1.no\/wp-content\/uploads\/2022\/04\/IMG-9110.jpg.a6ec89fcb9a4552ee04563d99d422fcf.jpg?fit=940%2C705&amp;ssl=1\" class=\"alignleft size-medium wp-image-24083\" src=\"https:\/\/i0.wp.com\/pequod.nesodd1.no\/wp-content\/uploads\/2022\/04\/IMG-9110.jpg.a6ec89fcb9a4552ee04563d99d422fcf.jpg?resize=300%2C225&#038;ssl=1\" alt=\"\" width=\"300\" height=\"225\" srcset=\"https:\/\/i0.wp.com\/pequod.nesodd1.no\/wp-content\/uploads\/2022\/04\/IMG-9110.jpg.a6ec89fcb9a4552ee04563d99d422fcf.jpg?resize=300%2C225&amp;ssl=1 300w, https:\/\/i0.wp.com\/pequod.nesodd1.no\/wp-content\/uploads\/2022\/04\/IMG-9110.jpg.a6ec89fcb9a4552ee04563d99d422fcf.jpg?resize=100%2C75&amp;ssl=1 100w, https:\/\/i0.wp.com\/pequod.nesodd1.no\/wp-content\/uploads\/2022\/04\/IMG-9110.jpg.a6ec89fcb9a4552ee04563d99d422fcf.jpg?resize=768%2C576&amp;ssl=1 768w, https:\/\/i0.wp.com\/pequod.nesodd1.no\/wp-content\/uploads\/2022\/04\/IMG-9110.jpg.a6ec89fcb9a4552ee04563d99d422fcf.jpg?w=1000&amp;ssl=1 1000w\" sizes=\"auto, (max-width: 300px) 100vw, 300px\" \/><\/a>Kom sent til Stavanger og det var i ferd med \u00e5 bli m\u00f8rkt. Hadde funnet denne gjestehavna i Havneguiden &#8211; som nok en gang viste seg \u00e5 ikke v\u00e6re helt oppdatert (og jeg snakker da om onlineversjonen).<\/p>\n<p>Det gikk greit \u00e5 finne en ledig b\u00e5s og koble til en str\u00f8mstolpe, men deretter begynte problemene. Betalingsl\u00f8sningen var ekstremt tungvint &#8211; men m\u00e5tte inn p\u00e5 nettsiden til seilforeningen og bestille overnatting og str\u00f8m i foreningens nettbutikk! I tillegg m\u00e5tte man egentlig ringe en havnevakt for \u00e5 f\u00e5 tildelt plass, noe jeg ikke gjorde siden jeg allerede l\u00e5 pent fort\u00f8yd i en ledig b\u00e5s.<\/p>\n<p>I tillegg synes jeg prisen var litt dr\u00f8y med tanke p\u00e5 at det var i slutten av september og at det ikke fulgte med noen kode eller instruksjoner om hvordan man fikk adgang til toaletter og dusj. I tillegg ligger gjestehavna langt fra butikker og sentrum.<\/p>\n<p>Jeg valgte \u00e5 overnatte her ettersom jeg hadde lest p\u00e5 kommunens nettsider at landgangsrampene b\u00e5de i V\u00e5gen og B\u00f8reviga ble fjernet fra denne helgen.&nbsp;<\/p>\n<p>Dagen etter tok jeg bussen inn til sentrum og sjekket de to gjestehavnene til kommunen. Det viste seg ganske riktig at landgangene var fjernet, men i B\u00f8reviga var det mulig \u00e5 legge til i b\u00e5ser med utriggere. Jeg valgte da \u00e5 flytte meg dit, ikke minst fordi jeg ogs\u00e5 leste p\u00e5 seilforeningens sider at de \u00f8nsket &laquo;gjestende seilb\u00e5ter velkommen&raquo;. Det sto faktisk spesifikt det, ikke bare &laquo;gjestende b\u00e5ter&raquo;.<\/p>\n<p>Som motorb\u00e5tskipper f\u00f8lte jeg meg rett og slett ikke velkommen i den havna, og n\u00e5r prisen var stiv og servicetilbudene d\u00e5rlige, s\u00e5 var det en enkel avgj\u00f8relse \u00e5 t\u00f8ffe de f\u00e5 metrene over til B\u00f8reviga!<\/p>\n<h3>Related Images:<\/h3>","protected":false},"excerpt":{"rendered":"<p>Vurdering (5 anker er best):&nbsp; Posisjon: 58\u00b058&#8217;31.3&#8243;N 5\u00b044&#8217;28.7&#8243;E Bes\u00f8kt antall ganger:&nbsp;1&nbsp;Sist bes\u00f8kt: September 2021. Hjemmeside Fasiliteter: Vann, str\u00f8m. Toalett i klubbhus, men det var stengt. Havneavgift (for 29-foter): 110 NOK pluss 110,- for str\u00f8m, totalt 220. Tungvint betalingssystem via nettside. Fort\u00f8yning: I ledige b\u00e5ser merket med gr\u00f8nt Tilrettelagt for funksjonshemmede: Nei, vanlig rampe ved flytebryggene &hellip;<br \/><a href=\"https:\/\/pequod.nesodd1.no\/?page_id=24080\" class=\"more-link pen_element_default pen_icon_arrow_double\">Les<\/a><\/p>\n","protected":false},"author":1,"featured_media":23146,"parent":5493,"menu_order":0,"comment_status":"closed","ping_status":"closed","template":"","meta":{"_crdt_document":"","ngg_post_thumbnail":0,"jetpack_post_was_ever_published":false,"footnotes":""},"class_list":["post-24080","page","type-page","status-publish","has-post-thumbnail","hentry"],"jetpack_shortlink":"https:\/\/wp.me\/P3Zd9b-6go","jetpack_sharing_enabled":true,"jetpack_likes_enabled":true,"jetpack-related-posts":[],"_links":{"self":[{"href":"https:\/\/pequod.nesodd1.no\/index.php?rest_route=\/wp\/v2\/pages\/24080","targetHints":{"allow":["GET"]}}],"collection":[{"href":"https:\/\/pequod.nesodd1.no\/index.php?rest_route=\/wp\/v2\/pages"}],"about":[{"href":"https:\/\/pequod.nesodd1.no\/index.php?rest_route=\/wp\/v2\/types\/page"}],"author":[{"embeddable":true,"href":"https:\/\/pequod.nesodd1.no\/index.php?rest_route=\/wp\/v2\/users\/1"}],"replies":[{"embeddable":true,"href":"https:\/\/pequod.nesodd1.no\/index.php?rest_route=%2Fwp%2Fv2%2Fcomments&post=24080"}],"version-history":[{"count":4,"href":"https:\/\/pequod.nesodd1.no\/index.php?rest_route=\/wp\/v2\/pages\/24080\/revisions"}],"predecessor-version":[{"id":24087,"href":"https:\/\/pequod.nesodd1.no\/index.php?rest_route=\/wp\/v2\/pages\/24080\/revisions\/24087"}],"up":[{"embeddable":true,"href":"https:\/\/pequod.nesodd1.no\/index.php?rest_route=\/wp\/v2\/pages\/5493"}],"wp:featuredmedia":[{"embeddable":true,"href":"https:\/\/pequod.nesodd1.no\/index.php?rest_route=\/wp\/v2\/media\/23146"}],"wp:attachment":[{"href":"https:\/\/pequod.nesodd1.no\/index.php?rest_route=%2Fwp%2Fv2%2Fmedia&parent=24080"}],"curies":[{"name":"wp","href":"https:\/\/api.w.org\/{rel}","templated":true}]}}