{"id":24089,"date":"2022-04-09T13:05:11","date_gmt":"2022-04-09T11:05:11","guid":{"rendered":"https:\/\/pequod.nesodd1.no\/?page_id=24089"},"modified":"2024-03-13T17:10:55","modified_gmt":"2024-03-13T16:10:55","slug":"stavanger-boreviga","status":"publish","type":"page","link":"https:\/\/pequod.nesodd1.no\/?page_id=24089","title":{"rendered":"Stavanger\/B\u00f8revig\u00e5"},"content":{"rendered":"<p><strong>Vurdering (5 anker er best):&nbsp;<a href=\"https:\/\/i0.wp.com\/pequod.nesodd1.no\/wp-content\/uploads\/2019\/10\/klistremerker-anker-og-tau-design.jpg.jpg?ssl=1\"><img loading=\"lazy\" decoding=\"async\" data-attachment-id=\"16489\" data-permalink=\"https:\/\/pequod.nesodd1.no\/?attachment_id=16489\" data-orig-file=\"https:\/\/i0.wp.com\/pequod.nesodd1.no\/wp-content\/uploads\/2019\/10\/klistremerker-anker-og-tau-design.jpg.jpg?fit=25%2C25&amp;ssl=1\" data-orig-size=\"25,25\" data-comments-opened=\"1\" data-image-meta=\"{&quot;aperture&quot;:&quot;0&quot;,&quot;credit&quot;:&quot;tribalium81&quot;,&quot;camera&quot;:&quot;&quot;,&quot;caption&quot;:&quot;&quot;,&quot;created_timestamp&quot;:&quot;0&quot;,&quot;copyright&quot;:&quot;tribalium81&quot;,&quot;focal_length&quot;:&quot;0&quot;,&quot;iso&quot;:&quot;0&quot;,&quot;shutter_speed&quot;:&quot;0&quot;,&quot;title&quot;:&quot;anchor and rope design&quot;,&quot;orientation&quot;:&quot;1&quot;}\" data-image-title=\"anchor and rope design\" data-image-description=\"\" data-image-caption=\"\" data-large-file=\"https:\/\/i0.wp.com\/pequod.nesodd1.no\/wp-content\/uploads\/2019\/10\/klistremerker-anker-og-tau-design.jpg.jpg?fit=25%2C25&amp;ssl=1\" class=\"alignnone size-full wp-image-16489\" src=\"https:\/\/i0.wp.com\/pequod.nesodd1.no\/wp-content\/uploads\/2019\/10\/klistremerker-anker-og-tau-design.jpg.jpg?resize=25%2C25&amp;ssl=1\" alt=\"\" width=\"25\" height=\"25\" data-attachment-id=\"16489\" data-permalink=\"https:\/\/pequod.nesodd1.no\/?attachment_id=16489\" data-orig-file=\"https:\/\/i0.wp.com\/pequod.nesodd1.no\/wp-content\/uploads\/2019\/10\/klistremerker-anker-og-tau-design.jpg.jpg?fit=25%2C25&amp;ssl=1\" data-orig-size=\"25,25\" data-comments-opened=\"1\" data-image-meta=\"{&quot;aperture&quot;:&quot;0&quot;,&quot;credit&quot;:&quot;tribalium81&quot;,&quot;camera&quot;:&quot;&quot;,&quot;caption&quot;:&quot;&quot;,&quot;created_timestamp&quot;:&quot;0&quot;,&quot;copyright&quot;:&quot;tribalium81&quot;,&quot;focal_length&quot;:&quot;0&quot;,&quot;iso&quot;:&quot;0&quot;,&quot;shutter_speed&quot;:&quot;0&quot;,&quot;title&quot;:&quot;anchor and rope design&quot;,&quot;orientation&quot;:&quot;1&quot;}\" data-image-title=\"anchor and rope design\" data-image-description=\"\" data-image-caption=\"\" data-medium-file=\"https:\/\/i0.wp.com\/pequod.nesodd1.no\/wp-content\/uploads\/2019\/10\/klistremerker-anker-og-tau-design.jpg.jpg?fit=25%2C25&amp;ssl=1\" data-large-file=\"https:\/\/i0.wp.com\/pequod.nesodd1.no\/wp-content\/uploads\/2019\/10\/klistremerker-anker-og-tau-design.jpg.jpg?fit=25%2C25&amp;ssl=1\"><\/a><a href=\"https:\/\/i0.wp.com\/pequod.nesodd1.no\/wp-content\/uploads\/2019\/10\/klistremerker-anker-og-tau-design.jpg.jpg?ssl=1\"><img loading=\"lazy\" decoding=\"async\" data-attachment-id=\"16489\" data-permalink=\"https:\/\/pequod.nesodd1.no\/?attachment_id=16489\" data-orig-file=\"https:\/\/i0.wp.com\/pequod.nesodd1.no\/wp-content\/uploads\/2019\/10\/klistremerker-anker-og-tau-design.jpg.jpg?fit=25%2C25&amp;ssl=1\" data-orig-size=\"25,25\" data-comments-opened=\"1\" data-image-meta=\"{&quot;aperture&quot;:&quot;0&quot;,&quot;credit&quot;:&quot;tribalium81&quot;,&quot;camera&quot;:&quot;&quot;,&quot;caption&quot;:&quot;&quot;,&quot;created_timestamp&quot;:&quot;0&quot;,&quot;copyright&quot;:&quot;tribalium81&quot;,&quot;focal_length&quot;:&quot;0&quot;,&quot;iso&quot;:&quot;0&quot;,&quot;shutter_speed&quot;:&quot;0&quot;,&quot;title&quot;:&quot;anchor and rope design&quot;,&quot;orientation&quot;:&quot;1&quot;}\" data-image-title=\"anchor and rope design\" data-image-description=\"\" data-image-caption=\"\" data-large-file=\"https:\/\/i0.wp.com\/pequod.nesodd1.no\/wp-content\/uploads\/2019\/10\/klistremerker-anker-og-tau-design.jpg.jpg?fit=25%2C25&amp;ssl=1\" class=\"alignnone size-full wp-image-16489\" src=\"https:\/\/i0.wp.com\/pequod.nesodd1.no\/wp-content\/uploads\/2019\/10\/klistremerker-anker-og-tau-design.jpg.jpg?resize=25%2C25&amp;ssl=1\" alt=\"\" width=\"25\" height=\"25\" data-attachment-id=\"16489\" data-permalink=\"https:\/\/pequod.nesodd1.no\/?attachment_id=16489\" data-orig-file=\"https:\/\/i0.wp.com\/pequod.nesodd1.no\/wp-content\/uploads\/2019\/10\/klistremerker-anker-og-tau-design.jpg.jpg?fit=25%2C25&amp;ssl=1\" data-orig-size=\"25,25\" data-comments-opened=\"1\" data-image-meta=\"{&quot;aperture&quot;:&quot;0&quot;,&quot;credit&quot;:&quot;tribalium81&quot;,&quot;camera&quot;:&quot;&quot;,&quot;caption&quot;:&quot;&quot;,&quot;created_timestamp&quot;:&quot;0&quot;,&quot;copyright&quot;:&quot;tribalium81&quot;,&quot;focal_length&quot;:&quot;0&quot;,&quot;iso&quot;:&quot;0&quot;,&quot;shutter_speed&quot;:&quot;0&quot;,&quot;title&quot;:&quot;anchor and rope design&quot;,&quot;orientation&quot;:&quot;1&quot;}\" data-image-title=\"anchor and rope design\" data-image-description=\"\" data-image-caption=\"\" data-medium-file=\"https:\/\/i0.wp.com\/pequod.nesodd1.no\/wp-content\/uploads\/2019\/10\/klistremerker-anker-og-tau-design.jpg.jpg?fit=25%2C25&amp;ssl=1\" data-large-file=\"https:\/\/i0.wp.com\/pequod.nesodd1.no\/wp-content\/uploads\/2019\/10\/klistremerker-anker-og-tau-design.jpg.jpg?fit=25%2C25&amp;ssl=1\"><\/a><a href=\"https:\/\/i0.wp.com\/pequod.nesodd1.no\/wp-content\/uploads\/2019\/10\/klistremerker-anker-og-tau-design.jpg.jpg?ssl=1\"><img loading=\"lazy\" decoding=\"async\" data-attachment-id=\"16489\" data-permalink=\"https:\/\/pequod.nesodd1.no\/?attachment_id=16489\" data-orig-file=\"https:\/\/i0.wp.com\/pequod.nesodd1.no\/wp-content\/uploads\/2019\/10\/klistremerker-anker-og-tau-design.jpg.jpg?fit=25%2C25&amp;ssl=1\" data-orig-size=\"25,25\" data-comments-opened=\"1\" data-image-meta=\"{&quot;aperture&quot;:&quot;0&quot;,&quot;credit&quot;:&quot;tribalium81&quot;,&quot;camera&quot;:&quot;&quot;,&quot;caption&quot;:&quot;&quot;,&quot;created_timestamp&quot;:&quot;0&quot;,&quot;copyright&quot;:&quot;tribalium81&quot;,&quot;focal_length&quot;:&quot;0&quot;,&quot;iso&quot;:&quot;0&quot;,&quot;shutter_speed&quot;:&quot;0&quot;,&quot;title&quot;:&quot;anchor and rope design&quot;,&quot;orientation&quot;:&quot;1&quot;}\" data-image-title=\"anchor and rope design\" data-image-description=\"\" data-image-caption=\"\" data-large-file=\"https:\/\/i0.wp.com\/pequod.nesodd1.no\/wp-content\/uploads\/2019\/10\/klistremerker-anker-og-tau-design.jpg.jpg?fit=25%2C25&amp;ssl=1\" class=\"alignnone size-full wp-image-16489\" src=\"https:\/\/i0.wp.com\/pequod.nesodd1.no\/wp-content\/uploads\/2019\/10\/klistremerker-anker-og-tau-design.jpg.jpg?resize=25%2C25&amp;ssl=1\" alt=\"\" width=\"25\" height=\"25\" data-attachment-id=\"16489\" data-permalink=\"https:\/\/pequod.nesodd1.no\/?attachment_id=16489\" data-orig-file=\"https:\/\/i0.wp.com\/pequod.nesodd1.no\/wp-content\/uploads\/2019\/10\/klistremerker-anker-og-tau-design.jpg.jpg?fit=25%2C25&amp;ssl=1\" data-orig-size=\"25,25\" data-comments-opened=\"1\" data-image-meta=\"{&quot;aperture&quot;:&quot;0&quot;,&quot;credit&quot;:&quot;tribalium81&quot;,&quot;camera&quot;:&quot;&quot;,&quot;caption&quot;:&quot;&quot;,&quot;created_timestamp&quot;:&quot;0&quot;,&quot;copyright&quot;:&quot;tribalium81&quot;,&quot;focal_length&quot;:&quot;0&quot;,&quot;iso&quot;:&quot;0&quot;,&quot;shutter_speed&quot;:&quot;0&quot;,&quot;title&quot;:&quot;anchor and rope design&quot;,&quot;orientation&quot;:&quot;1&quot;}\" data-image-title=\"anchor and rope design\" data-image-description=\"\" data-image-caption=\"\" data-medium-file=\"https:\/\/i0.wp.com\/pequod.nesodd1.no\/wp-content\/uploads\/2019\/10\/klistremerker-anker-og-tau-design.jpg.jpg?fit=25%2C25&amp;ssl=1\" data-large-file=\"https:\/\/i0.wp.com\/pequod.nesodd1.no\/wp-content\/uploads\/2019\/10\/klistremerker-anker-og-tau-design.jpg.jpg?fit=25%2C25&amp;ssl=1\"><\/a><\/strong><br \/>\n<strong>Posisjon: <\/strong>58\u00b058&#8217;25.8&#8243;N 5\u00b043&#8217;58.8&#8243;E<br \/>\n<strong>Bes\u00f8kt antall ganger:<\/strong>&nbsp;1&nbsp;<strong>Sist bes\u00f8kt:<\/strong> September\/oktober 2021. <a href=\"https:\/\/www.aftenbladet.no\/trafikk\/i\/mqEEp\/webkameraer#102770\" target=\"_blank\" rel=\"noopener\">Webkamera<\/a> (viser deler av gjestehavna. OBS: Kommer reklame f\u00f8rst! M\u00e5 visst v\u00e6re logget inn for \u00e5 se.) <a href=\"https:\/\/www.stavangerhavn.no\/maritimt\/gjestehavner\/\" target=\"_blank\" rel=\"noopener\">Hjemmeside<\/a><br \/>\n<strong>Fasiliteter:<\/strong> Vann, str\u00f8m, toalett, dusj, vaskemaskin. S\u00f8ppelt\u00f8mming. Septikt\u00f8mming. Butikker, restauranter og Oljemuseet i umiddelbar n\u00e6rhet.<br \/>\n<strong>Havneavgift (for 29-foter):<\/strong> 200 NOK inkl. str\u00f8m da jeg l\u00e5 der, men dyrere i hovedsesongen. Automat og Go Marina-appen.<br \/>\n<strong>Fort\u00f8yning:<\/strong> For det meste b\u00e5ser, men ogs\u00e5 mulighet for \u00e5 legge seg langsides p\u00e5 utsiden av flytebryggene.<br \/>\n<b>Tilrettelagt for funksjonshemmede:<\/b> Ikke spesielt. Veldig vanskelig fra b\u00e5sene, men mulig fra flytebryggene med det vanlige forbeholdet om bratt landgang ved fj\u00e6re sj\u00f8.<\/p>\n<figure id=\"attachment_23152\" aria-describedby=\"caption-attachment-23152\" style=\"width: 300px\" class=\"wp-caption alignleft\"><a href=\"https:\/\/i0.wp.com\/pequod.nesodd1.no\/wp-content\/uploads\/2021\/10\/IMG-9185.jpg?ssl=1\"><img data-recalc-dims=\"1\" loading=\"lazy\" decoding=\"async\" data-attachment-id=\"23152\" data-permalink=\"https:\/\/pequod.nesodd1.no\/?attachment_id=23152\" data-orig-file=\"https:\/\/i0.wp.com\/pequod.nesodd1.no\/wp-content\/uploads\/2021\/10\/IMG-9185.jpg?fit=960%2C720&amp;ssl=1\" data-orig-size=\"960,720\" data-comments-opened=\"1\" data-image-meta=\"{&quot;aperture&quot;:&quot;0&quot;,&quot;credit&quot;:&quot;&quot;,&quot;camera&quot;:&quot;&quot;,&quot;caption&quot;:&quot;&quot;,&quot;created_timestamp&quot;:&quot;0&quot;,&quot;copyright&quot;:&quot;&quot;,&quot;focal_length&quot;:&quot;0&quot;,&quot;iso&quot;:&quot;0&quot;,&quot;shutter_speed&quot;:&quot;0&quot;,&quot;title&quot;:&quot;&quot;,&quot;orientation&quot;:&quot;0&quot;}\" data-image-title=\"IMG-9185\" data-image-description=\"&lt;p&gt;Stavanger, Rogaland, B\u00f8reviga&lt;\/p&gt;\n\" data-image-caption=\"&lt;p&gt;P\u00e5 plass i en gjestehavn jeg f\u00f8lte meg noe mer velkommen i&amp;#8230;&lt;\/p&gt;\n\" data-large-file=\"https:\/\/i0.wp.com\/pequod.nesodd1.no\/wp-content\/uploads\/2021\/10\/IMG-9185.jpg?fit=940%2C705&amp;ssl=1\" class=\"size-medium wp-image-23152\" src=\"https:\/\/i0.wp.com\/pequod.nesodd1.no\/wp-content\/uploads\/2021\/10\/IMG-9185.jpg?resize=300%2C225&#038;ssl=1\" alt=\"\" width=\"300\" height=\"225\" srcset=\"https:\/\/i0.wp.com\/pequod.nesodd1.no\/wp-content\/uploads\/2021\/10\/IMG-9185.jpg?resize=300%2C225&amp;ssl=1 300w, https:\/\/i0.wp.com\/pequod.nesodd1.no\/wp-content\/uploads\/2021\/10\/IMG-9185.jpg?resize=100%2C75&amp;ssl=1 100w, https:\/\/i0.wp.com\/pequod.nesodd1.no\/wp-content\/uploads\/2021\/10\/IMG-9185.jpg?resize=768%2C576&amp;ssl=1 768w, https:\/\/i0.wp.com\/pequod.nesodd1.no\/wp-content\/uploads\/2021\/10\/IMG-9185.jpg?w=960&amp;ssl=1 960w\" sizes=\"auto, (max-width: 300px) 100vw, 300px\" \/><\/a><figcaption id=\"caption-attachment-23152\" class=\"wp-caption-text\">B\u00f8revig\u00e5 med Oljemuseet i bakgrunnen.<\/figcaption><\/figure>\n<p>Landgangsrampene b\u00e5de i V\u00e5gen og B\u00f8revig\u00e5 ble fjernet at kommunen uka f\u00f8r jeg ankom, men da jeg s\u00e5 at det var mulig \u00e5 legge meg til ved utriggerne i B\u00f8revig\u00e5, s\u00e5 la jeg meg der.<\/p>\n<p>Det viste seg \u00e5 v\u00e6re litt vanskeligere enn jeg hadde trodd p\u00e5 grunn av min amputasjon og derav f\u00f8lgende d\u00e5rlige balanse. Utriggerne ligger flatt, men det er et trinn opp fra der utriggerne er festet til kaikanten og til selve kaia. Det lille trinnet voldte meg store problemer n\u00e5r jeg skulle til og fra b\u00e5ten. F\u00f8rste gang m\u00e5tte jeg ha hjelp fra en forbipasserende, men siden jeg ble liggende der i fem dager mens jeg ventet p\u00e5 et v\u00e6rvindu over J\u00e6ren, s\u00e5 fant jeg til slutt en l\u00f8sning.&nbsp;<\/p>\n<p>\u00d8velse gj\u00f8r mester, heter det jo&#8230;<\/p>\n<p>Gjestehavna i B\u00f8reviga ligger plassert nesten midt i sentrum, s\u00e5 det er ganske sentralt. Likevel ligger den slik til at det var overraskende rolig der, ikke bare fordi det var i m\u00e5nedskiftet september\/oktober, men ogs\u00e5 fordi den ikke ligger kloss opptil alle restaurantene og utestedene. N\u00e6rmeste nabo i s\u00e5 tilfelle er Oljemuseet med B\u00f8lgen &amp; Moi. Gjestehavnene i Stavanger stenger om vinteren, og jeg rakk s\u00e5 vidt \u00e5 f\u00e5 vasket kl\u00e6r og tatt en dusj f\u00f8r 1. oktober &#8211; da stengte ogs\u00e5 servicebygget.<\/p>\n<figure id=\"attachment_23160\" aria-describedby=\"caption-attachment-23160\" style=\"width: 300px\" class=\"wp-caption alignleft\"><a href=\"https:\/\/i0.wp.com\/pequod.nesodd1.no\/wp-content\/uploads\/2021\/10\/243723519_10158052789107032_2810881656935188589_n.jpg?ssl=1\"><img data-recalc-dims=\"1\" loading=\"lazy\" decoding=\"async\" data-attachment-id=\"23160\" data-permalink=\"https:\/\/pequod.nesodd1.no\/?attachment_id=23160\" data-orig-file=\"https:\/\/i0.wp.com\/pequod.nesodd1.no\/wp-content\/uploads\/2021\/10\/243723519_10158052789107032_2810881656935188589_n.jpg?fit=960%2C720&amp;ssl=1\" data-orig-size=\"960,720\" data-comments-opened=\"1\" data-image-meta=\"{&quot;aperture&quot;:&quot;0&quot;,&quot;credit&quot;:&quot;&quot;,&quot;camera&quot;:&quot;&quot;,&quot;caption&quot;:&quot;&quot;,&quot;created_timestamp&quot;:&quot;0&quot;,&quot;copyright&quot;:&quot;&quot;,&quot;focal_length&quot;:&quot;0&quot;,&quot;iso&quot;:&quot;0&quot;,&quot;shutter_speed&quot;:&quot;0&quot;,&quot;title&quot;:&quot;&quot;,&quot;orientation&quot;:&quot;0&quot;}\" data-image-title=\"243723519_10158052789107032_2810881656935188589_n\" data-image-description=\"&lt;p&gt;Stavanger, Rogaland, Oljemuseet, &lt;\/p&gt;\n\" data-image-caption=\"&lt;p&gt;Bergtatt sett fra oljemuseet&lt;\/p&gt;\n\" data-large-file=\"https:\/\/i0.wp.com\/pequod.nesodd1.no\/wp-content\/uploads\/2021\/10\/243723519_10158052789107032_2810881656935188589_n.jpg?fit=940%2C705&amp;ssl=1\" class=\"size-medium wp-image-23160\" src=\"https:\/\/i0.wp.com\/pequod.nesodd1.no\/wp-content\/uploads\/2021\/10\/243723519_10158052789107032_2810881656935188589_n.jpg?resize=300%2C225&#038;ssl=1\" alt=\"\" width=\"300\" height=\"225\" srcset=\"https:\/\/i0.wp.com\/pequod.nesodd1.no\/wp-content\/uploads\/2021\/10\/243723519_10158052789107032_2810881656935188589_n.jpg?resize=300%2C225&amp;ssl=1 300w, https:\/\/i0.wp.com\/pequod.nesodd1.no\/wp-content\/uploads\/2021\/10\/243723519_10158052789107032_2810881656935188589_n.jpg?resize=100%2C75&amp;ssl=1 100w, https:\/\/i0.wp.com\/pequod.nesodd1.no\/wp-content\/uploads\/2021\/10\/243723519_10158052789107032_2810881656935188589_n.jpg?resize=768%2C576&amp;ssl=1 768w, https:\/\/i0.wp.com\/pequod.nesodd1.no\/wp-content\/uploads\/2021\/10\/243723519_10158052789107032_2810881656935188589_n.jpg?w=960&amp;ssl=1 960w\" sizes=\"auto, (max-width: 300px) 100vw, 300px\" \/><\/a><figcaption id=\"caption-attachment-23160\" class=\"wp-caption-text\">Bergtatt sett fra oljemuseet<\/figcaption><\/figure>\n<p>Servicebygget har alt du trenger og har en helt grei standard. B\u00e5de redningssk\u00f8yta og politib\u00e5ten l\u00e5 her ogs\u00e5, s\u00e5 jeg f\u00f8lte meg trygg her! Redningsselskapet har lokaler i servicebygget.<\/p>\n<p>Havna er nok litt utsatt for vestlig vind og fra trafikk fra fritidsb\u00e5ter, hurtigb\u00e5ter og ferger, men det var ikke veldig sjenerende. Mesteparten av fergetrafikken er uansett plassert lenger nordover, forbi Oljemuseet. Og jeg vil tro at B\u00f8revig\u00e5 er et bedre sted \u00e5 ligge enn V\u00e5gen n\u00e5r vinden st\u00e5r inn fra vest, ettersom havna ligger mer i ly av \u00f8yene rett utenfor.<\/p>\n<p>Det er kort vei til flere butikksentre og til sentrum, og spaserturen bort til V\u00e5gen og til gamlebyen er heller ikke avskrekkende lang. Veldig koselig \u00e5 g\u00e5 rundt i gamlebyen, der det ogs\u00e5 ligger et hermetikkmuseum som dessverre var stengt da jeg l\u00e5 der.<\/p>\n<p>Ved Oljemuseet er det ogs\u00e5 en lekeplass for barn, selvsagt veldig inspirert av oljeindustrien, og selve museet er ogs\u00e5 en opplevelse som ikke kan anbefales for sterkt! Et bes\u00f8k der er et must &#8211; og det ligger jo rett ved siden av!<\/p>\n<p>Neste gang jeg er i Stavanger kommer jeg garantert til \u00e5 legge meg her.<\/p>\n<h3>Related Images:<\/h3>","protected":false},"excerpt":{"rendered":"<p>Vurdering (5 anker er best):&nbsp; Posisjon: 58\u00b058&#8217;25.8&#8243;N 5\u00b043&#8217;58.8&#8243;E Bes\u00f8kt antall ganger:&nbsp;1&nbsp;Sist bes\u00f8kt: September\/oktober 2021. Webkamera (viser deler av gjestehavna. OBS: Kommer reklame f\u00f8rst! M\u00e5 visst v\u00e6re logget inn for \u00e5 se.) Hjemmeside Fasiliteter: Vann, str\u00f8m, toalett, dusj, vaskemaskin. S\u00f8ppelt\u00f8mming. Septikt\u00f8mming. Butikker, restauranter og Oljemuseet i umiddelbar n\u00e6rhet. Havneavgift (for 29-foter): 200 NOK inkl. str\u00f8m da &hellip;<br \/><a href=\"https:\/\/pequod.nesodd1.no\/?page_id=24089\" class=\"more-link pen_element_default pen_icon_arrow_double\">Les<\/a><\/p>\n","protected":false},"author":1,"featured_media":23149,"parent":5493,"menu_order":0,"comment_status":"closed","ping_status":"closed","template":"","meta":{"_crdt_document":"","ngg_post_thumbnail":0,"jetpack_post_was_ever_published":false,"footnotes":""},"class_list":["post-24089","page","type-page","status-publish","has-post-thumbnail","hentry"],"jetpack_shortlink":"https:\/\/wp.me\/P3Zd9b-6gx","jetpack_sharing_enabled":true,"jetpack_likes_enabled":true,"jetpack-related-posts":[],"_links":{"self":[{"href":"https:\/\/pequod.nesodd1.no\/index.php?rest_route=\/wp\/v2\/pages\/24089","targetHints":{"allow":["GET"]}}],"collection":[{"href":"https:\/\/pequod.nesodd1.no\/index.php?rest_route=\/wp\/v2\/pages"}],"about":[{"href":"https:\/\/pequod.nesodd1.no\/index.php?rest_route=\/wp\/v2\/types\/page"}],"author":[{"embeddable":true,"href":"https:\/\/pequod.nesodd1.no\/index.php?rest_route=\/wp\/v2\/users\/1"}],"replies":[{"embeddable":true,"href":"https:\/\/pequod.nesodd1.no\/index.php?rest_route=%2Fwp%2Fv2%2Fcomments&post=24089"}],"version-history":[{"count":6,"href":"https:\/\/pequod.nesodd1.no\/index.php?rest_route=\/wp\/v2\/pages\/24089\/revisions"}],"predecessor-version":[{"id":28151,"href":"https:\/\/pequod.nesodd1.no\/index.php?rest_route=\/wp\/v2\/pages\/24089\/revisions\/28151"}],"up":[{"embeddable":true,"href":"https:\/\/pequod.nesodd1.no\/index.php?rest_route=\/wp\/v2\/pages\/5493"}],"wp:featuredmedia":[{"embeddable":true,"href":"https:\/\/pequod.nesodd1.no\/index.php?rest_route=\/wp\/v2\/media\/23149"}],"wp:attachment":[{"href":"https:\/\/pequod.nesodd1.no\/index.php?rest_route=%2Fwp%2Fv2%2Fmedia&parent=24089"}],"curies":[{"name":"wp","href":"https:\/\/api.w.org\/{rel}","templated":true}]}}