{"id":24095,"date":"2022-04-09T13:40:54","date_gmt":"2022-04-09T11:40:54","guid":{"rendered":"https:\/\/pequod.nesodd1.no\/?page_id=24095"},"modified":"2022-04-09T13:41:13","modified_gmt":"2022-04-09T11:41:13","slug":"trysnes","status":"publish","type":"page","link":"https:\/\/pequod.nesodd1.no\/?page_id=24095","title":{"rendered":"Trysnes Brygge"},"content":{"rendered":"<p><strong>Vurdering (5 anker er best):&nbsp;<a href=\"https:\/\/i0.wp.com\/pequod.nesodd1.no\/wp-content\/uploads\/2019\/10\/klistremerker-anker-og-tau-design.jpg.jpg?ssl=1\"><img loading=\"lazy\" decoding=\"async\" data-attachment-id=\"16489\" data-permalink=\"https:\/\/pequod.nesodd1.no\/?attachment_id=16489\" data-orig-file=\"https:\/\/i0.wp.com\/pequod.nesodd1.no\/wp-content\/uploads\/2019\/10\/klistremerker-anker-og-tau-design.jpg.jpg?fit=25%2C25&amp;ssl=1\" data-orig-size=\"25,25\" data-comments-opened=\"1\" data-image-meta=\"{&quot;aperture&quot;:&quot;0&quot;,&quot;credit&quot;:&quot;tribalium81&quot;,&quot;camera&quot;:&quot;&quot;,&quot;caption&quot;:&quot;&quot;,&quot;created_timestamp&quot;:&quot;0&quot;,&quot;copyright&quot;:&quot;tribalium81&quot;,&quot;focal_length&quot;:&quot;0&quot;,&quot;iso&quot;:&quot;0&quot;,&quot;shutter_speed&quot;:&quot;0&quot;,&quot;title&quot;:&quot;anchor and rope design&quot;,&quot;orientation&quot;:&quot;1&quot;}\" data-image-title=\"anchor and rope design\" data-image-description=\"\" data-image-caption=\"\" data-large-file=\"https:\/\/i0.wp.com\/pequod.nesodd1.no\/wp-content\/uploads\/2019\/10\/klistremerker-anker-og-tau-design.jpg.jpg?fit=25%2C25&amp;ssl=1\" class=\"alignnone size-full wp-image-16489\" src=\"https:\/\/i0.wp.com\/pequod.nesodd1.no\/wp-content\/uploads\/2019\/10\/klistremerker-anker-og-tau-design.jpg.jpg?resize=25%2C25&amp;ssl=1\" alt=\"\" width=\"25\" height=\"25\" data-attachment-id=\"16489\" data-permalink=\"https:\/\/pequod.nesodd1.no\/?attachment_id=16489\" data-orig-file=\"https:\/\/i0.wp.com\/pequod.nesodd1.no\/wp-content\/uploads\/2019\/10\/klistremerker-anker-og-tau-design.jpg.jpg?fit=25%2C25&amp;ssl=1\" data-orig-size=\"25,25\" data-comments-opened=\"1\" data-image-meta=\"{&quot;aperture&quot;:&quot;0&quot;,&quot;credit&quot;:&quot;tribalium81&quot;,&quot;camera&quot;:&quot;&quot;,&quot;caption&quot;:&quot;&quot;,&quot;created_timestamp&quot;:&quot;0&quot;,&quot;copyright&quot;:&quot;tribalium81&quot;,&quot;focal_length&quot;:&quot;0&quot;,&quot;iso&quot;:&quot;0&quot;,&quot;shutter_speed&quot;:&quot;0&quot;,&quot;title&quot;:&quot;anchor and rope design&quot;,&quot;orientation&quot;:&quot;1&quot;}\" data-image-title=\"anchor and rope design\" data-image-description=\"\" data-image-caption=\"\" data-medium-file=\"https:\/\/i0.wp.com\/pequod.nesodd1.no\/wp-content\/uploads\/2019\/10\/klistremerker-anker-og-tau-design.jpg.jpg?fit=25%2C25&amp;ssl=1\" data-large-file=\"https:\/\/i0.wp.com\/pequod.nesodd1.no\/wp-content\/uploads\/2019\/10\/klistremerker-anker-og-tau-design.jpg.jpg?fit=25%2C25&amp;ssl=1\"><\/a><\/strong><br \/>\n<strong>Posisjon: 5<\/strong>8\u00b03&#8217;25.1&#8243;N 7\u00b042&#8217;33.0&#8243;E<br \/>\n<strong>Bes\u00f8kt antall ganger:<\/strong>&nbsp;1&nbsp;<strong>Sist bes\u00f8kt:<\/strong> Oktober 2021. &nbsp;<a href=\"https:\/\/trysnesbrygge.no\/marina\/\" target=\"_blank\" rel=\"noopener\">Hjemmeside<\/a><br \/>\n<strong>Fasiliteter:<\/strong> Vann, str\u00f8m, toalett, dusj. S\u00f8ppelt\u00f8mming. Drivstoff. En liten butikk\/kiosk. Restaurant.<br \/>\n<strong>Havneavgift (for 29-foter):<\/strong> Ukjent. Sto et oppslag om betaling med Vipps, men ingen info om pris.<br \/>\n<strong>Fort\u00f8yning:<\/strong> Langsides ved kai (tror jeg), samt flytebrygge.<br \/>\n<b>Tilrettelagt for funksjonshemmede:<\/b> Nei.<\/p>\n<figure id=\"attachment_23240\" aria-describedby=\"caption-attachment-23240\" style=\"width: 300px\" class=\"wp-caption alignleft\"><a href=\"https:\/\/i0.wp.com\/pequod.nesodd1.no\/wp-content\/uploads\/2021\/10\/IMG-9589.jpg?ssl=1\"><img data-recalc-dims=\"1\" loading=\"lazy\" decoding=\"async\" data-attachment-id=\"23240\" data-permalink=\"https:\/\/pequod.nesodd1.no\/?attachment_id=23240\" data-orig-file=\"https:\/\/i0.wp.com\/pequod.nesodd1.no\/wp-content\/uploads\/2021\/10\/IMG-9589.jpg?fit=960%2C720&amp;ssl=1\" data-orig-size=\"960,720\" data-comments-opened=\"1\" data-image-meta=\"{&quot;aperture&quot;:&quot;0&quot;,&quot;credit&quot;:&quot;&quot;,&quot;camera&quot;:&quot;&quot;,&quot;caption&quot;:&quot;&quot;,&quot;created_timestamp&quot;:&quot;0&quot;,&quot;copyright&quot;:&quot;&quot;,&quot;focal_length&quot;:&quot;0&quot;,&quot;iso&quot;:&quot;0&quot;,&quot;shutter_speed&quot;:&quot;0&quot;,&quot;title&quot;:&quot;&quot;,&quot;orientation&quot;:&quot;0&quot;}\" data-image-title=\"IMG-9589\" data-image-description=\"&lt;p&gt;Trysnes, Agder&lt;\/p&gt;\n\" data-image-caption=\"&lt;p&gt;Brgtatt ligger helt bakrrst i bildet, den n\u00e6rmeste str\u00f8mstolpen ser du til h\u00f8yre&amp;#8230;&lt;\/p&gt;\n\" data-large-file=\"https:\/\/i0.wp.com\/pequod.nesodd1.no\/wp-content\/uploads\/2021\/10\/IMG-9589.jpg?fit=940%2C705&amp;ssl=1\" class=\"size-medium wp-image-23240\" src=\"https:\/\/i0.wp.com\/pequod.nesodd1.no\/wp-content\/uploads\/2021\/10\/IMG-9589.jpg?resize=300%2C225&#038;ssl=1\" alt=\"\" width=\"300\" height=\"225\" srcset=\"https:\/\/i0.wp.com\/pequod.nesodd1.no\/wp-content\/uploads\/2021\/10\/IMG-9589.jpg?resize=300%2C225&amp;ssl=1 300w, https:\/\/i0.wp.com\/pequod.nesodd1.no\/wp-content\/uploads\/2021\/10\/IMG-9589.jpg?resize=100%2C75&amp;ssl=1 100w, https:\/\/i0.wp.com\/pequod.nesodd1.no\/wp-content\/uploads\/2021\/10\/IMG-9589.jpg?resize=768%2C576&amp;ssl=1 768w, https:\/\/i0.wp.com\/pequod.nesodd1.no\/wp-content\/uploads\/2021\/10\/IMG-9589.jpg?w=960&amp;ssl=1 960w\" sizes=\"auto, (max-width: 300px) 100vw, 300px\" \/><\/a><figcaption id=\"caption-attachment-23240\" class=\"wp-caption-text\">Brgtatt ligger helt bakerst i bildet, den n\u00e6rmeste str\u00f8mstolpen ser du til venstre&#8230;<\/figcaption><\/figure>\n<p>Str\u00f8m og str\u00f8m fru Blom. Har vel aldri v\u00e6rt i en gjestehavn\/marina med s\u00e5 d\u00e5rlig str\u00f8mtilbud som her. La meg f\u00f8rst til ved kaia like ved ferieleilighetene og resepsjonen, men fant ikke noe str\u00f8muttak p\u00e5 kaia. Fant et par litt lenger bort p\u00e5 en husvegg, men de viste seg \u00e5 ikke fungere.<\/p>\n<p>Etter \u00e5 ha orientert meg litt i omr\u00e5det flyttet jeg b\u00e5ten til en flytebrygge der jeg l\u00e5 langsides. B\u00e5splassene p\u00e5 de andre bryggene s\u00e5 ut til \u00e5 v\u00e6re private samt til utleieb\u00e5ter.<\/p>\n<p>Flytebrygga hadde ingen str\u00f8mstolpe, men ved \u00e5 f\u00f8lge landstr\u00f8mkablene til en b\u00e5t som l\u00e5 der, fant jeg til slutt en ensom str\u00f8mstolpe. M\u00e5tte skj\u00f8te med samtlige landstr\u00f8mskabler jeg har om bord for \u00e5 rekke fram&#8230;<\/p>\n<p>Eller var b\u00e5de resepsjon\/butikk og restaurant stengt for sesongen, det inkluderte ogs\u00e5 toalett\/dusj-tilbud. Noen av ferieleilighetene s\u00e5 ut til \u00e5 v\u00e6re leid ut &#8211; det var kanskje h\u00f8stferie n\u00e5r jeg var der.<\/p>\n<p>Ellers er det drivstoffpumper her &#8211; til en pris som ikke fristet meg, og eller stille og rolig.<\/p>\n<p>Egentlig et litt idyllisk sted, men selv med tanke p\u00e5 at det var langt utenfor sesongen, s\u00e5 er nok dette mitt f\u00f8rste og siste bes\u00f8k her &#8211; t\u00f8r ikke tenke p\u00e5 hvordan det er her om sommeren med det elendige str\u00f8mopplegget for gjesteb\u00e5tene!<\/p>\n<h3>Related Images:<\/h3>","protected":false},"excerpt":{"rendered":"<p>Vurdering (5 anker er best):&nbsp; Posisjon: 58\u00b03&#8217;25.1&#8243;N 7\u00b042&#8217;33.0&#8243;E Bes\u00f8kt antall ganger:&nbsp;1&nbsp;Sist bes\u00f8kt: Oktober 2021. &nbsp;Hjemmeside Fasiliteter: Vann, str\u00f8m, toalett, dusj. S\u00f8ppelt\u00f8mming. Drivstoff. En liten butikk\/kiosk. Restaurant. Havneavgift (for 29-foter): Ukjent. Sto et oppslag om betaling med Vipps, men ingen info om pris. Fort\u00f8yning: Langsides ved kai (tror jeg), samt flytebrygge. Tilrettelagt for funksjonshemmede: Nei. Str\u00f8m &hellip;<br \/><a href=\"https:\/\/pequod.nesodd1.no\/?page_id=24095\" class=\"more-link pen_element_default pen_icon_arrow_double\">Les<\/a><\/p>\n","protected":false},"author":1,"featured_media":23241,"parent":5493,"menu_order":0,"comment_status":"closed","ping_status":"closed","template":"","meta":{"_crdt_document":"","ngg_post_thumbnail":0,"jetpack_post_was_ever_published":false,"footnotes":""},"class_list":["post-24095","page","type-page","status-publish","has-post-thumbnail","hentry"],"jetpack_shortlink":"https:\/\/wp.me\/P3Zd9b-6gD","jetpack_sharing_enabled":true,"jetpack_likes_enabled":true,"jetpack-related-posts":[],"_links":{"self":[{"href":"https:\/\/pequod.nesodd1.no\/index.php?rest_route=\/wp\/v2\/pages\/24095","targetHints":{"allow":["GET"]}}],"collection":[{"href":"https:\/\/pequod.nesodd1.no\/index.php?rest_route=\/wp\/v2\/pages"}],"about":[{"href":"https:\/\/pequod.nesodd1.no\/index.php?rest_route=\/wp\/v2\/types\/page"}],"author":[{"embeddable":true,"href":"https:\/\/pequod.nesodd1.no\/index.php?rest_route=\/wp\/v2\/users\/1"}],"replies":[{"embeddable":true,"href":"https:\/\/pequod.nesodd1.no\/index.php?rest_route=%2Fwp%2Fv2%2Fcomments&post=24095"}],"version-history":[{"count":3,"href":"https:\/\/pequod.nesodd1.no\/index.php?rest_route=\/wp\/v2\/pages\/24095\/revisions"}],"predecessor-version":[{"id":24098,"href":"https:\/\/pequod.nesodd1.no\/index.php?rest_route=\/wp\/v2\/pages\/24095\/revisions\/24098"}],"up":[{"embeddable":true,"href":"https:\/\/pequod.nesodd1.no\/index.php?rest_route=\/wp\/v2\/pages\/5493"}],"wp:featuredmedia":[{"embeddable":true,"href":"https:\/\/pequod.nesodd1.no\/index.php?rest_route=\/wp\/v2\/media\/23241"}],"wp:attachment":[{"href":"https:\/\/pequod.nesodd1.no\/index.php?rest_route=%2Fwp%2Fv2%2Fmedia&parent=24095"}],"curies":[{"name":"wp","href":"https:\/\/api.w.org\/{rel}","templated":true}]}}