{"id":24293,"date":"2022-05-28T22:56:49","date_gmt":"2022-05-28T20:56:49","guid":{"rendered":"https:\/\/pequod.nesodd1.no\/?page_id=24293"},"modified":"2025-04-06T10:58:56","modified_gmt":"2025-04-06T08:58:56","slug":"hanko-gjestehavn-v-seilerkroa","status":"publish","type":"page","link":"https:\/\/pequod.nesodd1.no\/?page_id=24293","title":{"rendered":"Hank\u00f8 gjestehavn (v\/Seilerkroa)"},"content":{"rendered":"<p><strong>Vurdering (5 anker er best):&nbsp;<a href=\"https:\/\/i0.wp.com\/pequod.nesodd1.no\/wp-content\/uploads\/2019\/10\/klistremerker-anker-og-tau-design.jpg.jpg?ssl=1\"><img loading=\"lazy\" decoding=\"async\" data-attachment-id=\"16489\" data-permalink=\"https:\/\/pequod.nesodd1.no\/?attachment_id=16489\" data-orig-file=\"https:\/\/i0.wp.com\/pequod.nesodd1.no\/wp-content\/uploads\/2019\/10\/klistremerker-anker-og-tau-design.jpg.jpg?fit=25%2C25&amp;ssl=1\" data-orig-size=\"25,25\" data-comments-opened=\"1\" data-image-meta=\"{&quot;aperture&quot;:&quot;0&quot;,&quot;credit&quot;:&quot;tribalium81&quot;,&quot;camera&quot;:&quot;&quot;,&quot;caption&quot;:&quot;&quot;,&quot;created_timestamp&quot;:&quot;0&quot;,&quot;copyright&quot;:&quot;tribalium81&quot;,&quot;focal_length&quot;:&quot;0&quot;,&quot;iso&quot;:&quot;0&quot;,&quot;shutter_speed&quot;:&quot;0&quot;,&quot;title&quot;:&quot;anchor and rope design&quot;,&quot;orientation&quot;:&quot;1&quot;}\" data-image-title=\"anchor and rope design\" data-image-description=\"\" data-image-caption=\"\" data-large-file=\"https:\/\/i0.wp.com\/pequod.nesodd1.no\/wp-content\/uploads\/2019\/10\/klistremerker-anker-og-tau-design.jpg.jpg?fit=25%2C25&amp;ssl=1\" class=\"alignnone size-full wp-image-16489 jetpack-lazy-image jetpack-lazy-image--handled\" src=\"https:\/\/i0.wp.com\/pequod.nesodd1.no\/wp-content\/uploads\/2019\/10\/klistremerker-anker-og-tau-design.jpg.jpg?resize=25%2C25&amp;ssl=1\" alt=\"\" width=\"25\" height=\"25\" data-attachment-id=\"16489\" data-permalink=\"https:\/\/pequod.nesodd1.no\/?attachment_id=16489\" data-orig-file=\"https:\/\/i0.wp.com\/pequod.nesodd1.no\/wp-content\/uploads\/2019\/10\/klistremerker-anker-og-tau-design.jpg.jpg?fit=25%2C25&amp;ssl=1\" data-orig-size=\"25,25\" data-comments-opened=\"1\" data-image-meta=\"{&quot;aperture&quot;:&quot;0&quot;,&quot;credit&quot;:&quot;tribalium81&quot;,&quot;camera&quot;:&quot;&quot;,&quot;caption&quot;:&quot;&quot;,&quot;created_timestamp&quot;:&quot;0&quot;,&quot;copyright&quot;:&quot;tribalium81&quot;,&quot;focal_length&quot;:&quot;0&quot;,&quot;iso&quot;:&quot;0&quot;,&quot;shutter_speed&quot;:&quot;0&quot;,&quot;title&quot;:&quot;anchor and rope design&quot;,&quot;orientation&quot;:&quot;1&quot;}\" data-image-title=\"anchor and rope design\" data-image-description=\"\" data-image-caption=\"\" data-medium-file=\"https:\/\/i0.wp.com\/pequod.nesodd1.no\/wp-content\/uploads\/2019\/10\/klistremerker-anker-og-tau-design.jpg.jpg?fit=25%2C25&amp;ssl=1\" data-large-file=\"https:\/\/i0.wp.com\/pequod.nesodd1.no\/wp-content\/uploads\/2019\/10\/klistremerker-anker-og-tau-design.jpg.jpg?fit=25%2C25&amp;ssl=1\" data-recalc-dims=\"1\" data-lazy-loaded=\"1\"><\/a><a href=\"https:\/\/i0.wp.com\/pequod.nesodd1.no\/wp-content\/uploads\/2019\/10\/klistremerker-anker-og-tau-design.jpg.jpg?ssl=1\"><img loading=\"lazy\" decoding=\"async\" data-attachment-id=\"16489\" data-permalink=\"https:\/\/pequod.nesodd1.no\/?attachment_id=16489\" data-orig-file=\"https:\/\/i0.wp.com\/pequod.nesodd1.no\/wp-content\/uploads\/2019\/10\/klistremerker-anker-og-tau-design.jpg.jpg?fit=25%2C25&amp;ssl=1\" data-orig-size=\"25,25\" data-comments-opened=\"1\" data-image-meta=\"{&quot;aperture&quot;:&quot;0&quot;,&quot;credit&quot;:&quot;tribalium81&quot;,&quot;camera&quot;:&quot;&quot;,&quot;caption&quot;:&quot;&quot;,&quot;created_timestamp&quot;:&quot;0&quot;,&quot;copyright&quot;:&quot;tribalium81&quot;,&quot;focal_length&quot;:&quot;0&quot;,&quot;iso&quot;:&quot;0&quot;,&quot;shutter_speed&quot;:&quot;0&quot;,&quot;title&quot;:&quot;anchor and rope design&quot;,&quot;orientation&quot;:&quot;1&quot;}\" data-image-title=\"anchor and rope design\" data-image-description=\"\" data-image-caption=\"\" data-large-file=\"https:\/\/i0.wp.com\/pequod.nesodd1.no\/wp-content\/uploads\/2019\/10\/klistremerker-anker-og-tau-design.jpg.jpg?fit=25%2C25&amp;ssl=1\" class=\"alignnone size-full wp-image-16489 jetpack-lazy-image jetpack-lazy-image--handled\" src=\"https:\/\/i0.wp.com\/pequod.nesodd1.no\/wp-content\/uploads\/2019\/10\/klistremerker-anker-og-tau-design.jpg.jpg?resize=25%2C25&amp;ssl=1\" alt=\"\" width=\"25\" height=\"25\" data-attachment-id=\"16489\" data-permalink=\"https:\/\/pequod.nesodd1.no\/?attachment_id=16489\" data-orig-file=\"https:\/\/i0.wp.com\/pequod.nesodd1.no\/wp-content\/uploads\/2019\/10\/klistremerker-anker-og-tau-design.jpg.jpg?fit=25%2C25&amp;ssl=1\" data-orig-size=\"25,25\" data-comments-opened=\"1\" data-image-meta=\"{&quot;aperture&quot;:&quot;0&quot;,&quot;credit&quot;:&quot;tribalium81&quot;,&quot;camera&quot;:&quot;&quot;,&quot;caption&quot;:&quot;&quot;,&quot;created_timestamp&quot;:&quot;0&quot;,&quot;copyright&quot;:&quot;tribalium81&quot;,&quot;focal_length&quot;:&quot;0&quot;,&quot;iso&quot;:&quot;0&quot;,&quot;shutter_speed&quot;:&quot;0&quot;,&quot;title&quot;:&quot;anchor and rope design&quot;,&quot;orientation&quot;:&quot;1&quot;}\" data-image-title=\"anchor and rope design\" data-image-description=\"\" data-image-caption=\"\" data-medium-file=\"https:\/\/i0.wp.com\/pequod.nesodd1.no\/wp-content\/uploads\/2019\/10\/klistremerker-anker-og-tau-design.jpg.jpg?fit=25%2C25&amp;ssl=1\" data-large-file=\"https:\/\/i0.wp.com\/pequod.nesodd1.no\/wp-content\/uploads\/2019\/10\/klistremerker-anker-og-tau-design.jpg.jpg?fit=25%2C25&amp;ssl=1\" data-recalc-dims=\"1\" data-lazy-loaded=\"1\"><\/a><\/strong><br \/>\n<b>Posisjon:<\/b> 59\u00b012&#8217;43.7&#8243;N 10\u00b046&#8217;56.6&#8243;E<br \/>\n<b>Bes\u00f8kt antall ganger:<\/b> 2&nbsp;<b>Sist bes\u00f8kt:<\/b> Mars 2024&nbsp; <a href=\"https:\/\/hankohotell.no\/gjestehavn-pa-hanko\/\" target=\"_blank\" rel=\"noopener\">Hjemmeside<\/a><br \/>\n<b>Fasiliteter:<\/b> Servicebygg med dusj og toaletter. Str\u00f8m og vann. Kiosk med sparsomt utvalg. Kro. S\u00f8ppelt\u00f8mming.<br \/>\n<b>Havneavgift (for 29-foter): 225 NOK&nbsp;<\/b>da jeg ankom fredag, satt opp til <strong>360 NOK<\/strong> dagen etter uten at noen av plakatene eller nettsidene opplyste om det.<br \/>\n<strong>Fort\u00f8yning:&nbsp;<\/strong>B\u00e5ser med b\u00e5de vanlige utriggere og Y-utriggere.<br \/>\n<b>Tilrettelagt for funksjonshemmede:&nbsp;<\/b>Nei.&nbsp;<\/p>\n<p><a href=\"https:\/\/i0.wp.com\/pequod.nesodd1.no\/wp-content\/uploads\/2022\/05\/283533724_10158410668497032_9058826911542248389_n.jpg?ssl=1\"><img data-recalc-dims=\"1\" loading=\"lazy\" decoding=\"async\" data-attachment-id=\"24297\" data-permalink=\"https:\/\/pequod.nesodd1.no\/?attachment_id=24297\" data-orig-file=\"https:\/\/i0.wp.com\/pequod.nesodd1.no\/wp-content\/uploads\/2022\/05\/283533724_10158410668497032_9058826911542248389_n.jpg?fit=2048%2C1536&amp;ssl=1\" data-orig-size=\"2048,1536\" data-comments-opened=\"1\" data-image-meta=\"{&quot;aperture&quot;:&quot;0&quot;,&quot;credit&quot;:&quot;&quot;,&quot;camera&quot;:&quot;&quot;,&quot;caption&quot;:&quot;&quot;,&quot;created_timestamp&quot;:&quot;0&quot;,&quot;copyright&quot;:&quot;&quot;,&quot;focal_length&quot;:&quot;0&quot;,&quot;iso&quot;:&quot;0&quot;,&quot;shutter_speed&quot;:&quot;0&quot;,&quot;title&quot;:&quot;&quot;,&quot;orientation&quot;:&quot;0&quot;}\" data-image-title=\"283533724_10158410668497032_9058826911542248389_n\" data-image-description=\"&lt;p&gt;Hank\u00f8 gjestehavn&lt;\/p&gt;\n\" data-image-caption=\"\" data-large-file=\"https:\/\/i0.wp.com\/pequod.nesodd1.no\/wp-content\/uploads\/2022\/05\/283533724_10158410668497032_9058826911542248389_n.jpg?fit=940%2C705&amp;ssl=1\" class=\"alignleft size-medium wp-image-24297\" src=\"https:\/\/i0.wp.com\/pequod.nesodd1.no\/wp-content\/uploads\/2022\/05\/283533724_10158410668497032_9058826911542248389_n.jpg?resize=300%2C225&#038;ssl=1\" alt=\"\" width=\"300\" height=\"225\" srcset=\"https:\/\/i0.wp.com\/pequod.nesodd1.no\/wp-content\/uploads\/2022\/05\/283533724_10158410668497032_9058826911542248389_n.jpg?resize=300%2C225&amp;ssl=1 300w, https:\/\/i0.wp.com\/pequod.nesodd1.no\/wp-content\/uploads\/2022\/05\/283533724_10158410668497032_9058826911542248389_n.jpg?resize=1024%2C768&amp;ssl=1 1024w, https:\/\/i0.wp.com\/pequod.nesodd1.no\/wp-content\/uploads\/2022\/05\/283533724_10158410668497032_9058826911542248389_n.jpg?resize=100%2C75&amp;ssl=1 100w, https:\/\/i0.wp.com\/pequod.nesodd1.no\/wp-content\/uploads\/2022\/05\/283533724_10158410668497032_9058826911542248389_n.jpg?resize=768%2C576&amp;ssl=1 768w, https:\/\/i0.wp.com\/pequod.nesodd1.no\/wp-content\/uploads\/2022\/05\/283533724_10158410668497032_9058826911542248389_n.jpg?resize=1536%2C1152&amp;ssl=1 1536w, https:\/\/i0.wp.com\/pequod.nesodd1.no\/wp-content\/uploads\/2022\/05\/283533724_10158410668497032_9058826911542248389_n.jpg?w=2048&amp;ssl=1 2048w, https:\/\/i0.wp.com\/pequod.nesodd1.no\/wp-content\/uploads\/2022\/05\/283533724_10158410668497032_9058826911542248389_n.jpg?w=1880&amp;ssl=1 1880w\" sizes=\"auto, (max-width: 300px) 100vw, 300px\" \/><\/a>Man ligger godt beskyttet for uv\u00e6r vestfra i denne havna, motsatt hvis vinden kommer \u00f8stfra.<\/p>\n<p>Ikke veldig h\u00f8y blazer-faktor da jeg var her, den blir kanskje stigende n\u00e5r hovedsesongen n\u00e6rmer seg&#8230;<\/p>\n<p>Toaletter og dusj er av standard klasse, ikke noe mer. I dusjanlegget sto det noe som s\u00e5 ut som en t\u00f8rketrommel med myntinnkast, s\u00e5 ikke s\u00e6rlig &laquo;thrustworthy&raquo; ut&#8230; Noen vaskemaskin s\u00e5 jeg ikke. For \u00e5 bruke dusjene m\u00e5 man kj\u00f8pe egne dusjpoletter fra kiosken, vet ikke hvor mye de koster da jeg ikke brukte dem.<\/p>\n<p><a href=\"https:\/\/i0.wp.com\/pequod.nesodd1.no\/wp-content\/uploads\/2022\/05\/IMG-1724.jpg?ssl=1\"><img data-recalc-dims=\"1\" loading=\"lazy\" decoding=\"async\" data-attachment-id=\"24298\" data-permalink=\"https:\/\/pequod.nesodd1.no\/?attachment_id=24298\" data-orig-file=\"https:\/\/i0.wp.com\/pequod.nesodd1.no\/wp-content\/uploads\/2022\/05\/IMG-1724.jpg?fit=960%2C720&amp;ssl=1\" data-orig-size=\"960,720\" data-comments-opened=\"1\" data-image-meta=\"{&quot;aperture&quot;:&quot;0&quot;,&quot;credit&quot;:&quot;&quot;,&quot;camera&quot;:&quot;&quot;,&quot;caption&quot;:&quot;&quot;,&quot;created_timestamp&quot;:&quot;0&quot;,&quot;copyright&quot;:&quot;&quot;,&quot;focal_length&quot;:&quot;0&quot;,&quot;iso&quot;:&quot;0&quot;,&quot;shutter_speed&quot;:&quot;0&quot;,&quot;title&quot;:&quot;&quot;,&quot;orientation&quot;:&quot;0&quot;}\" data-image-title=\"IMG-1724\" data-image-description=\"&lt;p&gt;Hank\u00f8 gjestehavn&lt;\/p&gt;\n\" data-image-caption=\"\" data-large-file=\"https:\/\/i0.wp.com\/pequod.nesodd1.no\/wp-content\/uploads\/2022\/05\/IMG-1724.jpg?fit=940%2C705&amp;ssl=1\" class=\"size-medium wp-image-24298 alignright\" src=\"https:\/\/i0.wp.com\/pequod.nesodd1.no\/wp-content\/uploads\/2022\/05\/IMG-1724.jpg?resize=300%2C225&#038;ssl=1\" alt=\"\" width=\"300\" height=\"225\" srcset=\"https:\/\/i0.wp.com\/pequod.nesodd1.no\/wp-content\/uploads\/2022\/05\/IMG-1724.jpg?resize=300%2C225&amp;ssl=1 300w, https:\/\/i0.wp.com\/pequod.nesodd1.no\/wp-content\/uploads\/2022\/05\/IMG-1724.jpg?resize=100%2C75&amp;ssl=1 100w, https:\/\/i0.wp.com\/pequod.nesodd1.no\/wp-content\/uploads\/2022\/05\/IMG-1724.jpg?resize=768%2C576&amp;ssl=1 768w, https:\/\/i0.wp.com\/pequod.nesodd1.no\/wp-content\/uploads\/2022\/05\/IMG-1724.jpg?w=960&amp;ssl=1 960w\" sizes=\"auto, (max-width: 300px) 100vw, 300px\" \/><\/a>Det er vann p\u00e5 bryggene, men sparsomt med slanger.&nbsp;<\/p>\n<p>Havneavgiften kreves inn av havnevaktene eller betales i kiosken. Men \u00e5 heve prisen fra 225 kroner til 360 kroner fra fredag til l\u00f8rdag uten at det opplyses om noe sted f\u00f8r i ettertid, er useri\u00f8st.<\/p>\n<p>Og for \u00e5 si det enkelt: Fasilitetene i denne havna rettferdiggj\u00f8r ikke en pris p\u00e5 360 kroner, spesielt ikke n\u00e5r hovedsesongen ikke er begynt, selv om det i Norge ikke er s\u00e5 vanlig med differensierte priser i gjestehavnene som i Sverige.<\/p>\n<p>S\u00e5 jeg kommer garantert ikke til \u00e5 frekventere denne havna ofte. Med eller uten blazer&#8230;<\/p>\n<p><a href=\"https:\/\/i0.wp.com\/pequod.nesodd1.no\/wp-content\/uploads\/2022\/05\/284389849_10158412335702032_7677290393328699984_n.jpg?ssl=1\"><img data-recalc-dims=\"1\" loading=\"lazy\" decoding=\"async\" data-attachment-id=\"24299\" data-permalink=\"https:\/\/pequod.nesodd1.no\/?attachment_id=24299\" data-orig-file=\"https:\/\/i0.wp.com\/pequod.nesodd1.no\/wp-content\/uploads\/2022\/05\/284389849_10158412335702032_7677290393328699984_n.jpg?fit=2048%2C1536&amp;ssl=1\" data-orig-size=\"2048,1536\" data-comments-opened=\"1\" data-image-meta=\"{&quot;aperture&quot;:&quot;0&quot;,&quot;credit&quot;:&quot;&quot;,&quot;camera&quot;:&quot;&quot;,&quot;caption&quot;:&quot;&quot;,&quot;created_timestamp&quot;:&quot;0&quot;,&quot;copyright&quot;:&quot;&quot;,&quot;focal_length&quot;:&quot;0&quot;,&quot;iso&quot;:&quot;0&quot;,&quot;shutter_speed&quot;:&quot;0&quot;,&quot;title&quot;:&quot;&quot;,&quot;orientation&quot;:&quot;0&quot;}\" data-image-title=\"284389849_10158412335702032_7677290393328699984_n\" data-image-description=\"&lt;p&gt;Hank\u00f8 Hotel &amp;#038; Spa&lt;\/p&gt;\n\" data-image-caption=\"\" data-large-file=\"https:\/\/i0.wp.com\/pequod.nesodd1.no\/wp-content\/uploads\/2022\/05\/284389849_10158412335702032_7677290393328699984_n.jpg?fit=940%2C705&amp;ssl=1\" class=\"alignleft size-medium wp-image-24299\" src=\"https:\/\/i0.wp.com\/pequod.nesodd1.no\/wp-content\/uploads\/2022\/05\/284389849_10158412335702032_7677290393328699984_n.jpg?resize=300%2C225&#038;ssl=1\" alt=\"\" width=\"300\" height=\"225\" srcset=\"https:\/\/i0.wp.com\/pequod.nesodd1.no\/wp-content\/uploads\/2022\/05\/284389849_10158412335702032_7677290393328699984_n.jpg?resize=300%2C225&amp;ssl=1 300w, https:\/\/i0.wp.com\/pequod.nesodd1.no\/wp-content\/uploads\/2022\/05\/284389849_10158412335702032_7677290393328699984_n.jpg?resize=1024%2C768&amp;ssl=1 1024w, https:\/\/i0.wp.com\/pequod.nesodd1.no\/wp-content\/uploads\/2022\/05\/284389849_10158412335702032_7677290393328699984_n.jpg?resize=100%2C75&amp;ssl=1 100w, https:\/\/i0.wp.com\/pequod.nesodd1.no\/wp-content\/uploads\/2022\/05\/284389849_10158412335702032_7677290393328699984_n.jpg?resize=768%2C576&amp;ssl=1 768w, https:\/\/i0.wp.com\/pequod.nesodd1.no\/wp-content\/uploads\/2022\/05\/284389849_10158412335702032_7677290393328699984_n.jpg?resize=1536%2C1152&amp;ssl=1 1536w, https:\/\/i0.wp.com\/pequod.nesodd1.no\/wp-content\/uploads\/2022\/05\/284389849_10158412335702032_7677290393328699984_n.jpg?w=2048&amp;ssl=1 2048w, https:\/\/i0.wp.com\/pequod.nesodd1.no\/wp-content\/uploads\/2022\/05\/284389849_10158412335702032_7677290393328699984_n.jpg?w=1880&amp;ssl=1 1880w\" sizes=\"auto, (max-width: 300px) 100vw, 300px\" \/><\/a>Det er et lite turomr\u00e5de her hvor man kan g\u00e5 til Hank\u00f8 Hotel og Spa. Vet ikke om man kan bestille spabehandling der uten \u00e5 v\u00e6re gjest p\u00e5 hotellet, det er det vel bare \u00e5 google seg fram til.<\/p>\n<p>Seilerkroa ligger ved gjestehavna, lett \u00e5 f\u00e5 \u00f8ye p\u00e5 med det karakteristiske t\u00e5rnet. Prisniv\u00e5et p\u00e5 den sparsomme menyen som ligger p\u00e5 Facebook-siden deres er p\u00e5 mellom 255 og 385 kr for hovedrettene.<\/p>\n<p>Det g\u00e5r en liten passasjerferge herfra og inn til fastlandet omtrent non-stop. Prisen for den fem minutter lange turen er mer enn bussbilletten til den 40 minutter lange turen inn til Fredrikstad&#8230; Men koselig da.<\/p>\n<p>P\u00e5 fastlandet ligger Hank\u00f8 Marina med restaurant, gjesteplasser og drivstoff. Litt lenger bort ligger en Joker-butikk og en liten b\u00e5tutstyrsbutikk. Der er det ogs\u00e5 drivstoff, som er dyrere enn p\u00e5 marinaen. Se <a href=\"https:\/\/pequod.nesodd1.no\/?page_id=9856\">Vestre Vikane<\/a> for mer info.<\/p>\n<p><a href=\"https:\/\/i0.wp.com\/pequod.nesodd1.no\/wp-content\/uploads\/2022\/05\/283691447_10158412335722032_2497620875624022432_n.jpg?ssl=1\"><img data-recalc-dims=\"1\" loading=\"lazy\" decoding=\"async\" data-attachment-id=\"24300\" data-permalink=\"https:\/\/pequod.nesodd1.no\/?attachment_id=24300\" data-orig-file=\"https:\/\/i0.wp.com\/pequod.nesodd1.no\/wp-content\/uploads\/2022\/05\/283691447_10158412335722032_2497620875624022432_n.jpg?fit=2048%2C1536&amp;ssl=1\" data-orig-size=\"2048,1536\" data-comments-opened=\"1\" data-image-meta=\"{&quot;aperture&quot;:&quot;0&quot;,&quot;credit&quot;:&quot;&quot;,&quot;camera&quot;:&quot;&quot;,&quot;caption&quot;:&quot;&quot;,&quot;created_timestamp&quot;:&quot;0&quot;,&quot;copyright&quot;:&quot;&quot;,&quot;focal_length&quot;:&quot;0&quot;,&quot;iso&quot;:&quot;0&quot;,&quot;shutter_speed&quot;:&quot;0&quot;,&quot;title&quot;:&quot;&quot;,&quot;orientation&quot;:&quot;0&quot;}\" data-image-title=\"283691447_10158412335722032_2497620875624022432_n\" data-image-description=\"&lt;p&gt;Hank\u00f8&lt;\/p&gt;\n\" data-image-caption=\"&lt;p&gt;Hank\u00f8&lt;\/p&gt;\n\" data-large-file=\"https:\/\/i0.wp.com\/pequod.nesodd1.no\/wp-content\/uploads\/2022\/05\/283691447_10158412335722032_2497620875624022432_n.jpg?fit=940%2C705&amp;ssl=1\" class=\"aligncenter size-large wp-image-24300\" src=\"https:\/\/i0.wp.com\/pequod.nesodd1.no\/wp-content\/uploads\/2022\/05\/283691447_10158412335722032_2497620875624022432_n.jpg?resize=940%2C705&#038;ssl=1\" alt=\"\" width=\"940\" height=\"705\" srcset=\"https:\/\/i0.wp.com\/pequod.nesodd1.no\/wp-content\/uploads\/2022\/05\/283691447_10158412335722032_2497620875624022432_n.jpg?resize=1024%2C768&amp;ssl=1 1024w, https:\/\/i0.wp.com\/pequod.nesodd1.no\/wp-content\/uploads\/2022\/05\/283691447_10158412335722032_2497620875624022432_n.jpg?resize=300%2C225&amp;ssl=1 300w, https:\/\/i0.wp.com\/pequod.nesodd1.no\/wp-content\/uploads\/2022\/05\/283691447_10158412335722032_2497620875624022432_n.jpg?resize=100%2C75&amp;ssl=1 100w, https:\/\/i0.wp.com\/pequod.nesodd1.no\/wp-content\/uploads\/2022\/05\/283691447_10158412335722032_2497620875624022432_n.jpg?resize=768%2C576&amp;ssl=1 768w, https:\/\/i0.wp.com\/pequod.nesodd1.no\/wp-content\/uploads\/2022\/05\/283691447_10158412335722032_2497620875624022432_n.jpg?resize=1536%2C1152&amp;ssl=1 1536w, https:\/\/i0.wp.com\/pequod.nesodd1.no\/wp-content\/uploads\/2022\/05\/283691447_10158412335722032_2497620875624022432_n.jpg?w=2048&amp;ssl=1 2048w, https:\/\/i0.wp.com\/pequod.nesodd1.no\/wp-content\/uploads\/2022\/05\/283691447_10158412335722032_2497620875624022432_n.jpg?w=1880&amp;ssl=1 1880w\" sizes=\"auto, (max-width: 940px) 100vw, 940px\" \/><\/a><\/p>\n<p>&nbsp;<\/p>\n<h3>Related Images:<\/h3>","protected":false},"excerpt":{"rendered":"<p>Vurdering (5 anker er best):&nbsp; Posisjon: 59\u00b012&#8217;43.7&#8243;N 10\u00b046&#8217;56.6&#8243;E Bes\u00f8kt antall ganger: 2&nbsp;Sist bes\u00f8kt: Mars 2024&nbsp; Hjemmeside Fasiliteter: Servicebygg med dusj og toaletter. Str\u00f8m og vann. Kiosk med sparsomt utvalg. Kro. S\u00f8ppelt\u00f8mming. Havneavgift (for 29-foter): 225 NOK&nbsp;da jeg ankom fredag, satt opp til 360 NOK dagen etter uten at noen av plakatene eller nettsidene opplyste om &hellip;<br \/><a href=\"https:\/\/pequod.nesodd1.no\/?page_id=24293\" class=\"more-link pen_element_default pen_icon_arrow_double\">Les<\/a><\/p>\n","protected":false},"author":1,"featured_media":24296,"parent":5493,"menu_order":0,"comment_status":"closed","ping_status":"closed","template":"","meta":{"_crdt_document":"","ngg_post_thumbnail":0,"jetpack_post_was_ever_published":false,"footnotes":""},"class_list":["post-24293","page","type-page","status-publish","has-post-thumbnail","hentry"],"jetpack_shortlink":"https:\/\/wp.me\/P3Zd9b-6jP","jetpack_sharing_enabled":true,"jetpack_likes_enabled":true,"jetpack-related-posts":[],"_links":{"self":[{"href":"https:\/\/pequod.nesodd1.no\/index.php?rest_route=\/wp\/v2\/pages\/24293","targetHints":{"allow":["GET"]}}],"collection":[{"href":"https:\/\/pequod.nesodd1.no\/index.php?rest_route=\/wp\/v2\/pages"}],"about":[{"href":"https:\/\/pequod.nesodd1.no\/index.php?rest_route=\/wp\/v2\/types\/page"}],"author":[{"embeddable":true,"href":"https:\/\/pequod.nesodd1.no\/index.php?rest_route=\/wp\/v2\/users\/1"}],"replies":[{"embeddable":true,"href":"https:\/\/pequod.nesodd1.no\/index.php?rest_route=%2Fwp%2Fv2%2Fcomments&post=24293"}],"version-history":[{"count":9,"href":"https:\/\/pequod.nesodd1.no\/index.php?rest_route=\/wp\/v2\/pages\/24293\/revisions"}],"predecessor-version":[{"id":30044,"href":"https:\/\/pequod.nesodd1.no\/index.php?rest_route=\/wp\/v2\/pages\/24293\/revisions\/30044"}],"up":[{"embeddable":true,"href":"https:\/\/pequod.nesodd1.no\/index.php?rest_route=\/wp\/v2\/pages\/5493"}],"wp:featuredmedia":[{"embeddable":true,"href":"https:\/\/pequod.nesodd1.no\/index.php?rest_route=\/wp\/v2\/media\/24296"}],"wp:attachment":[{"href":"https:\/\/pequod.nesodd1.no\/index.php?rest_route=%2Fwp%2Fv2%2Fmedia&parent=24293"}],"curies":[{"name":"wp","href":"https:\/\/api.w.org\/{rel}","templated":true}]}}