{"id":24757,"date":"2022-08-05T01:09:58","date_gmt":"2022-08-04T23:09:58","guid":{"rendered":"https:\/\/pequod.nesodd1.no\/?page_id=24757"},"modified":"2022-08-05T01:11:43","modified_gmt":"2022-08-04T23:11:43","slug":"hyppeln-sverige","status":"publish","type":"page","link":"https:\/\/pequod.nesodd1.no\/?page_id=24757","title":{"rendered":"Hyppeln (Sverige)"},"content":{"rendered":"<p><b><strong>Vurdering (5 anker er best):&nbsp;<a href=\"https:\/\/i0.wp.com\/pequod.nesodd1.no\/wp-content\/uploads\/2019\/10\/klistremerker-anker-og-tau-design.jpg.jpg?ssl=1\"><img loading=\"lazy\" decoding=\"async\" data-attachment-id=\"16489\" data-permalink=\"https:\/\/pequod.nesodd1.no\/?attachment_id=16489\" data-orig-file=\"https:\/\/i0.wp.com\/pequod.nesodd1.no\/wp-content\/uploads\/2019\/10\/klistremerker-anker-og-tau-design.jpg.jpg?fit=25%2C25&amp;ssl=1\" data-orig-size=\"25,25\" data-comments-opened=\"1\" data-image-meta=\"{&quot;aperture&quot;:&quot;0&quot;,&quot;credit&quot;:&quot;tribalium81&quot;,&quot;camera&quot;:&quot;&quot;,&quot;caption&quot;:&quot;&quot;,&quot;created_timestamp&quot;:&quot;0&quot;,&quot;copyright&quot;:&quot;tribalium81&quot;,&quot;focal_length&quot;:&quot;0&quot;,&quot;iso&quot;:&quot;0&quot;,&quot;shutter_speed&quot;:&quot;0&quot;,&quot;title&quot;:&quot;anchor and rope design&quot;,&quot;orientation&quot;:&quot;1&quot;}\" data-image-title=\"anchor and rope design\" data-image-description=\"\" data-image-caption=\"\" data-large-file=\"https:\/\/i0.wp.com\/pequod.nesodd1.no\/wp-content\/uploads\/2019\/10\/klistremerker-anker-og-tau-design.jpg.jpg?fit=25%2C25&amp;ssl=1\" class=\"alignnone size-full wp-image-16489 jetpack-lazy-image jetpack-lazy-image--handled\" src=\"https:\/\/i0.wp.com\/pequod.nesodd1.no\/wp-content\/uploads\/2019\/10\/klistremerker-anker-og-tau-design.jpg.jpg?resize=25%2C25&amp;ssl=1\" alt=\"\" width=\"25\" height=\"25\" data-attachment-id=\"16489\" data-permalink=\"https:\/\/pequod.nesodd1.no\/?attachment_id=16489\" data-orig-file=\"https:\/\/i0.wp.com\/pequod.nesodd1.no\/wp-content\/uploads\/2019\/10\/klistremerker-anker-og-tau-design.jpg.jpg?fit=25%2C25&amp;ssl=1\" data-orig-size=\"25,25\" data-comments-opened=\"1\" data-image-meta=\"{&quot;aperture&quot;:&quot;0&quot;,&quot;credit&quot;:&quot;tribalium81&quot;,&quot;camera&quot;:&quot;&quot;,&quot;caption&quot;:&quot;&quot;,&quot;created_timestamp&quot;:&quot;0&quot;,&quot;copyright&quot;:&quot;tribalium81&quot;,&quot;focal_length&quot;:&quot;0&quot;,&quot;iso&quot;:&quot;0&quot;,&quot;shutter_speed&quot;:&quot;0&quot;,&quot;title&quot;:&quot;anchor and rope design&quot;,&quot;orientation&quot;:&quot;1&quot;}\" data-image-title=\"anchor and rope design\" data-image-description=\"\" data-image-caption=\"\" data-medium-file=\"https:\/\/i0.wp.com\/pequod.nesodd1.no\/wp-content\/uploads\/2019\/10\/klistremerker-anker-og-tau-design.jpg.jpg?fit=25%2C25&amp;ssl=1\" data-large-file=\"https:\/\/i0.wp.com\/pequod.nesodd1.no\/wp-content\/uploads\/2019\/10\/klistremerker-anker-og-tau-design.jpg.jpg?fit=25%2C25&amp;ssl=1\" data-lazy-loaded=\"1\"><\/a><a href=\"https:\/\/i0.wp.com\/pequod.nesodd1.no\/wp-content\/uploads\/2019\/10\/klistremerker-anker-og-tau-design.jpg.jpg?ssl=1\"><img loading=\"lazy\" decoding=\"async\" data-attachment-id=\"16489\" data-permalink=\"https:\/\/pequod.nesodd1.no\/?attachment_id=16489\" data-orig-file=\"https:\/\/i0.wp.com\/pequod.nesodd1.no\/wp-content\/uploads\/2019\/10\/klistremerker-anker-og-tau-design.jpg.jpg?fit=25%2C25&amp;ssl=1\" data-orig-size=\"25,25\" data-comments-opened=\"1\" data-image-meta=\"{&quot;aperture&quot;:&quot;0&quot;,&quot;credit&quot;:&quot;tribalium81&quot;,&quot;camera&quot;:&quot;&quot;,&quot;caption&quot;:&quot;&quot;,&quot;created_timestamp&quot;:&quot;0&quot;,&quot;copyright&quot;:&quot;tribalium81&quot;,&quot;focal_length&quot;:&quot;0&quot;,&quot;iso&quot;:&quot;0&quot;,&quot;shutter_speed&quot;:&quot;0&quot;,&quot;title&quot;:&quot;anchor and rope design&quot;,&quot;orientation&quot;:&quot;1&quot;}\" data-image-title=\"anchor and rope design\" data-image-description=\"\" data-image-caption=\"\" data-large-file=\"https:\/\/i0.wp.com\/pequod.nesodd1.no\/wp-content\/uploads\/2019\/10\/klistremerker-anker-og-tau-design.jpg.jpg?fit=25%2C25&amp;ssl=1\" class=\"alignnone size-full wp-image-16489 jetpack-lazy-image jetpack-lazy-image--handled\" src=\"https:\/\/i0.wp.com\/pequod.nesodd1.no\/wp-content\/uploads\/2019\/10\/klistremerker-anker-og-tau-design.jpg.jpg?resize=25%2C25&amp;ssl=1\" alt=\"\" width=\"25\" height=\"25\" data-attachment-id=\"16489\" data-permalink=\"https:\/\/pequod.nesodd1.no\/?attachment_id=16489\" data-orig-file=\"https:\/\/i0.wp.com\/pequod.nesodd1.no\/wp-content\/uploads\/2019\/10\/klistremerker-anker-og-tau-design.jpg.jpg?fit=25%2C25&amp;ssl=1\" data-orig-size=\"25,25\" data-comments-opened=\"1\" data-image-meta=\"{&quot;aperture&quot;:&quot;0&quot;,&quot;credit&quot;:&quot;tribalium81&quot;,&quot;camera&quot;:&quot;&quot;,&quot;caption&quot;:&quot;&quot;,&quot;created_timestamp&quot;:&quot;0&quot;,&quot;copyright&quot;:&quot;tribalium81&quot;,&quot;focal_length&quot;:&quot;0&quot;,&quot;iso&quot;:&quot;0&quot;,&quot;shutter_speed&quot;:&quot;0&quot;,&quot;title&quot;:&quot;anchor and rope design&quot;,&quot;orientation&quot;:&quot;1&quot;}\" data-image-title=\"anchor and rope design\" data-image-description=\"\" data-image-caption=\"\" data-medium-file=\"https:\/\/i0.wp.com\/pequod.nesodd1.no\/wp-content\/uploads\/2019\/10\/klistremerker-anker-og-tau-design.jpg.jpg?fit=25%2C25&amp;ssl=1\" data-large-file=\"https:\/\/i0.wp.com\/pequod.nesodd1.no\/wp-content\/uploads\/2019\/10\/klistremerker-anker-og-tau-design.jpg.jpg?fit=25%2C25&amp;ssl=1\" data-lazy-loaded=\"1\"><\/a><a href=\"https:\/\/i0.wp.com\/pequod.nesodd1.no\/wp-content\/uploads\/2019\/10\/klistremerker-anker-og-tau-design.jpg.jpg?ssl=1\"><img loading=\"lazy\" decoding=\"async\" data-attachment-id=\"16489\" data-permalink=\"https:\/\/pequod.nesodd1.no\/?attachment_id=16489\" data-orig-file=\"https:\/\/i0.wp.com\/pequod.nesodd1.no\/wp-content\/uploads\/2019\/10\/klistremerker-anker-og-tau-design.jpg.jpg?fit=25%2C25&amp;ssl=1\" data-orig-size=\"25,25\" data-comments-opened=\"1\" data-image-meta=\"{&quot;aperture&quot;:&quot;0&quot;,&quot;credit&quot;:&quot;tribalium81&quot;,&quot;camera&quot;:&quot;&quot;,&quot;caption&quot;:&quot;&quot;,&quot;created_timestamp&quot;:&quot;0&quot;,&quot;copyright&quot;:&quot;tribalium81&quot;,&quot;focal_length&quot;:&quot;0&quot;,&quot;iso&quot;:&quot;0&quot;,&quot;shutter_speed&quot;:&quot;0&quot;,&quot;title&quot;:&quot;anchor and rope design&quot;,&quot;orientation&quot;:&quot;1&quot;}\" data-image-title=\"anchor and rope design\" data-image-description=\"\" data-image-caption=\"\" data-large-file=\"https:\/\/i0.wp.com\/pequod.nesodd1.no\/wp-content\/uploads\/2019\/10\/klistremerker-anker-og-tau-design.jpg.jpg?fit=25%2C25&amp;ssl=1\" class=\"alignnone size-full wp-image-16489 jetpack-lazy-image jetpack-lazy-image--handled\" src=\"https:\/\/i0.wp.com\/pequod.nesodd1.no\/wp-content\/uploads\/2019\/10\/klistremerker-anker-og-tau-design.jpg.jpg?resize=25%2C25&amp;ssl=1\" alt=\"\" width=\"25\" height=\"25\" data-attachment-id=\"16489\" data-permalink=\"https:\/\/pequod.nesodd1.no\/?attachment_id=16489\" data-orig-file=\"https:\/\/i0.wp.com\/pequod.nesodd1.no\/wp-content\/uploads\/2019\/10\/klistremerker-anker-og-tau-design.jpg.jpg?fit=25%2C25&amp;ssl=1\" data-orig-size=\"25,25\" data-comments-opened=\"1\" data-image-meta=\"{&quot;aperture&quot;:&quot;0&quot;,&quot;credit&quot;:&quot;tribalium81&quot;,&quot;camera&quot;:&quot;&quot;,&quot;caption&quot;:&quot;&quot;,&quot;created_timestamp&quot;:&quot;0&quot;,&quot;copyright&quot;:&quot;tribalium81&quot;,&quot;focal_length&quot;:&quot;0&quot;,&quot;iso&quot;:&quot;0&quot;,&quot;shutter_speed&quot;:&quot;0&quot;,&quot;title&quot;:&quot;anchor and rope design&quot;,&quot;orientation&quot;:&quot;1&quot;}\" data-image-title=\"anchor and rope design\" data-image-description=\"\" data-image-caption=\"\" data-medium-file=\"https:\/\/i0.wp.com\/pequod.nesodd1.no\/wp-content\/uploads\/2019\/10\/klistremerker-anker-og-tau-design.jpg.jpg?fit=25%2C25&amp;ssl=1\" data-large-file=\"https:\/\/i0.wp.com\/pequod.nesodd1.no\/wp-content\/uploads\/2019\/10\/klistremerker-anker-og-tau-design.jpg.jpg?fit=25%2C25&amp;ssl=1\" data-lazy-loaded=\"1\"><\/a><\/strong><\/b><br \/>\n<b>Posisjon:<\/b> 57\u00b045&#8217;27.4&#8243;N 11\u00b036&#8217;57.2&#8243;E<br \/>\n<b>Bes\u00f8kt antall ganger:&nbsp;<\/b>1&nbsp;<b>Sist bes\u00f8kt:<\/b>&nbsp;Juni 2022.&nbsp;<strong>Webkamera:<\/strong>&nbsp;Nei. &nbsp;<a href=\"https:\/\/hyppeln.com\/upplev-hyppeln\/gasthamnen\/\" target=\"_blank\" rel=\"noopener\">Hjemmeside<\/a><br \/>\n<b>Fasiliteter:<\/b> Str\u00f8m, vann, toalett, dusj, s\u00f8ppel, vaskemaskin. Dagligvarebutikk, kafe, ferge, stupet\u00e5rn, badstu. B\u00e5de dusj og bruk av vaskemaskin er gratis!<br \/>\n<b>Havneavgift (for 29-foter):&nbsp;<\/b>SEK 240 kroner inkludert str\u00f8m og vann i h\u00f8ysesongen. Ikke ille! Betaling skjer via en automat som er plassert litt underlig, nemlig ved inngangen til dagligvarebutikken og ikke nede i havneomr\u00e5det.<br \/>\n<strong>Fort\u00f8yning:<\/strong> B\u00f8yer\/b\u00e5ser uten gangbare utriggere. Noen langsidesplasser ved h\u00f8y kai og flytebrygge.<br \/>\n<b>Tilrettelagt for funksjonshemmede:<\/b>: Egentlig ikke. Tungvint \u00e5 komme seg i land fra baug, men finner man en longsideplass g\u00e5r det lettere, men kaia er ganske h\u00f8y. Handicaptoalett i servicebygget.<\/p>\n<p><a href=\"https:\/\/i0.wp.com\/pequod.nesodd1.no\/wp-content\/uploads\/2022\/06\/B830BAB3-79A8-4020-87DE-5411C78908CF.jpeg.51569c76d441065bc27636123dbe52f8.jpeg?ssl=1\"><img data-recalc-dims=\"1\" loading=\"lazy\" decoding=\"async\" data-attachment-id=\"24503\" data-permalink=\"https:\/\/pequod.nesodd1.no\/?attachment_id=24503\" data-orig-file=\"https:\/\/i0.wp.com\/pequod.nesodd1.no\/wp-content\/uploads\/2022\/06\/B830BAB3-79A8-4020-87DE-5411C78908CF.jpeg.51569c76d441065bc27636123dbe52f8.jpeg?fit=1000%2C750&amp;ssl=1\" data-orig-size=\"1000,750\" data-comments-opened=\"1\" data-image-meta=\"{&quot;aperture&quot;:&quot;0&quot;,&quot;credit&quot;:&quot;&quot;,&quot;camera&quot;:&quot;&quot;,&quot;caption&quot;:&quot;&quot;,&quot;created_timestamp&quot;:&quot;0&quot;,&quot;copyright&quot;:&quot;&quot;,&quot;focal_length&quot;:&quot;0&quot;,&quot;iso&quot;:&quot;0&quot;,&quot;shutter_speed&quot;:&quot;0&quot;,&quot;title&quot;:&quot;&quot;,&quot;orientation&quot;:&quot;0&quot;}\" data-image-title=\"B830BAB3-79A8-4020-87DE-5411C78908CF.jpeg.51569c76d441065bc27636123dbe52f8\" data-image-description=\"&lt;p&gt;Hyppeln, Sverige&lt;\/p&gt;\n\" data-image-caption=\"&lt;p&gt;Baugen m\u00e5 s\u00e5 n\u00e6rme kaia for at jeg skal komme i land at en fender er et must!&lt;\/p&gt;\n\" data-large-file=\"https:\/\/i0.wp.com\/pequod.nesodd1.no\/wp-content\/uploads\/2022\/06\/B830BAB3-79A8-4020-87DE-5411C78908CF.jpeg.51569c76d441065bc27636123dbe52f8.jpeg?fit=940%2C705&amp;ssl=1\" class=\"alignleft size-medium wp-image-24503\" src=\"https:\/\/i0.wp.com\/pequod.nesodd1.no\/wp-content\/uploads\/2022\/06\/B830BAB3-79A8-4020-87DE-5411C78908CF.jpeg.51569c76d441065bc27636123dbe52f8.jpeg?resize=300%2C225&#038;ssl=1\" alt=\"\" width=\"300\" height=\"225\" srcset=\"https:\/\/i0.wp.com\/pequod.nesodd1.no\/wp-content\/uploads\/2022\/06\/B830BAB3-79A8-4020-87DE-5411C78908CF.jpeg.51569c76d441065bc27636123dbe52f8.jpeg?resize=300%2C225&amp;ssl=1 300w, https:\/\/i0.wp.com\/pequod.nesodd1.no\/wp-content\/uploads\/2022\/06\/B830BAB3-79A8-4020-87DE-5411C78908CF.jpeg.51569c76d441065bc27636123dbe52f8.jpeg?resize=100%2C75&amp;ssl=1 100w, https:\/\/i0.wp.com\/pequod.nesodd1.no\/wp-content\/uploads\/2022\/06\/B830BAB3-79A8-4020-87DE-5411C78908CF.jpeg.51569c76d441065bc27636123dbe52f8.jpeg?resize=768%2C576&amp;ssl=1 768w, https:\/\/i0.wp.com\/pequod.nesodd1.no\/wp-content\/uploads\/2022\/06\/B830BAB3-79A8-4020-87DE-5411C78908CF.jpeg.51569c76d441065bc27636123dbe52f8.jpeg?w=1000&amp;ssl=1 1000w\" sizes=\"auto, (max-width: 300px) 100vw, 300px\" \/><\/a>Hyppeln er en liten \u00f8y med en liten gjestehavn, og kanskje lett \u00e5 dra forbi ettersom den ligger litt bortgjemt s\u00f8r for mer kjente R\u00f6r\u00f6 og litt vest for K\u00e4ll\u00f6-Knippla, samt nord for H\u00e4ls\u00f6. Jeg valgte Hyppeln fordi jeg ville til en ny havn og hadde v\u00e6rt p\u00e5 K\u00e4ll\u00f6-Knippla f\u00f8r. Jeg droppet R\u00f6r\u00f6 p\u00e5 grunn av fort\u00f8yningssystemet deres.<\/p>\n<p>Da jeg kom inn til havna ble jeg litt usikker p\u00e5 om jeg kunne bruke den kaiplassen som var ledig, den s\u00e5 ganske h\u00f8y ut og i tillegg var den ikke merket spesielt som gjesteplass, s\u00e5 jeg ombestemte meg. Dog hadde jeg ikke lyst til \u00e5 droppe havna, s\u00e5 jeg valgte \u00e5 legge meg inn i en av de ledige b\u00e5sene.<\/p>\n<p>Dette er b\u00e5ser uten gangbar utrigger, s\u00e5 man m\u00e5 g\u00e5 opp i baugen og fort\u00f8ye og g\u00e5 i land derfra, noe som ikke er ideelt for meg med d\u00e5rlig balanse og protese. Men jeg valgte denne gangen \u00e5 pr\u00f8ve fordi vinden kom sidelengs slik at b\u00e5ten uansett ville bli presset mot utriggeren. Da ville jeg slippe at b\u00e5ten for eksempel la seg p\u00e5 tvers i b\u00e5sen mens jeg var i baugen og rotet med fort\u00f8yningen.<\/p>\n<p>S\u00e5 jeg fikk fort\u00f8yd litt omtrentlig i baugen f\u00f8rst, for deretter \u00e5 g\u00e5 ombord i b\u00e5ten igjen og kravle meg opp p\u00e5 taket til akterlugaren og ned stigen til <a href=\"https:\/\/i0.wp.com\/pequod.nesodd1.no\/wp-content\/uploads\/2022\/06\/AB74620F-276E-4090-BC1E-3276F132AE50.jpeg.f3a735e50015f7f734978cde4983964c.jpeg?ssl=1\"><img data-recalc-dims=\"1\" loading=\"lazy\" decoding=\"async\" data-attachment-id=\"24504\" data-permalink=\"https:\/\/pequod.nesodd1.no\/?attachment_id=24504\" data-orig-file=\"https:\/\/i0.wp.com\/pequod.nesodd1.no\/wp-content\/uploads\/2022\/06\/AB74620F-276E-4090-BC1E-3276F132AE50.jpeg.f3a735e50015f7f734978cde4983964c.jpeg?fit=1000%2C750&amp;ssl=1\" data-orig-size=\"1000,750\" data-comments-opened=\"1\" data-image-meta=\"{&quot;aperture&quot;:&quot;0&quot;,&quot;credit&quot;:&quot;&quot;,&quot;camera&quot;:&quot;&quot;,&quot;caption&quot;:&quot;&quot;,&quot;created_timestamp&quot;:&quot;0&quot;,&quot;copyright&quot;:&quot;&quot;,&quot;focal_length&quot;:&quot;0&quot;,&quot;iso&quot;:&quot;0&quot;,&quot;shutter_speed&quot;:&quot;0&quot;,&quot;title&quot;:&quot;&quot;,&quot;orientation&quot;:&quot;0&quot;}\" data-image-title=\"AB74620F-276E-4090-BC1E-3276F132AE50.jpeg.f3a735e50015f7f734978cde4983964c\" data-image-description=\"&lt;p&gt;Hyppeln,, Sverige&lt;\/p&gt;\n\" data-image-caption=\"\" data-large-file=\"https:\/\/i0.wp.com\/pequod.nesodd1.no\/wp-content\/uploads\/2022\/06\/AB74620F-276E-4090-BC1E-3276F132AE50.jpeg.f3a735e50015f7f734978cde4983964c.jpeg?fit=940%2C705&amp;ssl=1\" class=\"alignleft size-medium wp-image-24504\" src=\"https:\/\/i0.wp.com\/pequod.nesodd1.no\/wp-content\/uploads\/2022\/06\/AB74620F-276E-4090-BC1E-3276F132AE50.jpeg.f3a735e50015f7f734978cde4983964c.jpeg?resize=300%2C225&#038;ssl=1\" alt=\"\" width=\"300\" height=\"225\" srcset=\"https:\/\/i0.wp.com\/pequod.nesodd1.no\/wp-content\/uploads\/2022\/06\/AB74620F-276E-4090-BC1E-3276F132AE50.jpeg.f3a735e50015f7f734978cde4983964c.jpeg?resize=300%2C225&amp;ssl=1 300w, https:\/\/i0.wp.com\/pequod.nesodd1.no\/wp-content\/uploads\/2022\/06\/AB74620F-276E-4090-BC1E-3276F132AE50.jpeg.f3a735e50015f7f734978cde4983964c.jpeg?resize=100%2C75&amp;ssl=1 100w, https:\/\/i0.wp.com\/pequod.nesodd1.no\/wp-content\/uploads\/2022\/06\/AB74620F-276E-4090-BC1E-3276F132AE50.jpeg.f3a735e50015f7f734978cde4983964c.jpeg?resize=768%2C576&amp;ssl=1 768w, https:\/\/i0.wp.com\/pequod.nesodd1.no\/wp-content\/uploads\/2022\/06\/AB74620F-276E-4090-BC1E-3276F132AE50.jpeg.f3a735e50015f7f734978cde4983964c.jpeg?w=1000&amp;ssl=1 1000w\" sizes=\"auto, (max-width: 300px) 100vw, 300px\" \/><\/a>badeplattformen for \u00e5 f\u00e5 fort\u00f8yd akter. Da oppdaget jeg at jeg ikke rakk fram til selve b\u00f8ylen p\u00e5 utriggeren for \u00e5 f\u00e5 festet akterfort\u00f8yningen. Jeg valgte da \u00e5 bare legge tauet rundt hele utriggeren! S\u00e5 gikk jeg tilbake til baugen og fant fram en liten Fenderstep-fender som fulgte med b\u00e5ten da jeg kj\u00f8pte den, og hang den foran baugen for at b\u00e5ten ikke skulle sl\u00e5 inn i kaia ettersom jeg ikke fikk strammet opp akter for \u00e5 hindre det! En liten Petter Smart\/Reodor Felgen-l\u00f8sning &#8211; men den virket!<\/p>\n<p>Selve havneomr\u00e5det er veldig koselig, det er for det meste en sm\u00e5b\u00e5thavn, men med noen mindre fiskeb\u00e5ter. Opprinnelig var det stor virksomhet innen fiske her, men jeg tror ikke det er s\u00e5 veldig mye igjen av den biten.&nbsp;<\/p>\n<p>Servicebygget ligger p\u00e5 s\u00f8rsiden, like ved en koselig kaf\u00e9 med uteservering, der jeg senere bevilget meg en velsmakende (men litt liten) burger og en kald en.&nbsp;Servicebygget er ganske nytt og pent, og vaskerommet helt innerst er til disposisjon UTEN noe myntinnkast eller poletter eller noe slikt. Bare \u00e5 skrive seg p\u00e5 en liste.<\/p>\n<p><a href=\"https:\/\/i0.wp.com\/pequod.nesodd1.no\/wp-content\/uploads\/2022\/06\/399AFD05-083D-4DCB-BFA3-AE349403BB91.jpeg.73febd9032789c522d21fdd020ff3545.jpeg?ssl=1\"><img data-recalc-dims=\"1\" loading=\"lazy\" decoding=\"async\" data-attachment-id=\"24506\" data-permalink=\"https:\/\/pequod.nesodd1.no\/?attachment_id=24506\" data-orig-file=\"https:\/\/i0.wp.com\/pequod.nesodd1.no\/wp-content\/uploads\/2022\/06\/399AFD05-083D-4DCB-BFA3-AE349403BB91.jpeg.73febd9032789c522d21fdd020ff3545.jpeg?fit=1000%2C750&amp;ssl=1\" data-orig-size=\"1000,750\" data-comments-opened=\"1\" data-image-meta=\"{&quot;aperture&quot;:&quot;0&quot;,&quot;credit&quot;:&quot;&quot;,&quot;camera&quot;:&quot;&quot;,&quot;caption&quot;:&quot;&quot;,&quot;created_timestamp&quot;:&quot;0&quot;,&quot;copyright&quot;:&quot;&quot;,&quot;focal_length&quot;:&quot;0&quot;,&quot;iso&quot;:&quot;0&quot;,&quot;shutter_speed&quot;:&quot;0&quot;,&quot;title&quot;:&quot;&quot;,&quot;orientation&quot;:&quot;0&quot;}\" data-image-title=\"399AFD05-083D-4DCB-BFA3-AE349403BB91.jpeg.73febd9032789c522d21fdd020ff3545\" data-image-description=\"&lt;p&gt;Hyppeln,, Sverige&lt;\/p&gt;\n\" data-image-caption=\"\" data-large-file=\"https:\/\/i0.wp.com\/pequod.nesodd1.no\/wp-content\/uploads\/2022\/06\/399AFD05-083D-4DCB-BFA3-AE349403BB91.jpeg.73febd9032789c522d21fdd020ff3545.jpeg?fit=940%2C705&amp;ssl=1\" class=\"alignleft size-medium wp-image-24506\" src=\"https:\/\/i0.wp.com\/pequod.nesodd1.no\/wp-content\/uploads\/2022\/06\/399AFD05-083D-4DCB-BFA3-AE349403BB91.jpeg.73febd9032789c522d21fdd020ff3545.jpeg?resize=300%2C225&#038;ssl=1\" alt=\"\" width=\"300\" height=\"225\" srcset=\"https:\/\/i0.wp.com\/pequod.nesodd1.no\/wp-content\/uploads\/2022\/06\/399AFD05-083D-4DCB-BFA3-AE349403BB91.jpeg.73febd9032789c522d21fdd020ff3545.jpeg?resize=300%2C225&amp;ssl=1 300w, https:\/\/i0.wp.com\/pequod.nesodd1.no\/wp-content\/uploads\/2022\/06\/399AFD05-083D-4DCB-BFA3-AE349403BB91.jpeg.73febd9032789c522d21fdd020ff3545.jpeg?resize=100%2C75&amp;ssl=1 100w, https:\/\/i0.wp.com\/pequod.nesodd1.no\/wp-content\/uploads\/2022\/06\/399AFD05-083D-4DCB-BFA3-AE349403BB91.jpeg.73febd9032789c522d21fdd020ff3545.jpeg?resize=768%2C576&amp;ssl=1 768w, https:\/\/i0.wp.com\/pequod.nesodd1.no\/wp-content\/uploads\/2022\/06\/399AFD05-083D-4DCB-BFA3-AE349403BB91.jpeg.73febd9032789c522d21fdd020ff3545.jpeg?w=1000&amp;ssl=1 1000w\" sizes=\"auto, (max-width: 300px) 100vw, 300px\" \/><\/a>P\u00e5 nordsiden ligger det en dagligvarebutikk som bare var \u00e5pen tre dager i uka n\u00e5 i begynnelsen, og som drives litt p\u00e5 dugnad blant \u00f8yboerne, fikk jeg inntrykk av. I h\u00f8ysesongen er den \u00e5pen oftere, men den var selvsagt stengt da jeg var innom. Men du m\u00e5 alts\u00e5 helt opp til den for \u00e5 betale havneavgiften. Det er ikke veldig langt \u00e5 g\u00e5, men likevel en litt merkelig plassering, ville v\u00e6rt mer naturlig \u00e5 ha den ved servicebygget, for eksempel.<\/p>\n<p>Bortsett fra butikken og kafeen er det ikke mye annet som skjer p\u00e5 \u00f8ya, men den har et flott utsiktspunkt som jeg ikke gikk opp til denne gangen. Det g\u00e5r ogs\u00e5 en ferge her, litt usikker p\u00e5 hvor den ender opp til slutt, men den var i alle fall innom R\u00f6r\u00f6 f\u00f8r den gikk inn hit.<\/p>\n<p>Gjesteplassene er med baug inn og b\u00f8yer innenfor moloen p\u00e5 s\u00f8r\u00f8st-siden, samt en flytebrygge p\u00e5 innsiden av moloen p\u00e5 nord\u00f8st-siden, der det er b\u00e5splasser p\u00e5 innsiden og langsides p\u00e5 utsiden (noe utsatt for vind), samt langs ved den h\u00f8ye kaia til vest og p\u00e5 s\u00f8rsiden av en flytebrygge som g\u00e5r ut p\u00e5 nordsiden av den vestre kaia. Der er det private plasser p\u00e5 nordisden og b\u00e5ser til gjesteplasser p\u00e5 s\u00f8rsiden der jeg la meg.<\/p>\n<p>Hyppeln er et rolig og koselig sted som jeg gjerne kommer tilbake til og tar en n\u00e6rmere titt p\u00e5. I hovedsesongen blir det nok adskillig mer liv der med full havn og kafeen som da har \u00e5pent til &laquo;Sent&raquo;, som det stod p\u00e5 skiltet!<\/p>\n<p><a href=\"https:\/\/i0.wp.com\/pequod.nesodd1.no\/wp-content\/uploads\/2022\/08\/IMG-3042.jpg?ssl=1\"><img data-recalc-dims=\"1\" loading=\"lazy\" decoding=\"async\" data-attachment-id=\"24778\" data-permalink=\"https:\/\/pequod.nesodd1.no\/?attachment_id=24778\" data-orig-file=\"https:\/\/i0.wp.com\/pequod.nesodd1.no\/wp-content\/uploads\/2022\/08\/IMG-3042.jpg?fit=960%2C720&amp;ssl=1\" data-orig-size=\"960,720\" data-comments-opened=\"1\" data-image-meta=\"{&quot;aperture&quot;:&quot;1.8&quot;,&quot;credit&quot;:&quot;&quot;,&quot;camera&quot;:&quot;iPhone 11 Pro Max&quot;,&quot;caption&quot;:&quot;&quot;,&quot;created_timestamp&quot;:&quot;1655379303&quot;,&quot;copyright&quot;:&quot;&quot;,&quot;focal_length&quot;:&quot;4.25&quot;,&quot;iso&quot;:&quot;32&quot;,&quot;shutter_speed&quot;:&quot;0.00039793076004775&quot;,&quot;title&quot;:&quot;&quot;,&quot;orientation&quot;:&quot;1&quot;}\" data-image-title=\"IMG-3042\" data-image-description=\"&lt;p&gt;Hyppeln, Sverige&lt;\/p&gt;\n\" data-image-caption=\"\" data-large-file=\"https:\/\/i0.wp.com\/pequod.nesodd1.no\/wp-content\/uploads\/2022\/08\/IMG-3042.jpg?fit=940%2C705&amp;ssl=1\" class=\"aligncenter size-full wp-image-24778\" src=\"https:\/\/i0.wp.com\/pequod.nesodd1.no\/wp-content\/uploads\/2022\/08\/IMG-3042.jpg?resize=940%2C705&#038;ssl=1\" alt=\"\" width=\"940\" height=\"705\" srcset=\"https:\/\/i0.wp.com\/pequod.nesodd1.no\/wp-content\/uploads\/2022\/08\/IMG-3042.jpg?w=960&amp;ssl=1 960w, https:\/\/i0.wp.com\/pequod.nesodd1.no\/wp-content\/uploads\/2022\/08\/IMG-3042.jpg?resize=300%2C225&amp;ssl=1 300w, https:\/\/i0.wp.com\/pequod.nesodd1.no\/wp-content\/uploads\/2022\/08\/IMG-3042.jpg?resize=100%2C75&amp;ssl=1 100w, https:\/\/i0.wp.com\/pequod.nesodd1.no\/wp-content\/uploads\/2022\/08\/IMG-3042.jpg?resize=768%2C576&amp;ssl=1 768w\" sizes=\"auto, (max-width: 940px) 100vw, 940px\" \/><\/a><\/p>\n<p>&nbsp;<\/p>\n<p>&nbsp;<\/p>\n<h3>Related Images:<\/h3>","protected":false},"excerpt":{"rendered":"<p>Vurdering (5 anker er best):&nbsp; Posisjon: 57\u00b045&#8217;27.4&#8243;N 11\u00b036&#8217;57.2&#8243;E Bes\u00f8kt antall ganger:&nbsp;1&nbsp;Sist bes\u00f8kt:&nbsp;Juni 2022.&nbsp;Webkamera:&nbsp;Nei. &nbsp;Hjemmeside Fasiliteter: Str\u00f8m, vann, toalett, dusj, s\u00f8ppel, vaskemaskin. Dagligvarebutikk, kafe, ferge, stupet\u00e5rn, badstu. B\u00e5de dusj og bruk av vaskemaskin er gratis! Havneavgift (for 29-foter):&nbsp;SEK 240 kroner inkludert str\u00f8m og vann i h\u00f8ysesongen. Ikke ille! Betaling skjer via en automat som er plassert &hellip;<br \/><a href=\"https:\/\/pequod.nesodd1.no\/?page_id=24757\" class=\"more-link pen_element_default pen_icon_arrow_double\">Les<\/a><\/p>\n","protected":false},"author":1,"featured_media":24505,"parent":5493,"menu_order":0,"comment_status":"closed","ping_status":"closed","template":"","meta":{"_crdt_document":"","ngg_post_thumbnail":0,"jetpack_post_was_ever_published":false,"footnotes":""},"class_list":["post-24757","page","type-page","status-publish","has-post-thumbnail","hentry"],"jetpack_shortlink":"https:\/\/wp.me\/P3Zd9b-6rj","jetpack_sharing_enabled":true,"jetpack_likes_enabled":true,"jetpack-related-posts":[],"_links":{"self":[{"href":"https:\/\/pequod.nesodd1.no\/index.php?rest_route=\/wp\/v2\/pages\/24757","targetHints":{"allow":["GET"]}}],"collection":[{"href":"https:\/\/pequod.nesodd1.no\/index.php?rest_route=\/wp\/v2\/pages"}],"about":[{"href":"https:\/\/pequod.nesodd1.no\/index.php?rest_route=\/wp\/v2\/types\/page"}],"author":[{"embeddable":true,"href":"https:\/\/pequod.nesodd1.no\/index.php?rest_route=\/wp\/v2\/users\/1"}],"replies":[{"embeddable":true,"href":"https:\/\/pequod.nesodd1.no\/index.php?rest_route=%2Fwp%2Fv2%2Fcomments&post=24757"}],"version-history":[{"count":14,"href":"https:\/\/pequod.nesodd1.no\/index.php?rest_route=\/wp\/v2\/pages\/24757\/revisions"}],"predecessor-version":[{"id":24781,"href":"https:\/\/pequod.nesodd1.no\/index.php?rest_route=\/wp\/v2\/pages\/24757\/revisions\/24781"}],"up":[{"embeddable":true,"href":"https:\/\/pequod.nesodd1.no\/index.php?rest_route=\/wp\/v2\/pages\/5493"}],"wp:featuredmedia":[{"embeddable":true,"href":"https:\/\/pequod.nesodd1.no\/index.php?rest_route=\/wp\/v2\/media\/24505"}],"wp:attachment":[{"href":"https:\/\/pequod.nesodd1.no\/index.php?rest_route=%2Fwp%2Fv2%2Fmedia&parent=24757"}],"curies":[{"name":"wp","href":"https:\/\/api.w.org\/{rel}","templated":true}]}}