{"id":24796,"date":"2022-08-06T22:35:54","date_gmt":"2022-08-06T20:35:54","guid":{"rendered":"https:\/\/pequod.nesodd1.no\/?page_id=24796"},"modified":"2024-10-05T16:38:54","modified_gmt":"2024-10-05T14:38:54","slug":"donso-sverige","status":"publish","type":"page","link":"https:\/\/pequod.nesodd1.no\/?page_id=24796","title":{"rendered":"Dons\u00f6 (Sverige)"},"content":{"rendered":"<p><b><strong>Vurdering (5 anker er best):&nbsp;<a href=\"https:\/\/i0.wp.com\/pequod.nesodd1.no\/wp-content\/uploads\/2019\/10\/klistremerker-anker-og-tau-design.jpg.jpg?ssl=1\"><img loading=\"lazy\" decoding=\"async\" data-attachment-id=\"16489\" data-permalink=\"https:\/\/pequod.nesodd1.no\/?attachment_id=16489\" data-orig-file=\"https:\/\/i0.wp.com\/pequod.nesodd1.no\/wp-content\/uploads\/2019\/10\/klistremerker-anker-og-tau-design.jpg.jpg?fit=25%2C25&amp;ssl=1\" data-orig-size=\"25,25\" data-comments-opened=\"1\" data-image-meta=\"{&quot;aperture&quot;:&quot;0&quot;,&quot;credit&quot;:&quot;tribalium81&quot;,&quot;camera&quot;:&quot;&quot;,&quot;caption&quot;:&quot;&quot;,&quot;created_timestamp&quot;:&quot;0&quot;,&quot;copyright&quot;:&quot;tribalium81&quot;,&quot;focal_length&quot;:&quot;0&quot;,&quot;iso&quot;:&quot;0&quot;,&quot;shutter_speed&quot;:&quot;0&quot;,&quot;title&quot;:&quot;anchor and rope design&quot;,&quot;orientation&quot;:&quot;1&quot;}\" data-image-title=\"anchor and rope design\" data-image-description=\"\" data-image-caption=\"\" data-large-file=\"https:\/\/i0.wp.com\/pequod.nesodd1.no\/wp-content\/uploads\/2019\/10\/klistremerker-anker-og-tau-design.jpg.jpg?fit=25%2C25&amp;ssl=1\" class=\"alignnone size-full wp-image-16489 jetpack-lazy-image jetpack-lazy-image--handled\" src=\"https:\/\/i0.wp.com\/pequod.nesodd1.no\/wp-content\/uploads\/2019\/10\/klistremerker-anker-og-tau-design.jpg.jpg?resize=25%2C25&amp;ssl=1\" alt=\"\" width=\"25\" height=\"25\" data-attachment-id=\"16489\" data-permalink=\"https:\/\/pequod.nesodd1.no\/?attachment_id=16489\" data-orig-file=\"https:\/\/i0.wp.com\/pequod.nesodd1.no\/wp-content\/uploads\/2019\/10\/klistremerker-anker-og-tau-design.jpg.jpg?fit=25%2C25&amp;ssl=1\" data-orig-size=\"25,25\" data-comments-opened=\"1\" data-image-meta=\"{&quot;aperture&quot;:&quot;0&quot;,&quot;credit&quot;:&quot;tribalium81&quot;,&quot;camera&quot;:&quot;&quot;,&quot;caption&quot;:&quot;&quot;,&quot;created_timestamp&quot;:&quot;0&quot;,&quot;copyright&quot;:&quot;tribalium81&quot;,&quot;focal_length&quot;:&quot;0&quot;,&quot;iso&quot;:&quot;0&quot;,&quot;shutter_speed&quot;:&quot;0&quot;,&quot;title&quot;:&quot;anchor and rope design&quot;,&quot;orientation&quot;:&quot;1&quot;}\" data-image-title=\"anchor and rope design\" data-image-description=\"\" data-image-caption=\"\" data-medium-file=\"https:\/\/i0.wp.com\/pequod.nesodd1.no\/wp-content\/uploads\/2019\/10\/klistremerker-anker-og-tau-design.jpg.jpg?fit=25%2C25&amp;ssl=1\" data-large-file=\"https:\/\/i0.wp.com\/pequod.nesodd1.no\/wp-content\/uploads\/2019\/10\/klistremerker-anker-og-tau-design.jpg.jpg?fit=25%2C25&amp;ssl=1\" data-lazy-loaded=\"1\"><\/a><a href=\"https:\/\/i0.wp.com\/pequod.nesodd1.no\/wp-content\/uploads\/2019\/10\/klistremerker-anker-og-tau-design.jpg.jpg?ssl=1\"><img loading=\"lazy\" decoding=\"async\" data-attachment-id=\"16489\" data-permalink=\"https:\/\/pequod.nesodd1.no\/?attachment_id=16489\" data-orig-file=\"https:\/\/i0.wp.com\/pequod.nesodd1.no\/wp-content\/uploads\/2019\/10\/klistremerker-anker-og-tau-design.jpg.jpg?fit=25%2C25&amp;ssl=1\" data-orig-size=\"25,25\" data-comments-opened=\"1\" data-image-meta=\"{&quot;aperture&quot;:&quot;0&quot;,&quot;credit&quot;:&quot;tribalium81&quot;,&quot;camera&quot;:&quot;&quot;,&quot;caption&quot;:&quot;&quot;,&quot;created_timestamp&quot;:&quot;0&quot;,&quot;copyright&quot;:&quot;tribalium81&quot;,&quot;focal_length&quot;:&quot;0&quot;,&quot;iso&quot;:&quot;0&quot;,&quot;shutter_speed&quot;:&quot;0&quot;,&quot;title&quot;:&quot;anchor and rope design&quot;,&quot;orientation&quot;:&quot;1&quot;}\" data-image-title=\"anchor and rope design\" data-image-description=\"\" data-image-caption=\"\" data-large-file=\"https:\/\/i0.wp.com\/pequod.nesodd1.no\/wp-content\/uploads\/2019\/10\/klistremerker-anker-og-tau-design.jpg.jpg?fit=25%2C25&amp;ssl=1\" class=\"alignnone size-full wp-image-16489 jetpack-lazy-image jetpack-lazy-image--handled\" src=\"https:\/\/i0.wp.com\/pequod.nesodd1.no\/wp-content\/uploads\/2019\/10\/klistremerker-anker-og-tau-design.jpg.jpg?resize=25%2C25&amp;ssl=1\" alt=\"\" width=\"25\" height=\"25\" data-attachment-id=\"16489\" data-permalink=\"https:\/\/pequod.nesodd1.no\/?attachment_id=16489\" data-orig-file=\"https:\/\/i0.wp.com\/pequod.nesodd1.no\/wp-content\/uploads\/2019\/10\/klistremerker-anker-og-tau-design.jpg.jpg?fit=25%2C25&amp;ssl=1\" data-orig-size=\"25,25\" data-comments-opened=\"1\" data-image-meta=\"{&quot;aperture&quot;:&quot;0&quot;,&quot;credit&quot;:&quot;tribalium81&quot;,&quot;camera&quot;:&quot;&quot;,&quot;caption&quot;:&quot;&quot;,&quot;created_timestamp&quot;:&quot;0&quot;,&quot;copyright&quot;:&quot;tribalium81&quot;,&quot;focal_length&quot;:&quot;0&quot;,&quot;iso&quot;:&quot;0&quot;,&quot;shutter_speed&quot;:&quot;0&quot;,&quot;title&quot;:&quot;anchor and rope design&quot;,&quot;orientation&quot;:&quot;1&quot;}\" data-image-title=\"anchor and rope design\" data-image-description=\"\" data-image-caption=\"\" data-medium-file=\"https:\/\/i0.wp.com\/pequod.nesodd1.no\/wp-content\/uploads\/2019\/10\/klistremerker-anker-og-tau-design.jpg.jpg?fit=25%2C25&amp;ssl=1\" data-large-file=\"https:\/\/i0.wp.com\/pequod.nesodd1.no\/wp-content\/uploads\/2019\/10\/klistremerker-anker-og-tau-design.jpg.jpg?fit=25%2C25&amp;ssl=1\" data-lazy-loaded=\"1\"><\/a><a href=\"https:\/\/i0.wp.com\/pequod.nesodd1.no\/wp-content\/uploads\/2019\/10\/klistremerker-anker-og-tau-design.jpg.jpg?ssl=1\"><img loading=\"lazy\" decoding=\"async\" data-attachment-id=\"16489\" data-permalink=\"https:\/\/pequod.nesodd1.no\/?attachment_id=16489\" data-orig-file=\"https:\/\/i0.wp.com\/pequod.nesodd1.no\/wp-content\/uploads\/2019\/10\/klistremerker-anker-og-tau-design.jpg.jpg?fit=25%2C25&amp;ssl=1\" data-orig-size=\"25,25\" data-comments-opened=\"1\" data-image-meta=\"{&quot;aperture&quot;:&quot;0&quot;,&quot;credit&quot;:&quot;tribalium81&quot;,&quot;camera&quot;:&quot;&quot;,&quot;caption&quot;:&quot;&quot;,&quot;created_timestamp&quot;:&quot;0&quot;,&quot;copyright&quot;:&quot;tribalium81&quot;,&quot;focal_length&quot;:&quot;0&quot;,&quot;iso&quot;:&quot;0&quot;,&quot;shutter_speed&quot;:&quot;0&quot;,&quot;title&quot;:&quot;anchor and rope design&quot;,&quot;orientation&quot;:&quot;1&quot;}\" data-image-title=\"anchor and rope design\" data-image-description=\"\" data-image-caption=\"\" data-large-file=\"https:\/\/i0.wp.com\/pequod.nesodd1.no\/wp-content\/uploads\/2019\/10\/klistremerker-anker-og-tau-design.jpg.jpg?fit=25%2C25&amp;ssl=1\" class=\"alignnone size-full wp-image-16489 jetpack-lazy-image jetpack-lazy-image--handled\" src=\"https:\/\/i0.wp.com\/pequod.nesodd1.no\/wp-content\/uploads\/2019\/10\/klistremerker-anker-og-tau-design.jpg.jpg?resize=25%2C25&amp;ssl=1\" alt=\"\" width=\"25\" height=\"25\" data-attachment-id=\"16489\" data-permalink=\"https:\/\/pequod.nesodd1.no\/?attachment_id=16489\" data-orig-file=\"https:\/\/i0.wp.com\/pequod.nesodd1.no\/wp-content\/uploads\/2019\/10\/klistremerker-anker-og-tau-design.jpg.jpg?fit=25%2C25&amp;ssl=1\" data-orig-size=\"25,25\" data-comments-opened=\"1\" data-image-meta=\"{&quot;aperture&quot;:&quot;0&quot;,&quot;credit&quot;:&quot;tribalium81&quot;,&quot;camera&quot;:&quot;&quot;,&quot;caption&quot;:&quot;&quot;,&quot;created_timestamp&quot;:&quot;0&quot;,&quot;copyright&quot;:&quot;tribalium81&quot;,&quot;focal_length&quot;:&quot;0&quot;,&quot;iso&quot;:&quot;0&quot;,&quot;shutter_speed&quot;:&quot;0&quot;,&quot;title&quot;:&quot;anchor and rope design&quot;,&quot;orientation&quot;:&quot;1&quot;}\" data-image-title=\"anchor and rope design\" data-image-description=\"\" data-image-caption=\"\" data-medium-file=\"https:\/\/i0.wp.com\/pequod.nesodd1.no\/wp-content\/uploads\/2019\/10\/klistremerker-anker-og-tau-design.jpg.jpg?fit=25%2C25&amp;ssl=1\" data-large-file=\"https:\/\/i0.wp.com\/pequod.nesodd1.no\/wp-content\/uploads\/2019\/10\/klistremerker-anker-og-tau-design.jpg.jpg?fit=25%2C25&amp;ssl=1\" data-lazy-loaded=\"1\"><\/a><\/strong><\/b><br \/>\n<b>Posisjon:<\/b> 57\u00b035&#8217;55.1&#8243;N 11\u00b047&#8217;27.7&#8243;E<br \/>\n<b>Bes\u00f8kt antall ganger: <\/b>2&nbsp;<b>Sist bes\u00f8kt:<\/b> Oktober 2024. <strong>Webkamera:<\/strong>&nbsp;Nei. &nbsp;<a href=\"https:\/\/www.donsohamn.se\/#guestharbour\" target=\"_blank\" rel=\"noopener\">Hjemmeside<\/a><br \/>\n<b>Fasiliteter:<\/b> Str\u00f8m, vann, toalett, dusj, s\u00f8ppel, vaskemaskin, septikt\u00f8mming. Drivstoff. Dagligvarebutikk, kaf\u00e8, pizzarestaurant, iskiosk, restaurant\/hotell, jernvarebutikk med ganske godt utvalg i b\u00e5tutstyr, ferge til Styrs\u00f6\/G\u00f6teborg, innvendig grillplass, badebrygge.&nbsp;<br \/>\n<b>Havneavgift (for 29-foter):&nbsp;<\/b>SEK 220 kroner inkludert str\u00f8m og vann. Betaling skjer via en automat ved havnekontoret.<br \/>\n<strong>Fort\u00f8yning:<\/strong> Hovedsakelig langsidesplasser langs fire flytebrygger, tre innenfor moloen p\u00e5 nordvestlig side og en p\u00e5 motsatt side. Ogs\u00e5 muligheter for \u00e5 legge seg i gr\u00f8nnskiltede b\u00e5ser i resten av havna.&nbsp; &nbsp; &nbsp; &nbsp; &nbsp; &nbsp; &nbsp; &nbsp; &nbsp; &nbsp; &nbsp; &nbsp; &nbsp; &nbsp;&nbsp;<br \/>\n<b>Tilrettelagt for funksjonshemmede:<\/b>: Greit \u00e5 komme seg fra b\u00e5ten n\u00e5r man ligger langsides, vanlige ramper opp til fastlandet. Rullestolramper til handicaptoalettene.<\/p>\n<p><a href=\"https:\/\/i0.wp.com\/pequod.nesodd1.no\/wp-content\/uploads\/2022\/06\/IMG-3116.jpg?ssl=1\"><img data-recalc-dims=\"1\" loading=\"lazy\" decoding=\"async\" data-attachment-id=\"24522\" data-permalink=\"https:\/\/pequod.nesodd1.no\/?attachment_id=24522\" data-orig-file=\"https:\/\/i0.wp.com\/pequod.nesodd1.no\/wp-content\/uploads\/2022\/06\/IMG-3116.jpg?fit=960%2C720&amp;ssl=1\" data-orig-size=\"960,720\" data-comments-opened=\"1\" data-image-meta=\"{&quot;aperture&quot;:&quot;0&quot;,&quot;credit&quot;:&quot;&quot;,&quot;camera&quot;:&quot;&quot;,&quot;caption&quot;:&quot;&quot;,&quot;created_timestamp&quot;:&quot;0&quot;,&quot;copyright&quot;:&quot;&quot;,&quot;focal_length&quot;:&quot;0&quot;,&quot;iso&quot;:&quot;0&quot;,&quot;shutter_speed&quot;:&quot;0&quot;,&quot;title&quot;:&quot;&quot;,&quot;orientation&quot;:&quot;0&quot;}\" data-image-title=\"IMG-3116\" data-image-description=\"&lt;p&gt;Dons\u00f6, Sverige&lt;\/p&gt;\n\" data-image-caption=\"\" data-large-file=\"https:\/\/i0.wp.com\/pequod.nesodd1.no\/wp-content\/uploads\/2022\/06\/IMG-3116.jpg?fit=940%2C705&amp;ssl=1\" class=\"alignleft size-medium wp-image-24522\" src=\"https:\/\/i0.wp.com\/pequod.nesodd1.no\/wp-content\/uploads\/2022\/06\/IMG-3116.jpg?resize=300%2C225&#038;ssl=1\" alt=\"\" width=\"300\" height=\"225\" srcset=\"https:\/\/i0.wp.com\/pequod.nesodd1.no\/wp-content\/uploads\/2022\/06\/IMG-3116.jpg?resize=300%2C225&amp;ssl=1 300w, https:\/\/i0.wp.com\/pequod.nesodd1.no\/wp-content\/uploads\/2022\/06\/IMG-3116.jpg?resize=100%2C75&amp;ssl=1 100w, https:\/\/i0.wp.com\/pequod.nesodd1.no\/wp-content\/uploads\/2022\/06\/IMG-3116.jpg?resize=768%2C576&amp;ssl=1 768w, https:\/\/i0.wp.com\/pequod.nesodd1.no\/wp-content\/uploads\/2022\/06\/IMG-3116.jpg?w=960&amp;ssl=1 960w\" sizes=\"auto, (max-width: 300px) 100vw, 300px\" \/><\/a>Dons\u00f6 ligger s\u00f8r for G\u00f6teborg og er en ganske stor \u00f8y og en ganske s\u00e5 stor havn. Samtidig er det en veldig rolig havn og sted, selv ved ganske s\u00e5 fullt belegg s\u00e5 var det likevel ganske rolig her. Og jeg har alltid et godt \u00f8ye til gjestehavner som tilbyr langsidesplasser, og her er det nettopp disse som dominerer.<\/p>\n<p>Det er to servicebygg i havna, hvis jeg ikke tar helt feil. P\u00e5 molosiden der jeg l\u00e5 ligger servicebygget p\u00e5 h\u00f8yre side rett etter at man har g\u00e5tt forbi hotellet\/restauranten Isbolaget. Rent og pent og handicaptoalett.<\/p>\n<p>Avgift for bruk av vaskemaskin og t\u00f8rketrommel betales p\u00e5 automaten ved havnekontoret, som ligger 50 meter lenger inn. Men det er kun et lite avlukke med \u00e9n vaskemaskin og \u00e9n t\u00f8rketrommel &#8211; veldig lite til \u00e5 v\u00e6re en s\u00e5pass stor gjestehavn.<\/p>\n<p>Det andre serviceanlegget ligger p\u00e5 motsatt side av havna, jeg stakk ikke innom der.<\/p>\n<p><a href=\"https:\/\/i0.wp.com\/pequod.nesodd1.no\/wp-content\/uploads\/2022\/06\/288204320_10158443467952032_7431653166226576781_n.jpg?ssl=1\"><img data-recalc-dims=\"1\" loading=\"lazy\" decoding=\"async\" data-attachment-id=\"24528\" data-permalink=\"https:\/\/pequod.nesodd1.no\/?attachment_id=24528\" data-orig-file=\"https:\/\/i0.wp.com\/pequod.nesodd1.no\/wp-content\/uploads\/2022\/06\/288204320_10158443467952032_7431653166226576781_n.jpg?fit=2048%2C1536&amp;ssl=1\" data-orig-size=\"2048,1536\" data-comments-opened=\"1\" data-image-meta=\"{&quot;aperture&quot;:&quot;0&quot;,&quot;credit&quot;:&quot;&quot;,&quot;camera&quot;:&quot;&quot;,&quot;caption&quot;:&quot;&quot;,&quot;created_timestamp&quot;:&quot;0&quot;,&quot;copyright&quot;:&quot;&quot;,&quot;focal_length&quot;:&quot;0&quot;,&quot;iso&quot;:&quot;0&quot;,&quot;shutter_speed&quot;:&quot;0&quot;,&quot;title&quot;:&quot;&quot;,&quot;orientation&quot;:&quot;0&quot;}\" data-image-title=\"288204320_10158443467952032_7431653166226576781_n\" data-image-description=\"&lt;p&gt;Dons\u00f6, Sverige&lt;\/p&gt;\n\" data-image-caption=\"\" data-large-file=\"https:\/\/i0.wp.com\/pequod.nesodd1.no\/wp-content\/uploads\/2022\/06\/288204320_10158443467952032_7431653166226576781_n.jpg?fit=940%2C705&amp;ssl=1\" class=\"size-medium wp-image-24528 alignright\" src=\"https:\/\/i0.wp.com\/pequod.nesodd1.no\/wp-content\/uploads\/2022\/06\/288204320_10158443467952032_7431653166226576781_n.jpg?resize=300%2C225&#038;ssl=1\" alt=\"\" width=\"300\" height=\"225\" srcset=\"https:\/\/i0.wp.com\/pequod.nesodd1.no\/wp-content\/uploads\/2022\/06\/288204320_10158443467952032_7431653166226576781_n.jpg?resize=300%2C225&amp;ssl=1 300w, https:\/\/i0.wp.com\/pequod.nesodd1.no\/wp-content\/uploads\/2022\/06\/288204320_10158443467952032_7431653166226576781_n.jpg?resize=1024%2C768&amp;ssl=1 1024w, https:\/\/i0.wp.com\/pequod.nesodd1.no\/wp-content\/uploads\/2022\/06\/288204320_10158443467952032_7431653166226576781_n.jpg?resize=100%2C75&amp;ssl=1 100w, https:\/\/i0.wp.com\/pequod.nesodd1.no\/wp-content\/uploads\/2022\/06\/288204320_10158443467952032_7431653166226576781_n.jpg?resize=768%2C576&amp;ssl=1 768w, https:\/\/i0.wp.com\/pequod.nesodd1.no\/wp-content\/uploads\/2022\/06\/288204320_10158443467952032_7431653166226576781_n.jpg?resize=1536%2C1152&amp;ssl=1 1536w, https:\/\/i0.wp.com\/pequod.nesodd1.no\/wp-content\/uploads\/2022\/06\/288204320_10158443467952032_7431653166226576781_n.jpg?w=2048&amp;ssl=1 2048w, https:\/\/i0.wp.com\/pequod.nesodd1.no\/wp-content\/uploads\/2022\/06\/288204320_10158443467952032_7431653166226576781_n.jpg?w=1880&amp;ssl=1 1880w\" sizes=\"auto, (max-width: 300px) 100vw, 300px\" \/><\/a>P\u00e5 motsatt side ligger ogs\u00e5 en ganske s\u00e5 stor ICA-butikk, samt at man g\u00e5r forbi b\u00e5de en isvogn og en pizzarestaurant p\u00e5 vei bort dit. P\u00e5 molosiden er det en badebrygge som var popul\u00e6r \u00e5 stupe fra, og et stort rom med masse sitteplasser og griller som man kan benytte.<\/p>\n<figure id=\"attachment_24525\" aria-describedby=\"caption-attachment-24525\" style=\"width: 300px\" class=\"wp-caption alignleft\"><a href=\"https:\/\/i0.wp.com\/pequod.nesodd1.no\/wp-content\/uploads\/2022\/06\/IMG-3173.jpg?ssl=1\"><img data-recalc-dims=\"1\" loading=\"lazy\" decoding=\"async\" data-attachment-id=\"24525\" data-permalink=\"https:\/\/pequod.nesodd1.no\/?attachment_id=24525\" data-orig-file=\"https:\/\/i0.wp.com\/pequod.nesodd1.no\/wp-content\/uploads\/2022\/06\/IMG-3173.jpg?fit=960%2C720&amp;ssl=1\" data-orig-size=\"960,720\" data-comments-opened=\"1\" data-image-meta=\"{&quot;aperture&quot;:&quot;0&quot;,&quot;credit&quot;:&quot;&quot;,&quot;camera&quot;:&quot;&quot;,&quot;caption&quot;:&quot;&quot;,&quot;created_timestamp&quot;:&quot;0&quot;,&quot;copyright&quot;:&quot;&quot;,&quot;focal_length&quot;:&quot;0&quot;,&quot;iso&quot;:&quot;0&quot;,&quot;shutter_speed&quot;:&quot;0&quot;,&quot;title&quot;:&quot;&quot;,&quot;orientation&quot;:&quot;0&quot;}\" data-image-title=\"IMG-3173\" data-image-description=\"&lt;p&gt;Dons\u00f6, Sverige&lt;\/p&gt;\n\" data-image-caption=\"&lt;p&gt;Det foretrukne kj\u00f8ret\u00f8yet p\u00e5 Dons\u00f6&lt;\/p&gt;\n\" data-large-file=\"https:\/\/i0.wp.com\/pequod.nesodd1.no\/wp-content\/uploads\/2022\/06\/IMG-3173.jpg?fit=940%2C705&amp;ssl=1\" class=\"size-medium wp-image-24525\" src=\"https:\/\/i0.wp.com\/pequod.nesodd1.no\/wp-content\/uploads\/2022\/06\/IMG-3173.jpg?resize=300%2C225&#038;ssl=1\" alt=\"\" width=\"300\" height=\"225\" srcset=\"https:\/\/i0.wp.com\/pequod.nesodd1.no\/wp-content\/uploads\/2022\/06\/IMG-3173.jpg?resize=300%2C225&amp;ssl=1 300w, https:\/\/i0.wp.com\/pequod.nesodd1.no\/wp-content\/uploads\/2022\/06\/IMG-3173.jpg?resize=100%2C75&amp;ssl=1 100w, https:\/\/i0.wp.com\/pequod.nesodd1.no\/wp-content\/uploads\/2022\/06\/IMG-3173.jpg?resize=768%2C576&amp;ssl=1 768w, https:\/\/i0.wp.com\/pequod.nesodd1.no\/wp-content\/uploads\/2022\/06\/IMG-3173.jpg?w=960&amp;ssl=1 960w\" sizes=\"auto, (max-width: 300px) 100vw, 300px\" \/><\/a><figcaption id=\"caption-attachment-24525\" class=\"wp-caption-text\">Det foretrukne kj\u00f8ret\u00f8yet p\u00e5 Dons\u00f6<\/figcaption><\/figure>\n<p>P\u00e5 utsiden litt lenger s\u00f8r ligger ogs\u00e5 en &laquo;sj\u00f6macka&raquo; med drivstoffylling og kioskvarer.<\/p>\n<p>Hovedtransportmiddelet p\u00e5 Dons\u00f6 er en slags golfbiler! Man m\u00e5 visstnok ha spesialtillatelse\/v\u00e6re yrkestransport for \u00e5 kunne benytte vanlig bil. \u00d8ya er i utgangspunktet bilfri.<\/p>\n<p>Selv om Dons\u00f6 b\u00e5de er rimelig og en fin havn, s\u00e5 klarte jeg ikke helt \u00e5 like meg der. Vet ikke helt hvorfor, kanskje den var s\u00e5pass stor at det ble litt upersonlig? Likte med mye bedre p\u00e5 \u00f8ya s\u00f8r for Dons\u00f6, Vr\u00e5ng\u00f6. Vil dog ikke utelukke at jeg havner her igjen!<\/p>\n<p>\u00d8ya er ogs\u00e5 kjent for \u00e5 v\u00e6re hjemmehavn for en stor andel rederier, b\u00e5de sm\u00e5 og store. Langs moloen er derfor flaggstengene prydet med rederiflagg, ikke nasjonalflagg.<\/p>\n<p>Dons\u00f8 er ogs\u00e5 en aktiv fiskehavn med sm\u00e5 og store fiskefart\u00f8y. De aller st\u00f8rste fort\u00f8yer p\u00e5 utsiden av moloen og ved dypvannskaia lenger s\u00f8r. Det g\u00e5r ferge inn til Saltholmen i utkanten av G\u00f6teborg. Derfra kommer du inn til sentrum med trikk eller buss. Ferga stopper ogs\u00e5 p\u00e5 nabo\u00f8ya Styrs\u00f6.<\/p>\n<p><a href=\"https:\/\/i0.wp.com\/pequod.nesodd1.no\/wp-content\/uploads\/2022\/06\/IMG-3178.jpg?ssl=1\"><img data-recalc-dims=\"1\" loading=\"lazy\" decoding=\"async\" data-attachment-id=\"24526\" data-permalink=\"https:\/\/pequod.nesodd1.no\/?attachment_id=24526\" data-orig-file=\"https:\/\/i0.wp.com\/pequod.nesodd1.no\/wp-content\/uploads\/2022\/06\/IMG-3178.jpg?fit=960%2C720&amp;ssl=1\" data-orig-size=\"960,720\" data-comments-opened=\"1\" data-image-meta=\"{&quot;aperture&quot;:&quot;0&quot;,&quot;credit&quot;:&quot;&quot;,&quot;camera&quot;:&quot;&quot;,&quot;caption&quot;:&quot;&quot;,&quot;created_timestamp&quot;:&quot;0&quot;,&quot;copyright&quot;:&quot;&quot;,&quot;focal_length&quot;:&quot;0&quot;,&quot;iso&quot;:&quot;0&quot;,&quot;shutter_speed&quot;:&quot;0&quot;,&quot;title&quot;:&quot;&quot;,&quot;orientation&quot;:&quot;0&quot;}\" data-image-title=\"IMG-3178\" data-image-description=\"&lt;p&gt;Dons\u00f6, Sverige&lt;\/p&gt;\n\" data-image-caption=\"\" data-large-file=\"https:\/\/i0.wp.com\/pequod.nesodd1.no\/wp-content\/uploads\/2022\/06\/IMG-3178.jpg?fit=940%2C705&amp;ssl=1\" class=\"aligncenter size-full wp-image-24526\" src=\"https:\/\/i0.wp.com\/pequod.nesodd1.no\/wp-content\/uploads\/2022\/06\/IMG-3178.jpg?resize=940%2C705&#038;ssl=1\" alt=\"\" width=\"940\" height=\"705\" srcset=\"https:\/\/i0.wp.com\/pequod.nesodd1.no\/wp-content\/uploads\/2022\/06\/IMG-3178.jpg?w=960&amp;ssl=1 960w, https:\/\/i0.wp.com\/pequod.nesodd1.no\/wp-content\/uploads\/2022\/06\/IMG-3178.jpg?resize=300%2C225&amp;ssl=1 300w, https:\/\/i0.wp.com\/pequod.nesodd1.no\/wp-content\/uploads\/2022\/06\/IMG-3178.jpg?resize=100%2C75&amp;ssl=1 100w, https:\/\/i0.wp.com\/pequod.nesodd1.no\/wp-content\/uploads\/2022\/06\/IMG-3178.jpg?resize=768%2C576&amp;ssl=1 768w\" sizes=\"auto, (max-width: 940px) 100vw, 940px\" \/><\/a><\/p>\n<p>&nbsp;<\/p>\n<h3>Related Images:<\/h3>","protected":false},"excerpt":{"rendered":"<p>Vurdering (5 anker er best):&nbsp; Posisjon: 57\u00b035&#8217;55.1&#8243;N 11\u00b047&#8217;27.7&#8243;E Bes\u00f8kt antall ganger: 2&nbsp;Sist bes\u00f8kt: Oktober 2024. Webkamera:&nbsp;Nei. &nbsp;Hjemmeside Fasiliteter: Str\u00f8m, vann, toalett, dusj, s\u00f8ppel, vaskemaskin, septikt\u00f8mming. Drivstoff. Dagligvarebutikk, kaf\u00e8, pizzarestaurant, iskiosk, restaurant\/hotell, jernvarebutikk med ganske godt utvalg i b\u00e5tutstyr, ferge til Styrs\u00f6\/G\u00f6teborg, innvendig grillplass, badebrygge.&nbsp; Havneavgift (for 29-foter):&nbsp;SEK 220 kroner inkludert str\u00f8m og vann. Betaling skjer &hellip;<br \/><a href=\"https:\/\/pequod.nesodd1.no\/?page_id=24796\" class=\"more-link pen_element_default pen_icon_arrow_double\">Les<\/a><\/p>\n","protected":false},"author":1,"featured_media":24520,"parent":5493,"menu_order":0,"comment_status":"closed","ping_status":"closed","template":"","meta":{"_crdt_document":"","ngg_post_thumbnail":0,"jetpack_post_was_ever_published":false,"footnotes":""},"class_list":["post-24796","page","type-page","status-publish","has-post-thumbnail","hentry"],"jetpack_shortlink":"https:\/\/wp.me\/P3Zd9b-6rW","jetpack_sharing_enabled":true,"jetpack_likes_enabled":true,"jetpack-related-posts":[],"_links":{"self":[{"href":"https:\/\/pequod.nesodd1.no\/index.php?rest_route=\/wp\/v2\/pages\/24796","targetHints":{"allow":["GET"]}}],"collection":[{"href":"https:\/\/pequod.nesodd1.no\/index.php?rest_route=\/wp\/v2\/pages"}],"about":[{"href":"https:\/\/pequod.nesodd1.no\/index.php?rest_route=\/wp\/v2\/types\/page"}],"author":[{"embeddable":true,"href":"https:\/\/pequod.nesodd1.no\/index.php?rest_route=\/wp\/v2\/users\/1"}],"replies":[{"embeddable":true,"href":"https:\/\/pequod.nesodd1.no\/index.php?rest_route=%2Fwp%2Fv2%2Fcomments&post=24796"}],"version-history":[{"count":10,"href":"https:\/\/pequod.nesodd1.no\/index.php?rest_route=\/wp\/v2\/pages\/24796\/revisions"}],"predecessor-version":[{"id":29560,"href":"https:\/\/pequod.nesodd1.no\/index.php?rest_route=\/wp\/v2\/pages\/24796\/revisions\/29560"}],"up":[{"embeddable":true,"href":"https:\/\/pequod.nesodd1.no\/index.php?rest_route=\/wp\/v2\/pages\/5493"}],"wp:featuredmedia":[{"embeddable":true,"href":"https:\/\/pequod.nesodd1.no\/index.php?rest_route=\/wp\/v2\/media\/24520"}],"wp:attachment":[{"href":"https:\/\/pequod.nesodd1.no\/index.php?rest_route=%2Fwp%2Fv2%2Fmedia&parent=24796"}],"curies":[{"name":"wp","href":"https:\/\/api.w.org\/{rel}","templated":true}]}}