{"id":24848,"date":"2022-08-10T22:24:01","date_gmt":"2022-08-10T20:24:01","guid":{"rendered":"https:\/\/pequod.nesodd1.no\/?page_id=24848"},"modified":"2022-08-10T22:24:01","modified_gmt":"2022-08-10T20:24:01","slug":"gronemad-sverige","status":"publish","type":"page","link":"https:\/\/pequod.nesodd1.no\/?page_id=24848","title":{"rendered":"Gr\u00f6nemad (Sverige)"},"content":{"rendered":"<p><b><strong>Vurdering (5 anker er best):&nbsp;<a href=\"https:\/\/i0.wp.com\/pequod.nesodd1.no\/wp-content\/uploads\/2019\/10\/klistremerker-anker-og-tau-design.jpg.jpg?ssl=1\"><img loading=\"lazy\" decoding=\"async\" data-attachment-id=\"16489\" data-permalink=\"https:\/\/pequod.nesodd1.no\/?attachment_id=16489\" data-orig-file=\"https:\/\/i0.wp.com\/pequod.nesodd1.no\/wp-content\/uploads\/2019\/10\/klistremerker-anker-og-tau-design.jpg.jpg?fit=25%2C25&amp;ssl=1\" data-orig-size=\"25,25\" data-comments-opened=\"1\" data-image-meta=\"{&quot;aperture&quot;:&quot;0&quot;,&quot;credit&quot;:&quot;tribalium81&quot;,&quot;camera&quot;:&quot;&quot;,&quot;caption&quot;:&quot;&quot;,&quot;created_timestamp&quot;:&quot;0&quot;,&quot;copyright&quot;:&quot;tribalium81&quot;,&quot;focal_length&quot;:&quot;0&quot;,&quot;iso&quot;:&quot;0&quot;,&quot;shutter_speed&quot;:&quot;0&quot;,&quot;title&quot;:&quot;anchor and rope design&quot;,&quot;orientation&quot;:&quot;1&quot;}\" data-image-title=\"anchor and rope design\" data-image-description=\"\" data-image-caption=\"\" data-large-file=\"https:\/\/i0.wp.com\/pequod.nesodd1.no\/wp-content\/uploads\/2019\/10\/klistremerker-anker-og-tau-design.jpg.jpg?fit=25%2C25&amp;ssl=1\" class=\"alignnone size-full wp-image-16489 jetpack-lazy-image jetpack-lazy-image--handled\" src=\"https:\/\/i0.wp.com\/pequod.nesodd1.no\/wp-content\/uploads\/2019\/10\/klistremerker-anker-og-tau-design.jpg.jpg?resize=25%2C25&amp;ssl=1\" alt=\"\" width=\"25\" height=\"25\" data-attachment-id=\"16489\" data-permalink=\"https:\/\/pequod.nesodd1.no\/?attachment_id=16489\" data-orig-file=\"https:\/\/i0.wp.com\/pequod.nesodd1.no\/wp-content\/uploads\/2019\/10\/klistremerker-anker-og-tau-design.jpg.jpg?fit=25%2C25&amp;ssl=1\" data-orig-size=\"25,25\" data-comments-opened=\"1\" data-image-meta=\"{&quot;aperture&quot;:&quot;0&quot;,&quot;credit&quot;:&quot;tribalium81&quot;,&quot;camera&quot;:&quot;&quot;,&quot;caption&quot;:&quot;&quot;,&quot;created_timestamp&quot;:&quot;0&quot;,&quot;copyright&quot;:&quot;tribalium81&quot;,&quot;focal_length&quot;:&quot;0&quot;,&quot;iso&quot;:&quot;0&quot;,&quot;shutter_speed&quot;:&quot;0&quot;,&quot;title&quot;:&quot;anchor and rope design&quot;,&quot;orientation&quot;:&quot;1&quot;}\" data-image-title=\"anchor and rope design\" data-image-description=\"\" data-image-caption=\"\" data-medium-file=\"https:\/\/i0.wp.com\/pequod.nesodd1.no\/wp-content\/uploads\/2019\/10\/klistremerker-anker-og-tau-design.jpg.jpg?fit=25%2C25&amp;ssl=1\" data-large-file=\"https:\/\/i0.wp.com\/pequod.nesodd1.no\/wp-content\/uploads\/2019\/10\/klistremerker-anker-og-tau-design.jpg.jpg?fit=25%2C25&amp;ssl=1\" data-lazy-loaded=\"1\"><\/a><a href=\"https:\/\/i0.wp.com\/pequod.nesodd1.no\/wp-content\/uploads\/2019\/10\/klistremerker-anker-og-tau-design.jpg.jpg?ssl=1\"><img loading=\"lazy\" decoding=\"async\" data-attachment-id=\"16489\" data-permalink=\"https:\/\/pequod.nesodd1.no\/?attachment_id=16489\" data-orig-file=\"https:\/\/i0.wp.com\/pequod.nesodd1.no\/wp-content\/uploads\/2019\/10\/klistremerker-anker-og-tau-design.jpg.jpg?fit=25%2C25&amp;ssl=1\" data-orig-size=\"25,25\" data-comments-opened=\"1\" data-image-meta=\"{&quot;aperture&quot;:&quot;0&quot;,&quot;credit&quot;:&quot;tribalium81&quot;,&quot;camera&quot;:&quot;&quot;,&quot;caption&quot;:&quot;&quot;,&quot;created_timestamp&quot;:&quot;0&quot;,&quot;copyright&quot;:&quot;tribalium81&quot;,&quot;focal_length&quot;:&quot;0&quot;,&quot;iso&quot;:&quot;0&quot;,&quot;shutter_speed&quot;:&quot;0&quot;,&quot;title&quot;:&quot;anchor and rope design&quot;,&quot;orientation&quot;:&quot;1&quot;}\" data-image-title=\"anchor and rope design\" data-image-description=\"\" data-image-caption=\"\" data-large-file=\"https:\/\/i0.wp.com\/pequod.nesodd1.no\/wp-content\/uploads\/2019\/10\/klistremerker-anker-og-tau-design.jpg.jpg?fit=25%2C25&amp;ssl=1\" class=\"alignnone size-full wp-image-16489 jetpack-lazy-image jetpack-lazy-image--handled\" src=\"https:\/\/i0.wp.com\/pequod.nesodd1.no\/wp-content\/uploads\/2019\/10\/klistremerker-anker-og-tau-design.jpg.jpg?resize=25%2C25&amp;ssl=1\" alt=\"\" width=\"25\" height=\"25\" data-attachment-id=\"16489\" data-permalink=\"https:\/\/pequod.nesodd1.no\/?attachment_id=16489\" data-orig-file=\"https:\/\/i0.wp.com\/pequod.nesodd1.no\/wp-content\/uploads\/2019\/10\/klistremerker-anker-og-tau-design.jpg.jpg?fit=25%2C25&amp;ssl=1\" data-orig-size=\"25,25\" data-comments-opened=\"1\" data-image-meta=\"{&quot;aperture&quot;:&quot;0&quot;,&quot;credit&quot;:&quot;tribalium81&quot;,&quot;camera&quot;:&quot;&quot;,&quot;caption&quot;:&quot;&quot;,&quot;created_timestamp&quot;:&quot;0&quot;,&quot;copyright&quot;:&quot;tribalium81&quot;,&quot;focal_length&quot;:&quot;0&quot;,&quot;iso&quot;:&quot;0&quot;,&quot;shutter_speed&quot;:&quot;0&quot;,&quot;title&quot;:&quot;anchor and rope design&quot;,&quot;orientation&quot;:&quot;1&quot;}\" data-image-title=\"anchor and rope design\" data-image-description=\"\" data-image-caption=\"\" data-medium-file=\"https:\/\/i0.wp.com\/pequod.nesodd1.no\/wp-content\/uploads\/2019\/10\/klistremerker-anker-og-tau-design.jpg.jpg?fit=25%2C25&amp;ssl=1\" data-large-file=\"https:\/\/i0.wp.com\/pequod.nesodd1.no\/wp-content\/uploads\/2019\/10\/klistremerker-anker-og-tau-design.jpg.jpg?fit=25%2C25&amp;ssl=1\" data-lazy-loaded=\"1\"><\/a><\/strong><\/b><br \/>\n<b>Posisjon:<\/b> 58\u00b041&#8217;59.5&#8243;N 11\u00b013&#8217;2.6&#8243;E<br \/>\n<b>Bes\u00f8kt antall ganger:&nbsp;<\/b>1&nbsp;<b>Sist bes\u00f8kt:<\/b> Juni\/juli 2022. Webkamera_ Nei. <a href=\"https:\/\/www.ghf.se\/hamnen\" target=\"_blank\" rel=\"noopener\">Hjemmeside.<\/a><br \/>\n<b>Fasiliteter:<\/b> Str\u00f8m, vann, s\u00f8ppel, toalett.<br \/>\n<b>Havneavgift (for 29-foter):&nbsp;<\/b>SEK 200 kroner inkludert str\u00f8m og vann. Betaling skjer via terminaler som havnevaktene har med seg. De kommer etter klokka 18.<br \/>\n<strong>Fort\u00f8yning:<\/strong> Langsides p\u00e5 utsiden av de to nordvestlige flytebryggene\/b\u00f8lgedemperne samt ved den s\u00f8r\u00f8stlige flytebryggen. Kanskje ogs\u00e5 p\u00e5 utsiden av den nordligste?<br \/>\n<b>Tilrettelagt for funksjonshemmede:<\/b>: Greit \u00e5 komme seg fra b\u00e5ten n\u00e5r man ligger langsides, sjekket ikke toalettet.<\/p>\n<p><a href=\"https:\/\/i0.wp.com\/pequod.nesodd1.no\/wp-content\/uploads\/2022\/08\/IMG-3554.jpg?ssl=1\"><img data-recalc-dims=\"1\" loading=\"lazy\" decoding=\"async\" data-attachment-id=\"24850\" data-permalink=\"https:\/\/pequod.nesodd1.no\/?attachment_id=24850\" data-orig-file=\"https:\/\/i0.wp.com\/pequod.nesodd1.no\/wp-content\/uploads\/2022\/08\/IMG-3554.jpg?fit=960%2C720&amp;ssl=1\" data-orig-size=\"960,720\" data-comments-opened=\"1\" data-image-meta=\"{&quot;aperture&quot;:&quot;1.8&quot;,&quot;credit&quot;:&quot;&quot;,&quot;camera&quot;:&quot;iPhone 11 Pro Max&quot;,&quot;caption&quot;:&quot;&quot;,&quot;created_timestamp&quot;:&quot;1656624717&quot;,&quot;copyright&quot;:&quot;&quot;,&quot;focal_length&quot;:&quot;4.25&quot;,&quot;iso&quot;:&quot;32&quot;,&quot;shutter_speed&quot;:&quot;0.0012004801920768&quot;,&quot;title&quot;:&quot;&quot;,&quot;orientation&quot;:&quot;1&quot;}\" data-image-title=\"IMG-3554\" data-image-description=\"&lt;p&gt;Gr\u00f8nemad, Sverige&lt;\/p&gt;\n\" data-image-caption=\"\" data-large-file=\"https:\/\/i0.wp.com\/pequod.nesodd1.no\/wp-content\/uploads\/2022\/08\/IMG-3554.jpg?fit=940%2C705&amp;ssl=1\" class=\"alignleft size-medium wp-image-24850\" src=\"https:\/\/i0.wp.com\/pequod.nesodd1.no\/wp-content\/uploads\/2022\/08\/IMG-3554.jpg?resize=300%2C225&#038;ssl=1\" alt=\"\" width=\"300\" height=\"225\" srcset=\"https:\/\/i0.wp.com\/pequod.nesodd1.no\/wp-content\/uploads\/2022\/08\/IMG-3554.jpg?resize=300%2C225&amp;ssl=1 300w, https:\/\/i0.wp.com\/pequod.nesodd1.no\/wp-content\/uploads\/2022\/08\/IMG-3554.jpg?resize=100%2C75&amp;ssl=1 100w, https:\/\/i0.wp.com\/pequod.nesodd1.no\/wp-content\/uploads\/2022\/08\/IMG-3554.jpg?resize=768%2C576&amp;ssl=1 768w, https:\/\/i0.wp.com\/pequod.nesodd1.no\/wp-content\/uploads\/2022\/08\/IMG-3554.jpg?w=960&amp;ssl=1 960w\" sizes=\"auto, (max-width: 300px) 100vw, 300px\" \/><\/a>Gr\u00f6nemad ligger i Munksund som du gjerne drar gjennom hvis du tar indre lei fra Grebebstad og skal over Gula Humpen.<\/p>\n<p>Gjesteplassene er p\u00e5 utsiden av flytebryggene til b\u00e5tforeningen (b\u00e5splassene p\u00e5 innsiden er priavte), og man ligger utsatt til for vind fra &laquo;feil&raquo; retning og for passerende b\u00e5ttrafikk, men ingen av disse faktorene var til stede da jeg la meg her p\u00e5 siste stopp f\u00f8r Str\u00f6mstad. B\u00e5de p\u00e5 Tanumstrand og i Grebbestad var det fullt, men her var det plass.<\/p>\n<p>Du kommer til et veldig enkelt sted uten noen fasiliteter. N\u00e6rmeste toalett er et kommunalt som ligger rundt 200 meter s\u00f8r for havna. S\u00f8ppel kan t\u00f8mmes, men da m\u00e5 du kontakte havnevaktene som l\u00e5ser opp for deg.&nbsp;<\/p>\n<p>Det er sparsomt med str\u00f8muttak, kun en stolpe p\u00e5 den bryggen jeg l\u00e5 p\u00e5, som kun hadde to uttak. Men med \u00e5 skj\u00f8te p\u00e5 landstr\u00f8mskablene fikk jeg okkupert den ene ledige. Det er ogs\u00e5 begrenset med vannuttak.<\/p>\n<p><a href=\"https:\/\/i0.wp.com\/pequod.nesodd1.no\/wp-content\/uploads\/2022\/08\/IMG-3557.jpg?ssl=1\"><img data-recalc-dims=\"1\" loading=\"lazy\" decoding=\"async\" data-attachment-id=\"24851\" data-permalink=\"https:\/\/pequod.nesodd1.no\/?attachment_id=24851\" data-orig-file=\"https:\/\/i0.wp.com\/pequod.nesodd1.no\/wp-content\/uploads\/2022\/08\/IMG-3557.jpg?fit=960%2C720&amp;ssl=1\" data-orig-size=\"960,720\" data-comments-opened=\"1\" data-image-meta=\"{&quot;aperture&quot;:&quot;1.8&quot;,&quot;credit&quot;:&quot;&quot;,&quot;camera&quot;:&quot;iPhone 11 Pro Max&quot;,&quot;caption&quot;:&quot;&quot;,&quot;created_timestamp&quot;:&quot;1656624818&quot;,&quot;copyright&quot;:&quot;&quot;,&quot;focal_length&quot;:&quot;4.25&quot;,&quot;iso&quot;:&quot;32&quot;,&quot;shutter_speed&quot;:&quot;0.0011574074074074&quot;,&quot;title&quot;:&quot;&quot;,&quot;orientation&quot;:&quot;1&quot;}\" data-image-title=\"IMG-3557\" data-image-description=\"\" data-image-caption=\"\" data-large-file=\"https:\/\/i0.wp.com\/pequod.nesodd1.no\/wp-content\/uploads\/2022\/08\/IMG-3557.jpg?fit=940%2C705&amp;ssl=1\" class=\"alignleft size-medium wp-image-24851\" src=\"https:\/\/i0.wp.com\/pequod.nesodd1.no\/wp-content\/uploads\/2022\/08\/IMG-3557.jpg?resize=300%2C225&#038;ssl=1\" alt=\"\" width=\"300\" height=\"225\" srcset=\"https:\/\/i0.wp.com\/pequod.nesodd1.no\/wp-content\/uploads\/2022\/08\/IMG-3557.jpg?resize=300%2C225&amp;ssl=1 300w, https:\/\/i0.wp.com\/pequod.nesodd1.no\/wp-content\/uploads\/2022\/08\/IMG-3557.jpg?resize=100%2C75&amp;ssl=1 100w, https:\/\/i0.wp.com\/pequod.nesodd1.no\/wp-content\/uploads\/2022\/08\/IMG-3557.jpg?resize=768%2C576&amp;ssl=1 768w, https:\/\/i0.wp.com\/pequod.nesodd1.no\/wp-content\/uploads\/2022\/08\/IMG-3557.jpg?w=960&amp;ssl=1 960w\" sizes=\"auto, (max-width: 300px) 100vw, 300px\" \/><\/a>N\u00e6rmeste sted som har butikker og slikt er Grebbestad, noe som betyr en rundt 2 kilometer lang spasertur.<\/p>\n<p>Jeg var dessverre i d\u00e5rlig form med betennelse i et ben da jeg var her, s\u00e5 jeg gikk aldri p\u00e5 land for \u00e5 se meg rundt. Jeg f\u00e5r ta det p\u00e5 neste stopp neste gang! S\u00e5 ut til \u00e5 v\u00e6re en badebrygge litt s\u00f8r for havna, det var i alle fall end el barn og unge der som badet.<\/p>\n<p>Med andre ord er dette ikke en havn med de st\u00f8rste fasilitetene eller den beste beliggenheten, men helt greit for en liten pust i bakken og som en reservel\u00f8sning hvis det er fullt alle andre steder og man ikke er lysten p\u00e5 \u00e5 krysse Gula Humpen.<\/p>\n<p>Dessuten var havnevaktene veldig hyggelige!<\/p>\n<p>Selve Gr\u00f6nemad har en lang historie b\u00e5de som fiskehavn, stenbrudd og med en konserveringsfabrikk opp gjennom \u00e5rene.<\/p>\n<figure id=\"attachment_24611\" aria-describedby=\"caption-attachment-24611\" style=\"width: 960px\" class=\"wp-caption aligncenter\"><a href=\"https:\/\/i0.wp.com\/pequod.nesodd1.no\/wp-content\/uploads\/2022\/07\/IMG-3561.jpg?ssl=1\"><img data-recalc-dims=\"1\" loading=\"lazy\" decoding=\"async\" data-attachment-id=\"24611\" data-permalink=\"https:\/\/pequod.nesodd1.no\/?attachment_id=24611\" data-orig-file=\"https:\/\/i0.wp.com\/pequod.nesodd1.no\/wp-content\/uploads\/2022\/07\/IMG-3561.jpg?fit=960%2C720&amp;ssl=1\" data-orig-size=\"960,720\" data-comments-opened=\"1\" data-image-meta=\"{&quot;aperture&quot;:&quot;0&quot;,&quot;credit&quot;:&quot;&quot;,&quot;camera&quot;:&quot;&quot;,&quot;caption&quot;:&quot;&quot;,&quot;created_timestamp&quot;:&quot;0&quot;,&quot;copyright&quot;:&quot;&quot;,&quot;focal_length&quot;:&quot;0&quot;,&quot;iso&quot;:&quot;0&quot;,&quot;shutter_speed&quot;:&quot;0&quot;,&quot;title&quot;:&quot;&quot;,&quot;orientation&quot;:&quot;0&quot;}\" data-image-title=\"IMG-3561\" data-image-description=\"&lt;p&gt;Sverige, Gr\u00f6nemad, solnedgang&lt;\/p&gt;\n\" data-image-caption=\"&lt;p&gt;Solnedgang fra b\u00e5ten i Gr\u00f6nemad&lt;\/p&gt;\n\" data-large-file=\"https:\/\/i0.wp.com\/pequod.nesodd1.no\/wp-content\/uploads\/2022\/07\/IMG-3561.jpg?fit=940%2C705&amp;ssl=1\" class=\"size-full wp-image-24611\" src=\"https:\/\/i0.wp.com\/pequod.nesodd1.no\/wp-content\/uploads\/2022\/07\/IMG-3561.jpg?resize=940%2C705&#038;ssl=1\" alt=\"\" width=\"940\" height=\"705\" srcset=\"https:\/\/i0.wp.com\/pequod.nesodd1.no\/wp-content\/uploads\/2022\/07\/IMG-3561.jpg?w=960&amp;ssl=1 960w, https:\/\/i0.wp.com\/pequod.nesodd1.no\/wp-content\/uploads\/2022\/07\/IMG-3561.jpg?resize=300%2C225&amp;ssl=1 300w, https:\/\/i0.wp.com\/pequod.nesodd1.no\/wp-content\/uploads\/2022\/07\/IMG-3561.jpg?resize=100%2C75&amp;ssl=1 100w, https:\/\/i0.wp.com\/pequod.nesodd1.no\/wp-content\/uploads\/2022\/07\/IMG-3561.jpg?resize=768%2C576&amp;ssl=1 768w\" sizes=\"auto, (max-width: 940px) 100vw, 940px\" \/><\/a><figcaption id=\"caption-attachment-24611\" class=\"wp-caption-text\">Solnedgang fra b\u00e5ten i Gr\u00f6nemad<\/figcaption><\/figure>\n<p>&nbsp;<\/p>\n<h3>Related Images:<\/h3>","protected":false},"excerpt":{"rendered":"<p>Vurdering (5 anker er best):&nbsp; Posisjon: 58\u00b041&#8217;59.5&#8243;N 11\u00b013&#8217;2.6&#8243;E Bes\u00f8kt antall ganger:&nbsp;1&nbsp;Sist bes\u00f8kt: Juni\/juli 2022. Webkamera_ Nei. Hjemmeside. Fasiliteter: Str\u00f8m, vann, s\u00f8ppel, toalett. Havneavgift (for 29-foter):&nbsp;SEK 200 kroner inkludert str\u00f8m og vann. Betaling skjer via terminaler som havnevaktene har med seg. De kommer etter klokka 18. Fort\u00f8yning: Langsides p\u00e5 utsiden av de to nordvestlige flytebryggene\/b\u00f8lgedemperne samt &hellip;<br \/><a href=\"https:\/\/pequod.nesodd1.no\/?page_id=24848\" class=\"more-link pen_element_default pen_icon_arrow_double\">Les<\/a><\/p>\n","protected":false},"author":1,"featured_media":24610,"parent":5493,"menu_order":0,"comment_status":"closed","ping_status":"closed","template":"","meta":{"_crdt_document":"","ngg_post_thumbnail":0,"jetpack_post_was_ever_published":false,"footnotes":""},"class_list":["post-24848","page","type-page","status-publish","has-post-thumbnail","hentry"],"jetpack_shortlink":"https:\/\/wp.me\/P3Zd9b-6sM","jetpack_sharing_enabled":true,"jetpack_likes_enabled":true,"jetpack-related-posts":[],"_links":{"self":[{"href":"https:\/\/pequod.nesodd1.no\/index.php?rest_route=\/wp\/v2\/pages\/24848","targetHints":{"allow":["GET"]}}],"collection":[{"href":"https:\/\/pequod.nesodd1.no\/index.php?rest_route=\/wp\/v2\/pages"}],"about":[{"href":"https:\/\/pequod.nesodd1.no\/index.php?rest_route=\/wp\/v2\/types\/page"}],"author":[{"embeddable":true,"href":"https:\/\/pequod.nesodd1.no\/index.php?rest_route=\/wp\/v2\/users\/1"}],"replies":[{"embeddable":true,"href":"https:\/\/pequod.nesodd1.no\/index.php?rest_route=%2Fwp%2Fv2%2Fcomments&post=24848"}],"version-history":[{"count":3,"href":"https:\/\/pequod.nesodd1.no\/index.php?rest_route=\/wp\/v2\/pages\/24848\/revisions"}],"predecessor-version":[{"id":24853,"href":"https:\/\/pequod.nesodd1.no\/index.php?rest_route=\/wp\/v2\/pages\/24848\/revisions\/24853"}],"up":[{"embeddable":true,"href":"https:\/\/pequod.nesodd1.no\/index.php?rest_route=\/wp\/v2\/pages\/5493"}],"wp:featuredmedia":[{"embeddable":true,"href":"https:\/\/pequod.nesodd1.no\/index.php?rest_route=\/wp\/v2\/media\/24610"}],"wp:attachment":[{"href":"https:\/\/pequod.nesodd1.no\/index.php?rest_route=%2Fwp%2Fv2%2Fmedia&parent=24848"}],"curies":[{"name":"wp","href":"https:\/\/api.w.org\/{rel}","templated":true}]}}