{"id":26976,"date":"2023-06-10T18:30:10","date_gmt":"2023-06-10T16:30:10","guid":{"rendered":"https:\/\/pequod.nesodd1.no\/?page_id=26976"},"modified":"2023-06-10T18:30:10","modified_gmt":"2023-06-10T16:30:10","slug":"gylteholmen-drobak-seilforening","status":"publish","type":"page","link":"https:\/\/pequod.nesodd1.no\/?page_id=26976","title":{"rendered":"Gylteholmen (Dr\u00f8bak seilforening)"},"content":{"rendered":"<p><strong>Vurdering (5 anker er best):&nbsp;<a href=\"https:\/\/i0.wp.com\/pequod.nesodd1.no\/wp-content\/uploads\/2019\/10\/klistremerker-anker-og-tau-design.jpg.jpg?ssl=1\"><img loading=\"lazy\" decoding=\"async\" data-attachment-id=\"16489\" data-permalink=\"https:\/\/pequod.nesodd1.no\/?attachment_id=16489\" data-orig-file=\"https:\/\/i0.wp.com\/pequod.nesodd1.no\/wp-content\/uploads\/2019\/10\/klistremerker-anker-og-tau-design.jpg.jpg?fit=25%2C25&amp;ssl=1\" data-orig-size=\"25,25\" data-comments-opened=\"1\" data-image-meta=\"{&quot;aperture&quot;:&quot;0&quot;,&quot;credit&quot;:&quot;tribalium81&quot;,&quot;camera&quot;:&quot;&quot;,&quot;caption&quot;:&quot;&quot;,&quot;created_timestamp&quot;:&quot;0&quot;,&quot;copyright&quot;:&quot;tribalium81&quot;,&quot;focal_length&quot;:&quot;0&quot;,&quot;iso&quot;:&quot;0&quot;,&quot;shutter_speed&quot;:&quot;0&quot;,&quot;title&quot;:&quot;anchor and rope design&quot;,&quot;orientation&quot;:&quot;1&quot;}\" data-image-title=\"anchor and rope design\" data-image-description=\"\" data-image-caption=\"\" data-large-file=\"https:\/\/i0.wp.com\/pequod.nesodd1.no\/wp-content\/uploads\/2019\/10\/klistremerker-anker-og-tau-design.jpg.jpg?fit=25%2C25&amp;ssl=1\" class=\"alignnone size-full wp-image-16489 jetpack-lazy-image jetpack-lazy-image--handled\" src=\"https:\/\/i0.wp.com\/pequod.nesodd1.no\/wp-content\/uploads\/2019\/10\/klistremerker-anker-og-tau-design.jpg.jpg?resize=25%2C25&amp;ssl=1\" alt=\"\" width=\"25\" height=\"25\" data-attachment-id=\"16489\" data-permalink=\"https:\/\/pequod.nesodd1.no\/?attachment_id=16489\" data-orig-file=\"https:\/\/i0.wp.com\/pequod.nesodd1.no\/wp-content\/uploads\/2019\/10\/klistremerker-anker-og-tau-design.jpg.jpg?fit=25%2C25&amp;ssl=1\" data-orig-size=\"25,25\" data-comments-opened=\"1\" data-image-meta=\"{&quot;aperture&quot;:&quot;0&quot;,&quot;credit&quot;:&quot;tribalium81&quot;,&quot;camera&quot;:&quot;&quot;,&quot;caption&quot;:&quot;&quot;,&quot;created_timestamp&quot;:&quot;0&quot;,&quot;copyright&quot;:&quot;tribalium81&quot;,&quot;focal_length&quot;:&quot;0&quot;,&quot;iso&quot;:&quot;0&quot;,&quot;shutter_speed&quot;:&quot;0&quot;,&quot;title&quot;:&quot;anchor and rope design&quot;,&quot;orientation&quot;:&quot;1&quot;}\" data-image-title=\"anchor and rope design\" data-image-description=\"\" data-image-caption=\"\" data-medium-file=\"https:\/\/i0.wp.com\/pequod.nesodd1.no\/wp-content\/uploads\/2019\/10\/klistremerker-anker-og-tau-design.jpg.jpg?fit=25%2C25&amp;ssl=1\" data-large-file=\"https:\/\/i0.wp.com\/pequod.nesodd1.no\/wp-content\/uploads\/2019\/10\/klistremerker-anker-og-tau-design.jpg.jpg?fit=25%2C25&amp;ssl=1\" data-recalc-dims=\"1\" data-lazy-loaded=\"1\"><\/a><a href=\"https:\/\/i0.wp.com\/pequod.nesodd1.no\/wp-content\/uploads\/2019\/10\/klistremerker-anker-og-tau-design.jpg.jpg?ssl=1\"><img loading=\"lazy\" decoding=\"async\" data-attachment-id=\"16489\" data-permalink=\"https:\/\/pequod.nesodd1.no\/?attachment_id=16489\" data-orig-file=\"https:\/\/i0.wp.com\/pequod.nesodd1.no\/wp-content\/uploads\/2019\/10\/klistremerker-anker-og-tau-design.jpg.jpg?fit=25%2C25&amp;ssl=1\" data-orig-size=\"25,25\" data-comments-opened=\"1\" data-image-meta=\"{&quot;aperture&quot;:&quot;0&quot;,&quot;credit&quot;:&quot;tribalium81&quot;,&quot;camera&quot;:&quot;&quot;,&quot;caption&quot;:&quot;&quot;,&quot;created_timestamp&quot;:&quot;0&quot;,&quot;copyright&quot;:&quot;tribalium81&quot;,&quot;focal_length&quot;:&quot;0&quot;,&quot;iso&quot;:&quot;0&quot;,&quot;shutter_speed&quot;:&quot;0&quot;,&quot;title&quot;:&quot;anchor and rope design&quot;,&quot;orientation&quot;:&quot;1&quot;}\" data-image-title=\"anchor and rope design\" data-image-description=\"\" data-image-caption=\"\" data-large-file=\"https:\/\/i0.wp.com\/pequod.nesodd1.no\/wp-content\/uploads\/2019\/10\/klistremerker-anker-og-tau-design.jpg.jpg?fit=25%2C25&amp;ssl=1\" class=\"alignnone size-full wp-image-16489 jetpack-lazy-image jetpack-lazy-image--handled\" src=\"https:\/\/i0.wp.com\/pequod.nesodd1.no\/wp-content\/uploads\/2019\/10\/klistremerker-anker-og-tau-design.jpg.jpg?resize=25%2C25&amp;ssl=1\" alt=\"\" width=\"25\" height=\"25\" data-attachment-id=\"16489\" data-permalink=\"https:\/\/pequod.nesodd1.no\/?attachment_id=16489\" data-orig-file=\"https:\/\/i0.wp.com\/pequod.nesodd1.no\/wp-content\/uploads\/2019\/10\/klistremerker-anker-og-tau-design.jpg.jpg?fit=25%2C25&amp;ssl=1\" data-orig-size=\"25,25\" data-comments-opened=\"1\" data-image-meta=\"{&quot;aperture&quot;:&quot;0&quot;,&quot;credit&quot;:&quot;tribalium81&quot;,&quot;camera&quot;:&quot;&quot;,&quot;caption&quot;:&quot;&quot;,&quot;created_timestamp&quot;:&quot;0&quot;,&quot;copyright&quot;:&quot;tribalium81&quot;,&quot;focal_length&quot;:&quot;0&quot;,&quot;iso&quot;:&quot;0&quot;,&quot;shutter_speed&quot;:&quot;0&quot;,&quot;title&quot;:&quot;anchor and rope design&quot;,&quot;orientation&quot;:&quot;1&quot;}\" data-image-title=\"anchor and rope design\" data-image-description=\"\" data-image-caption=\"\" data-medium-file=\"https:\/\/i0.wp.com\/pequod.nesodd1.no\/wp-content\/uploads\/2019\/10\/klistremerker-anker-og-tau-design.jpg.jpg?fit=25%2C25&amp;ssl=1\" data-large-file=\"https:\/\/i0.wp.com\/pequod.nesodd1.no\/wp-content\/uploads\/2019\/10\/klistremerker-anker-og-tau-design.jpg.jpg?fit=25%2C25&amp;ssl=1\" data-recalc-dims=\"1\" data-lazy-loaded=\"1\"><\/a><\/strong><br \/>\n<strong>Posisjon:<\/strong> 59\u00b0 41.159&#8242; N 10\u00b0 37.294&#8242; E<br \/>\n<strong>Antall bes\u00f8k<\/strong>: 1 <strong>Sist bes\u00f8kt:&nbsp;<\/strong>Juni 2023 <a href=\"https:\/\/www.gylteholmenbrygger.no\/gjestehavn\" target=\"_blank\" rel=\"noopener\">Hjemmeside<\/a> <em>(Ikke helt oppdatert)<\/em><br \/>\n<strong>Fasiliteter:<\/strong>&nbsp; Str\u00f8m, vann, s\u00f8ppel, utedo. Sittebenker.<br \/>\n<strong>Havneavgift (for 29-foter): <\/strong>100 NOK, pluss 50 NOK for str\u00f8m og 15 NOK i tjenestetillegg, alts\u00e5 totalt 165,- Betales via appen Mooringo, som vel skal ha de 15 kronene&#8230;<br \/>\n<b>Fort\u00f8yning:&nbsp;<\/b>Langsides ved kai og flytebrygger (utvendig)<br \/>\n<b>Tilrettelagt for funksjonshemmede:<\/b> Nei. Vanlig rampe opp til land. Greit \u00e5 komme seg til kaia med sittebenker, men utedo samt sti til bro over til fastlandet er vanskelig tilgjengelig p\u00e5 grunn av ulendt terreng.<\/p>\n<p>Gylteholmen ligger ytterst i Hallangspollen nord for Dr\u00f8bak. Et perfekt sted for de som vil slappe av i rolige omgivelser, for det ligger langt fra butikker og trafikk.<\/p>\n<p><a href=\"https:\/\/i0.wp.com\/pequod.nesodd1.no\/wp-content\/uploads\/2023\/06\/350820182_2320316011508337_8937122763284014771_n.jpg?ssl=1\"><img data-recalc-dims=\"1\" loading=\"lazy\" decoding=\"async\" data-attachment-id=\"26980\" data-permalink=\"https:\/\/pequod.nesodd1.no\/?attachment_id=26980\" data-orig-file=\"https:\/\/i0.wp.com\/pequod.nesodd1.no\/wp-content\/uploads\/2023\/06\/350820182_2320316011508337_8937122763284014771_n.jpg?fit=960%2C720&amp;ssl=1\" data-orig-size=\"960,720\" data-comments-opened=\"1\" data-image-meta=\"{&quot;aperture&quot;:&quot;0&quot;,&quot;credit&quot;:&quot;&quot;,&quot;camera&quot;:&quot;&quot;,&quot;caption&quot;:&quot;&quot;,&quot;created_timestamp&quot;:&quot;0&quot;,&quot;copyright&quot;:&quot;&quot;,&quot;focal_length&quot;:&quot;0&quot;,&quot;iso&quot;:&quot;0&quot;,&quot;shutter_speed&quot;:&quot;0&quot;,&quot;title&quot;:&quot;&quot;,&quot;orientation&quot;:&quot;1&quot;}\" data-image-title=\"350820182_2320316011508337_8937122763284014771_n\" data-image-description=\"&lt;p&gt;Gylteholmen, Dr\u00f8bak&lt;\/p&gt;\n\" data-image-caption=\"\" data-large-file=\"https:\/\/i0.wp.com\/pequod.nesodd1.no\/wp-content\/uploads\/2023\/06\/350820182_2320316011508337_8937122763284014771_n.jpg?fit=940%2C705&amp;ssl=1\" class=\"alignleft size-medium wp-image-26980\" src=\"https:\/\/i0.wp.com\/pequod.nesodd1.no\/wp-content\/uploads\/2023\/06\/350820182_2320316011508337_8937122763284014771_n.jpg?resize=300%2C225&#038;ssl=1\" alt=\"\" width=\"300\" height=\"225\" srcset=\"https:\/\/i0.wp.com\/pequod.nesodd1.no\/wp-content\/uploads\/2023\/06\/350820182_2320316011508337_8937122763284014771_n.jpg?resize=300%2C225&amp;ssl=1 300w, https:\/\/i0.wp.com\/pequod.nesodd1.no\/wp-content\/uploads\/2023\/06\/350820182_2320316011508337_8937122763284014771_n.jpg?resize=100%2C75&amp;ssl=1 100w, https:\/\/i0.wp.com\/pequod.nesodd1.no\/wp-content\/uploads\/2023\/06\/350820182_2320316011508337_8937122763284014771_n.jpg?resize=768%2C576&amp;ssl=1 768w, https:\/\/i0.wp.com\/pequod.nesodd1.no\/wp-content\/uploads\/2023\/06\/350820182_2320316011508337_8937122763284014771_n.jpg?w=960&amp;ssl=1 960w\" sizes=\"auto, (max-width: 300px) 100vw, 300px\" \/><\/a>Gjesteplassene er p\u00e5 utsiden av flytebryggene og kan v\u00e6re noe utsatt for passerende trafikk, bortsett fra den s\u00f8rligste motsatt av den ene kaia med sittebenker. Kaia er litt h\u00f8y og egner seg ikke for sm\u00e5b\u00e5ter. Det er ogs\u00e5 noen gjesteplasser p\u00e5 kaia helt innerst i s\u00f8r\u00f8st, da m\u00e5 du dra rundt hele flytebryggeanlegget. Dybdemessig er vel ikke sistnevnte egnet for seilb\u00e5ter.<\/p>\n<p>Jeg la meg p\u00e5 utsiden av den mest utsatte flytebryggen rett og slett fordi det var det beste og enkleste for meg \u00e5 gj\u00f8re p\u00e5 grunn av vindretningen og som aleneskipper. Heldigvis var det relativt liten trafikk p\u00e5 utsiden mens jeg l\u00e5 der, og de fleste fulgte fartsgrensen, s\u00e5 det gikk helt greit.<\/p>\n<p>V\u00e6r oppmerksom p\u00e5 at opplysningene p\u00e5 hjemmesidene ikke er helt oppdaterte. Betaling skjer ved Mooringo-appen, ikke GoMarina, og det er et pristillegg for str\u00f8m, selv om det st\u00e5r p\u00e5 nettsidene at det er inkludert. Man f\u00e5r en kode til porten n\u00e5r man har betalt, men den fungerte ikke da jeg l\u00e5 der, s\u00e5 den var \u00e5pen hele tiden. Det st\u00e5r ogs\u00e5 at det er s\u00f8ppelkasser p\u00e5 omr\u00e5det, men det sto oppslag om at det for tiden ikke var mulig \u00e5 t\u00f8mme s\u00f8ppel. Var visst noen utfordringer med \u00e5 f\u00e5 hentet og t\u00f8mt.<\/p>\n<p>Litt sparsomt med str\u00f8mstolper, s\u00e5 det er en god ide \u00e5 v\u00e6re forberedt p\u00e5 skj\u00f8ting eller \u00e5 ha en lang kabel.<\/p>\n<p>Uansett i en rimelig prisklasse og et helt greit sted \u00e5 legge seg for en hvil! I alle fall hvis man ikke har behov for noe annet enn en overnatting. Sparsomt med fasiliteter og ingen butikker eller kollektivtrafikk i n\u00e6rheten. Rundt 3 kilometer \u00e5 g\u00e5 til Dr\u00f8bak sentrum. Blir vel rundt en time til fots, avhengig av tempo, form og om du har begge bena tilgjengelig&#8230;<\/p>\n<p>Men idylliske omgivelser og stille og rolig.<\/p>\n<p><a href=\"https:\/\/i0.wp.com\/pequod.nesodd1.no\/wp-content\/uploads\/2023\/06\/350821125_273261715192546_8398158448884393918_n.jpg?ssl=1\"><img data-recalc-dims=\"1\" loading=\"lazy\" decoding=\"async\" data-attachment-id=\"26981\" data-permalink=\"https:\/\/pequod.nesodd1.no\/?attachment_id=26981\" data-orig-file=\"https:\/\/i0.wp.com\/pequod.nesodd1.no\/wp-content\/uploads\/2023\/06\/350821125_273261715192546_8398158448884393918_n.jpg?fit=960%2C720&amp;ssl=1\" data-orig-size=\"960,720\" data-comments-opened=\"1\" data-image-meta=\"{&quot;aperture&quot;:&quot;0&quot;,&quot;credit&quot;:&quot;&quot;,&quot;camera&quot;:&quot;&quot;,&quot;caption&quot;:&quot;&quot;,&quot;created_timestamp&quot;:&quot;0&quot;,&quot;copyright&quot;:&quot;&quot;,&quot;focal_length&quot;:&quot;0&quot;,&quot;iso&quot;:&quot;0&quot;,&quot;shutter_speed&quot;:&quot;0&quot;,&quot;title&quot;:&quot;&quot;,&quot;orientation&quot;:&quot;1&quot;}\" data-image-title=\"350821125_273261715192546_8398158448884393918_n\" data-image-description=\"&lt;p&gt;Gylteholmen, Dr\u00f8bak&lt;\/p&gt;\n\" data-image-caption=\"\" data-large-file=\"https:\/\/i0.wp.com\/pequod.nesodd1.no\/wp-content\/uploads\/2023\/06\/350821125_273261715192546_8398158448884393918_n.jpg?fit=940%2C705&amp;ssl=1\" class=\"aligncenter size-full wp-image-26981\" src=\"https:\/\/i0.wp.com\/pequod.nesodd1.no\/wp-content\/uploads\/2023\/06\/350821125_273261715192546_8398158448884393918_n.jpg?resize=940%2C705&#038;ssl=1\" alt=\"\" width=\"940\" height=\"705\" srcset=\"https:\/\/i0.wp.com\/pequod.nesodd1.no\/wp-content\/uploads\/2023\/06\/350821125_273261715192546_8398158448884393918_n.jpg?w=960&amp;ssl=1 960w, https:\/\/i0.wp.com\/pequod.nesodd1.no\/wp-content\/uploads\/2023\/06\/350821125_273261715192546_8398158448884393918_n.jpg?resize=300%2C225&amp;ssl=1 300w, https:\/\/i0.wp.com\/pequod.nesodd1.no\/wp-content\/uploads\/2023\/06\/350821125_273261715192546_8398158448884393918_n.jpg?resize=100%2C75&amp;ssl=1 100w, https:\/\/i0.wp.com\/pequod.nesodd1.no\/wp-content\/uploads\/2023\/06\/350821125_273261715192546_8398158448884393918_n.jpg?resize=768%2C576&amp;ssl=1 768w\" sizes=\"auto, (max-width: 940px) 100vw, 940px\" \/><\/a><\/p>\n<h3>Related Images:<\/h3>","protected":false},"excerpt":{"rendered":"<p>Vurdering (5 anker er best):&nbsp; Posisjon: 59\u00b0 41.159&#8242; N 10\u00b0 37.294&#8242; E Antall bes\u00f8k: 1 Sist bes\u00f8kt:&nbsp;Juni 2023 Hjemmeside (Ikke helt oppdatert) Fasiliteter:&nbsp; Str\u00f8m, vann, s\u00f8ppel, utedo. Sittebenker. Havneavgift (for 29-foter): 100 NOK, pluss 50 NOK for str\u00f8m og 15 NOK i tjenestetillegg, alts\u00e5 totalt 165,- Betales via appen Mooringo, som vel skal ha de &hellip;<br \/><a href=\"https:\/\/pequod.nesodd1.no\/?page_id=26976\" class=\"more-link pen_element_default pen_icon_arrow_double\">Les<\/a><\/p>\n","protected":false},"author":1,"featured_media":26979,"parent":20168,"menu_order":0,"comment_status":"closed","ping_status":"closed","template":"","meta":{"_crdt_document":"","ngg_post_thumbnail":0,"jetpack_post_was_ever_published":false,"footnotes":""},"class_list":["post-26976","page","type-page","status-publish","has-post-thumbnail","hentry"],"jetpack_shortlink":"https:\/\/wp.me\/P3Zd9b-716","jetpack_sharing_enabled":true,"jetpack_likes_enabled":true,"jetpack-related-posts":[],"_links":{"self":[{"href":"https:\/\/pequod.nesodd1.no\/index.php?rest_route=\/wp\/v2\/pages\/26976","targetHints":{"allow":["GET"]}}],"collection":[{"href":"https:\/\/pequod.nesodd1.no\/index.php?rest_route=\/wp\/v2\/pages"}],"about":[{"href":"https:\/\/pequod.nesodd1.no\/index.php?rest_route=\/wp\/v2\/types\/page"}],"author":[{"embeddable":true,"href":"https:\/\/pequod.nesodd1.no\/index.php?rest_route=\/wp\/v2\/users\/1"}],"replies":[{"embeddable":true,"href":"https:\/\/pequod.nesodd1.no\/index.php?rest_route=%2Fwp%2Fv2%2Fcomments&post=26976"}],"version-history":[{"count":3,"href":"https:\/\/pequod.nesodd1.no\/index.php?rest_route=\/wp\/v2\/pages\/26976\/revisions"}],"predecessor-version":[{"id":26982,"href":"https:\/\/pequod.nesodd1.no\/index.php?rest_route=\/wp\/v2\/pages\/26976\/revisions\/26982"}],"up":[{"embeddable":true,"href":"https:\/\/pequod.nesodd1.no\/index.php?rest_route=\/wp\/v2\/pages\/20168"}],"wp:featuredmedia":[{"embeddable":true,"href":"https:\/\/pequod.nesodd1.no\/index.php?rest_route=\/wp\/v2\/media\/26979"}],"wp:attachment":[{"href":"https:\/\/pequod.nesodd1.no\/index.php?rest_route=%2Fwp%2Fv2%2Fmedia&parent=26976"}],"curies":[{"name":"wp","href":"https:\/\/api.w.org\/{rel}","templated":true}]}}