{"id":2702,"date":"2014-04-30T09:34:50","date_gmt":"2014-04-30T07:34:50","guid":{"rendered":"https:\/\/pequod.nesodd1.no\/?page_id=2702"},"modified":"2014-11-30T06:24:43","modified_gmt":"2014-11-30T05:24:43","slug":"pa-vei-hjem-etter-nattjobbing","status":"publish","type":"page","link":"https:\/\/pequod.nesodd1.no\/?page_id=2702","title":{"rendered":"P\u00e5 vei hjem etter nattjobbing"},"content":{"rendered":"<p>Disse bildene ble tatt i forbindelse med at jeg klarte \u00e5 miste ferga mi fra Nesodden og til Oslo i p\u00e5sken. For \u00e5 ikke komme for sent til jobb valgte jeg \u00e5 ta min egen b\u00e5t til jobben, fort\u00f8ye utenfor og dra hjem dagen etter. Mesteparten av bildene er fra hjemturen tidlig p\u00e5 morgenen.<\/p>\n\n            <!-- Blueimp gallery -->\n            <div id=\"blueimp-gallery-6349\" class=\"blueimp-gallery blueimp-gallery-controls\">\n                <div class=\"slides\"><\/div>\n                <h3 class=\"title\"><\/h3>\n                <a class=\"prev\">\u2039<\/a>\n                <a class=\"next\">\u203a<\/a>\n                <a class=\"close\">\u00d7<\/a>\n                <a class=\"play-pause\"><\/a>\n                <ol class=\"indicator\"><\/ol>\n                <div class=\"modal fade\">\n                    <div class=\"modal-dialog\">\n                        <div class=\"modal-content\">\n                            <div class=\"modal-header\">\n                                <button type=\"button\" class=\"close\" aria-hidden=\"true\">\u00d7<\/button>\n                                <h4 class=\"modal-title\"><\/h4>\n                            <\/div>\n                            <div class=\"modal-body next\"><\/div>\n                            <div class=\"modal-footer\">\n                                <button type=\"button\" class=\"btn btn-default pull-left prev\">\n                                    <i class=\"glyphicon glyphicon-chevron-left\"><\/i>\n                                    Previous                                <\/button>\n                                <button type=\"button\" class=\"btn btn-primary next\">\n                                    Next                                    <i class=\"glyphicon glyphicon-chevron-right\"><\/i>\n                                <\/button>\n                            <\/div>\n                        <\/div>\n                    <\/div>\n                <\/div>\n            <\/div>\n\n            <script data-jetpack-boost=\"ignore\" type=\"text\/javascript\">\n            jQuery(function() {\n                jQuery.extend(blueimp.Gallery.prototype.options, {\n                    useBootstrapModal: false,\n                    hidePageScrollbars: false,\n                    container: \"#blueimp-gallery-6349\",\n                });\n            });\n            <\/script>\n\n            \n<h3>Related Images:<\/h3>","protected":false},"excerpt":{"rendered":"<p>Disse bildene ble tatt i forbindelse med at jeg klarte \u00e5 miste ferga mi fra Nesodden og til Oslo i p\u00e5sken. For \u00e5 ikke komme for sent til jobb valgte jeg \u00e5 ta min egen b\u00e5t til jobben, fort\u00f8ye utenfor og dra hjem dagen etter. Mesteparten av bildene er fra hjemturen tidlig p\u00e5 morgenen. Related &hellip;<br \/><a href=\"https:\/\/pequod.nesodd1.no\/?p=6349\" class=\"more-link pen_element_default pen_icon_arrow_double\">Les<\/a><\/p>\n","protected":false},"author":1,"featured_media":0,"parent":1708,"menu_order":0,"comment_status":"open","ping_status":"open","template":"","meta":{"_crdt_document":"","ngg_post_thumbnail":0,"jetpack_post_was_ever_published":false,"footnotes":""},"class_list":["post-2702","page","type-page","status-publish","hentry"],"jetpack_shortlink":"https:\/\/wp.me\/P3Zd9b-HA","jetpack_sharing_enabled":true,"jetpack_likes_enabled":true,"jetpack-related-posts":[],"_links":{"self":[{"href":"https:\/\/pequod.nesodd1.no\/index.php?rest_route=\/wp\/v2\/pages\/2702","targetHints":{"allow":["GET"]}}],"collection":[{"href":"https:\/\/pequod.nesodd1.no\/index.php?rest_route=\/wp\/v2\/pages"}],"about":[{"href":"https:\/\/pequod.nesodd1.no\/index.php?rest_route=\/wp\/v2\/types\/page"}],"author":[{"embeddable":true,"href":"https:\/\/pequod.nesodd1.no\/index.php?rest_route=\/wp\/v2\/users\/1"}],"replies":[{"embeddable":true,"href":"https:\/\/pequod.nesodd1.no\/index.php?rest_route=%2Fwp%2Fv2%2Fcomments&post=2702"}],"version-history":[{"count":3,"href":"https:\/\/pequod.nesodd1.no\/index.php?rest_route=\/wp\/v2\/pages\/2702\/revisions"}],"predecessor-version":[{"id":6350,"href":"https:\/\/pequod.nesodd1.no\/index.php?rest_route=\/wp\/v2\/pages\/2702\/revisions\/6350"}],"up":[{"embeddable":true,"href":"https:\/\/pequod.nesodd1.no\/index.php?rest_route=\/wp\/v2\/pages\/1708"}],"wp:attachment":[{"href":"https:\/\/pequod.nesodd1.no\/index.php?rest_route=%2Fwp%2Fv2%2Fmedia&parent=2702"}],"curies":[{"name":"wp","href":"https:\/\/api.w.org\/{rel}","templated":true}]}}