{"id":28118,"date":"2024-03-08T13:59:17","date_gmt":"2024-03-08T12:59:17","guid":{"rendered":"https:\/\/pequod.nesodd1.no\/?page_id=28118"},"modified":"2024-03-08T14:02:00","modified_gmt":"2024-03-08T13:02:00","slug":"saelor","status":"publish","type":"page","link":"https:\/\/pequod.nesodd1.no\/?page_id=28118","title":{"rendered":"S\u00e6l\u00f8r"},"content":{"rendered":"<p><strong>Vurdering (5 anker er best)<\/strong>:&nbsp;<a href=\"https:\/\/i0.wp.com\/pequod.nesodd1.no\/wp-content\/uploads\/2019\/10\/klistremerker-anker-og-tau-design.jpg.jpg?ssl=1\"><img loading=\"lazy\" decoding=\"async\" data-attachment-id=\"16489\" data-permalink=\"https:\/\/pequod.nesodd1.no\/?attachment_id=16489\" data-orig-file=\"https:\/\/i0.wp.com\/pequod.nesodd1.no\/wp-content\/uploads\/2019\/10\/klistremerker-anker-og-tau-design.jpg.jpg?fit=25%2C25&amp;ssl=1\" data-orig-size=\"25,25\" data-comments-opened=\"1\" data-image-meta=\"{&quot;aperture&quot;:&quot;0&quot;,&quot;credit&quot;:&quot;tribalium81&quot;,&quot;camera&quot;:&quot;&quot;,&quot;caption&quot;:&quot;&quot;,&quot;created_timestamp&quot;:&quot;0&quot;,&quot;copyright&quot;:&quot;tribalium81&quot;,&quot;focal_length&quot;:&quot;0&quot;,&quot;iso&quot;:&quot;0&quot;,&quot;shutter_speed&quot;:&quot;0&quot;,&quot;title&quot;:&quot;anchor and rope design&quot;,&quot;orientation&quot;:&quot;1&quot;}\" data-image-title=\"anchor and rope design\" data-image-description=\"\" data-image-caption=\"\" data-large-file=\"https:\/\/i0.wp.com\/pequod.nesodd1.no\/wp-content\/uploads\/2019\/10\/klistremerker-anker-og-tau-design.jpg.jpg?fit=25%2C25&amp;ssl=1\" class=\"alignnone size-full wp-image-16489 jetpack-lazy-image jetpack-lazy-image--handled\" src=\"https:\/\/i0.wp.com\/pequod.nesodd1.no\/wp-content\/uploads\/2019\/10\/klistremerker-anker-og-tau-design.jpg.jpg?resize=25%2C25&amp;ssl=1\" alt=\"\" width=\"25\" height=\"25\" data-attachment-id=\"16489\" data-permalink=\"https:\/\/pequod.nesodd1.no\/?attachment_id=16489\" data-orig-file=\"https:\/\/i0.wp.com\/pequod.nesodd1.no\/wp-content\/uploads\/2019\/10\/klistremerker-anker-og-tau-design.jpg.jpg?fit=25%2C25&amp;ssl=1\" data-orig-size=\"25,25\" data-comments-opened=\"1\" data-image-meta=\"{&quot;aperture&quot;:&quot;0&quot;,&quot;credit&quot;:&quot;tribalium81&quot;,&quot;camera&quot;:&quot;&quot;,&quot;caption&quot;:&quot;&quot;,&quot;created_timestamp&quot;:&quot;0&quot;,&quot;copyright&quot;:&quot;tribalium81&quot;,&quot;focal_length&quot;:&quot;0&quot;,&quot;iso&quot;:&quot;0&quot;,&quot;shutter_speed&quot;:&quot;0&quot;,&quot;title&quot;:&quot;anchor and rope design&quot;,&quot;orientation&quot;:&quot;1&quot;}\" data-image-title=\"anchor and rope design\" data-image-description=\"\" data-image-caption=\"\" data-medium-file=\"https:\/\/i0.wp.com\/pequod.nesodd1.no\/wp-content\/uploads\/2019\/10\/klistremerker-anker-og-tau-design.jpg.jpg?fit=25%2C25&amp;ssl=1\" data-large-file=\"https:\/\/i0.wp.com\/pequod.nesodd1.no\/wp-content\/uploads\/2019\/10\/klistremerker-anker-og-tau-design.jpg.jpg?fit=25%2C25&amp;ssl=1\" data-lazy-loaded=\"1\"><\/a><a href=\"https:\/\/i0.wp.com\/pequod.nesodd1.no\/wp-content\/uploads\/2019\/10\/klistremerker-anker-og-tau-design.jpg.jpg?ssl=1\"><img loading=\"lazy\" decoding=\"async\" data-attachment-id=\"16489\" data-permalink=\"https:\/\/pequod.nesodd1.no\/?attachment_id=16489\" data-orig-file=\"https:\/\/i0.wp.com\/pequod.nesodd1.no\/wp-content\/uploads\/2019\/10\/klistremerker-anker-og-tau-design.jpg.jpg?fit=25%2C25&amp;ssl=1\" data-orig-size=\"25,25\" data-comments-opened=\"1\" data-image-meta=\"{&quot;aperture&quot;:&quot;0&quot;,&quot;credit&quot;:&quot;tribalium81&quot;,&quot;camera&quot;:&quot;&quot;,&quot;caption&quot;:&quot;&quot;,&quot;created_timestamp&quot;:&quot;0&quot;,&quot;copyright&quot;:&quot;tribalium81&quot;,&quot;focal_length&quot;:&quot;0&quot;,&quot;iso&quot;:&quot;0&quot;,&quot;shutter_speed&quot;:&quot;0&quot;,&quot;title&quot;:&quot;anchor and rope design&quot;,&quot;orientation&quot;:&quot;1&quot;}\" data-image-title=\"anchor and rope design\" data-image-description=\"\" data-image-caption=\"\" data-large-file=\"https:\/\/i0.wp.com\/pequod.nesodd1.no\/wp-content\/uploads\/2019\/10\/klistremerker-anker-og-tau-design.jpg.jpg?fit=25%2C25&amp;ssl=1\" class=\"alignnone size-full wp-image-16489 jetpack-lazy-image jetpack-lazy-image--handled\" src=\"https:\/\/i0.wp.com\/pequod.nesodd1.no\/wp-content\/uploads\/2019\/10\/klistremerker-anker-og-tau-design.jpg.jpg?resize=25%2C25&amp;ssl=1\" alt=\"\" width=\"25\" height=\"25\" data-attachment-id=\"16489\" data-permalink=\"https:\/\/pequod.nesodd1.no\/?attachment_id=16489\" data-orig-file=\"https:\/\/i0.wp.com\/pequod.nesodd1.no\/wp-content\/uploads\/2019\/10\/klistremerker-anker-og-tau-design.jpg.jpg?fit=25%2C25&amp;ssl=1\" data-orig-size=\"25,25\" data-comments-opened=\"1\" data-image-meta=\"{&quot;aperture&quot;:&quot;0&quot;,&quot;credit&quot;:&quot;tribalium81&quot;,&quot;camera&quot;:&quot;&quot;,&quot;caption&quot;:&quot;&quot;,&quot;created_timestamp&quot;:&quot;0&quot;,&quot;copyright&quot;:&quot;tribalium81&quot;,&quot;focal_length&quot;:&quot;0&quot;,&quot;iso&quot;:&quot;0&quot;,&quot;shutter_speed&quot;:&quot;0&quot;,&quot;title&quot;:&quot;anchor and rope design&quot;,&quot;orientation&quot;:&quot;1&quot;}\" data-image-title=\"anchor and rope design\" data-image-description=\"\" data-image-caption=\"\" data-medium-file=\"https:\/\/i0.wp.com\/pequod.nesodd1.no\/wp-content\/uploads\/2019\/10\/klistremerker-anker-og-tau-design.jpg.jpg?fit=25%2C25&amp;ssl=1\" data-large-file=\"https:\/\/i0.wp.com\/pequod.nesodd1.no\/wp-content\/uploads\/2019\/10\/klistremerker-anker-og-tau-design.jpg.jpg?fit=25%2C25&amp;ssl=1\" data-lazy-loaded=\"1\"><\/a><br \/>\n<strong>Posisjon:<\/strong> 58\u00b0 0.457&#8242; N 6\u00b0 59.977&#8242; E<br \/>\n<strong>Antall bes\u00f8k:<\/strong>&nbsp;1&nbsp;<strong>Sist bes\u00f8kt:<\/strong> September 2023<br \/>\n<strong>Fasiliteter:<\/strong> Ingen, s\u00e5 vidt jeg kunne se. Grillmuligheter. Benker.<br \/>\n<strong>Havneavgift:<\/strong>&nbsp;Nei.<br \/>\n<strong>Fort\u00f8yning:<\/strong> Langsides, baug og anker.&nbsp;<br \/>\n<strong>Tilrettelagt for funksjonshemmede:<\/strong> Nei.&nbsp;<\/p>\n<p>Kj\u00e6rt barn har mange navn&#8230; S\u00e6l\u00f8r ligger vest for Korshamn i Lyngdal kommune, og g\u00e5r ogs\u00e5 under navnene Seli, S\u00e6l\u00f8, S\u00e6l\u00f8y og S\u00e6l\u00f8er!<\/p>\n<p><a href=\"https:\/\/i0.wp.com\/pequod.nesodd1.no\/wp-content\/uploads\/2023\/09\/376277865_10159264822727032_5950041381318718611_n.jpg.2e2baf2e948e67423fd0c36445f31c01.jpg?ssl=1\"><img data-recalc-dims=\"1\" loading=\"lazy\" decoding=\"async\" data-attachment-id=\"27715\" data-permalink=\"https:\/\/pequod.nesodd1.no\/?attachment_id=27715\" data-orig-file=\"https:\/\/i0.wp.com\/pequod.nesodd1.no\/wp-content\/uploads\/2023\/09\/376277865_10159264822727032_5950041381318718611_n.jpg.2e2baf2e948e67423fd0c36445f31c01.jpg?fit=1000%2C750&amp;ssl=1\" data-orig-size=\"1000,750\" data-comments-opened=\"1\" data-image-meta=\"{&quot;aperture&quot;:&quot;0&quot;,&quot;credit&quot;:&quot;&quot;,&quot;camera&quot;:&quot;&quot;,&quot;caption&quot;:&quot;&quot;,&quot;created_timestamp&quot;:&quot;0&quot;,&quot;copyright&quot;:&quot;&quot;,&quot;focal_length&quot;:&quot;0&quot;,&quot;iso&quot;:&quot;0&quot;,&quot;shutter_speed&quot;:&quot;0&quot;,&quot;title&quot;:&quot;&quot;,&quot;orientation&quot;:&quot;0&quot;}\" data-image-title=\"376277865_10159264822727032_5950041381318718611_n.jpg.2e2baf2e948e67423fd0c36445f31c01\" data-image-description=\"&lt;p&gt;S\u00e6l\u00f8r, Agder&lt;\/p&gt;\n\" data-image-caption=\"\" data-large-file=\"https:\/\/i0.wp.com\/pequod.nesodd1.no\/wp-content\/uploads\/2023\/09\/376277865_10159264822727032_5950041381318718611_n.jpg.2e2baf2e948e67423fd0c36445f31c01.jpg?fit=940%2C705&amp;ssl=1\" class=\"alignleft wp-image-27715 size-medium\" src=\"https:\/\/i0.wp.com\/pequod.nesodd1.no\/wp-content\/uploads\/2023\/09\/376277865_10159264822727032_5950041381318718611_n.jpg.2e2baf2e948e67423fd0c36445f31c01.jpg?resize=300%2C225&#038;ssl=1\" alt=\"\" width=\"300\" height=\"225\" srcset=\"https:\/\/i0.wp.com\/pequod.nesodd1.no\/wp-content\/uploads\/2023\/09\/376277865_10159264822727032_5950041381318718611_n.jpg.2e2baf2e948e67423fd0c36445f31c01.jpg?resize=300%2C225&amp;ssl=1 300w, https:\/\/i0.wp.com\/pequod.nesodd1.no\/wp-content\/uploads\/2023\/09\/376277865_10159264822727032_5950041381318718611_n.jpg.2e2baf2e948e67423fd0c36445f31c01.jpg?resize=100%2C75&amp;ssl=1 100w, https:\/\/i0.wp.com\/pequod.nesodd1.no\/wp-content\/uploads\/2023\/09\/376277865_10159264822727032_5950041381318718611_n.jpg.2e2baf2e948e67423fd0c36445f31c01.jpg?resize=768%2C576&amp;ssl=1 768w, https:\/\/i0.wp.com\/pequod.nesodd1.no\/wp-content\/uploads\/2023\/09\/376277865_10159264822727032_5950041381318718611_n.jpg.2e2baf2e948e67423fd0c36445f31c01.jpg?w=1000&amp;ssl=1 1000w\" sizes=\"auto, (max-width: 300px) 100vw, 300px\" \/><\/a>Stedet er en gammel fiskehavn, og s\u00e5 vidt jeg ikke vet er det ikke lenger noen fastboende der.<\/p>\n<p>Det er enkelt og ukomplisert, ingen fasiliteter og dermed \u00e5 regne som en uthavn, eller n\u00e6rmere bestemt en litt tilrettelagt uthavn.<\/p>\n<p>Innerst i havnebassenget er det en brygge der man legger til med baug inn og anker ut, eller feste i b\u00f8yer. Det er ogs\u00e5 en brygge p\u00e5 s\u00f8rsiden(til babord), de rman kan legge til med mindre b\u00e5ter.<\/p>\n<p>I tillegg er det en kommunal betongbrygge p\u00e5 s\u00f8rsiden n\u00e5r man kommer inn (til din babord side), der man ogs\u00e5 kan legge til.<\/p>\n<p><a href=\"https:\/\/i0.wp.com\/pequod.nesodd1.no\/wp-content\/uploads\/2023\/09\/376266586_10159264823657032_4236588890074990093_n.jpg.1af6d7047ee90712395f03f8ecae636f.jpg?ssl=1\"><img data-recalc-dims=\"1\" loading=\"lazy\" decoding=\"async\" data-attachment-id=\"27714\" data-permalink=\"https:\/\/pequod.nesodd1.no\/?attachment_id=27714\" data-orig-file=\"https:\/\/i0.wp.com\/pequod.nesodd1.no\/wp-content\/uploads\/2023\/09\/376266586_10159264823657032_4236588890074990093_n.jpg.1af6d7047ee90712395f03f8ecae636f.jpg?fit=1000%2C750&amp;ssl=1\" data-orig-size=\"1000,750\" data-comments-opened=\"1\" data-image-meta=\"{&quot;aperture&quot;:&quot;0&quot;,&quot;credit&quot;:&quot;&quot;,&quot;camera&quot;:&quot;&quot;,&quot;caption&quot;:&quot;&quot;,&quot;created_timestamp&quot;:&quot;0&quot;,&quot;copyright&quot;:&quot;&quot;,&quot;focal_length&quot;:&quot;0&quot;,&quot;iso&quot;:&quot;0&quot;,&quot;shutter_speed&quot;:&quot;0&quot;,&quot;title&quot;:&quot;&quot;,&quot;orientation&quot;:&quot;0&quot;}\" data-image-title=\"376266586_10159264823657032_4236588890074990093_n.jpg.1af6d7047ee90712395f03f8ecae636f\" data-image-description=\"&lt;p&gt;S\u00e6l\u00f8r, Agder&lt;\/p&gt;\n\" data-image-caption=\"\" data-large-file=\"https:\/\/i0.wp.com\/pequod.nesodd1.no\/wp-content\/uploads\/2023\/09\/376266586_10159264823657032_4236588890074990093_n.jpg.1af6d7047ee90712395f03f8ecae636f.jpg?fit=940%2C705&amp;ssl=1\" class=\"wp-image-27714 size-medium alignright\" src=\"https:\/\/i0.wp.com\/pequod.nesodd1.no\/wp-content\/uploads\/2023\/09\/376266586_10159264823657032_4236588890074990093_n.jpg.1af6d7047ee90712395f03f8ecae636f.jpg?resize=300%2C225&#038;ssl=1\" alt=\"\" width=\"300\" height=\"225\" srcset=\"https:\/\/i0.wp.com\/pequod.nesodd1.no\/wp-content\/uploads\/2023\/09\/376266586_10159264823657032_4236588890074990093_n.jpg.1af6d7047ee90712395f03f8ecae636f.jpg?resize=300%2C225&amp;ssl=1 300w, https:\/\/i0.wp.com\/pequod.nesodd1.no\/wp-content\/uploads\/2023\/09\/376266586_10159264823657032_4236588890074990093_n.jpg.1af6d7047ee90712395f03f8ecae636f.jpg?resize=100%2C75&amp;ssl=1 100w, https:\/\/i0.wp.com\/pequod.nesodd1.no\/wp-content\/uploads\/2023\/09\/376266586_10159264823657032_4236588890074990093_n.jpg.1af6d7047ee90712395f03f8ecae636f.jpg?resize=768%2C576&amp;ssl=1 768w, https:\/\/i0.wp.com\/pequod.nesodd1.no\/wp-content\/uploads\/2023\/09\/376266586_10159264823657032_4236588890074990093_n.jpg.1af6d7047ee90712395f03f8ecae636f.jpg?w=1000&amp;ssl=1 1000w\" sizes=\"auto, (max-width: 300px) 100vw, 300px\" \/><\/a>&#8211; Det har ikke g\u00e5tt ruteb\u00e5t hit p\u00e5 i alle fall ti \u00e5r, sa en beboer til meg da jeg la til der.<\/p>\n<p>Stedet er ganske s\u00e5 idyllisk og har en lang og rik historie med bes\u00f8k av mange kongelige. I september var jeg ogs\u00e5 alene der.<\/p>\n<p>Det er et utsiktspunkt ved losutkikken p\u00e5 nordsiden, men jeg m\u00e5tte gi opp \u00e5 komme dit etter \u00e5 ha kommet meg opp den bratte trappa. Med krykke og alene ble jeg usikker om jeg vil komme meg b\u00e5de opp og ned igjen den bratte bakken som avl\u00f8ste trappa, s\u00e5 jeg valgte \u00e5 g\u00e5 ned igjen.<\/p>\n<p>Et idyllisk sted som n\u00e5 kun huser sommergjester, og et sted jeg gjerne kommer tilbake til neste gang jeg er i dette omr\u00e5det.<\/p>\n<p><a href=\"https:\/\/i0.wp.com\/pequod.nesodd1.no\/wp-content\/uploads\/2023\/09\/376735674_10159264824277032_8627198811620482231_n.jpg.6435e167a5566ad5b5e271d66e57ae0e.jpg?ssl=1\"><img data-recalc-dims=\"1\" loading=\"lazy\" decoding=\"async\" data-attachment-id=\"27706\" data-permalink=\"https:\/\/pequod.nesodd1.no\/?attachment_id=27706\" data-orig-file=\"https:\/\/i0.wp.com\/pequod.nesodd1.no\/wp-content\/uploads\/2023\/09\/376735674_10159264824277032_8627198811620482231_n.jpg.6435e167a5566ad5b5e271d66e57ae0e.jpg?fit=1000%2C750&amp;ssl=1\" data-orig-size=\"1000,750\" data-comments-opened=\"1\" data-image-meta=\"{&quot;aperture&quot;:&quot;0&quot;,&quot;credit&quot;:&quot;&quot;,&quot;camera&quot;:&quot;&quot;,&quot;caption&quot;:&quot;&quot;,&quot;created_timestamp&quot;:&quot;0&quot;,&quot;copyright&quot;:&quot;&quot;,&quot;focal_length&quot;:&quot;0&quot;,&quot;iso&quot;:&quot;0&quot;,&quot;shutter_speed&quot;:&quot;0&quot;,&quot;title&quot;:&quot;&quot;,&quot;orientation&quot;:&quot;0&quot;}\" data-image-title=\"376735674_10159264824277032_8627198811620482231_n.jpg.6435e167a5566ad5b5e271d66e57ae0e\" data-image-description=\"&lt;p&gt;S\u00e6l\u00f8r, Agder&lt;\/p&gt;\n\" data-image-caption=\"\" data-large-file=\"https:\/\/i0.wp.com\/pequod.nesodd1.no\/wp-content\/uploads\/2023\/09\/376735674_10159264824277032_8627198811620482231_n.jpg.6435e167a5566ad5b5e271d66e57ae0e.jpg?fit=940%2C705&amp;ssl=1\" class=\"aligncenter size-full wp-image-27706\" src=\"https:\/\/i0.wp.com\/pequod.nesodd1.no\/wp-content\/uploads\/2023\/09\/376735674_10159264824277032_8627198811620482231_n.jpg.6435e167a5566ad5b5e271d66e57ae0e.jpg?resize=940%2C705&#038;ssl=1\" alt=\"\" width=\"940\" height=\"705\" srcset=\"https:\/\/i0.wp.com\/pequod.nesodd1.no\/wp-content\/uploads\/2023\/09\/376735674_10159264824277032_8627198811620482231_n.jpg.6435e167a5566ad5b5e271d66e57ae0e.jpg?w=1000&amp;ssl=1 1000w, https:\/\/i0.wp.com\/pequod.nesodd1.no\/wp-content\/uploads\/2023\/09\/376735674_10159264824277032_8627198811620482231_n.jpg.6435e167a5566ad5b5e271d66e57ae0e.jpg?resize=300%2C225&amp;ssl=1 300w, https:\/\/i0.wp.com\/pequod.nesodd1.no\/wp-content\/uploads\/2023\/09\/376735674_10159264824277032_8627198811620482231_n.jpg.6435e167a5566ad5b5e271d66e57ae0e.jpg?resize=100%2C75&amp;ssl=1 100w, https:\/\/i0.wp.com\/pequod.nesodd1.no\/wp-content\/uploads\/2023\/09\/376735674_10159264824277032_8627198811620482231_n.jpg.6435e167a5566ad5b5e271d66e57ae0e.jpg?resize=768%2C576&amp;ssl=1 768w\" sizes=\"auto, (max-width: 940px) 100vw, 940px\" \/><\/a><\/p>\n<h3>Related Images:<\/h3>","protected":false},"excerpt":{"rendered":"<p>Vurdering (5 anker er best):&nbsp; Posisjon: 58\u00b0 0.457&#8242; N 6\u00b0 59.977&#8242; E Antall bes\u00f8k:&nbsp;1&nbsp;Sist bes\u00f8kt: September 2023 Fasiliteter: Ingen, s\u00e5 vidt jeg kunne se. Grillmuligheter. Benker. Havneavgift:&nbsp;Nei. Fort\u00f8yning: Langsides, baug og anker.&nbsp; Tilrettelagt for funksjonshemmede: Nei.&nbsp; Kj\u00e6rt barn har mange navn&#8230; S\u00e6l\u00f8r ligger vest for Korshamn i Lyngdal kommune, og g\u00e5r ogs\u00e5 under navnene Seli, &hellip;<br \/><a href=\"https:\/\/pequod.nesodd1.no\/?page_id=28118\" class=\"more-link pen_element_default pen_icon_arrow_double\">Les<\/a><\/p>\n","protected":false},"author":1,"featured_media":27709,"parent":5493,"menu_order":0,"comment_status":"closed","ping_status":"closed","template":"","meta":{"_crdt_document":"","ngg_post_thumbnail":0,"jetpack_post_was_ever_published":false,"footnotes":""},"class_list":["post-28118","page","type-page","status-publish","has-post-thumbnail","hentry"],"jetpack_shortlink":"https:\/\/wp.me\/P3Zd9b-7jw","jetpack_sharing_enabled":true,"jetpack_likes_enabled":true,"jetpack-related-posts":[],"_links":{"self":[{"href":"https:\/\/pequod.nesodd1.no\/index.php?rest_route=\/wp\/v2\/pages\/28118","targetHints":{"allow":["GET"]}}],"collection":[{"href":"https:\/\/pequod.nesodd1.no\/index.php?rest_route=\/wp\/v2\/pages"}],"about":[{"href":"https:\/\/pequod.nesodd1.no\/index.php?rest_route=\/wp\/v2\/types\/page"}],"author":[{"embeddable":true,"href":"https:\/\/pequod.nesodd1.no\/index.php?rest_route=\/wp\/v2\/users\/1"}],"replies":[{"embeddable":true,"href":"https:\/\/pequod.nesodd1.no\/index.php?rest_route=%2Fwp%2Fv2%2Fcomments&post=28118"}],"version-history":[{"count":2,"href":"https:\/\/pequod.nesodd1.no\/index.php?rest_route=\/wp\/v2\/pages\/28118\/revisions"}],"predecessor-version":[{"id":28122,"href":"https:\/\/pequod.nesodd1.no\/index.php?rest_route=\/wp\/v2\/pages\/28118\/revisions\/28122"}],"up":[{"embeddable":true,"href":"https:\/\/pequod.nesodd1.no\/index.php?rest_route=\/wp\/v2\/pages\/5493"}],"wp:featuredmedia":[{"embeddable":true,"href":"https:\/\/pequod.nesodd1.no\/index.php?rest_route=\/wp\/v2\/media\/27709"}],"wp:attachment":[{"href":"https:\/\/pequod.nesodd1.no\/index.php?rest_route=%2Fwp%2Fv2%2Fmedia&parent=28118"}],"curies":[{"name":"wp","href":"https:\/\/api.w.org\/{rel}","templated":true}]}}