{"id":29888,"date":"2025-03-28T20:39:30","date_gmt":"2025-03-28T19:39:30","guid":{"rendered":"https:\/\/pequod.nesodd1.no\/?page_id=29888"},"modified":"2025-03-28T20:39:38","modified_gmt":"2025-03-28T19:39:38","slug":"furoya-tvedestrand","status":"publish","type":"page","link":"https:\/\/pequod.nesodd1.no\/?page_id=29888","title":{"rendered":"Fur\u00f8ya (Tvedestrand)"},"content":{"rendered":"<p><strong>Vurdering (5 anker er best):&nbsp;<a href=\"https:\/\/i0.wp.com\/pequod.nesodd1.no\/wp-content\/uploads\/2019\/10\/klistremerker-anker-og-tau-design.jpg.jpg?ssl=1\"><img loading=\"lazy\" decoding=\"async\" data-attachment-id=\"16489\" data-permalink=\"https:\/\/pequod.nesodd1.no\/?attachment_id=16489\" data-orig-file=\"https:\/\/i0.wp.com\/pequod.nesodd1.no\/wp-content\/uploads\/2019\/10\/klistremerker-anker-og-tau-design.jpg.jpg?fit=25%2C25&amp;ssl=1\" data-orig-size=\"25,25\" data-comments-opened=\"1\" data-image-meta=\"{&quot;aperture&quot;:&quot;0&quot;,&quot;credit&quot;:&quot;tribalium81&quot;,&quot;camera&quot;:&quot;&quot;,&quot;caption&quot;:&quot;&quot;,&quot;created_timestamp&quot;:&quot;0&quot;,&quot;copyright&quot;:&quot;tribalium81&quot;,&quot;focal_length&quot;:&quot;0&quot;,&quot;iso&quot;:&quot;0&quot;,&quot;shutter_speed&quot;:&quot;0&quot;,&quot;title&quot;:&quot;anchor and rope design&quot;,&quot;orientation&quot;:&quot;1&quot;}\" data-image-title=\"anchor and rope design\" data-image-description=\"\" data-image-caption=\"\" data-large-file=\"https:\/\/i0.wp.com\/pequod.nesodd1.no\/wp-content\/uploads\/2019\/10\/klistremerker-anker-og-tau-design.jpg.jpg?fit=25%2C25&amp;ssl=1\" class=\"alignnone size-full wp-image-16489\" src=\"https:\/\/i0.wp.com\/pequod.nesodd1.no\/wp-content\/uploads\/2019\/10\/klistremerker-anker-og-tau-design.jpg.jpg?resize=25%2C25&amp;ssl=1\" alt=\"\" width=\"25\" height=\"25\" data-recalc-dims=\"1\" data-attachment-id=\"16489\" data-permalink=\"https:\/\/pequod.nesodd1.no\/?attachment_id=16489\" data-orig-file=\"https:\/\/i0.wp.com\/pequod.nesodd1.no\/wp-content\/uploads\/2019\/10\/klistremerker-anker-og-tau-design.jpg.jpg?fit=25%2C25&amp;ssl=1\" data-orig-size=\"25,25\" data-comments-opened=\"1\" data-image-meta=\"{&quot;aperture&quot;:&quot;0&quot;,&quot;credit&quot;:&quot;tribalium81&quot;,&quot;camera&quot;:&quot;&quot;,&quot;caption&quot;:&quot;&quot;,&quot;created_timestamp&quot;:&quot;0&quot;,&quot;copyright&quot;:&quot;tribalium81&quot;,&quot;focal_length&quot;:&quot;0&quot;,&quot;iso&quot;:&quot;0&quot;,&quot;shutter_speed&quot;:&quot;0&quot;,&quot;title&quot;:&quot;anchor and rope design&quot;,&quot;orientation&quot;:&quot;1&quot;}\" data-image-title=\"anchor and rope design\" data-image-description=\"\" data-image-caption=\"\" data-medium-file=\"https:\/\/i0.wp.com\/pequod.nesodd1.no\/wp-content\/uploads\/2019\/10\/klistremerker-anker-og-tau-design.jpg.jpg?fit=25%2C25&amp;ssl=1\" data-large-file=\"https:\/\/i0.wp.com\/pequod.nesodd1.no\/wp-content\/uploads\/2019\/10\/klistremerker-anker-og-tau-design.jpg.jpg?fit=25%2C25&amp;ssl=1\"><\/a><a href=\"https:\/\/i0.wp.com\/pequod.nesodd1.no\/wp-content\/uploads\/2019\/10\/klistremerker-anker-og-tau-design.jpg.jpg?ssl=1\"><img loading=\"lazy\" decoding=\"async\" data-attachment-id=\"16489\" data-permalink=\"https:\/\/pequod.nesodd1.no\/?attachment_id=16489\" data-orig-file=\"https:\/\/i0.wp.com\/pequod.nesodd1.no\/wp-content\/uploads\/2019\/10\/klistremerker-anker-og-tau-design.jpg.jpg?fit=25%2C25&amp;ssl=1\" data-orig-size=\"25,25\" data-comments-opened=\"1\" data-image-meta=\"{&quot;aperture&quot;:&quot;0&quot;,&quot;credit&quot;:&quot;tribalium81&quot;,&quot;camera&quot;:&quot;&quot;,&quot;caption&quot;:&quot;&quot;,&quot;created_timestamp&quot;:&quot;0&quot;,&quot;copyright&quot;:&quot;tribalium81&quot;,&quot;focal_length&quot;:&quot;0&quot;,&quot;iso&quot;:&quot;0&quot;,&quot;shutter_speed&quot;:&quot;0&quot;,&quot;title&quot;:&quot;anchor and rope design&quot;,&quot;orientation&quot;:&quot;1&quot;}\" data-image-title=\"anchor and rope design\" data-image-description=\"\" data-image-caption=\"\" data-large-file=\"https:\/\/i0.wp.com\/pequod.nesodd1.no\/wp-content\/uploads\/2019\/10\/klistremerker-anker-og-tau-design.jpg.jpg?fit=25%2C25&amp;ssl=1\" class=\"alignnone size-full wp-image-16489\" src=\"https:\/\/i0.wp.com\/pequod.nesodd1.no\/wp-content\/uploads\/2019\/10\/klistremerker-anker-og-tau-design.jpg.jpg?resize=25%2C25&amp;ssl=1\" alt=\"\" width=\"25\" height=\"25\" data-recalc-dims=\"1\" data-attachment-id=\"16489\" data-permalink=\"https:\/\/pequod.nesodd1.no\/?attachment_id=16489\" data-orig-file=\"https:\/\/i0.wp.com\/pequod.nesodd1.no\/wp-content\/uploads\/2019\/10\/klistremerker-anker-og-tau-design.jpg.jpg?fit=25%2C25&amp;ssl=1\" data-orig-size=\"25,25\" data-comments-opened=\"1\" data-image-meta=\"{&quot;aperture&quot;:&quot;0&quot;,&quot;credit&quot;:&quot;tribalium81&quot;,&quot;camera&quot;:&quot;&quot;,&quot;caption&quot;:&quot;&quot;,&quot;created_timestamp&quot;:&quot;0&quot;,&quot;copyright&quot;:&quot;tribalium81&quot;,&quot;focal_length&quot;:&quot;0&quot;,&quot;iso&quot;:&quot;0&quot;,&quot;shutter_speed&quot;:&quot;0&quot;,&quot;title&quot;:&quot;anchor and rope design&quot;,&quot;orientation&quot;:&quot;1&quot;}\" data-image-title=\"anchor and rope design\" data-image-description=\"\" data-image-caption=\"\" data-medium-file=\"https:\/\/i0.wp.com\/pequod.nesodd1.no\/wp-content\/uploads\/2019\/10\/klistremerker-anker-og-tau-design.jpg.jpg?fit=25%2C25&amp;ssl=1\" data-large-file=\"https:\/\/i0.wp.com\/pequod.nesodd1.no\/wp-content\/uploads\/2019\/10\/klistremerker-anker-og-tau-design.jpg.jpg?fit=25%2C25&amp;ssl=1\"><\/a><a href=\"https:\/\/i0.wp.com\/pequod.nesodd1.no\/wp-content\/uploads\/2019\/10\/klistremerker-anker-og-tau-design.jpg.jpg?ssl=1\"><img loading=\"lazy\" decoding=\"async\" data-attachment-id=\"16489\" data-permalink=\"https:\/\/pequod.nesodd1.no\/?attachment_id=16489\" data-orig-file=\"https:\/\/i0.wp.com\/pequod.nesodd1.no\/wp-content\/uploads\/2019\/10\/klistremerker-anker-og-tau-design.jpg.jpg?fit=25%2C25&amp;ssl=1\" data-orig-size=\"25,25\" data-comments-opened=\"1\" data-image-meta=\"{&quot;aperture&quot;:&quot;0&quot;,&quot;credit&quot;:&quot;tribalium81&quot;,&quot;camera&quot;:&quot;&quot;,&quot;caption&quot;:&quot;&quot;,&quot;created_timestamp&quot;:&quot;0&quot;,&quot;copyright&quot;:&quot;tribalium81&quot;,&quot;focal_length&quot;:&quot;0&quot;,&quot;iso&quot;:&quot;0&quot;,&quot;shutter_speed&quot;:&quot;0&quot;,&quot;title&quot;:&quot;anchor and rope design&quot;,&quot;orientation&quot;:&quot;1&quot;}\" data-image-title=\"anchor and rope design\" data-image-description=\"\" data-image-caption=\"\" data-large-file=\"https:\/\/i0.wp.com\/pequod.nesodd1.no\/wp-content\/uploads\/2019\/10\/klistremerker-anker-og-tau-design.jpg.jpg?fit=25%2C25&amp;ssl=1\" class=\"alignnone size-full wp-image-16489\" src=\"https:\/\/i0.wp.com\/pequod.nesodd1.no\/wp-content\/uploads\/2019\/10\/klistremerker-anker-og-tau-design.jpg.jpg?resize=25%2C25&amp;ssl=1\" alt=\"\" width=\"25\" height=\"25\" data-recalc-dims=\"1\" data-attachment-id=\"16489\" data-permalink=\"https:\/\/pequod.nesodd1.no\/?attachment_id=16489\" data-orig-file=\"https:\/\/i0.wp.com\/pequod.nesodd1.no\/wp-content\/uploads\/2019\/10\/klistremerker-anker-og-tau-design.jpg.jpg?fit=25%2C25&amp;ssl=1\" data-orig-size=\"25,25\" data-comments-opened=\"1\" data-image-meta=\"{&quot;aperture&quot;:&quot;0&quot;,&quot;credit&quot;:&quot;tribalium81&quot;,&quot;camera&quot;:&quot;&quot;,&quot;caption&quot;:&quot;&quot;,&quot;created_timestamp&quot;:&quot;0&quot;,&quot;copyright&quot;:&quot;tribalium81&quot;,&quot;focal_length&quot;:&quot;0&quot;,&quot;iso&quot;:&quot;0&quot;,&quot;shutter_speed&quot;:&quot;0&quot;,&quot;title&quot;:&quot;anchor and rope design&quot;,&quot;orientation&quot;:&quot;1&quot;}\" data-image-title=\"anchor and rope design\" data-image-description=\"\" data-image-caption=\"\" data-medium-file=\"https:\/\/i0.wp.com\/pequod.nesodd1.no\/wp-content\/uploads\/2019\/10\/klistremerker-anker-og-tau-design.jpg.jpg?fit=25%2C25&amp;ssl=1\" data-large-file=\"https:\/\/i0.wp.com\/pequod.nesodd1.no\/wp-content\/uploads\/2019\/10\/klistremerker-anker-og-tau-design.jpg.jpg?fit=25%2C25&amp;ssl=1\"><\/a><\/strong><br \/>\n<b>Posisjon: <\/b>58\u00b0 35.835&#8242; N&nbsp;8\u00b0 57.445&#8242;&nbsp;<br \/>\n<b>Bes\u00f8kt antall ganger:<\/b>&nbsp;1&nbsp;<b>Sist bes\u00f8kt:<\/b>&nbsp;August 2024&nbsp;<br \/>\n<b>Fasiliteter:<\/b> Brygge med sittebenker, grillplass, toaletter, restaurant\/overnatting om sommeren. DNT-hytte.<br \/>\n<strong>Havneavgift (for 29-foter):<\/strong> 50 kroner<br \/>\n<strong>Fort\u00f8yning:<\/strong> Baug\/b\u00f8ye og b\u00e5ser<br \/>\n<b>Tilrettelagt for funksjonshemmede:&nbsp;<\/b>Nei. Kupert terreng. Trebrygger man kan g\u00e5 p\u00e5, men avhengig av hjelp for \u00e5 komme seg p\u00e5 land fra baug eller fra utrigger ved de f\u00e5 b\u00e5sene p\u00e5 s\u00f8rsiden.<\/p>\n<p>Fur\u00f8ya ligger p\u00e5 veien inn mot Tvedestrand og er veldig popul\u00e6rt p\u00e5 sommeren, b\u00e5de blant lokale b\u00e5tfolk og tilreisende. Den kan by p\u00e5 en restaurant om sommeren og det er ogs\u00e5 et DNT-hytta man kan leie.<\/p>\n<p>Jeg har jo v\u00e6rt i Tvedestrand flere ganger, men har aldri f\u00e5tt lagt meg p\u00e5 Fur\u00f8ya, enten fordi det har v\u00e6rt fullt der eller fordi det kun har v\u00e6rt slike brygger hvor man legger til med \u00e5 fort\u00f8ye i b\u00f8yer, noe som er en utfordring for meg n\u00e5r jeg er alene om bord.<\/p>\n<figure id=\"attachment_29144\" aria-describedby=\"caption-attachment-29144\" style=\"width: 940px\" class=\"wp-caption aligncenter\"><a href=\"https:\/\/i0.wp.com\/pequod.nesodd1.no\/wp-content\/uploads\/2024\/08\/455878896_10159830722137032_8549298157779653455_n.jpg?ssl=1\"><img data-recalc-dims=\"1\" loading=\"lazy\" decoding=\"async\" data-attachment-id=\"29144\" data-permalink=\"https:\/\/pequod.nesodd1.no\/?attachment_id=29144\" data-orig-file=\"https:\/\/i0.wp.com\/pequod.nesodd1.no\/wp-content\/uploads\/2024\/08\/455878896_10159830722137032_8549298157779653455_n.jpg?fit=2048%2C1536&amp;ssl=1\" data-orig-size=\"2048,1536\" data-comments-opened=\"1\" data-image-meta=\"{&quot;aperture&quot;:&quot;0&quot;,&quot;credit&quot;:&quot;&quot;,&quot;camera&quot;:&quot;&quot;,&quot;caption&quot;:&quot;&quot;,&quot;created_timestamp&quot;:&quot;0&quot;,&quot;copyright&quot;:&quot;&quot;,&quot;focal_length&quot;:&quot;0&quot;,&quot;iso&quot;:&quot;0&quot;,&quot;shutter_speed&quot;:&quot;0&quot;,&quot;title&quot;:&quot;&quot;,&quot;orientation&quot;:&quot;0&quot;}\" data-image-title=\"455878896_10159830722137032_8549298157779653455_n\" data-image-description=\"\" data-image-caption=\"&lt;p&gt;P\u00e5 plass p\u00e5 Fur\u00f8ya&lt;\/p&gt;\n\" data-large-file=\"https:\/\/i0.wp.com\/pequod.nesodd1.no\/wp-content\/uploads\/2024\/08\/455878896_10159830722137032_8549298157779653455_n.jpg?fit=940%2C705&amp;ssl=1\" class=\"size-large wp-image-29144\" src=\"https:\/\/i0.wp.com\/pequod.nesodd1.no\/wp-content\/uploads\/2024\/08\/455878896_10159830722137032_8549298157779653455_n.jpg?resize=940%2C705&#038;ssl=1\" alt=\"\" width=\"940\" height=\"705\" srcset=\"https:\/\/i0.wp.com\/pequod.nesodd1.no\/wp-content\/uploads\/2024\/08\/455878896_10159830722137032_8549298157779653455_n.jpg?resize=1024%2C768&amp;ssl=1 1024w, https:\/\/i0.wp.com\/pequod.nesodd1.no\/wp-content\/uploads\/2024\/08\/455878896_10159830722137032_8549298157779653455_n.jpg?resize=300%2C225&amp;ssl=1 300w, https:\/\/i0.wp.com\/pequod.nesodd1.no\/wp-content\/uploads\/2024\/08\/455878896_10159830722137032_8549298157779653455_n.jpg?resize=100%2C75&amp;ssl=1 100w, https:\/\/i0.wp.com\/pequod.nesodd1.no\/wp-content\/uploads\/2024\/08\/455878896_10159830722137032_8549298157779653455_n.jpg?resize=768%2C576&amp;ssl=1 768w, https:\/\/i0.wp.com\/pequod.nesodd1.no\/wp-content\/uploads\/2024\/08\/455878896_10159830722137032_8549298157779653455_n.jpg?resize=1536%2C1152&amp;ssl=1 1536w, https:\/\/i0.wp.com\/pequod.nesodd1.no\/wp-content\/uploads\/2024\/08\/455878896_10159830722137032_8549298157779653455_n.jpg?w=2048&amp;ssl=1 2048w, https:\/\/i0.wp.com\/pequod.nesodd1.no\/wp-content\/uploads\/2024\/08\/455878896_10159830722137032_8549298157779653455_n.jpg?w=1880&amp;ssl=1 1880w\" sizes=\"auto, (max-width: 940px) 100vw, 940px\" \/><\/a><figcaption id=\"caption-attachment-29144\" class=\"wp-caption-text\"><em>P\u00e5 plass p\u00e5 Fur\u00f8ya. Brygga man ser i bakgrunnen p\u00e5 Hest\u00f8ya er ogs\u00e5 for gjester.<\/em><\/figcaption><\/figure>\n<p>Men s\u00e5 ble tilbudet p\u00e5 \u00f8ya utvidet med noen f\u00e5 b\u00e5splasser, og da jeg var innom der i august i fjor, s\u00e5 fikk jeg endelig lagt til! Disse b\u00e5splassene ligger p\u00e5 s\u00f8rsiden av \u00f8ya, mens det er plasser med b\u00f8yefort\u00f8yning p\u00e5 vestsiden.<\/p>\n<figure id=\"attachment_29143\" aria-describedby=\"caption-attachment-29143\" style=\"width: 300px\" class=\"wp-caption alignright\"><a href=\"https:\/\/i0.wp.com\/pequod.nesodd1.no\/wp-content\/uploads\/2024\/08\/456158878_10159830722637032_7546734752916666464_n.jpg?ssl=1\"><img data-recalc-dims=\"1\" loading=\"lazy\" decoding=\"async\" data-attachment-id=\"29143\" data-permalink=\"https:\/\/pequod.nesodd1.no\/?attachment_id=29143\" data-orig-file=\"https:\/\/i0.wp.com\/pequod.nesodd1.no\/wp-content\/uploads\/2024\/08\/456158878_10159830722637032_7546734752916666464_n.jpg?fit=2048%2C1536&amp;ssl=1\" data-orig-size=\"2048,1536\" data-comments-opened=\"1\" data-image-meta=\"{&quot;aperture&quot;:&quot;0&quot;,&quot;credit&quot;:&quot;&quot;,&quot;camera&quot;:&quot;&quot;,&quot;caption&quot;:&quot;&quot;,&quot;created_timestamp&quot;:&quot;0&quot;,&quot;copyright&quot;:&quot;&quot;,&quot;focal_length&quot;:&quot;0&quot;,&quot;iso&quot;:&quot;0&quot;,&quot;shutter_speed&quot;:&quot;0&quot;,&quot;title&quot;:&quot;&quot;,&quot;orientation&quot;:&quot;0&quot;}\" data-image-title=\"456158878_10159830722637032_7546734752916666464_n\" data-image-description=\"\" data-image-caption=\"&lt;p&gt;Sommerrestauranten p\u00e5 Fur\u00f8ya&lt;\/p&gt;\n\" data-large-file=\"https:\/\/i0.wp.com\/pequod.nesodd1.no\/wp-content\/uploads\/2024\/08\/456158878_10159830722637032_7546734752916666464_n.jpg?fit=940%2C705&amp;ssl=1\" class=\"wp-image-29143 size-medium\" src=\"https:\/\/i0.wp.com\/pequod.nesodd1.no\/wp-content\/uploads\/2024\/08\/456158878_10159830722637032_7546734752916666464_n.jpg?resize=300%2C225&#038;ssl=1\" alt=\"\" width=\"300\" height=\"225\" srcset=\"https:\/\/i0.wp.com\/pequod.nesodd1.no\/wp-content\/uploads\/2024\/08\/456158878_10159830722637032_7546734752916666464_n.jpg?resize=300%2C225&amp;ssl=1 300w, https:\/\/i0.wp.com\/pequod.nesodd1.no\/wp-content\/uploads\/2024\/08\/456158878_10159830722637032_7546734752916666464_n.jpg?resize=1024%2C768&amp;ssl=1 1024w, https:\/\/i0.wp.com\/pequod.nesodd1.no\/wp-content\/uploads\/2024\/08\/456158878_10159830722637032_7546734752916666464_n.jpg?resize=100%2C75&amp;ssl=1 100w, https:\/\/i0.wp.com\/pequod.nesodd1.no\/wp-content\/uploads\/2024\/08\/456158878_10159830722637032_7546734752916666464_n.jpg?resize=768%2C576&amp;ssl=1 768w, https:\/\/i0.wp.com\/pequod.nesodd1.no\/wp-content\/uploads\/2024\/08\/456158878_10159830722637032_7546734752916666464_n.jpg?resize=1536%2C1152&amp;ssl=1 1536w, https:\/\/i0.wp.com\/pequod.nesodd1.no\/wp-content\/uploads\/2024\/08\/456158878_10159830722637032_7546734752916666464_n.jpg?w=2048&amp;ssl=1 2048w, https:\/\/i0.wp.com\/pequod.nesodd1.no\/wp-content\/uploads\/2024\/08\/456158878_10159830722637032_7546734752916666464_n.jpg?w=1880&amp;ssl=1 1880w\" sizes=\"auto, (max-width: 300px) 100vw, 300px\" \/><\/a><figcaption id=\"caption-attachment-29143\" class=\"wp-caption-text\"><em>Sommerrestauranten p\u00e5 Fur\u00f8ya, med fort\u00f8yningsplasser for joller og gummib\u00e5ter.<\/em><\/figcaption><\/figure>\n<p>Det er ogs\u00e5 to holmer p\u00e5 vest\/nord-vest siden med brygger, samt en brygge \u00f8st for deg jeg l\u00e5, p\u00e5 Hest\u00f8ya. Det er ogs\u00e5 mulig \u00e5 legge til rett ved siden av den gamle restaurantbygningen, men der er det s\u00e5pass grunt at det kun kan gj\u00f8res med joller, gummib\u00e5ter, kajakker og kanoer!<\/p>\n<p>Forholdene er enkle, det er ikke str\u00f8m eller vann, men man betaler en liten avgift ved \u00e5 vippse. Da jeg l\u00e5 der i midten av august kostet det 50 kroner for en overnatting. Siden jeg ikke har ligget andre steder p\u00e5 Fur\u00f8ya enn ved b\u00e5splassene, s\u00e5 vet jeg ikke om det er slik p\u00e5 de andre plassene.<\/p>\n<p>Der jeg l\u00e5 er man noe utsatt for sj\u00f8gang fra passerende b\u00e5ter, mens man p\u00e5 nabo\u00f8ya ligger ganske uforstyrret. Plassene p\u00e5 vestsiden er ogs\u00e5 noe bedre slikt sett, vil jeg anta.<\/p>\n<p>Uansett koselig sted \u00e5 rusle rundt p\u00e5, og jaggu traff jeg ikke p\u00e5 et par manuelle gressklippere &#8211;&nbsp; i form av geiter &#8211; mens jeg ruslet rundt p\u00e5 \u00f8ya.<\/p>\n<p>Var mye jeg ikke fikk sett, s\u00e5 det blir nok en retur der neste gang jeg har anledning!<\/p>\n<figure id=\"attachment_29138\" aria-describedby=\"caption-attachment-29138\" style=\"width: 960px\" class=\"wp-caption aligncenter\"><a href=\"https:\/\/i0.wp.com\/pequod.nesodd1.no\/wp-content\/uploads\/2024\/08\/455963530_10159830721252032_1782034008372772090_n.jpg?ssl=1\"><img data-recalc-dims=\"1\" loading=\"lazy\" decoding=\"async\" data-attachment-id=\"29138\" data-permalink=\"https:\/\/pequod.nesodd1.no\/?attachment_id=29138\" data-orig-file=\"https:\/\/i0.wp.com\/pequod.nesodd1.no\/wp-content\/uploads\/2024\/08\/455963530_10159830721252032_1782034008372772090_n.jpg?fit=960%2C720&amp;ssl=1\" data-orig-size=\"960,720\" data-comments-opened=\"1\" data-image-meta=\"{&quot;aperture&quot;:&quot;0&quot;,&quot;credit&quot;:&quot;&quot;,&quot;camera&quot;:&quot;&quot;,&quot;caption&quot;:&quot;&quot;,&quot;created_timestamp&quot;:&quot;0&quot;,&quot;copyright&quot;:&quot;&quot;,&quot;focal_length&quot;:&quot;0&quot;,&quot;iso&quot;:&quot;0&quot;,&quot;shutter_speed&quot;:&quot;0&quot;,&quot;title&quot;:&quot;&quot;,&quot;orientation&quot;:&quot;0&quot;}\" data-image-title=\"455963530_10159830721252032_1782034008372772090_n\" data-image-description=\"&lt;p&gt;geiter, Fur\u00f8ya, Tvedetsrand, Agder, S\u00f8rlandet&lt;\/p&gt;\n\" data-image-caption=\"&lt;p&gt;Geiter p\u00e5 Fur\u00f8ya&lt;\/p&gt;\n\" data-large-file=\"https:\/\/i0.wp.com\/pequod.nesodd1.no\/wp-content\/uploads\/2024\/08\/455963530_10159830721252032_1782034008372772090_n.jpg?fit=940%2C705&amp;ssl=1\" class=\"size-full wp-image-29138\" src=\"https:\/\/i0.wp.com\/pequod.nesodd1.no\/wp-content\/uploads\/2024\/08\/455963530_10159830721252032_1782034008372772090_n.jpg?resize=940%2C705&#038;ssl=1\" alt=\"\" width=\"940\" height=\"705\" srcset=\"https:\/\/i0.wp.com\/pequod.nesodd1.no\/wp-content\/uploads\/2024\/08\/455963530_10159830721252032_1782034008372772090_n.jpg?w=960&amp;ssl=1 960w, https:\/\/i0.wp.com\/pequod.nesodd1.no\/wp-content\/uploads\/2024\/08\/455963530_10159830721252032_1782034008372772090_n.jpg?resize=300%2C225&amp;ssl=1 300w, https:\/\/i0.wp.com\/pequod.nesodd1.no\/wp-content\/uploads\/2024\/08\/455963530_10159830721252032_1782034008372772090_n.jpg?resize=100%2C75&amp;ssl=1 100w, https:\/\/i0.wp.com\/pequod.nesodd1.no\/wp-content\/uploads\/2024\/08\/455963530_10159830721252032_1782034008372772090_n.jpg?resize=768%2C576&amp;ssl=1 768w\" sizes=\"auto, (max-width: 940px) 100vw, 940px\" \/><\/a><figcaption id=\"caption-attachment-29138\" class=\"wp-caption-text\"><em>Geiter p\u00e5 Fur\u00f8ya<\/em><\/figcaption><\/figure>\n<h3>Related Images:<\/h3>","protected":false},"excerpt":{"rendered":"<p>Vurdering (5 anker er best):&nbsp; Posisjon: 58\u00b0 35.835&#8242; N&nbsp;8\u00b0 57.445&#8242;&nbsp; Bes\u00f8kt antall ganger:&nbsp;1&nbsp;Sist bes\u00f8kt:&nbsp;August 2024&nbsp; Fasiliteter: Brygge med sittebenker, grillplass, toaletter, restaurant\/overnatting om sommeren. DNT-hytte. Havneavgift (for 29-foter): 50 kroner Fort\u00f8yning: Baug\/b\u00f8ye og b\u00e5ser Tilrettelagt for funksjonshemmede:&nbsp;Nei. Kupert terreng. Trebrygger man kan g\u00e5 p\u00e5, men avhengig av hjelp for \u00e5 komme seg p\u00e5 land fra &hellip;<br \/><a href=\"https:\/\/pequod.nesodd1.no\/?page_id=29888\" class=\"more-link pen_element_default pen_icon_arrow_double\">Les<\/a><\/p>\n","protected":false},"author":1,"featured_media":29146,"parent":5493,"menu_order":0,"comment_status":"closed","ping_status":"closed","template":"","meta":{"_crdt_document":"","ngg_post_thumbnail":0,"jetpack_post_was_ever_published":false,"footnotes":""},"class_list":["post-29888","page","type-page","status-publish","has-post-thumbnail","hentry"],"jetpack_shortlink":"https:\/\/wp.me\/P3Zd9b-7M4","jetpack_sharing_enabled":true,"jetpack_likes_enabled":true,"jetpack-related-posts":[],"_links":{"self":[{"href":"https:\/\/pequod.nesodd1.no\/index.php?rest_route=\/wp\/v2\/pages\/29888","targetHints":{"allow":["GET"]}}],"collection":[{"href":"https:\/\/pequod.nesodd1.no\/index.php?rest_route=\/wp\/v2\/pages"}],"about":[{"href":"https:\/\/pequod.nesodd1.no\/index.php?rest_route=\/wp\/v2\/types\/page"}],"author":[{"embeddable":true,"href":"https:\/\/pequod.nesodd1.no\/index.php?rest_route=\/wp\/v2\/users\/1"}],"replies":[{"embeddable":true,"href":"https:\/\/pequod.nesodd1.no\/index.php?rest_route=%2Fwp%2Fv2%2Fcomments&post=29888"}],"version-history":[{"count":4,"href":"https:\/\/pequod.nesodd1.no\/index.php?rest_route=\/wp\/v2\/pages\/29888\/revisions"}],"predecessor-version":[{"id":29941,"href":"https:\/\/pequod.nesodd1.no\/index.php?rest_route=\/wp\/v2\/pages\/29888\/revisions\/29941"}],"up":[{"embeddable":true,"href":"https:\/\/pequod.nesodd1.no\/index.php?rest_route=\/wp\/v2\/pages\/5493"}],"wp:featuredmedia":[{"embeddable":true,"href":"https:\/\/pequod.nesodd1.no\/index.php?rest_route=\/wp\/v2\/media\/29146"}],"wp:attachment":[{"href":"https:\/\/pequod.nesodd1.no\/index.php?rest_route=%2Fwp%2Fv2%2Fmedia&parent=29888"}],"curies":[{"name":"wp","href":"https:\/\/api.w.org\/{rel}","templated":true}]}}