{"id":29943,"date":"2025-03-28T21:23:33","date_gmt":"2025-03-28T20:23:33","guid":{"rendered":"https:\/\/pequod.nesodd1.no\/?page_id=29943"},"modified":"2025-03-28T21:25:06","modified_gmt":"2025-03-28T20:25:06","slug":"bredalsholmen-kristiansand","status":"publish","type":"page","link":"https:\/\/pequod.nesodd1.no\/?page_id=29943","title":{"rendered":"Bredalsholmen (Kristiansand)"},"content":{"rendered":"<p><strong>Vurdering (5 anker er best):&nbsp;<a href=\"https:\/\/i0.wp.com\/pequod.nesodd1.no\/wp-content\/uploads\/2019\/10\/klistremerker-anker-og-tau-design.jpg.jpg?ssl=1\"><img loading=\"lazy\" decoding=\"async\" data-attachment-id=\"16489\" data-permalink=\"https:\/\/pequod.nesodd1.no\/?attachment_id=16489\" data-orig-file=\"https:\/\/i0.wp.com\/pequod.nesodd1.no\/wp-content\/uploads\/2019\/10\/klistremerker-anker-og-tau-design.jpg.jpg?fit=25%2C25&amp;ssl=1\" data-orig-size=\"25,25\" data-comments-opened=\"1\" data-image-meta=\"{&quot;aperture&quot;:&quot;0&quot;,&quot;credit&quot;:&quot;tribalium81&quot;,&quot;camera&quot;:&quot;&quot;,&quot;caption&quot;:&quot;&quot;,&quot;created_timestamp&quot;:&quot;0&quot;,&quot;copyright&quot;:&quot;tribalium81&quot;,&quot;focal_length&quot;:&quot;0&quot;,&quot;iso&quot;:&quot;0&quot;,&quot;shutter_speed&quot;:&quot;0&quot;,&quot;title&quot;:&quot;anchor and rope design&quot;,&quot;orientation&quot;:&quot;1&quot;}\" data-image-title=\"anchor and rope design\" data-image-description=\"\" data-image-caption=\"\" data-medium-file=\"https:\/\/i0.wp.com\/pequod.nesodd1.no\/wp-content\/uploads\/2019\/10\/klistremerker-anker-og-tau-design.jpg.jpg?fit=25%2C25&amp;ssl=1\" data-large-file=\"https:\/\/i0.wp.com\/pequod.nesodd1.no\/wp-content\/uploads\/2019\/10\/klistremerker-anker-og-tau-design.jpg.jpg?fit=25%2C25&amp;ssl=1\" class=\"alignnone size-full wp-image-16489\" src=\"https:\/\/i0.wp.com\/pequod.nesodd1.no\/wp-content\/uploads\/2019\/10\/klistremerker-anker-og-tau-design.jpg.jpg?resize=25%2C25&amp;ssl=1\" alt=\"\" width=\"25\" height=\"25\" data-recalc-dims=\"1\" data-attachment-id=\"16489\" data-permalink=\"https:\/\/pequod.nesodd1.no\/?attachment_id=16489\" data-orig-file=\"https:\/\/i0.wp.com\/pequod.nesodd1.no\/wp-content\/uploads\/2019\/10\/klistremerker-anker-og-tau-design.jpg.jpg?fit=25%2C25&amp;ssl=1\" data-orig-size=\"25,25\" data-comments-opened=\"1\" data-image-meta=\"{&quot;aperture&quot;:&quot;0&quot;,&quot;credit&quot;:&quot;tribalium81&quot;,&quot;camera&quot;:&quot;&quot;,&quot;caption&quot;:&quot;&quot;,&quot;created_timestamp&quot;:&quot;0&quot;,&quot;copyright&quot;:&quot;tribalium81&quot;,&quot;focal_length&quot;:&quot;0&quot;,&quot;iso&quot;:&quot;0&quot;,&quot;shutter_speed&quot;:&quot;0&quot;,&quot;title&quot;:&quot;anchor and rope design&quot;,&quot;orientation&quot;:&quot;1&quot;}\" data-image-title=\"anchor and rope design\" data-image-description=\"\" data-image-caption=\"\" data-medium-file=\"https:\/\/i0.wp.com\/pequod.nesodd1.no\/wp-content\/uploads\/2019\/10\/klistremerker-anker-og-tau-design.jpg.jpg?fit=25%2C25&amp;ssl=1\" data-large-file=\"https:\/\/i0.wp.com\/pequod.nesodd1.no\/wp-content\/uploads\/2019\/10\/klistremerker-anker-og-tau-design.jpg.jpg?fit=25%2C25&amp;ssl=1\"><\/a><a href=\"https:\/\/i0.wp.com\/pequod.nesodd1.no\/wp-content\/uploads\/2019\/10\/klistremerker-anker-og-tau-design.jpg.jpg?ssl=1\"><img loading=\"lazy\" decoding=\"async\" data-attachment-id=\"16489\" data-permalink=\"https:\/\/pequod.nesodd1.no\/?attachment_id=16489\" data-orig-file=\"https:\/\/i0.wp.com\/pequod.nesodd1.no\/wp-content\/uploads\/2019\/10\/klistremerker-anker-og-tau-design.jpg.jpg?fit=25%2C25&amp;ssl=1\" data-orig-size=\"25,25\" data-comments-opened=\"1\" data-image-meta=\"{&quot;aperture&quot;:&quot;0&quot;,&quot;credit&quot;:&quot;tribalium81&quot;,&quot;camera&quot;:&quot;&quot;,&quot;caption&quot;:&quot;&quot;,&quot;created_timestamp&quot;:&quot;0&quot;,&quot;copyright&quot;:&quot;tribalium81&quot;,&quot;focal_length&quot;:&quot;0&quot;,&quot;iso&quot;:&quot;0&quot;,&quot;shutter_speed&quot;:&quot;0&quot;,&quot;title&quot;:&quot;anchor and rope design&quot;,&quot;orientation&quot;:&quot;1&quot;}\" data-image-title=\"anchor and rope design\" data-image-description=\"\" data-image-caption=\"\" data-medium-file=\"https:\/\/i0.wp.com\/pequod.nesodd1.no\/wp-content\/uploads\/2019\/10\/klistremerker-anker-og-tau-design.jpg.jpg?fit=25%2C25&amp;ssl=1\" data-large-file=\"https:\/\/i0.wp.com\/pequod.nesodd1.no\/wp-content\/uploads\/2019\/10\/klistremerker-anker-og-tau-design.jpg.jpg?fit=25%2C25&amp;ssl=1\" class=\"alignnone size-full wp-image-16489\" src=\"https:\/\/i0.wp.com\/pequod.nesodd1.no\/wp-content\/uploads\/2019\/10\/klistremerker-anker-og-tau-design.jpg.jpg?resize=25%2C25&amp;ssl=1\" alt=\"\" width=\"25\" height=\"25\" data-recalc-dims=\"1\" data-attachment-id=\"16489\" data-permalink=\"https:\/\/pequod.nesodd1.no\/?attachment_id=16489\" data-orig-file=\"https:\/\/i0.wp.com\/pequod.nesodd1.no\/wp-content\/uploads\/2019\/10\/klistremerker-anker-og-tau-design.jpg.jpg?fit=25%2C25&amp;ssl=1\" data-orig-size=\"25,25\" data-comments-opened=\"1\" data-image-meta=\"{&quot;aperture&quot;:&quot;0&quot;,&quot;credit&quot;:&quot;tribalium81&quot;,&quot;camera&quot;:&quot;&quot;,&quot;caption&quot;:&quot;&quot;,&quot;created_timestamp&quot;:&quot;0&quot;,&quot;copyright&quot;:&quot;tribalium81&quot;,&quot;focal_length&quot;:&quot;0&quot;,&quot;iso&quot;:&quot;0&quot;,&quot;shutter_speed&quot;:&quot;0&quot;,&quot;title&quot;:&quot;anchor and rope design&quot;,&quot;orientation&quot;:&quot;1&quot;}\" data-image-title=\"anchor and rope design\" data-image-description=\"\" data-image-caption=\"\" data-medium-file=\"https:\/\/i0.wp.com\/pequod.nesodd1.no\/wp-content\/uploads\/2019\/10\/klistremerker-anker-og-tau-design.jpg.jpg?fit=25%2C25&amp;ssl=1\" data-large-file=\"https:\/\/i0.wp.com\/pequod.nesodd1.no\/wp-content\/uploads\/2019\/10\/klistremerker-anker-og-tau-design.jpg.jpg?fit=25%2C25&amp;ssl=1\"><\/a><\/strong><br \/>\n<b>Posisjon:<\/b>58\u00b0 6.555&#8242; N&nbsp;7\u00b0 59.507&#8242; E<br \/>\n<b>Bes\u00f8kt antall ganger:<\/b>&nbsp;1&nbsp;<b>Sist bes\u00f8kt:<\/b> September 2024&nbsp;<br \/>\n<b>Fasiliteter:<\/b> Brygge. Mulig toalett i klubbhuset? Museum med kaf\u00e9, kort vei til busstopp med buss til V\u00e5gsbygd senter og Kristiansand.<br \/>\n<strong>Havneavgift (for 29-foter):<\/strong> 100 kroner som vippses.<br \/>\n<strong>Fort\u00f8yning:<\/strong> Langsides.<br \/>\n<b>Tilrettelagt for funksjonshemmede:&nbsp;<\/b>Ikke spesielt, men man legger til langsides som vel gj\u00f8r det greit \u00e5 komme i land.<\/p>\n<p>Det er V\u00e5gsbygd Seilforening som har en liten b\u00e5thavn like ved <a href=\"https:\/\/www.bredalsholmen.no\/\">fart\u00f8yvernsenteret p\u00e5 Bredalsholmen<\/a> rett utenfor Kristiansand. Der har de ogs\u00e5 en ganske ny brygge der gjesteb\u00e5ter kan legge til.&nbsp; Det er mulig det er toalett i foreningens klubbhus, men jeg l\u00e5 der bare et par timer mens jeg bes\u00f8kte fart\u00f8yvernsenteret.<\/p>\n<p><a href=\"https:\/\/i0.wp.com\/pequod.nesodd1.no\/wp-content\/uploads\/2025\/03\/IMG_0461.jpg?ssl=1\"><img data-recalc-dims=\"1\" loading=\"lazy\" decoding=\"async\" data-attachment-id=\"29944\" data-permalink=\"https:\/\/pequod.nesodd1.no\/?attachment_id=29944\" data-orig-file=\"https:\/\/i0.wp.com\/pequod.nesodd1.no\/wp-content\/uploads\/2025\/03\/IMG_0461.jpg?fit=960%2C720&amp;ssl=1\" data-orig-size=\"960,720\" data-comments-opened=\"1\" data-image-meta=\"{&quot;aperture&quot;:&quot;0&quot;,&quot;credit&quot;:&quot;&quot;,&quot;camera&quot;:&quot;&quot;,&quot;caption&quot;:&quot;&quot;,&quot;created_timestamp&quot;:&quot;1726323625&quot;,&quot;copyright&quot;:&quot;&quot;,&quot;focal_length&quot;:&quot;0&quot;,&quot;iso&quot;:&quot;0&quot;,&quot;shutter_speed&quot;:&quot;0&quot;,&quot;title&quot;:&quot;&quot;,&quot;orientation&quot;:&quot;1&quot;}\" data-image-title=\"IMG_0461\" data-image-description=\"&lt;p&gt;Bredalsholmen, V\u00e5gsbygd, Kristiansand, Agder&lt;\/p&gt;\n\" data-image-caption=\"\" data-medium-file=\"https:\/\/i0.wp.com\/pequod.nesodd1.no\/wp-content\/uploads\/2025\/03\/IMG_0461.jpg?fit=300%2C225&amp;ssl=1\" data-large-file=\"https:\/\/i0.wp.com\/pequod.nesodd1.no\/wp-content\/uploads\/2025\/03\/IMG_0461.jpg?fit=940%2C705&amp;ssl=1\" class=\"alignleft wp-image-29944 size-medium\" src=\"https:\/\/i0.wp.com\/pequod.nesodd1.no\/wp-content\/uploads\/2025\/03\/IMG_0461.jpg?resize=300%2C225&#038;ssl=1\" alt=\"\" width=\"300\" height=\"225\" srcset=\"https:\/\/i0.wp.com\/pequod.nesodd1.no\/wp-content\/uploads\/2025\/03\/IMG_0461.jpg?resize=300%2C225&amp;ssl=1 300w, https:\/\/i0.wp.com\/pequod.nesodd1.no\/wp-content\/uploads\/2025\/03\/IMG_0461.jpg?resize=100%2C75&amp;ssl=1 100w, https:\/\/i0.wp.com\/pequod.nesodd1.no\/wp-content\/uploads\/2025\/03\/IMG_0461.jpg?resize=768%2C576&amp;ssl=1 768w, https:\/\/i0.wp.com\/pequod.nesodd1.no\/wp-content\/uploads\/2025\/03\/IMG_0461.jpg?w=960&amp;ssl=1 960w\" sizes=\"auto, (max-width: 300px) 100vw, 300px\" \/><\/a><\/p>\n<p>P\u00e5 senteret ligger blant annet Hamen og DS Hestmanden, og den gamle messa til det som en gang var et verft fungerer n\u00e5 som en hyggelig lite kaf\u00e9. Anlegget er fredet av Riksantikvaren som et teknisk- og industrielt kulturminne av stor nasjonal verdi.<\/p>\n<p>B\u00e5de kafeen og resten av anlegget er vel verdt et bes\u00f8k. God mat og veldig hyggelig betjening og guider.<\/p>\n<p>Man kan f\u00e5 komme om bord i det nydelig restaurerte DS Hestmanden, og det er ogs\u00e5 mulig \u00e5 bes\u00f8ke det langt mer nedslitte skipet Hamen, der frivillige jobber for \u00e5 f\u00e5 det satt i stand igjen. Da m\u00e5 man imidlertid gj\u00f8re en avtale p\u00e5 forh\u00e5nd.<\/p>\n<p>Bredalsholmen fungerer som et slags levende museum, og har en stor t\u00f8rrdokk som fortsatt brukes. B\u00e5de Hamen, Hestmanden og seilskuta S\u00f8rlandet har v\u00e6rt i dokken (fra 1876) der for service og reparasjoner.<\/p>\n<figure id=\"attachment_29373\" aria-describedby=\"caption-attachment-29373\" style=\"width: 300px\" class=\"wp-caption alignleft\"><a href=\"https:\/\/i0.wp.com\/pequod.nesodd1.no\/wp-content\/uploads\/2024\/09\/459436387_10159916809412032_3412013016992865869_n.jpg?ssl=1\"><img data-recalc-dims=\"1\" loading=\"lazy\" decoding=\"async\" data-attachment-id=\"29373\" data-permalink=\"https:\/\/pequod.nesodd1.no\/?attachment_id=29373\" data-orig-file=\"https:\/\/i0.wp.com\/pequod.nesodd1.no\/wp-content\/uploads\/2024\/09\/459436387_10159916809412032_3412013016992865869_n.jpg?fit=960%2C720&amp;ssl=1\" data-orig-size=\"960,720\" data-comments-opened=\"1\" data-image-meta=\"{&quot;aperture&quot;:&quot;0&quot;,&quot;credit&quot;:&quot;&quot;,&quot;camera&quot;:&quot;&quot;,&quot;caption&quot;:&quot;&quot;,&quot;created_timestamp&quot;:&quot;0&quot;,&quot;copyright&quot;:&quot;&quot;,&quot;focal_length&quot;:&quot;0&quot;,&quot;iso&quot;:&quot;0&quot;,&quot;shutter_speed&quot;:&quot;0&quot;,&quot;title&quot;:&quot;&quot;,&quot;orientation&quot;:&quot;0&quot;}\" data-image-title=\"459436387_10159916809412032_3412013016992865869_n\" data-image-description=\"&lt;p&gt;DS Hestmanden, dokk, Bredalsholmen, Hestmanden&lt;\/p&gt;\n\" data-image-caption=\"&lt;p&gt;DS Hestmanden i dokk.&lt;\/p&gt;\n\" data-medium-file=\"https:\/\/i0.wp.com\/pequod.nesodd1.no\/wp-content\/uploads\/2024\/09\/459436387_10159916809412032_3412013016992865869_n.jpg?fit=300%2C225&amp;ssl=1\" data-large-file=\"https:\/\/i0.wp.com\/pequod.nesodd1.no\/wp-content\/uploads\/2024\/09\/459436387_10159916809412032_3412013016992865869_n.jpg?fit=940%2C705&amp;ssl=1\" class=\"wp-image-29373 size-medium\" src=\"https:\/\/i0.wp.com\/pequod.nesodd1.no\/wp-content\/uploads\/2024\/09\/459436387_10159916809412032_3412013016992865869_n.jpg?resize=300%2C225&#038;ssl=1\" alt=\"\" width=\"300\" height=\"225\" srcset=\"https:\/\/i0.wp.com\/pequod.nesodd1.no\/wp-content\/uploads\/2024\/09\/459436387_10159916809412032_3412013016992865869_n.jpg?resize=300%2C225&amp;ssl=1 300w, https:\/\/i0.wp.com\/pequod.nesodd1.no\/wp-content\/uploads\/2024\/09\/459436387_10159916809412032_3412013016992865869_n.jpg?resize=100%2C75&amp;ssl=1 100w, https:\/\/i0.wp.com\/pequod.nesodd1.no\/wp-content\/uploads\/2024\/09\/459436387_10159916809412032_3412013016992865869_n.jpg?resize=768%2C576&amp;ssl=1 768w, https:\/\/i0.wp.com\/pequod.nesodd1.no\/wp-content\/uploads\/2024\/09\/459436387_10159916809412032_3412013016992865869_n.jpg?w=960&amp;ssl=1 960w\" sizes=\"auto, (max-width: 300px) 100vw, 300px\" \/><\/a><figcaption id=\"caption-attachment-29373\" class=\"wp-caption-text\"><em>DS Hestmanden i dokk.<\/em><\/figcaption><\/figure>\n<p>Bredalsholmen er absolutt verdt et bes\u00f8k, og siden man kan legge til der med b\u00e5t, s\u00e5 er det jo enda mer fristende \u00e5 ta seg en pause i gjestehavna til seilforeningen!<\/p>\n<p>Det er mulig \u00e5 legge til b\u00e5de ved \u00e5 dra inn i Kongshavn og forbi b\u00e5tforeningen der og under brua inn til gjestebrygga. Brua er imidlertid 4,2 meter h\u00f8y, s\u00e5 det er h\u00f8ydebegrensninger.<\/p>\n<p>Man kan ogs\u00e5 dra inn s\u00f8rfra fra Flekker\u00f8ysiden og inn mellom Daudmannsholmen og Bredalsholmen.<\/p>\n<h3>Related Images:<\/h3>","protected":false},"excerpt":{"rendered":"<p>Vurdering (5 anker er best):&nbsp; Posisjon:58\u00b0 6.555&#8242; N&nbsp;7\u00b0 59.507&#8242; E Bes\u00f8kt antall ganger:&nbsp;1&nbsp;Sist bes\u00f8kt: September 2024&nbsp; Fasiliteter: Brygge. Mulig toalett i klubbhuset? Museum med kaf\u00e9, kort vei til busstopp med buss til V\u00e5gsbygd senter og Kristiansand. Havneavgift (for 29-foter): 100 kroner som vippses. Fort\u00f8yning: Langsides. Tilrettelagt for funksjonshemmede:&nbsp;Ikke spesielt, men man legger til langsides som &hellip;<br \/><a href=\"https:\/\/pequod.nesodd1.no\/?page_id=29943\" class=\"more-link pen_element_default pen_icon_arrow_double\">Les<\/a><\/p>\n","protected":false},"author":1,"featured_media":29946,"parent":5493,"menu_order":0,"comment_status":"closed","ping_status":"closed","template":"","meta":{"_crdt_document":"","ngg_post_thumbnail":0,"jetpack_post_was_ever_published":false,"footnotes":""},"class_list":["post-29943","page","type-page","status-publish","has-post-thumbnail","hentry"],"jetpack_shortlink":"https:\/\/wp.me\/P3Zd9b-7MX","jetpack_sharing_enabled":true,"jetpack_likes_enabled":true,"jetpack-related-posts":[],"_links":{"self":[{"href":"https:\/\/pequod.nesodd1.no\/index.php?rest_route=\/wp\/v2\/pages\/29943","targetHints":{"allow":["GET"]}}],"collection":[{"href":"https:\/\/pequod.nesodd1.no\/index.php?rest_route=\/wp\/v2\/pages"}],"about":[{"href":"https:\/\/pequod.nesodd1.no\/index.php?rest_route=\/wp\/v2\/types\/page"}],"author":[{"embeddable":true,"href":"https:\/\/pequod.nesodd1.no\/index.php?rest_route=\/wp\/v2\/users\/1"}],"replies":[{"embeddable":true,"href":"https:\/\/pequod.nesodd1.no\/index.php?rest_route=%2Fwp%2Fv2%2Fcomments&post=29943"}],"version-history":[{"count":5,"href":"https:\/\/pequod.nesodd1.no\/index.php?rest_route=\/wp\/v2\/pages\/29943\/revisions"}],"predecessor-version":[{"id":29952,"href":"https:\/\/pequod.nesodd1.no\/index.php?rest_route=\/wp\/v2\/pages\/29943\/revisions\/29952"}],"up":[{"embeddable":true,"href":"https:\/\/pequod.nesodd1.no\/index.php?rest_route=\/wp\/v2\/pages\/5493"}],"wp:featuredmedia":[{"embeddable":true,"href":"https:\/\/pequod.nesodd1.no\/index.php?rest_route=\/wp\/v2\/media\/29946"}],"wp:attachment":[{"href":"https:\/\/pequod.nesodd1.no\/index.php?rest_route=%2Fwp%2Fv2%2Fmedia&parent=29943"}],"curies":[{"name":"wp","href":"https:\/\/api.w.org\/{rel}","templated":true}]}}