{"id":29974,"date":"2025-03-29T13:58:54","date_gmt":"2025-03-29T12:58:54","guid":{"rendered":"https:\/\/pequod.nesodd1.no\/?page_id=29974"},"modified":"2025-03-29T21:33:26","modified_gmt":"2025-03-29T20:33:26","slug":"bassholmen-sverige","status":"publish","type":"page","link":"https:\/\/pequod.nesodd1.no\/?page_id=29974","title":{"rendered":"Bassholmen (Sverige)"},"content":{"rendered":"<p><strong>Vurdering (5 anker er best):&nbsp;<a href=\"https:\/\/i0.wp.com\/pequod.nesodd1.no\/wp-content\/uploads\/2019\/10\/klistremerker-anker-og-tau-design.jpg.jpg?ssl=1\"><img loading=\"lazy\" decoding=\"async\" data-attachment-id=\"16489\" data-permalink=\"https:\/\/pequod.nesodd1.no\/?attachment_id=16489\" data-orig-file=\"https:\/\/i0.wp.com\/pequod.nesodd1.no\/wp-content\/uploads\/2019\/10\/klistremerker-anker-og-tau-design.jpg.jpg?fit=25%2C25&amp;ssl=1\" data-orig-size=\"25,25\" data-comments-opened=\"1\" data-image-meta=\"{&quot;aperture&quot;:&quot;0&quot;,&quot;credit&quot;:&quot;tribalium81&quot;,&quot;camera&quot;:&quot;&quot;,&quot;caption&quot;:&quot;&quot;,&quot;created_timestamp&quot;:&quot;0&quot;,&quot;copyright&quot;:&quot;tribalium81&quot;,&quot;focal_length&quot;:&quot;0&quot;,&quot;iso&quot;:&quot;0&quot;,&quot;shutter_speed&quot;:&quot;0&quot;,&quot;title&quot;:&quot;anchor and rope design&quot;,&quot;orientation&quot;:&quot;1&quot;}\" data-image-title=\"anchor and rope design\" data-image-description=\"\" data-image-caption=\"\" data-large-file=\"https:\/\/i0.wp.com\/pequod.nesodd1.no\/wp-content\/uploads\/2019\/10\/klistremerker-anker-og-tau-design.jpg.jpg?fit=25%2C25&amp;ssl=1\" class=\"alignnone size-full wp-image-16489\" src=\"https:\/\/i0.wp.com\/pequod.nesodd1.no\/wp-content\/uploads\/2019\/10\/klistremerker-anker-og-tau-design.jpg.jpg?resize=25%2C25&amp;ssl=1\" alt=\"\" width=\"25\" height=\"25\" data-attachment-id=\"16489\" data-permalink=\"https:\/\/pequod.nesodd1.no\/?attachment_id=16489\" data-orig-file=\"https:\/\/i0.wp.com\/pequod.nesodd1.no\/wp-content\/uploads\/2019\/10\/klistremerker-anker-og-tau-design.jpg.jpg?fit=25%2C25&amp;ssl=1\" data-orig-size=\"25,25\" data-comments-opened=\"1\" data-image-meta=\"{&quot;aperture&quot;:&quot;0&quot;,&quot;credit&quot;:&quot;tribalium81&quot;,&quot;camera&quot;:&quot;&quot;,&quot;caption&quot;:&quot;&quot;,&quot;created_timestamp&quot;:&quot;0&quot;,&quot;copyright&quot;:&quot;tribalium81&quot;,&quot;focal_length&quot;:&quot;0&quot;,&quot;iso&quot;:&quot;0&quot;,&quot;shutter_speed&quot;:&quot;0&quot;,&quot;title&quot;:&quot;anchor and rope design&quot;,&quot;orientation&quot;:&quot;1&quot;}\" data-image-title=\"anchor and rope design\" data-image-description=\"\" data-image-caption=\"\" data-medium-file=\"https:\/\/i0.wp.com\/pequod.nesodd1.no\/wp-content\/uploads\/2019\/10\/klistremerker-anker-og-tau-design.jpg.jpg?fit=25%2C25&amp;ssl=1\" data-large-file=\"https:\/\/i0.wp.com\/pequod.nesodd1.no\/wp-content\/uploads\/2019\/10\/klistremerker-anker-og-tau-design.jpg.jpg?fit=25%2C25&amp;ssl=1\" data-recalc-dims=\"1\"><\/a><a href=\"https:\/\/i0.wp.com\/pequod.nesodd1.no\/wp-content\/uploads\/2019\/10\/klistremerker-anker-og-tau-design.jpg.jpg?ssl=1\"><img loading=\"lazy\" decoding=\"async\" data-attachment-id=\"16489\" data-permalink=\"https:\/\/pequod.nesodd1.no\/?attachment_id=16489\" data-orig-file=\"https:\/\/i0.wp.com\/pequod.nesodd1.no\/wp-content\/uploads\/2019\/10\/klistremerker-anker-og-tau-design.jpg.jpg?fit=25%2C25&amp;ssl=1\" data-orig-size=\"25,25\" data-comments-opened=\"1\" data-image-meta=\"{&quot;aperture&quot;:&quot;0&quot;,&quot;credit&quot;:&quot;tribalium81&quot;,&quot;camera&quot;:&quot;&quot;,&quot;caption&quot;:&quot;&quot;,&quot;created_timestamp&quot;:&quot;0&quot;,&quot;copyright&quot;:&quot;tribalium81&quot;,&quot;focal_length&quot;:&quot;0&quot;,&quot;iso&quot;:&quot;0&quot;,&quot;shutter_speed&quot;:&quot;0&quot;,&quot;title&quot;:&quot;anchor and rope design&quot;,&quot;orientation&quot;:&quot;1&quot;}\" data-image-title=\"anchor and rope design\" data-image-description=\"\" data-image-caption=\"\" data-large-file=\"https:\/\/i0.wp.com\/pequod.nesodd1.no\/wp-content\/uploads\/2019\/10\/klistremerker-anker-og-tau-design.jpg.jpg?fit=25%2C25&amp;ssl=1\" class=\"alignnone size-full wp-image-16489\" src=\"https:\/\/i0.wp.com\/pequod.nesodd1.no\/wp-content\/uploads\/2019\/10\/klistremerker-anker-og-tau-design.jpg.jpg?resize=25%2C25&amp;ssl=1\" alt=\"\" width=\"25\" height=\"25\" data-attachment-id=\"16489\" data-permalink=\"https:\/\/pequod.nesodd1.no\/?attachment_id=16489\" data-orig-file=\"https:\/\/i0.wp.com\/pequod.nesodd1.no\/wp-content\/uploads\/2019\/10\/klistremerker-anker-og-tau-design.jpg.jpg?fit=25%2C25&amp;ssl=1\" data-orig-size=\"25,25\" data-comments-opened=\"1\" data-image-meta=\"{&quot;aperture&quot;:&quot;0&quot;,&quot;credit&quot;:&quot;tribalium81&quot;,&quot;camera&quot;:&quot;&quot;,&quot;caption&quot;:&quot;&quot;,&quot;created_timestamp&quot;:&quot;0&quot;,&quot;copyright&quot;:&quot;tribalium81&quot;,&quot;focal_length&quot;:&quot;0&quot;,&quot;iso&quot;:&quot;0&quot;,&quot;shutter_speed&quot;:&quot;0&quot;,&quot;title&quot;:&quot;anchor and rope design&quot;,&quot;orientation&quot;:&quot;1&quot;}\" data-image-title=\"anchor and rope design\" data-image-description=\"\" data-image-caption=\"\" data-medium-file=\"https:\/\/i0.wp.com\/pequod.nesodd1.no\/wp-content\/uploads\/2019\/10\/klistremerker-anker-og-tau-design.jpg.jpg?fit=25%2C25&amp;ssl=1\" data-large-file=\"https:\/\/i0.wp.com\/pequod.nesodd1.no\/wp-content\/uploads\/2019\/10\/klistremerker-anker-og-tau-design.jpg.jpg?fit=25%2C25&amp;ssl=1\" data-recalc-dims=\"1\"><\/a><\/strong><br \/>\n<b>Posisjon: <\/b>58\u00b014,5&#8217;N 11\u00b030,4&#8217;E &nbsp;<br \/>\n<b>Bes\u00f8kt antall ganger:<\/b>&nbsp;1&nbsp;<b>Sist bes\u00f8kt:<\/b> Oktober 2024 <a href=\"https:\/\/allmogebatar.se\/bassholmen\/\" target=\"_blank\" rel=\"noopener\">Hjemmeside.<\/a><br \/>\n<b>Fasiliteter:<\/b> Str\u00f8m og vann samt toaletter (tror jeg). Kaf\u00e9\/kiosk og museum om sommeren.<br \/>\n<strong>Havneavgift (for 29-foter):&nbsp;<\/strong>Vet ikke, ingen automat eller annen info tilgjengelig.<br \/>\n<strong>Fort\u00f8yning:<\/strong> Baug\/akter mot brygge og anker. Langsides utenom sesongen.<br \/>\n<b>Tilrettelagt for funksjonshemmede:&nbsp;<\/b>Nei, ikke spesielt, men som amputert med protese hadde jeg ingen problemer.<\/p>\n<p>Bassholmen har jeg alltid hatt lyst til \u00e5 bes\u00f8ke de f\u00e5 gangene jeg har v\u00e6rt i omr\u00e5det, men da har det alltid v\u00e6rt fullt der. Langt ut i oktober var jeg imidlertid eneste b\u00e5t der, s\u00e5 da kunne jeg b\u00e5de breie meg langsides og ta et landhugg for \u00e5 se meg litt rundt.<\/p>\n<figure id=\"attachment_29634\" aria-describedby=\"caption-attachment-29634\" style=\"width: 1000px\" class=\"wp-caption aligncenter\"><a href=\"https:\/\/i0.wp.com\/pequod.nesodd1.no\/wp-content\/uploads\/2024\/10\/IMG_2547.jpeg.e2ed361849e31ba27ae25f28b9be9cbd.jpeg?ssl=1\"><img data-recalc-dims=\"1\" loading=\"lazy\" decoding=\"async\" data-attachment-id=\"29634\" data-permalink=\"https:\/\/pequod.nesodd1.no\/?attachment_id=29634\" data-orig-file=\"https:\/\/i0.wp.com\/pequod.nesodd1.no\/wp-content\/uploads\/2024\/10\/IMG_2547.jpeg.e2ed361849e31ba27ae25f28b9be9cbd.jpeg?fit=1000%2C750&amp;ssl=1\" data-orig-size=\"1000,750\" data-comments-opened=\"1\" data-image-meta=\"{&quot;aperture&quot;:&quot;0&quot;,&quot;credit&quot;:&quot;&quot;,&quot;camera&quot;:&quot;&quot;,&quot;caption&quot;:&quot;&quot;,&quot;created_timestamp&quot;:&quot;0&quot;,&quot;copyright&quot;:&quot;&quot;,&quot;focal_length&quot;:&quot;0&quot;,&quot;iso&quot;:&quot;0&quot;,&quot;shutter_speed&quot;:&quot;0&quot;,&quot;title&quot;:&quot;&quot;,&quot;orientation&quot;:&quot;0&quot;}\" data-image-title=\"IMG_2547.jpeg.e2ed361849e31ba27ae25f28b9be9cbd\" data-image-description=\"\" data-image-caption=\"&lt;p&gt;Endelig fort\u00f8yd p\u00e5 Bassholmen!&lt;\/p&gt;\n\" data-large-file=\"https:\/\/i0.wp.com\/pequod.nesodd1.no\/wp-content\/uploads\/2024\/10\/IMG_2547.jpeg.e2ed361849e31ba27ae25f28b9be9cbd.jpeg?fit=940%2C705&amp;ssl=1\" class=\"size-full wp-image-29634\" src=\"https:\/\/i0.wp.com\/pequod.nesodd1.no\/wp-content\/uploads\/2024\/10\/IMG_2547.jpeg.e2ed361849e31ba27ae25f28b9be9cbd.jpeg?resize=940%2C705&#038;ssl=1\" alt=\"\" width=\"940\" height=\"705\" srcset=\"https:\/\/i0.wp.com\/pequod.nesodd1.no\/wp-content\/uploads\/2024\/10\/IMG_2547.jpeg.e2ed361849e31ba27ae25f28b9be9cbd.jpeg?w=1000&amp;ssl=1 1000w, https:\/\/i0.wp.com\/pequod.nesodd1.no\/wp-content\/uploads\/2024\/10\/IMG_2547.jpeg.e2ed361849e31ba27ae25f28b9be9cbd.jpeg?resize=300%2C225&amp;ssl=1 300w, https:\/\/i0.wp.com\/pequod.nesodd1.no\/wp-content\/uploads\/2024\/10\/IMG_2547.jpeg.e2ed361849e31ba27ae25f28b9be9cbd.jpeg?resize=100%2C75&amp;ssl=1 100w, https:\/\/i0.wp.com\/pequod.nesodd1.no\/wp-content\/uploads\/2024\/10\/IMG_2547.jpeg.e2ed361849e31ba27ae25f28b9be9cbd.jpeg?resize=768%2C576&amp;ssl=1 768w\" sizes=\"auto, (max-width: 940px) 100vw, 940px\" \/><\/a><figcaption id=\"caption-attachment-29634\" class=\"wp-caption-text\"><em>Endelig fort\u00f8yd p\u00e5 Bassholmen!<\/em><\/figcaption><\/figure>\n<p>Bassholmen har en lang historie med b\u00e5de trankokeri og sildesalteri, samt ikke minst som skipsverft. N\u00e5 er det museum og museumshavn der det om sommeren ligger <a href=\"https:\/\/i0.wp.com\/pequod.nesodd1.no\/wp-content\/uploads\/2024\/10\/462467628_10159981893172032_5874609988126173286_n.jpg?ssl=1\"><img data-recalc-dims=\"1\" loading=\"lazy\" decoding=\"async\" data-attachment-id=\"29636\" data-permalink=\"https:\/\/pequod.nesodd1.no\/?attachment_id=29636\" data-orig-file=\"https:\/\/i0.wp.com\/pequod.nesodd1.no\/wp-content\/uploads\/2024\/10\/462467628_10159981893172032_5874609988126173286_n.jpg?fit=2048%2C1152&amp;ssl=1\" data-orig-size=\"2048,1152\" data-comments-opened=\"1\" data-image-meta=\"{&quot;aperture&quot;:&quot;0&quot;,&quot;credit&quot;:&quot;&quot;,&quot;camera&quot;:&quot;&quot;,&quot;caption&quot;:&quot;&quot;,&quot;created_timestamp&quot;:&quot;0&quot;,&quot;copyright&quot;:&quot;&quot;,&quot;focal_length&quot;:&quot;0&quot;,&quot;iso&quot;:&quot;0&quot;,&quot;shutter_speed&quot;:&quot;0&quot;,&quot;title&quot;:&quot;&quot;,&quot;orientation&quot;:&quot;0&quot;}\" data-image-title=\"462467628_10159981893172032_5874609988126173286_n\" data-image-description=\"&lt;p&gt;Bassholmen&lt;\/p&gt;\n\" data-image-caption=\"\" data-large-file=\"https:\/\/i0.wp.com\/pequod.nesodd1.no\/wp-content\/uploads\/2024\/10\/462467628_10159981893172032_5874609988126173286_n.jpg?fit=940%2C529&amp;ssl=1\" class=\"alignleft wp-image-29636 size-medium\" src=\"https:\/\/i0.wp.com\/pequod.nesodd1.no\/wp-content\/uploads\/2024\/10\/462467628_10159981893172032_5874609988126173286_n.jpg?resize=300%2C169&#038;ssl=1\" alt=\"\" width=\"300\" height=\"169\" srcset=\"https:\/\/i0.wp.com\/pequod.nesodd1.no\/wp-content\/uploads\/2024\/10\/462467628_10159981893172032_5874609988126173286_n.jpg?resize=300%2C169&amp;ssl=1 300w, https:\/\/i0.wp.com\/pequod.nesodd1.no\/wp-content\/uploads\/2024\/10\/462467628_10159981893172032_5874609988126173286_n.jpg?resize=1024%2C576&amp;ssl=1 1024w, https:\/\/i0.wp.com\/pequod.nesodd1.no\/wp-content\/uploads\/2024\/10\/462467628_10159981893172032_5874609988126173286_n.jpg?resize=100%2C56&amp;ssl=1 100w, https:\/\/i0.wp.com\/pequod.nesodd1.no\/wp-content\/uploads\/2024\/10\/462467628_10159981893172032_5874609988126173286_n.jpg?resize=768%2C432&amp;ssl=1 768w, https:\/\/i0.wp.com\/pequod.nesodd1.no\/wp-content\/uploads\/2024\/10\/462467628_10159981893172032_5874609988126173286_n.jpg?resize=1536%2C864&amp;ssl=1 1536w, https:\/\/i0.wp.com\/pequod.nesodd1.no\/wp-content\/uploads\/2024\/10\/462467628_10159981893172032_5874609988126173286_n.jpg?w=2048&amp;ssl=1 2048w, https:\/\/i0.wp.com\/pequod.nesodd1.no\/wp-content\/uploads\/2024\/10\/462467628_10159981893172032_5874609988126173286_n.jpg?w=1880&amp;ssl=1 1880w\" sizes=\"auto, (max-width: 300px) 100vw, 300px\" \/><\/a>utstilt en rekke tradisjonelle treb\u00e5ter. Man kan ogs\u00e5 f\u00e5 guidet omvisning og titte p\u00e5 restaurerings- og reparasjonsarbeidene som frivillige gjennomf\u00f8rer. Det kan vel sammenlignes med slike fart\u00f8yvernssentere som vi i Norge har p\u00e5 blant annet Bredalsholmen utenfor Kristiansand og p\u00e5 Isegran i Fredrikstad, om enn i noe mindre m\u00e5lestokk.<\/p>\n<p>\u00d8ya er en del av et naturreservat og det er pent anlagt stier som g\u00e5r over hele omr\u00e5det og et gjestehus om sommeren et annet sted p\u00e5 \u00f8ya.<\/p>\n<p>I oktober var det selvsagt d\u00f8rgende stille her og alt stengt, men jeg fikk n\u00e5 tatt en stopp og sett meg litt rundt. M\u00e5 pr\u00f8ve \u00e5 f\u00e5 lagt til her en gang n\u00e5r det er \u00e5pent her og den lille museumshavna p\u00e5 innsiden er full av vakre flytende klenodier!<\/p>\n<figure id=\"attachment_29688\" aria-describedby=\"caption-attachment-29688\" style=\"width: 1000px\" class=\"wp-caption aligncenter\"><a href=\"https:\/\/i0.wp.com\/pequod.nesodd1.no\/wp-content\/uploads\/2024\/10\/IMG_2583.jpeg.bfb4f28227c14108a17840758dc911fd.jpeg?ssl=1\"><img data-recalc-dims=\"1\" loading=\"lazy\" decoding=\"async\" data-attachment-id=\"29688\" data-permalink=\"https:\/\/pequod.nesodd1.no\/?attachment_id=29688\" data-orig-file=\"https:\/\/i0.wp.com\/pequod.nesodd1.no\/wp-content\/uploads\/2024\/10\/IMG_2583.jpeg.bfb4f28227c14108a17840758dc911fd.jpeg?fit=1000%2C750&amp;ssl=1\" data-orig-size=\"1000,750\" data-comments-opened=\"1\" data-image-meta=\"{&quot;aperture&quot;:&quot;0&quot;,&quot;credit&quot;:&quot;&quot;,&quot;camera&quot;:&quot;&quot;,&quot;caption&quot;:&quot;&quot;,&quot;created_timestamp&quot;:&quot;0&quot;,&quot;copyright&quot;:&quot;&quot;,&quot;focal_length&quot;:&quot;0&quot;,&quot;iso&quot;:&quot;0&quot;,&quot;shutter_speed&quot;:&quot;0&quot;,&quot;title&quot;:&quot;&quot;,&quot;orientation&quot;:&quot;0&quot;}\" data-image-title=\"IMG_2583.jpeg.bfb4f28227c14108a17840758dc911fd\" data-image-description=\"&lt;p&gt;Bassholmen&lt;\/p&gt;\n\" data-image-caption=\"&lt;p&gt;Musuemshavna i Bassholmen var ganske tom s\u00e5 sent p\u00e5 \u00e5ret!&lt;\/p&gt;\n\" data-large-file=\"https:\/\/i0.wp.com\/pequod.nesodd1.no\/wp-content\/uploads\/2024\/10\/IMG_2583.jpeg.bfb4f28227c14108a17840758dc911fd.jpeg?fit=940%2C705&amp;ssl=1\" class=\"size-full wp-image-29688\" src=\"https:\/\/i0.wp.com\/pequod.nesodd1.no\/wp-content\/uploads\/2024\/10\/IMG_2583.jpeg.bfb4f28227c14108a17840758dc911fd.jpeg?resize=940%2C705&#038;ssl=1\" alt=\"\" width=\"940\" height=\"705\" srcset=\"https:\/\/i0.wp.com\/pequod.nesodd1.no\/wp-content\/uploads\/2024\/10\/IMG_2583.jpeg.bfb4f28227c14108a17840758dc911fd.jpeg?w=1000&amp;ssl=1 1000w, https:\/\/i0.wp.com\/pequod.nesodd1.no\/wp-content\/uploads\/2024\/10\/IMG_2583.jpeg.bfb4f28227c14108a17840758dc911fd.jpeg?resize=300%2C225&amp;ssl=1 300w, https:\/\/i0.wp.com\/pequod.nesodd1.no\/wp-content\/uploads\/2024\/10\/IMG_2583.jpeg.bfb4f28227c14108a17840758dc911fd.jpeg?resize=100%2C75&amp;ssl=1 100w, https:\/\/i0.wp.com\/pequod.nesodd1.no\/wp-content\/uploads\/2024\/10\/IMG_2583.jpeg.bfb4f28227c14108a17840758dc911fd.jpeg?resize=768%2C576&amp;ssl=1 768w\" sizes=\"auto, (max-width: 940px) 100vw, 940px\" \/><\/a><figcaption id=\"caption-attachment-29688\" class=\"wp-caption-text\"><em>Musuemshavna i Bassholmen var ganske tom s\u00e5 sent p\u00e5 \u00e5ret!<\/em><\/figcaption><\/figure>\n<h3>Related Images:<\/h3>","protected":false},"excerpt":{"rendered":"<p>Vurdering (5 anker er best):&nbsp; Posisjon: 58\u00b014,5&#8217;N 11\u00b030,4&#8217;E &nbsp; Bes\u00f8kt antall ganger:&nbsp;1&nbsp;Sist bes\u00f8kt: Oktober 2024 Hjemmeside. Fasiliteter: Str\u00f8m og vann samt toaletter (tror jeg). Kaf\u00e9\/kiosk og museum om sommeren. Havneavgift (for 29-foter):&nbsp;Vet ikke, ingen automat eller annen info tilgjengelig. Fort\u00f8yning: Baug\/akter mot brygge og anker. Langsides utenom sesongen. Tilrettelagt for funksjonshemmede:&nbsp;Nei, ikke spesielt, men som &hellip;<br \/><a href=\"https:\/\/pequod.nesodd1.no\/?page_id=29974\" class=\"more-link pen_element_default pen_icon_arrow_double\">Les<\/a><\/p>\n","protected":false},"author":1,"featured_media":29625,"parent":5493,"menu_order":0,"comment_status":"closed","ping_status":"closed","template":"","meta":{"_crdt_document":"","ngg_post_thumbnail":0,"jetpack_post_was_ever_published":false,"footnotes":""},"class_list":["post-29974","page","type-page","status-publish","has-post-thumbnail","hentry"],"jetpack_shortlink":"https:\/\/wp.me\/P3Zd9b-7Ns","jetpack_sharing_enabled":true,"jetpack_likes_enabled":true,"jetpack-related-posts":[],"_links":{"self":[{"href":"https:\/\/pequod.nesodd1.no\/index.php?rest_route=\/wp\/v2\/pages\/29974","targetHints":{"allow":["GET"]}}],"collection":[{"href":"https:\/\/pequod.nesodd1.no\/index.php?rest_route=\/wp\/v2\/pages"}],"about":[{"href":"https:\/\/pequod.nesodd1.no\/index.php?rest_route=\/wp\/v2\/types\/page"}],"author":[{"embeddable":true,"href":"https:\/\/pequod.nesodd1.no\/index.php?rest_route=\/wp\/v2\/users\/1"}],"replies":[{"embeddable":true,"href":"https:\/\/pequod.nesodd1.no\/index.php?rest_route=%2Fwp%2Fv2%2Fcomments&post=29974"}],"version-history":[{"count":2,"href":"https:\/\/pequod.nesodd1.no\/index.php?rest_route=\/wp\/v2\/pages\/29974\/revisions"}],"predecessor-version":[{"id":29977,"href":"https:\/\/pequod.nesodd1.no\/index.php?rest_route=\/wp\/v2\/pages\/29974\/revisions\/29977"}],"up":[{"embeddable":true,"href":"https:\/\/pequod.nesodd1.no\/index.php?rest_route=\/wp\/v2\/pages\/5493"}],"wp:featuredmedia":[{"embeddable":true,"href":"https:\/\/pequod.nesodd1.no\/index.php?rest_route=\/wp\/v2\/media\/29625"}],"wp:attachment":[{"href":"https:\/\/pequod.nesodd1.no\/index.php?rest_route=%2Fwp%2Fv2%2Fmedia&parent=29974"}],"curies":[{"name":"wp","href":"https:\/\/api.w.org\/{rel}","templated":true}]}}