{"id":30168,"date":"2025-05-05T14:38:59","date_gmt":"2025-05-05T12:38:59","guid":{"rendered":"https:\/\/pequod.nesodd1.no\/?page_id=30168"},"modified":"2025-05-05T14:38:59","modified_gmt":"2025-05-05T12:38:59","slug":"kostersundet-nord-koster","status":"publish","type":"page","link":"https:\/\/pequod.nesodd1.no\/?page_id=30168","title":{"rendered":"Kostersundet (Nord-Koster)"},"content":{"rendered":"<p><strong>Vurdering (5 anker er best):&nbsp;<a href=\"https:\/\/i0.wp.com\/pequod.nesodd1.no\/wp-content\/uploads\/2019\/10\/klistremerker-anker-og-tau-design.jpg.jpg?ssl=1\"><img loading=\"lazy\" decoding=\"async\" data-attachment-id=\"16489\" data-permalink=\"https:\/\/pequod.nesodd1.no\/?attachment_id=16489\" data-orig-file=\"https:\/\/i0.wp.com\/pequod.nesodd1.no\/wp-content\/uploads\/2019\/10\/klistremerker-anker-og-tau-design.jpg.jpg?fit=25%2C25&amp;ssl=1\" data-orig-size=\"25,25\" data-comments-opened=\"1\" data-image-meta=\"{&quot;aperture&quot;:&quot;0&quot;,&quot;credit&quot;:&quot;tribalium81&quot;,&quot;camera&quot;:&quot;&quot;,&quot;caption&quot;:&quot;&quot;,&quot;created_timestamp&quot;:&quot;0&quot;,&quot;copyright&quot;:&quot;tribalium81&quot;,&quot;focal_length&quot;:&quot;0&quot;,&quot;iso&quot;:&quot;0&quot;,&quot;shutter_speed&quot;:&quot;0&quot;,&quot;title&quot;:&quot;anchor and rope design&quot;,&quot;orientation&quot;:&quot;1&quot;}\" data-image-title=\"anchor and rope design\" data-image-description=\"\" data-image-caption=\"\" data-medium-file=\"https:\/\/i0.wp.com\/pequod.nesodd1.no\/wp-content\/uploads\/2019\/10\/klistremerker-anker-og-tau-design.jpg.jpg?fit=25%2C25&amp;ssl=1\" data-large-file=\"https:\/\/i0.wp.com\/pequod.nesodd1.no\/wp-content\/uploads\/2019\/10\/klistremerker-anker-og-tau-design.jpg.jpg?fit=25%2C25&amp;ssl=1\" class=\"alignnone size-full wp-image-16489\" src=\"https:\/\/i0.wp.com\/pequod.nesodd1.no\/wp-content\/uploads\/2019\/10\/klistremerker-anker-og-tau-design.jpg.jpg?resize=25%2C25&amp;ssl=1\" alt=\"\" width=\"25\" height=\"25\" data-recalc-dims=\"1\" data-attachment-id=\"16489\" data-permalink=\"https:\/\/pequod.nesodd1.no\/?attachment_id=16489\" data-orig-file=\"https:\/\/i0.wp.com\/pequod.nesodd1.no\/wp-content\/uploads\/2019\/10\/klistremerker-anker-og-tau-design.jpg.jpg?fit=25%2C25&amp;ssl=1\" data-orig-size=\"25,25\" data-comments-opened=\"1\" data-image-meta=\"{&quot;aperture&quot;:&quot;0&quot;,&quot;credit&quot;:&quot;tribalium81&quot;,&quot;camera&quot;:&quot;&quot;,&quot;caption&quot;:&quot;&quot;,&quot;created_timestamp&quot;:&quot;0&quot;,&quot;copyright&quot;:&quot;tribalium81&quot;,&quot;focal_length&quot;:&quot;0&quot;,&quot;iso&quot;:&quot;0&quot;,&quot;shutter_speed&quot;:&quot;0&quot;,&quot;title&quot;:&quot;anchor and rope design&quot;,&quot;orientation&quot;:&quot;1&quot;}\" data-image-title=\"anchor and rope design\" data-image-description=\"\" data-image-caption=\"\" data-medium-file=\"https:\/\/i0.wp.com\/pequod.nesodd1.no\/wp-content\/uploads\/2019\/10\/klistremerker-anker-og-tau-design.jpg.jpg?fit=25%2C25&amp;ssl=1\" data-large-file=\"https:\/\/i0.wp.com\/pequod.nesodd1.no\/wp-content\/uploads\/2019\/10\/klistremerker-anker-og-tau-design.jpg.jpg?fit=25%2C25&amp;ssl=1\"><\/a><a href=\"https:\/\/i0.wp.com\/pequod.nesodd1.no\/wp-content\/uploads\/2019\/10\/klistremerker-anker-og-tau-design.jpg.jpg?ssl=1\"><img loading=\"lazy\" decoding=\"async\" data-attachment-id=\"16489\" data-permalink=\"https:\/\/pequod.nesodd1.no\/?attachment_id=16489\" data-orig-file=\"https:\/\/i0.wp.com\/pequod.nesodd1.no\/wp-content\/uploads\/2019\/10\/klistremerker-anker-og-tau-design.jpg.jpg?fit=25%2C25&amp;ssl=1\" data-orig-size=\"25,25\" data-comments-opened=\"1\" data-image-meta=\"{&quot;aperture&quot;:&quot;0&quot;,&quot;credit&quot;:&quot;tribalium81&quot;,&quot;camera&quot;:&quot;&quot;,&quot;caption&quot;:&quot;&quot;,&quot;created_timestamp&quot;:&quot;0&quot;,&quot;copyright&quot;:&quot;tribalium81&quot;,&quot;focal_length&quot;:&quot;0&quot;,&quot;iso&quot;:&quot;0&quot;,&quot;shutter_speed&quot;:&quot;0&quot;,&quot;title&quot;:&quot;anchor and rope design&quot;,&quot;orientation&quot;:&quot;1&quot;}\" data-image-title=\"anchor and rope design\" data-image-description=\"\" data-image-caption=\"\" data-medium-file=\"https:\/\/i0.wp.com\/pequod.nesodd1.no\/wp-content\/uploads\/2019\/10\/klistremerker-anker-og-tau-design.jpg.jpg?fit=25%2C25&amp;ssl=1\" data-large-file=\"https:\/\/i0.wp.com\/pequod.nesodd1.no\/wp-content\/uploads\/2019\/10\/klistremerker-anker-og-tau-design.jpg.jpg?fit=25%2C25&amp;ssl=1\" class=\"alignnone size-full wp-image-16489\" src=\"https:\/\/i0.wp.com\/pequod.nesodd1.no\/wp-content\/uploads\/2019\/10\/klistremerker-anker-og-tau-design.jpg.jpg?resize=25%2C25&amp;ssl=1\" alt=\"\" width=\"25\" height=\"25\" data-recalc-dims=\"1\" data-attachment-id=\"16489\" data-permalink=\"https:\/\/pequod.nesodd1.no\/?attachment_id=16489\" data-orig-file=\"https:\/\/i0.wp.com\/pequod.nesodd1.no\/wp-content\/uploads\/2019\/10\/klistremerker-anker-og-tau-design.jpg.jpg?fit=25%2C25&amp;ssl=1\" data-orig-size=\"25,25\" data-comments-opened=\"1\" data-image-meta=\"{&quot;aperture&quot;:&quot;0&quot;,&quot;credit&quot;:&quot;tribalium81&quot;,&quot;camera&quot;:&quot;&quot;,&quot;caption&quot;:&quot;&quot;,&quot;created_timestamp&quot;:&quot;0&quot;,&quot;copyright&quot;:&quot;tribalium81&quot;,&quot;focal_length&quot;:&quot;0&quot;,&quot;iso&quot;:&quot;0&quot;,&quot;shutter_speed&quot;:&quot;0&quot;,&quot;title&quot;:&quot;anchor and rope design&quot;,&quot;orientation&quot;:&quot;1&quot;}\" data-image-title=\"anchor and rope design\" data-image-description=\"\" data-image-caption=\"\" data-medium-file=\"https:\/\/i0.wp.com\/pequod.nesodd1.no\/wp-content\/uploads\/2019\/10\/klistremerker-anker-og-tau-design.jpg.jpg?fit=25%2C25&amp;ssl=1\" data-large-file=\"https:\/\/i0.wp.com\/pequod.nesodd1.no\/wp-content\/uploads\/2019\/10\/klistremerker-anker-og-tau-design.jpg.jpg?fit=25%2C25&amp;ssl=1\"><\/a><a href=\"https:\/\/i0.wp.com\/pequod.nesodd1.no\/wp-content\/uploads\/2019\/10\/klistremerker-anker-og-tau-design.jpg.jpg?ssl=1\"><img loading=\"lazy\" decoding=\"async\" data-attachment-id=\"16489\" data-permalink=\"https:\/\/pequod.nesodd1.no\/?attachment_id=16489\" data-orig-file=\"https:\/\/i0.wp.com\/pequod.nesodd1.no\/wp-content\/uploads\/2019\/10\/klistremerker-anker-og-tau-design.jpg.jpg?fit=25%2C25&amp;ssl=1\" data-orig-size=\"25,25\" data-comments-opened=\"1\" data-image-meta=\"{&quot;aperture&quot;:&quot;0&quot;,&quot;credit&quot;:&quot;tribalium81&quot;,&quot;camera&quot;:&quot;&quot;,&quot;caption&quot;:&quot;&quot;,&quot;created_timestamp&quot;:&quot;0&quot;,&quot;copyright&quot;:&quot;tribalium81&quot;,&quot;focal_length&quot;:&quot;0&quot;,&quot;iso&quot;:&quot;0&quot;,&quot;shutter_speed&quot;:&quot;0&quot;,&quot;title&quot;:&quot;anchor and rope design&quot;,&quot;orientation&quot;:&quot;1&quot;}\" data-image-title=\"anchor and rope design\" data-image-description=\"\" data-image-caption=\"\" data-medium-file=\"https:\/\/i0.wp.com\/pequod.nesodd1.no\/wp-content\/uploads\/2019\/10\/klistremerker-anker-og-tau-design.jpg.jpg?fit=25%2C25&amp;ssl=1\" data-large-file=\"https:\/\/i0.wp.com\/pequod.nesodd1.no\/wp-content\/uploads\/2019\/10\/klistremerker-anker-og-tau-design.jpg.jpg?fit=25%2C25&amp;ssl=1\" class=\"alignnone size-full wp-image-16489\" src=\"https:\/\/i0.wp.com\/pequod.nesodd1.no\/wp-content\/uploads\/2019\/10\/klistremerker-anker-og-tau-design.jpg.jpg?resize=25%2C25&amp;ssl=1\" alt=\"\" width=\"25\" height=\"25\" data-recalc-dims=\"1\" data-attachment-id=\"16489\" data-permalink=\"https:\/\/pequod.nesodd1.no\/?attachment_id=16489\" data-orig-file=\"https:\/\/i0.wp.com\/pequod.nesodd1.no\/wp-content\/uploads\/2019\/10\/klistremerker-anker-og-tau-design.jpg.jpg?fit=25%2C25&amp;ssl=1\" data-orig-size=\"25,25\" data-comments-opened=\"1\" data-image-meta=\"{&quot;aperture&quot;:&quot;0&quot;,&quot;credit&quot;:&quot;tribalium81&quot;,&quot;camera&quot;:&quot;&quot;,&quot;caption&quot;:&quot;&quot;,&quot;created_timestamp&quot;:&quot;0&quot;,&quot;copyright&quot;:&quot;tribalium81&quot;,&quot;focal_length&quot;:&quot;0&quot;,&quot;iso&quot;:&quot;0&quot;,&quot;shutter_speed&quot;:&quot;0&quot;,&quot;title&quot;:&quot;anchor and rope design&quot;,&quot;orientation&quot;:&quot;1&quot;}\" data-image-title=\"anchor and rope design\" data-image-description=\"\" data-image-caption=\"\" data-medium-file=\"https:\/\/i0.wp.com\/pequod.nesodd1.no\/wp-content\/uploads\/2019\/10\/klistremerker-anker-og-tau-design.jpg.jpg?fit=25%2C25&amp;ssl=1\" data-large-file=\"https:\/\/i0.wp.com\/pequod.nesodd1.no\/wp-content\/uploads\/2019\/10\/klistremerker-anker-og-tau-design.jpg.jpg?fit=25%2C25&amp;ssl=1\"><\/a><\/strong><br \/>\n<strong>Posisjon:<\/strong> 58\u00b053&#8217;42.0&#8243;N 11\u00b000&#8217;54.0&#8243;E<br \/>\n<strong>Bes\u00f8kt antall ganger:<\/strong> 1&nbsp;&nbsp;<strong>Sist bes\u00f8kt:<\/strong> April 2025. &nbsp;&nbsp;<a href=\"https:\/\/nordkoster.kosterhamn.se\/sv\/Betala-Gasthamn\" target=\"_blank\" rel=\"noopener\">Booking\/betaling p\u00e5 nett.<\/a><br \/>\n<strong>Fasiliteter:<\/strong> Str\u00f8m, toalett, dusj, s\u00f8ppel, septikt\u00f8mming. Flere restauranter.<br \/>\n<strong>Havneavgift (for 29-foter): <\/strong>250 SEK inkludert str\u00f8m i april (330 i hovedsesong) via hjemmesiden (samme system som Vettnet (Kostersundet). Forh\u00e5ndsbooking via hjemmesiden.<br \/>\n<strong>Fort\u00f8yning:<\/strong> Langsides (drop-in), b\u00e5s (kan forh\u00e5ndsbestilles)<br \/>\n<b>Tilrettelagt for funksjonshemmede:<\/b> Helt greit hvis man legger seg ved flytebrygga, i b\u00e5s er det avhengig av handicapgrad. Sjekket ikke ut toalettfasilitetene, men vil tro at det kanskje er et handicaptoalett siden Kostersundet vel er den st\u00f8rste og mest popul\u00e6re gjestehavna p\u00e5 Koster?<\/p>\n<p>Jeg har v\u00e6rt i Kostersundet en gang, men da kom jeg med Kosterfergen. S\u00e5 har jeg t\u00f8ffet gjennom sundet et par ganger, b\u00e5de fra nord og fra s\u00f8r, men jeg har aldri ligget her i selve gjestehavna.<\/p>\n<p>En av \u00e5rsakene er at det stort sett er ganske fullt her, og at det med to restauranter\/utesteder er ganske livlig her ogs\u00e5, mens jeg helst foretrekker litt mer rolige forhold. S\u00e5 da har jeg havnet p\u00e5 Vettnet stort sett, pluss mitt f\u00f8rste bes\u00f8k i Kyrkosund i fjor (2024). Begge mer rolige steder.<\/p>\n<figure id=\"attachment_30079\" aria-describedby=\"caption-attachment-30079\" style=\"width: 300px\" class=\"wp-caption alignleft\"><a href=\"https:\/\/i0.wp.com\/pequod.nesodd1.no\/wp-content\/uploads\/2025\/04\/490123317_10160717122672032_6334156588778521797_n.jpg.3e09f8261e7596711a9eb062f3d8440b.jpg?ssl=1\"><img data-recalc-dims=\"1\" loading=\"lazy\" decoding=\"async\" data-attachment-id=\"30079\" data-permalink=\"https:\/\/pequod.nesodd1.no\/?attachment_id=30079\" data-orig-file=\"https:\/\/i0.wp.com\/pequod.nesodd1.no\/wp-content\/uploads\/2025\/04\/490123317_10160717122672032_6334156588778521797_n.jpg.3e09f8261e7596711a9eb062f3d8440b.jpg?fit=1000%2C750&amp;ssl=1\" data-orig-size=\"1000,750\" data-comments-opened=\"1\" data-image-meta=\"{&quot;aperture&quot;:&quot;0&quot;,&quot;credit&quot;:&quot;&quot;,&quot;camera&quot;:&quot;&quot;,&quot;caption&quot;:&quot;&quot;,&quot;created_timestamp&quot;:&quot;0&quot;,&quot;copyright&quot;:&quot;&quot;,&quot;focal_length&quot;:&quot;0&quot;,&quot;iso&quot;:&quot;0&quot;,&quot;shutter_speed&quot;:&quot;0&quot;,&quot;title&quot;:&quot;&quot;,&quot;orientation&quot;:&quot;0&quot;}\" data-image-title=\"490123317_10160717122672032_6334156588778521797_n.jpg.3e09f8261e7596711a9eb062f3d8440b\" data-image-description=\"&lt;p&gt;Koster, Nord-Koster&lt;\/p&gt;\n\" data-image-caption=\"&lt;p&gt;Koster har sin egen sjarm.&lt;\/p&gt;\n\" data-medium-file=\"https:\/\/i0.wp.com\/pequod.nesodd1.no\/wp-content\/uploads\/2025\/04\/490123317_10160717122672032_6334156588778521797_n.jpg.3e09f8261e7596711a9eb062f3d8440b.jpg?fit=300%2C225&amp;ssl=1\" data-large-file=\"https:\/\/i0.wp.com\/pequod.nesodd1.no\/wp-content\/uploads\/2025\/04\/490123317_10160717122672032_6334156588778521797_n.jpg.3e09f8261e7596711a9eb062f3d8440b.jpg?fit=940%2C705&amp;ssl=1\" class=\"wp-image-30079 size-medium\" src=\"https:\/\/i0.wp.com\/pequod.nesodd1.no\/wp-content\/uploads\/2025\/04\/490123317_10160717122672032_6334156588778521797_n.jpg.3e09f8261e7596711a9eb062f3d8440b.jpg?resize=300%2C225&#038;ssl=1\" alt=\"\" width=\"300\" height=\"225\" srcset=\"https:\/\/i0.wp.com\/pequod.nesodd1.no\/wp-content\/uploads\/2025\/04\/490123317_10160717122672032_6334156588778521797_n.jpg.3e09f8261e7596711a9eb062f3d8440b.jpg?resize=300%2C225&amp;ssl=1 300w, https:\/\/i0.wp.com\/pequod.nesodd1.no\/wp-content\/uploads\/2025\/04\/490123317_10160717122672032_6334156588778521797_n.jpg.3e09f8261e7596711a9eb062f3d8440b.jpg?resize=100%2C75&amp;ssl=1 100w, https:\/\/i0.wp.com\/pequod.nesodd1.no\/wp-content\/uploads\/2025\/04\/490123317_10160717122672032_6334156588778521797_n.jpg.3e09f8261e7596711a9eb062f3d8440b.jpg?resize=768%2C576&amp;ssl=1 768w, https:\/\/i0.wp.com\/pequod.nesodd1.no\/wp-content\/uploads\/2025\/04\/490123317_10160717122672032_6334156588778521797_n.jpg.3e09f8261e7596711a9eb062f3d8440b.jpg?w=1000&amp;ssl=1 1000w\" sizes=\"auto, (max-width: 300px) 100vw, 300px\" \/><\/a><figcaption id=\"caption-attachment-30079\" class=\"wp-caption-text\"><em>Koster har sin egen sjarm.<\/em><\/figcaption><\/figure>\n<p>Men p\u00e5 en liten f\u00f8r-p\u00e5sketur til Sverige, hvor jeg l\u00e5 to dager i Str\u00f6mstad f\u00f8r jeg &laquo;forhalte&raquo; til Koster, s\u00e5 benyttet jeg anledningen til \u00e5 legge meg her.<\/p>\n<p>Jeg la meg til i en b\u00e5s p\u00e5 innsiden selv om det er mulig \u00e5 legge seg langsides p\u00e5 utsiden, og langsides fort\u00f8yning er jo det jeg foretrekker som enbeint skipper.<\/p>\n<p>Men i Kostersundet er det mye trafikk, ikke minst fra Kosterfergene, og det ville derfor ha blitt en relativt urolig opplevelse \u00e5 ligge p\u00e5 utsiden av bryggene i to d\u00f8gn&#8230; Selv om det var tidlig i sesongen og f\u00e5 gjesteb\u00e5ter, s\u00e5 valgte jeg b\u00e5sfort\u00f8yning denne gangen. Det var solide utriggere, s\u00e5 det gikk helt fint.<\/p>\n<p>Jeg la meg til ved den f\u00f8rste bryggen jeg kom til, den \u00f8stre, og det var jeg i ettertid ganske glad for, for det l\u00e5 en st\u00f8rre cabincruiser ved den vestre, som dagen etter sto i full brann, s\u00e5 der hadde jeg litt flaks!<\/p>\n<p>P\u00e5 den \u00f8stre bryggen (og kanskje ogs\u00e5 p\u00e5 den vestre?) er b\u00e5splassene p\u00e5 innsiden delt opp, slik at den innerste delen er private plasser. Gjesteplassb\u00e5sene er markert med lys (gr\u00f8nn for ledig og r\u00f8d for opptatt\/bestilt), og er ogs\u00e5 noe st\u00f8rre enn de private, s\u00e5 det er vanskelig \u00e5 legge seg p\u00e5 feil plass!<\/p>\n<figure id=\"attachment_30171\" aria-describedby=\"caption-attachment-30171\" style=\"width: 300px\" class=\"wp-caption alignleft\"><a href=\"https:\/\/i0.wp.com\/pequod.nesodd1.no\/wp-content\/uploads\/2025\/05\/IMG_1408.jpg?ssl=1\"><img data-recalc-dims=\"1\" loading=\"lazy\" decoding=\"async\" data-attachment-id=\"30171\" data-permalink=\"https:\/\/pequod.nesodd1.no\/?attachment_id=30171\" data-orig-file=\"https:\/\/i0.wp.com\/pequod.nesodd1.no\/wp-content\/uploads\/2025\/05\/IMG_1408.jpg?fit=960%2C720&amp;ssl=1\" data-orig-size=\"960,720\" data-comments-opened=\"1\" data-image-meta=\"{&quot;aperture&quot;:&quot;0&quot;,&quot;credit&quot;:&quot;&quot;,&quot;camera&quot;:&quot;&quot;,&quot;caption&quot;:&quot;&quot;,&quot;created_timestamp&quot;:&quot;1744296684&quot;,&quot;copyright&quot;:&quot;&quot;,&quot;focal_length&quot;:&quot;0&quot;,&quot;iso&quot;:&quot;0&quot;,&quot;shutter_speed&quot;:&quot;0&quot;,&quot;title&quot;:&quot;&quot;,&quot;orientation&quot;:&quot;1&quot;}\" data-image-title=\"IMG_1408\" data-image-description=\"&lt;p&gt;Kostersundet, Nord-Koster, Koster&lt;\/p&gt;\n\" data-image-caption=\"&lt;p&gt;Servicebygget er det store r\u00f8de. Hers ett fra brygga hvor fergen legger til.&lt;\/p&gt;\n\" data-medium-file=\"https:\/\/i0.wp.com\/pequod.nesodd1.no\/wp-content\/uploads\/2025\/05\/IMG_1408.jpg?fit=300%2C225&amp;ssl=1\" data-large-file=\"https:\/\/i0.wp.com\/pequod.nesodd1.no\/wp-content\/uploads\/2025\/05\/IMG_1408.jpg?fit=940%2C705&amp;ssl=1\" class=\"wp-image-30171 size-medium\" src=\"https:\/\/i0.wp.com\/pequod.nesodd1.no\/wp-content\/uploads\/2025\/05\/IMG_1408.jpg?resize=300%2C225&#038;ssl=1\" alt=\"\" width=\"300\" height=\"225\" srcset=\"https:\/\/i0.wp.com\/pequod.nesodd1.no\/wp-content\/uploads\/2025\/05\/IMG_1408.jpg?resize=300%2C225&amp;ssl=1 300w, https:\/\/i0.wp.com\/pequod.nesodd1.no\/wp-content\/uploads\/2025\/05\/IMG_1408.jpg?resize=100%2C75&amp;ssl=1 100w, https:\/\/i0.wp.com\/pequod.nesodd1.no\/wp-content\/uploads\/2025\/05\/IMG_1408.jpg?resize=768%2C576&amp;ssl=1 768w, https:\/\/i0.wp.com\/pequod.nesodd1.no\/wp-content\/uploads\/2025\/05\/IMG_1408.jpg?w=960&amp;ssl=1 960w\" sizes=\"auto, (max-width: 300px) 100vw, 300px\" \/><\/a><figcaption id=\"caption-attachment-30171\" class=\"wp-caption-text\"><em>Servicebygget er det store r\u00f8de. Her sett fra brygga hvor ferga legger til.<\/em><\/figcaption><\/figure>\n<p>Det meste er jo mer sentralt her i Kostersundet, det ligger to restauranter her, en ved selve sundet, og en annen et steinkast fra brygga der fergene legger til. Tror ogs\u00e5 det er en restaurant p\u00e5 den andre siden av sundet. Den kommer man i s\u00e5 fall til ved \u00e5 ta kabelfergen som g\u00e5r mellom Nord-Koster og Syd-Koster.<\/p>\n<p>Utenom hovedsesongen er den imidlertid ubetjent, s\u00e5 da m\u00e5 man ha et eget kabelfergesertifikat for \u00e5 benytte den, s\u00e5 for meg i april var det ikke mulig \u00e5 ta den over. S\u00e5 da jeg bestemte meg for \u00e5 bli en natt til her, og trengte litt forsyninger, s\u00e5 valgte jeg \u00e5 ta Kosterfergen til Eken\u00e4s og spasere til den eneste dagligvarebutikken der.&nbsp; Kunne selvsagt ha valgt \u00e5 ta ferga inn til Str\u00e5omstad og handlet noe billigere der, men jeg var interessert i \u00e5 sjekke ut Eken\u00e4s og se mer av Syd-Koster, s\u00e5 da ble det slik.<\/p>\n<p>Og jeg gadd ikke ta egen b\u00e5t fram og tilbake til Str\u00f6mstad bare for \u00e5 handle! Trengte egentlig bare litt mer Pepsi-Max, s\u00e5 krise var det ikke!<\/p>\n<p>Det skal visstnok v\u00e6re en dagligvarebutikk her ved Kostersundet ogs\u00e5, som er \u00e5pen kun om sommeren (den p\u00e5 Syd-Koster er visst \u00e5pen hele \u00e5ret), men jeg kunne ikke se noen butikk der jeg gikk.<\/p>\n<p>Det er jo vanskelig \u00e5 komme med noen betraktninger om hvordan det er her n\u00e5r man ankommer s\u00e5 tidlig p\u00e5 \u00e5ret som jeg gjorde, men det er nok ganske livlig her om sommeren. Og alle snurrepiperiene som omkranser bygningene like ved restauranten Strandkanten er jo noe for seg selv. Har ikke sett noe slikt p\u00e5 Vettnet, men p\u00e5 spaserturen min fra Eken\u00e4s (som vel er neste havn p\u00e5 Koster som jeg m\u00e5 f\u00e5 bes\u00f8kt med egen b\u00e5t), og til butikken s\u00e5 gikk jeg forbi et par steder som hadde noe av det samme krimskramset.<\/p>\n<p>Servicetilbudet b\u00e5de til b\u00e5tgjester og andre bes\u00f8kende er dog noe bedre her enn p\u00e5 de andre havnene jeg har bes\u00f8kt p\u00e5 Koster, det kan jeg vel i alle fall sl\u00e5 fast!<\/p>\n<figure id=\"attachment_30172\" aria-describedby=\"caption-attachment-30172\" style=\"width: 960px\" class=\"wp-caption aligncenter\"><a href=\"https:\/\/i0.wp.com\/pequod.nesodd1.no\/wp-content\/uploads\/2025\/05\/IMG_1370.jpg?ssl=1\"><img data-recalc-dims=\"1\" loading=\"lazy\" decoding=\"async\" data-attachment-id=\"30172\" data-permalink=\"https:\/\/pequod.nesodd1.no\/?attachment_id=30172\" data-orig-file=\"https:\/\/i0.wp.com\/pequod.nesodd1.no\/wp-content\/uploads\/2025\/05\/IMG_1370.jpg?fit=960%2C720&amp;ssl=1\" data-orig-size=\"960,720\" data-comments-opened=\"1\" data-image-meta=\"{&quot;aperture&quot;:&quot;0&quot;,&quot;credit&quot;:&quot;&quot;,&quot;camera&quot;:&quot;&quot;,&quot;caption&quot;:&quot;&quot;,&quot;created_timestamp&quot;:&quot;1744295869&quot;,&quot;copyright&quot;:&quot;&quot;,&quot;focal_length&quot;:&quot;0&quot;,&quot;iso&quot;:&quot;0&quot;,&quot;shutter_speed&quot;:&quot;0&quot;,&quot;title&quot;:&quot;&quot;,&quot;orientation&quot;:&quot;1&quot;}\" data-image-title=\"IMG_1370\" data-image-description=\"&lt;p&gt;Kostersundet, Koster&lt;\/p&gt;\n\" data-image-caption=\"&lt;p&gt;Godt med plass p\u00e5 min f\u00f8rp\u00e5sketur!&lt;\/p&gt;\n\" data-medium-file=\"https:\/\/i0.wp.com\/pequod.nesodd1.no\/wp-content\/uploads\/2025\/05\/IMG_1370.jpg?fit=300%2C225&amp;ssl=1\" data-large-file=\"https:\/\/i0.wp.com\/pequod.nesodd1.no\/wp-content\/uploads\/2025\/05\/IMG_1370.jpg?fit=940%2C705&amp;ssl=1\" class=\"size-full wp-image-30172\" src=\"https:\/\/i0.wp.com\/pequod.nesodd1.no\/wp-content\/uploads\/2025\/05\/IMG_1370.jpg?resize=940%2C705&#038;ssl=1\" alt=\"\" width=\"940\" height=\"705\" srcset=\"https:\/\/i0.wp.com\/pequod.nesodd1.no\/wp-content\/uploads\/2025\/05\/IMG_1370.jpg?w=960&amp;ssl=1 960w, https:\/\/i0.wp.com\/pequod.nesodd1.no\/wp-content\/uploads\/2025\/05\/IMG_1370.jpg?resize=300%2C225&amp;ssl=1 300w, https:\/\/i0.wp.com\/pequod.nesodd1.no\/wp-content\/uploads\/2025\/05\/IMG_1370.jpg?resize=100%2C75&amp;ssl=1 100w, https:\/\/i0.wp.com\/pequod.nesodd1.no\/wp-content\/uploads\/2025\/05\/IMG_1370.jpg?resize=768%2C576&amp;ssl=1 768w\" sizes=\"auto, (max-width: 940px) 100vw, 940px\" \/><\/a><figcaption id=\"caption-attachment-30172\" class=\"wp-caption-text\">Godt med plass p\u00e5 min f\u00f8rp\u00e5sketur!<\/figcaption><\/figure>\n<h3>Related Images:<\/h3>","protected":false},"excerpt":{"rendered":"<p>Vurdering (5 anker er best):&nbsp; Posisjon: 58\u00b053&#8217;42.0&#8243;N 11\u00b000&#8217;54.0&#8243;E Bes\u00f8kt antall ganger: 1&nbsp;&nbsp;Sist bes\u00f8kt: April 2025. &nbsp;&nbsp;Booking\/betaling p\u00e5 nett. Fasiliteter: Str\u00f8m, toalett, dusj, s\u00f8ppel, septikt\u00f8mming. Flere restauranter. Havneavgift (for 29-foter): 250 SEK inkludert str\u00f8m i april (330 i hovedsesong) via hjemmesiden (samme system som Vettnet (Kostersundet). Forh\u00e5ndsbooking via hjemmesiden. Fort\u00f8yning: Langsides (drop-in), b\u00e5s (kan forh\u00e5ndsbestilles) Tilrettelagt &hellip;<br \/><a href=\"https:\/\/pequod.nesodd1.no\/?page_id=30168\" class=\"more-link pen_element_default pen_icon_arrow_double\">Les<\/a><\/p>\n","protected":false},"author":1,"featured_media":30076,"parent":5493,"menu_order":0,"comment_status":"closed","ping_status":"closed","template":"","meta":{"_crdt_document":"","ngg_post_thumbnail":0,"jetpack_post_was_ever_published":false,"footnotes":""},"class_list":["post-30168","page","type-page","status-publish","has-post-thumbnail","hentry"],"jetpack_shortlink":"https:\/\/wp.me\/P3Zd9b-7QA","jetpack_sharing_enabled":true,"jetpack_likes_enabled":true,"jetpack-related-posts":[],"_links":{"self":[{"href":"https:\/\/pequod.nesodd1.no\/index.php?rest_route=\/wp\/v2\/pages\/30168","targetHints":{"allow":["GET"]}}],"collection":[{"href":"https:\/\/pequod.nesodd1.no\/index.php?rest_route=\/wp\/v2\/pages"}],"about":[{"href":"https:\/\/pequod.nesodd1.no\/index.php?rest_route=\/wp\/v2\/types\/page"}],"author":[{"embeddable":true,"href":"https:\/\/pequod.nesodd1.no\/index.php?rest_route=\/wp\/v2\/users\/1"}],"replies":[{"embeddable":true,"href":"https:\/\/pequod.nesodd1.no\/index.php?rest_route=%2Fwp%2Fv2%2Fcomments&post=30168"}],"version-history":[{"count":3,"href":"https:\/\/pequod.nesodd1.no\/index.php?rest_route=\/wp\/v2\/pages\/30168\/revisions"}],"predecessor-version":[{"id":30173,"href":"https:\/\/pequod.nesodd1.no\/index.php?rest_route=\/wp\/v2\/pages\/30168\/revisions\/30173"}],"up":[{"embeddable":true,"href":"https:\/\/pequod.nesodd1.no\/index.php?rest_route=\/wp\/v2\/pages\/5493"}],"wp:featuredmedia":[{"embeddable":true,"href":"https:\/\/pequod.nesodd1.no\/index.php?rest_route=\/wp\/v2\/media\/30076"}],"wp:attachment":[{"href":"https:\/\/pequod.nesodd1.no\/index.php?rest_route=%2Fwp%2Fv2%2Fmedia&parent=30168"}],"curies":[{"name":"wp","href":"https:\/\/api.w.org\/{rel}","templated":true}]}}