{"id":30435,"date":"2025-07-03T11:35:55","date_gmt":"2025-07-03T09:35:55","guid":{"rendered":"https:\/\/pequod.nesodd1.no\/?page_id=30435"},"modified":"2025-07-03T11:35:55","modified_gmt":"2025-07-03T09:35:55","slug":"skjaeloy-ostfold","status":"publish","type":"page","link":"https:\/\/pequod.nesodd1.no\/?page_id=30435","title":{"rendered":"Skj\u00e6l\u00f8y (\u00d8stfold)"},"content":{"rendered":"<p><strong>Vurdering (5 anker er best):&nbsp;<a href=\"https:\/\/i0.wp.com\/pequod.nesodd1.no\/wp-content\/uploads\/2019\/10\/klistremerker-anker-og-tau-design.jpg.jpg?ssl=1\"><img loading=\"lazy\" decoding=\"async\" data-attachment-id=\"16489\" data-permalink=\"https:\/\/pequod.nesodd1.no\/?attachment_id=16489\" data-orig-file=\"https:\/\/i0.wp.com\/pequod.nesodd1.no\/wp-content\/uploads\/2019\/10\/klistremerker-anker-og-tau-design.jpg.jpg?fit=25%2C25&amp;ssl=1\" data-orig-size=\"25,25\" data-comments-opened=\"1\" data-image-meta=\"{&quot;aperture&quot;:&quot;0&quot;,&quot;credit&quot;:&quot;tribalium81&quot;,&quot;camera&quot;:&quot;&quot;,&quot;caption&quot;:&quot;&quot;,&quot;created_timestamp&quot;:&quot;0&quot;,&quot;copyright&quot;:&quot;tribalium81&quot;,&quot;focal_length&quot;:&quot;0&quot;,&quot;iso&quot;:&quot;0&quot;,&quot;shutter_speed&quot;:&quot;0&quot;,&quot;title&quot;:&quot;anchor and rope design&quot;,&quot;orientation&quot;:&quot;1&quot;}\" data-image-title=\"anchor and rope design\" data-image-description=\"\" data-image-caption=\"\" data-large-file=\"https:\/\/i0.wp.com\/pequod.nesodd1.no\/wp-content\/uploads\/2019\/10\/klistremerker-anker-og-tau-design.jpg.jpg?fit=25%2C25&amp;ssl=1\" class=\"alignnone size-full wp-image-16489 jetpack-lazy-image jetpack-lazy-image--handled\" src=\"https:\/\/i0.wp.com\/pequod.nesodd1.no\/wp-content\/uploads\/2019\/10\/klistremerker-anker-og-tau-design.jpg.jpg?resize=25%2C25&amp;ssl=1\" alt=\"\" width=\"25\" height=\"25\" data-recalc-dims=\"1\" data-attachment-id=\"16489\" data-permalink=\"https:\/\/pequod.nesodd1.no\/?attachment_id=16489\" data-orig-file=\"https:\/\/i0.wp.com\/pequod.nesodd1.no\/wp-content\/uploads\/2019\/10\/klistremerker-anker-og-tau-design.jpg.jpg?fit=25%2C25&amp;ssl=1\" data-orig-size=\"25,25\" data-comments-opened=\"1\" data-image-meta=\"{&quot;aperture&quot;:&quot;0&quot;,&quot;credit&quot;:&quot;tribalium81&quot;,&quot;camera&quot;:&quot;&quot;,&quot;caption&quot;:&quot;&quot;,&quot;created_timestamp&quot;:&quot;0&quot;,&quot;copyright&quot;:&quot;tribalium81&quot;,&quot;focal_length&quot;:&quot;0&quot;,&quot;iso&quot;:&quot;0&quot;,&quot;shutter_speed&quot;:&quot;0&quot;,&quot;title&quot;:&quot;anchor and rope design&quot;,&quot;orientation&quot;:&quot;1&quot;}\" data-image-title=\"anchor and rope design\" data-image-description=\"\" data-image-caption=\"\" data-medium-file=\"https:\/\/i0.wp.com\/pequod.nesodd1.no\/wp-content\/uploads\/2019\/10\/klistremerker-anker-og-tau-design.jpg.jpg?fit=25%2C25&amp;ssl=1\" data-large-file=\"https:\/\/i0.wp.com\/pequod.nesodd1.no\/wp-content\/uploads\/2019\/10\/klistremerker-anker-og-tau-design.jpg.jpg?fit=25%2C25&amp;ssl=1\" data-lazy-loaded=\"1\"><\/a><a href=\"https:\/\/i0.wp.com\/pequod.nesodd1.no\/wp-content\/uploads\/2019\/10\/klistremerker-anker-og-tau-design.jpg.jpg?ssl=1\"><img loading=\"lazy\" decoding=\"async\" data-attachment-id=\"16489\" data-permalink=\"https:\/\/pequod.nesodd1.no\/?attachment_id=16489\" data-orig-file=\"https:\/\/i0.wp.com\/pequod.nesodd1.no\/wp-content\/uploads\/2019\/10\/klistremerker-anker-og-tau-design.jpg.jpg?fit=25%2C25&amp;ssl=1\" data-orig-size=\"25,25\" data-comments-opened=\"1\" data-image-meta=\"{&quot;aperture&quot;:&quot;0&quot;,&quot;credit&quot;:&quot;tribalium81&quot;,&quot;camera&quot;:&quot;&quot;,&quot;caption&quot;:&quot;&quot;,&quot;created_timestamp&quot;:&quot;0&quot;,&quot;copyright&quot;:&quot;tribalium81&quot;,&quot;focal_length&quot;:&quot;0&quot;,&quot;iso&quot;:&quot;0&quot;,&quot;shutter_speed&quot;:&quot;0&quot;,&quot;title&quot;:&quot;anchor and rope design&quot;,&quot;orientation&quot;:&quot;1&quot;}\" data-image-title=\"anchor and rope design\" data-image-description=\"\" data-image-caption=\"\" data-large-file=\"https:\/\/i0.wp.com\/pequod.nesodd1.no\/wp-content\/uploads\/2019\/10\/klistremerker-anker-og-tau-design.jpg.jpg?fit=25%2C25&amp;ssl=1\" class=\"alignnone size-full wp-image-16489 jetpack-lazy-image jetpack-lazy-image--handled\" src=\"https:\/\/i0.wp.com\/pequod.nesodd1.no\/wp-content\/uploads\/2019\/10\/klistremerker-anker-og-tau-design.jpg.jpg?resize=25%2C25&amp;ssl=1\" alt=\"\" width=\"25\" height=\"25\" data-recalc-dims=\"1\" data-attachment-id=\"16489\" data-permalink=\"https:\/\/pequod.nesodd1.no\/?attachment_id=16489\" data-orig-file=\"https:\/\/i0.wp.com\/pequod.nesodd1.no\/wp-content\/uploads\/2019\/10\/klistremerker-anker-og-tau-design.jpg.jpg?fit=25%2C25&amp;ssl=1\" data-orig-size=\"25,25\" data-comments-opened=\"1\" data-image-meta=\"{&quot;aperture&quot;:&quot;0&quot;,&quot;credit&quot;:&quot;tribalium81&quot;,&quot;camera&quot;:&quot;&quot;,&quot;caption&quot;:&quot;&quot;,&quot;created_timestamp&quot;:&quot;0&quot;,&quot;copyright&quot;:&quot;tribalium81&quot;,&quot;focal_length&quot;:&quot;0&quot;,&quot;iso&quot;:&quot;0&quot;,&quot;shutter_speed&quot;:&quot;0&quot;,&quot;title&quot;:&quot;anchor and rope design&quot;,&quot;orientation&quot;:&quot;1&quot;}\" data-image-title=\"anchor and rope design\" data-image-description=\"\" data-image-caption=\"\" data-medium-file=\"https:\/\/i0.wp.com\/pequod.nesodd1.no\/wp-content\/uploads\/2019\/10\/klistremerker-anker-og-tau-design.jpg.jpg?fit=25%2C25&amp;ssl=1\" data-large-file=\"https:\/\/i0.wp.com\/pequod.nesodd1.no\/wp-content\/uploads\/2019\/10\/klistremerker-anker-og-tau-design.jpg.jpg?fit=25%2C25&amp;ssl=1\" data-lazy-loaded=\"1\"><\/a><\/strong><br \/>\n<strong>Posisjon:<\/strong> 59\u00b0 16.303&#8242; N 10\u00b0 44.371&#8242; E<br \/>\n<b>Bes\u00f8kt antall ganger: 1<\/b>&nbsp;<b>Sist bes\u00f8kt:<\/b> Juni 2025 <strong>Webkamera:<\/strong>&nbsp;Nei.&nbsp;&nbsp;<a href=\"https:\/\/www.skarhamnsgasthamn.se\/\" target=\"_blank\" rel=\"noopener noreferrer\">Hjemmeside<\/a>&nbsp;<br \/>\n<b>Fasiliteter:<\/b> Str\u00f8m, vann, toalett, dusj, s\u00f8ppel, drivstoff. Kafe\/kro ved brygga. Slipp\/b\u00e5tverksted.<br \/>\n<b>Havneavgift (for 29-foter):&nbsp;<\/b>380 kroner inkl. str\u00f8m.<br \/>\n<strong>Fort\u00f8yning:&nbsp;<\/strong>Langsides ved ytterste (vestligste) flytebrygge, samt langsides ved kai mellom brygge tre og fire. Usikker p\u00e5 om man kan gj\u00f8re det samme mellom de andre bryggene. Tror man kan f\u00e5 anvist plass i en ledig fast plass ogs\u00e5.<br \/>\n<b>Tilrettelagt for funksjonshemmede:<\/b> Hvis du f\u00e5r longsideplass ved flytebryggene, s\u00e5 g\u00e5r det relativt greit skulle jeg tro. Det er vanlig rampe fra bryggene som kan v\u00e6re noe bratt. Benyttet ikke serviceanlegget, men mener det var handicaptoalett der. Kaia jeg l\u00e5 ved kan bli for h\u00f8y for lave b\u00e5ter.<\/p>\n<p>Skj\u00e6l\u00f8y er egentlig et ganske fint sted \u00e5 ligge med b\u00e5ten, godt i le og stille og rolig selv en varm helg i juni. Men grunnen til at havna likevel kun f\u00e5r to ankre er prisen sett i sammenheng med tilbudet ellers.<\/p>\n<p>Med prisniv\u00e5et legger havna seg i det \u00f8verste siktet i Oslofjorden, p\u00e5 niv\u00e5 med Vollen og Son, men fortsatt litt under landets dyreste gjestehavn, Aker Brygge.<\/p>\n<p>Og det uten at jeg kan se at standard eller tilbud\/severdigheter p\u00e5 stedet kan forsvare prisen. Det er kun en kro og en slipp p\u00e5 stedet, det er langt til tilbud som dagligvarebutikk for eksempel. Hvis man ligger midt i sm\u00f8r\u00f8yet med kort vei til alle servicetilbud, severdigheter og slikt, s\u00e5 kan man til en viss grad forst\u00e5 et noe h\u00f8yere prisniv\u00e5, men her ligger man langt ute i &laquo;hutaheiti&raquo; for \u00e5 si det slik.<\/p>\n<p>S\u00e5 jeg synes ikke prisen helt forsvarer tilbudet. Hadde den ligget p\u00e5 290 eller 300 kroner ville jeg v\u00e6rt mer tilb\u00f8yelig til \u00e5 stikke innom og ligge her noen netter, men ikke slik det er priset n\u00e5. Et koselig og rolig sted, men man finner rimeligere og like koselige steder overalt!<\/p>\n<p>Grunnen til at jeg la meg her denne gangen var at det var et lite mini b\u00e5ttreff med b\u00e5tkollegaer.&nbsp;<\/p>\n<figure id=\"attachment_30417\" aria-describedby=\"caption-attachment-30417\" style=\"width: 960px\" class=\"wp-caption aligncenter\"><a href=\"https:\/\/i0.wp.com\/pequod.nesodd1.no\/wp-content\/uploads\/2025\/06\/IMG_2776.jpg?ssl=1\"><img data-recalc-dims=\"1\" loading=\"lazy\" decoding=\"async\" data-attachment-id=\"30417\" data-permalink=\"https:\/\/pequod.nesodd1.no\/?attachment_id=30417\" data-orig-file=\"https:\/\/i0.wp.com\/pequod.nesodd1.no\/wp-content\/uploads\/2025\/06\/IMG_2776.jpg?fit=960%2C720&amp;ssl=1\" data-orig-size=\"960,720\" data-comments-opened=\"1\" data-image-meta=\"{&quot;aperture&quot;:&quot;0&quot;,&quot;credit&quot;:&quot;&quot;,&quot;camera&quot;:&quot;&quot;,&quot;caption&quot;:&quot;&quot;,&quot;created_timestamp&quot;:&quot;1749831515&quot;,&quot;copyright&quot;:&quot;&quot;,&quot;focal_length&quot;:&quot;0&quot;,&quot;iso&quot;:&quot;0&quot;,&quot;shutter_speed&quot;:&quot;0&quot;,&quot;title&quot;:&quot;&quot;,&quot;orientation&quot;:&quot;1&quot;}\" data-image-title=\"IMG_2776\" data-image-description=\"&lt;p&gt;Skj\u00e6l\u00f8y&lt;\/p&gt;\n\" data-image-caption=\"&lt;p&gt;P\u00e5 plass med b\u00e5de Storebro og Tresfjord&lt;\/p&gt;\n\" data-large-file=\"https:\/\/i0.wp.com\/pequod.nesodd1.no\/wp-content\/uploads\/2025\/06\/IMG_2776.jpg?fit=940%2C705&amp;ssl=1\" class=\"size-full wp-image-30417\" src=\"https:\/\/i0.wp.com\/pequod.nesodd1.no\/wp-content\/uploads\/2025\/06\/IMG_2776.jpg?resize=940%2C705&#038;ssl=1\" alt=\"\" width=\"940\" height=\"705\" srcset=\"https:\/\/i0.wp.com\/pequod.nesodd1.no\/wp-content\/uploads\/2025\/06\/IMG_2776.jpg?w=960&amp;ssl=1 960w, https:\/\/i0.wp.com\/pequod.nesodd1.no\/wp-content\/uploads\/2025\/06\/IMG_2776.jpg?resize=300%2C225&amp;ssl=1 300w, https:\/\/i0.wp.com\/pequod.nesodd1.no\/wp-content\/uploads\/2025\/06\/IMG_2776.jpg?resize=100%2C75&amp;ssl=1 100w, https:\/\/i0.wp.com\/pequod.nesodd1.no\/wp-content\/uploads\/2025\/06\/IMG_2776.jpg?resize=768%2C576&amp;ssl=1 768w\" sizes=\"auto, (max-width: 940px) 100vw, 940px\" \/><\/a><figcaption id=\"caption-attachment-30417\" class=\"wp-caption-text\">P\u00e5 plass med b\u00e5de Storebro og Tresfjord<\/figcaption><\/figure>\n<h3>Related Images:<\/h3>","protected":false},"excerpt":{"rendered":"<p>Vurdering (5 anker er best):&nbsp; Posisjon: 59\u00b0 16.303&#8242; N 10\u00b0 44.371&#8242; E Bes\u00f8kt antall ganger: 1&nbsp;Sist bes\u00f8kt: Juni 2025 Webkamera:&nbsp;Nei.&nbsp;&nbsp;Hjemmeside&nbsp; Fasiliteter: Str\u00f8m, vann, toalett, dusj, s\u00f8ppel, drivstoff. Kafe\/kro ved brygga. Slipp\/b\u00e5tverksted. Havneavgift (for 29-foter):&nbsp;380 kroner inkl. str\u00f8m. Fort\u00f8yning:&nbsp;Langsides ved ytterste (vestligste) flytebrygge, samt langsides ved kai mellom brygge tre og fire. Usikker p\u00e5 om man &hellip;<br \/><a href=\"https:\/\/pequod.nesodd1.no\/?page_id=30435\" class=\"more-link pen_element_default pen_icon_arrow_double\">Les<\/a><\/p>\n","protected":false},"author":1,"featured_media":30416,"parent":5493,"menu_order":0,"comment_status":"closed","ping_status":"closed","template":"","meta":{"_crdt_document":"","ngg_post_thumbnail":0,"jetpack_post_was_ever_published":false,"footnotes":""},"class_list":["post-30435","page","type-page","status-publish","has-post-thumbnail","hentry"],"jetpack_shortlink":"https:\/\/wp.me\/P3Zd9b-7UT","jetpack_sharing_enabled":true,"jetpack_likes_enabled":true,"jetpack-related-posts":[],"_links":{"self":[{"href":"https:\/\/pequod.nesodd1.no\/index.php?rest_route=\/wp\/v2\/pages\/30435","targetHints":{"allow":["GET"]}}],"collection":[{"href":"https:\/\/pequod.nesodd1.no\/index.php?rest_route=\/wp\/v2\/pages"}],"about":[{"href":"https:\/\/pequod.nesodd1.no\/index.php?rest_route=\/wp\/v2\/types\/page"}],"author":[{"embeddable":true,"href":"https:\/\/pequod.nesodd1.no\/index.php?rest_route=\/wp\/v2\/users\/1"}],"replies":[{"embeddable":true,"href":"https:\/\/pequod.nesodd1.no\/index.php?rest_route=%2Fwp%2Fv2%2Fcomments&post=30435"}],"version-history":[{"count":2,"href":"https:\/\/pequod.nesodd1.no\/index.php?rest_route=\/wp\/v2\/pages\/30435\/revisions"}],"predecessor-version":[{"id":30437,"href":"https:\/\/pequod.nesodd1.no\/index.php?rest_route=\/wp\/v2\/pages\/30435\/revisions\/30437"}],"up":[{"embeddable":true,"href":"https:\/\/pequod.nesodd1.no\/index.php?rest_route=\/wp\/v2\/pages\/5493"}],"wp:featuredmedia":[{"embeddable":true,"href":"https:\/\/pequod.nesodd1.no\/index.php?rest_route=\/wp\/v2\/media\/30416"}],"wp:attachment":[{"href":"https:\/\/pequod.nesodd1.no\/index.php?rest_route=%2Fwp%2Fv2%2Fmedia&parent=30435"}],"curies":[{"name":"wp","href":"https:\/\/api.w.org\/{rel}","templated":true}]}}