{"id":30495,"date":"2025-07-23T16:20:07","date_gmt":"2025-07-23T14:20:07","guid":{"rendered":"https:\/\/pequod.nesodd1.no\/?page_id=30495"},"modified":"2025-07-23T16:20:59","modified_gmt":"2025-07-23T14:20:59","slug":"bergholmen-ost","status":"publish","type":"page","link":"https:\/\/pequod.nesodd1.no\/?page_id=30495","title":{"rendered":"Bergholmen (\u00f8st)"},"content":{"rendered":"<p><strong>Vurdering (5 anker er best):<\/strong>&nbsp;<br \/>\n<strong>Posisjon:&nbsp;<\/strong>59\u00b0 40.424&#8242; N&nbsp;10\u00b0 35.588&#8242; E<br \/>\n<strong>Antall bes\u00f8k:<\/strong> 2 <strong>Sist bes\u00f8kt:<\/strong> Juli 2025<br \/>\n<strong>Fasiliteter: <\/strong>Ingen<br \/>\n<strong>Fort\u00f8yning:<\/strong> Langsides ved trekai. Fendre godt! Kan fort\u00f8ye i taustumper som henger der, eller rundt stolper og annet treverk.<br \/>\n<strong>Tilrettelagt for funksjonshemmede:<\/strong> Nei.<\/p>\n<p>B<a href=\"https:\/\/i0.wp.com\/pequod.nesodd1.no\/wp-content\/uploads\/2025\/07\/518376266_10161194548832032_1339780517660190304_n.jpg?ssl=1\"><img data-recalc-dims=\"1\" loading=\"lazy\" decoding=\"async\" data-attachment-id=\"30498\" data-permalink=\"https:\/\/pequod.nesodd1.no\/?attachment_id=30498\" data-orig-file=\"https:\/\/i0.wp.com\/pequod.nesodd1.no\/wp-content\/uploads\/2025\/07\/518376266_10161194548832032_1339780517660190304_n.jpg?fit=2048%2C1365&amp;ssl=1\" data-orig-size=\"2048,1365\" data-comments-opened=\"1\" data-image-meta=\"{&quot;aperture&quot;:&quot;0&quot;,&quot;credit&quot;:&quot;&quot;,&quot;camera&quot;:&quot;&quot;,&quot;caption&quot;:&quot;&quot;,&quot;created_timestamp&quot;:&quot;0&quot;,&quot;copyright&quot;:&quot;&quot;,&quot;focal_length&quot;:&quot;0&quot;,&quot;iso&quot;:&quot;0&quot;,&quot;shutter_speed&quot;:&quot;0&quot;,&quot;title&quot;:&quot;&quot;,&quot;orientation&quot;:&quot;0&quot;}\" data-image-title=\"518376266_10161194548832032_1339780517660190304_n\" data-image-description=\"&lt;p&gt;Bergholmen&lt;\/p&gt;\n\" data-image-caption=\"\" data-large-file=\"https:\/\/i0.wp.com\/pequod.nesodd1.no\/wp-content\/uploads\/2025\/07\/518376266_10161194548832032_1339780517660190304_n.jpg?fit=940%2C627&amp;ssl=1\" class=\"alignleft wp-image-30498 size-medium\" src=\"https:\/\/i0.wp.com\/pequod.nesodd1.no\/wp-content\/uploads\/2025\/07\/518376266_10161194548832032_1339780517660190304_n.jpg?resize=300%2C200&#038;ssl=1\" alt=\"\" width=\"300\" height=\"200\" srcset=\"https:\/\/i0.wp.com\/pequod.nesodd1.no\/wp-content\/uploads\/2025\/07\/518376266_10161194548832032_1339780517660190304_n.jpg?resize=300%2C200&amp;ssl=1 300w, https:\/\/i0.wp.com\/pequod.nesodd1.no\/wp-content\/uploads\/2025\/07\/518376266_10161194548832032_1339780517660190304_n.jpg?resize=1024%2C683&amp;ssl=1 1024w, https:\/\/i0.wp.com\/pequod.nesodd1.no\/wp-content\/uploads\/2025\/07\/518376266_10161194548832032_1339780517660190304_n.jpg?resize=100%2C67&amp;ssl=1 100w, https:\/\/i0.wp.com\/pequod.nesodd1.no\/wp-content\/uploads\/2025\/07\/518376266_10161194548832032_1339780517660190304_n.jpg?resize=768%2C512&amp;ssl=1 768w, https:\/\/i0.wp.com\/pequod.nesodd1.no\/wp-content\/uploads\/2025\/07\/518376266_10161194548832032_1339780517660190304_n.jpg?resize=1536%2C1024&amp;ssl=1 1536w, https:\/\/i0.wp.com\/pequod.nesodd1.no\/wp-content\/uploads\/2025\/07\/518376266_10161194548832032_1339780517660190304_n.jpg?w=2048&amp;ssl=1 2048w, https:\/\/i0.wp.com\/pequod.nesodd1.no\/wp-content\/uploads\/2025\/07\/518376266_10161194548832032_1339780517660190304_n.jpg?w=1880&amp;ssl=1 1880w\" sizes=\"auto, (max-width: 300px) 100vw, 300px\" \/><\/a>are for at det er sagt med en gang: Dette er en n\u00f8dl\u00f8sning hvis det er fullt alle andre steder!<\/p>\n<p>Brygga ligger p\u00e5 \u00f8stsiden av Bergholmen, i Kloasundet mellom Bergholmen og H\u00e5\u00f8ya. Det er en gammel brygge som har tilh\u00f8rt Forsvaret, og for \u00e5 si det slik har jeg ikke tatt sjansen p\u00e5 \u00e5 klyve opp p\u00e5 den, bare fort\u00f8yd for \u00e5 ta en liten pause da det var stappfullt alle andre steder! Jeg ville heller ikke tatt sjansen p\u00e5 \u00e5 overnatte der.<\/p>\n<p>Kaia er h\u00f8y og falleferdig, og langt opp for en enbeint skipper i en liten b\u00e5t, s\u00e5 jeg egentlig aldri v\u00e6rt fristet til \u00e5 ligge der annet enn for \u00e5 ta en pause.<\/p>\n<p>Det er jo 5 knops-grense i Kloasundet, men det er det ikke s\u00e5 mange som bryr seg om, s\u00e5 er det mye trafikk ligger du urolig. Brygga har ingen kledning, s\u00e5 jeg bruker \u00e5 fort\u00f8ye med p\u00f8lsefenderne festet vannrett, pluss de to store kulefenderne jeg har, da g\u00e5r det greit.<\/p>\n<p><a href=\"https:\/\/i0.wp.com\/pequod.nesodd1.no\/wp-content\/uploads\/2025\/07\/IMG_0392-scaled-e1753280374937.jpg?ssl=1\"><img data-recalc-dims=\"1\" loading=\"lazy\" decoding=\"async\" data-attachment-id=\"30499\" data-permalink=\"https:\/\/pequod.nesodd1.no\/?attachment_id=30499\" data-orig-file=\"https:\/\/i0.wp.com\/pequod.nesodd1.no\/wp-content\/uploads\/2025\/07\/IMG_0392-scaled-e1753280374937.jpg?fit=960%2C720&amp;ssl=1\" data-orig-size=\"960,720\" data-comments-opened=\"1\" data-image-meta=\"{&quot;aperture&quot;:&quot;1.8&quot;,&quot;credit&quot;:&quot;&quot;,&quot;camera&quot;:&quot;iPhone 8 Plus&quot;,&quot;caption&quot;:&quot;&quot;,&quot;created_timestamp&quot;:&quot;1564266165&quot;,&quot;copyright&quot;:&quot;&quot;,&quot;focal_length&quot;:&quot;3.99&quot;,&quot;iso&quot;:&quot;100&quot;,&quot;shutter_speed&quot;:&quot;0.083333333333333&quot;,&quot;title&quot;:&quot;&quot;,&quot;orientation&quot;:&quot;1&quot;}\" data-image-title=\"IMG_0392\" data-image-description=\"&lt;p&gt;Bergholmen&lt;\/p&gt;\n\" data-image-caption=\"\" data-large-file=\"https:\/\/i0.wp.com\/pequod.nesodd1.no\/wp-content\/uploads\/2025\/07\/IMG_0392-scaled-e1753280374937.jpg?fit=940%2C705&amp;ssl=1\" class=\"alignleft wp-image-30499 size-medium\" src=\"https:\/\/i0.wp.com\/pequod.nesodd1.no\/wp-content\/uploads\/2025\/07\/IMG_0392.jpg?resize=300%2C225&#038;ssl=1\" alt=\"\" width=\"300\" height=\"225\"><\/a>F\u00f8rste gangen jeg la til her var i 2019 sammen med d\u00f8trene og kj\u00e6resten til en av dem. Da fyrte vi opp en engangsgrill oppe p\u00e5 selve kaia (etter beh\u00f8ring ha dynket den med vann f\u00f8rst og hatt vann tilgjengelig for eventuell slukking).<\/p>\n<p>Andre gangen, i 2025, la jeg til med eldstedatter og kj\u00e6resten hennes og tok en sen lunsj om bord med reker og loff.<\/p>\n<p>En grei l\u00f8sning for \u00e5 ta seg en pust i bakken, men ikke noe mer. Ser sjelden b\u00e5ter her, s\u00e5 det er nok ikke mange som bruker denne muligheten, men det er alts\u00e5 mulig!<\/p>\n<p>&nbsp;<\/p>\n<h3>Related Images:<\/h3>","protected":false},"excerpt":{"rendered":"<p>Vurdering (5 anker er best):&nbsp; Posisjon:&nbsp;59\u00b0 40.424&#8242; N&nbsp;10\u00b0 35.588&#8242; E Antall bes\u00f8k: 2 Sist bes\u00f8kt: Juli 2025 Fasiliteter: Ingen Fort\u00f8yning: Langsides ved trekai. Fendre godt! Kan fort\u00f8ye i taustumper som henger der, eller rundt stolper og annet treverk. Tilrettelagt for funksjonshemmede: Nei. Bare for at det er sagt med en gang: Dette er en n\u00f8dl\u00f8sning &hellip;<br \/><a href=\"https:\/\/pequod.nesodd1.no\/?page_id=30495\" class=\"more-link pen_element_default pen_icon_arrow_double\">Les<\/a><\/p>\n","protected":false},"author":1,"featured_media":30497,"parent":5665,"menu_order":0,"comment_status":"closed","ping_status":"closed","template":"","meta":{"_crdt_document":"","ngg_post_thumbnail":0,"jetpack_post_was_ever_published":false,"footnotes":""},"class_list":["post-30495","page","type-page","status-publish","has-post-thumbnail","hentry"],"jetpack_shortlink":"https:\/\/wp.me\/P3Zd9b-7VR","jetpack_sharing_enabled":true,"jetpack_likes_enabled":true,"jetpack-related-posts":[],"_links":{"self":[{"href":"https:\/\/pequod.nesodd1.no\/index.php?rest_route=\/wp\/v2\/pages\/30495","targetHints":{"allow":["GET"]}}],"collection":[{"href":"https:\/\/pequod.nesodd1.no\/index.php?rest_route=\/wp\/v2\/pages"}],"about":[{"href":"https:\/\/pequod.nesodd1.no\/index.php?rest_route=\/wp\/v2\/types\/page"}],"author":[{"embeddable":true,"href":"https:\/\/pequod.nesodd1.no\/index.php?rest_route=\/wp\/v2\/users\/1"}],"replies":[{"embeddable":true,"href":"https:\/\/pequod.nesodd1.no\/index.php?rest_route=%2Fwp%2Fv2%2Fcomments&post=30495"}],"version-history":[{"count":3,"href":"https:\/\/pequod.nesodd1.no\/index.php?rest_route=\/wp\/v2\/pages\/30495\/revisions"}],"predecessor-version":[{"id":30501,"href":"https:\/\/pequod.nesodd1.no\/index.php?rest_route=\/wp\/v2\/pages\/30495\/revisions\/30501"}],"up":[{"embeddable":true,"href":"https:\/\/pequod.nesodd1.no\/index.php?rest_route=\/wp\/v2\/pages\/5665"}],"wp:featuredmedia":[{"embeddable":true,"href":"https:\/\/pequod.nesodd1.no\/index.php?rest_route=\/wp\/v2\/media\/30497"}],"wp:attachment":[{"href":"https:\/\/pequod.nesodd1.no\/index.php?rest_route=%2Fwp%2Fv2%2Fmedia&parent=30495"}],"curies":[{"name":"wp","href":"https:\/\/api.w.org\/{rel}","templated":true}]}}