{"id":30532,"date":"2025-07-25T22:23:28","date_gmt":"2025-07-25T20:23:28","guid":{"rendered":"https:\/\/pequod.nesodd1.no\/?page_id=30532"},"modified":"2025-07-25T22:33:50","modified_gmt":"2025-07-25T20:33:50","slug":"spro-havn-nesodden","status":"publish","type":"page","link":"https:\/\/pequod.nesodd1.no\/?page_id=30532","title":{"rendered":"Spro Havn (Nesodden)"},"content":{"rendered":"<p><strong>Vurdering (5 anker er best):&nbsp;<a href=\"https:\/\/i0.wp.com\/pequod.nesodd1.no\/wp-content\/uploads\/2019\/10\/klistremerker-anker-og-tau-design.jpg.jpg?ssl=1\"><img loading=\"lazy\" decoding=\"async\" data-attachment-id=\"16489\" data-permalink=\"https:\/\/pequod.nesodd1.no\/?attachment_id=16489\" data-orig-file=\"https:\/\/i0.wp.com\/pequod.nesodd1.no\/wp-content\/uploads\/2019\/10\/klistremerker-anker-og-tau-design.jpg.jpg?fit=25%2C25&amp;ssl=1\" data-orig-size=\"25,25\" data-comments-opened=\"1\" data-image-meta=\"{&quot;aperture&quot;:&quot;0&quot;,&quot;credit&quot;:&quot;tribalium81&quot;,&quot;camera&quot;:&quot;&quot;,&quot;caption&quot;:&quot;&quot;,&quot;created_timestamp&quot;:&quot;0&quot;,&quot;copyright&quot;:&quot;tribalium81&quot;,&quot;focal_length&quot;:&quot;0&quot;,&quot;iso&quot;:&quot;0&quot;,&quot;shutter_speed&quot;:&quot;0&quot;,&quot;title&quot;:&quot;anchor and rope design&quot;,&quot;orientation&quot;:&quot;1&quot;}\" data-image-title=\"anchor and rope design\" data-image-description=\"\" data-image-caption=\"\" data-large-file=\"https:\/\/i0.wp.com\/pequod.nesodd1.no\/wp-content\/uploads\/2019\/10\/klistremerker-anker-og-tau-design.jpg.jpg?fit=25%2C25&amp;ssl=1\" class=\"alignnone size-full wp-image-16489\" src=\"https:\/\/i0.wp.com\/pequod.nesodd1.no\/wp-content\/uploads\/2019\/10\/klistremerker-anker-og-tau-design.jpg.jpg?resize=25%2C25&amp;ssl=1\" alt=\"\" width=\"25\" height=\"25\" data-recalc-dims=\"1\" data-attachment-id=\"16489\" data-permalink=\"https:\/\/pequod.nesodd1.no\/?attachment_id=16489\" data-orig-file=\"https:\/\/i0.wp.com\/pequod.nesodd1.no\/wp-content\/uploads\/2019\/10\/klistremerker-anker-og-tau-design.jpg.jpg?fit=25%2C25&amp;ssl=1\" data-orig-size=\"25,25\" data-comments-opened=\"1\" data-image-meta=\"{&quot;aperture&quot;:&quot;0&quot;,&quot;credit&quot;:&quot;tribalium81&quot;,&quot;camera&quot;:&quot;&quot;,&quot;caption&quot;:&quot;&quot;,&quot;created_timestamp&quot;:&quot;0&quot;,&quot;copyright&quot;:&quot;tribalium81&quot;,&quot;focal_length&quot;:&quot;0&quot;,&quot;iso&quot;:&quot;0&quot;,&quot;shutter_speed&quot;:&quot;0&quot;,&quot;title&quot;:&quot;anchor and rope design&quot;,&quot;orientation&quot;:&quot;1&quot;}\" data-image-title=\"anchor and rope design\" data-image-description=\"\" data-image-caption=\"\" data-medium-file=\"https:\/\/i0.wp.com\/pequod.nesodd1.no\/wp-content\/uploads\/2019\/10\/klistremerker-anker-og-tau-design.jpg.jpg?fit=25%2C25&amp;ssl=1\" data-large-file=\"https:\/\/i0.wp.com\/pequod.nesodd1.no\/wp-content\/uploads\/2019\/10\/klistremerker-anker-og-tau-design.jpg.jpg?fit=25%2C25&amp;ssl=1\"><\/a><a href=\"https:\/\/i0.wp.com\/pequod.nesodd1.no\/wp-content\/uploads\/2019\/10\/klistremerker-anker-og-tau-design.jpg.jpg?ssl=1\"><img loading=\"lazy\" decoding=\"async\" data-attachment-id=\"16489\" data-permalink=\"https:\/\/pequod.nesodd1.no\/?attachment_id=16489\" data-orig-file=\"https:\/\/i0.wp.com\/pequod.nesodd1.no\/wp-content\/uploads\/2019\/10\/klistremerker-anker-og-tau-design.jpg.jpg?fit=25%2C25&amp;ssl=1\" data-orig-size=\"25,25\" data-comments-opened=\"1\" data-image-meta=\"{&quot;aperture&quot;:&quot;0&quot;,&quot;credit&quot;:&quot;tribalium81&quot;,&quot;camera&quot;:&quot;&quot;,&quot;caption&quot;:&quot;&quot;,&quot;created_timestamp&quot;:&quot;0&quot;,&quot;copyright&quot;:&quot;tribalium81&quot;,&quot;focal_length&quot;:&quot;0&quot;,&quot;iso&quot;:&quot;0&quot;,&quot;shutter_speed&quot;:&quot;0&quot;,&quot;title&quot;:&quot;anchor and rope design&quot;,&quot;orientation&quot;:&quot;1&quot;}\" data-image-title=\"anchor and rope design\" data-image-description=\"\" data-image-caption=\"\" data-large-file=\"https:\/\/i0.wp.com\/pequod.nesodd1.no\/wp-content\/uploads\/2019\/10\/klistremerker-anker-og-tau-design.jpg.jpg?fit=25%2C25&amp;ssl=1\" class=\"alignnone size-full wp-image-16489\" src=\"https:\/\/i0.wp.com\/pequod.nesodd1.no\/wp-content\/uploads\/2019\/10\/klistremerker-anker-og-tau-design.jpg.jpg?resize=25%2C25&amp;ssl=1\" alt=\"\" width=\"25\" height=\"25\" data-recalc-dims=\"1\" data-attachment-id=\"16489\" data-permalink=\"https:\/\/pequod.nesodd1.no\/?attachment_id=16489\" data-orig-file=\"https:\/\/i0.wp.com\/pequod.nesodd1.no\/wp-content\/uploads\/2019\/10\/klistremerker-anker-og-tau-design.jpg.jpg?fit=25%2C25&amp;ssl=1\" data-orig-size=\"25,25\" data-comments-opened=\"1\" data-image-meta=\"{&quot;aperture&quot;:&quot;0&quot;,&quot;credit&quot;:&quot;tribalium81&quot;,&quot;camera&quot;:&quot;&quot;,&quot;caption&quot;:&quot;&quot;,&quot;created_timestamp&quot;:&quot;0&quot;,&quot;copyright&quot;:&quot;tribalium81&quot;,&quot;focal_length&quot;:&quot;0&quot;,&quot;iso&quot;:&quot;0&quot;,&quot;shutter_speed&quot;:&quot;0&quot;,&quot;title&quot;:&quot;anchor and rope design&quot;,&quot;orientation&quot;:&quot;1&quot;}\" data-image-title=\"anchor and rope design\" data-image-description=\"\" data-image-caption=\"\" data-medium-file=\"https:\/\/i0.wp.com\/pequod.nesodd1.no\/wp-content\/uploads\/2019\/10\/klistremerker-anker-og-tau-design.jpg.jpg?fit=25%2C25&amp;ssl=1\" data-large-file=\"https:\/\/i0.wp.com\/pequod.nesodd1.no\/wp-content\/uploads\/2019\/10\/klistremerker-anker-og-tau-design.jpg.jpg?fit=25%2C25&amp;ssl=1\"><\/a><a href=\"https:\/\/i0.wp.com\/pequod.nesodd1.no\/wp-content\/uploads\/2019\/10\/klistremerker-anker-og-tau-design.jpg.jpg?ssl=1\"><img loading=\"lazy\" decoding=\"async\" data-attachment-id=\"16489\" data-permalink=\"https:\/\/pequod.nesodd1.no\/?attachment_id=16489\" data-orig-file=\"https:\/\/i0.wp.com\/pequod.nesodd1.no\/wp-content\/uploads\/2019\/10\/klistremerker-anker-og-tau-design.jpg.jpg?fit=25%2C25&amp;ssl=1\" data-orig-size=\"25,25\" data-comments-opened=\"1\" data-image-meta=\"{&quot;aperture&quot;:&quot;0&quot;,&quot;credit&quot;:&quot;tribalium81&quot;,&quot;camera&quot;:&quot;&quot;,&quot;caption&quot;:&quot;&quot;,&quot;created_timestamp&quot;:&quot;0&quot;,&quot;copyright&quot;:&quot;tribalium81&quot;,&quot;focal_length&quot;:&quot;0&quot;,&quot;iso&quot;:&quot;0&quot;,&quot;shutter_speed&quot;:&quot;0&quot;,&quot;title&quot;:&quot;anchor and rope design&quot;,&quot;orientation&quot;:&quot;1&quot;}\" data-image-title=\"anchor and rope design\" data-image-description=\"\" data-image-caption=\"\" data-large-file=\"https:\/\/i0.wp.com\/pequod.nesodd1.no\/wp-content\/uploads\/2019\/10\/klistremerker-anker-og-tau-design.jpg.jpg?fit=25%2C25&amp;ssl=1\" class=\"alignnone size-full wp-image-16489\" src=\"https:\/\/i0.wp.com\/pequod.nesodd1.no\/wp-content\/uploads\/2019\/10\/klistremerker-anker-og-tau-design.jpg.jpg?resize=25%2C25&amp;ssl=1\" alt=\"\" width=\"25\" height=\"25\" data-recalc-dims=\"1\" data-attachment-id=\"16489\" data-permalink=\"https:\/\/pequod.nesodd1.no\/?attachment_id=16489\" data-orig-file=\"https:\/\/i0.wp.com\/pequod.nesodd1.no\/wp-content\/uploads\/2019\/10\/klistremerker-anker-og-tau-design.jpg.jpg?fit=25%2C25&amp;ssl=1\" data-orig-size=\"25,25\" data-comments-opened=\"1\" data-image-meta=\"{&quot;aperture&quot;:&quot;0&quot;,&quot;credit&quot;:&quot;tribalium81&quot;,&quot;camera&quot;:&quot;&quot;,&quot;caption&quot;:&quot;&quot;,&quot;created_timestamp&quot;:&quot;0&quot;,&quot;copyright&quot;:&quot;tribalium81&quot;,&quot;focal_length&quot;:&quot;0&quot;,&quot;iso&quot;:&quot;0&quot;,&quot;shutter_speed&quot;:&quot;0&quot;,&quot;title&quot;:&quot;anchor and rope design&quot;,&quot;orientation&quot;:&quot;1&quot;}\" data-image-title=\"anchor and rope design\" data-image-description=\"\" data-image-caption=\"\" data-medium-file=\"https:\/\/i0.wp.com\/pequod.nesodd1.no\/wp-content\/uploads\/2019\/10\/klistremerker-anker-og-tau-design.jpg.jpg?fit=25%2C25&amp;ssl=1\" data-large-file=\"https:\/\/i0.wp.com\/pequod.nesodd1.no\/wp-content\/uploads\/2019\/10\/klistremerker-anker-og-tau-design.jpg.jpg?fit=25%2C25&amp;ssl=1\"><\/a><\/strong><br \/>\n<strong>Posisjon:<\/strong> 59\u00b0 45.898&#8242; N&nbsp;10\u00b0 35.123&#8242; E<br \/>\n<strong>Bes\u00f8kt antall ganger:<\/strong> 1&nbsp;<strong>Sist bes\u00f8kt:<\/strong> Juli 2025&nbsp; <a href=\"https:\/\/sprobathavn.no\/\" target=\"_blank\" rel=\"noopener noreferrer\">Hjemmeside<\/a><br \/>\n<strong>Fasiliteter:<\/strong> Str\u00f8m, vann, toalett, dusj, s\u00f8ppel. Restaurant ved brygga. Stupet\u00e5rn.<br \/>\n<strong>Havneavgift<\/strong> (for 29-foter): 330 NOK. Dagbes\u00f8k\/restaurantbes\u00f8k gratis. Bruker Havneweb-l\u00f8sningen.<br \/>\n<strong>Fort\u00f8yning:<\/strong> Langsides ved kai og i b\u00e5s merket med gr\u00f8nne skilter.<br \/>\n<b>Tilrettelagt for funksjonshemmede:<\/b> Ikke spesielt med tanke fra b\u00e5t til land, men serviceanlegget (som vel like mye skal brukes til restauranten) har handicaptoalett.<\/p>\n<p><a href=\"https:\/\/i0.wp.com\/pequod.nesodd1.no\/wp-content\/uploads\/2025\/07\/IMG_3542.JPG.7c48f5c598b580327e0f9f0c79c2c667.jpg?ssl=1\"><img data-recalc-dims=\"1\" loading=\"lazy\" decoding=\"async\" data-attachment-id=\"30509\" data-permalink=\"https:\/\/pequod.nesodd1.no\/?attachment_id=30509\" data-orig-file=\"https:\/\/i0.wp.com\/pequod.nesodd1.no\/wp-content\/uploads\/2025\/07\/IMG_3542.JPG.7c48f5c598b580327e0f9f0c79c2c667.jpg?fit=1000%2C667&amp;ssl=1\" data-orig-size=\"1000,667\" data-comments-opened=\"1\" data-image-meta=\"{&quot;aperture&quot;:&quot;0&quot;,&quot;credit&quot;:&quot;&quot;,&quot;camera&quot;:&quot;&quot;,&quot;caption&quot;:&quot;&quot;,&quot;created_timestamp&quot;:&quot;0&quot;,&quot;copyright&quot;:&quot;&quot;,&quot;focal_length&quot;:&quot;0&quot;,&quot;iso&quot;:&quot;0&quot;,&quot;shutter_speed&quot;:&quot;0&quot;,&quot;title&quot;:&quot;&quot;,&quot;orientation&quot;:&quot;0&quot;}\" data-image-title=\"IMG_3542.JPG.7c48f5c598b580327e0f9f0c79c2c667\" data-image-description=\"&lt;p&gt;Spro havn&lt;\/p&gt;\n\" data-image-caption=\"\" data-large-file=\"https:\/\/i0.wp.com\/pequod.nesodd1.no\/wp-content\/uploads\/2025\/07\/IMG_3542.JPG.7c48f5c598b580327e0f9f0c79c2c667.jpg?fit=940%2C627&amp;ssl=1\" class=\"alignleft wp-image-30509 size-medium\" src=\"https:\/\/i0.wp.com\/pequod.nesodd1.no\/wp-content\/uploads\/2025\/07\/IMG_3542.JPG.7c48f5c598b580327e0f9f0c79c2c667.jpg?resize=300%2C200&#038;ssl=1\" alt=\"\" width=\"300\" height=\"200\" srcset=\"https:\/\/i0.wp.com\/pequod.nesodd1.no\/wp-content\/uploads\/2025\/07\/IMG_3542.JPG.7c48f5c598b580327e0f9f0c79c2c667.jpg?resize=300%2C200&amp;ssl=1 300w, https:\/\/i0.wp.com\/pequod.nesodd1.no\/wp-content\/uploads\/2025\/07\/IMG_3542.JPG.7c48f5c598b580327e0f9f0c79c2c667.jpg?resize=100%2C67&amp;ssl=1 100w, https:\/\/i0.wp.com\/pequod.nesodd1.no\/wp-content\/uploads\/2025\/07\/IMG_3542.JPG.7c48f5c598b580327e0f9f0c79c2c667.jpg?resize=768%2C512&amp;ssl=1 768w, https:\/\/i0.wp.com\/pequod.nesodd1.no\/wp-content\/uploads\/2025\/07\/IMG_3542.JPG.7c48f5c598b580327e0f9f0c79c2c667.jpg?w=1000&amp;ssl=1 1000w\" sizes=\"auto, (max-width: 300px) 100vw, 300px\" \/><\/a>Spro havn er egentlig en ganske omdiskutert eiendomsprosjekt p\u00e5 Nesodden. Etter mange \u00e5r i stampe og bytte av byggherrer\/entrepren\u00f8rer, har det blitt fart p\u00e5 sakene.<\/p>\n<p>Ved sj\u00f8en er det laget en solid molo og p\u00e5 innsiden brygger til beboernes b\u00e5ter og en kai. Det er ogs\u00e5 plassert en pizza- og pasta-restaurant der, som nok h\u00e5per p\u00e5 mye bes\u00f8k sj\u00f8veien om sommeren.<\/p>\n<p>I tillegg til b\u00e5sene til b\u00e5teierne, er det mulig \u00e5 legge seg til kailangs for \u00e5 bes\u00f8ke stedet, og gjesteb\u00e5ter kan ogs\u00e5 legge seg i gr\u00f8nnmerkede b\u00e5ser.<\/p>\n<p>Jeg m\u00e5tte jo ta en titt p\u00e5 stedet, som ikke \u00e5pnet f\u00f8r i juni i \u00e5r. Det ble ikke tid til noe restaurantbes\u00f8k, men det er jo positivt at det er gratis \u00e5 ligge her p\u00e5 dagtid eller hvis man skal spise p\u00e5 restauranten.<\/p>\n<p>Prisen for overnatting er helt grei &#8211; p\u00e5 linje med <a href=\"https:\/\/i0.wp.com\/pequod.nesodd1.no\/wp-content\/uploads\/2025\/07\/519914534_10161194549412032_7839061553806233626_n.jpg?ssl=1\"><img data-recalc-dims=\"1\" loading=\"lazy\" decoding=\"async\" data-attachment-id=\"30537\" data-permalink=\"https:\/\/pequod.nesodd1.no\/?attachment_id=30537\" data-orig-file=\"https:\/\/i0.wp.com\/pequod.nesodd1.no\/wp-content\/uploads\/2025\/07\/519914534_10161194549412032_7839061553806233626_n.jpg?fit=2048%2C1365&amp;ssl=1\" data-orig-size=\"2048,1365\" data-comments-opened=\"1\" data-image-meta=\"{&quot;aperture&quot;:&quot;0&quot;,&quot;credit&quot;:&quot;&quot;,&quot;camera&quot;:&quot;&quot;,&quot;caption&quot;:&quot;&quot;,&quot;created_timestamp&quot;:&quot;0&quot;,&quot;copyright&quot;:&quot;&quot;,&quot;focal_length&quot;:&quot;0&quot;,&quot;iso&quot;:&quot;0&quot;,&quot;shutter_speed&quot;:&quot;0&quot;,&quot;title&quot;:&quot;&quot;,&quot;orientation&quot;:&quot;0&quot;}\" data-image-title=\"519914534_10161194549412032_7839061553806233626_n\" data-image-description=\"&lt;p&gt;Spro havn&lt;\/p&gt;\n\" data-image-caption=\"\" data-large-file=\"https:\/\/i0.wp.com\/pequod.nesodd1.no\/wp-content\/uploads\/2025\/07\/519914534_10161194549412032_7839061553806233626_n.jpg?fit=940%2C627&amp;ssl=1\" class=\"alignleft wp-image-30537 size-medium\" src=\"https:\/\/i0.wp.com\/pequod.nesodd1.no\/wp-content\/uploads\/2025\/07\/519914534_10161194549412032_7839061553806233626_n.jpg?resize=300%2C200&#038;ssl=1\" alt=\"\" width=\"300\" height=\"200\" srcset=\"https:\/\/i0.wp.com\/pequod.nesodd1.no\/wp-content\/uploads\/2025\/07\/519914534_10161194549412032_7839061553806233626_n.jpg?resize=300%2C200&amp;ssl=1 300w, https:\/\/i0.wp.com\/pequod.nesodd1.no\/wp-content\/uploads\/2025\/07\/519914534_10161194549412032_7839061553806233626_n.jpg?resize=1024%2C683&amp;ssl=1 1024w, https:\/\/i0.wp.com\/pequod.nesodd1.no\/wp-content\/uploads\/2025\/07\/519914534_10161194549412032_7839061553806233626_n.jpg?resize=100%2C67&amp;ssl=1 100w, https:\/\/i0.wp.com\/pequod.nesodd1.no\/wp-content\/uploads\/2025\/07\/519914534_10161194549412032_7839061553806233626_n.jpg?resize=768%2C512&amp;ssl=1 768w, https:\/\/i0.wp.com\/pequod.nesodd1.no\/wp-content\/uploads\/2025\/07\/519914534_10161194549412032_7839061553806233626_n.jpg?resize=1536%2C1024&amp;ssl=1 1536w, https:\/\/i0.wp.com\/pequod.nesodd1.no\/wp-content\/uploads\/2025\/07\/519914534_10161194549412032_7839061553806233626_n.jpg?w=2048&amp;ssl=1 2048w, https:\/\/i0.wp.com\/pequod.nesodd1.no\/wp-content\/uploads\/2025\/07\/519914534_10161194549412032_7839061553806233626_n.jpg?w=1880&amp;ssl=1 1880w\" sizes=\"auto, (max-width: 300px) 100vw, 300px\" \/><\/a>Oscarsborg, billigere enn Aker Brygge, Vollen og Son.<\/p>\n<p>Ved havneomr\u00e5det er det to servicebygg i hver sin ende, det i restaurantenden er noe st\u00f8rre, og er nok tenkt \u00e5 betjene hovedsakelig kundene der. Alt ser selvsagt fint ut i kaiomr\u00e5det ettersom jo alt er flunkende nytt.<\/p>\n<p>Resten av omr\u00e5det er jo fortsatt en byggeplass, og det skal fortsatt bygges nye boliger der, s\u00e5 det blir nok en byggeplass i et par \u00e5r framover, kan jeg tenke meg.<\/p>\n<p>I havneomr\u00e5det er det kun restauranten som finnes av tilbud, om det er planlagt noe mer etter hvert vet jeg ikke.<\/p>\n<p><a href=\"https:\/\/i0.wp.com\/pequod.nesodd1.no\/wp-content\/uploads\/2025\/07\/518390275_10161194551667032_5603792882407870296_n.jpg?ssl=1\"><img data-recalc-dims=\"1\" loading=\"lazy\" decoding=\"async\" data-attachment-id=\"30535\" data-permalink=\"https:\/\/pequod.nesodd1.no\/?attachment_id=30535\" data-orig-file=\"https:\/\/i0.wp.com\/pequod.nesodd1.no\/wp-content\/uploads\/2025\/07\/518390275_10161194551667032_5603792882407870296_n.jpg?fit=2048%2C1536&amp;ssl=1\" data-orig-size=\"2048,1536\" data-comments-opened=\"1\" data-image-meta=\"{&quot;aperture&quot;:&quot;0&quot;,&quot;credit&quot;:&quot;&quot;,&quot;camera&quot;:&quot;&quot;,&quot;caption&quot;:&quot;&quot;,&quot;created_timestamp&quot;:&quot;0&quot;,&quot;copyright&quot;:&quot;&quot;,&quot;focal_length&quot;:&quot;0&quot;,&quot;iso&quot;:&quot;0&quot;,&quot;shutter_speed&quot;:&quot;0&quot;,&quot;title&quot;:&quot;&quot;,&quot;orientation&quot;:&quot;0&quot;}\" data-image-title=\"518390275_10161194551667032_5603792882407870296_n\" data-image-description=\"&lt;p&gt;Spro havn&lt;\/p&gt;\n\" data-image-caption=\"\" data-large-file=\"https:\/\/i0.wp.com\/pequod.nesodd1.no\/wp-content\/uploads\/2025\/07\/518390275_10161194551667032_5603792882407870296_n.jpg?fit=940%2C705&amp;ssl=1\" class=\"wp-image-30535 size-medium alignright\" src=\"https:\/\/i0.wp.com\/pequod.nesodd1.no\/wp-content\/uploads\/2025\/07\/518390275_10161194551667032_5603792882407870296_n.jpg?resize=300%2C225&#038;ssl=1\" alt=\"\" width=\"300\" height=\"225\" srcset=\"https:\/\/i0.wp.com\/pequod.nesodd1.no\/wp-content\/uploads\/2025\/07\/518390275_10161194551667032_5603792882407870296_n.jpg?resize=300%2C225&amp;ssl=1 300w, https:\/\/i0.wp.com\/pequod.nesodd1.no\/wp-content\/uploads\/2025\/07\/518390275_10161194551667032_5603792882407870296_n.jpg?resize=1024%2C768&amp;ssl=1 1024w, https:\/\/i0.wp.com\/pequod.nesodd1.no\/wp-content\/uploads\/2025\/07\/518390275_10161194551667032_5603792882407870296_n.jpg?resize=100%2C75&amp;ssl=1 100w, https:\/\/i0.wp.com\/pequod.nesodd1.no\/wp-content\/uploads\/2025\/07\/518390275_10161194551667032_5603792882407870296_n.jpg?resize=768%2C576&amp;ssl=1 768w, https:\/\/i0.wp.com\/pequod.nesodd1.no\/wp-content\/uploads\/2025\/07\/518390275_10161194551667032_5603792882407870296_n.jpg?resize=1536%2C1152&amp;ssl=1 1536w, https:\/\/i0.wp.com\/pequod.nesodd1.no\/wp-content\/uploads\/2025\/07\/518390275_10161194551667032_5603792882407870296_n.jpg?w=2048&amp;ssl=1 2048w, https:\/\/i0.wp.com\/pequod.nesodd1.no\/wp-content\/uploads\/2025\/07\/518390275_10161194551667032_5603792882407870296_n.jpg?w=1880&amp;ssl=1 1880w\" sizes=\"auto, (max-width: 300px) 100vw, 300px\" \/><\/a>Det beste ved denne havna er at de faktisk har gjort seg den umake \u00e5 bygge en skikkelig molo &#8211; slik at havna er godt beskyttet b\u00e5de fra uv\u00e6r og lasteskip, ferger og cruiseskip! Her har Dr\u00f8bak gjestehavn, med sin latterlige spinkle b\u00f8lgebryter, mye \u00e5 l\u00e6re!<\/p>\n<p>Om det blir s\u00e5 mye fart over gjestehavnsdriften her er jeg mer i tvil om. Havna ligger liksom slik til at det vel er dagsturer med b\u00e5t som blir hovedtrafikken.<\/p>\n<p>Kommer man hjem fra en lengre tur p\u00e5 S\u00f8rlandet eller i Sverige ligger havna liksom for kort fra Oslo til at det er noen vits \u00e5 stoppe her, og er man vei ut av fjorden er det for tidlig \u00e5 stoppe!<\/p>\n<p>Slik tenker i alle fall jeg.&nbsp;<\/p>\n<p>Kaiplassene er ogs\u00e5 ganske s\u00e5 h\u00f8ye, s\u00e5 neste gang legger jeg nok til i en ledig b\u00e5s.<\/p>\n<p><a href=\"https:\/\/i0.wp.com\/pequod.nesodd1.no\/wp-content\/uploads\/2025\/07\/518393669_10161194548742032_4393757896506787896_n.jpg?ssl=1\"><img data-recalc-dims=\"1\" loading=\"lazy\" decoding=\"async\" data-attachment-id=\"30538\" data-permalink=\"https:\/\/pequod.nesodd1.no\/?attachment_id=30538\" data-orig-file=\"https:\/\/i0.wp.com\/pequod.nesodd1.no\/wp-content\/uploads\/2025\/07\/518393669_10161194548742032_4393757896506787896_n.jpg?fit=2048%2C1365&amp;ssl=1\" data-orig-size=\"2048,1365\" data-comments-opened=\"1\" data-image-meta=\"{&quot;aperture&quot;:&quot;0&quot;,&quot;credit&quot;:&quot;&quot;,&quot;camera&quot;:&quot;&quot;,&quot;caption&quot;:&quot;&quot;,&quot;created_timestamp&quot;:&quot;0&quot;,&quot;copyright&quot;:&quot;&quot;,&quot;focal_length&quot;:&quot;0&quot;,&quot;iso&quot;:&quot;0&quot;,&quot;shutter_speed&quot;:&quot;0&quot;,&quot;title&quot;:&quot;&quot;,&quot;orientation&quot;:&quot;0&quot;}\" data-image-title=\"518393669_10161194548742032_4393757896506787896_n\" data-image-description=\"&lt;p&gt;spro havn&lt;\/p&gt;\n\" data-image-caption=\"\" data-large-file=\"https:\/\/i0.wp.com\/pequod.nesodd1.no\/wp-content\/uploads\/2025\/07\/518393669_10161194548742032_4393757896506787896_n.jpg?fit=940%2C627&amp;ssl=1\" class=\"aligncenter size-large wp-image-30538\" src=\"https:\/\/i0.wp.com\/pequod.nesodd1.no\/wp-content\/uploads\/2025\/07\/518393669_10161194548742032_4393757896506787896_n.jpg?resize=940%2C627&#038;ssl=1\" alt=\"\" width=\"940\" height=\"627\" srcset=\"https:\/\/i0.wp.com\/pequod.nesodd1.no\/wp-content\/uploads\/2025\/07\/518393669_10161194548742032_4393757896506787896_n.jpg?resize=1024%2C683&amp;ssl=1 1024w, https:\/\/i0.wp.com\/pequod.nesodd1.no\/wp-content\/uploads\/2025\/07\/518393669_10161194548742032_4393757896506787896_n.jpg?resize=300%2C200&amp;ssl=1 300w, https:\/\/i0.wp.com\/pequod.nesodd1.no\/wp-content\/uploads\/2025\/07\/518393669_10161194548742032_4393757896506787896_n.jpg?resize=100%2C67&amp;ssl=1 100w, https:\/\/i0.wp.com\/pequod.nesodd1.no\/wp-content\/uploads\/2025\/07\/518393669_10161194548742032_4393757896506787896_n.jpg?resize=768%2C512&amp;ssl=1 768w, https:\/\/i0.wp.com\/pequod.nesodd1.no\/wp-content\/uploads\/2025\/07\/518393669_10161194548742032_4393757896506787896_n.jpg?resize=1536%2C1024&amp;ssl=1 1536w, https:\/\/i0.wp.com\/pequod.nesodd1.no\/wp-content\/uploads\/2025\/07\/518393669_10161194548742032_4393757896506787896_n.jpg?w=2048&amp;ssl=1 2048w, https:\/\/i0.wp.com\/pequod.nesodd1.no\/wp-content\/uploads\/2025\/07\/518393669_10161194548742032_4393757896506787896_n.jpg?w=1880&amp;ssl=1 1880w\" sizes=\"auto, (max-width: 940px) 100vw, 940px\" \/><\/a><\/p>\n<p>&nbsp;<\/p>\n<h3>Related Images:<\/h3>","protected":false},"excerpt":{"rendered":"<p>Vurdering (5 anker er best):&nbsp; Posisjon: 59\u00b0 45.898&#8242; N&nbsp;10\u00b0 35.123&#8242; E Bes\u00f8kt antall ganger: 1&nbsp;Sist bes\u00f8kt: Juli 2025&nbsp; Hjemmeside Fasiliteter: Str\u00f8m, vann, toalett, dusj, s\u00f8ppel. Restaurant ved brygga. Stupet\u00e5rn. Havneavgift (for 29-foter): 330 NOK. Dagbes\u00f8k\/restaurantbes\u00f8k gratis. Bruker Havneweb-l\u00f8sningen. Fort\u00f8yning: Langsides ved kai og i b\u00e5s merket med gr\u00f8nne skilter. Tilrettelagt for funksjonshemmede: Ikke spesielt med &hellip;<br \/><a href=\"https:\/\/pequod.nesodd1.no\/?page_id=30532\" class=\"more-link pen_element_default pen_icon_arrow_double\">Les<\/a><\/p>\n","protected":false},"author":1,"featured_media":30508,"parent":5493,"menu_order":0,"comment_status":"closed","ping_status":"closed","template":"","meta":{"_crdt_document":"","ngg_post_thumbnail":0,"jetpack_post_was_ever_published":false,"footnotes":""},"class_list":["post-30532","page","type-page","status-publish","has-post-thumbnail","hentry"],"jetpack_shortlink":"https:\/\/wp.me\/P3Zd9b-7Ws","jetpack_sharing_enabled":true,"jetpack_likes_enabled":true,"jetpack-related-posts":[],"_links":{"self":[{"href":"https:\/\/pequod.nesodd1.no\/index.php?rest_route=\/wp\/v2\/pages\/30532","targetHints":{"allow":["GET"]}}],"collection":[{"href":"https:\/\/pequod.nesodd1.no\/index.php?rest_route=\/wp\/v2\/pages"}],"about":[{"href":"https:\/\/pequod.nesodd1.no\/index.php?rest_route=\/wp\/v2\/types\/page"}],"author":[{"embeddable":true,"href":"https:\/\/pequod.nesodd1.no\/index.php?rest_route=\/wp\/v2\/users\/1"}],"replies":[{"embeddable":true,"href":"https:\/\/pequod.nesodd1.no\/index.php?rest_route=%2Fwp%2Fv2%2Fcomments&post=30532"}],"version-history":[{"count":4,"href":"https:\/\/pequod.nesodd1.no\/index.php?rest_route=\/wp\/v2\/pages\/30532\/revisions"}],"predecessor-version":[{"id":30543,"href":"https:\/\/pequod.nesodd1.no\/index.php?rest_route=\/wp\/v2\/pages\/30532\/revisions\/30543"}],"up":[{"embeddable":true,"href":"https:\/\/pequod.nesodd1.no\/index.php?rest_route=\/wp\/v2\/pages\/5493"}],"wp:featuredmedia":[{"embeddable":true,"href":"https:\/\/pequod.nesodd1.no\/index.php?rest_route=\/wp\/v2\/media\/30508"}],"wp:attachment":[{"href":"https:\/\/pequod.nesodd1.no\/index.php?rest_route=%2Fwp%2Fv2%2Fmedia&parent=30532"}],"curies":[{"name":"wp","href":"https:\/\/api.w.org\/{rel}","templated":true}]}}