{"id":31371,"date":"2026-05-08T17:43:38","date_gmt":"2026-05-08T15:43:38","guid":{"rendered":"https:\/\/pequod.nesodd1.no\/?page_id=31371"},"modified":"2026-05-08T17:50:37","modified_gmt":"2026-05-08T15:50:37","slug":"logg-2026","status":"publish","type":"page","link":"https:\/\/pequod.nesodd1.no\/?page_id=31371","title":{"rendered":"Logg 2026"},"content":{"rendered":"<p><strong>Turoversikt 2025<\/strong><br \/>\n(Se rubrikkforklaring under tabellen).<\/p>\n<p><em>Ingen turer i januar, februar, mars og april.<\/em><\/p>\n\n<table id=\"tablepress-10\" class=\"tablepress tablepress-id-10\">\n<thead>\n<tr class=\"row-1\">\n\t<th class=\"column-1\">Antall<\/th><th class=\"column-2\">Turer<\/th><th class=\"column-3\">Dato<\/th><th class=\"column-4\">Tid<\/th><th class=\"column-5\">Rute<\/th><th class=\"column-6\">NM<\/th><th class=\"column-7\">MT<\/th><th class=\"column-8\">TF<\/th><th class=\"column-9\">GF<\/th><th class=\"column-10\">Temp<\/th><th class=\"column-11\">MS<\/th><th class=\"column-12\">V\u00e6r<\/th>\n<\/tr>\n<\/thead>\n<tbody class=\"row-striping row-hover\">\n<tr class=\"row-2\">\n\t<td class=\"column-1\">975<\/td><td class=\"column-2\">1<\/td><td class=\"column-3\">8.5.<\/td><td class=\"column-4\">13.15-15.30<\/td><td class=\"column-5\">Oksval - Nesoddtangen - Fyrsteilene - Fjellstrand - Fagerstrand - Digerud - Nordre H\u00e5\u00f8ya - T\u00e5jebukta.<\/td><td class=\"column-6\">13,3<\/td><td class=\"column-7\">2.15<\/td><td class=\"column-8\">8,9<\/td><td class=\"column-9\">5,7<\/td><td class=\"column-10\">14<\/td><td class=\"column-11\">5-10<\/td><td class=\"column-12\">Delvis overskyet, litt sol<\/td>\n<\/tr>\n<tr class=\"row-3\">\n\t<td class=\"column-1\"><\/td><td class=\"column-2\"><\/td><td class=\"column-3\"><\/td><td class=\"column-4\"><\/td><td class=\"column-5\"><\/td><td class=\"column-6\"><\/td><td class=\"column-7\"><\/td><td class=\"column-8\"><\/td><td class=\"column-9\"><\/td><td class=\"column-10\"><\/td><td class=\"column-11\"><\/td><td class=\"column-12\"><\/td>\n<\/tr>\n<tr class=\"row-4\">\n\t<td class=\"column-1\"><\/td><td class=\"column-2\"><\/td><td class=\"column-3\"><\/td><td class=\"column-4\"><\/td><td class=\"column-5\"><\/td><td class=\"column-6\"><\/td><td class=\"column-7\"><\/td><td class=\"column-8\"><\/td><td class=\"column-9\"><\/td><td class=\"column-10\"><\/td><td class=\"column-11\"><\/td><td class=\"column-12\"><\/td>\n<\/tr>\n<tr class=\"row-5\">\n\t<td class=\"column-1\"><\/td><td class=\"column-2\"><\/td><td class=\"column-3\"><\/td><td class=\"column-4\"><\/td><td class=\"column-5\"><\/td><td class=\"column-6\"><\/td><td class=\"column-7\"><\/td><td class=\"column-8\"><\/td><td class=\"column-9\"><\/td><td class=\"column-10\"><\/td><td class=\"column-11\"><\/td><td class=\"column-12\"><\/td>\n<\/tr>\n<\/tbody>\n<\/table>\n<!-- #tablepress-10 from cache -->\n<p>Rubrikkforklaring: Antall=Totalt antall turer med Bergtatt I og Bergtatt II. Turer=Antall turer i \u00e5r. Dato=Dato for turen. Tid= Tidspunkt for turen inkl. tid i land. Rute=Hvor turen gikk i hovedtrekk. NM=Nautiske mil tilbakelagt. MT=Antall effektive motortimer, alts\u00e5 hvor mye motoren var i drift. Dette kan da v\u00e6re et mindre timeantall enn selve turen totalt hvis jeg for eksempel har stoppet for \u00e5 slappe av, tanke eller hatt et kort landhugg. TF=Toppfart. GF=Gjennomsnittfart. Temp=Temperaturen. M\/S=Vindstyrke (omtrentlig). V\u00e6r=V\u00e6ret i stikkordsform. OBS: NM, MT, TF og GF innf\u00f8rt fra 2017. Temperatur fra 2016. M\/S fra 2018. Jeg jobber med \u00e5 beregne NM og MT fra tidligere \u00e5r.<\/p>\n<p>Tegnforklaring (bak dato): *Sunniva (1996) var med! **Victoria (1999) var med! ***Robin (1997) var med! ^*Turist\/er var med ^^*Venner\/andre var med! <3*Rederinnen var med. Datoer uten tegn bak var aleneturer. P\u00e5 noen av turene kan passasjerene har v\u00e6rt med kun delvis, for eksempel g\u00e5tt i land underveis.\n\nDefinisjon av turer: Her regner jeg i utgangspunktet tur\/retur hjemmehavna som \u00e9n tur, selv om jeg g\u00e5r i land en eller flere steder i l\u00f8pet av turen. Unntaket er langturer med overnatting, da regner jeg hver etappe fram til det stedet hvor jeg overnatter som \u00e9n tur, samt hvis jeg er i land i flere timer f\u00f8r jeg fortsetter. Jeg loggf\u00f8rer hver tur jeg tar med b\u00e5ten, men det kommer n\u00f8dvendigvis ikke turrapporter eller bilder fra alle turene! N\u00e5r det gjelder avgang og ankomsttider runder jeg av til n\u00e6rmeste hele minutt, alts\u00e5 f.eks. avgang 20.19 rundes av til 20.20, ankomst 21.41 rundes av til 21.40.\n\n<\/p>\n<h3>Related Images:<\/h3>","protected":false},"excerpt":{"rendered":"<p>Turoversikt 2025 (Se rubrikkforklaring under tabellen). Ingen turer i januar, februar, mars og april. Rubrikkforklaring: Antall=Totalt antall turer med Bergtatt I og Bergtatt II. Turer=Antall turer i \u00e5r. Dato=Dato for turen. Tid= Tidspunkt for turen inkl. tid i land. Rute=Hvor turen gikk i hovedtrekk. NM=Nautiske mil tilbakelagt. MT=Antall effektive motortimer, alts\u00e5 hvor mye motoren var &hellip;<br \/><a href=\"https:\/\/pequod.nesodd1.no\/?page_id=31371\" class=\"more-link pen_element_default pen_icon_arrow_double\">Les<\/a><\/p>\n","protected":false},"author":1,"featured_media":0,"parent":8091,"menu_order":0,"comment_status":"closed","ping_status":"closed","template":"","meta":{"_crdt_document":"","ngg_post_thumbnail":0,"footnotes":""},"class_list":["post-31371","page","type-page","status-publish","hentry"],"jetpack_shortlink":"https:\/\/wp.me\/P3Zd9b-89Z","jetpack_sharing_enabled":true,"jetpack_likes_enabled":true,"jetpack-related-posts":[],"_links":{"self":[{"href":"https:\/\/pequod.nesodd1.no\/index.php?rest_route=\/wp\/v2\/pages\/31371","targetHints":{"allow":["GET"]}}],"collection":[{"href":"https:\/\/pequod.nesodd1.no\/index.php?rest_route=\/wp\/v2\/pages"}],"about":[{"href":"https:\/\/pequod.nesodd1.no\/index.php?rest_route=\/wp\/v2\/types\/page"}],"author":[{"embeddable":true,"href":"https:\/\/pequod.nesodd1.no\/index.php?rest_route=\/wp\/v2\/users\/1"}],"replies":[{"embeddable":true,"href":"https:\/\/pequod.nesodd1.no\/index.php?rest_route=%2Fwp%2Fv2%2Fcomments&post=31371"}],"version-history":[{"count":4,"href":"https:\/\/pequod.nesodd1.no\/index.php?rest_route=\/wp\/v2\/pages\/31371\/revisions"}],"predecessor-version":[{"id":31379,"href":"https:\/\/pequod.nesodd1.no\/index.php?rest_route=\/wp\/v2\/pages\/31371\/revisions\/31379"}],"up":[{"embeddable":true,"href":"https:\/\/pequod.nesodd1.no\/index.php?rest_route=\/wp\/v2\/pages\/8091"}],"wp:attachment":[{"href":"https:\/\/pequod.nesodd1.no\/index.php?rest_route=%2Fwp%2Fv2%2Fmedia&parent=31371"}],"curies":[{"name":"wp","href":"https:\/\/api.w.org\/{rel}","templated":true}]}}