{"id":3380,"date":"2014-06-19T17:44:45","date_gmt":"2014-06-19T15:44:45","guid":{"rendered":"https:\/\/pequod.nesodd1.no\/?page_id=3380"},"modified":"2015-01-06T14:35:11","modified_gmt":"2015-01-06T13:35:11","slug":"battur-pinseaften","status":"publish","type":"page","link":"https:\/\/pequod.nesodd1.no\/?page_id=3380","title":{"rendered":"B\u00e5ttur pinseaften"},"content":{"rendered":"<p>Tok meg en tur p\u00e5 pinseaften ogs\u00e5, jeg! La turen innom B\u00e6rumsskj\u00e6rg\u00e5rden nok en gang, men tok en ny vri og kj\u00f8rte inn sundet mellom Nes\u00f8ya og Br\u00f8nn\u00f8ya og fikk se en kabelferge for f\u00f8rste gang&#8230; Traff ogs\u00e5 p\u00e5 en felles bruker av forumet p\u00e5 baatplassen.no og hadde en hyggelig prat med ham.<\/p>\n\n            <!-- Blueimp gallery -->\n            <div id=\"blueimp-gallery-6529\" class=\"blueimp-gallery blueimp-gallery-controls\">\n                <div class=\"slides\"><\/div>\n                <h3 class=\"title\"><\/h3>\n                <a class=\"prev\">\u2039<\/a>\n                <a class=\"next\">\u203a<\/a>\n                <a class=\"close\">\u00d7<\/a>\n                <a class=\"play-pause\"><\/a>\n                <ol class=\"indicator\"><\/ol>\n                <div class=\"modal fade\">\n                    <div class=\"modal-dialog\">\n                        <div class=\"modal-content\">\n                            <div class=\"modal-header\">\n                                <button type=\"button\" class=\"close\" aria-hidden=\"true\">\u00d7<\/button>\n                                <h4 class=\"modal-title\"><\/h4>\n                            <\/div>\n                            <div class=\"modal-body next\"><\/div>\n                            <div class=\"modal-footer\">\n                                <button type=\"button\" class=\"btn btn-default pull-left prev\">\n                                    <i class=\"glyphicon glyphicon-chevron-left\"><\/i>\n                                    Previous                                <\/button>\n                                <button type=\"button\" class=\"btn btn-primary next\">\n                                    Next                                    <i class=\"glyphicon glyphicon-chevron-right\"><\/i>\n                                <\/button>\n                            <\/div>\n                        <\/div>\n                    <\/div>\n                <\/div>\n            <\/div>\n\n            <script data-jetpack-boost=\"ignore\" type=\"text\/javascript\">\n            jQuery(function() {\n                jQuery.extend(blueimp.Gallery.prototype.options, {\n                    useBootstrapModal: false,\n                    hidePageScrollbars: false,\n                    container: \"#blueimp-gallery-6529\",\n                });\n            });\n            <\/script>\n\n            \n<p>&nbsp;<\/p>\n<h3>Related Images:<\/h3>","protected":false},"excerpt":{"rendered":"<p>Tok meg en tur p\u00e5 pinseaften ogs\u00e5, jeg! La turen innom B\u00e6rumsskj\u00e6rg\u00e5rden nok en gang, men tok en ny vri og kj\u00f8rte inn sundet mellom Nes\u00f8ya og Br\u00f8nn\u00f8ya og fikk se en kabelferge for f\u00f8rste gang&#8230; Traff ogs\u00e5 p\u00e5 en felles bruker av forumet p\u00e5 baatplassen.no og hadde en hyggelig prat med ham. &nbsp; Related &hellip;<br \/><a href=\"https:\/\/pequod.nesodd1.no\/?p=6529\" class=\"more-link pen_element_default pen_icon_arrow_double\">Les<\/a><\/p>\n","protected":false},"author":1,"featured_media":0,"parent":1708,"menu_order":0,"comment_status":"open","ping_status":"open","template":"","meta":{"_crdt_document":"","ngg_post_thumbnail":0,"jetpack_post_was_ever_published":false,"footnotes":""},"class_list":["post-3380","page","type-page","status-publish","hentry"],"jetpack_shortlink":"https:\/\/wp.me\/P3Zd9b-Sw","jetpack_sharing_enabled":true,"jetpack_likes_enabled":true,"jetpack-related-posts":[],"_links":{"self":[{"href":"https:\/\/pequod.nesodd1.no\/index.php?rest_route=\/wp\/v2\/pages\/3380","targetHints":{"allow":["GET"]}}],"collection":[{"href":"https:\/\/pequod.nesodd1.no\/index.php?rest_route=\/wp\/v2\/pages"}],"about":[{"href":"https:\/\/pequod.nesodd1.no\/index.php?rest_route=\/wp\/v2\/types\/page"}],"author":[{"embeddable":true,"href":"https:\/\/pequod.nesodd1.no\/index.php?rest_route=\/wp\/v2\/users\/1"}],"replies":[{"embeddable":true,"href":"https:\/\/pequod.nesodd1.no\/index.php?rest_route=%2Fwp%2Fv2%2Fcomments&post=3380"}],"version-history":[{"count":2,"href":"https:\/\/pequod.nesodd1.no\/index.php?rest_route=\/wp\/v2\/pages\/3380\/revisions"}],"predecessor-version":[{"id":6530,"href":"https:\/\/pequod.nesodd1.no\/index.php?rest_route=\/wp\/v2\/pages\/3380\/revisions\/6530"}],"up":[{"embeddable":true,"href":"https:\/\/pequod.nesodd1.no\/index.php?rest_route=\/wp\/v2\/pages\/1708"}],"wp:attachment":[{"href":"https:\/\/pequod.nesodd1.no\/index.php?rest_route=%2Fwp%2Fv2%2Fmedia&parent=3380"}],"curies":[{"name":"wp","href":"https:\/\/api.w.org\/{rel}","templated":true}]}}