{"id":3806,"date":"2014-07-28T20:16:17","date_gmt":"2014-07-28T18:16:17","guid":{"rendered":"https:\/\/pequod.nesodd1.no\/?page_id=3806"},"modified":"2015-01-07T12:23:38","modified_gmt":"2015-01-07T11:23:38","slug":"lyn-og-torden-24-07","status":"publish","type":"page","link":"https:\/\/pequod.nesodd1.no\/?page_id=3806","title":{"rendered":"Lyn og torden 24.07"},"content":{"rendered":"<p>Var p\u00e5 tur torsdag med jentene pluss ei venninne. Fantastisk v\u00e6r helt til vi kom inn i B\u00e6rumsskj\u00e6rg\u00e5rden, da kom det plutselig b\u00e5de lyn, torden og et kraftig regnskyll i en halvtimes tid. Hadde ikke med meg kameraet, s\u00e5 dette er bare bilder tatt med iPhonen. Ved Snar\u00f8ya, Hestesundet, Vassholmene, Lind\u00f8ya.<\/p>\n\n            <!-- Blueimp gallery -->\n            <div id=\"blueimp-gallery-6540\" class=\"blueimp-gallery blueimp-gallery-controls\">\n                <div class=\"slides\"><\/div>\n                <h3 class=\"title\"><\/h3>\n                <a class=\"prev\">\u2039<\/a>\n                <a class=\"next\">\u203a<\/a>\n                <a class=\"close\">\u00d7<\/a>\n                <a class=\"play-pause\"><\/a>\n                <ol class=\"indicator\"><\/ol>\n                <div class=\"modal fade\">\n                    <div class=\"modal-dialog\">\n                        <div class=\"modal-content\">\n                            <div class=\"modal-header\">\n                                <button type=\"button\" class=\"close\" aria-hidden=\"true\">\u00d7<\/button>\n                                <h4 class=\"modal-title\"><\/h4>\n                            <\/div>\n                            <div class=\"modal-body next\"><\/div>\n                            <div class=\"modal-footer\">\n                                <button type=\"button\" class=\"btn btn-default pull-left prev\">\n                                    <i class=\"glyphicon glyphicon-chevron-left\"><\/i>\n                                    Previous                                <\/button>\n                                <button type=\"button\" class=\"btn btn-primary next\">\n                                    Next                                    <i class=\"glyphicon glyphicon-chevron-right\"><\/i>\n                                <\/button>\n                            <\/div>\n                        <\/div>\n                    <\/div>\n                <\/div>\n            <\/div>\n\n            <script data-jetpack-boost=\"ignore\" type=\"text\/javascript\">\n            jQuery(function() {\n                jQuery.extend(blueimp.Gallery.prototype.options, {\n                    useBootstrapModal: false,\n                    hidePageScrollbars: false,\n                    container: \"#blueimp-gallery-6540\",\n                });\n            });\n            <\/script>\n\n            \n<h3>Related Images:<\/h3>","protected":false},"excerpt":{"rendered":"<p>Var p\u00e5 tur torsdag med jentene pluss ei venninne. Fantastisk v\u00e6r helt til vi kom inn i B\u00e6rumsskj\u00e6rg\u00e5rden, da kom det plutselig b\u00e5de lyn, torden og et kraftig regnskyll i en halvtimes tid. Hadde ikke med meg kameraet, s\u00e5 dette er bare bilder tatt med iPhonen. Ved Snar\u00f8ya, Hestesundet, Vassholmene, Lind\u00f8ya. Related Images:<\/p>\n","protected":false},"author":1,"featured_media":0,"parent":1708,"menu_order":0,"comment_status":"open","ping_status":"open","template":"","meta":{"_crdt_document":"","ngg_post_thumbnail":0,"jetpack_post_was_ever_published":false,"footnotes":""},"class_list":["post-3806","page","type-page","status-publish","hentry"],"jetpack_shortlink":"https:\/\/wp.me\/P3Zd9b-Zo","jetpack_sharing_enabled":true,"jetpack_likes_enabled":true,"jetpack-related-posts":[],"_links":{"self":[{"href":"https:\/\/pequod.nesodd1.no\/index.php?rest_route=\/wp\/v2\/pages\/3806","targetHints":{"allow":["GET"]}}],"collection":[{"href":"https:\/\/pequod.nesodd1.no\/index.php?rest_route=\/wp\/v2\/pages"}],"about":[{"href":"https:\/\/pequod.nesodd1.no\/index.php?rest_route=\/wp\/v2\/types\/page"}],"author":[{"embeddable":true,"href":"https:\/\/pequod.nesodd1.no\/index.php?rest_route=\/wp\/v2\/users\/1"}],"replies":[{"embeddable":true,"href":"https:\/\/pequod.nesodd1.no\/index.php?rest_route=%2Fwp%2Fv2%2Fcomments&post=3806"}],"version-history":[{"count":2,"href":"https:\/\/pequod.nesodd1.no\/index.php?rest_route=\/wp\/v2\/pages\/3806\/revisions"}],"predecessor-version":[{"id":6541,"href":"https:\/\/pequod.nesodd1.no\/index.php?rest_route=\/wp\/v2\/pages\/3806\/revisions\/6541"}],"up":[{"embeddable":true,"href":"https:\/\/pequod.nesodd1.no\/index.php?rest_route=\/wp\/v2\/pages\/1708"}],"wp:attachment":[{"href":"https:\/\/pequod.nesodd1.no\/index.php?rest_route=%2Fwp%2Fv2%2Fmedia&parent=3806"}],"curies":[{"name":"wp","href":"https:\/\/api.w.org\/{rel}","templated":true}]}}