{"id":419,"date":"2013-10-08T05:47:48","date_gmt":"2013-10-08T03:47:48","guid":{"rendered":"https:\/\/pequod.nesodd1.no\/?page_id=419"},"modified":"2025-07-18T23:05:01","modified_gmt":"2025-07-18T21:05:01","slug":"om-baten","status":"publish","type":"page","link":"https:\/\/pequod.nesodd1.no\/?page_id=419","title":{"rendered":"Om b\u00e5ten\/e"},"content":{"rendered":"<h3>Bergtatt II &#8211; i mitt eie fra 25.04.2019<\/h3>\n<p><a href=\"https:\/\/i0.wp.com\/pequod.nesodd1.no\/wp-content\/uploads\/2019\/04\/806_1007372337.jpg?ssl=1\"><img data-recalc-dims=\"1\" loading=\"lazy\" decoding=\"async\" data-attachment-id=\"15606\" data-permalink=\"https:\/\/pequod.nesodd1.no\/?attachment_id=15606\" data-orig-file=\"https:\/\/i0.wp.com\/pequod.nesodd1.no\/wp-content\/uploads\/2019\/04\/806_1007372337.jpg?fit=960%2C717&amp;ssl=1\" data-orig-size=\"960,717\" data-comments-opened=\"1\" data-image-meta=\"{&quot;aperture&quot;:&quot;0&quot;,&quot;credit&quot;:&quot;&quot;,&quot;camera&quot;:&quot;&quot;,&quot;caption&quot;:&quot;&quot;,&quot;created_timestamp&quot;:&quot;0&quot;,&quot;copyright&quot;:&quot;&quot;,&quot;focal_length&quot;:&quot;0&quot;,&quot;iso&quot;:&quot;0&quot;,&quot;shutter_speed&quot;:&quot;0&quot;,&quot;title&quot;:&quot;&quot;,&quot;orientation&quot;:&quot;0&quot;}\" data-image-title=\"806_1007372337\" data-image-description=\"&lt;p&gt;Bergtatt II, Tresfjord 29 AC&lt;\/p&gt;\n\" data-image-caption=\"\" data-medium-file=\"https:\/\/i0.wp.com\/pequod.nesodd1.no\/wp-content\/uploads\/2019\/04\/806_1007372337.jpg?fit=300%2C224&amp;ssl=1\" data-large-file=\"https:\/\/i0.wp.com\/pequod.nesodd1.no\/wp-content\/uploads\/2019\/04\/806_1007372337.jpg?fit=940%2C702&amp;ssl=1\" class=\"aligncenter size-full wp-image-15606\" src=\"https:\/\/i0.wp.com\/pequod.nesodd1.no\/wp-content\/uploads\/2019\/04\/806_1007372337.jpg?resize=940%2C702&#038;ssl=1\" alt=\"\" width=\"940\" height=\"702\" srcset=\"https:\/\/i0.wp.com\/pequod.nesodd1.no\/wp-content\/uploads\/2019\/04\/806_1007372337.jpg?w=960&amp;ssl=1 960w, https:\/\/i0.wp.com\/pequod.nesodd1.no\/wp-content\/uploads\/2019\/04\/806_1007372337.jpg?resize=100%2C75&amp;ssl=1 100w, https:\/\/i0.wp.com\/pequod.nesodd1.no\/wp-content\/uploads\/2019\/04\/806_1007372337.jpg?resize=300%2C224&amp;ssl=1 300w, https:\/\/i0.wp.com\/pequod.nesodd1.no\/wp-content\/uploads\/2019\/04\/806_1007372337.jpg?resize=768%2C574&amp;ssl=1 768w\" sizes=\"auto, (max-width: 940px) 100vw, 940px\" \/><\/a><br \/>\n<strong>Navn: <\/strong>Bergtatt<br \/>\n<strong>Type:&nbsp;<\/strong>Plattgatter\/cabincruiser<br \/>\n<strong>Modell:&nbsp;<\/strong>Tresfjord 29 AC<br \/>\n<strong>\u00c5rsmodell:<\/strong> 1981<br \/>\n<strong>Byggenummer:<\/strong> 7164<br \/>\n<strong>Produsent:<\/strong> K. J. Skorgenes B\u00e5tbyggeri AS<br \/>\n<strong>Materiale:<\/strong> Plast<br \/>\n<strong>Farge:<\/strong> Hvit<br \/>\n<strong>Lengde:&nbsp;<\/strong>29 fot \/ 8,84 meter<br \/>\n<strong>Bredde:&nbsp;<\/strong>2,85 meter<br \/>\n<strong><a href=\"https:\/\/i0.wp.com\/pequod.nesodd1.no\/wp-content\/uploads\/2019\/10\/baatenholmsbuifart.jpg?ssl=1\"><img data-recalc-dims=\"1\" loading=\"lazy\" decoding=\"async\" data-attachment-id=\"16487\" data-permalink=\"https:\/\/pequod.nesodd1.no\/?attachment_id=16487\" data-orig-file=\"https:\/\/i0.wp.com\/pequod.nesodd1.no\/wp-content\/uploads\/2019\/10\/baatenholmsbuifart.jpg?fit=573%2C310&amp;ssl=1\" data-orig-size=\"573,310\" data-comments-opened=\"1\" data-image-meta=\"{&quot;aperture&quot;:&quot;0&quot;,&quot;credit&quot;:&quot;&quot;,&quot;camera&quot;:&quot;&quot;,&quot;caption&quot;:&quot;&quot;,&quot;created_timestamp&quot;:&quot;0&quot;,&quot;copyright&quot;:&quot;&quot;,&quot;focal_length&quot;:&quot;0&quot;,&quot;iso&quot;:&quot;0&quot;,&quot;shutter_speed&quot;:&quot;0&quot;,&quot;title&quot;:&quot;&quot;,&quot;orientation&quot;:&quot;1&quot;}\" data-image-title=\"baatenholmsbuifart\" data-image-description=\"&lt;p&gt;Drammensfjorden, Holmsbu, R\u00f8dtangen, Tresfjord&lt;\/p&gt;\n\" data-image-caption=\"\" data-medium-file=\"https:\/\/i0.wp.com\/pequod.nesodd1.no\/wp-content\/uploads\/2019\/10\/baatenholmsbuifart.jpg?fit=300%2C162&amp;ssl=1\" data-large-file=\"https:\/\/i0.wp.com\/pequod.nesodd1.no\/wp-content\/uploads\/2019\/10\/baatenholmsbuifart.jpg?fit=573%2C310&amp;ssl=1\" class=\"alignright size-medium wp-image-16487\" src=\"https:\/\/i0.wp.com\/pequod.nesodd1.no\/wp-content\/uploads\/2019\/10\/baatenholmsbuifart.jpg?resize=300%2C162&#038;ssl=1\" alt=\"\" width=\"300\" height=\"162\" srcset=\"https:\/\/i0.wp.com\/pequod.nesodd1.no\/wp-content\/uploads\/2019\/10\/baatenholmsbuifart.jpg?resize=300%2C162&amp;ssl=1 300w, https:\/\/i0.wp.com\/pequod.nesodd1.no\/wp-content\/uploads\/2019\/10\/baatenholmsbuifart.jpg?resize=100%2C54&amp;ssl=1 100w, https:\/\/i0.wp.com\/pequod.nesodd1.no\/wp-content\/uploads\/2019\/10\/baatenholmsbuifart.jpg?w=573&amp;ssl=1 573w\" sizes=\"auto, (max-width: 300px) 100vw, 300px\" \/><\/a>Vekt:&nbsp;<\/strong>3,500 kilo<br \/>\n<strong>Dybde:&nbsp;<\/strong>0,95 meter<br \/>\n<strong>Transporth\u00f8yde: <\/strong>4,05 meter<br \/>\n<strong>H\u00f8yde over vannlinje:&nbsp; <\/strong>3,05 meter<br \/>\n<strong>Motor:<\/strong> Nanni&nbsp; 4.340 TDI (130HK\/v2.600 RPM) (2007)<br \/>\n<strong>Gear:<\/strong><strong>&nbsp;<\/strong>Hurth ZF 45A m\/slureventil<br \/>\n<strong>Pakkboks:<\/strong> Sleipner oljesmurt<br \/>\n<strong>Propell: <\/strong>Radice B7, fireblads<br \/>\n<strong>Aksling:<\/strong> Sleipner med Aquadrive antivibration system<br \/>\n<strong>Drivstoff: <\/strong>Diesel<br \/>\n<strong>Drivstofftank:<\/strong> 270 liter<br \/>\n<strong>Vanntank:<\/strong> 120 liter<br \/>\n<strong>Septiktank:<\/strong> Ca. 50 liter<br \/>\n<strong>Varme:<\/strong> Wallas 3000DX dieselvarmer (totaloverhalt 2022)<br \/>\n<strong>Solcellepanel:<\/strong> SunWare 100W (fastmontert til lading av ordin\u00e6r batteribank)<br \/>\n<strong>Solcellepanel 2:<\/strong> EcoFlow 160W ((sammenleggbart til hovedsakelig til lading av EcoFlow Delta) (fra juli 2025)<br \/>\n<strong>Ankervinsj:<\/strong> Ilas (med fjernkontroll)<br \/>\n<strong>Baugpropell:<\/strong> SEP 60 Side-Power (6hk) fra Sleipner med fjernkontroll<br \/>\n<strong>Trimflaps:<\/strong> Lectrotab<br \/>\n<strong>Varmtvannsbereder:<\/strong> Isotemp (25 liter)<br \/>\n<strong>Kartplotter:<\/strong> Humminbird 958c 8&#8243; med ekkolodd<br \/>\n<strong>Navigasjons-PC:<\/strong> Lenovo med OpenCPN kartprogram og OCharts (ny 2022)&nbsp;<br \/>\n<strong>Batterilader, fast:<\/strong> Victron Blue Smart IP22 30A (Fra april 2025)<br \/>\n<strong>Batterilader reserve, l\u00f8s: <\/strong>Powerline PL-C010P 10A<br \/>\n<strong>Batterimonitor: <\/strong>Victron BMV-712 med Bluetooth<br \/>\n<strong>Startbatteri:<\/strong> 1852M 110Ah AGM (Byttet august 2022)<br \/>\n<strong>Forbruksbatterier:<\/strong> 2 x VMF Sportline RV 115Ah AGM<br \/>\n<strong>Inverter:<\/strong> Victron Phoenix 350W med egen str\u00f8mbryter<br \/>\n<strong>Landstr\u00f8m:<\/strong> Ratio MP16 m\/ Sterling galvanisk isolator<br \/>\n<strong>Radio:<\/strong> Kenwood med CD-spiller og Bluetooth samt fjernkontroll. Sony h\u00f8ytalere<br \/>\n<strong>Kokeapparat:<\/strong> Vanlig elektrisk kokeplate<br \/>\n<strong>Alternativ str\u00f8mkilde:<\/strong> EcoFlow Delta 3 1500 &#8211; 1800W (fra mai 2025)<br \/>\n<strong>Kj\u00f8leskap;&nbsp;<\/strong> Isotherm m\/fryseboks (usikker p\u00e5 st\u00f8rrelse)<br \/>\n<strong>Brannvern:<\/strong> 2 stk. r\u00f8ykvarslere. 2 stk. pulver brannslukkere, 2 stk. aerosol brannslukkere, 1 stk. brannteppe, 1 stk. gassalarm<br \/>\n<strong>Toppfart:&nbsp;<\/strong>17 knop<br \/>\n<strong>Marsjfart:<\/strong> 12-14 knop<br \/>\n<strong>\u00d8konomisk marsjfart\/kosefart:<\/strong> 7-8 knop<br \/>\n<strong>Passasjerer:<\/strong> Godkjent for totalt 17 personer<br \/>\n<strong>Soveplasser:<\/strong> Tre i akterkabin, to-tre i forkabin (med ekstramadrass i midten), pluss evt. et par p\u00e5 solseng akter om sommeren&#8230;<br \/>\n<strong>Registreringsnummer: <\/strong>LAG 981<br \/>\n<strong>VHF stasjon\u00e6r: <\/strong>Navman 7200<br \/>\n<strong>VHF h\u00e5ndholdt:<\/strong> Standard Horizon HX870E&nbsp;<br \/>\n<strong>VHF kallesignal: <\/strong>LA 3471<br \/>\n<strong>MMSI:<\/strong> 257008590<br \/>\n<strong>Hjemmehavn: <\/strong>Oksval,&nbsp;Nesodden. (Lakseberget, Sandvika sommeren 2019).<br \/>\n<strong>Forsikringsselskap:<\/strong> Frende (fra 2025)<\/p>\n<h3>Rekorder med Bergtatt II:<\/h3>\n<p><strong>Fartsrekorder:<\/strong> 17,1 knop utenfor Horten under pr\u00f8vetur 28.04.2019<br \/>\n<strong>Lengste etappe i ett strekk: <\/strong>Stavanger \u2013 Vass\u00f8ya (tanking) \u2013 Lang\u00f8y \u2013 Am\u00f8yfjorden \u2013 Tungeneset \u2013 Rott \u2013 Skotagrunnen \u2013 Risagrunnen \u2013 J\u00e6rens Rev \u2013 Ognabukta \u2013 Klettegrunnen \u2013 Siragrunnen \u2013 Lista \u2013 Sand\u00f8y \u2013 Prest\u00f8y \u2013 Lamholmen \u2013 Fisholmen \u2013 Farsund.&nbsp; September 2021. &nbsp;Totalt 97 nautiske mil.<br \/>\n<strong>Lengst fra hjemmehavn, Norge:<\/strong> Bud i M\u00f8re og Romsdal i august 2021. 687,6 nautiske mil fra Nesodden.<br \/>\n<strong>Lengst fra hjemmehavn, Sverige:<\/strong> Vr\u00e5ng\u00f6 (s\u00f8r for G\u00f6teborg) i juni 2022. 174, 9 nautiske mil fra Nesodden.<\/p>\n<p><em>(Alle avstander i nautiske mil beregnet etter den ruta jeg faktisk tok, ikke korteste avstand).<\/em><\/p>\n<p><strong>Totalt antall turer: <span style=\"color: #800000;\">282 pr. april 2023.<\/span><\/strong><br \/>\n<em>(<strong>2022:<\/strong> 63 &#8211; <strong>2021:<\/strong> 73 <strong>&#8211;<\/strong><\/em> <em><strong>2020: <\/strong>93<strong> &#8211; 2019:<\/strong> 78)<\/em><\/p>\n<p><strong>Totalt antall overnattinger: <span style=\"color: #800000;\">330 pr. april 2023.<\/span><\/strong><br \/>\n<em>(<strong>2022:<\/strong> 51 &#8211;<strong>2021:<\/strong> 120 &#8211; <strong>2020:<\/strong> 87 &#8211; <strong>2019:<\/strong> 73)<\/em><\/p>\n<p>&#8212;&#8212;&#8212;&#8212;&#8212;&#8212;&#8212;&#8212;&#8212;&#8212;&#8212;&#8212;&#8212;&#8212;&#8212;&#8212;&#8212;&#8212;&#8212;&#8212;&#8212;&#8212;&#8212;&#8212;&#8212;&#8212;&#8212;&#8212;&#8212;&#8212;&#8212;&#8212;&#8212;&#8212;&#8212;&#8212;&#8212;&#8212;&#8212;&#8212;&#8212;&#8212;&#8212;&#8212;&#8212;&#8212;&#8212;&#8212;&#8212;&#8212;&#8212;&#8212;&#8212;&#8212;&#8212;&#8212;&#8212;<\/p>\n<h3>Bergtatt I &#8211; i mitt eie fra 09.10.2013 til 18.04.2019<\/h3>\n<p><a href=\"https:\/\/i0.wp.com\/pequod.nesodd1.no\/wp-content\/uploads\/2013\/10\/74_660618141_xlAA.jpg\"><img data-recalc-dims=\"1\" loading=\"lazy\" decoding=\"async\" data-attachment-id=\"417\" data-permalink=\"https:\/\/pequod.nesodd1.no\/?attachment_id=417\" data-orig-file=\"https:\/\/i0.wp.com\/pequod.nesodd1.no\/wp-content\/uploads\/2013\/10\/74_660618141_xlAA.jpg?fit=800%2C600&amp;ssl=1\" data-orig-size=\"800,600\" data-comments-opened=\"1\" data-image-meta=\"{&quot;aperture&quot;:&quot;0&quot;,&quot;credit&quot;:&quot;Picasa&quot;,&quot;camera&quot;:&quot;&quot;,&quot;caption&quot;:&quot;&quot;,&quot;created_timestamp&quot;:&quot;1381187487&quot;,&quot;copyright&quot;:&quot;&quot;,&quot;focal_length&quot;:&quot;0&quot;,&quot;iso&quot;:&quot;0&quot;,&quot;shutter_speed&quot;:&quot;0&quot;,&quot;title&quot;:&quot;&quot;}\" data-image-title=\"74_660618141_xlAA\" data-image-description=\"\" data-image-caption=\"\" data-medium-file=\"https:\/\/i0.wp.com\/pequod.nesodd1.no\/wp-content\/uploads\/2013\/10\/74_660618141_xlAA.jpg?fit=300%2C225&amp;ssl=1\" data-large-file=\"https:\/\/i0.wp.com\/pequod.nesodd1.no\/wp-content\/uploads\/2013\/10\/74_660618141_xlAA.jpg?fit=800%2C600&amp;ssl=1\" class=\"aligncenter size-full wp-image-417\" src=\"https:\/\/i0.wp.com\/pequod.nesodd1.no\/wp-content\/uploads\/2013\/10\/74_660618141_xlAA.jpg?resize=800%2C600\" alt=\"74_660618141_xlAA\" width=\"800\" height=\"600\" srcset=\"https:\/\/i0.wp.com\/pequod.nesodd1.no\/wp-content\/uploads\/2013\/10\/74_660618141_xlAA.jpg?w=800&amp;ssl=1 800w, https:\/\/i0.wp.com\/pequod.nesodd1.no\/wp-content\/uploads\/2013\/10\/74_660618141_xlAA.jpg?resize=300%2C225&amp;ssl=1 300w\" sizes=\"auto, (max-width: 800px) 100vw, 800px\" \/><\/a><\/p>\n<p><strong>Navn: <\/strong>Bergtatt<br \/>\n<strong>Type:&nbsp;<\/strong>Snekke<br \/>\n<strong>Modell:&nbsp;<\/strong>Nidelv 24<br \/>\n<strong>\u00c5rsmodell:<\/strong> 1974 (bygget 1973)<br \/>\n<strong>Byggenummer:<\/strong> 455<br \/>\n<a href=\"https:\/\/i0.wp.com\/pequod.nesodd1.no\/wp-content\/uploads\/2013\/10\/IMG_1326b.jpg\"><img data-recalc-dims=\"1\" loading=\"lazy\" decoding=\"async\" data-attachment-id=\"416\" data-permalink=\"https:\/\/pequod.nesodd1.no\/?attachment_id=416\" data-orig-file=\"https:\/\/i0.wp.com\/pequod.nesodd1.no\/wp-content\/uploads\/2013\/10\/IMG_1326b-e1413709377889.jpg?fit=800%2C672&amp;ssl=1\" data-orig-size=\"800,672\" data-comments-opened=\"1\" data-image-meta=\"{&quot;aperture&quot;:&quot;2.8&quot;,&quot;credit&quot;:&quot;Picasa&quot;,&quot;camera&quot;:&quot;iPhone 4&quot;,&quot;caption&quot;:&quot;&quot;,&quot;created_timestamp&quot;:&quot;1380895033&quot;,&quot;copyright&quot;:&quot;&quot;,&quot;focal_length&quot;:&quot;3.85&quot;,&quot;iso&quot;:&quot;125&quot;,&quot;shutter_speed&quot;:&quot;0.00833333333333&quot;,&quot;title&quot;:&quot;&quot;}\" data-image-title=\"IMG_1326b\" data-image-description=\"\" data-image-caption=\"\" data-medium-file=\"https:\/\/i0.wp.com\/pequod.nesodd1.no\/wp-content\/uploads\/2013\/10\/IMG_1326b-e1413709377889.jpg?fit=300%2C251&amp;ssl=1\" data-large-file=\"https:\/\/i0.wp.com\/pequod.nesodd1.no\/wp-content\/uploads\/2013\/10\/IMG_1326b-e1413709377889.jpg?fit=940%2C789&amp;ssl=1\" class=\"alignright size-medium wp-image-416\" src=\"https:\/\/i0.wp.com\/pequod.nesodd1.no\/wp-content\/uploads\/2013\/10\/IMG_1326b-300x251.jpg?resize=300%2C251\" alt=\"IMG_1326b\" width=\"300\" height=\"251\"><\/a><strong>Produsent:<\/strong> Nils Nilsen B\u00e5tbyggeri<br \/>\n<strong>Materiale:<\/strong> Plast<br \/>\n<strong>Farge:<\/strong> Hvit<br \/>\n<strong>Lengde:&nbsp;<\/strong>24 fot \/ 7,32 meter<br \/>\n<strong>Bredde:&nbsp;<\/strong>2,62 meter<br \/>\n<strong>Vekt:&nbsp;<\/strong>1.600 kilo<br \/>\n<strong>Dybde:&nbsp;<\/strong>0,85 meter<br \/>\n<strong>Transporth\u00f8yde: <\/strong>2,50 meter<br \/>\n<strong>H\u00f8yde over vannlinje:&nbsp;<\/strong>1,84 meter<br \/>\n<strong>Motor:&nbsp;<\/strong>Yanmar 3GMD 22,5 HK<br \/>\n<strong>Drivstoff: <\/strong>Diesel<br \/>\n<strong>Drivstofftank:<\/strong> 40 liter<br \/>\n<strong>Vanntank:<\/strong>&nbsp;Ukjent\/Ca. 40 liter<br \/>\n<strong>Septiktank:<\/strong> Nei. Ut-i-sj\u00f8en-toalett&nbsp;<br \/>\n<strong>Varme:<\/strong> Webasto dieselvarmer<br \/>\n<strong>Toppfart:&nbsp;<\/strong>7 knop<br \/>\n<strong>Marsjfart:<\/strong> 5-5,5 knop<br \/>\n<strong>Passasjerer:<\/strong> Godkjent for totalt 11 personer<br \/>\n<strong>Soveplasser:<\/strong> Maks fire-fem i kabinen (med ekstramadrass midt i), en i sofa i cockpit (om sommeren)<br \/>\n<strong>Registreringsnummer: <\/strong>ABO 211<br \/>\n<strong>VHF:<\/strong> Standard Horizon HX870E (b\u00e6rbar)<br \/>\n<strong>VHF kallesignal: <\/strong>LA 3471<br \/>\n<strong>MMSI:<\/strong> 257008590<br \/>\n<strong>Hjemmehavn: <\/strong>Oksval,<strong>&nbsp;<\/strong>Nesodden<br \/>\n<strong>Forsikringsselskap:<\/strong> Tryg f\u00f8rste \u00e5ret, deretter Storebrand<\/p>\n<h3>Rekorder med Bergtatt I:<\/h3>\n<p><strong>Fartsrekorder: <\/strong>8,7 knop utenfor Svelvik i Drammensfjorden i 2014, 8,6 knop i Dr\u00f8baksundet 2015, 8,3 knop under Svinesundbroene i 2017. Alle steder med sv\u00e6rt kraftig str\u00f8m.<br \/>\n<strong>Lengste etappe i ett strekk:&nbsp;<\/strong>Stavern \u2013 T\u00f8nsberg t\u00f8nne \u2013 Tj\u00f8me \u2013 Ormelet \u2013 Slagentangen \u2013 Bast\u00f8y \u2013 Tofte \u2013 Filtvet \u2013 Oscarsborg. Totalt 51,5 nautiske mil.<br \/>\n<strong>Lengst fra hjemmehavn, Norge: <\/strong>Farsund i Agder i august 2018. 229,6 nautiske mil.<br \/>\n<strong>Lengst fra hjemmehavn, Sverige: <\/strong>Bohus<strong>&#8211;<\/strong>Malm\u00f6n s\u00f8r for Kungshamn i august 2017. 111 nautiske mil.<\/p>\n<p><em>(Alle avstander i nautiske mil beregnet etter den ruta jeg faktisk tok, ikke korteste avstand).<\/em><\/p>\n<p><strong>Totalt antall turer:&nbsp;&nbsp;<span style=\"color: #800000;\">511.&nbsp;<\/span><\/strong><br \/>\n(<em><strong>2019:<\/strong> 14, <strong>2018:<\/strong> 100, <strong>2017:<\/strong> 81, <strong>2016<\/strong>: 104, <strong>2015:<\/strong> 57, <strong>2014:<\/strong> 125, <strong>2013<\/strong>: 29)<\/em><\/p>\n<p><strong>Totalt antall overnattinger: <span style=\"color: #800000;\">197.<\/span><\/strong><br \/>\n<i>(<strong>2019: <\/strong>1<strong> &#8211; 2018: <\/strong>79<strong>&nbsp;\u2013 2017:&nbsp;<\/strong>35<strong> \u2013&nbsp;2016:&nbsp;<\/strong>48<strong>&nbsp;\u2013 2015:&nbsp;<\/strong>9<strong>\u2013 2014:&nbsp;<\/strong>17<strong>&nbsp;\u2013 2013:&nbsp;<\/strong>8)<\/i><\/p>\n<h3>Related Images:<\/h3>","protected":false},"excerpt":{"rendered":"<p>Bergtatt II &#8211; i mitt eie fra 25.04.2019 Navn: Bergtatt Type:&nbsp;Plattgatter\/cabincruiser Modell:&nbsp;Tresfjord 29 AC \u00c5rsmodell: 1981 Byggenummer: 7164 Produsent: K. J. Skorgenes B\u00e5tbyggeri AS Materiale: Plast Farge: Hvit Lengde:&nbsp;29 fot \/ 8,84 meter Bredde:&nbsp;2,85 meter Vekt:&nbsp;3,500 kilo Dybde:&nbsp;0,95 meter Transporth\u00f8yde: 4,05 meter H\u00f8yde over vannlinje:&nbsp; 3,05 meter Motor: Nanni&nbsp; 4.340 TDI (130HK\/v2.600 RPM) (2007) Gear:&nbsp;Hurth &hellip;<br \/><a href=\"https:\/\/pequod.nesodd1.no\/?page_id=419\" class=\"more-link pen_element_default pen_icon_arrow_double\">Les<\/a><\/p>\n","protected":false},"author":1,"featured_media":0,"parent":0,"menu_order":0,"comment_status":"open","ping_status":"open","template":"","meta":{"_crdt_document":"","ngg_post_thumbnail":0,"jetpack_post_was_ever_published":false,"footnotes":""},"class_list":["post-419","page","type-page","status-publish","hentry"],"jetpack_shortlink":"https:\/\/wp.me\/P3Zd9b-6L","jetpack_sharing_enabled":true,"jetpack_likes_enabled":true,"jetpack-related-posts":[],"_links":{"self":[{"href":"https:\/\/pequod.nesodd1.no\/index.php?rest_route=\/wp\/v2\/pages\/419","targetHints":{"allow":["GET"]}}],"collection":[{"href":"https:\/\/pequod.nesodd1.no\/index.php?rest_route=\/wp\/v2\/pages"}],"about":[{"href":"https:\/\/pequod.nesodd1.no\/index.php?rest_route=\/wp\/v2\/types\/page"}],"author":[{"embeddable":true,"href":"https:\/\/pequod.nesodd1.no\/index.php?rest_route=\/wp\/v2\/users\/1"}],"replies":[{"embeddable":true,"href":"https:\/\/pequod.nesodd1.no\/index.php?rest_route=%2Fwp%2Fv2%2Fcomments&post=419"}],"version-history":[{"count":111,"href":"https:\/\/pequod.nesodd1.no\/index.php?rest_route=\/wp\/v2\/pages\/419\/revisions"}],"predecessor-version":[{"id":30486,"href":"https:\/\/pequod.nesodd1.no\/index.php?rest_route=\/wp\/v2\/pages\/419\/revisions\/30486"}],"wp:attachment":[{"href":"https:\/\/pequod.nesodd1.no\/index.php?rest_route=%2Fwp%2Fv2%2Fmedia&parent=419"}],"curies":[{"name":"wp","href":"https:\/\/api.w.org\/{rel}","templated":true}]}}