{"id":4356,"date":"2014-08-20T11:44:09","date_gmt":"2014-08-20T09:44:09","guid":{"rendered":"https:\/\/pequod.nesodd1.no\/?page_id=4356"},"modified":"2015-01-08T11:27:37","modified_gmt":"2015-01-08T10:27:37","slug":"overnattingstur-med-jentene-14-168","status":"publish","type":"page","link":"https:\/\/pequod.nesodd1.no\/?page_id=4356","title":{"rendered":"Overnattingstur med jentene 14-16\/8"},"content":{"rendered":"<p>Jentene overnattet i b\u00e5ten for f\u00f8rste gang, og det ga mersmak! F\u00f8rste etappe gikk til Son via landhugg i T\u00e5jebukta p\u00e5 H\u00e5\u00f8ya, andre etappe var en skikkelig rundtur fra Son til Moss via Bast\u00f8y til Horten og retur tilbake til H\u00e5\u00f8ya f\u00f8r grilling og overnatting p\u00e5 Storsand. Deretter siste etappe fra Storsand til Oksval via Steilene og Ildjernet.<\/p>\n\n            <!-- Blueimp gallery -->\n            <div id=\"blueimp-gallery-6550\" class=\"blueimp-gallery blueimp-gallery-controls\">\n                <div class=\"slides\"><\/div>\n                <h3 class=\"title\"><\/h3>\n                <a class=\"prev\">\u2039<\/a>\n                <a class=\"next\">\u203a<\/a>\n                <a class=\"close\">\u00d7<\/a>\n                <a class=\"play-pause\"><\/a>\n                <ol class=\"indicator\"><\/ol>\n                <div class=\"modal fade\">\n                    <div class=\"modal-dialog\">\n                        <div class=\"modal-content\">\n                            <div class=\"modal-header\">\n                                <button type=\"button\" class=\"close\" aria-hidden=\"true\">\u00d7<\/button>\n                                <h4 class=\"modal-title\"><\/h4>\n                            <\/div>\n                            <div class=\"modal-body next\"><\/div>\n                            <div class=\"modal-footer\">\n                                <button type=\"button\" class=\"btn btn-default pull-left prev\">\n                                    <i class=\"glyphicon glyphicon-chevron-left\"><\/i>\n                                    Previous                                <\/button>\n                                <button type=\"button\" class=\"btn btn-primary next\">\n                                    Next                                    <i class=\"glyphicon glyphicon-chevron-right\"><\/i>\n                                <\/button>\n                            <\/div>\n                        <\/div>\n                    <\/div>\n                <\/div>\n            <\/div>\n\n            <script data-jetpack-boost=\"ignore\" type=\"text\/javascript\">\n            jQuery(function() {\n                jQuery.extend(blueimp.Gallery.prototype.options, {\n                    useBootstrapModal: false,\n                    hidePageScrollbars: false,\n                    container: \"#blueimp-gallery-6550\",\n                });\n            });\n            <\/script>\n\n            \n<h3>Related Images:<\/h3>","protected":false},"excerpt":{"rendered":"<p>Jentene overnattet i b\u00e5ten for f\u00f8rste gang, og det ga mersmak! F\u00f8rste etappe gikk til Son via landhugg i T\u00e5jebukta p\u00e5 H\u00e5\u00f8ya, andre etappe var en skikkelig rundtur fra Son til Moss via Bast\u00f8y til Horten og retur tilbake til H\u00e5\u00f8ya f\u00f8r grilling og overnatting p\u00e5 Storsand. Deretter siste etappe fra Storsand til Oksval via &hellip;<br \/><a href=\"https:\/\/pequod.nesodd1.no\/?p=6550\" class=\"more-link pen_element_default pen_icon_arrow_double\">Les<\/a><\/p>\n","protected":false},"author":1,"featured_media":0,"parent":4358,"menu_order":0,"comment_status":"open","ping_status":"open","template":"","meta":{"_crdt_document":"","ngg_post_thumbnail":0,"jetpack_post_was_ever_published":false,"footnotes":""},"class_list":["post-4356","page","type-page","status-publish","hentry"],"jetpack_shortlink":"https:\/\/wp.me\/P3Zd9b-18g","jetpack_sharing_enabled":true,"jetpack_likes_enabled":true,"jetpack-related-posts":[],"_links":{"self":[{"href":"https:\/\/pequod.nesodd1.no\/index.php?rest_route=\/wp\/v2\/pages\/4356","targetHints":{"allow":["GET"]}}],"collection":[{"href":"https:\/\/pequod.nesodd1.no\/index.php?rest_route=\/wp\/v2\/pages"}],"about":[{"href":"https:\/\/pequod.nesodd1.no\/index.php?rest_route=\/wp\/v2\/types\/page"}],"author":[{"embeddable":true,"href":"https:\/\/pequod.nesodd1.no\/index.php?rest_route=\/wp\/v2\/users\/1"}],"replies":[{"embeddable":true,"href":"https:\/\/pequod.nesodd1.no\/index.php?rest_route=%2Fwp%2Fv2%2Fcomments&post=4356"}],"version-history":[{"count":2,"href":"https:\/\/pequod.nesodd1.no\/index.php?rest_route=\/wp\/v2\/pages\/4356\/revisions"}],"predecessor-version":[{"id":6551,"href":"https:\/\/pequod.nesodd1.no\/index.php?rest_route=\/wp\/v2\/pages\/4356\/revisions\/6551"}],"up":[{"embeddable":true,"href":"https:\/\/pequod.nesodd1.no\/index.php?rest_route=\/wp\/v2\/pages\/4358"}],"wp:attachment":[{"href":"https:\/\/pequod.nesodd1.no\/index.php?rest_route=%2Fwp%2Fv2%2Fmedia&parent=4356"}],"curies":[{"name":"wp","href":"https:\/\/api.w.org\/{rel}","templated":true}]}}